{"id":9857,"date":"2020-07-21T09:41:30","date_gmt":"2020-07-21T07:41:30","guid":{"rendered":"https:\/\/www.iskreni.net\/trgovina\/?post_type=product&#038;p=9857"},"modified":"2026-02-06T14:36:22","modified_gmt":"2026-02-06T13:36:22","slug":"kopalna-plenica","status":"publish","type":"product","link":"https:\/\/www.iskreni.net\/trgovina\/product\/kopalna-plenica\/","title":{"rendered":"Kopalna plenica"},"content":{"rendered":"<h4><strong>Opis:<\/strong><\/h4>\n<ul>\n<li>za kopanje v bazenu ali na morju<\/li>\n<li>pleni\u010dka se uporablja samostojno<\/li>\n<li>zapiranje s pritiska\u010di<\/li>\n<li>velikosti: S (3\u20139 kg), L (9\u201315 kg)<\/li>\n<\/ul>\n<h4><strong>Uporaba:<\/strong><\/h4>\n<ul>\n<li>pleni\u010dka se uporablja samostojno<\/li>\n<li>pritiska\u010di omogo\u010dajo preprosto menjavo plenice in zagotavljajo najbolj\u0161e prileganje<\/li>\n<li>mre\u017eica daje dvojno gotovost, da se blato ne bo izmuznilo v vodo<\/li>\n<\/ul>\n<h4><strong>Vzdr\u017eevanje:<\/strong><\/h4>\n<ul>\n<li>ro\u010dno pranje<\/li>\n<li>po kopanju pleni\u010dko splaknemo<\/li>\n<\/ul>\n<h4><strong>Material:<\/strong><\/h4>\n<ul>\n<li>sestava: 80 % poliamid, 20 % elastan<\/li>\n<li>certifikat:\u00a0<a href=\"http:\/\/www.popolini.com\/index.php?id=44&amp;L=2\" target=\"_blank\" rel=\"noopener noreferrer\">Oeko-Tex\u00ae Standard 100, razred 1<\/a><\/li>\n<\/ul>\n<h4><strong>Poreklo:<\/strong><\/h4>\n<ul>\n<li>izdelano v EU<\/li>\n<li>Popolini, BMK GmbH, AT 1230 Wien<\/li>\n<\/ul>\n","protected":false},"excerpt":{"rendered":"<p>Pleni\u010dka za kopanje v bazenu ali na morju<\/p>\n","protected":false},"featured_media":1361,"comment_status":"open","ping_status":"closed","template":"","meta":[],"product_brand":[],"product_cat":[1837,62,69,70,76],"product_tag":[],"avtor":[],"zalozba":[],"vezava":[],"class_list":{"0":"post-9857","1":"product","2":"type-product","3":"status-publish","4":"has-post-thumbnail","6":"product_cat-akcija-in-odprodaja","7":"product_cat-za-najmlajse","8":"product_cat-dodatki","9":"product_cat-brez-plenic","10":"product_cat-kopalne-plenice","11":"pa_velikost-l","12":"pa_velikost-s","14":"first","15":"instock","16":"sale","17":"taxable","18":"shipping-taxable","19":"purchasable","20":"product-type-variable"},"yoast_head":"<!-- This site is optimized with the Yoast SEO plugin v26.3 - https:\/\/yoast.com\/wordpress\/plugins\/seo\/ -->\n<title>Kopalna plenica za najmlaj\u0161e - trgovina Iskreni<\/title>\n<meta name=\"description\" content=\"Kopalna pleni\u010dka za kopanje v bazenu ali morju ima v\u0161ito mre\u017eico, ki zagotovi, da se blato ne bo izmuznilo v vodo. Zapira se s pritiska\u010di in se uporablja samostojno.\" \/>\n<meta name=\"robots\" content=\"index, follow, max-snippet:-1, max-image-preview:large, max-video-preview:-1\" \/>\n<link rel=\"canonical\" href=\"https:\/\/www.iskreni.net\/trgovina\/product\/kopalna-plenica\/\" \/>\n<meta property=\"og:locale\" content=\"sl_SI\" \/>\n<meta property=\"og:type\" content=\"article\" \/>\n<meta property=\"og:title\" content=\"Kopalna plenica za najmlaj\u0161e - trgovina Iskreni\" \/>\n<meta property=\"og:description\" content=\"Kopalna pleni\u010dka za kopanje v bazenu ali morju ima v\u0161ito mre\u017eico, ki zagotovi, da se blato ne bo izmuznilo v vodo. Zapira se s pritiska\u010di in se uporablja samostojno.\" \/>\n<meta property=\"og:url\" content=\"https:\/\/www.iskreni.net\/trgovina\/product\/kopalna-plenica\/\" \/>\n<meta property=\"og:site_name\" content=\"Zavod Iskreni\" \/>\n<meta property=\"article:modified_time\" content=\"2026-02-06T13:36:22+00:00\" \/>\n<meta property=\"og:image\" content=\"https:\/\/www.iskreni.net\/trgovina\/wp-content\/uploads\/2016\/11\/kopal-sadje.jpeg\" \/>\n\t<meta property=\"og:image:width\" content=\"493\" \/>\n\t<meta property=\"og:image:height\" content=\"370\" \/>\n\t<meta property=\"og:image:type\" content=\"image\/jpeg\" \/>\n<meta name=\"twitter:card\" content=\"summary_large_image\" \/>\n<meta name=\"twitter:label1\" content=\"Est. reading time\" \/>\n\t<meta name=\"twitter:data1\" content=\"1 minuta\" \/>\n<script type=\"application\/ld+json\" class=\"yoast-schema-graph\">{\"@context\":\"https:\/\/schema.org\",\"@graph\":[{\"@type\":\"WebPage\",\"@id\":\"https:\/\/www.iskreni.net\/trgovina\/product\/kopalna-plenica\/\",\"url\":\"https:\/\/www.iskreni.net\/trgovina\/product\/kopalna-plenica\/\",\"name\":\"Kopalna plenica za najmlaj\u0161e - trgovina Iskreni\",\"isPartOf\":{\"@id\":\"https:\/\/www.iskreni.net\/trgovina\/#website\"},\"primaryImageOfPage\":{\"@id\":\"https:\/\/www.iskreni.net\/trgovina\/product\/kopalna-plenica\/#primaryimage\"},\"image\":{\"@id\":\"https:\/\/www.iskreni.net\/trgovina\/product\/kopalna-plenica\/#primaryimage\"},\"thumbnailUrl\":\"https:\/\/www.iskreni.net\/trgovina\/wp-content\/uploads\/2016\/11\/kopal-sadje.jpeg\",\"datePublished\":\"2020-07-21T07:41:30+00:00\",\"dateModified\":\"2026-02-06T13:36:22+00:00\",\"description\":\"Kopalna pleni\u010dka za kopanje v bazenu ali morju ima v\u0161ito mre\u017eico, ki zagotovi, da se blato ne bo izmuznilo v vodo. Zapira se s pritiska\u010di in se uporablja samostojno.\",\"breadcrumb\":{\"@id\":\"https:\/\/www.iskreni.net\/trgovina\/product\/kopalna-plenica\/#breadcrumb\"},\"inLanguage\":\"sl-SI\",\"potentialAction\":[{\"@type\":\"ReadAction\",\"target\":[\"https:\/\/www.iskreni.net\/trgovina\/product\/kopalna-plenica\/\"]}]},{\"@type\":\"ImageObject\",\"inLanguage\":\"sl-SI\",\"@id\":\"https:\/\/www.iskreni.net\/trgovina\/product\/kopalna-plenica\/#primaryimage\",\"url\":\"https:\/\/www.iskreni.net\/trgovina\/wp-content\/uploads\/2016\/11\/kopal-sadje.jpeg\",\"contentUrl\":\"https:\/\/www.iskreni.net\/trgovina\/wp-content\/uploads\/2016\/11\/kopal-sadje.jpeg\",\"width\":493,\"height\":370},{\"@type\":\"BreadcrumbList\",\"@id\":\"https:\/\/www.iskreni.net\/trgovina\/product\/kopalna-plenica\/#breadcrumb\",\"itemListElement\":[{\"@type\":\"ListItem\",\"position\":1,\"name\":\"Home\",\"item\":\"https:\/\/www.iskreni.net\/trgovina\/\"},{\"@type\":\"ListItem\",\"position\":2,\"name\":\"Trgovina\",\"item\":\"https:\/\/www.iskreni.net\/trgovina\/trgovina\/\"},{\"@type\":\"ListItem\",\"position\":3,\"name\":\"Kopalna plenica\"}]},{\"@type\":\"WebSite\",\"@id\":\"https:\/\/www.iskreni.net\/trgovina\/#website\",\"url\":\"https:\/\/www.iskreni.net\/trgovina\/\",\"name\":\"Zavod Iskreni\",\"description\":\"trgovina\",\"potentialAction\":[{\"@type\":\"SearchAction\",\"target\":{\"@type\":\"EntryPoint\",\"urlTemplate\":\"https:\/\/www.iskreni.net\/trgovina\/?s={search_term_string}\"},\"query-input\":{\"@type\":\"PropertyValueSpecification\",\"valueRequired\":true,\"valueName\":\"search_term_string\"}}],\"inLanguage\":\"sl-SI\"}]}<\/script>\n<!-- \/ Yoast SEO plugin. -->","yoast_head_json":{"title":"Kopalna plenica za najmlaj\u0161e - trgovina Iskreni","description":"Kopalna pleni\u010dka za kopanje v bazenu ali morju ima v\u0161ito mre\u017eico, ki zagotovi, da se blato ne bo izmuznilo v vodo. Zapira se s pritiska\u010di in se uporablja samostojno.","robots":{"index":"index","follow":"follow","max-snippet":"max-snippet:-1","max-image-preview":"max-image-preview:large","max-video-preview":"max-video-preview:-1"},"canonical":"https:\/\/www.iskreni.net\/trgovina\/product\/kopalna-plenica\/","og_locale":"sl_SI","og_type":"article","og_title":"Kopalna plenica za najmlaj\u0161e - trgovina Iskreni","og_description":"Kopalna pleni\u010dka za kopanje v bazenu ali morju ima v\u0161ito mre\u017eico, ki zagotovi, da se blato ne bo izmuznilo v vodo. Zapira se s pritiska\u010di in se uporablja samostojno.","og_url":"https:\/\/www.iskreni.net\/trgovina\/product\/kopalna-plenica\/","og_site_name":"Zavod Iskreni","article_modified_time":"2026-02-06T13:36:22+00:00","og_image":[{"width":493,"height":370,"url":"https:\/\/www.iskreni.net\/trgovina\/wp-content\/uploads\/2016\/11\/kopal-sadje.jpeg","type":"image\/jpeg"}],"twitter_card":"summary_large_image","twitter_misc":{"Est. reading time":"1 minuta"},"schema":{"@context":"https:\/\/schema.org","@graph":[{"@type":"WebPage","@id":"https:\/\/www.iskreni.net\/trgovina\/product\/kopalna-plenica\/","url":"https:\/\/www.iskreni.net\/trgovina\/product\/kopalna-plenica\/","name":"Kopalna plenica za najmlaj\u0161e - trgovina Iskreni","isPartOf":{"@id":"https:\/\/www.iskreni.net\/trgovina\/#website"},"primaryImageOfPage":{"@id":"https:\/\/www.iskreni.net\/trgovina\/product\/kopalna-plenica\/#primaryimage"},"image":{"@id":"https:\/\/www.iskreni.net\/trgovina\/product\/kopalna-plenica\/#primaryimage"},"thumbnailUrl":"https:\/\/www.iskreni.net\/trgovina\/wp-content\/uploads\/2016\/11\/kopal-sadje.jpeg","datePublished":"2020-07-21T07:41:30+00:00","dateModified":"2026-02-06T13:36:22+00:00","description":"Kopalna pleni\u010dka za kopanje v bazenu ali morju ima v\u0161ito mre\u017eico, ki zagotovi, da se blato ne bo izmuznilo v vodo. Zapira se s pritiska\u010di in se uporablja samostojno.","breadcrumb":{"@id":"https:\/\/www.iskreni.net\/trgovina\/product\/kopalna-plenica\/#breadcrumb"},"inLanguage":"sl-SI","potentialAction":[{"@type":"ReadAction","target":["https:\/\/www.iskreni.net\/trgovina\/product\/kopalna-plenica\/"]}]},{"@type":"ImageObject","inLanguage":"sl-SI","@id":"https:\/\/www.iskreni.net\/trgovina\/product\/kopalna-plenica\/#primaryimage","url":"https:\/\/www.iskreni.net\/trgovina\/wp-content\/uploads\/2016\/11\/kopal-sadje.jpeg","contentUrl":"https:\/\/www.iskreni.net\/trgovina\/wp-content\/uploads\/2016\/11\/kopal-sadje.jpeg","width":493,"height":370},{"@type":"BreadcrumbList","@id":"https:\/\/www.iskreni.net\/trgovina\/product\/kopalna-plenica\/#breadcrumb","itemListElement":[{"@type":"ListItem","position":1,"name":"Home","item":"https:\/\/www.iskreni.net\/trgovina\/"},{"@type":"ListItem","position":2,"name":"Trgovina","item":"https:\/\/www.iskreni.net\/trgovina\/trgovina\/"},{"@type":"ListItem","position":3,"name":"Kopalna plenica"}]},{"@type":"WebSite","@id":"https:\/\/www.iskreni.net\/trgovina\/#website","url":"https:\/\/www.iskreni.net\/trgovina\/","name":"Zavod Iskreni","description":"trgovina","potentialAction":[{"@type":"SearchAction","target":{"@type":"EntryPoint","urlTemplate":"https:\/\/www.iskreni.net\/trgovina\/?s={search_term_string}"},"query-input":{"@type":"PropertyValueSpecification","valueRequired":true,"valueName":"search_term_string"}}],"inLanguage":"sl-SI"}]}},"_links":{"self":[{"href":"https:\/\/www.iskreni.net\/trgovina\/wp-json\/wp\/v2\/product\/9857","targetHints":{"allow":["GET"]}}],"collection":[{"href":"https:\/\/www.iskreni.net\/trgovina\/wp-json\/wp\/v2\/product"}],"about":[{"href":"https:\/\/www.iskreni.net\/trgovina\/wp-json\/wp\/v2\/types\/product"}],"replies":[{"embeddable":true,"href":"https:\/\/www.iskreni.net\/trgovina\/wp-json\/wp\/v2\/comments?post=9857"}],"version-history":[{"count":1,"href":"https:\/\/www.iskreni.net\/trgovina\/wp-json\/wp\/v2\/product\/9857\/revisions"}],"predecessor-version":[{"id":62262,"href":"https:\/\/www.iskreni.net\/trgovina\/wp-json\/wp\/v2\/product\/9857\/revisions\/62262"}],"wp:featuredmedia":[{"embeddable":true,"href":"https:\/\/www.iskreni.net\/trgovina\/wp-json\/wp\/v2\/media\/1361"}],"wp:attachment":[{"href":"https:\/\/www.iskreni.net\/trgovina\/wp-json\/wp\/v2\/media?parent=9857"}],"wp:term":[{"taxonomy":"product_brand","embeddable":true,"href":"https:\/\/www.iskreni.net\/trgovina\/wp-json\/wp\/v2\/product_brand?post=9857"},{"taxonomy":"product_cat","embeddable":true,"href":"https:\/\/www.iskreni.net\/trgovina\/wp-json\/wp\/v2\/product_cat?post=9857"},{"taxonomy":"product_tag","embeddable":true,"href":"https:\/\/www.iskreni.net\/trgovina\/wp-json\/wp\/v2\/product_tag?post=9857"},{"taxonomy":"avtor","embeddable":true,"href":"https:\/\/www.iskreni.net\/trgovina\/wp-json\/wp\/v2\/avtor?post=9857"},{"taxonomy":"zalozba","embeddable":true,"href":"https:\/\/www.iskreni.net\/trgovina\/wp-json\/wp\/v2\/zalozba?post=9857"},{"taxonomy":"vezava","embeddable":true,"href":"https:\/\/www.iskreni.net\/trgovina\/wp-json\/wp\/v2\/vezava?post=9857"}],"curies":[{"name":"wp","href":"https:\/\/api.w.org\/{rel}","templated":true}]}}