{"id":9443,"date":"2020-07-09T10:55:51","date_gmt":"2020-07-09T08:55:51","guid":{"rendered":"https:\/\/www.iskreni.net\/trgovina\/?post_type=product&#038;p=9443"},"modified":"2024-01-18T15:09:37","modified_gmt":"2024-01-18T14:09:37","slug":"preustvarjena","status":"publish","type":"product","link":"https:\/\/www.iskreni.net\/trgovina\/product\/preustvarjena\/","title":{"rendered":"Preustvarjena"},"content":{"rendered":"<h4>O knjigi Preustvarjena:<\/h4>\n<p>Preustvarjena je resni\u010dna osebna zgodba Patricie Sandoval, ene najve\u010djih zagovornic \u017eivljenja, ki s svojimi pri\u010devanji nagovarja mno\u017eice ljudi v Severni in Ju\u017eni Ameriki in Evropi. Potem ko je na<br \/>\nduhovnih vajah Rahelin vinograd prejela celovito notranje ozdravljenje po treh splavih, storjenih v mladosti, je svojim trem nerojenim otrokom obljubila, da bo odslej glas tistih, ki nimajo glasu.<\/p>\n<p>Glas nerojenim daje tudi s tem, da v knjigi Preustvarjena opi\u0161e svojo neverjetno \u017eivljenjsko zgodbo: zgodbo o razpadli dru\u017eini, destruktivnih zvezah, treh splavih, zaposlitvi na abortivni kliniki,<br \/>\nodvisnosti od drog, \u017eivljenju na ulici \u2026 In zgodbo o Njem, ki v trenutku, ko je popolnoma na dnu, vidno pose\u017ee v tok njenega \u017eivljenja in ga obrne v drugo smer. Po\u010dasi, po ovinkih grehov in upora,<br \/>\npo katerih Patricia hodi kljub spoznanju Boga, ji je podarjeno resni\u010dno novo \u017eivljenje in poslanstvo svetovnega dosega.<\/p>\n<p>Poleg sporo\u010dila o ljubezni in usmiljenju, ki ga knjiga prina\u0161a, se ob branju soo\u010damo tudi s srce parajo\u010do resni\u010dnostjo o pokvarjenosti sodobnega sveta in do konca izkrivljenem dojemanju<br \/>\nvrednosti \u010dlove\u0161kega \u017eivljenja. Dolo\u010dena dejstva, ki se navezujejo na Patriciino zgodbo je mogo\u010de tudi preveriti: na koncu vsakega poglavja stanje dru\u017ebe in pomembne la\u017ei na\u0161ega \u010dasa ponazarjajo<br \/>\ndobro raziskani statisti\u010dni podatki, podkrepljeni z navedbami virov.<\/p>\n<p>&nbsp;<\/p>\n<h4>Odlomek iz knjige:<\/h4>\n<p><em>Patriciina zgodba ni \u0161e ena pripoved o nekom, ki je bil ozdravljen zasvojenosti z drogami. Tudi ni to \u0161e ena zgodba\u00a0o zapu\u0161\u010denosti, nezdravih razmerjih in zlorabljeni spolnosti. Prav tako ne gre za pri\u010devanje o zdravljenju po splavu ali \u0161e eno obto\u017eujo\u010de poro\u010dilo o organizaciji Planned Parenthood in abortivni industriji.\u00a0<\/em><\/p>\n<p><em>To je navsezadnje zgodba o njem, ki deluje v ozadju: Bogu. Medtem ko se spotikamo in si povzro\u010damo rane, hrepeni po tem,da bi nas pobral, v svojem naro\u010dju odnesel domov, nam s solzami v o\u010deh odpustil, ozdravil na\u0161e ranjeno srce, nas oblekel v svoj sijaj in nas postavil pred druge, da bi ga tudi oni lahko iskali in ugotovili, da je od nekdaj tu.\u00a0(Christine Watkins, Uvod)<\/em><\/p>\n<p>&nbsp;<\/p>\n<h4>Drugi o knjigi:<\/h4>\n<p>\u00bbOdli\u010dna knjiga! A \u0161e ve\u010d kot to. Je zgodba o odre\u0161enju v dana\u0161njem \u010dasu, je resni\u010dno in iskreno potovanje, tako osebno, globoko, berljivo, vznemirljivo, pretresljivo in na trenutke tudi grozljivo, nepojmljivo in na koncu &#8230; ganljivo do solz. To je zgodba, v kateri bo vsak na\u0161el del sebe \u2013 ali za sebe.\u00ab Katarina Nzobandora, Zavod \u017dIV!M, vodja Rahelinega vinograda Slovenija<\/p>\n<p>\u00bbPri\u010devanje Patricie Sandoval me je ganilo do solz in prebudilo hvale\u017enost Bogu, ki zmore ozdraviti na\u0161e najgloblje rane.\u00ab p. Toma\u017e Miku\u0161, DJ, duhovni asistent programa Rahelin vinograd v Sloveniji<\/p>\n<p>&nbsp;<\/p>\n<p><a href=\"https:\/\/www.iskreni.net\/trgovina\/wp-content\/uploads\/2020\/07\/Preustvarjena_odlomek.pdf\">Prelistajte knjigo&gt;&gt;<\/a><\/p>\n<p>&nbsp;<\/p>\n","protected":false},"excerpt":{"rendered":"<p><strong>Prevod:<\/strong> Jelka Bre\u0161\u010dak<br \/>\n<strong>\u0160tevilo strani:<\/strong> 320<br \/>\n<strong>Leto izdaje:<\/strong> 2020<\/p>\n<p>Preustvarjena je navdihujo\u010da zgodba Patricie Sandoval, svetovno znane zagovornice \u017eivljenja, ki s svojimi pri\u010devanji nagovarja na milijone ljudi po ZDA, Latinski Ameriki in Evropi.<\/p>\n<p><a href=\"https:\/\/www.iskreni.net\/trgovina\/wp-content\/uploads\/2020\/07\/Preustvarjena_odlomek.pdf\">Prelistajte knjigo&gt;&gt;<\/a><\/p>\n","protected":false},"featured_media":9446,"comment_status":"open","ping_status":"closed","template":"","meta":[],"product_brand":[],"product_cat":[2324,63],"product_tag":[758,809],"avtor":[2719,2720],"zalozba":[2335],"vezava":[2307],"class_list":{"0":"post-9443","1":"product","2":"type-product","3":"status-publish","4":"has-post-thumbnail","6":"product_cat-duhovnost-in-osebna-rast","7":"product_cat-knjige","8":"product_tag-pricevanje","9":"product_tag-splav","10":"avtor-christine-watkins","11":"avtor-patricia-sandoval","12":"zalozba-zalozba-emanuel","13":"vezava-mehka","15":"first","16":"instock","17":"taxable","18":"shipping-taxable","19":"purchasable","20":"product-type-simple"},"yoast_head":"<!-- This site is optimized with the Yoast SEO plugin v26.3 - https:\/\/yoast.com\/wordpress\/plugins\/seo\/ -->\n<title>Preustvarjena - trgovina iskreni.net<\/title>\n<meta name=\"description\" content=\"Preustvarjena je navdihujo\u010da zgodba Patricie Sandoval, svetovno znane zagovornice \u017eivljenja, ki s svojimi pri\u010devanji nagovarja na milijone ljudi po svetu.\" \/>\n<meta name=\"robots\" content=\"index, follow, max-snippet:-1, max-image-preview:large, max-video-preview:-1\" \/>\n<link rel=\"canonical\" href=\"https:\/\/www.iskreni.net\/trgovina\/product\/preustvarjena\/\" \/>\n<meta property=\"og:locale\" content=\"sl_SI\" \/>\n<meta property=\"og:type\" content=\"article\" \/>\n<meta property=\"og:title\" content=\"Preustvarjena - trgovina iskreni.net\" \/>\n<meta property=\"og:description\" content=\"Preustvarjena je navdihujo\u010da zgodba Patricie Sandoval, svetovno znane zagovornice \u017eivljenja, ki s svojimi pri\u010devanji nagovarja na milijone ljudi po svetu.\" \/>\n<meta property=\"og:url\" content=\"https:\/\/www.iskreni.net\/trgovina\/product\/preustvarjena\/\" \/>\n<meta property=\"og:site_name\" content=\"Zavod Iskreni\" \/>\n<meta property=\"article:modified_time\" content=\"2024-01-18T14:09:37+00:00\" \/>\n<meta property=\"og:image\" content=\"https:\/\/www.iskreni.net\/trgovina\/wp-content\/uploads\/2020\/07\/Preustvarjena1.jpg\" \/>\n\t<meta property=\"og:image:width\" content=\"827\" \/>\n\t<meta property=\"og:image:height\" content=\"827\" \/>\n\t<meta property=\"og:image:type\" content=\"image\/jpeg\" \/>\n<meta name=\"twitter:card\" content=\"summary_large_image\" \/>\n<meta name=\"twitter:label1\" content=\"Est. reading time\" \/>\n\t<meta name=\"twitter:data1\" content=\"3 minute\" \/>\n<script type=\"application\/ld+json\" class=\"yoast-schema-graph\">{\"@context\":\"https:\/\/schema.org\",\"@graph\":[{\"@type\":\"WebPage\",\"@id\":\"https:\/\/www.iskreni.net\/trgovina\/product\/preustvarjena\/\",\"url\":\"https:\/\/www.iskreni.net\/trgovina\/product\/preustvarjena\/\",\"name\":\"Preustvarjena - trgovina iskreni.net\",\"isPartOf\":{\"@id\":\"https:\/\/www.iskreni.net\/trgovina\/#website\"},\"primaryImageOfPage\":{\"@id\":\"https:\/\/www.iskreni.net\/trgovina\/product\/preustvarjena\/#primaryimage\"},\"image\":{\"@id\":\"https:\/\/www.iskreni.net\/trgovina\/product\/preustvarjena\/#primaryimage\"},\"thumbnailUrl\":\"https:\/\/www.iskreni.net\/trgovina\/wp-content\/uploads\/2020\/07\/Preustvarjena1.jpg\",\"datePublished\":\"2020-07-09T08:55:51+00:00\",\"dateModified\":\"2024-01-18T14:09:37+00:00\",\"description\":\"Preustvarjena je navdihujo\u010da zgodba Patricie Sandoval, svetovno znane zagovornice \u017eivljenja, ki s svojimi pri\u010devanji nagovarja na milijone ljudi po svetu.\",\"breadcrumb\":{\"@id\":\"https:\/\/www.iskreni.net\/trgovina\/product\/preustvarjena\/#breadcrumb\"},\"inLanguage\":\"sl-SI\",\"potentialAction\":[{\"@type\":\"ReadAction\",\"target\":[\"https:\/\/www.iskreni.net\/trgovina\/product\/preustvarjena\/\"]}]},{\"@type\":\"ImageObject\",\"inLanguage\":\"sl-SI\",\"@id\":\"https:\/\/www.iskreni.net\/trgovina\/product\/preustvarjena\/#primaryimage\",\"url\":\"https:\/\/www.iskreni.net\/trgovina\/wp-content\/uploads\/2020\/07\/Preustvarjena1.jpg\",\"contentUrl\":\"https:\/\/www.iskreni.net\/trgovina\/wp-content\/uploads\/2020\/07\/Preustvarjena1.jpg\",\"width\":827,\"height\":827},{\"@type\":\"BreadcrumbList\",\"@id\":\"https:\/\/www.iskreni.net\/trgovina\/product\/preustvarjena\/#breadcrumb\",\"itemListElement\":[{\"@type\":\"ListItem\",\"position\":1,\"name\":\"Home\",\"item\":\"https:\/\/www.iskreni.net\/trgovina\/\"},{\"@type\":\"ListItem\",\"position\":2,\"name\":\"Trgovina\",\"item\":\"https:\/\/www.iskreni.net\/trgovina\/trgovina\/\"},{\"@type\":\"ListItem\",\"position\":3,\"name\":\"Preustvarjena\"}]},{\"@type\":\"WebSite\",\"@id\":\"https:\/\/www.iskreni.net\/trgovina\/#website\",\"url\":\"https:\/\/www.iskreni.net\/trgovina\/\",\"name\":\"Zavod Iskreni\",\"description\":\"trgovina\",\"potentialAction\":[{\"@type\":\"SearchAction\",\"target\":{\"@type\":\"EntryPoint\",\"urlTemplate\":\"https:\/\/www.iskreni.net\/trgovina\/?s={search_term_string}\"},\"query-input\":{\"@type\":\"PropertyValueSpecification\",\"valueRequired\":true,\"valueName\":\"search_term_string\"}}],\"inLanguage\":\"sl-SI\"}]}<\/script>\n<!-- \/ Yoast SEO plugin. -->","yoast_head_json":{"title":"Preustvarjena - trgovina iskreni.net","description":"Preustvarjena je navdihujo\u010da zgodba Patricie Sandoval, svetovno znane zagovornice \u017eivljenja, ki s svojimi pri\u010devanji nagovarja na milijone ljudi po svetu.","robots":{"index":"index","follow":"follow","max-snippet":"max-snippet:-1","max-image-preview":"max-image-preview:large","max-video-preview":"max-video-preview:-1"},"canonical":"https:\/\/www.iskreni.net\/trgovina\/product\/preustvarjena\/","og_locale":"sl_SI","og_type":"article","og_title":"Preustvarjena - trgovina iskreni.net","og_description":"Preustvarjena je navdihujo\u010da zgodba Patricie Sandoval, svetovno znane zagovornice \u017eivljenja, ki s svojimi pri\u010devanji nagovarja na milijone ljudi po svetu.","og_url":"https:\/\/www.iskreni.net\/trgovina\/product\/preustvarjena\/","og_site_name":"Zavod Iskreni","article_modified_time":"2024-01-18T14:09:37+00:00","og_image":[{"width":827,"height":827,"url":"https:\/\/www.iskreni.net\/trgovina\/wp-content\/uploads\/2020\/07\/Preustvarjena1.jpg","type":"image\/jpeg"}],"twitter_card":"summary_large_image","twitter_misc":{"Est. reading time":"3 minute"},"schema":{"@context":"https:\/\/schema.org","@graph":[{"@type":"WebPage","@id":"https:\/\/www.iskreni.net\/trgovina\/product\/preustvarjena\/","url":"https:\/\/www.iskreni.net\/trgovina\/product\/preustvarjena\/","name":"Preustvarjena - trgovina iskreni.net","isPartOf":{"@id":"https:\/\/www.iskreni.net\/trgovina\/#website"},"primaryImageOfPage":{"@id":"https:\/\/www.iskreni.net\/trgovina\/product\/preustvarjena\/#primaryimage"},"image":{"@id":"https:\/\/www.iskreni.net\/trgovina\/product\/preustvarjena\/#primaryimage"},"thumbnailUrl":"https:\/\/www.iskreni.net\/trgovina\/wp-content\/uploads\/2020\/07\/Preustvarjena1.jpg","datePublished":"2020-07-09T08:55:51+00:00","dateModified":"2024-01-18T14:09:37+00:00","description":"Preustvarjena je navdihujo\u010da zgodba Patricie Sandoval, svetovno znane zagovornice \u017eivljenja, ki s svojimi pri\u010devanji nagovarja na milijone ljudi po svetu.","breadcrumb":{"@id":"https:\/\/www.iskreni.net\/trgovina\/product\/preustvarjena\/#breadcrumb"},"inLanguage":"sl-SI","potentialAction":[{"@type":"ReadAction","target":["https:\/\/www.iskreni.net\/trgovina\/product\/preustvarjena\/"]}]},{"@type":"ImageObject","inLanguage":"sl-SI","@id":"https:\/\/www.iskreni.net\/trgovina\/product\/preustvarjena\/#primaryimage","url":"https:\/\/www.iskreni.net\/trgovina\/wp-content\/uploads\/2020\/07\/Preustvarjena1.jpg","contentUrl":"https:\/\/www.iskreni.net\/trgovina\/wp-content\/uploads\/2020\/07\/Preustvarjena1.jpg","width":827,"height":827},{"@type":"BreadcrumbList","@id":"https:\/\/www.iskreni.net\/trgovina\/product\/preustvarjena\/#breadcrumb","itemListElement":[{"@type":"ListItem","position":1,"name":"Home","item":"https:\/\/www.iskreni.net\/trgovina\/"},{"@type":"ListItem","position":2,"name":"Trgovina","item":"https:\/\/www.iskreni.net\/trgovina\/trgovina\/"},{"@type":"ListItem","position":3,"name":"Preustvarjena"}]},{"@type":"WebSite","@id":"https:\/\/www.iskreni.net\/trgovina\/#website","url":"https:\/\/www.iskreni.net\/trgovina\/","name":"Zavod Iskreni","description":"trgovina","potentialAction":[{"@type":"SearchAction","target":{"@type":"EntryPoint","urlTemplate":"https:\/\/www.iskreni.net\/trgovina\/?s={search_term_string}"},"query-input":{"@type":"PropertyValueSpecification","valueRequired":true,"valueName":"search_term_string"}}],"inLanguage":"sl-SI"}]}},"_links":{"self":[{"href":"https:\/\/www.iskreni.net\/trgovina\/wp-json\/wp\/v2\/product\/9443","targetHints":{"allow":["GET"]}}],"collection":[{"href":"https:\/\/www.iskreni.net\/trgovina\/wp-json\/wp\/v2\/product"}],"about":[{"href":"https:\/\/www.iskreni.net\/trgovina\/wp-json\/wp\/v2\/types\/product"}],"replies":[{"embeddable":true,"href":"https:\/\/www.iskreni.net\/trgovina\/wp-json\/wp\/v2\/comments?post=9443"}],"version-history":[{"count":3,"href":"https:\/\/www.iskreni.net\/trgovina\/wp-json\/wp\/v2\/product\/9443\/revisions"}],"predecessor-version":[{"id":72763,"href":"https:\/\/www.iskreni.net\/trgovina\/wp-json\/wp\/v2\/product\/9443\/revisions\/72763"}],"wp:featuredmedia":[{"embeddable":true,"href":"https:\/\/www.iskreni.net\/trgovina\/wp-json\/wp\/v2\/media\/9446"}],"wp:attachment":[{"href":"https:\/\/www.iskreni.net\/trgovina\/wp-json\/wp\/v2\/media?parent=9443"}],"wp:term":[{"taxonomy":"product_brand","embeddable":true,"href":"https:\/\/www.iskreni.net\/trgovina\/wp-json\/wp\/v2\/product_brand?post=9443"},{"taxonomy":"product_cat","embeddable":true,"href":"https:\/\/www.iskreni.net\/trgovina\/wp-json\/wp\/v2\/product_cat?post=9443"},{"taxonomy":"product_tag","embeddable":true,"href":"https:\/\/www.iskreni.net\/trgovina\/wp-json\/wp\/v2\/product_tag?post=9443"},{"taxonomy":"avtor","embeddable":true,"href":"https:\/\/www.iskreni.net\/trgovina\/wp-json\/wp\/v2\/avtor?post=9443"},{"taxonomy":"zalozba","embeddable":true,"href":"https:\/\/www.iskreni.net\/trgovina\/wp-json\/wp\/v2\/zalozba?post=9443"},{"taxonomy":"vezava","embeddable":true,"href":"https:\/\/www.iskreni.net\/trgovina\/wp-json\/wp\/v2\/vezava?post=9443"}],"curies":[{"name":"wp","href":"https:\/\/api.w.org\/{rel}","templated":true}]}}