{"id":92914,"date":"2026-05-08T10:00:42","date_gmt":"2026-05-08T08:00:42","guid":{"rendered":"https:\/\/www.iskreni.net\/trgovina\/?post_type=product&#038;p=92914"},"modified":"2026-05-08T10:10:45","modified_gmt":"2026-05-08T08:10:45","slug":"srce-in-razum-v-soli","status":"publish","type":"product","link":"https:\/\/www.iskreni.net\/trgovina\/product\/srce-in-razum-v-soli\/","title":{"rendered":"Srce in razum v \u0161oli"},"content":{"rendered":"<h4>O knjigi:<\/h4>\n<div>\n<p>U\u010diteljem spodbuda, star\u0161em zaupanje, otrokom pa krila<\/p>\n<p>Iskrena in izku\u0161enjska pripoved u\u010ditelja ter ravnatelja zdru\u017euje \u010dlove\u0161ko toplino s profesionalno odgovornostjo. Prizadeva si za \u0161olo, v kateri ima vsak dijak svojo vrednost, vsaka \u0161ibkost potencial za rast in vsak u\u010ditelj odgovornost, da vodi z zgledom, empatijo in strokovnostjo. To je knjiga, ki bo u\u010diteljem prilila olja na ogenj pedago\u0161kega erosa, star\u0161em vrnila vero v sistem, otrokom pa dala krila za vsa podro\u010dja njihovega \u017eivljenja.<\/p>\n<p>Avtor zelo pristno predstavi \u0161olo kot skupnost odnosov, v katerih nas morata skozi sistemsko ureditev in objektivne zahteve voditi predvsem empatija in ob\u010dutek za so\u010dloveka. Konkretni primeri dobre prakse v knjigi bodo dragoceno vodilo tako mladim kot izku\u0161enim pedagogom. Osebni uvidi iz razli\u010dnih realnih primerov namre\u010d povezujejo razum (strokovnost, strukturo, na\u010drtovanje), srce (empatijo, povezanost, vklju\u010denost) in roke oziroma podjetnost (konkretne projekte in \u00bbizdelke\u00ab) v smiselno celoto. Posebna mo\u010d knjige je v njenem avtenti\u010dnem tonu, saj ne gre za teoreti\u010dno razpravo, temve\u010d za resni\u010dne dogodke in zelo raz\u0161irjene pedago\u0161ke izzive. V \u010dasu, ko \u0161ola pogosto postaja preve\u010d administrativna in abstraktna, ta knjiga ponuja smiselno alternativo: \u0161ola naj postane prostor odnosov, rasti, ustvarjanja in upanja.<\/p>\n<\/div>\n<p>&nbsp;<\/p>\n<p><strong>Odlomek iz knjige:<\/strong><\/p>\n<p>Knjiga Srce in razum v \u0161oli je edinstven pedago\u0161ki priro\u010dnik, ki zdru\u017euje osebno izku\u0161njo, eti\u010dno refleksijo in prakti\u010dne napotke. Ob konkretnih primerih iz \u0161olskega vsakdana razvija osebno filozofijo vzgoje in se poistoveti z mnogimi vrhunskimi pedagogi, npr. Pestalozzijem. Njegovo paradigmo \u00bbglava \u2013 srce \u2013 roke\u00ab Vrabi\u010d ubesedi kot \u00bbrazum \u2013 srce \u2013 podjetnost\u00ab. Ob znanju in ustvarjalnem razmi\u0161ljanju ter \u010dute\u010dem \u010dloveku z visoko eti\u010dno zavestjo \u0161ola po njegovem razumevanju potrebuje tudi prostor konkretnega delovanja in ustvarjanja. Tisto, kar je Pestalozzi poimenoval \u00bbroke\u00ab (u\u010dencem omogo\u010diti, da delajo konkretne stvari, da vidijo rezultat svoje aktivnosti) Vrabi\u010d v sodobni \u0161olski praksi poimenuje kot \u00bbpodjetnost\u00ab. Preko dejavnosti se u\u010denci u\u010dijo znanje uporabiti v konkretnem ustvarjanju, kar prina\u0161a poglobljeno razumevanje u\u010dne snovi in veselje, ki postane vir nove motivacije za u\u010denje.<br \/>\nIz spremne besede dr. Silva \u0160inkovca<\/p>\n<p>Z vidika sodobnih didakti\u010dnih pristopov je posebej dragoceno njegovo poudarjanje aktivne vloge dijakov v u\u010dnem procesu ob zavedanju in spo\u0161tovanju njihovih individualnih razlik, spodbujanje njihove vedo\u017eeljnosti, osebnega napredka, graditve osebne izpolnjenosti. V primerih prepoznavamo pomen inovativnosti, spodbujanja podjetnosti v povezavi z lokalnim in \u0161ir\u0161im okoljem, interdisciplinarnosti, ustrezno fleksibilnost didakti\u010dnih pristopov, pri katerih prevladujejo timsko sodelovanje, problemska zasnovanost pouka, avtenti\u010dno u\u010denje, kakovosten dialog. Nenehno poudarja pomen izkustvenega u\u010denja in iskanja virov motivacije za u\u010denje in uresni\u010devanje potencialov dijakov ali zaposlenih pri doseganju najbolj optimalnih rezultatov.<br \/>\nIz spremne besede dr. Jane Kalin<\/p>\n<div>\n<p><strong>O avtorju:<\/strong><\/p>\n<\/div>\n<div>\n<p>Mag. Albin Vrabi\u010d (1955, Velenje) je po diplomi iz strojni\u0161tva magistriral iz mened\u017ementa neprofitnih organizacij. Leta 1978 se je zaposlil v Termoelektrarni \u0160o\u0161tanj. Od leta 1979 do upokojitve 2019 je bil na \u0160olskem centru Velenje u\u010ditelj mehanike, vodja posebnih oblik\u00a0 izobra\u017eevanja odraslih in 25 let ravnatelj strojne, rudarske in\u00a0 okoljevarstvene \u0161ole. Med drugim je bil vi\u0161ji svetovalec na Centru Republike Slovenije za poklicno izobra\u017eevanje ter sodelavec na \u0160oli za ravnatelje. Za svoje poklicno in strokovno delo je prejel \u0161tevilne nagrade in priznanja, med drugimi Slom\u0161kovo priznanje in nagrado Republike Slovenije za \u017eivljenjsko delo na podro\u010dju srednjega \u0161olstva.<\/p>\n<\/div>\n","protected":false},"excerpt":{"rendered":"<p><strong>Leto izdaje<\/strong>: 2026<br \/>\n<strong>\u0160tevilo strani: <\/strong>256<br \/>\n<strong>Format:<\/strong> 150 x 230 mm<\/p>\n<p>&nbsp;<\/p>\n","protected":false},"featured_media":92916,"comment_status":"open","ping_status":"closed","template":"","meta":[],"product_brand":[],"product_cat":[2327,63],"product_tag":[],"avtor":[3254],"zalozba":[2337],"vezava":[2307],"class_list":{"0":"post-92914","1":"product","2":"type-product","3":"status-publish","4":"has-post-thumbnail","6":"product_cat-prirocniki-in-vodniki","7":"product_cat-knjige","8":"avtor-albin-vrabic","9":"zalozba-celjska-mohorjeva-druzba","10":"vezava-mehka","12":"first","13":"onbackorder","14":"taxable","15":"shipping-taxable","16":"purchasable","17":"product-type-simple"},"yoast_head":"<!-- This site is optimized with the Yoast SEO plugin v26.3 - https:\/\/yoast.com\/wordpress\/plugins\/seo\/ -->\n<title>Srce in razum v \u0161oli<\/title>\n<meta name=\"description\" content=\"Knjiga Srce in razum v \u0161oli je edinstven pedago\u0161ki priro\u010dnik, ki zdru\u017euje osebno izku\u0161njo, eti\u010dno refleksijo in prakti\u010dne napotke.\" \/>\n<meta name=\"robots\" content=\"index, follow, max-snippet:-1, max-image-preview:large, max-video-preview:-1\" \/>\n<link rel=\"canonical\" href=\"https:\/\/www.iskreni.net\/trgovina\/product\/srce-in-razum-v-soli\/\" \/>\n<meta property=\"og:locale\" content=\"sl_SI\" \/>\n<meta property=\"og:type\" content=\"article\" \/>\n<meta property=\"og:title\" content=\"Srce in razum v \u0161oli\" \/>\n<meta property=\"og:description\" content=\"Knjiga Srce in razum v \u0161oli je edinstven pedago\u0161ki priro\u010dnik, ki zdru\u017euje osebno izku\u0161njo, eti\u010dno refleksijo in prakti\u010dne napotke.\" \/>\n<meta property=\"og:url\" content=\"https:\/\/www.iskreni.net\/trgovina\/product\/srce-in-razum-v-soli\/\" \/>\n<meta property=\"og:site_name\" content=\"Zavod Iskreni\" \/>\n<meta property=\"article:modified_time\" content=\"2026-05-08T08:10:45+00:00\" \/>\n<meta property=\"og:image\" content=\"https:\/\/www.iskreni.net\/trgovina\/wp-content\/uploads\/2026\/05\/Slike-za-v-spletno-trgovino-2026-05-08T100220.134.jpg\" \/>\n\t<meta property=\"og:image:width\" content=\"600\" \/>\n\t<meta property=\"og:image:height\" content=\"600\" \/>\n\t<meta property=\"og:image:type\" content=\"image\/jpeg\" \/>\n<meta name=\"twitter:card\" content=\"summary_large_image\" \/>\n<meta name=\"twitter:label1\" content=\"Est. reading time\" \/>\n\t<meta name=\"twitter:data1\" content=\"4 minute\" \/>\n<script type=\"application\/ld+json\" class=\"yoast-schema-graph\">{\"@context\":\"https:\/\/schema.org\",\"@graph\":[{\"@type\":\"WebPage\",\"@id\":\"https:\/\/www.iskreni.net\/trgovina\/product\/srce-in-razum-v-soli\/\",\"url\":\"https:\/\/www.iskreni.net\/trgovina\/product\/srce-in-razum-v-soli\/\",\"name\":\"Srce in razum v \u0161oli\",\"isPartOf\":{\"@id\":\"https:\/\/www.iskreni.net\/trgovina\/#website\"},\"primaryImageOfPage\":{\"@id\":\"https:\/\/www.iskreni.net\/trgovina\/product\/srce-in-razum-v-soli\/#primaryimage\"},\"image\":{\"@id\":\"https:\/\/www.iskreni.net\/trgovina\/product\/srce-in-razum-v-soli\/#primaryimage\"},\"thumbnailUrl\":\"https:\/\/www.iskreni.net\/trgovina\/wp-content\/uploads\/2026\/05\/Slike-za-v-spletno-trgovino-2026-05-08T100220.134.jpg\",\"datePublished\":\"2026-05-08T08:00:42+00:00\",\"dateModified\":\"2026-05-08T08:10:45+00:00\",\"description\":\"Knjiga Srce in razum v \u0161oli je edinstven pedago\u0161ki priro\u010dnik, ki zdru\u017euje osebno izku\u0161njo, eti\u010dno refleksijo in prakti\u010dne napotke.\",\"breadcrumb\":{\"@id\":\"https:\/\/www.iskreni.net\/trgovina\/product\/srce-in-razum-v-soli\/#breadcrumb\"},\"inLanguage\":\"sl-SI\",\"potentialAction\":[{\"@type\":\"ReadAction\",\"target\":[\"https:\/\/www.iskreni.net\/trgovina\/product\/srce-in-razum-v-soli\/\"]}]},{\"@type\":\"ImageObject\",\"inLanguage\":\"sl-SI\",\"@id\":\"https:\/\/www.iskreni.net\/trgovina\/product\/srce-in-razum-v-soli\/#primaryimage\",\"url\":\"https:\/\/www.iskreni.net\/trgovina\/wp-content\/uploads\/2026\/05\/Slike-za-v-spletno-trgovino-2026-05-08T100220.134.jpg\",\"contentUrl\":\"https:\/\/www.iskreni.net\/trgovina\/wp-content\/uploads\/2026\/05\/Slike-za-v-spletno-trgovino-2026-05-08T100220.134.jpg\",\"width\":600,\"height\":600},{\"@type\":\"BreadcrumbList\",\"@id\":\"https:\/\/www.iskreni.net\/trgovina\/product\/srce-in-razum-v-soli\/#breadcrumb\",\"itemListElement\":[{\"@type\":\"ListItem\",\"position\":1,\"name\":\"Home\",\"item\":\"https:\/\/www.iskreni.net\/trgovina\/\"},{\"@type\":\"ListItem\",\"position\":2,\"name\":\"Trgovina\",\"item\":\"https:\/\/www.iskreni.net\/trgovina\/trgovina\/\"},{\"@type\":\"ListItem\",\"position\":3,\"name\":\"Srce in razum v \u0161oli\"}]},{\"@type\":\"WebSite\",\"@id\":\"https:\/\/www.iskreni.net\/trgovina\/#website\",\"url\":\"https:\/\/www.iskreni.net\/trgovina\/\",\"name\":\"Zavod Iskreni\",\"description\":\"trgovina\",\"potentialAction\":[{\"@type\":\"SearchAction\",\"target\":{\"@type\":\"EntryPoint\",\"urlTemplate\":\"https:\/\/www.iskreni.net\/trgovina\/?s={search_term_string}\"},\"query-input\":{\"@type\":\"PropertyValueSpecification\",\"valueRequired\":true,\"valueName\":\"search_term_string\"}}],\"inLanguage\":\"sl-SI\"}]}<\/script>\n<!-- \/ Yoast SEO plugin. -->","yoast_head_json":{"title":"Srce in razum v \u0161oli","description":"Knjiga Srce in razum v \u0161oli je edinstven pedago\u0161ki priro\u010dnik, ki zdru\u017euje osebno izku\u0161njo, eti\u010dno refleksijo in prakti\u010dne napotke.","robots":{"index":"index","follow":"follow","max-snippet":"max-snippet:-1","max-image-preview":"max-image-preview:large","max-video-preview":"max-video-preview:-1"},"canonical":"https:\/\/www.iskreni.net\/trgovina\/product\/srce-in-razum-v-soli\/","og_locale":"sl_SI","og_type":"article","og_title":"Srce in razum v \u0161oli","og_description":"Knjiga Srce in razum v \u0161oli je edinstven pedago\u0161ki priro\u010dnik, ki zdru\u017euje osebno izku\u0161njo, eti\u010dno refleksijo in prakti\u010dne napotke.","og_url":"https:\/\/www.iskreni.net\/trgovina\/product\/srce-in-razum-v-soli\/","og_site_name":"Zavod Iskreni","article_modified_time":"2026-05-08T08:10:45+00:00","og_image":[{"width":600,"height":600,"url":"https:\/\/www.iskreni.net\/trgovina\/wp-content\/uploads\/2026\/05\/Slike-za-v-spletno-trgovino-2026-05-08T100220.134.jpg","type":"image\/jpeg"}],"twitter_card":"summary_large_image","twitter_misc":{"Est. reading time":"4 minute"},"schema":{"@context":"https:\/\/schema.org","@graph":[{"@type":"WebPage","@id":"https:\/\/www.iskreni.net\/trgovina\/product\/srce-in-razum-v-soli\/","url":"https:\/\/www.iskreni.net\/trgovina\/product\/srce-in-razum-v-soli\/","name":"Srce in razum v \u0161oli","isPartOf":{"@id":"https:\/\/www.iskreni.net\/trgovina\/#website"},"primaryImageOfPage":{"@id":"https:\/\/www.iskreni.net\/trgovina\/product\/srce-in-razum-v-soli\/#primaryimage"},"image":{"@id":"https:\/\/www.iskreni.net\/trgovina\/product\/srce-in-razum-v-soli\/#primaryimage"},"thumbnailUrl":"https:\/\/www.iskreni.net\/trgovina\/wp-content\/uploads\/2026\/05\/Slike-za-v-spletno-trgovino-2026-05-08T100220.134.jpg","datePublished":"2026-05-08T08:00:42+00:00","dateModified":"2026-05-08T08:10:45+00:00","description":"Knjiga Srce in razum v \u0161oli je edinstven pedago\u0161ki priro\u010dnik, ki zdru\u017euje osebno izku\u0161njo, eti\u010dno refleksijo in prakti\u010dne napotke.","breadcrumb":{"@id":"https:\/\/www.iskreni.net\/trgovina\/product\/srce-in-razum-v-soli\/#breadcrumb"},"inLanguage":"sl-SI","potentialAction":[{"@type":"ReadAction","target":["https:\/\/www.iskreni.net\/trgovina\/product\/srce-in-razum-v-soli\/"]}]},{"@type":"ImageObject","inLanguage":"sl-SI","@id":"https:\/\/www.iskreni.net\/trgovina\/product\/srce-in-razum-v-soli\/#primaryimage","url":"https:\/\/www.iskreni.net\/trgovina\/wp-content\/uploads\/2026\/05\/Slike-za-v-spletno-trgovino-2026-05-08T100220.134.jpg","contentUrl":"https:\/\/www.iskreni.net\/trgovina\/wp-content\/uploads\/2026\/05\/Slike-za-v-spletno-trgovino-2026-05-08T100220.134.jpg","width":600,"height":600},{"@type":"BreadcrumbList","@id":"https:\/\/www.iskreni.net\/trgovina\/product\/srce-in-razum-v-soli\/#breadcrumb","itemListElement":[{"@type":"ListItem","position":1,"name":"Home","item":"https:\/\/www.iskreni.net\/trgovina\/"},{"@type":"ListItem","position":2,"name":"Trgovina","item":"https:\/\/www.iskreni.net\/trgovina\/trgovina\/"},{"@type":"ListItem","position":3,"name":"Srce in razum v \u0161oli"}]},{"@type":"WebSite","@id":"https:\/\/www.iskreni.net\/trgovina\/#website","url":"https:\/\/www.iskreni.net\/trgovina\/","name":"Zavod Iskreni","description":"trgovina","potentialAction":[{"@type":"SearchAction","target":{"@type":"EntryPoint","urlTemplate":"https:\/\/www.iskreni.net\/trgovina\/?s={search_term_string}"},"query-input":{"@type":"PropertyValueSpecification","valueRequired":true,"valueName":"search_term_string"}}],"inLanguage":"sl-SI"}]}},"_links":{"self":[{"href":"https:\/\/www.iskreni.net\/trgovina\/wp-json\/wp\/v2\/product\/92914","targetHints":{"allow":["GET"]}}],"collection":[{"href":"https:\/\/www.iskreni.net\/trgovina\/wp-json\/wp\/v2\/product"}],"about":[{"href":"https:\/\/www.iskreni.net\/trgovina\/wp-json\/wp\/v2\/types\/product"}],"replies":[{"embeddable":true,"href":"https:\/\/www.iskreni.net\/trgovina\/wp-json\/wp\/v2\/comments?post=92914"}],"version-history":[{"count":2,"href":"https:\/\/www.iskreni.net\/trgovina\/wp-json\/wp\/v2\/product\/92914\/revisions"}],"predecessor-version":[{"id":92918,"href":"https:\/\/www.iskreni.net\/trgovina\/wp-json\/wp\/v2\/product\/92914\/revisions\/92918"}],"wp:featuredmedia":[{"embeddable":true,"href":"https:\/\/www.iskreni.net\/trgovina\/wp-json\/wp\/v2\/media\/92916"}],"wp:attachment":[{"href":"https:\/\/www.iskreni.net\/trgovina\/wp-json\/wp\/v2\/media?parent=92914"}],"wp:term":[{"taxonomy":"product_brand","embeddable":true,"href":"https:\/\/www.iskreni.net\/trgovina\/wp-json\/wp\/v2\/product_brand?post=92914"},{"taxonomy":"product_cat","embeddable":true,"href":"https:\/\/www.iskreni.net\/trgovina\/wp-json\/wp\/v2\/product_cat?post=92914"},{"taxonomy":"product_tag","embeddable":true,"href":"https:\/\/www.iskreni.net\/trgovina\/wp-json\/wp\/v2\/product_tag?post=92914"},{"taxonomy":"avtor","embeddable":true,"href":"https:\/\/www.iskreni.net\/trgovina\/wp-json\/wp\/v2\/avtor?post=92914"},{"taxonomy":"zalozba","embeddable":true,"href":"https:\/\/www.iskreni.net\/trgovina\/wp-json\/wp\/v2\/zalozba?post=92914"},{"taxonomy":"vezava","embeddable":true,"href":"https:\/\/www.iskreni.net\/trgovina\/wp-json\/wp\/v2\/vezava?post=92914"}],"curies":[{"name":"wp","href":"https:\/\/api.w.org\/{rel}","templated":true}]}}