{"id":92908,"date":"2026-05-08T09:41:56","date_gmt":"2026-05-08T07:41:56","guid":{"rendered":"https:\/\/www.iskreni.net\/trgovina\/?post_type=product&#038;p=92908"},"modified":"2026-05-08T09:52:52","modified_gmt":"2026-05-08T07:52:52","slug":"kaksna-neverjetna-zgodba-minimoni","status":"publish","type":"product","link":"https:\/\/www.iskreni.net\/trgovina\/product\/kaksna-neverjetna-zgodba-minimoni\/","title":{"rendered":"Kak\u0161na neverjetna zgodba, Minimoni!"},"content":{"rendered":"<h4>O knjigi:<\/h4>\n<div>\n<p>Kako uprizoriti zgodbo o vitezu Juriju, ki premaga krvolo\u010dnega zmaja?<br \/>\nMinimoni in njeni prijatelji imajo nalogo: za \u0161olsko predstavo morajo uprizoriti staro ljudsko pripovedko \u2013 tisto, v kateri pogumni vitez re\u0161i\u00a0 nemo\u010dno princeso pred stra\u0161nim zmajem. Ampak \u2026 samo trenutek! Kaj\u00a0 pa, \u010de bi zgodbo raje spremenili? Ali naj jo pustijo tak\u0161no, kot je? Minimoni in njena dru\u0161\u010dina imajo svoje mnenje \u2026<\/p>\n<p>Slikanica je preplet legende o svetem Juriju in sodobne zgodbe mladih prijateljev. Vitez Jurij je pred davnimi \u010dasi premagal krvolo\u010dnega zmaja,\u00a0 ki je vsak dan \u017eelel eno \u017ertev \u2013 najprej glavo \u017eivine, nato pa mlado dekle\u00a0 \u2013, da je pote\u0161il svojo lakoto.<br \/>\nKo je bila za \u017ertev izbrana kraljeva h\u010di, je kralj obljubil, da jo bo dal\u00a0 tistemu v zakon, ki se bo upal boriti z zmajem in re\u0161il princeso. Prihitel je pogumni vitez Jurij, ki je uspel pokon\u010dati ogromnega zmaja in tako re\u0161il princeso. To ljudsko pripovedko mora mlada dru\u0161\u010dina uprizoriti za\u00a0 \u0161olsko predstavo. Pri tem se spra\u0161ujejo, kako naj uprizorijo tako\u00a0 stra\u0161ljivo zgodbo in ali naj jo prilagodijo. Razmi\u0161ljajo, da gre za zgodbo,\u00a0 ki se je zgodila pred mnogimi leti, ko je bilo \u017eivljenje druga\u010dno od dana\u0161njega. Zato spoznajo, da so klasi\u010dna besedila najpristnej\u0161a v svoji\u00a0 izvirni obliki in jih ne gre spreminjati, temve\u010d jih je treba razumeti v lu\u010di takratnega \u010dasa in \u017eivljenja.<\/p>\n<p>&nbsp;<\/p>\n<p><strong>O avtorici:<\/strong><\/p>\n<\/div>\n<div>\n<p>Rocio Bonilla je diplomirala iz likovne umetnosti. Od leta 2010 se ukvarja z ustvarjanjem stenskih poslikav in ilustracijo. Ilustrirala je \u017ee kakih trideset slikanic. Obenem je tudi avtorica priljubljenih otro\u0161kih\u00a0 knjig, kot so \u010cuden pti\u010d, Najvi\u0161ja gora knjig na svetu, Maks in\u00a0 superjunaki, Kak\u0161ne barve je poljub\u010dek?, ki jih je tudi ilustrirala. Za\u00a0 slikanico Kak\u0161ne barve je poljub\u010dek? je prejela nagrado \u0161panskega\u00a0 ministrstva za izobra\u017eevanje in kulturo. \u0160tevilne njene knjige so bile\u00a0 prevedene v druge jezike, da jih lahko berejo tudi bralci v drugih\u00a0 dr\u017eavah. Ve\u010d o ilustratorki na www.rociobonilla.com<\/p>\n<\/div>\n","protected":false},"excerpt":{"rendered":"<p><strong>Leto izdaje<\/strong>: 2026<br \/>\n<strong>\u0160tevilo strani: <\/strong>32<br \/>\n<strong>Format:<\/strong> 256 x 326 mm<\/p>\n<p>&nbsp;<\/p>\n","protected":false},"featured_media":92910,"comment_status":"open","ping_status":"closed","template":"","meta":[],"product_brand":[],"product_cat":[63,135],"product_tag":[],"avtor":[2561],"zalozba":[2337],"vezava":[2306],"class_list":{"0":"post-92908","1":"product","2":"type-product","3":"status-publish","4":"has-post-thumbnail","6":"product_cat-knjige","7":"product_cat-za-otroke","8":"avtor-rocio-bonilla","9":"zalozba-celjska-mohorjeva-druzba","10":"vezava-trda","12":"first","13":"onbackorder","14":"taxable","15":"shipping-taxable","16":"purchasable","17":"product-type-simple"},"yoast_head":"<!-- This site is optimized with the Yoast SEO plugin v26.3 - https:\/\/yoast.com\/wordpress\/plugins\/seo\/ -->\n<title>Kak\u0161na neverjetna zgodba, Minimoni!<\/title>\n<meta name=\"description\" content=\"Slikanica je preplet legende o svetem Juriju in sodobne zgodbe mladih prijateljev.\" \/>\n<meta name=\"robots\" content=\"index, follow, max-snippet:-1, max-image-preview:large, max-video-preview:-1\" \/>\n<link rel=\"canonical\" href=\"https:\/\/www.iskreni.net\/trgovina\/product\/kaksna-neverjetna-zgodba-minimoni\/\" \/>\n<meta property=\"og:locale\" content=\"sl_SI\" \/>\n<meta property=\"og:type\" content=\"article\" \/>\n<meta property=\"og:title\" content=\"Kak\u0161na neverjetna zgodba, Minimoni!\" \/>\n<meta property=\"og:description\" content=\"Slikanica je preplet legende o svetem Juriju in sodobne zgodbe mladih prijateljev.\" \/>\n<meta property=\"og:url\" content=\"https:\/\/www.iskreni.net\/trgovina\/product\/kaksna-neverjetna-zgodba-minimoni\/\" \/>\n<meta property=\"og:site_name\" content=\"Zavod Iskreni\" \/>\n<meta property=\"article:modified_time\" content=\"2026-05-08T07:52:52+00:00\" \/>\n<meta property=\"og:image\" content=\"https:\/\/www.iskreni.net\/trgovina\/wp-content\/uploads\/2026\/05\/Slike-za-v-spletno-trgovino-2026-05-08T094145.106.jpg\" \/>\n\t<meta property=\"og:image:width\" content=\"600\" \/>\n\t<meta property=\"og:image:height\" content=\"600\" \/>\n\t<meta property=\"og:image:type\" content=\"image\/jpeg\" \/>\n<meta name=\"twitter:card\" content=\"summary_large_image\" \/>\n<meta name=\"twitter:label1\" content=\"Est. reading time\" \/>\n\t<meta name=\"twitter:data1\" content=\"2 minuti\" \/>\n<script type=\"application\/ld+json\" class=\"yoast-schema-graph\">{\"@context\":\"https:\/\/schema.org\",\"@graph\":[{\"@type\":\"WebPage\",\"@id\":\"https:\/\/www.iskreni.net\/trgovina\/product\/kaksna-neverjetna-zgodba-minimoni\/\",\"url\":\"https:\/\/www.iskreni.net\/trgovina\/product\/kaksna-neverjetna-zgodba-minimoni\/\",\"name\":\"Kak\u0161na neverjetna zgodba, Minimoni!\",\"isPartOf\":{\"@id\":\"https:\/\/www.iskreni.net\/trgovina\/#website\"},\"primaryImageOfPage\":{\"@id\":\"https:\/\/www.iskreni.net\/trgovina\/product\/kaksna-neverjetna-zgodba-minimoni\/#primaryimage\"},\"image\":{\"@id\":\"https:\/\/www.iskreni.net\/trgovina\/product\/kaksna-neverjetna-zgodba-minimoni\/#primaryimage\"},\"thumbnailUrl\":\"https:\/\/www.iskreni.net\/trgovina\/wp-content\/uploads\/2026\/05\/Slike-za-v-spletno-trgovino-2026-05-08T094145.106.jpg\",\"datePublished\":\"2026-05-08T07:41:56+00:00\",\"dateModified\":\"2026-05-08T07:52:52+00:00\",\"description\":\"Slikanica je preplet legende o svetem Juriju in sodobne zgodbe mladih prijateljev.\",\"breadcrumb\":{\"@id\":\"https:\/\/www.iskreni.net\/trgovina\/product\/kaksna-neverjetna-zgodba-minimoni\/#breadcrumb\"},\"inLanguage\":\"sl-SI\",\"potentialAction\":[{\"@type\":\"ReadAction\",\"target\":[\"https:\/\/www.iskreni.net\/trgovina\/product\/kaksna-neverjetna-zgodba-minimoni\/\"]}]},{\"@type\":\"ImageObject\",\"inLanguage\":\"sl-SI\",\"@id\":\"https:\/\/www.iskreni.net\/trgovina\/product\/kaksna-neverjetna-zgodba-minimoni\/#primaryimage\",\"url\":\"https:\/\/www.iskreni.net\/trgovina\/wp-content\/uploads\/2026\/05\/Slike-za-v-spletno-trgovino-2026-05-08T094145.106.jpg\",\"contentUrl\":\"https:\/\/www.iskreni.net\/trgovina\/wp-content\/uploads\/2026\/05\/Slike-za-v-spletno-trgovino-2026-05-08T094145.106.jpg\",\"width\":600,\"height\":600},{\"@type\":\"BreadcrumbList\",\"@id\":\"https:\/\/www.iskreni.net\/trgovina\/product\/kaksna-neverjetna-zgodba-minimoni\/#breadcrumb\",\"itemListElement\":[{\"@type\":\"ListItem\",\"position\":1,\"name\":\"Home\",\"item\":\"https:\/\/www.iskreni.net\/trgovina\/\"},{\"@type\":\"ListItem\",\"position\":2,\"name\":\"Trgovina\",\"item\":\"https:\/\/www.iskreni.net\/trgovina\/trgovina\/\"},{\"@type\":\"ListItem\",\"position\":3,\"name\":\"Kak\u0161na neverjetna zgodba, Minimoni!\"}]},{\"@type\":\"WebSite\",\"@id\":\"https:\/\/www.iskreni.net\/trgovina\/#website\",\"url\":\"https:\/\/www.iskreni.net\/trgovina\/\",\"name\":\"Zavod Iskreni\",\"description\":\"trgovina\",\"potentialAction\":[{\"@type\":\"SearchAction\",\"target\":{\"@type\":\"EntryPoint\",\"urlTemplate\":\"https:\/\/www.iskreni.net\/trgovina\/?s={search_term_string}\"},\"query-input\":{\"@type\":\"PropertyValueSpecification\",\"valueRequired\":true,\"valueName\":\"search_term_string\"}}],\"inLanguage\":\"sl-SI\"}]}<\/script>\n<!-- \/ Yoast SEO plugin. -->","yoast_head_json":{"title":"Kak\u0161na neverjetna zgodba, Minimoni!","description":"Slikanica je preplet legende o svetem Juriju in sodobne zgodbe mladih prijateljev.","robots":{"index":"index","follow":"follow","max-snippet":"max-snippet:-1","max-image-preview":"max-image-preview:large","max-video-preview":"max-video-preview:-1"},"canonical":"https:\/\/www.iskreni.net\/trgovina\/product\/kaksna-neverjetna-zgodba-minimoni\/","og_locale":"sl_SI","og_type":"article","og_title":"Kak\u0161na neverjetna zgodba, Minimoni!","og_description":"Slikanica je preplet legende o svetem Juriju in sodobne zgodbe mladih prijateljev.","og_url":"https:\/\/www.iskreni.net\/trgovina\/product\/kaksna-neverjetna-zgodba-minimoni\/","og_site_name":"Zavod Iskreni","article_modified_time":"2026-05-08T07:52:52+00:00","og_image":[{"width":600,"height":600,"url":"https:\/\/www.iskreni.net\/trgovina\/wp-content\/uploads\/2026\/05\/Slike-za-v-spletno-trgovino-2026-05-08T094145.106.jpg","type":"image\/jpeg"}],"twitter_card":"summary_large_image","twitter_misc":{"Est. reading time":"2 minuti"},"schema":{"@context":"https:\/\/schema.org","@graph":[{"@type":"WebPage","@id":"https:\/\/www.iskreni.net\/trgovina\/product\/kaksna-neverjetna-zgodba-minimoni\/","url":"https:\/\/www.iskreni.net\/trgovina\/product\/kaksna-neverjetna-zgodba-minimoni\/","name":"Kak\u0161na neverjetna zgodba, Minimoni!","isPartOf":{"@id":"https:\/\/www.iskreni.net\/trgovina\/#website"},"primaryImageOfPage":{"@id":"https:\/\/www.iskreni.net\/trgovina\/product\/kaksna-neverjetna-zgodba-minimoni\/#primaryimage"},"image":{"@id":"https:\/\/www.iskreni.net\/trgovina\/product\/kaksna-neverjetna-zgodba-minimoni\/#primaryimage"},"thumbnailUrl":"https:\/\/www.iskreni.net\/trgovina\/wp-content\/uploads\/2026\/05\/Slike-za-v-spletno-trgovino-2026-05-08T094145.106.jpg","datePublished":"2026-05-08T07:41:56+00:00","dateModified":"2026-05-08T07:52:52+00:00","description":"Slikanica je preplet legende o svetem Juriju in sodobne zgodbe mladih prijateljev.","breadcrumb":{"@id":"https:\/\/www.iskreni.net\/trgovina\/product\/kaksna-neverjetna-zgodba-minimoni\/#breadcrumb"},"inLanguage":"sl-SI","potentialAction":[{"@type":"ReadAction","target":["https:\/\/www.iskreni.net\/trgovina\/product\/kaksna-neverjetna-zgodba-minimoni\/"]}]},{"@type":"ImageObject","inLanguage":"sl-SI","@id":"https:\/\/www.iskreni.net\/trgovina\/product\/kaksna-neverjetna-zgodba-minimoni\/#primaryimage","url":"https:\/\/www.iskreni.net\/trgovina\/wp-content\/uploads\/2026\/05\/Slike-za-v-spletno-trgovino-2026-05-08T094145.106.jpg","contentUrl":"https:\/\/www.iskreni.net\/trgovina\/wp-content\/uploads\/2026\/05\/Slike-za-v-spletno-trgovino-2026-05-08T094145.106.jpg","width":600,"height":600},{"@type":"BreadcrumbList","@id":"https:\/\/www.iskreni.net\/trgovina\/product\/kaksna-neverjetna-zgodba-minimoni\/#breadcrumb","itemListElement":[{"@type":"ListItem","position":1,"name":"Home","item":"https:\/\/www.iskreni.net\/trgovina\/"},{"@type":"ListItem","position":2,"name":"Trgovina","item":"https:\/\/www.iskreni.net\/trgovina\/trgovina\/"},{"@type":"ListItem","position":3,"name":"Kak\u0161na neverjetna zgodba, Minimoni!"}]},{"@type":"WebSite","@id":"https:\/\/www.iskreni.net\/trgovina\/#website","url":"https:\/\/www.iskreni.net\/trgovina\/","name":"Zavod Iskreni","description":"trgovina","potentialAction":[{"@type":"SearchAction","target":{"@type":"EntryPoint","urlTemplate":"https:\/\/www.iskreni.net\/trgovina\/?s={search_term_string}"},"query-input":{"@type":"PropertyValueSpecification","valueRequired":true,"valueName":"search_term_string"}}],"inLanguage":"sl-SI"}]}},"_links":{"self":[{"href":"https:\/\/www.iskreni.net\/trgovina\/wp-json\/wp\/v2\/product\/92908","targetHints":{"allow":["GET"]}}],"collection":[{"href":"https:\/\/www.iskreni.net\/trgovina\/wp-json\/wp\/v2\/product"}],"about":[{"href":"https:\/\/www.iskreni.net\/trgovina\/wp-json\/wp\/v2\/types\/product"}],"replies":[{"embeddable":true,"href":"https:\/\/www.iskreni.net\/trgovina\/wp-json\/wp\/v2\/comments?post=92908"}],"version-history":[{"count":2,"href":"https:\/\/www.iskreni.net\/trgovina\/wp-json\/wp\/v2\/product\/92908\/revisions"}],"predecessor-version":[{"id":92913,"href":"https:\/\/www.iskreni.net\/trgovina\/wp-json\/wp\/v2\/product\/92908\/revisions\/92913"}],"wp:featuredmedia":[{"embeddable":true,"href":"https:\/\/www.iskreni.net\/trgovina\/wp-json\/wp\/v2\/media\/92910"}],"wp:attachment":[{"href":"https:\/\/www.iskreni.net\/trgovina\/wp-json\/wp\/v2\/media?parent=92908"}],"wp:term":[{"taxonomy":"product_brand","embeddable":true,"href":"https:\/\/www.iskreni.net\/trgovina\/wp-json\/wp\/v2\/product_brand?post=92908"},{"taxonomy":"product_cat","embeddable":true,"href":"https:\/\/www.iskreni.net\/trgovina\/wp-json\/wp\/v2\/product_cat?post=92908"},{"taxonomy":"product_tag","embeddable":true,"href":"https:\/\/www.iskreni.net\/trgovina\/wp-json\/wp\/v2\/product_tag?post=92908"},{"taxonomy":"avtor","embeddable":true,"href":"https:\/\/www.iskreni.net\/trgovina\/wp-json\/wp\/v2\/avtor?post=92908"},{"taxonomy":"zalozba","embeddable":true,"href":"https:\/\/www.iskreni.net\/trgovina\/wp-json\/wp\/v2\/zalozba?post=92908"},{"taxonomy":"vezava","embeddable":true,"href":"https:\/\/www.iskreni.net\/trgovina\/wp-json\/wp\/v2\/vezava?post=92908"}],"curies":[{"name":"wp","href":"https:\/\/api.w.org\/{rel}","templated":true}]}}