{"id":92893,"date":"2026-05-08T08:50:25","date_gmt":"2026-05-08T06:50:25","guid":{"rendered":"https:\/\/www.iskreni.net\/trgovina\/?post_type=product&#038;p=92893"},"modified":"2026-05-08T09:13:26","modified_gmt":"2026-05-08T07:13:26","slug":"druzina-in-smisel","status":"publish","type":"product","link":"https:\/\/www.iskreni.net\/trgovina\/product\/druzina-in-smisel\/","title":{"rendered":"Dru\u017eina in smisel"},"content":{"rendered":"<h4>O knjigi:<\/h4>\n<div>\n<p>Dru\u017eina kot najbolj smiselna naloga posameznika in dru\u017ebe<\/p>\n<p>V sloven\u0161\u010dini je Elisabeth Lukas doslej izdala petnajst naslovov. Dru\u017eina in smisel je med njimi posebnost, saj gre za njeno izvirno slovensko knjigo. V njej je zbrala svoja najbolj aktualna spoznanja o dru\u017eini z vidika smisla, ki so bila raztresena po njenih drugih delih.<\/p>\n<p>Knjiga je iz\u0161la leta 1993 kot uvod v mednarodno leto dru\u017eine, na znanstvenem simpoziju leto pozneje je v Ljubljani poleg Elisabeth Lukas predaval tudi Viktor E. Frankl. Izku\u0161nje pri\u010dajo, da vsebina knjige ni danes ni\u010d manj aktualna kot pred tremi desetletji. Dana\u0161nji podatki o du\u0161evnih motnjah, te\u017eavah v odnosih, osamljenosti in brezsmiselnosti \u0161e bolj kot takrat ka\u017eejo, da so lepo dru\u017einsko so\u017eitje in zdravi odnosi v njem med najve\u010djimi vrednotami, ki omogo\u010dajo optimalen razvoj posameznika in skupnosti.<\/p>\n<\/div>\n<p>&nbsp;<\/p>\n<p><strong>Odlomek iz knjige:<\/strong><\/p>\n<p>Dru\u017eino imenujemo zarodna celica vsega \u010dlove\u0161kega \u017eivljenja, vendar je dru\u017eina ve\u010d kot to, je kratko malo<br \/>\nsredi\u0161\u010de \u017eivljenja. \u0160e nikdar doslej, v nobenem prej\u0161njem obdobju, nismo bili o tem tako prepri\u010dani kot danes, ko spoznavamo kriti\u010dne posledice decentralizacije dru\u017eine. Stari so izseljeni v domove, sorodniki se odmikajo drug od drugega, matere in o\u010detje razmi\u0161ljajo o lo\u010ditvi, napol odrasli otroci be\u017eijo od doma, majhne otroke vzgaja televizija, o nerojenih pa se postavlja vpra\u0161anje, ali naj bodo sploh \u0161e dono\u0161eni \u2026<br \/>\nPriznati moram, da je to zelo grob, toda \u017eal prav ni\u010d nerealisti\u010den opis procesa decentralizacije in<br \/>\nrazdrobljenosti, ki danes ogro\u017ea dru\u017eino. Ogro\u017eanje, ki je \u2013 \u010de mi je dovoljeno pripomniti \u2013 mnogo<br \/>\nhuj\u0161e kot gro\u017enja sovra\u017enikovih raket. V zgodovini so namre\u010d velike kulture redko kdaj propadle zaradi<br \/>\nzunanjih sovra\u017enikov, propad se je skoraj vedno za\u010del od znotraj.<br \/>\nVendar tu ne bomo prisegali na temne napovedi za prihodnost. Nikomur tudi ne bo koristilo, \u010de bomo<br \/>\nsku\u0161ali teoreti\u010dno analizirati dana\u0161njo razdrobljenost dru\u017eine, mnogo bolj gre za to, da zopet sestavimo<br \/>\nposamezne drobce. To pa pomeni: voditi skupaj, kar spada skupaj, dr\u017eati skupaj, kar je medsebojno<br \/>\npovezano, in re\u0161iti, kar se zdi izgubljeno. (stran 139)<\/p>\n<div>\n<p><strong>O avtorici:<\/strong><\/p>\n<p>Prof. dr. Elisabeth Lukas (1942) je u\u010denka prof. dr. Viktorja E. Frankla. Kot klini\u010dna psihologinja in psihoterapevtka se je specializirala za prakti\u010dno uporabo logoterapije, ki jo je tudi metodolo\u0161ko nadgradila. Po 13 letih dela na podro\u010dju vzgojnega, dru\u017einskega in \u017eivljenjskega svetovanja je leta 1986 za 17 let prevzela strokovno vodenje Ju\u017enonem\u0161kega in\u0161tituta za logoterapijo, ki sta ga v M\u00fcnchnu ustanovila skupaj z mo\u017eem. Po vrnitvi v domovino je pet let delovala kot visoko\u0161olska predavateljica, nato pa pou\u010devala terapevte v okviru avstrijskega in\u0161tituta za logoterapevtsko izobra\u017eevanje ABILE. S predavanji na ve\u010d kot 50 univerzah po vsem svetu in s prevodi svojih \u0161tevilnih del v 22 jezikov je postala prepoznavna v mednarodnem prostoru. Za svoje delo je prejela \u010dastno odlikovanje univerze Santa Clara v\u00a0 Kaliforniji in veliko nagrado sklada Viktorja Frankla mesta Dunaj.<\/p>\n<\/div>\n","protected":false},"excerpt":{"rendered":"<p><strong>Leto izdaje<\/strong>: 2026<br \/>\n<strong>\u0160tevilo strani: <\/strong>252<br \/>\n<strong>Format:<\/strong> 140 x 210 mm<\/p>\n<p>&nbsp;<\/p>\n","protected":false},"featured_media":92895,"comment_status":"open","ping_status":"closed","template":"","meta":[],"product_brand":[],"product_cat":[2327,63],"product_tag":[],"avtor":[3253],"zalozba":[2337],"vezava":[2635],"class_list":{"0":"post-92893","1":"product","2":"type-product","3":"status-publish","4":"has-post-thumbnail","6":"product_cat-prirocniki-in-vodniki","7":"product_cat-knjige","8":"avtor-dr-elisabeth-lukas","9":"zalozba-celjska-mohorjeva-druzba","10":"vezava-mehka-z-zavihki","12":"first","13":"onbackorder","14":"taxable","15":"shipping-taxable","16":"purchasable","17":"product-type-simple"},"yoast_head":"<!-- This site is optimized with the Yoast SEO plugin v26.3 - https:\/\/yoast.com\/wordpress\/plugins\/seo\/ -->\n<title>Dru\u017eina in smisel<\/title>\n<meta name=\"description\" content=\"V knjigi so zbrana aktualna spoznanja o dru\u017eini z vidika smisla, ki so bila raztresena po avtori\u010dinih drugih delih.\" \/>\n<meta name=\"robots\" content=\"index, follow, max-snippet:-1, max-image-preview:large, max-video-preview:-1\" \/>\n<link rel=\"canonical\" href=\"https:\/\/www.iskreni.net\/trgovina\/product\/druzina-in-smisel\/\" \/>\n<meta property=\"og:locale\" content=\"sl_SI\" \/>\n<meta property=\"og:type\" content=\"article\" \/>\n<meta property=\"og:title\" content=\"Dru\u017eina in smisel\" \/>\n<meta property=\"og:description\" content=\"V knjigi so zbrana aktualna spoznanja o dru\u017eini z vidika smisla, ki so bila raztresena po avtori\u010dinih drugih delih.\" \/>\n<meta property=\"og:url\" content=\"https:\/\/www.iskreni.net\/trgovina\/product\/druzina-in-smisel\/\" \/>\n<meta property=\"og:site_name\" content=\"Zavod Iskreni\" \/>\n<meta property=\"article:modified_time\" content=\"2026-05-08T07:13:26+00:00\" \/>\n<meta property=\"og:image\" content=\"https:\/\/www.iskreni.net\/trgovina\/wp-content\/uploads\/2026\/05\/Slike-za-v-spletno-trgovino-2026-05-08T085017.739.jpg\" \/>\n\t<meta property=\"og:image:width\" content=\"600\" \/>\n\t<meta property=\"og:image:height\" content=\"600\" \/>\n\t<meta property=\"og:image:type\" content=\"image\/jpeg\" \/>\n<meta name=\"twitter:card\" content=\"summary_large_image\" \/>\n<meta name=\"twitter:label1\" content=\"Est. reading time\" \/>\n\t<meta name=\"twitter:data1\" content=\"3 minute\" \/>\n<script type=\"application\/ld+json\" class=\"yoast-schema-graph\">{\"@context\":\"https:\/\/schema.org\",\"@graph\":[{\"@type\":\"WebPage\",\"@id\":\"https:\/\/www.iskreni.net\/trgovina\/product\/druzina-in-smisel\/\",\"url\":\"https:\/\/www.iskreni.net\/trgovina\/product\/druzina-in-smisel\/\",\"name\":\"Dru\u017eina in smisel\",\"isPartOf\":{\"@id\":\"https:\/\/www.iskreni.net\/trgovina\/#website\"},\"primaryImageOfPage\":{\"@id\":\"https:\/\/www.iskreni.net\/trgovina\/product\/druzina-in-smisel\/#primaryimage\"},\"image\":{\"@id\":\"https:\/\/www.iskreni.net\/trgovina\/product\/druzina-in-smisel\/#primaryimage\"},\"thumbnailUrl\":\"https:\/\/www.iskreni.net\/trgovina\/wp-content\/uploads\/2026\/05\/Slike-za-v-spletno-trgovino-2026-05-08T085017.739.jpg\",\"datePublished\":\"2026-05-08T06:50:25+00:00\",\"dateModified\":\"2026-05-08T07:13:26+00:00\",\"description\":\"V knjigi so zbrana aktualna spoznanja o dru\u017eini z vidika smisla, ki so bila raztresena po avtori\u010dinih drugih delih.\",\"breadcrumb\":{\"@id\":\"https:\/\/www.iskreni.net\/trgovina\/product\/druzina-in-smisel\/#breadcrumb\"},\"inLanguage\":\"sl-SI\",\"potentialAction\":[{\"@type\":\"ReadAction\",\"target\":[\"https:\/\/www.iskreni.net\/trgovina\/product\/druzina-in-smisel\/\"]}]},{\"@type\":\"ImageObject\",\"inLanguage\":\"sl-SI\",\"@id\":\"https:\/\/www.iskreni.net\/trgovina\/product\/druzina-in-smisel\/#primaryimage\",\"url\":\"https:\/\/www.iskreni.net\/trgovina\/wp-content\/uploads\/2026\/05\/Slike-za-v-spletno-trgovino-2026-05-08T085017.739.jpg\",\"contentUrl\":\"https:\/\/www.iskreni.net\/trgovina\/wp-content\/uploads\/2026\/05\/Slike-za-v-spletno-trgovino-2026-05-08T085017.739.jpg\",\"width\":600,\"height\":600},{\"@type\":\"BreadcrumbList\",\"@id\":\"https:\/\/www.iskreni.net\/trgovina\/product\/druzina-in-smisel\/#breadcrumb\",\"itemListElement\":[{\"@type\":\"ListItem\",\"position\":1,\"name\":\"Home\",\"item\":\"https:\/\/www.iskreni.net\/trgovina\/\"},{\"@type\":\"ListItem\",\"position\":2,\"name\":\"Trgovina\",\"item\":\"https:\/\/www.iskreni.net\/trgovina\/trgovina\/\"},{\"@type\":\"ListItem\",\"position\":3,\"name\":\"Dru\u017eina in smisel\"}]},{\"@type\":\"WebSite\",\"@id\":\"https:\/\/www.iskreni.net\/trgovina\/#website\",\"url\":\"https:\/\/www.iskreni.net\/trgovina\/\",\"name\":\"Zavod Iskreni\",\"description\":\"trgovina\",\"potentialAction\":[{\"@type\":\"SearchAction\",\"target\":{\"@type\":\"EntryPoint\",\"urlTemplate\":\"https:\/\/www.iskreni.net\/trgovina\/?s={search_term_string}\"},\"query-input\":{\"@type\":\"PropertyValueSpecification\",\"valueRequired\":true,\"valueName\":\"search_term_string\"}}],\"inLanguage\":\"sl-SI\"}]}<\/script>\n<!-- \/ Yoast SEO plugin. -->","yoast_head_json":{"title":"Dru\u017eina in smisel","description":"V knjigi so zbrana aktualna spoznanja o dru\u017eini z vidika smisla, ki so bila raztresena po avtori\u010dinih drugih delih.","robots":{"index":"index","follow":"follow","max-snippet":"max-snippet:-1","max-image-preview":"max-image-preview:large","max-video-preview":"max-video-preview:-1"},"canonical":"https:\/\/www.iskreni.net\/trgovina\/product\/druzina-in-smisel\/","og_locale":"sl_SI","og_type":"article","og_title":"Dru\u017eina in smisel","og_description":"V knjigi so zbrana aktualna spoznanja o dru\u017eini z vidika smisla, ki so bila raztresena po avtori\u010dinih drugih delih.","og_url":"https:\/\/www.iskreni.net\/trgovina\/product\/druzina-in-smisel\/","og_site_name":"Zavod Iskreni","article_modified_time":"2026-05-08T07:13:26+00:00","og_image":[{"width":600,"height":600,"url":"https:\/\/www.iskreni.net\/trgovina\/wp-content\/uploads\/2026\/05\/Slike-za-v-spletno-trgovino-2026-05-08T085017.739.jpg","type":"image\/jpeg"}],"twitter_card":"summary_large_image","twitter_misc":{"Est. reading time":"3 minute"},"schema":{"@context":"https:\/\/schema.org","@graph":[{"@type":"WebPage","@id":"https:\/\/www.iskreni.net\/trgovina\/product\/druzina-in-smisel\/","url":"https:\/\/www.iskreni.net\/trgovina\/product\/druzina-in-smisel\/","name":"Dru\u017eina in smisel","isPartOf":{"@id":"https:\/\/www.iskreni.net\/trgovina\/#website"},"primaryImageOfPage":{"@id":"https:\/\/www.iskreni.net\/trgovina\/product\/druzina-in-smisel\/#primaryimage"},"image":{"@id":"https:\/\/www.iskreni.net\/trgovina\/product\/druzina-in-smisel\/#primaryimage"},"thumbnailUrl":"https:\/\/www.iskreni.net\/trgovina\/wp-content\/uploads\/2026\/05\/Slike-za-v-spletno-trgovino-2026-05-08T085017.739.jpg","datePublished":"2026-05-08T06:50:25+00:00","dateModified":"2026-05-08T07:13:26+00:00","description":"V knjigi so zbrana aktualna spoznanja o dru\u017eini z vidika smisla, ki so bila raztresena po avtori\u010dinih drugih delih.","breadcrumb":{"@id":"https:\/\/www.iskreni.net\/trgovina\/product\/druzina-in-smisel\/#breadcrumb"},"inLanguage":"sl-SI","potentialAction":[{"@type":"ReadAction","target":["https:\/\/www.iskreni.net\/trgovina\/product\/druzina-in-smisel\/"]}]},{"@type":"ImageObject","inLanguage":"sl-SI","@id":"https:\/\/www.iskreni.net\/trgovina\/product\/druzina-in-smisel\/#primaryimage","url":"https:\/\/www.iskreni.net\/trgovina\/wp-content\/uploads\/2026\/05\/Slike-za-v-spletno-trgovino-2026-05-08T085017.739.jpg","contentUrl":"https:\/\/www.iskreni.net\/trgovina\/wp-content\/uploads\/2026\/05\/Slike-za-v-spletno-trgovino-2026-05-08T085017.739.jpg","width":600,"height":600},{"@type":"BreadcrumbList","@id":"https:\/\/www.iskreni.net\/trgovina\/product\/druzina-in-smisel\/#breadcrumb","itemListElement":[{"@type":"ListItem","position":1,"name":"Home","item":"https:\/\/www.iskreni.net\/trgovina\/"},{"@type":"ListItem","position":2,"name":"Trgovina","item":"https:\/\/www.iskreni.net\/trgovina\/trgovina\/"},{"@type":"ListItem","position":3,"name":"Dru\u017eina in smisel"}]},{"@type":"WebSite","@id":"https:\/\/www.iskreni.net\/trgovina\/#website","url":"https:\/\/www.iskreni.net\/trgovina\/","name":"Zavod Iskreni","description":"trgovina","potentialAction":[{"@type":"SearchAction","target":{"@type":"EntryPoint","urlTemplate":"https:\/\/www.iskreni.net\/trgovina\/?s={search_term_string}"},"query-input":{"@type":"PropertyValueSpecification","valueRequired":true,"valueName":"search_term_string"}}],"inLanguage":"sl-SI"}]}},"_links":{"self":[{"href":"https:\/\/www.iskreni.net\/trgovina\/wp-json\/wp\/v2\/product\/92893","targetHints":{"allow":["GET"]}}],"collection":[{"href":"https:\/\/www.iskreni.net\/trgovina\/wp-json\/wp\/v2\/product"}],"about":[{"href":"https:\/\/www.iskreni.net\/trgovina\/wp-json\/wp\/v2\/types\/product"}],"replies":[{"embeddable":true,"href":"https:\/\/www.iskreni.net\/trgovina\/wp-json\/wp\/v2\/comments?post=92893"}],"version-history":[{"count":2,"href":"https:\/\/www.iskreni.net\/trgovina\/wp-json\/wp\/v2\/product\/92893\/revisions"}],"predecessor-version":[{"id":92896,"href":"https:\/\/www.iskreni.net\/trgovina\/wp-json\/wp\/v2\/product\/92893\/revisions\/92896"}],"wp:featuredmedia":[{"embeddable":true,"href":"https:\/\/www.iskreni.net\/trgovina\/wp-json\/wp\/v2\/media\/92895"}],"wp:attachment":[{"href":"https:\/\/www.iskreni.net\/trgovina\/wp-json\/wp\/v2\/media?parent=92893"}],"wp:term":[{"taxonomy":"product_brand","embeddable":true,"href":"https:\/\/www.iskreni.net\/trgovina\/wp-json\/wp\/v2\/product_brand?post=92893"},{"taxonomy":"product_cat","embeddable":true,"href":"https:\/\/www.iskreni.net\/trgovina\/wp-json\/wp\/v2\/product_cat?post=92893"},{"taxonomy":"product_tag","embeddable":true,"href":"https:\/\/www.iskreni.net\/trgovina\/wp-json\/wp\/v2\/product_tag?post=92893"},{"taxonomy":"avtor","embeddable":true,"href":"https:\/\/www.iskreni.net\/trgovina\/wp-json\/wp\/v2\/avtor?post=92893"},{"taxonomy":"zalozba","embeddable":true,"href":"https:\/\/www.iskreni.net\/trgovina\/wp-json\/wp\/v2\/zalozba?post=92893"},{"taxonomy":"vezava","embeddable":true,"href":"https:\/\/www.iskreni.net\/trgovina\/wp-json\/wp\/v2\/vezava?post=92893"}],"curies":[{"name":"wp","href":"https:\/\/api.w.org\/{rel}","templated":true}]}}