{"id":9219,"date":"2020-06-16T15:14:29","date_gmt":"2020-06-16T13:14:29","guid":{"rendered":"https:\/\/www.iskreni.net\/trgovina\/?post_type=product&#038;p=9219"},"modified":"2022-09-22T15:01:47","modified_gmt":"2022-09-22T13:01:47","slug":"bozji-darovi-zame","status":"publish","type":"product","link":"https:\/\/www.iskreni.net\/trgovina\/product\/bozji-darovi-zame\/","title":{"rendered":"Bo\u017eji darovi zame"},"content":{"rendered":"<h4>O knjigi Bo\u017eji darovi zame:<\/h4>\n<p>Knjige predstavljajo mal\u010dku \u010dudovite bo\u017eje darove, ki nam jih je Bog naklonil. Knji\u017eice zaposlijo radovednega mal\u010dka, saj vsebujejo prve besede, ki se jih mora nau\u010diti, barve, ki jih mora spoznati in glasove, ki jih mora osvojiti.<\/p>\n<p>V darilni \u0161katlici so \u0161tiri kartonke: \u017divali, Barve, Nasprotja, Glasovi. \u0160katlica \u017ee na zunaj spominja na darilo in kar kli\u010de, da jo podarimo ob rojstvu, krstu ali prvih rojstnih dneh.<\/p>\n<p>4 kartonke, 13 x 13cm, vsaka 12 strani, barvne ilustracije, v lepi darilni \u0161katli 13 x 13 x 9 cm.<\/p>\n<div class=\"row margin-true shadow\">\n<div id=\"SLOT_longDescription\" class=\"acol12\" data-slot-id=\"10\">\n<div id=\"MKProductLongDescription\">\n<div>\n<p>&nbsp;<\/p>\n<\/div>\n<\/div>\n<\/div>\n<\/div>\n<div class=\"row margin-true shadow\">\n<div id=\"SLOT_AuthorPdp\" class=\"acol12 col12\" data-slot-id=\"11\">\n<div class=\"authorWidgetPDP\">\n<div class=\"about-author\"><\/div>\n<\/div>\n<\/div>\n<\/div>\n","protected":false},"excerpt":{"rendered":"<p><strong>Avtor:<\/strong> Paola Migliari<br \/>\n<strong>Prevod:<\/strong> Bo\u017eo Rustja<br \/>\n<strong>Zalo\u017eba:<\/strong> Ognji\u0161\u010de<br \/>\n<strong>\u0160tevilo strani:<\/strong> 4 x 12<br \/>\n<strong>Leto izdaje:<\/strong> 2015<\/p>\n<p>&nbsp;<\/p>\n","protected":false},"featured_media":9224,"comment_status":"open","ping_status":"closed","template":"","meta":[],"product_brand":[],"product_cat":[63,135],"product_tag":[],"avtor":[],"zalozba":[],"vezava":[],"class_list":{"0":"post-9219","1":"product","2":"type-product","3":"status-publish","4":"has-post-thumbnail","6":"product_cat-knjige","7":"product_cat-za-otroke","9":"first","10":"instock","11":"taxable","12":"shipping-taxable","13":"purchasable","14":"product-type-simple"},"yoast_head":"<!-- This site is optimized with the Yoast SEO plugin v26.3 - https:\/\/yoast.com\/wordpress\/plugins\/seo\/ -->\n<title>Bo\u017eji darovi zame - trgovina Zavod Iskreni<\/title>\n<meta name=\"description\" content=\"Knjige predstavljajo mal\u010dku \u010dudovite bo\u017eje darove, ki nam jih je Bog naklonil, in zaposlijo radovednega mal\u010dka.\" \/>\n<meta name=\"robots\" content=\"index, follow, max-snippet:-1, max-image-preview:large, max-video-preview:-1\" \/>\n<link rel=\"canonical\" href=\"https:\/\/www.iskreni.net\/trgovina\/product\/bozji-darovi-zame\/\" \/>\n<meta property=\"og:locale\" content=\"sl_SI\" \/>\n<meta property=\"og:type\" content=\"article\" \/>\n<meta property=\"og:title\" content=\"Bo\u017eji darovi zame - trgovina Zavod Iskreni\" \/>\n<meta property=\"og:description\" content=\"Knjige predstavljajo mal\u010dku \u010dudovite bo\u017eje darove, ki nam jih je Bog naklonil, in zaposlijo radovednega mal\u010dka.\" \/>\n<meta property=\"og:url\" content=\"https:\/\/www.iskreni.net\/trgovina\/product\/bozji-darovi-zame\/\" \/>\n<meta property=\"og:site_name\" content=\"Zavod Iskreni\" \/>\n<meta property=\"article:modified_time\" content=\"2022-09-22T13:01:47+00:00\" \/>\n<meta property=\"og:image\" content=\"https:\/\/www.iskreni.net\/trgovina\/wp-content\/uploads\/2020\/06\/Bozji-darovi-zame-1.jpg\" \/>\n\t<meta property=\"og:image:width\" content=\"512\" \/>\n\t<meta property=\"og:image:height\" content=\"512\" \/>\n\t<meta property=\"og:image:type\" content=\"image\/jpeg\" \/>\n<meta name=\"twitter:card\" content=\"summary_large_image\" \/>\n<meta name=\"twitter:label1\" content=\"Est. reading time\" \/>\n\t<meta name=\"twitter:data1\" content=\"1 minuta\" \/>\n<script type=\"application\/ld+json\" class=\"yoast-schema-graph\">{\"@context\":\"https:\/\/schema.org\",\"@graph\":[{\"@type\":\"WebPage\",\"@id\":\"https:\/\/www.iskreni.net\/trgovina\/product\/bozji-darovi-zame\/\",\"url\":\"https:\/\/www.iskreni.net\/trgovina\/product\/bozji-darovi-zame\/\",\"name\":\"Bo\u017eji darovi zame - trgovina Zavod Iskreni\",\"isPartOf\":{\"@id\":\"https:\/\/www.iskreni.net\/trgovina\/#website\"},\"primaryImageOfPage\":{\"@id\":\"https:\/\/www.iskreni.net\/trgovina\/product\/bozji-darovi-zame\/#primaryimage\"},\"image\":{\"@id\":\"https:\/\/www.iskreni.net\/trgovina\/product\/bozji-darovi-zame\/#primaryimage\"},\"thumbnailUrl\":\"https:\/\/www.iskreni.net\/trgovina\/wp-content\/uploads\/2020\/06\/Bozji-darovi-zame-1.jpg\",\"datePublished\":\"2020-06-16T13:14:29+00:00\",\"dateModified\":\"2022-09-22T13:01:47+00:00\",\"description\":\"Knjige predstavljajo mal\u010dku \u010dudovite bo\u017eje darove, ki nam jih je Bog naklonil, in zaposlijo radovednega mal\u010dka.\",\"breadcrumb\":{\"@id\":\"https:\/\/www.iskreni.net\/trgovina\/product\/bozji-darovi-zame\/#breadcrumb\"},\"inLanguage\":\"sl-SI\",\"potentialAction\":[{\"@type\":\"ReadAction\",\"target\":[\"https:\/\/www.iskreni.net\/trgovina\/product\/bozji-darovi-zame\/\"]}]},{\"@type\":\"ImageObject\",\"inLanguage\":\"sl-SI\",\"@id\":\"https:\/\/www.iskreni.net\/trgovina\/product\/bozji-darovi-zame\/#primaryimage\",\"url\":\"https:\/\/www.iskreni.net\/trgovina\/wp-content\/uploads\/2020\/06\/Bozji-darovi-zame-1.jpg\",\"contentUrl\":\"https:\/\/www.iskreni.net\/trgovina\/wp-content\/uploads\/2020\/06\/Bozji-darovi-zame-1.jpg\",\"width\":512,\"height\":512},{\"@type\":\"BreadcrumbList\",\"@id\":\"https:\/\/www.iskreni.net\/trgovina\/product\/bozji-darovi-zame\/#breadcrumb\",\"itemListElement\":[{\"@type\":\"ListItem\",\"position\":1,\"name\":\"Home\",\"item\":\"https:\/\/www.iskreni.net\/trgovina\/\"},{\"@type\":\"ListItem\",\"position\":2,\"name\":\"Trgovina\",\"item\":\"https:\/\/www.iskreni.net\/trgovina\/trgovina\/\"},{\"@type\":\"ListItem\",\"position\":3,\"name\":\"Bo\u017eji darovi zame\"}]},{\"@type\":\"WebSite\",\"@id\":\"https:\/\/www.iskreni.net\/trgovina\/#website\",\"url\":\"https:\/\/www.iskreni.net\/trgovina\/\",\"name\":\"Zavod Iskreni\",\"description\":\"trgovina\",\"potentialAction\":[{\"@type\":\"SearchAction\",\"target\":{\"@type\":\"EntryPoint\",\"urlTemplate\":\"https:\/\/www.iskreni.net\/trgovina\/?s={search_term_string}\"},\"query-input\":{\"@type\":\"PropertyValueSpecification\",\"valueRequired\":true,\"valueName\":\"search_term_string\"}}],\"inLanguage\":\"sl-SI\"}]}<\/script>\n<!-- \/ Yoast SEO plugin. -->","yoast_head_json":{"title":"Bo\u017eji darovi zame - trgovina Zavod Iskreni","description":"Knjige predstavljajo mal\u010dku \u010dudovite bo\u017eje darove, ki nam jih je Bog naklonil, in zaposlijo radovednega mal\u010dka.","robots":{"index":"index","follow":"follow","max-snippet":"max-snippet:-1","max-image-preview":"max-image-preview:large","max-video-preview":"max-video-preview:-1"},"canonical":"https:\/\/www.iskreni.net\/trgovina\/product\/bozji-darovi-zame\/","og_locale":"sl_SI","og_type":"article","og_title":"Bo\u017eji darovi zame - trgovina Zavod Iskreni","og_description":"Knjige predstavljajo mal\u010dku \u010dudovite bo\u017eje darove, ki nam jih je Bog naklonil, in zaposlijo radovednega mal\u010dka.","og_url":"https:\/\/www.iskreni.net\/trgovina\/product\/bozji-darovi-zame\/","og_site_name":"Zavod Iskreni","article_modified_time":"2022-09-22T13:01:47+00:00","og_image":[{"width":512,"height":512,"url":"https:\/\/www.iskreni.net\/trgovina\/wp-content\/uploads\/2020\/06\/Bozji-darovi-zame-1.jpg","type":"image\/jpeg"}],"twitter_card":"summary_large_image","twitter_misc":{"Est. reading time":"1 minuta"},"schema":{"@context":"https:\/\/schema.org","@graph":[{"@type":"WebPage","@id":"https:\/\/www.iskreni.net\/trgovina\/product\/bozji-darovi-zame\/","url":"https:\/\/www.iskreni.net\/trgovina\/product\/bozji-darovi-zame\/","name":"Bo\u017eji darovi zame - trgovina Zavod Iskreni","isPartOf":{"@id":"https:\/\/www.iskreni.net\/trgovina\/#website"},"primaryImageOfPage":{"@id":"https:\/\/www.iskreni.net\/trgovina\/product\/bozji-darovi-zame\/#primaryimage"},"image":{"@id":"https:\/\/www.iskreni.net\/trgovina\/product\/bozji-darovi-zame\/#primaryimage"},"thumbnailUrl":"https:\/\/www.iskreni.net\/trgovina\/wp-content\/uploads\/2020\/06\/Bozji-darovi-zame-1.jpg","datePublished":"2020-06-16T13:14:29+00:00","dateModified":"2022-09-22T13:01:47+00:00","description":"Knjige predstavljajo mal\u010dku \u010dudovite bo\u017eje darove, ki nam jih je Bog naklonil, in zaposlijo radovednega mal\u010dka.","breadcrumb":{"@id":"https:\/\/www.iskreni.net\/trgovina\/product\/bozji-darovi-zame\/#breadcrumb"},"inLanguage":"sl-SI","potentialAction":[{"@type":"ReadAction","target":["https:\/\/www.iskreni.net\/trgovina\/product\/bozji-darovi-zame\/"]}]},{"@type":"ImageObject","inLanguage":"sl-SI","@id":"https:\/\/www.iskreni.net\/trgovina\/product\/bozji-darovi-zame\/#primaryimage","url":"https:\/\/www.iskreni.net\/trgovina\/wp-content\/uploads\/2020\/06\/Bozji-darovi-zame-1.jpg","contentUrl":"https:\/\/www.iskreni.net\/trgovina\/wp-content\/uploads\/2020\/06\/Bozji-darovi-zame-1.jpg","width":512,"height":512},{"@type":"BreadcrumbList","@id":"https:\/\/www.iskreni.net\/trgovina\/product\/bozji-darovi-zame\/#breadcrumb","itemListElement":[{"@type":"ListItem","position":1,"name":"Home","item":"https:\/\/www.iskreni.net\/trgovina\/"},{"@type":"ListItem","position":2,"name":"Trgovina","item":"https:\/\/www.iskreni.net\/trgovina\/trgovina\/"},{"@type":"ListItem","position":3,"name":"Bo\u017eji darovi zame"}]},{"@type":"WebSite","@id":"https:\/\/www.iskreni.net\/trgovina\/#website","url":"https:\/\/www.iskreni.net\/trgovina\/","name":"Zavod Iskreni","description":"trgovina","potentialAction":[{"@type":"SearchAction","target":{"@type":"EntryPoint","urlTemplate":"https:\/\/www.iskreni.net\/trgovina\/?s={search_term_string}"},"query-input":{"@type":"PropertyValueSpecification","valueRequired":true,"valueName":"search_term_string"}}],"inLanguage":"sl-SI"}]}},"_links":{"self":[{"href":"https:\/\/www.iskreni.net\/trgovina\/wp-json\/wp\/v2\/product\/9219","targetHints":{"allow":["GET"]}}],"collection":[{"href":"https:\/\/www.iskreni.net\/trgovina\/wp-json\/wp\/v2\/product"}],"about":[{"href":"https:\/\/www.iskreni.net\/trgovina\/wp-json\/wp\/v2\/types\/product"}],"replies":[{"embeddable":true,"href":"https:\/\/www.iskreni.net\/trgovina\/wp-json\/wp\/v2\/comments?post=9219"}],"version-history":[{"count":2,"href":"https:\/\/www.iskreni.net\/trgovina\/wp-json\/wp\/v2\/product\/9219\/revisions"}],"predecessor-version":[{"id":58946,"href":"https:\/\/www.iskreni.net\/trgovina\/wp-json\/wp\/v2\/product\/9219\/revisions\/58946"}],"wp:featuredmedia":[{"embeddable":true,"href":"https:\/\/www.iskreni.net\/trgovina\/wp-json\/wp\/v2\/media\/9224"}],"wp:attachment":[{"href":"https:\/\/www.iskreni.net\/trgovina\/wp-json\/wp\/v2\/media?parent=9219"}],"wp:term":[{"taxonomy":"product_brand","embeddable":true,"href":"https:\/\/www.iskreni.net\/trgovina\/wp-json\/wp\/v2\/product_brand?post=9219"},{"taxonomy":"product_cat","embeddable":true,"href":"https:\/\/www.iskreni.net\/trgovina\/wp-json\/wp\/v2\/product_cat?post=9219"},{"taxonomy":"product_tag","embeddable":true,"href":"https:\/\/www.iskreni.net\/trgovina\/wp-json\/wp\/v2\/product_tag?post=9219"},{"taxonomy":"avtor","embeddable":true,"href":"https:\/\/www.iskreni.net\/trgovina\/wp-json\/wp\/v2\/avtor?post=9219"},{"taxonomy":"zalozba","embeddable":true,"href":"https:\/\/www.iskreni.net\/trgovina\/wp-json\/wp\/v2\/zalozba?post=9219"},{"taxonomy":"vezava","embeddable":true,"href":"https:\/\/www.iskreni.net\/trgovina\/wp-json\/wp\/v2\/vezava?post=9219"}],"curies":[{"name":"wp","href":"https:\/\/api.w.org\/{rel}","templated":true}]}}