{"id":92162,"date":"2026-03-06T08:44:19","date_gmt":"2026-03-06T07:44:19","guid":{"rendered":"https:\/\/www.iskreni.net\/trgovina\/?post_type=product&#038;p=92162"},"modified":"2026-04-02T19:12:43","modified_gmt":"2026-04-02T17:12:43","slug":"janez-jansa-kaplar","status":"publish","type":"product","link":"https:\/\/www.iskreni.net\/trgovina\/product\/janez-jansa-kaplar\/","title":{"rendered":"Janez Jan\u0161a \u2013 Kaplar"},"content":{"rendered":"<h4>O knjigi:<\/h4>\n<p>Knjiga je tako, kot vsa dela Igorja Omerze, dokumentirana \u201canatomija\u201d delovanja tajne politi\u010dne policije komunisti\u010dnega vrha propadle dr\u017eave (ponarodelo Udbe). Sodi v stvarno literature in je po vsebini politi\u010dni triler, ki ni produkt domi\u0161ljije, ampak zgodba o resni\u010dnih dogodkih. In resni\u010dnost v\u010dasih presega tudi najbujnej\u0161o pisateljsko fantazijo.<\/p>\n<p>V knjigi bo prvi\u010d lu\u010d sveta padla na mnoga doslej neznana ozadja iz delovanja propadlega slovenskega in jugoslovanskega socialisti\u010dnega re\u017eima, predvsem iz obdobja prvega voja\u0161kega preganjanja Janeza Jan\u0161e (1985) ter tudi iz \u010dasa procesa in afere JBTZ (1988\u20131989).<br \/>\nKnjiga obsega 428 strani in je bogato opremljena s fotografijami in faksimili dokumentov.<\/p>\n<p>Na koncu knjige je tudi Seznam kodnih imen konfidentov in nadzorovancev Udbe.<\/p>\n<p><strong>Vsebina knjige:<\/strong><\/p>\n<p>Prolog<\/p>\n<p>1. poglavje:<br \/>\nZa\u010detek tajnega zalezovanja Janeza Jan\u0161e in prva voja\u0161ka obto\u017enica<\/p>\n<p>2. poglavje:<br \/>\nUdbovsko zalezovanje mirovnika Kaplarja<\/p>\n<p>3. poglavje:<br \/>\nVrh partije proti Mladini in Janezu Jan\u0161i<\/p>\n<p>4. poglavje:<br \/>\nSpomini Staneta Kav\u010di\u010da, dr\u017eavni udar, TOP lestvica Udbinih nadzorovancev in Ku\u010dan v Tacnu<\/p>\n<p>5. poglavje:<br \/>\nTajne preiskave v Mikro Adi, popotovanje voja\u0161kega dokumenta in priprave na aretacijo Janeza Jan\u0161e<\/p>\n<p>6. poglavje:<br \/>\nJBTZ je \u201crojena\u201d in nastanek Bav\u010darjevega odbora<\/p>\n<p>7. poglavje:<br \/>\n\u0160tevilna udba\u0161ka poro\u010danja o odzivih na JBTZ in Bav\u010darjev odbor<\/p>\n<p>8. poglavje:<br \/>\nJugoslovanske dimenzije procesa JBTZ ter nova Udbina poro\u010danja o Janezu Jan\u0161i<\/p>\n<p>9. poglavje:<br \/>\nZalezovanja in poro\u010danja Udbe o Janezu Jan\u0161i do konca leta 1989<\/p>\n<p>10. poglavje:<br \/>\nZadnja poro\u010danja upehane Udbe o Janezu Jan\u0161i<\/p>\n<p>Epilog<br \/>\nKratice<br \/>\nImensko kazalo<br \/>\nSeznam kodnih imen konfidentov in nadzorovancev Udbe<br \/>\nArhivski viri<br \/>\nDrugi viri<br \/>\nViri faksimilov in fotografij<\/p>\n<p>&nbsp;<\/p>\n<p><strong>O avtorju:<\/strong><\/p>\n<p>Igor Omerza, rojen v Ljubljani, magister ekonomskih znanosti, je bil \u010dlan vodstva opore\u010dni\u0161kega Odbora za varstvo \u010dlovekovih pravic in aktiven politik po propadu socializma v Sloveniji. Takoj po osamosvojitvi je bil generalni direktor SDK, nato poslanec v parlamentu in ljubljanski pod\u017eupan.<\/p>\n<p>Zadnja leta se posve\u010da predvsem pisanju knjig. Do sedaj je objavil skoraj 30 knjig, nekatere je mo\u017eno brati tudi v nem\u0161kem, hrva\u0161kem in angle\u0161kem jeziku. Ve\u010dinoma pi\u0161e o na\u0161i tajni komunisti\u010dni politi\u010dni policiji. Z novinarjem Bojanom Po\u017earjem je leta 2016 izdal elektronsko knjigo Melania Trump \u2013 The Inside Story.<\/p>\n<p>&nbsp;<\/p>\n","protected":false},"excerpt":{"rendered":"<p><strong>Leto izdaje:<\/strong> 2026<br \/>\n<strong>\u0160tevilo strani:\u00a0<\/strong>428<\/p>\n<p>&nbsp;<\/p>\n","protected":false},"featured_media":92164,"comment_status":"open","ping_status":"closed","template":"","meta":[],"product_brand":[],"product_cat":[2326,63],"product_tag":[],"avtor":[2358],"zalozba":[2338],"vezava":[],"class_list":{"0":"post-92162","1":"product","2":"type-product","3":"status-publish","4":"has-post-thumbnail","6":"product_cat-druzbena-vprasanja-in-humanistika","7":"product_cat-knjige","8":"avtor-igor-omerza","9":"zalozba-dobra-knjiga","11":"first","12":"instock","13":"taxable","14":"shipping-taxable","15":"purchasable","16":"product-type-simple"},"yoast_head":"<!-- This site is optimized with the Yoast SEO plugin v26.3 - https:\/\/yoast.com\/wordpress\/plugins\/seo\/ -->\n<title>Janez Jan\u0161a \u2013 Kaplar<\/title>\n<meta name=\"description\" content=\"Knjiga je tako, kot vsa dela Igorja Omerze, dokumentirana \u201canatomija\u201d delovanja tajne politi\u010dne policije komunisti\u010dnega vrha propadle dr\u017eave (ponarodelo Udbe).\" \/>\n<meta name=\"robots\" content=\"index, follow, max-snippet:-1, max-image-preview:large, max-video-preview:-1\" \/>\n<link rel=\"canonical\" href=\"https:\/\/www.iskreni.net\/trgovina\/product\/janez-jansa-kaplar\/\" \/>\n<meta property=\"og:locale\" content=\"sl_SI\" \/>\n<meta property=\"og:type\" content=\"article\" \/>\n<meta property=\"og:title\" content=\"Janez Jan\u0161a \u2013 Kaplar\" \/>\n<meta property=\"og:description\" content=\"Knjiga je tako, kot vsa dela Igorja Omerze, dokumentirana \u201canatomija\u201d delovanja tajne politi\u010dne policije komunisti\u010dnega vrha propadle dr\u017eave (ponarodelo Udbe).\" \/>\n<meta property=\"og:url\" content=\"https:\/\/www.iskreni.net\/trgovina\/product\/janez-jansa-kaplar\/\" \/>\n<meta property=\"og:site_name\" content=\"Zavod Iskreni\" \/>\n<meta property=\"article:modified_time\" content=\"2026-04-02T17:12:43+00:00\" \/>\n<meta property=\"og:image\" content=\"https:\/\/www.iskreni.net\/trgovina\/wp-content\/uploads\/2026\/03\/Slike-za-v-spletno-trgovino-2026-03-06T084252.375.jpg\" \/>\n\t<meta property=\"og:image:width\" content=\"600\" \/>\n\t<meta property=\"og:image:height\" content=\"600\" \/>\n\t<meta property=\"og:image:type\" content=\"image\/jpeg\" \/>\n<meta name=\"twitter:card\" content=\"summary_large_image\" \/>\n<meta name=\"twitter:label1\" content=\"Est. reading time\" \/>\n\t<meta name=\"twitter:data1\" content=\"3 minute\" \/>\n<script type=\"application\/ld+json\" class=\"yoast-schema-graph\">{\"@context\":\"https:\/\/schema.org\",\"@graph\":[{\"@type\":\"WebPage\",\"@id\":\"https:\/\/www.iskreni.net\/trgovina\/product\/janez-jansa-kaplar\/\",\"url\":\"https:\/\/www.iskreni.net\/trgovina\/product\/janez-jansa-kaplar\/\",\"name\":\"Janez Jan\u0161a \u2013 Kaplar\",\"isPartOf\":{\"@id\":\"https:\/\/www.iskreni.net\/trgovina\/#website\"},\"primaryImageOfPage\":{\"@id\":\"https:\/\/www.iskreni.net\/trgovina\/product\/janez-jansa-kaplar\/#primaryimage\"},\"image\":{\"@id\":\"https:\/\/www.iskreni.net\/trgovina\/product\/janez-jansa-kaplar\/#primaryimage\"},\"thumbnailUrl\":\"https:\/\/www.iskreni.net\/trgovina\/wp-content\/uploads\/2026\/03\/Slike-za-v-spletno-trgovino-2026-03-06T084252.375.jpg\",\"datePublished\":\"2026-03-06T07:44:19+00:00\",\"dateModified\":\"2026-04-02T17:12:43+00:00\",\"description\":\"Knjiga je tako, kot vsa dela Igorja Omerze, dokumentirana \u201canatomija\u201d delovanja tajne politi\u010dne policije komunisti\u010dnega vrha propadle dr\u017eave (ponarodelo Udbe).\",\"breadcrumb\":{\"@id\":\"https:\/\/www.iskreni.net\/trgovina\/product\/janez-jansa-kaplar\/#breadcrumb\"},\"inLanguage\":\"sl-SI\",\"potentialAction\":[{\"@type\":\"ReadAction\",\"target\":[\"https:\/\/www.iskreni.net\/trgovina\/product\/janez-jansa-kaplar\/\"]}]},{\"@type\":\"ImageObject\",\"inLanguage\":\"sl-SI\",\"@id\":\"https:\/\/www.iskreni.net\/trgovina\/product\/janez-jansa-kaplar\/#primaryimage\",\"url\":\"https:\/\/www.iskreni.net\/trgovina\/wp-content\/uploads\/2026\/03\/Slike-za-v-spletno-trgovino-2026-03-06T084252.375.jpg\",\"contentUrl\":\"https:\/\/www.iskreni.net\/trgovina\/wp-content\/uploads\/2026\/03\/Slike-za-v-spletno-trgovino-2026-03-06T084252.375.jpg\",\"width\":600,\"height\":600},{\"@type\":\"BreadcrumbList\",\"@id\":\"https:\/\/www.iskreni.net\/trgovina\/product\/janez-jansa-kaplar\/#breadcrumb\",\"itemListElement\":[{\"@type\":\"ListItem\",\"position\":1,\"name\":\"Home\",\"item\":\"https:\/\/www.iskreni.net\/trgovina\/\"},{\"@type\":\"ListItem\",\"position\":2,\"name\":\"Trgovina\",\"item\":\"https:\/\/www.iskreni.net\/trgovina\/trgovina\/\"},{\"@type\":\"ListItem\",\"position\":3,\"name\":\"Janez Jan\u0161a \u2013 Kaplar\"}]},{\"@type\":\"WebSite\",\"@id\":\"https:\/\/www.iskreni.net\/trgovina\/#website\",\"url\":\"https:\/\/www.iskreni.net\/trgovina\/\",\"name\":\"Zavod Iskreni\",\"description\":\"trgovina\",\"potentialAction\":[{\"@type\":\"SearchAction\",\"target\":{\"@type\":\"EntryPoint\",\"urlTemplate\":\"https:\/\/www.iskreni.net\/trgovina\/?s={search_term_string}\"},\"query-input\":{\"@type\":\"PropertyValueSpecification\",\"valueRequired\":true,\"valueName\":\"search_term_string\"}}],\"inLanguage\":\"sl-SI\"}]}<\/script>\n<!-- \/ Yoast SEO plugin. -->","yoast_head_json":{"title":"Janez Jan\u0161a \u2013 Kaplar","description":"Knjiga je tako, kot vsa dela Igorja Omerze, dokumentirana \u201canatomija\u201d delovanja tajne politi\u010dne policije komunisti\u010dnega vrha propadle dr\u017eave (ponarodelo Udbe).","robots":{"index":"index","follow":"follow","max-snippet":"max-snippet:-1","max-image-preview":"max-image-preview:large","max-video-preview":"max-video-preview:-1"},"canonical":"https:\/\/www.iskreni.net\/trgovina\/product\/janez-jansa-kaplar\/","og_locale":"sl_SI","og_type":"article","og_title":"Janez Jan\u0161a \u2013 Kaplar","og_description":"Knjiga je tako, kot vsa dela Igorja Omerze, dokumentirana \u201canatomija\u201d delovanja tajne politi\u010dne policije komunisti\u010dnega vrha propadle dr\u017eave (ponarodelo Udbe).","og_url":"https:\/\/www.iskreni.net\/trgovina\/product\/janez-jansa-kaplar\/","og_site_name":"Zavod Iskreni","article_modified_time":"2026-04-02T17:12:43+00:00","og_image":[{"width":600,"height":600,"url":"https:\/\/www.iskreni.net\/trgovina\/wp-content\/uploads\/2026\/03\/Slike-za-v-spletno-trgovino-2026-03-06T084252.375.jpg","type":"image\/jpeg"}],"twitter_card":"summary_large_image","twitter_misc":{"Est. reading time":"3 minute"},"schema":{"@context":"https:\/\/schema.org","@graph":[{"@type":"WebPage","@id":"https:\/\/www.iskreni.net\/trgovina\/product\/janez-jansa-kaplar\/","url":"https:\/\/www.iskreni.net\/trgovina\/product\/janez-jansa-kaplar\/","name":"Janez Jan\u0161a \u2013 Kaplar","isPartOf":{"@id":"https:\/\/www.iskreni.net\/trgovina\/#website"},"primaryImageOfPage":{"@id":"https:\/\/www.iskreni.net\/trgovina\/product\/janez-jansa-kaplar\/#primaryimage"},"image":{"@id":"https:\/\/www.iskreni.net\/trgovina\/product\/janez-jansa-kaplar\/#primaryimage"},"thumbnailUrl":"https:\/\/www.iskreni.net\/trgovina\/wp-content\/uploads\/2026\/03\/Slike-za-v-spletno-trgovino-2026-03-06T084252.375.jpg","datePublished":"2026-03-06T07:44:19+00:00","dateModified":"2026-04-02T17:12:43+00:00","description":"Knjiga je tako, kot vsa dela Igorja Omerze, dokumentirana \u201canatomija\u201d delovanja tajne politi\u010dne policije komunisti\u010dnega vrha propadle dr\u017eave (ponarodelo Udbe).","breadcrumb":{"@id":"https:\/\/www.iskreni.net\/trgovina\/product\/janez-jansa-kaplar\/#breadcrumb"},"inLanguage":"sl-SI","potentialAction":[{"@type":"ReadAction","target":["https:\/\/www.iskreni.net\/trgovina\/product\/janez-jansa-kaplar\/"]}]},{"@type":"ImageObject","inLanguage":"sl-SI","@id":"https:\/\/www.iskreni.net\/trgovina\/product\/janez-jansa-kaplar\/#primaryimage","url":"https:\/\/www.iskreni.net\/trgovina\/wp-content\/uploads\/2026\/03\/Slike-za-v-spletno-trgovino-2026-03-06T084252.375.jpg","contentUrl":"https:\/\/www.iskreni.net\/trgovina\/wp-content\/uploads\/2026\/03\/Slike-za-v-spletno-trgovino-2026-03-06T084252.375.jpg","width":600,"height":600},{"@type":"BreadcrumbList","@id":"https:\/\/www.iskreni.net\/trgovina\/product\/janez-jansa-kaplar\/#breadcrumb","itemListElement":[{"@type":"ListItem","position":1,"name":"Home","item":"https:\/\/www.iskreni.net\/trgovina\/"},{"@type":"ListItem","position":2,"name":"Trgovina","item":"https:\/\/www.iskreni.net\/trgovina\/trgovina\/"},{"@type":"ListItem","position":3,"name":"Janez Jan\u0161a \u2013 Kaplar"}]},{"@type":"WebSite","@id":"https:\/\/www.iskreni.net\/trgovina\/#website","url":"https:\/\/www.iskreni.net\/trgovina\/","name":"Zavod Iskreni","description":"trgovina","potentialAction":[{"@type":"SearchAction","target":{"@type":"EntryPoint","urlTemplate":"https:\/\/www.iskreni.net\/trgovina\/?s={search_term_string}"},"query-input":{"@type":"PropertyValueSpecification","valueRequired":true,"valueName":"search_term_string"}}],"inLanguage":"sl-SI"}]}},"_links":{"self":[{"href":"https:\/\/www.iskreni.net\/trgovina\/wp-json\/wp\/v2\/product\/92162","targetHints":{"allow":["GET"]}}],"collection":[{"href":"https:\/\/www.iskreni.net\/trgovina\/wp-json\/wp\/v2\/product"}],"about":[{"href":"https:\/\/www.iskreni.net\/trgovina\/wp-json\/wp\/v2\/types\/product"}],"replies":[{"embeddable":true,"href":"https:\/\/www.iskreni.net\/trgovina\/wp-json\/wp\/v2\/comments?post=92162"}],"version-history":[{"count":3,"href":"https:\/\/www.iskreni.net\/trgovina\/wp-json\/wp\/v2\/product\/92162\/revisions"}],"predecessor-version":[{"id":92171,"href":"https:\/\/www.iskreni.net\/trgovina\/wp-json\/wp\/v2\/product\/92162\/revisions\/92171"}],"wp:featuredmedia":[{"embeddable":true,"href":"https:\/\/www.iskreni.net\/trgovina\/wp-json\/wp\/v2\/media\/92164"}],"wp:attachment":[{"href":"https:\/\/www.iskreni.net\/trgovina\/wp-json\/wp\/v2\/media?parent=92162"}],"wp:term":[{"taxonomy":"product_brand","embeddable":true,"href":"https:\/\/www.iskreni.net\/trgovina\/wp-json\/wp\/v2\/product_brand?post=92162"},{"taxonomy":"product_cat","embeddable":true,"href":"https:\/\/www.iskreni.net\/trgovina\/wp-json\/wp\/v2\/product_cat?post=92162"},{"taxonomy":"product_tag","embeddable":true,"href":"https:\/\/www.iskreni.net\/trgovina\/wp-json\/wp\/v2\/product_tag?post=92162"},{"taxonomy":"avtor","embeddable":true,"href":"https:\/\/www.iskreni.net\/trgovina\/wp-json\/wp\/v2\/avtor?post=92162"},{"taxonomy":"zalozba","embeddable":true,"href":"https:\/\/www.iskreni.net\/trgovina\/wp-json\/wp\/v2\/zalozba?post=92162"},{"taxonomy":"vezava","embeddable":true,"href":"https:\/\/www.iskreni.net\/trgovina\/wp-json\/wp\/v2\/vezava?post=92162"}],"curies":[{"name":"wp","href":"https:\/\/api.w.org\/{rel}","templated":true}]}}