{"id":92019,"date":"2026-02-27T10:32:32","date_gmt":"2026-02-27T09:32:32","guid":{"rendered":"https:\/\/www.iskreni.net\/trgovina\/?post_type=product&#038;p=92019"},"modified":"2026-03-04T13:16:09","modified_gmt":"2026-03-04T12:16:09","slug":"krivomisleki","status":"publish","type":"product","link":"https:\/\/www.iskreni.net\/trgovina\/product\/krivomisleki\/","title":{"rendered":"Krivomisleki"},"content":{"rendered":"<h4>O knjigi:<\/h4>\n<p>Gre za kolumne, ki so domiselne, pronicljive, v\u010dasih nadle\u017eno zbadajo\u010de, a vendarle ravno dovolj, da nas premaknejo s to\u010dke mrtvila.<\/p>\n<p>To je knjiga o nas, ki si \u017ee desetletja \u017eelimo naprej, a preve\u010dkrat capljamo na mestu, ujeti v vedno iste vzorce. Turkove kolumne so hkrati oko, ki i\u0161\u010de nova obzorja, in markacija, ki vabi pogled naprej.<\/p>\n<p>&#8220;Za pisanje dobrih kolumn so potrebni znanje, modrost, razgledanost, izku\u0161enost. Take kolumne pi\u0161e profesor \u017diga Turk&#8221;, je knjigi na pot zapisal dr. Ernest Petri\u010d.<\/p>\n<p>&#8220;Kolumne dr. \u017dige Turka so Galilejevski klic v stilu &#8220;in vendar se vrti&#8221; v mo\u010dvirju protiznanstvenih paradigem&#8221;. (Janez Jan\u0161a)<\/p>\n<p>&#8220;\u017diga Turk ostaja zvest pisanju, ki izziva, osvetljuje in i\u0161\u010de resnico.&#8221; (Uro\u0161 Urbas)<\/p>\n<p>&nbsp;<\/p>\n<p>&nbsp;<\/p>\n","protected":false},"excerpt":{"rendered":"<p><strong>Leto izdaje:<\/strong> 2026<br \/>\n<strong>\u0160tevilo strani:\u00a0<\/strong>540<br \/>\n<strong>Format:<\/strong> 150 mm x 230 mm<\/p>\n<p>&nbsp;<\/p>\n","protected":false},"featured_media":92021,"comment_status":"open","ping_status":"closed","template":"","meta":[],"product_brand":[],"product_cat":[2326,63],"product_tag":[],"avtor":[2645],"zalozba":[2311],"vezava":[],"class_list":{"0":"post-92019","1":"product","2":"type-product","3":"status-publish","4":"has-post-thumbnail","6":"product_cat-druzbena-vprasanja-in-humanistika","7":"product_cat-knjige","8":"avtor-ziga-turk","9":"zalozba-druzina","11":"first","12":"instock","13":"taxable","14":"shipping-taxable","15":"purchasable","16":"product-type-simple"},"yoast_head":"<!-- This site is optimized with the Yoast SEO plugin v26.3 - https:\/\/yoast.com\/wordpress\/plugins\/seo\/ -->\n<title>Krivomisleki<\/title>\n<meta name=\"description\" content=\"Gre za kolumne, ki so domiselne, pronicljive, v\u010dasih nadle\u017eno zbadajo\u010de, a vendarle ravno dovolj, da nas premaknejo s to\u010dke mrtvila.\" \/>\n<meta name=\"robots\" content=\"index, follow, max-snippet:-1, max-image-preview:large, max-video-preview:-1\" \/>\n<link rel=\"canonical\" href=\"https:\/\/www.iskreni.net\/trgovina\/product\/krivomisleki\/\" \/>\n<meta property=\"og:locale\" content=\"sl_SI\" \/>\n<meta property=\"og:type\" content=\"article\" \/>\n<meta property=\"og:title\" content=\"Krivomisleki\" \/>\n<meta property=\"og:description\" content=\"Gre za kolumne, ki so domiselne, pronicljive, v\u010dasih nadle\u017eno zbadajo\u010de, a vendarle ravno dovolj, da nas premaknejo s to\u010dke mrtvila.\" \/>\n<meta property=\"og:url\" content=\"https:\/\/www.iskreni.net\/trgovina\/product\/krivomisleki\/\" \/>\n<meta property=\"og:site_name\" content=\"Zavod Iskreni\" \/>\n<meta property=\"article:modified_time\" content=\"2026-03-04T12:16:09+00:00\" \/>\n<meta property=\"og:image\" content=\"https:\/\/www.iskreni.net\/trgovina\/wp-content\/uploads\/2026\/02\/Slike-za-v-spletno-trgovino-2026-02-27T103152.389.jpg\" \/>\n\t<meta property=\"og:image:width\" content=\"600\" \/>\n\t<meta property=\"og:image:height\" content=\"600\" \/>\n\t<meta property=\"og:image:type\" content=\"image\/jpeg\" \/>\n<meta name=\"twitter:card\" content=\"summary_large_image\" \/>\n<meta name=\"twitter:label1\" content=\"Est. reading time\" \/>\n\t<meta name=\"twitter:data1\" content=\"1 minuta\" \/>\n<script type=\"application\/ld+json\" class=\"yoast-schema-graph\">{\"@context\":\"https:\/\/schema.org\",\"@graph\":[{\"@type\":\"WebPage\",\"@id\":\"https:\/\/www.iskreni.net\/trgovina\/product\/krivomisleki\/\",\"url\":\"https:\/\/www.iskreni.net\/trgovina\/product\/krivomisleki\/\",\"name\":\"Krivomisleki\",\"isPartOf\":{\"@id\":\"https:\/\/www.iskreni.net\/trgovina\/#website\"},\"primaryImageOfPage\":{\"@id\":\"https:\/\/www.iskreni.net\/trgovina\/product\/krivomisleki\/#primaryimage\"},\"image\":{\"@id\":\"https:\/\/www.iskreni.net\/trgovina\/product\/krivomisleki\/#primaryimage\"},\"thumbnailUrl\":\"https:\/\/www.iskreni.net\/trgovina\/wp-content\/uploads\/2026\/02\/Slike-za-v-spletno-trgovino-2026-02-27T103152.389.jpg\",\"datePublished\":\"2026-02-27T09:32:32+00:00\",\"dateModified\":\"2026-03-04T12:16:09+00:00\",\"description\":\"Gre za kolumne, ki so domiselne, pronicljive, v\u010dasih nadle\u017eno zbadajo\u010de, a vendarle ravno dovolj, da nas premaknejo s to\u010dke mrtvila.\",\"breadcrumb\":{\"@id\":\"https:\/\/www.iskreni.net\/trgovina\/product\/krivomisleki\/#breadcrumb\"},\"inLanguage\":\"sl-SI\",\"potentialAction\":[{\"@type\":\"ReadAction\",\"target\":[\"https:\/\/www.iskreni.net\/trgovina\/product\/krivomisleki\/\"]}]},{\"@type\":\"ImageObject\",\"inLanguage\":\"sl-SI\",\"@id\":\"https:\/\/www.iskreni.net\/trgovina\/product\/krivomisleki\/#primaryimage\",\"url\":\"https:\/\/www.iskreni.net\/trgovina\/wp-content\/uploads\/2026\/02\/Slike-za-v-spletno-trgovino-2026-02-27T103152.389.jpg\",\"contentUrl\":\"https:\/\/www.iskreni.net\/trgovina\/wp-content\/uploads\/2026\/02\/Slike-za-v-spletno-trgovino-2026-02-27T103152.389.jpg\",\"width\":600,\"height\":600},{\"@type\":\"BreadcrumbList\",\"@id\":\"https:\/\/www.iskreni.net\/trgovina\/product\/krivomisleki\/#breadcrumb\",\"itemListElement\":[{\"@type\":\"ListItem\",\"position\":1,\"name\":\"Home\",\"item\":\"https:\/\/www.iskreni.net\/trgovina\/\"},{\"@type\":\"ListItem\",\"position\":2,\"name\":\"Trgovina\",\"item\":\"https:\/\/www.iskreni.net\/trgovina\/trgovina\/\"},{\"@type\":\"ListItem\",\"position\":3,\"name\":\"Krivomisleki\"}]},{\"@type\":\"WebSite\",\"@id\":\"https:\/\/www.iskreni.net\/trgovina\/#website\",\"url\":\"https:\/\/www.iskreni.net\/trgovina\/\",\"name\":\"Zavod Iskreni\",\"description\":\"trgovina\",\"potentialAction\":[{\"@type\":\"SearchAction\",\"target\":{\"@type\":\"EntryPoint\",\"urlTemplate\":\"https:\/\/www.iskreni.net\/trgovina\/?s={search_term_string}\"},\"query-input\":{\"@type\":\"PropertyValueSpecification\",\"valueRequired\":true,\"valueName\":\"search_term_string\"}}],\"inLanguage\":\"sl-SI\"}]}<\/script>\n<!-- \/ Yoast SEO plugin. -->","yoast_head_json":{"title":"Krivomisleki","description":"Gre za kolumne, ki so domiselne, pronicljive, v\u010dasih nadle\u017eno zbadajo\u010de, a vendarle ravno dovolj, da nas premaknejo s to\u010dke mrtvila.","robots":{"index":"index","follow":"follow","max-snippet":"max-snippet:-1","max-image-preview":"max-image-preview:large","max-video-preview":"max-video-preview:-1"},"canonical":"https:\/\/www.iskreni.net\/trgovina\/product\/krivomisleki\/","og_locale":"sl_SI","og_type":"article","og_title":"Krivomisleki","og_description":"Gre za kolumne, ki so domiselne, pronicljive, v\u010dasih nadle\u017eno zbadajo\u010de, a vendarle ravno dovolj, da nas premaknejo s to\u010dke mrtvila.","og_url":"https:\/\/www.iskreni.net\/trgovina\/product\/krivomisleki\/","og_site_name":"Zavod Iskreni","article_modified_time":"2026-03-04T12:16:09+00:00","og_image":[{"width":600,"height":600,"url":"https:\/\/www.iskreni.net\/trgovina\/wp-content\/uploads\/2026\/02\/Slike-za-v-spletno-trgovino-2026-02-27T103152.389.jpg","type":"image\/jpeg"}],"twitter_card":"summary_large_image","twitter_misc":{"Est. reading time":"1 minuta"},"schema":{"@context":"https:\/\/schema.org","@graph":[{"@type":"WebPage","@id":"https:\/\/www.iskreni.net\/trgovina\/product\/krivomisleki\/","url":"https:\/\/www.iskreni.net\/trgovina\/product\/krivomisleki\/","name":"Krivomisleki","isPartOf":{"@id":"https:\/\/www.iskreni.net\/trgovina\/#website"},"primaryImageOfPage":{"@id":"https:\/\/www.iskreni.net\/trgovina\/product\/krivomisleki\/#primaryimage"},"image":{"@id":"https:\/\/www.iskreni.net\/trgovina\/product\/krivomisleki\/#primaryimage"},"thumbnailUrl":"https:\/\/www.iskreni.net\/trgovina\/wp-content\/uploads\/2026\/02\/Slike-za-v-spletno-trgovino-2026-02-27T103152.389.jpg","datePublished":"2026-02-27T09:32:32+00:00","dateModified":"2026-03-04T12:16:09+00:00","description":"Gre za kolumne, ki so domiselne, pronicljive, v\u010dasih nadle\u017eno zbadajo\u010de, a vendarle ravno dovolj, da nas premaknejo s to\u010dke mrtvila.","breadcrumb":{"@id":"https:\/\/www.iskreni.net\/trgovina\/product\/krivomisleki\/#breadcrumb"},"inLanguage":"sl-SI","potentialAction":[{"@type":"ReadAction","target":["https:\/\/www.iskreni.net\/trgovina\/product\/krivomisleki\/"]}]},{"@type":"ImageObject","inLanguage":"sl-SI","@id":"https:\/\/www.iskreni.net\/trgovina\/product\/krivomisleki\/#primaryimage","url":"https:\/\/www.iskreni.net\/trgovina\/wp-content\/uploads\/2026\/02\/Slike-za-v-spletno-trgovino-2026-02-27T103152.389.jpg","contentUrl":"https:\/\/www.iskreni.net\/trgovina\/wp-content\/uploads\/2026\/02\/Slike-za-v-spletno-trgovino-2026-02-27T103152.389.jpg","width":600,"height":600},{"@type":"BreadcrumbList","@id":"https:\/\/www.iskreni.net\/trgovina\/product\/krivomisleki\/#breadcrumb","itemListElement":[{"@type":"ListItem","position":1,"name":"Home","item":"https:\/\/www.iskreni.net\/trgovina\/"},{"@type":"ListItem","position":2,"name":"Trgovina","item":"https:\/\/www.iskreni.net\/trgovina\/trgovina\/"},{"@type":"ListItem","position":3,"name":"Krivomisleki"}]},{"@type":"WebSite","@id":"https:\/\/www.iskreni.net\/trgovina\/#website","url":"https:\/\/www.iskreni.net\/trgovina\/","name":"Zavod Iskreni","description":"trgovina","potentialAction":[{"@type":"SearchAction","target":{"@type":"EntryPoint","urlTemplate":"https:\/\/www.iskreni.net\/trgovina\/?s={search_term_string}"},"query-input":{"@type":"PropertyValueSpecification","valueRequired":true,"valueName":"search_term_string"}}],"inLanguage":"sl-SI"}]}},"_links":{"self":[{"href":"https:\/\/www.iskreni.net\/trgovina\/wp-json\/wp\/v2\/product\/92019","targetHints":{"allow":["GET"]}}],"collection":[{"href":"https:\/\/www.iskreni.net\/trgovina\/wp-json\/wp\/v2\/product"}],"about":[{"href":"https:\/\/www.iskreni.net\/trgovina\/wp-json\/wp\/v2\/types\/product"}],"replies":[{"embeddable":true,"href":"https:\/\/www.iskreni.net\/trgovina\/wp-json\/wp\/v2\/comments?post=92019"}],"version-history":[{"count":2,"href":"https:\/\/www.iskreni.net\/trgovina\/wp-json\/wp\/v2\/product\/92019\/revisions"}],"predecessor-version":[{"id":92024,"href":"https:\/\/www.iskreni.net\/trgovina\/wp-json\/wp\/v2\/product\/92019\/revisions\/92024"}],"wp:featuredmedia":[{"embeddable":true,"href":"https:\/\/www.iskreni.net\/trgovina\/wp-json\/wp\/v2\/media\/92021"}],"wp:attachment":[{"href":"https:\/\/www.iskreni.net\/trgovina\/wp-json\/wp\/v2\/media?parent=92019"}],"wp:term":[{"taxonomy":"product_brand","embeddable":true,"href":"https:\/\/www.iskreni.net\/trgovina\/wp-json\/wp\/v2\/product_brand?post=92019"},{"taxonomy":"product_cat","embeddable":true,"href":"https:\/\/www.iskreni.net\/trgovina\/wp-json\/wp\/v2\/product_cat?post=92019"},{"taxonomy":"product_tag","embeddable":true,"href":"https:\/\/www.iskreni.net\/trgovina\/wp-json\/wp\/v2\/product_tag?post=92019"},{"taxonomy":"avtor","embeddable":true,"href":"https:\/\/www.iskreni.net\/trgovina\/wp-json\/wp\/v2\/avtor?post=92019"},{"taxonomy":"zalozba","embeddable":true,"href":"https:\/\/www.iskreni.net\/trgovina\/wp-json\/wp\/v2\/zalozba?post=92019"},{"taxonomy":"vezava","embeddable":true,"href":"https:\/\/www.iskreni.net\/trgovina\/wp-json\/wp\/v2\/vezava?post=92019"}],"curies":[{"name":"wp","href":"https:\/\/api.w.org\/{rel}","templated":true}]}}