{"id":92014,"date":"2026-02-27T10:19:38","date_gmt":"2026-02-27T09:19:38","guid":{"rendered":"https:\/\/www.iskreni.net\/trgovina\/?post_type=product&#038;p=92014"},"modified":"2026-03-04T13:16:29","modified_gmt":"2026-03-04T12:16:29","slug":"leon-xiv-svetovljan-in-misijonar-xxi-stoletja","status":"publish","type":"product","link":"https:\/\/www.iskreni.net\/trgovina\/product\/leon-xiv-svetovljan-in-misijonar-xxi-stoletja\/","title":{"rendered":"Leon XIV.: Svetovljan in misijonar XXI. stoletja"},"content":{"rendered":"<h4>O knjigi:<\/h4>\n<p>Vatikanistka in dopisnica portala Crux Elise Ann Allen v obse\u017eni biografiji podrobno predstavi \u017eivljenjsko pot Roberta Francisa Prevosta, ki je 8. maja 2025 postal pape\u017e Leon XIV.<\/p>\n<p>Od odra\u0161\u010danja v prijaznem dru\u017einskem okolju v predmestju Chicaga do \u0161tudija matematike in teologije, vstopa v red avgu\u0161tincev, misijonarjenja, vodenja svojega reda, \u0161kofije Chiclayo in Dikasterija za \u0161kofe \u2013 ko\u0161\u010dek za ko\u0161\u010dkom odkrivamo polnokrvnega svetovljana in misijonarja za XXI. stoletje, sodobnega pastirja, ki razume dana\u0161njega \u010dloveka in njegove najgloblje stiske.<\/p>\n<p>Pripoved zaokro\u017euje obse\u017een intervju \u2013 prvi, ki ga je Leon XIV. dal v svojem pontifikatu dva meseca po izvolitvi. Temeljni program odstira njegove na\u010drte in vizijo razvoja Cerkve, ki spo\u0161tuje celotno tradicijo, a hkrati ponuja sve\u017eino, s katero se bo lahko soo\u010dila z izzivi prihodnjih desetletij.<\/p>\n<p>&nbsp;<\/p>\n<p><strong>Odlomek iz knjige:<\/strong><\/p>\n<p>&#8220;Biti pape\u017e, Petrov naslednik, poklican, da druge potrjuje\u0161 v veri, kar je najpomembnej\u0161i del poslanstva, je nekaj, kar se lahko zgodi le po Bo\u017eji milosti; tega druga\u010de ni mogo\u010de razlo\u017eiti. Le po Svetem Duhu sem lahko bil izvoljen v to slu\u017ebo, v to poslanstvo. Le zaradi svoje vere, prehojene \u017eivljenjske poti, na\u010dina, kako razumem Jezusa Kristusa in evangelij, sem zmogel re\u010di: \u00bbTukaj sem.\u00ab Upam, da bom zmogel druge potrjevati v veri, ker je to temeljna naloga Petrovega naslednika.&#8221;<\/p>\n","protected":false},"excerpt":{"rendered":"<p><strong>Avtor prevoda:<\/strong> Andrej Turk<br \/>\n<strong>Leto izdaje:<\/strong> 2026<br \/>\n<strong>\u0160tevilo strani:\u00a0<\/strong>285<br \/>\n<strong>Format:<\/strong> 140 mm x 210 mm<br \/>\n<strong>Prevod intervjuja:<\/strong> Kristian Ko\u017eelj<\/p>\n<p><a href=\"https:\/\/www.iskreni.net\/trgovina\/wp-content\/uploads\/2026\/02\/leon-xiv-svetovljan-ogledni-1.pdf\">Predogled knjige<\/a><\/p>\n","protected":false},"featured_media":92016,"comment_status":"open","ping_status":"closed","template":"","meta":[],"product_brand":[],"product_cat":[2324,63],"product_tag":[3211],"avtor":[3236],"zalozba":[2311],"vezava":[2306],"class_list":{"0":"post-92014","1":"product","2":"type-product","3":"status-publish","4":"has-post-thumbnail","6":"product_cat-duhovnost-in-osebna-rast","7":"product_cat-knjige","8":"product_tag-darilo","9":"avtor-elise-ann-allen","10":"zalozba-druzina","11":"vezava-trda","13":"first","14":"instock","15":"taxable","16":"shipping-taxable","17":"purchasable","18":"product-type-simple"},"yoast_head":"<!-- This site is optimized with the Yoast SEO plugin v26.3 - https:\/\/yoast.com\/wordpress\/plugins\/seo\/ -->\n<title>Leon XIV.: Svetovljan in misijonar XXI. stoletja<\/title>\n<meta name=\"description\" content=\"Pripoved zaokro\u017euje obse\u017een intervju \u2013 prvi, ki ga je Leon XIV. dal v svojem pontifikatu dva meseca po izvolitvi. Temeljni program odstira njegove na\u010drte in vizijo razvoja Cerkve, ki spo\u0161tuje celotno tradicijo, a hkrati ponuja sve\u017eino, s katero se bo lahko soo\u010dila z izzivi prihodnjih desetletij.\" \/>\n<meta name=\"robots\" content=\"index, follow, max-snippet:-1, max-image-preview:large, max-video-preview:-1\" \/>\n<link rel=\"canonical\" href=\"https:\/\/www.iskreni.net\/trgovina\/product\/leon-xiv-svetovljan-in-misijonar-xxi-stoletja\/\" \/>\n<meta property=\"og:locale\" content=\"sl_SI\" \/>\n<meta property=\"og:type\" content=\"article\" \/>\n<meta property=\"og:title\" content=\"Leon XIV.: Svetovljan in misijonar XXI. stoletja\" \/>\n<meta property=\"og:description\" content=\"Pripoved zaokro\u017euje obse\u017een intervju \u2013 prvi, ki ga je Leon XIV. dal v svojem pontifikatu dva meseca po izvolitvi. Temeljni program odstira njegove na\u010drte in vizijo razvoja Cerkve, ki spo\u0161tuje celotno tradicijo, a hkrati ponuja sve\u017eino, s katero se bo lahko soo\u010dila z izzivi prihodnjih desetletij.\" \/>\n<meta property=\"og:url\" content=\"https:\/\/www.iskreni.net\/trgovina\/product\/leon-xiv-svetovljan-in-misijonar-xxi-stoletja\/\" \/>\n<meta property=\"og:site_name\" content=\"Zavod Iskreni\" \/>\n<meta property=\"article:modified_time\" content=\"2026-03-04T12:16:29+00:00\" \/>\n<meta property=\"og:image\" content=\"https:\/\/www.iskreni.net\/trgovina\/wp-content\/uploads\/2026\/02\/Slike-za-v-spletno-trgovino-2026-02-27T101932.350.jpg\" \/>\n\t<meta property=\"og:image:width\" content=\"600\" \/>\n\t<meta property=\"og:image:height\" content=\"600\" \/>\n\t<meta property=\"og:image:type\" content=\"image\/jpeg\" \/>\n<meta name=\"twitter:card\" content=\"summary_large_image\" \/>\n<meta name=\"twitter:label1\" content=\"Est. reading time\" \/>\n\t<meta name=\"twitter:data1\" content=\"2 minuti\" \/>\n<script type=\"application\/ld+json\" class=\"yoast-schema-graph\">{\"@context\":\"https:\/\/schema.org\",\"@graph\":[{\"@type\":\"WebPage\",\"@id\":\"https:\/\/www.iskreni.net\/trgovina\/product\/leon-xiv-svetovljan-in-misijonar-xxi-stoletja\/\",\"url\":\"https:\/\/www.iskreni.net\/trgovina\/product\/leon-xiv-svetovljan-in-misijonar-xxi-stoletja\/\",\"name\":\"Leon XIV.: Svetovljan in misijonar XXI. stoletja\",\"isPartOf\":{\"@id\":\"https:\/\/www.iskreni.net\/trgovina\/#website\"},\"primaryImageOfPage\":{\"@id\":\"https:\/\/www.iskreni.net\/trgovina\/product\/leon-xiv-svetovljan-in-misijonar-xxi-stoletja\/#primaryimage\"},\"image\":{\"@id\":\"https:\/\/www.iskreni.net\/trgovina\/product\/leon-xiv-svetovljan-in-misijonar-xxi-stoletja\/#primaryimage\"},\"thumbnailUrl\":\"https:\/\/www.iskreni.net\/trgovina\/wp-content\/uploads\/2026\/02\/Slike-za-v-spletno-trgovino-2026-02-27T101932.350.jpg\",\"datePublished\":\"2026-02-27T09:19:38+00:00\",\"dateModified\":\"2026-03-04T12:16:29+00:00\",\"description\":\"Pripoved zaokro\u017euje obse\u017een intervju \u2013 prvi, ki ga je Leon XIV. dal v svojem pontifikatu dva meseca po izvolitvi. Temeljni program odstira njegove na\u010drte in vizijo razvoja Cerkve, ki spo\u0161tuje celotno tradicijo, a hkrati ponuja sve\u017eino, s katero se bo lahko soo\u010dila z izzivi prihodnjih desetletij.\",\"breadcrumb\":{\"@id\":\"https:\/\/www.iskreni.net\/trgovina\/product\/leon-xiv-svetovljan-in-misijonar-xxi-stoletja\/#breadcrumb\"},\"inLanguage\":\"sl-SI\",\"potentialAction\":[{\"@type\":\"ReadAction\",\"target\":[\"https:\/\/www.iskreni.net\/trgovina\/product\/leon-xiv-svetovljan-in-misijonar-xxi-stoletja\/\"]}]},{\"@type\":\"ImageObject\",\"inLanguage\":\"sl-SI\",\"@id\":\"https:\/\/www.iskreni.net\/trgovina\/product\/leon-xiv-svetovljan-in-misijonar-xxi-stoletja\/#primaryimage\",\"url\":\"https:\/\/www.iskreni.net\/trgovina\/wp-content\/uploads\/2026\/02\/Slike-za-v-spletno-trgovino-2026-02-27T101932.350.jpg\",\"contentUrl\":\"https:\/\/www.iskreni.net\/trgovina\/wp-content\/uploads\/2026\/02\/Slike-za-v-spletno-trgovino-2026-02-27T101932.350.jpg\",\"width\":600,\"height\":600},{\"@type\":\"BreadcrumbList\",\"@id\":\"https:\/\/www.iskreni.net\/trgovina\/product\/leon-xiv-svetovljan-in-misijonar-xxi-stoletja\/#breadcrumb\",\"itemListElement\":[{\"@type\":\"ListItem\",\"position\":1,\"name\":\"Home\",\"item\":\"https:\/\/www.iskreni.net\/trgovina\/\"},{\"@type\":\"ListItem\",\"position\":2,\"name\":\"Trgovina\",\"item\":\"https:\/\/www.iskreni.net\/trgovina\/trgovina\/\"},{\"@type\":\"ListItem\",\"position\":3,\"name\":\"Leon XIV.: Svetovljan in misijonar XXI. stoletja\"}]},{\"@type\":\"WebSite\",\"@id\":\"https:\/\/www.iskreni.net\/trgovina\/#website\",\"url\":\"https:\/\/www.iskreni.net\/trgovina\/\",\"name\":\"Zavod Iskreni\",\"description\":\"trgovina\",\"potentialAction\":[{\"@type\":\"SearchAction\",\"target\":{\"@type\":\"EntryPoint\",\"urlTemplate\":\"https:\/\/www.iskreni.net\/trgovina\/?s={search_term_string}\"},\"query-input\":{\"@type\":\"PropertyValueSpecification\",\"valueRequired\":true,\"valueName\":\"search_term_string\"}}],\"inLanguage\":\"sl-SI\"}]}<\/script>\n<!-- \/ Yoast SEO plugin. -->","yoast_head_json":{"title":"Leon XIV.: Svetovljan in misijonar XXI. stoletja","description":"Pripoved zaokro\u017euje obse\u017een intervju \u2013 prvi, ki ga je Leon XIV. dal v svojem pontifikatu dva meseca po izvolitvi. Temeljni program odstira njegove na\u010drte in vizijo razvoja Cerkve, ki spo\u0161tuje celotno tradicijo, a hkrati ponuja sve\u017eino, s katero se bo lahko soo\u010dila z izzivi prihodnjih desetletij.","robots":{"index":"index","follow":"follow","max-snippet":"max-snippet:-1","max-image-preview":"max-image-preview:large","max-video-preview":"max-video-preview:-1"},"canonical":"https:\/\/www.iskreni.net\/trgovina\/product\/leon-xiv-svetovljan-in-misijonar-xxi-stoletja\/","og_locale":"sl_SI","og_type":"article","og_title":"Leon XIV.: Svetovljan in misijonar XXI. stoletja","og_description":"Pripoved zaokro\u017euje obse\u017een intervju \u2013 prvi, ki ga je Leon XIV. dal v svojem pontifikatu dva meseca po izvolitvi. Temeljni program odstira njegove na\u010drte in vizijo razvoja Cerkve, ki spo\u0161tuje celotno tradicijo, a hkrati ponuja sve\u017eino, s katero se bo lahko soo\u010dila z izzivi prihodnjih desetletij.","og_url":"https:\/\/www.iskreni.net\/trgovina\/product\/leon-xiv-svetovljan-in-misijonar-xxi-stoletja\/","og_site_name":"Zavod Iskreni","article_modified_time":"2026-03-04T12:16:29+00:00","og_image":[{"width":600,"height":600,"url":"https:\/\/www.iskreni.net\/trgovina\/wp-content\/uploads\/2026\/02\/Slike-za-v-spletno-trgovino-2026-02-27T101932.350.jpg","type":"image\/jpeg"}],"twitter_card":"summary_large_image","twitter_misc":{"Est. reading time":"2 minuti"},"schema":{"@context":"https:\/\/schema.org","@graph":[{"@type":"WebPage","@id":"https:\/\/www.iskreni.net\/trgovina\/product\/leon-xiv-svetovljan-in-misijonar-xxi-stoletja\/","url":"https:\/\/www.iskreni.net\/trgovina\/product\/leon-xiv-svetovljan-in-misijonar-xxi-stoletja\/","name":"Leon XIV.: Svetovljan in misijonar XXI. stoletja","isPartOf":{"@id":"https:\/\/www.iskreni.net\/trgovina\/#website"},"primaryImageOfPage":{"@id":"https:\/\/www.iskreni.net\/trgovina\/product\/leon-xiv-svetovljan-in-misijonar-xxi-stoletja\/#primaryimage"},"image":{"@id":"https:\/\/www.iskreni.net\/trgovina\/product\/leon-xiv-svetovljan-in-misijonar-xxi-stoletja\/#primaryimage"},"thumbnailUrl":"https:\/\/www.iskreni.net\/trgovina\/wp-content\/uploads\/2026\/02\/Slike-za-v-spletno-trgovino-2026-02-27T101932.350.jpg","datePublished":"2026-02-27T09:19:38+00:00","dateModified":"2026-03-04T12:16:29+00:00","description":"Pripoved zaokro\u017euje obse\u017een intervju \u2013 prvi, ki ga je Leon XIV. dal v svojem pontifikatu dva meseca po izvolitvi. Temeljni program odstira njegove na\u010drte in vizijo razvoja Cerkve, ki spo\u0161tuje celotno tradicijo, a hkrati ponuja sve\u017eino, s katero se bo lahko soo\u010dila z izzivi prihodnjih desetletij.","breadcrumb":{"@id":"https:\/\/www.iskreni.net\/trgovina\/product\/leon-xiv-svetovljan-in-misijonar-xxi-stoletja\/#breadcrumb"},"inLanguage":"sl-SI","potentialAction":[{"@type":"ReadAction","target":["https:\/\/www.iskreni.net\/trgovina\/product\/leon-xiv-svetovljan-in-misijonar-xxi-stoletja\/"]}]},{"@type":"ImageObject","inLanguage":"sl-SI","@id":"https:\/\/www.iskreni.net\/trgovina\/product\/leon-xiv-svetovljan-in-misijonar-xxi-stoletja\/#primaryimage","url":"https:\/\/www.iskreni.net\/trgovina\/wp-content\/uploads\/2026\/02\/Slike-za-v-spletno-trgovino-2026-02-27T101932.350.jpg","contentUrl":"https:\/\/www.iskreni.net\/trgovina\/wp-content\/uploads\/2026\/02\/Slike-za-v-spletno-trgovino-2026-02-27T101932.350.jpg","width":600,"height":600},{"@type":"BreadcrumbList","@id":"https:\/\/www.iskreni.net\/trgovina\/product\/leon-xiv-svetovljan-in-misijonar-xxi-stoletja\/#breadcrumb","itemListElement":[{"@type":"ListItem","position":1,"name":"Home","item":"https:\/\/www.iskreni.net\/trgovina\/"},{"@type":"ListItem","position":2,"name":"Trgovina","item":"https:\/\/www.iskreni.net\/trgovina\/trgovina\/"},{"@type":"ListItem","position":3,"name":"Leon XIV.: Svetovljan in misijonar XXI. stoletja"}]},{"@type":"WebSite","@id":"https:\/\/www.iskreni.net\/trgovina\/#website","url":"https:\/\/www.iskreni.net\/trgovina\/","name":"Zavod Iskreni","description":"trgovina","potentialAction":[{"@type":"SearchAction","target":{"@type":"EntryPoint","urlTemplate":"https:\/\/www.iskreni.net\/trgovina\/?s={search_term_string}"},"query-input":{"@type":"PropertyValueSpecification","valueRequired":true,"valueName":"search_term_string"}}],"inLanguage":"sl-SI"}]}},"_links":{"self":[{"href":"https:\/\/www.iskreni.net\/trgovina\/wp-json\/wp\/v2\/product\/92014","targetHints":{"allow":["GET"]}}],"collection":[{"href":"https:\/\/www.iskreni.net\/trgovina\/wp-json\/wp\/v2\/product"}],"about":[{"href":"https:\/\/www.iskreni.net\/trgovina\/wp-json\/wp\/v2\/types\/product"}],"replies":[{"embeddable":true,"href":"https:\/\/www.iskreni.net\/trgovina\/wp-json\/wp\/v2\/comments?post=92014"}],"version-history":[{"count":2,"href":"https:\/\/www.iskreni.net\/trgovina\/wp-json\/wp\/v2\/product\/92014\/revisions"}],"predecessor-version":[{"id":92018,"href":"https:\/\/www.iskreni.net\/trgovina\/wp-json\/wp\/v2\/product\/92014\/revisions\/92018"}],"wp:featuredmedia":[{"embeddable":true,"href":"https:\/\/www.iskreni.net\/trgovina\/wp-json\/wp\/v2\/media\/92016"}],"wp:attachment":[{"href":"https:\/\/www.iskreni.net\/trgovina\/wp-json\/wp\/v2\/media?parent=92014"}],"wp:term":[{"taxonomy":"product_brand","embeddable":true,"href":"https:\/\/www.iskreni.net\/trgovina\/wp-json\/wp\/v2\/product_brand?post=92014"},{"taxonomy":"product_cat","embeddable":true,"href":"https:\/\/www.iskreni.net\/trgovina\/wp-json\/wp\/v2\/product_cat?post=92014"},{"taxonomy":"product_tag","embeddable":true,"href":"https:\/\/www.iskreni.net\/trgovina\/wp-json\/wp\/v2\/product_tag?post=92014"},{"taxonomy":"avtor","embeddable":true,"href":"https:\/\/www.iskreni.net\/trgovina\/wp-json\/wp\/v2\/avtor?post=92014"},{"taxonomy":"zalozba","embeddable":true,"href":"https:\/\/www.iskreni.net\/trgovina\/wp-json\/wp\/v2\/zalozba?post=92014"},{"taxonomy":"vezava","embeddable":true,"href":"https:\/\/www.iskreni.net\/trgovina\/wp-json\/wp\/v2\/vezava?post=92014"}],"curies":[{"name":"wp","href":"https:\/\/api.w.org\/{rel}","templated":true}]}}