{"id":9200,"date":"2020-06-16T12:45:29","date_gmt":"2020-06-16T10:45:29","guid":{"rendered":"https:\/\/www.iskreni.net\/trgovina\/?post_type=product&#038;p=9200"},"modified":"2024-10-29T14:41:00","modified_gmt":"2024-10-29T13:41:00","slug":"celostni-razvoj-otroskih-mozganov","status":"publish","type":"product","link":"https:\/\/www.iskreni.net\/trgovina\/product\/celostni-razvoj-otroskih-mozganov\/","title":{"rendered":"Celostni razvoj otro\u0161kih mo\u017eganov"},"content":{"rendered":"<h4><b>O knjigi <em><strong>Celostni razvoj otro\u0161kih mo\u017eganov<\/strong>:<\/em><\/b><\/h4>\n<p>V knjigi nam avtorja Daniel J. Siegel, dr. med in dr. Tina Payne Bryson predstavita najsodobnej\u0161a odkritja o razvoju otro\u0161kih mo\u017eganov. Oblikovala sta 12 prakti\u010dnih metod, ki jih lahko uporabimo pri vsakodnevnih star\u0161evskih izzivih.<\/p>\n<p>Metode nam pomagajo v te\u017ekih trenutkih, ki jih do\u017eivljamo s svojimi otroki in nas u\u010dijo, kako iz teh trenutkov lahko rastemo mi in na\u0161i otroci. Predvsem pa so te metode tudi na\u010dini, kako se v posameznih trenutkih odzivati na na\u0161e otroke, tako da bomo spodbujali integrativni razvoj njihovih mo\u017eganov. Integracija je v odraslosti temelj psihi\u010dnega zdravja.<\/p>\n<h4>O avtorjih:<\/h4>\n<p>Daniel J. Siegel je diplomiral na Harvardski medicinski \u0161oli in kon\u010dal podiplomsko izobra\u017eevanje na Univerzi Kalifornije v Los Angelesu, in sicer na podro\u010dju pediatrije in psihiatrije za otroke, adolescente in odrasle. Trenutno je profesor klini\u010dne psihiatrije na Medicinski \u0161oli na Univerzi Kalifornije, eden od direktorjev ustanove Mindful Awareness Research Center na isti univerzi in glavni direktor izobra\u017eevalnega centra Mindsight.<\/p>\n<p>Tina Payne Bryson je psihoterapevtka pri Zdru\u017eenju za psihologijo otrok in mladostnikov v Arcadiji v Kaliforniji, kjer sre\u010duje otroke in mladostnike ter svetuje star\u0161em. Pi\u0161e in predava star\u0161em, izobra\u017eevalcem ter poklicnim strokovnjakom, poleg tega pa je direktorica In\u0161tituta za izobra\u017eevanje star\u0161ev in in\u0161tituta Mindsight.<\/p>\n","protected":false},"excerpt":{"rendered":"<p><strong>Avtorja:<\/strong> Daniel J. Siegel, Tina Payne Bryson<br \/>\n<strong>Prevod:<\/strong> Primo\u017e Trobev\u0161ek<br \/>\n<strong>Zalo\u017eba:<\/strong> Pogled<br \/>\n<strong>\u0160tevilo strani:<\/strong> 208<br \/>\n<strong>Leto izdaje:<\/strong> 2018<\/p>\n<p><em>Svetovna uspe\u0161nica! Celostni razvoj otro\u0161kih mo\u017eganov; 12 revolucionarnih metod, s katerimi spodbujamo razvoj otro\u0161kih mo\u017eganov.<\/em><\/p>\n","protected":false},"featured_media":9203,"comment_status":"open","ping_status":"closed","template":"","meta":[],"product_brand":[],"product_cat":[2323,63],"product_tag":[],"avtor":[],"zalozba":[],"vezava":[],"class_list":{"0":"post-9200","1":"product","2":"type-product","3":"status-publish","4":"has-post-thumbnail","6":"product_cat-vzgoja","7":"product_cat-knjige","9":"first","10":"outofstock","11":"taxable","12":"shipping-taxable","13":"purchasable","14":"product-type-simple"},"yoast_head":"<!-- This site is optimized with the Yoast SEO plugin v26.3 - https:\/\/yoast.com\/wordpress\/plugins\/seo\/ -->\n<title>Celostni razvoj otro\u0161kih mo\u017eganov - Svetovna uspe\u0161nica! - Zavod Iskreni<\/title>\n<meta name=\"description\" content=\"Svetovna uspe\u0161nica! Celostni razvoj otro\u0161kih mo\u017eganov; 12 revolucionarnih metod, s katerimi spodbujamo razvoj otro\u0161kih mo\u017eganov.\" \/>\n<meta name=\"robots\" content=\"index, follow, max-snippet:-1, max-image-preview:large, max-video-preview:-1\" \/>\n<link rel=\"canonical\" href=\"https:\/\/www.iskreni.net\/trgovina\/product\/celostni-razvoj-otroskih-mozganov\/\" \/>\n<meta property=\"og:locale\" content=\"sl_SI\" \/>\n<meta property=\"og:type\" content=\"article\" \/>\n<meta property=\"og:title\" content=\"Celostni razvoj otro\u0161kih mo\u017eganov - Svetovna uspe\u0161nica! - Zavod Iskreni\" \/>\n<meta property=\"og:description\" content=\"Svetovna uspe\u0161nica! Celostni razvoj otro\u0161kih mo\u017eganov; 12 revolucionarnih metod, s katerimi spodbujamo razvoj otro\u0161kih mo\u017eganov.\" \/>\n<meta property=\"og:url\" content=\"https:\/\/www.iskreni.net\/trgovina\/product\/celostni-razvoj-otroskih-mozganov\/\" \/>\n<meta property=\"og:site_name\" content=\"Zavod Iskreni\" \/>\n<meta property=\"article:modified_time\" content=\"2024-10-29T13:41:00+00:00\" \/>\n<meta property=\"og:image\" content=\"https:\/\/www.iskreni.net\/trgovina\/wp-content\/uploads\/2020\/06\/celostni-razvoj-otroskih-mozganov-kvadrat.jpg.jpg\" \/>\n\t<meta property=\"og:image:width\" content=\"700\" \/>\n\t<meta property=\"og:image:height\" content=\"700\" \/>\n\t<meta property=\"og:image:type\" content=\"image\/jpeg\" \/>\n<meta name=\"twitter:card\" content=\"summary_large_image\" \/>\n<meta name=\"twitter:label1\" content=\"Est. reading time\" \/>\n\t<meta name=\"twitter:data1\" content=\"2 minuti\" \/>\n<script type=\"application\/ld+json\" class=\"yoast-schema-graph\">{\"@context\":\"https:\/\/schema.org\",\"@graph\":[{\"@type\":\"WebPage\",\"@id\":\"https:\/\/www.iskreni.net\/trgovina\/product\/celostni-razvoj-otroskih-mozganov\/\",\"url\":\"https:\/\/www.iskreni.net\/trgovina\/product\/celostni-razvoj-otroskih-mozganov\/\",\"name\":\"Celostni razvoj otro\u0161kih mo\u017eganov - Svetovna uspe\u0161nica! - Zavod Iskreni\",\"isPartOf\":{\"@id\":\"https:\/\/www.iskreni.net\/trgovina\/#website\"},\"primaryImageOfPage\":{\"@id\":\"https:\/\/www.iskreni.net\/trgovina\/product\/celostni-razvoj-otroskih-mozganov\/#primaryimage\"},\"image\":{\"@id\":\"https:\/\/www.iskreni.net\/trgovina\/product\/celostni-razvoj-otroskih-mozganov\/#primaryimage\"},\"thumbnailUrl\":\"https:\/\/www.iskreni.net\/trgovina\/wp-content\/uploads\/2020\/06\/celostni-razvoj-otroskih-mozganov-kvadrat.jpg.jpg\",\"datePublished\":\"2020-06-16T10:45:29+00:00\",\"dateModified\":\"2024-10-29T13:41:00+00:00\",\"description\":\"Svetovna uspe\u0161nica! Celostni razvoj otro\u0161kih mo\u017eganov; 12 revolucionarnih metod, s katerimi spodbujamo razvoj otro\u0161kih mo\u017eganov.\",\"breadcrumb\":{\"@id\":\"https:\/\/www.iskreni.net\/trgovina\/product\/celostni-razvoj-otroskih-mozganov\/#breadcrumb\"},\"inLanguage\":\"sl-SI\",\"potentialAction\":[{\"@type\":\"ReadAction\",\"target\":[\"https:\/\/www.iskreni.net\/trgovina\/product\/celostni-razvoj-otroskih-mozganov\/\"]}]},{\"@type\":\"ImageObject\",\"inLanguage\":\"sl-SI\",\"@id\":\"https:\/\/www.iskreni.net\/trgovina\/product\/celostni-razvoj-otroskih-mozganov\/#primaryimage\",\"url\":\"https:\/\/www.iskreni.net\/trgovina\/wp-content\/uploads\/2020\/06\/celostni-razvoj-otroskih-mozganov-kvadrat.jpg.jpg\",\"contentUrl\":\"https:\/\/www.iskreni.net\/trgovina\/wp-content\/uploads\/2020\/06\/celostni-razvoj-otroskih-mozganov-kvadrat.jpg.jpg\",\"width\":700,\"height\":700},{\"@type\":\"BreadcrumbList\",\"@id\":\"https:\/\/www.iskreni.net\/trgovina\/product\/celostni-razvoj-otroskih-mozganov\/#breadcrumb\",\"itemListElement\":[{\"@type\":\"ListItem\",\"position\":1,\"name\":\"Home\",\"item\":\"https:\/\/www.iskreni.net\/trgovina\/\"},{\"@type\":\"ListItem\",\"position\":2,\"name\":\"Trgovina\",\"item\":\"https:\/\/www.iskreni.net\/trgovina\/trgovina\/\"},{\"@type\":\"ListItem\",\"position\":3,\"name\":\"Celostni razvoj otro\u0161kih mo\u017eganov\"}]},{\"@type\":\"WebSite\",\"@id\":\"https:\/\/www.iskreni.net\/trgovina\/#website\",\"url\":\"https:\/\/www.iskreni.net\/trgovina\/\",\"name\":\"Zavod Iskreni\",\"description\":\"trgovina\",\"potentialAction\":[{\"@type\":\"SearchAction\",\"target\":{\"@type\":\"EntryPoint\",\"urlTemplate\":\"https:\/\/www.iskreni.net\/trgovina\/?s={search_term_string}\"},\"query-input\":{\"@type\":\"PropertyValueSpecification\",\"valueRequired\":true,\"valueName\":\"search_term_string\"}}],\"inLanguage\":\"sl-SI\"}]}<\/script>\n<!-- \/ Yoast SEO plugin. -->","yoast_head_json":{"title":"Celostni razvoj otro\u0161kih mo\u017eganov - Svetovna uspe\u0161nica! - Zavod Iskreni","description":"Svetovna uspe\u0161nica! Celostni razvoj otro\u0161kih mo\u017eganov; 12 revolucionarnih metod, s katerimi spodbujamo razvoj otro\u0161kih mo\u017eganov.","robots":{"index":"index","follow":"follow","max-snippet":"max-snippet:-1","max-image-preview":"max-image-preview:large","max-video-preview":"max-video-preview:-1"},"canonical":"https:\/\/www.iskreni.net\/trgovina\/product\/celostni-razvoj-otroskih-mozganov\/","og_locale":"sl_SI","og_type":"article","og_title":"Celostni razvoj otro\u0161kih mo\u017eganov - Svetovna uspe\u0161nica! - Zavod Iskreni","og_description":"Svetovna uspe\u0161nica! Celostni razvoj otro\u0161kih mo\u017eganov; 12 revolucionarnih metod, s katerimi spodbujamo razvoj otro\u0161kih mo\u017eganov.","og_url":"https:\/\/www.iskreni.net\/trgovina\/product\/celostni-razvoj-otroskih-mozganov\/","og_site_name":"Zavod Iskreni","article_modified_time":"2024-10-29T13:41:00+00:00","og_image":[{"width":700,"height":700,"url":"https:\/\/www.iskreni.net\/trgovina\/wp-content\/uploads\/2020\/06\/celostni-razvoj-otroskih-mozganov-kvadrat.jpg.jpg","type":"image\/jpeg"}],"twitter_card":"summary_large_image","twitter_misc":{"Est. reading time":"2 minuti"},"schema":{"@context":"https:\/\/schema.org","@graph":[{"@type":"WebPage","@id":"https:\/\/www.iskreni.net\/trgovina\/product\/celostni-razvoj-otroskih-mozganov\/","url":"https:\/\/www.iskreni.net\/trgovina\/product\/celostni-razvoj-otroskih-mozganov\/","name":"Celostni razvoj otro\u0161kih mo\u017eganov - Svetovna uspe\u0161nica! - Zavod Iskreni","isPartOf":{"@id":"https:\/\/www.iskreni.net\/trgovina\/#website"},"primaryImageOfPage":{"@id":"https:\/\/www.iskreni.net\/trgovina\/product\/celostni-razvoj-otroskih-mozganov\/#primaryimage"},"image":{"@id":"https:\/\/www.iskreni.net\/trgovina\/product\/celostni-razvoj-otroskih-mozganov\/#primaryimage"},"thumbnailUrl":"https:\/\/www.iskreni.net\/trgovina\/wp-content\/uploads\/2020\/06\/celostni-razvoj-otroskih-mozganov-kvadrat.jpg.jpg","datePublished":"2020-06-16T10:45:29+00:00","dateModified":"2024-10-29T13:41:00+00:00","description":"Svetovna uspe\u0161nica! Celostni razvoj otro\u0161kih mo\u017eganov; 12 revolucionarnih metod, s katerimi spodbujamo razvoj otro\u0161kih mo\u017eganov.","breadcrumb":{"@id":"https:\/\/www.iskreni.net\/trgovina\/product\/celostni-razvoj-otroskih-mozganov\/#breadcrumb"},"inLanguage":"sl-SI","potentialAction":[{"@type":"ReadAction","target":["https:\/\/www.iskreni.net\/trgovina\/product\/celostni-razvoj-otroskih-mozganov\/"]}]},{"@type":"ImageObject","inLanguage":"sl-SI","@id":"https:\/\/www.iskreni.net\/trgovina\/product\/celostni-razvoj-otroskih-mozganov\/#primaryimage","url":"https:\/\/www.iskreni.net\/trgovina\/wp-content\/uploads\/2020\/06\/celostni-razvoj-otroskih-mozganov-kvadrat.jpg.jpg","contentUrl":"https:\/\/www.iskreni.net\/trgovina\/wp-content\/uploads\/2020\/06\/celostni-razvoj-otroskih-mozganov-kvadrat.jpg.jpg","width":700,"height":700},{"@type":"BreadcrumbList","@id":"https:\/\/www.iskreni.net\/trgovina\/product\/celostni-razvoj-otroskih-mozganov\/#breadcrumb","itemListElement":[{"@type":"ListItem","position":1,"name":"Home","item":"https:\/\/www.iskreni.net\/trgovina\/"},{"@type":"ListItem","position":2,"name":"Trgovina","item":"https:\/\/www.iskreni.net\/trgovina\/trgovina\/"},{"@type":"ListItem","position":3,"name":"Celostni razvoj otro\u0161kih mo\u017eganov"}]},{"@type":"WebSite","@id":"https:\/\/www.iskreni.net\/trgovina\/#website","url":"https:\/\/www.iskreni.net\/trgovina\/","name":"Zavod Iskreni","description":"trgovina","potentialAction":[{"@type":"SearchAction","target":{"@type":"EntryPoint","urlTemplate":"https:\/\/www.iskreni.net\/trgovina\/?s={search_term_string}"},"query-input":{"@type":"PropertyValueSpecification","valueRequired":true,"valueName":"search_term_string"}}],"inLanguage":"sl-SI"}]}},"_links":{"self":[{"href":"https:\/\/www.iskreni.net\/trgovina\/wp-json\/wp\/v2\/product\/9200","targetHints":{"allow":["GET"]}}],"collection":[{"href":"https:\/\/www.iskreni.net\/trgovina\/wp-json\/wp\/v2\/product"}],"about":[{"href":"https:\/\/www.iskreni.net\/trgovina\/wp-json\/wp\/v2\/types\/product"}],"replies":[{"embeddable":true,"href":"https:\/\/www.iskreni.net\/trgovina\/wp-json\/wp\/v2\/comments?post=9200"}],"version-history":[{"count":1,"href":"https:\/\/www.iskreni.net\/trgovina\/wp-json\/wp\/v2\/product\/9200\/revisions"}],"predecessor-version":[{"id":68407,"href":"https:\/\/www.iskreni.net\/trgovina\/wp-json\/wp\/v2\/product\/9200\/revisions\/68407"}],"wp:featuredmedia":[{"embeddable":true,"href":"https:\/\/www.iskreni.net\/trgovina\/wp-json\/wp\/v2\/media\/9203"}],"wp:attachment":[{"href":"https:\/\/www.iskreni.net\/trgovina\/wp-json\/wp\/v2\/media?parent=9200"}],"wp:term":[{"taxonomy":"product_brand","embeddable":true,"href":"https:\/\/www.iskreni.net\/trgovina\/wp-json\/wp\/v2\/product_brand?post=9200"},{"taxonomy":"product_cat","embeddable":true,"href":"https:\/\/www.iskreni.net\/trgovina\/wp-json\/wp\/v2\/product_cat?post=9200"},{"taxonomy":"product_tag","embeddable":true,"href":"https:\/\/www.iskreni.net\/trgovina\/wp-json\/wp\/v2\/product_tag?post=9200"},{"taxonomy":"avtor","embeddable":true,"href":"https:\/\/www.iskreni.net\/trgovina\/wp-json\/wp\/v2\/avtor?post=9200"},{"taxonomy":"zalozba","embeddable":true,"href":"https:\/\/www.iskreni.net\/trgovina\/wp-json\/wp\/v2\/zalozba?post=9200"},{"taxonomy":"vezava","embeddable":true,"href":"https:\/\/www.iskreni.net\/trgovina\/wp-json\/wp\/v2\/vezava?post=9200"}],"curies":[{"name":"wp","href":"https:\/\/api.w.org\/{rel}","templated":true}]}}