{"id":9191,"date":"2020-06-16T12:18:31","date_gmt":"2020-06-16T10:18:31","guid":{"rendered":"https:\/\/www.iskreni.net\/trgovina\/?post_type=product&#038;p=9191"},"modified":"2026-02-20T10:48:27","modified_gmt":"2026-02-20T09:48:27","slug":"spoznaj-jezusovo-zivljenje","status":"publish","type":"product","link":"https:\/\/www.iskreni.net\/trgovina\/product\/spoznaj-jezusovo-zivljenje\/","title":{"rendered":"Spoznaj Jezusovo \u017eivljenje"},"content":{"rendered":"<h4>O izdelku Spoznaj Jezusovo \u017eivljenje:<\/h4>\n<p>Pobarvanka Spoznaj Jezusovo \u017eivljenje je pripoved o pripovedi. Pripoveduje o Jezusovem \u017eivljenju. Tudi Jezus je s svojim \u017eivljenjem pripovedoval veliko pripoved Bo\u017eje ljubezni. Pripovedoval jo je mo\u017eem in \u017eenam, ki jih je sre\u010deval na poteh po Galileji.<\/p>\n<div class=\"woocommerce-product-details__short-description\">\n<p>Jezusovo \u017eivljenje je polno neverjetnih dogodiv\u0161\u010din, potovanj in sre\u010devanj s tolikimi ljudmi, ki so ga potrebovali. Tu lahko prebere\u0161 in odkrije\u0161 pomembne dogodke iz njegovega \u017eivljenja, od tedaj, ko je spal v jaslih pa do dneva, ko se je vrnil k svojim prijateljem na velikono\u010dno jutro. A njegove zgodbe \u0161e ni konec: manjkajo barve in domi\u0161ljija. To je naloga zate, da jo dopolni\u0161.<\/p>\n<\/div>\n<p>V tej knjigi je zbranih nekaj trenutkov Jezusovega \u017eivljenja:<\/p>\n<ol>\n<li>Jezusovo rojstvo<\/li>\n<li>Jezusov evangelij<\/li>\n<li>Jezusova pot v Jeruzalem<\/li>\n<li>Jezusova velika no\u010d<\/li>\n<\/ol>\n<p>A pripoved s tem \u0161e ni zaklju\u010dena. Risbe niso pobarvane, ker je to tudi tvoja zgodba z Jezusom in ima prav posebno barvo med vsemi drugimi. Jezus ti \u017eeli vse dobro na prav poseben na\u010din. Barva je veselje \u017eivljenja!<\/p>\n","protected":false},"excerpt":{"rendered":"<p><strong>Prevod:<\/strong> Marko Suhover\u0161nik<br \/>\n<strong>\u0160tevilo strani:<\/strong> 47<br \/>\n<strong>Leto izdaje:<\/strong> 2018<\/p>\n","protected":false},"featured_media":9193,"comment_status":"open","ping_status":"closed","template":"","meta":[],"product_brand":[],"product_cat":[63,135],"product_tag":[391,726],"avtor":[2701],"zalozba":[2336],"vezava":[2307],"class_list":{"0":"post-9191","1":"product","2":"type-product","3":"status-publish","4":"has-post-thumbnail","6":"product_cat-knjige","7":"product_cat-za-otroke","8":"product_tag-jezus","9":"product_tag-pobarvanka","10":"avtor-adalberto-mainardi","11":"zalozba-salve","12":"vezava-mehka","14":"first","15":"instock","16":"taxable","17":"shipping-taxable","18":"purchasable","19":"product-type-simple"},"yoast_head":"<!-- This site is optimized with the Yoast SEO plugin v26.3 - https:\/\/yoast.com\/wordpress\/plugins\/seo\/ -->\n<title>Spoznaj Jezusovo \u017eivljenje - pobarvanka - Zavod Iskreni<\/title>\n<meta name=\"description\" content=\"Pobarvanka Spoznaj Jezusovo \u017eivljenje pripoveduje o Jezusovem \u017eivljenju. Tudi Jezus je s svojim \u017eivljenjem pripovedoval veliko pripoved Bo\u017eje ljubezni.\" \/>\n<meta name=\"robots\" content=\"index, follow, max-snippet:-1, max-image-preview:large, max-video-preview:-1\" \/>\n<link rel=\"canonical\" href=\"https:\/\/www.iskreni.net\/trgovina\/product\/spoznaj-jezusovo-zivljenje\/\" \/>\n<meta property=\"og:locale\" content=\"sl_SI\" \/>\n<meta property=\"og:type\" content=\"article\" \/>\n<meta property=\"og:title\" content=\"Spoznaj Jezusovo \u017eivljenje - pobarvanka - Zavod Iskreni\" \/>\n<meta property=\"og:description\" content=\"Pobarvanka Spoznaj Jezusovo \u017eivljenje pripoveduje o Jezusovem \u017eivljenju. Tudi Jezus je s svojim \u017eivljenjem pripovedoval veliko pripoved Bo\u017eje ljubezni.\" \/>\n<meta property=\"og:url\" content=\"https:\/\/www.iskreni.net\/trgovina\/product\/spoznaj-jezusovo-zivljenje\/\" \/>\n<meta property=\"og:site_name\" content=\"Zavod Iskreni\" \/>\n<meta property=\"article:modified_time\" content=\"2026-02-20T09:48:27+00:00\" \/>\n<meta property=\"og:image\" content=\"https:\/\/www.iskreni.net\/trgovina\/wp-content\/uploads\/2020\/06\/Spoznaj-Jezusovo-\u017eivljenje-naslovnica-kvadrat-scaled.jpg\" \/>\n\t<meta property=\"og:image:width\" content=\"2560\" \/>\n\t<meta property=\"og:image:height\" content=\"2560\" \/>\n\t<meta property=\"og:image:type\" content=\"image\/jpeg\" \/>\n<meta name=\"twitter:card\" content=\"summary_large_image\" \/>\n<meta name=\"twitter:label1\" content=\"Est. reading time\" \/>\n\t<meta name=\"twitter:data1\" content=\"1 minuta\" \/>\n<script type=\"application\/ld+json\" class=\"yoast-schema-graph\">{\"@context\":\"https:\/\/schema.org\",\"@graph\":[{\"@type\":\"WebPage\",\"@id\":\"https:\/\/www.iskreni.net\/trgovina\/product\/spoznaj-jezusovo-zivljenje\/\",\"url\":\"https:\/\/www.iskreni.net\/trgovina\/product\/spoznaj-jezusovo-zivljenje\/\",\"name\":\"Spoznaj Jezusovo \u017eivljenje - pobarvanka - Zavod Iskreni\",\"isPartOf\":{\"@id\":\"https:\/\/www.iskreni.net\/trgovina\/#website\"},\"primaryImageOfPage\":{\"@id\":\"https:\/\/www.iskreni.net\/trgovina\/product\/spoznaj-jezusovo-zivljenje\/#primaryimage\"},\"image\":{\"@id\":\"https:\/\/www.iskreni.net\/trgovina\/product\/spoznaj-jezusovo-zivljenje\/#primaryimage\"},\"thumbnailUrl\":\"https:\/\/www.iskreni.net\/trgovina\/wp-content\/uploads\/2020\/06\/Spoznaj-Jezusovo-\u017eivljenje-naslovnica-kvadrat-scaled.jpg\",\"datePublished\":\"2020-06-16T10:18:31+00:00\",\"dateModified\":\"2026-02-20T09:48:27+00:00\",\"description\":\"Pobarvanka Spoznaj Jezusovo \u017eivljenje pripoveduje o Jezusovem \u017eivljenju. Tudi Jezus je s svojim \u017eivljenjem pripovedoval veliko pripoved Bo\u017eje ljubezni.\",\"breadcrumb\":{\"@id\":\"https:\/\/www.iskreni.net\/trgovina\/product\/spoznaj-jezusovo-zivljenje\/#breadcrumb\"},\"inLanguage\":\"sl-SI\",\"potentialAction\":[{\"@type\":\"ReadAction\",\"target\":[\"https:\/\/www.iskreni.net\/trgovina\/product\/spoznaj-jezusovo-zivljenje\/\"]}]},{\"@type\":\"ImageObject\",\"inLanguage\":\"sl-SI\",\"@id\":\"https:\/\/www.iskreni.net\/trgovina\/product\/spoznaj-jezusovo-zivljenje\/#primaryimage\",\"url\":\"https:\/\/www.iskreni.net\/trgovina\/wp-content\/uploads\/2020\/06\/Spoznaj-Jezusovo-\u017eivljenje-naslovnica-kvadrat-scaled.jpg\",\"contentUrl\":\"https:\/\/www.iskreni.net\/trgovina\/wp-content\/uploads\/2020\/06\/Spoznaj-Jezusovo-\u017eivljenje-naslovnica-kvadrat-scaled.jpg\",\"width\":2560,\"height\":2560},{\"@type\":\"BreadcrumbList\",\"@id\":\"https:\/\/www.iskreni.net\/trgovina\/product\/spoznaj-jezusovo-zivljenje\/#breadcrumb\",\"itemListElement\":[{\"@type\":\"ListItem\",\"position\":1,\"name\":\"Home\",\"item\":\"https:\/\/www.iskreni.net\/trgovina\/\"},{\"@type\":\"ListItem\",\"position\":2,\"name\":\"Trgovina\",\"item\":\"https:\/\/www.iskreni.net\/trgovina\/trgovina\/\"},{\"@type\":\"ListItem\",\"position\":3,\"name\":\"Spoznaj Jezusovo \u017eivljenje\"}]},{\"@type\":\"WebSite\",\"@id\":\"https:\/\/www.iskreni.net\/trgovina\/#website\",\"url\":\"https:\/\/www.iskreni.net\/trgovina\/\",\"name\":\"Zavod Iskreni\",\"description\":\"trgovina\",\"potentialAction\":[{\"@type\":\"SearchAction\",\"target\":{\"@type\":\"EntryPoint\",\"urlTemplate\":\"https:\/\/www.iskreni.net\/trgovina\/?s={search_term_string}\"},\"query-input\":{\"@type\":\"PropertyValueSpecification\",\"valueRequired\":true,\"valueName\":\"search_term_string\"}}],\"inLanguage\":\"sl-SI\"}]}<\/script>\n<!-- \/ Yoast SEO plugin. -->","yoast_head_json":{"title":"Spoznaj Jezusovo \u017eivljenje - pobarvanka - Zavod Iskreni","description":"Pobarvanka Spoznaj Jezusovo \u017eivljenje pripoveduje o Jezusovem \u017eivljenju. Tudi Jezus je s svojim \u017eivljenjem pripovedoval veliko pripoved Bo\u017eje ljubezni.","robots":{"index":"index","follow":"follow","max-snippet":"max-snippet:-1","max-image-preview":"max-image-preview:large","max-video-preview":"max-video-preview:-1"},"canonical":"https:\/\/www.iskreni.net\/trgovina\/product\/spoznaj-jezusovo-zivljenje\/","og_locale":"sl_SI","og_type":"article","og_title":"Spoznaj Jezusovo \u017eivljenje - pobarvanka - Zavod Iskreni","og_description":"Pobarvanka Spoznaj Jezusovo \u017eivljenje pripoveduje o Jezusovem \u017eivljenju. Tudi Jezus je s svojim \u017eivljenjem pripovedoval veliko pripoved Bo\u017eje ljubezni.","og_url":"https:\/\/www.iskreni.net\/trgovina\/product\/spoznaj-jezusovo-zivljenje\/","og_site_name":"Zavod Iskreni","article_modified_time":"2026-02-20T09:48:27+00:00","og_image":[{"width":2560,"height":2560,"url":"https:\/\/www.iskreni.net\/trgovina\/wp-content\/uploads\/2020\/06\/Spoznaj-Jezusovo-\u017eivljenje-naslovnica-kvadrat-scaled.jpg","type":"image\/jpeg"}],"twitter_card":"summary_large_image","twitter_misc":{"Est. reading time":"1 minuta"},"schema":{"@context":"https:\/\/schema.org","@graph":[{"@type":"WebPage","@id":"https:\/\/www.iskreni.net\/trgovina\/product\/spoznaj-jezusovo-zivljenje\/","url":"https:\/\/www.iskreni.net\/trgovina\/product\/spoznaj-jezusovo-zivljenje\/","name":"Spoznaj Jezusovo \u017eivljenje - pobarvanka - Zavod Iskreni","isPartOf":{"@id":"https:\/\/www.iskreni.net\/trgovina\/#website"},"primaryImageOfPage":{"@id":"https:\/\/www.iskreni.net\/trgovina\/product\/spoznaj-jezusovo-zivljenje\/#primaryimage"},"image":{"@id":"https:\/\/www.iskreni.net\/trgovina\/product\/spoznaj-jezusovo-zivljenje\/#primaryimage"},"thumbnailUrl":"https:\/\/www.iskreni.net\/trgovina\/wp-content\/uploads\/2020\/06\/Spoznaj-Jezusovo-\u017eivljenje-naslovnica-kvadrat-scaled.jpg","datePublished":"2020-06-16T10:18:31+00:00","dateModified":"2026-02-20T09:48:27+00:00","description":"Pobarvanka Spoznaj Jezusovo \u017eivljenje pripoveduje o Jezusovem \u017eivljenju. Tudi Jezus je s svojim \u017eivljenjem pripovedoval veliko pripoved Bo\u017eje ljubezni.","breadcrumb":{"@id":"https:\/\/www.iskreni.net\/trgovina\/product\/spoznaj-jezusovo-zivljenje\/#breadcrumb"},"inLanguage":"sl-SI","potentialAction":[{"@type":"ReadAction","target":["https:\/\/www.iskreni.net\/trgovina\/product\/spoznaj-jezusovo-zivljenje\/"]}]},{"@type":"ImageObject","inLanguage":"sl-SI","@id":"https:\/\/www.iskreni.net\/trgovina\/product\/spoznaj-jezusovo-zivljenje\/#primaryimage","url":"https:\/\/www.iskreni.net\/trgovina\/wp-content\/uploads\/2020\/06\/Spoznaj-Jezusovo-\u017eivljenje-naslovnica-kvadrat-scaled.jpg","contentUrl":"https:\/\/www.iskreni.net\/trgovina\/wp-content\/uploads\/2020\/06\/Spoznaj-Jezusovo-\u017eivljenje-naslovnica-kvadrat-scaled.jpg","width":2560,"height":2560},{"@type":"BreadcrumbList","@id":"https:\/\/www.iskreni.net\/trgovina\/product\/spoznaj-jezusovo-zivljenje\/#breadcrumb","itemListElement":[{"@type":"ListItem","position":1,"name":"Home","item":"https:\/\/www.iskreni.net\/trgovina\/"},{"@type":"ListItem","position":2,"name":"Trgovina","item":"https:\/\/www.iskreni.net\/trgovina\/trgovina\/"},{"@type":"ListItem","position":3,"name":"Spoznaj Jezusovo \u017eivljenje"}]},{"@type":"WebSite","@id":"https:\/\/www.iskreni.net\/trgovina\/#website","url":"https:\/\/www.iskreni.net\/trgovina\/","name":"Zavod Iskreni","description":"trgovina","potentialAction":[{"@type":"SearchAction","target":{"@type":"EntryPoint","urlTemplate":"https:\/\/www.iskreni.net\/trgovina\/?s={search_term_string}"},"query-input":{"@type":"PropertyValueSpecification","valueRequired":true,"valueName":"search_term_string"}}],"inLanguage":"sl-SI"}]}},"_links":{"self":[{"href":"https:\/\/www.iskreni.net\/trgovina\/wp-json\/wp\/v2\/product\/9191","targetHints":{"allow":["GET"]}}],"collection":[{"href":"https:\/\/www.iskreni.net\/trgovina\/wp-json\/wp\/v2\/product"}],"about":[{"href":"https:\/\/www.iskreni.net\/trgovina\/wp-json\/wp\/v2\/types\/product"}],"replies":[{"embeddable":true,"href":"https:\/\/www.iskreni.net\/trgovina\/wp-json\/wp\/v2\/comments?post=9191"}],"version-history":[{"count":3,"href":"https:\/\/www.iskreni.net\/trgovina\/wp-json\/wp\/v2\/product\/9191\/revisions"}],"predecessor-version":[{"id":72724,"href":"https:\/\/www.iskreni.net\/trgovina\/wp-json\/wp\/v2\/product\/9191\/revisions\/72724"}],"wp:featuredmedia":[{"embeddable":true,"href":"https:\/\/www.iskreni.net\/trgovina\/wp-json\/wp\/v2\/media\/9193"}],"wp:attachment":[{"href":"https:\/\/www.iskreni.net\/trgovina\/wp-json\/wp\/v2\/media?parent=9191"}],"wp:term":[{"taxonomy":"product_brand","embeddable":true,"href":"https:\/\/www.iskreni.net\/trgovina\/wp-json\/wp\/v2\/product_brand?post=9191"},{"taxonomy":"product_cat","embeddable":true,"href":"https:\/\/www.iskreni.net\/trgovina\/wp-json\/wp\/v2\/product_cat?post=9191"},{"taxonomy":"product_tag","embeddable":true,"href":"https:\/\/www.iskreni.net\/trgovina\/wp-json\/wp\/v2\/product_tag?post=9191"},{"taxonomy":"avtor","embeddable":true,"href":"https:\/\/www.iskreni.net\/trgovina\/wp-json\/wp\/v2\/avtor?post=9191"},{"taxonomy":"zalozba","embeddable":true,"href":"https:\/\/www.iskreni.net\/trgovina\/wp-json\/wp\/v2\/zalozba?post=9191"},{"taxonomy":"vezava","embeddable":true,"href":"https:\/\/www.iskreni.net\/trgovina\/wp-json\/wp\/v2\/vezava?post=9191"}],"curies":[{"name":"wp","href":"https:\/\/api.w.org\/{rel}","templated":true}]}}