{"id":91875,"date":"2026-02-20T15:26:29","date_gmt":"2026-02-20T14:26:29","guid":{"rendered":"https:\/\/www.iskreni.net\/trgovina\/?post_type=product&#038;p=91875"},"modified":"2026-03-23T11:27:45","modified_gmt":"2026-03-23T10:27:45","slug":"zanimiva-knjiga","status":"publish","type":"product","link":"https:\/\/www.iskreni.net\/trgovina\/product\/zanimiva-knjiga\/","title":{"rendered":"Zanimiva knjiga"},"content":{"rendered":"<h4>O knjigi:<\/h4>\n<p>Zanimiva knjiga je potovanje po svetu in idejah, ki vas ne bo pustilo ravnodu\u0161nih!<\/p>\n<p>V 400 straneh in kar 1.200 fotografijah vas avtor popelje skozi neverjetna do\u017eivetja, ki jih je nabral na svojih obiskih 115 dr\u017eav in kolesarjenju po 50 dr\u017eavah sveta. Digitalna razli\u010dica pa prina\u0161a \u0161e ve\u010d \u2013 500 videoposnetkov, ki dodatno o\u017eivijo pripoved.<\/p>\n<p>\ud83d\udcd6 Ta knjiga ni le potopis \u2013 je osebna izpoved, razmi\u0161ljanje o politiki, zgodovini in ekologiji ter dragocena zbirka izku\u0161enj nekoga, ki je svet do\u017eivel z odprtimi o\u010dmi, sr\u010dno radovednostjo in kriti\u010dnim umom.<\/p>\n<blockquote><p>Zanimiva knjiga je pravi zaklad za vse, ki obo\u017eujejo potovanja, resni\u010dne zgodbe in razmislek o svetu, v katerem \u017eivimo.<\/p><\/blockquote>\n<p>Z neposrednimi povezavami QR pa lahko dobite \u0161e nekaj drugih celotnih avtorjevih knjig!<\/p>\n<p><a href=\"https:\/\/www.youtube.com\/watch?v=qCrdezX4PcI\" target=\"_blank\" rel=\"noopener\">Tukaj<\/a> si lahko ogledate predstavitev Zanimive knjige v oddaji Beremo na Nova24TV.<\/p>\n<h4><strong>O avtorju:<\/strong><\/h4>\n<p>Anton Toma\u017ei\u010d (1950) je diplomirani pravnik s pravosodnim izpitom in specialist za investicijska dela v tujini, podjetnik ter inovator, ustanovitelj IUS-INFA, delegat v Skup\u0161\u010dini RS; njen predsednik Zakonodajno pravne komisije ter Komisije za poslovnik, podpredsednik stranke Narodnih demokratov, upokojenec, popotni fotograf.<\/p>\n<p>Je tudi avtor knjig s podro\u010dja demokratizacije Slovenije in podjetni\u0161tva: V objemu slovenske pomladi, Med dvema tiso\u010dletjema, Velika prilo\u017enost, Drugi kraj rojstva \u2013 Nevis in sourednik knjige Demos na Dom\u017ealskem. Pri Zalo\u017ebi Iskreni je iz\u0161la tudi Toma\u017ei\u010deva knjiga <a href=\"https:\/\/www.iskreni.net\/trgovina\/zlom-zgodbe-iz-jugoslavije\/\" target=\"_blank\" rel=\"noopener\">Zlom: Zgodbe iz Jugoslavije<\/a>, zbirka kratkih zgodb, v katerih avtor na zanimiv in privla\u010den na\u010din predstavlja duha \u010dasa v na\u0161i nekdanji skupni dr\u017eavi.<\/p>\n<p>&nbsp;<\/p>\n<p>Kaj vsebuje digitalna knjiga:<\/p>\n<p>\u2714 celotno besedilo potopisne knjige<br \/>\n\u2714 dostop do pribli\u017eno 500 videoposnetkov<br \/>\n\u2714 dodatna glasbena spremljava<br \/>\n\u2714 mo\u017enost branja na napravah z USB vhodom<\/p>\n<p><a href=\"https:\/\/www.iskreni.net\/trgovina\/wp-content\/uploads\/2026\/02\/ZANIMIVA_KNJIGA_2025_PROMO.pdf\" target=\"_blank\" rel=\"noopener\">Predogled digitalne knjige<\/a><\/p>\n","protected":false},"excerpt":{"rendered":"<p><strong>Leto izdaje:<\/strong> 2025<br \/>\n<strong>\u0160tevilo strani:\u00a0<\/strong>400<br \/>\n<strong>Format:<\/strong> 282 mm x 282 mm<\/p>\n<p><a href=\"https:\/\/www.iskreni.net\/trgovina\/wp-content\/uploads\/2026\/02\/ZANIMIVA_KNJIGA_2025_PROMO.pdf\" target=\"_blank\" rel=\"noopener\">Predogled knjige<\/a><\/p>\n","protected":false},"featured_media":91990,"comment_status":"open","ping_status":"closed","template":"","meta":[],"product_brand":[],"product_cat":[3234,2327,63],"product_tag":[3211],"avtor":[2603],"zalozba":[3042],"vezava":[2306],"class_list":{"0":"post-91875","1":"product","2":"type-product","3":"status-publish","4":"has-post-thumbnail","6":"product_cat-potopis","7":"product_cat-prirocniki-in-vodniki","8":"product_cat-knjige","9":"product_tag-darilo","10":"avtor-anton-tomazic","11":"zalozba-samozalozba","12":"vezava-trda","14":"first","15":"instock","16":"taxable","17":"shipping-taxable","18":"purchasable","19":"product-type-variable"},"yoast_head":"<!-- This site is optimized with the Yoast SEO plugin v26.3 - https:\/\/yoast.com\/wordpress\/plugins\/seo\/ -->\n<title>Zanimiva knjiga<\/title>\n<meta name=\"description\" content=\"Zanimiva knjiga ni le potopis, ampak osebna izpoved in dragocena zbirka izku\u0161enj nekoga, ki je svet do\u017eivel z odprtimi o\u010dmi.\" \/>\n<meta name=\"robots\" content=\"index, follow, max-snippet:-1, max-image-preview:large, max-video-preview:-1\" \/>\n<link rel=\"canonical\" href=\"https:\/\/www.iskreni.net\/trgovina\/product\/zanimiva-knjiga\/\" \/>\n<meta property=\"og:locale\" content=\"sl_SI\" \/>\n<meta property=\"og:type\" content=\"article\" \/>\n<meta property=\"og:title\" content=\"Zanimiva knjiga\" \/>\n<meta property=\"og:description\" content=\"Potovanje po svetu in idejah, ki vas ne bo pustilo ravnodu\u0161nih! Ta knjiga ni le potopis \u2013 je osebna izpoved, razmi\u0161ljanje o politiki, zgodovini in ekologiji ter dragocena zbirka izku\u0161enj nekoga, ki je svet do\u017eivel z odprtimi o\u010dmi, sr\u010dno radovednostjo in kriti\u010dnim umom.\" \/>\n<meta property=\"og:url\" content=\"https:\/\/www.iskreni.net\/trgovina\/product\/zanimiva-knjiga\/\" \/>\n<meta property=\"og:site_name\" content=\"Zavod Iskreni\" \/>\n<meta property=\"article:modified_time\" content=\"2026-03-23T10:27:45+00:00\" \/>\n<meta property=\"og:image\" content=\"https:\/\/www.iskreni.net\/trgovina\/wp-content\/uploads\/2026\/02\/Slike-za-v-spletno-trgovino-2026-02-26T104134.190.jpg\" \/>\n\t<meta property=\"og:image:width\" content=\"600\" \/>\n\t<meta property=\"og:image:height\" content=\"600\" \/>\n\t<meta property=\"og:image:type\" content=\"image\/jpeg\" \/>\n<meta name=\"twitter:card\" content=\"summary_large_image\" \/>\n<meta name=\"twitter:label1\" content=\"Est. reading time\" \/>\n\t<meta name=\"twitter:data1\" content=\"2 minuti\" \/>\n<script type=\"application\/ld+json\" class=\"yoast-schema-graph\">{\"@context\":\"https:\/\/schema.org\",\"@graph\":[{\"@type\":\"WebPage\",\"@id\":\"https:\/\/www.iskreni.net\/trgovina\/product\/zanimiva-knjiga\/\",\"url\":\"https:\/\/www.iskreni.net\/trgovina\/product\/zanimiva-knjiga\/\",\"name\":\"Zanimiva knjiga\",\"isPartOf\":{\"@id\":\"https:\/\/www.iskreni.net\/trgovina\/#website\"},\"primaryImageOfPage\":{\"@id\":\"https:\/\/www.iskreni.net\/trgovina\/product\/zanimiva-knjiga\/#primaryimage\"},\"image\":{\"@id\":\"https:\/\/www.iskreni.net\/trgovina\/product\/zanimiva-knjiga\/#primaryimage\"},\"thumbnailUrl\":\"https:\/\/www.iskreni.net\/trgovina\/wp-content\/uploads\/2026\/02\/Slike-za-v-spletno-trgovino-2026-02-26T104134.190.jpg\",\"datePublished\":\"2026-02-20T14:26:29+00:00\",\"dateModified\":\"2026-03-23T10:27:45+00:00\",\"description\":\"Zanimiva knjiga ni le potopis, ampak osebna izpoved in dragocena zbirka izku\u0161enj nekoga, ki je svet do\u017eivel z odprtimi o\u010dmi.\",\"breadcrumb\":{\"@id\":\"https:\/\/www.iskreni.net\/trgovina\/product\/zanimiva-knjiga\/#breadcrumb\"},\"inLanguage\":\"sl-SI\",\"potentialAction\":[{\"@type\":\"ReadAction\",\"target\":[\"https:\/\/www.iskreni.net\/trgovina\/product\/zanimiva-knjiga\/\"]}]},{\"@type\":\"ImageObject\",\"inLanguage\":\"sl-SI\",\"@id\":\"https:\/\/www.iskreni.net\/trgovina\/product\/zanimiva-knjiga\/#primaryimage\",\"url\":\"https:\/\/www.iskreni.net\/trgovina\/wp-content\/uploads\/2026\/02\/Slike-za-v-spletno-trgovino-2026-02-26T104134.190.jpg\",\"contentUrl\":\"https:\/\/www.iskreni.net\/trgovina\/wp-content\/uploads\/2026\/02\/Slike-za-v-spletno-trgovino-2026-02-26T104134.190.jpg\",\"width\":600,\"height\":600},{\"@type\":\"BreadcrumbList\",\"@id\":\"https:\/\/www.iskreni.net\/trgovina\/product\/zanimiva-knjiga\/#breadcrumb\",\"itemListElement\":[{\"@type\":\"ListItem\",\"position\":1,\"name\":\"Home\",\"item\":\"https:\/\/www.iskreni.net\/trgovina\/\"},{\"@type\":\"ListItem\",\"position\":2,\"name\":\"Trgovina\",\"item\":\"https:\/\/www.iskreni.net\/trgovina\/trgovina\/\"},{\"@type\":\"ListItem\",\"position\":3,\"name\":\"Zanimiva knjiga\"}]},{\"@type\":\"WebSite\",\"@id\":\"https:\/\/www.iskreni.net\/trgovina\/#website\",\"url\":\"https:\/\/www.iskreni.net\/trgovina\/\",\"name\":\"Zavod Iskreni\",\"description\":\"trgovina\",\"potentialAction\":[{\"@type\":\"SearchAction\",\"target\":{\"@type\":\"EntryPoint\",\"urlTemplate\":\"https:\/\/www.iskreni.net\/trgovina\/?s={search_term_string}\"},\"query-input\":{\"@type\":\"PropertyValueSpecification\",\"valueRequired\":true,\"valueName\":\"search_term_string\"}}],\"inLanguage\":\"sl-SI\"}]}<\/script>\n<!-- \/ Yoast SEO plugin. -->","yoast_head_json":{"title":"Zanimiva knjiga","description":"Zanimiva knjiga ni le potopis, ampak osebna izpoved in dragocena zbirka izku\u0161enj nekoga, ki je svet do\u017eivel z odprtimi o\u010dmi.","robots":{"index":"index","follow":"follow","max-snippet":"max-snippet:-1","max-image-preview":"max-image-preview:large","max-video-preview":"max-video-preview:-1"},"canonical":"https:\/\/www.iskreni.net\/trgovina\/product\/zanimiva-knjiga\/","og_locale":"sl_SI","og_type":"article","og_title":"Zanimiva knjiga","og_description":"Potovanje po svetu in idejah, ki vas ne bo pustilo ravnodu\u0161nih! Ta knjiga ni le potopis \u2013 je osebna izpoved, razmi\u0161ljanje o politiki, zgodovini in ekologiji ter dragocena zbirka izku\u0161enj nekoga, ki je svet do\u017eivel z odprtimi o\u010dmi, sr\u010dno radovednostjo in kriti\u010dnim umom.","og_url":"https:\/\/www.iskreni.net\/trgovina\/product\/zanimiva-knjiga\/","og_site_name":"Zavod Iskreni","article_modified_time":"2026-03-23T10:27:45+00:00","og_image":[{"width":600,"height":600,"url":"https:\/\/www.iskreni.net\/trgovina\/wp-content\/uploads\/2026\/02\/Slike-za-v-spletno-trgovino-2026-02-26T104134.190.jpg","type":"image\/jpeg"}],"twitter_card":"summary_large_image","twitter_misc":{"Est. reading time":"2 minuti"},"schema":{"@context":"https:\/\/schema.org","@graph":[{"@type":"WebPage","@id":"https:\/\/www.iskreni.net\/trgovina\/product\/zanimiva-knjiga\/","url":"https:\/\/www.iskreni.net\/trgovina\/product\/zanimiva-knjiga\/","name":"Zanimiva knjiga","isPartOf":{"@id":"https:\/\/www.iskreni.net\/trgovina\/#website"},"primaryImageOfPage":{"@id":"https:\/\/www.iskreni.net\/trgovina\/product\/zanimiva-knjiga\/#primaryimage"},"image":{"@id":"https:\/\/www.iskreni.net\/trgovina\/product\/zanimiva-knjiga\/#primaryimage"},"thumbnailUrl":"https:\/\/www.iskreni.net\/trgovina\/wp-content\/uploads\/2026\/02\/Slike-za-v-spletno-trgovino-2026-02-26T104134.190.jpg","datePublished":"2026-02-20T14:26:29+00:00","dateModified":"2026-03-23T10:27:45+00:00","description":"Zanimiva knjiga ni le potopis, ampak osebna izpoved in dragocena zbirka izku\u0161enj nekoga, ki je svet do\u017eivel z odprtimi o\u010dmi.","breadcrumb":{"@id":"https:\/\/www.iskreni.net\/trgovina\/product\/zanimiva-knjiga\/#breadcrumb"},"inLanguage":"sl-SI","potentialAction":[{"@type":"ReadAction","target":["https:\/\/www.iskreni.net\/trgovina\/product\/zanimiva-knjiga\/"]}]},{"@type":"ImageObject","inLanguage":"sl-SI","@id":"https:\/\/www.iskreni.net\/trgovina\/product\/zanimiva-knjiga\/#primaryimage","url":"https:\/\/www.iskreni.net\/trgovina\/wp-content\/uploads\/2026\/02\/Slike-za-v-spletno-trgovino-2026-02-26T104134.190.jpg","contentUrl":"https:\/\/www.iskreni.net\/trgovina\/wp-content\/uploads\/2026\/02\/Slike-za-v-spletno-trgovino-2026-02-26T104134.190.jpg","width":600,"height":600},{"@type":"BreadcrumbList","@id":"https:\/\/www.iskreni.net\/trgovina\/product\/zanimiva-knjiga\/#breadcrumb","itemListElement":[{"@type":"ListItem","position":1,"name":"Home","item":"https:\/\/www.iskreni.net\/trgovina\/"},{"@type":"ListItem","position":2,"name":"Trgovina","item":"https:\/\/www.iskreni.net\/trgovina\/trgovina\/"},{"@type":"ListItem","position":3,"name":"Zanimiva knjiga"}]},{"@type":"WebSite","@id":"https:\/\/www.iskreni.net\/trgovina\/#website","url":"https:\/\/www.iskreni.net\/trgovina\/","name":"Zavod Iskreni","description":"trgovina","potentialAction":[{"@type":"SearchAction","target":{"@type":"EntryPoint","urlTemplate":"https:\/\/www.iskreni.net\/trgovina\/?s={search_term_string}"},"query-input":{"@type":"PropertyValueSpecification","valueRequired":true,"valueName":"search_term_string"}}],"inLanguage":"sl-SI"}]}},"_links":{"self":[{"href":"https:\/\/www.iskreni.net\/trgovina\/wp-json\/wp\/v2\/product\/91875","targetHints":{"allow":["GET"]}}],"collection":[{"href":"https:\/\/www.iskreni.net\/trgovina\/wp-json\/wp\/v2\/product"}],"about":[{"href":"https:\/\/www.iskreni.net\/trgovina\/wp-json\/wp\/v2\/types\/product"}],"replies":[{"embeddable":true,"href":"https:\/\/www.iskreni.net\/trgovina\/wp-json\/wp\/v2\/comments?post=91875"}],"version-history":[{"count":13,"href":"https:\/\/www.iskreni.net\/trgovina\/wp-json\/wp\/v2\/product\/91875\/revisions"}],"predecessor-version":[{"id":91989,"href":"https:\/\/www.iskreni.net\/trgovina\/wp-json\/wp\/v2\/product\/91875\/revisions\/91989"}],"wp:featuredmedia":[{"embeddable":true,"href":"https:\/\/www.iskreni.net\/trgovina\/wp-json\/wp\/v2\/media\/91990"}],"wp:attachment":[{"href":"https:\/\/www.iskreni.net\/trgovina\/wp-json\/wp\/v2\/media?parent=91875"}],"wp:term":[{"taxonomy":"product_brand","embeddable":true,"href":"https:\/\/www.iskreni.net\/trgovina\/wp-json\/wp\/v2\/product_brand?post=91875"},{"taxonomy":"product_cat","embeddable":true,"href":"https:\/\/www.iskreni.net\/trgovina\/wp-json\/wp\/v2\/product_cat?post=91875"},{"taxonomy":"product_tag","embeddable":true,"href":"https:\/\/www.iskreni.net\/trgovina\/wp-json\/wp\/v2\/product_tag?post=91875"},{"taxonomy":"avtor","embeddable":true,"href":"https:\/\/www.iskreni.net\/trgovina\/wp-json\/wp\/v2\/avtor?post=91875"},{"taxonomy":"zalozba","embeddable":true,"href":"https:\/\/www.iskreni.net\/trgovina\/wp-json\/wp\/v2\/zalozba?post=91875"},{"taxonomy":"vezava","embeddable":true,"href":"https:\/\/www.iskreni.net\/trgovina\/wp-json\/wp\/v2\/vezava?post=91875"}],"curies":[{"name":"wp","href":"https:\/\/api.w.org\/{rel}","templated":true}]}}