{"id":91494,"date":"2026-01-26T13:50:56","date_gmt":"2026-01-26T12:50:56","guid":{"rendered":"https:\/\/www.iskreni.net\/trgovina\/?post_type=product&#038;p=91494"},"modified":"2026-03-04T13:17:33","modified_gmt":"2026-03-04T12:17:33","slug":"kdo-je-torej-bog","status":"publish","type":"product","link":"https:\/\/www.iskreni.net\/trgovina\/product\/kdo-je-torej-bog\/","title":{"rendered":"Kdo je torej Bog?"},"content":{"rendered":"<h4>O knjigi:<\/h4>\n<p>Kako otroci do\u017eivljajo svet in njegovo najglobje skrivnost? Kaj pomeni biti \u010dlovek? Kaj je smisel \u017eivljenja? Kdo je Bog? To so le nekatera izmed velikih vpra\u0161anj, ki jih otroci pogosto postavljajo, ko se soo\u010dajo z misti\u010dnimi in eksistencialnimi temami. V tej \u010dudoviti knjigi, ki je namenjena mladim bralcem, avtor raziskuje te globoke in kompleksne vpra\u0161anja na na\u010din, ki je otrokom dostopen in razumljiv. Knjiga ponuja dostopne in premi\u0161ljene odgovore, ki pomagajo odraslim \u2013 star\u0161em, u\u010diteljem in skrbnikom \u2013 bolje razumeti notranji svet otrok ter jih voditi skozi kompleksne eksistencialne dileme.<\/p>\n<p>S pomo\u010djo zgodb, zgledov in preprostih razlag avtor otrokom pomaga raziskovati pomen Boga, duhovnosti in sveta okoli njih. Knjiga je zasnovana tako, da spodbuja radovednost in globoko premi\u0161ljevanje ter omogo\u010da, da otroci za\u010dutijo lepoto in skrivnostnost vpra\u0161anj, ki se dotikajo srca vseh ljudi.<\/p>\n<p><strong>Primerna za otroke, star\u0161e in u\u010ditelje, ta knjiga ponuja prijazen in pou\u010den na\u010din za spodbujanje razprave o najpomembnej\u0161ih vpra\u0161anjih, ki oblikujejo na\u0161 pogled na svet.<\/strong><\/p>\n<p>&nbsp;<\/p>\n","protected":false},"excerpt":{"rendered":"<p><strong>Leto izdaje:<\/strong> 2025<br \/>\n<strong>\u0160tevilo strani:\u00a0<\/strong>240<br \/>\n<strong>Format:<\/strong> 120 mm x 170 mm<\/p>\n","protected":false},"featured_media":91496,"comment_status":"open","ping_status":"closed","template":"","meta":[],"product_brand":[],"product_cat":[2350,63],"product_tag":[3211],"avtor":[],"zalozba":[2311],"vezava":[2307],"class_list":{"0":"post-91494","1":"product","2":"type-product","3":"status-publish","4":"has-post-thumbnail","6":"product_cat-za-mlade","7":"product_cat-knjige","8":"product_tag-darilo","9":"zalozba-druzina","10":"vezava-mehka","12":"first","13":"instock","14":"taxable","15":"shipping-taxable","16":"purchasable","17":"product-type-simple"},"yoast_head":"<!-- This site is optimized with the Yoast SEO plugin v26.3 - https:\/\/yoast.com\/wordpress\/plugins\/seo\/ -->\n<title>Kdo je torej Bog?<\/title>\n<meta name=\"description\" content=\"Kako otroci do\u017eivljajo svet in njegovo najglobje skrivnost? Kaj pomeni biti \u010dlovek? Kaj je smisel \u017eivljenja? Kdo je Bog?\" \/>\n<meta name=\"robots\" content=\"index, follow, max-snippet:-1, max-image-preview:large, max-video-preview:-1\" \/>\n<link rel=\"canonical\" href=\"https:\/\/www.iskreni.net\/trgovina\/product\/kdo-je-torej-bog\/\" \/>\n<meta property=\"og:locale\" content=\"sl_SI\" \/>\n<meta property=\"og:type\" content=\"article\" \/>\n<meta property=\"og:title\" content=\"Kdo je torej Bog?\" \/>\n<meta property=\"og:description\" content=\"Kako otroci do\u017eivljajo svet in njegovo najglobje skrivnost? Kaj pomeni biti \u010dlovek? Kaj je smisel \u017eivljenja? Kdo je Bog?\" \/>\n<meta property=\"og:url\" content=\"https:\/\/www.iskreni.net\/trgovina\/product\/kdo-je-torej-bog\/\" \/>\n<meta property=\"og:site_name\" content=\"Zavod Iskreni\" \/>\n<meta property=\"article:modified_time\" content=\"2026-03-04T12:17:33+00:00\" \/>\n<meta property=\"og:image\" content=\"https:\/\/www.iskreni.net\/trgovina\/wp-content\/uploads\/2026\/01\/Slike-za-v-spletno-trgovino-2026-01-26T135023.102.jpg\" \/>\n\t<meta property=\"og:image:width\" content=\"600\" \/>\n\t<meta property=\"og:image:height\" content=\"600\" \/>\n\t<meta property=\"og:image:type\" content=\"image\/jpeg\" \/>\n<meta name=\"twitter:card\" content=\"summary_large_image\" \/>\n<meta name=\"twitter:label1\" content=\"Est. reading time\" \/>\n\t<meta name=\"twitter:data1\" content=\"2 minuti\" \/>\n<script type=\"application\/ld+json\" class=\"yoast-schema-graph\">{\"@context\":\"https:\/\/schema.org\",\"@graph\":[{\"@type\":\"WebPage\",\"@id\":\"https:\/\/www.iskreni.net\/trgovina\/product\/kdo-je-torej-bog\/\",\"url\":\"https:\/\/www.iskreni.net\/trgovina\/product\/kdo-je-torej-bog\/\",\"name\":\"Kdo je torej Bog?\",\"isPartOf\":{\"@id\":\"https:\/\/www.iskreni.net\/trgovina\/#website\"},\"primaryImageOfPage\":{\"@id\":\"https:\/\/www.iskreni.net\/trgovina\/product\/kdo-je-torej-bog\/#primaryimage\"},\"image\":{\"@id\":\"https:\/\/www.iskreni.net\/trgovina\/product\/kdo-je-torej-bog\/#primaryimage\"},\"thumbnailUrl\":\"https:\/\/www.iskreni.net\/trgovina\/wp-content\/uploads\/2026\/01\/Slike-za-v-spletno-trgovino-2026-01-26T135023.102.jpg\",\"datePublished\":\"2026-01-26T12:50:56+00:00\",\"dateModified\":\"2026-03-04T12:17:33+00:00\",\"description\":\"Kako otroci do\u017eivljajo svet in njegovo najglobje skrivnost? Kaj pomeni biti \u010dlovek? Kaj je smisel \u017eivljenja? Kdo je Bog?\",\"breadcrumb\":{\"@id\":\"https:\/\/www.iskreni.net\/trgovina\/product\/kdo-je-torej-bog\/#breadcrumb\"},\"inLanguage\":\"sl-SI\",\"potentialAction\":[{\"@type\":\"ReadAction\",\"target\":[\"https:\/\/www.iskreni.net\/trgovina\/product\/kdo-je-torej-bog\/\"]}]},{\"@type\":\"ImageObject\",\"inLanguage\":\"sl-SI\",\"@id\":\"https:\/\/www.iskreni.net\/trgovina\/product\/kdo-je-torej-bog\/#primaryimage\",\"url\":\"https:\/\/www.iskreni.net\/trgovina\/wp-content\/uploads\/2026\/01\/Slike-za-v-spletno-trgovino-2026-01-26T135023.102.jpg\",\"contentUrl\":\"https:\/\/www.iskreni.net\/trgovina\/wp-content\/uploads\/2026\/01\/Slike-za-v-spletno-trgovino-2026-01-26T135023.102.jpg\",\"width\":600,\"height\":600},{\"@type\":\"BreadcrumbList\",\"@id\":\"https:\/\/www.iskreni.net\/trgovina\/product\/kdo-je-torej-bog\/#breadcrumb\",\"itemListElement\":[{\"@type\":\"ListItem\",\"position\":1,\"name\":\"Home\",\"item\":\"https:\/\/www.iskreni.net\/trgovina\/\"},{\"@type\":\"ListItem\",\"position\":2,\"name\":\"Trgovina\",\"item\":\"https:\/\/www.iskreni.net\/trgovina\/trgovina\/\"},{\"@type\":\"ListItem\",\"position\":3,\"name\":\"Kdo je torej Bog?\"}]},{\"@type\":\"WebSite\",\"@id\":\"https:\/\/www.iskreni.net\/trgovina\/#website\",\"url\":\"https:\/\/www.iskreni.net\/trgovina\/\",\"name\":\"Zavod Iskreni\",\"description\":\"trgovina\",\"potentialAction\":[{\"@type\":\"SearchAction\",\"target\":{\"@type\":\"EntryPoint\",\"urlTemplate\":\"https:\/\/www.iskreni.net\/trgovina\/?s={search_term_string}\"},\"query-input\":{\"@type\":\"PropertyValueSpecification\",\"valueRequired\":true,\"valueName\":\"search_term_string\"}}],\"inLanguage\":\"sl-SI\"}]}<\/script>\n<!-- \/ Yoast SEO plugin. -->","yoast_head_json":{"title":"Kdo je torej Bog?","description":"Kako otroci do\u017eivljajo svet in njegovo najglobje skrivnost? Kaj pomeni biti \u010dlovek? Kaj je smisel \u017eivljenja? Kdo je Bog?","robots":{"index":"index","follow":"follow","max-snippet":"max-snippet:-1","max-image-preview":"max-image-preview:large","max-video-preview":"max-video-preview:-1"},"canonical":"https:\/\/www.iskreni.net\/trgovina\/product\/kdo-je-torej-bog\/","og_locale":"sl_SI","og_type":"article","og_title":"Kdo je torej Bog?","og_description":"Kako otroci do\u017eivljajo svet in njegovo najglobje skrivnost? Kaj pomeni biti \u010dlovek? Kaj je smisel \u017eivljenja? Kdo je Bog?","og_url":"https:\/\/www.iskreni.net\/trgovina\/product\/kdo-je-torej-bog\/","og_site_name":"Zavod Iskreni","article_modified_time":"2026-03-04T12:17:33+00:00","og_image":[{"width":600,"height":600,"url":"https:\/\/www.iskreni.net\/trgovina\/wp-content\/uploads\/2026\/01\/Slike-za-v-spletno-trgovino-2026-01-26T135023.102.jpg","type":"image\/jpeg"}],"twitter_card":"summary_large_image","twitter_misc":{"Est. reading time":"2 minuti"},"schema":{"@context":"https:\/\/schema.org","@graph":[{"@type":"WebPage","@id":"https:\/\/www.iskreni.net\/trgovina\/product\/kdo-je-torej-bog\/","url":"https:\/\/www.iskreni.net\/trgovina\/product\/kdo-je-torej-bog\/","name":"Kdo je torej Bog?","isPartOf":{"@id":"https:\/\/www.iskreni.net\/trgovina\/#website"},"primaryImageOfPage":{"@id":"https:\/\/www.iskreni.net\/trgovina\/product\/kdo-je-torej-bog\/#primaryimage"},"image":{"@id":"https:\/\/www.iskreni.net\/trgovina\/product\/kdo-je-torej-bog\/#primaryimage"},"thumbnailUrl":"https:\/\/www.iskreni.net\/trgovina\/wp-content\/uploads\/2026\/01\/Slike-za-v-spletno-trgovino-2026-01-26T135023.102.jpg","datePublished":"2026-01-26T12:50:56+00:00","dateModified":"2026-03-04T12:17:33+00:00","description":"Kako otroci do\u017eivljajo svet in njegovo najglobje skrivnost? Kaj pomeni biti \u010dlovek? Kaj je smisel \u017eivljenja? Kdo je Bog?","breadcrumb":{"@id":"https:\/\/www.iskreni.net\/trgovina\/product\/kdo-je-torej-bog\/#breadcrumb"},"inLanguage":"sl-SI","potentialAction":[{"@type":"ReadAction","target":["https:\/\/www.iskreni.net\/trgovina\/product\/kdo-je-torej-bog\/"]}]},{"@type":"ImageObject","inLanguage":"sl-SI","@id":"https:\/\/www.iskreni.net\/trgovina\/product\/kdo-je-torej-bog\/#primaryimage","url":"https:\/\/www.iskreni.net\/trgovina\/wp-content\/uploads\/2026\/01\/Slike-za-v-spletno-trgovino-2026-01-26T135023.102.jpg","contentUrl":"https:\/\/www.iskreni.net\/trgovina\/wp-content\/uploads\/2026\/01\/Slike-za-v-spletno-trgovino-2026-01-26T135023.102.jpg","width":600,"height":600},{"@type":"BreadcrumbList","@id":"https:\/\/www.iskreni.net\/trgovina\/product\/kdo-je-torej-bog\/#breadcrumb","itemListElement":[{"@type":"ListItem","position":1,"name":"Home","item":"https:\/\/www.iskreni.net\/trgovina\/"},{"@type":"ListItem","position":2,"name":"Trgovina","item":"https:\/\/www.iskreni.net\/trgovina\/trgovina\/"},{"@type":"ListItem","position":3,"name":"Kdo je torej Bog?"}]},{"@type":"WebSite","@id":"https:\/\/www.iskreni.net\/trgovina\/#website","url":"https:\/\/www.iskreni.net\/trgovina\/","name":"Zavod Iskreni","description":"trgovina","potentialAction":[{"@type":"SearchAction","target":{"@type":"EntryPoint","urlTemplate":"https:\/\/www.iskreni.net\/trgovina\/?s={search_term_string}"},"query-input":{"@type":"PropertyValueSpecification","valueRequired":true,"valueName":"search_term_string"}}],"inLanguage":"sl-SI"}]}},"_links":{"self":[{"href":"https:\/\/www.iskreni.net\/trgovina\/wp-json\/wp\/v2\/product\/91494","targetHints":{"allow":["GET"]}}],"collection":[{"href":"https:\/\/www.iskreni.net\/trgovina\/wp-json\/wp\/v2\/product"}],"about":[{"href":"https:\/\/www.iskreni.net\/trgovina\/wp-json\/wp\/v2\/types\/product"}],"replies":[{"embeddable":true,"href":"https:\/\/www.iskreni.net\/trgovina\/wp-json\/wp\/v2\/comments?post=91494"}],"version-history":[{"count":2,"href":"https:\/\/www.iskreni.net\/trgovina\/wp-json\/wp\/v2\/product\/91494\/revisions"}],"predecessor-version":[{"id":91497,"href":"https:\/\/www.iskreni.net\/trgovina\/wp-json\/wp\/v2\/product\/91494\/revisions\/91497"}],"wp:featuredmedia":[{"embeddable":true,"href":"https:\/\/www.iskreni.net\/trgovina\/wp-json\/wp\/v2\/media\/91496"}],"wp:attachment":[{"href":"https:\/\/www.iskreni.net\/trgovina\/wp-json\/wp\/v2\/media?parent=91494"}],"wp:term":[{"taxonomy":"product_brand","embeddable":true,"href":"https:\/\/www.iskreni.net\/trgovina\/wp-json\/wp\/v2\/product_brand?post=91494"},{"taxonomy":"product_cat","embeddable":true,"href":"https:\/\/www.iskreni.net\/trgovina\/wp-json\/wp\/v2\/product_cat?post=91494"},{"taxonomy":"product_tag","embeddable":true,"href":"https:\/\/www.iskreni.net\/trgovina\/wp-json\/wp\/v2\/product_tag?post=91494"},{"taxonomy":"avtor","embeddable":true,"href":"https:\/\/www.iskreni.net\/trgovina\/wp-json\/wp\/v2\/avtor?post=91494"},{"taxonomy":"zalozba","embeddable":true,"href":"https:\/\/www.iskreni.net\/trgovina\/wp-json\/wp\/v2\/zalozba?post=91494"},{"taxonomy":"vezava","embeddable":true,"href":"https:\/\/www.iskreni.net\/trgovina\/wp-json\/wp\/v2\/vezava?post=91494"}],"curies":[{"name":"wp","href":"https:\/\/api.w.org\/{rel}","templated":true}]}}