{"id":89633,"date":"2025-10-24T10:32:19","date_gmt":"2025-10-24T08:32:19","guid":{"rendered":"https:\/\/www.iskreni.net\/trgovina\/?post_type=product&#038;p=89633"},"modified":"2026-03-04T13:22:00","modified_gmt":"2026-03-04T12:22:00","slug":"prezrti-cas","status":"publish","type":"product","link":"https:\/\/www.iskreni.net\/trgovina\/product\/prezrti-cas\/","title":{"rendered":"Prezrti \u010das"},"content":{"rendered":"<h4>O knjigi Prezrti \u010das:<\/h4>\n<p>Knjiga <strong>Prezrti \u010das<\/strong> je tiho, a globoko pri\u010devanje o svetosti trenutkov, ki jih dru\u017eba pogosto spregleda \u2013 o \u010dasu bolezni, umiranja in \u017ealovanja. V njej so zbrane resni\u010dne zgodbe in razmi\u0161ljanja ljudi, ki so se zna\u0161li ob koncu \u017eivljenjske poti svojih bli\u017enjih. Besedilo ne ponuja lahkih odgovorov in ne olep\u0161uje trpljenja, temve\u010d s so\u010dutjem in spo\u0161tovanjem odpira prostor, kjer se \u010dlovek u\u010di biti ob bolniku v molku, v bole\u010dini, v upanju in v dvomu, v ljubezni, ki ostaja.<\/p>\n<p>Knjiga je razdeljena na \u0161tiri vsebinske dele: notranji svet neozdravljivo bolnih in umirajo\u010dih; na\u010dini, kako jim biti v oporo; duhovna razse\u017enost ob koncu \u017eivljenja; ter \u017ealovanje kot pot preobrazbe. Pre\u017eeta je s kr\u0161\u010dansko duhovnostjo, ki v ranljivosti prepoznava kraj sre\u010danja z Bogom in z drugim \u010dlovekom.<\/p>\n<p>Knjiga \u017eeli pokazati, da pravo so\u010dutje ne i\u0161\u010de bli\u017enjic. Ob bole\u010dini in nemo\u010di ne ponuja evtanazije kot re\u0161itve, temve\u010d spodbuja k spo\u0161tljivi in zvesti navzo\u010dnosti ob trpe\u010dem \u010dloveku. Bole\u010dina in umiranje, \u010de ju sprejmemo v odnos ljubezni in spo\u0161tovanja, postane prostor sre\u010danja in notranje preobrazbe, po kateri postanemo bolj \u010dlove\u0161ki in Bo\u017eji.<\/p>\n<p>To je knjiga o lepoti in dragocenosti \u010dlove\u0161ke bli\u017eine, o pogumu ostajanja, ko ne moremo ve\u010d pomagati druga\u010de kot z navzo\u010dnostjo. Namenjena je vsem, ki spremljajo neozdravljivo bolne in \u017ealujo\u010de \u2013 svojcem, pastoralnim sodelavcem, zdravstvenemu osebju in prostovoljcem. Je sopotnica tistim, ki spremljajo bolne in \u017ealujo\u010de, in vabilo dru\u017ebi, naj prezrti \u010das \u2013 \u010das ranljivosti, krhkosti in tihe svetosti \u2013 ponovno prepozna kot dragocen dar \u017eivljenja.<\/p>\n<p>p.Ivan Platovnjak DJ<\/p>\n<p>&nbsp;<\/p>\n","protected":false},"excerpt":{"rendered":"<p><strong>Avtor:<\/strong> p. Ivan Platovnjak DJ<br \/>\n<strong>Zalo\u017eba: <\/strong>Dravlje<br \/>\n<strong>\u0160tevilo strani: <\/strong>272<br \/>\n<strong>Leto izdaje:<\/strong> 2025<br \/>\n<strong>Mere:\u00a0<\/strong>140 mm x 210 mm<\/p>\n<h4><em>Bodimo ob neozdravljivo bolnih, umirajo\u010dih in \u017ealujo\u010dih<\/em><\/h4>\n<p><a href=\"https:\/\/www.iskreni.net\/trgovina\/wp-content\/uploads\/2025\/10\/Prezrti_Cas_predogled.pdf\" target=\"_blank\" rel=\"noopener\">Predogled knjige<\/a><\/p>\n<p>&nbsp;<\/p>\n","protected":false},"featured_media":89635,"comment_status":"open","ping_status":"closed","template":"","meta":[],"product_brand":[],"product_cat":[2324,2327,63],"product_tag":[1554],"avtor":[2829],"zalozba":[3223],"vezava":[2828],"class_list":{"0":"post-89633","1":"product","2":"type-product","3":"status-publish","4":"has-post-thumbnail","6":"product_cat-duhovnost-in-osebna-rast","7":"product_cat-prirocniki-in-vodniki","8":"product_cat-knjige","9":"product_tag-zalovanje","10":"avtor-p-ivan-platovnjak-dj","11":"zalozba-zalozba-dravlje","12":"vezava-brosura","14":"first","15":"instock","16":"taxable","17":"shipping-taxable","18":"purchasable","19":"product-type-simple"},"yoast_head":"<!-- This site is optimized with the Yoast SEO plugin v26.3 - https:\/\/yoast.com\/wordpress\/plugins\/seo\/ -->\n<title>Prezrti \u010das - trgovina Iskreni<\/title>\n<meta name=\"description\" content=\"To je knjiga o lepoti in dragocenosti \u010dlove\u0161ke bli\u017eine, o pogumu ostajanja, ko ne moremo ve\u010d pomagati druga\u010de kot z navzo\u010dnostjo. Namenjena je vsem, ki spremljajo neozdravljivo bolne in \u017ealujo\u010de \u2013 svojcem, pastoralnim sodelavcem, zdravstvenemu osebju in prostovoljcem. Je sopotnica tistim, ki spremljajo bolne in \u017ealujo\u010de, in vabilo dru\u017ebi, naj prezrti \u010das \u2013 \u010das ranljivosti, krhkosti in tihe svetosti \u2013 ponovno prepozna kot dragocen dar \u017eivljenja.\" \/>\n<meta name=\"robots\" content=\"index, follow, max-snippet:-1, max-image-preview:large, max-video-preview:-1\" \/>\n<link rel=\"canonical\" href=\"https:\/\/www.iskreni.net\/trgovina\/product\/prezrti-cas\/\" \/>\n<meta property=\"og:locale\" content=\"sl_SI\" \/>\n<meta property=\"og:type\" content=\"article\" \/>\n<meta property=\"og:title\" content=\"Prezrti \u010das\" \/>\n<meta property=\"og:description\" content=\"To je knjiga o lepoti in dragocenosti \u010dlove\u0161ke bli\u017eine, o pogumu ostajanja, ko ne moremo ve\u010d pomagati druga\u010de kot z navzo\u010dnostjo. Namenjena je vsem, ki spremljajo neozdravljivo bolne in \u017ealujo\u010de \u2013 svojcem, pastoralnim sodelavcem, zdravstvenemu osebju in prostovoljcem. Je sopotnica tistim, ki spremljajo bolne in \u017ealujo\u010de, in vabilo dru\u017ebi, naj prezrti \u010das \u2013 \u010das ranljivosti, krhkosti in tihe svetosti \u2013 ponovno prepozna kot dragocen dar \u017eivljenja.\" \/>\n<meta property=\"og:url\" content=\"https:\/\/www.iskreni.net\/trgovina\/product\/prezrti-cas\/\" \/>\n<meta property=\"og:site_name\" content=\"Zavod Iskreni\" \/>\n<meta property=\"article:modified_time\" content=\"2026-03-04T12:22:00+00:00\" \/>\n<meta property=\"og:image\" content=\"https:\/\/www.iskreni.net\/trgovina\/wp-content\/uploads\/2025\/10\/Slike-za-v-spletno-trgovino-2025-10-24T103202.781.jpg\" \/>\n\t<meta property=\"og:image:width\" content=\"600\" \/>\n\t<meta property=\"og:image:height\" content=\"600\" \/>\n\t<meta property=\"og:image:type\" content=\"image\/jpeg\" \/>\n<meta name=\"twitter:card\" content=\"summary_large_image\" \/>\n<meta name=\"twitter:label1\" content=\"Est. reading time\" \/>\n\t<meta name=\"twitter:data1\" content=\"2 minuti\" \/>\n<script type=\"application\/ld+json\" class=\"yoast-schema-graph\">{\"@context\":\"https:\/\/schema.org\",\"@graph\":[{\"@type\":\"WebPage\",\"@id\":\"https:\/\/www.iskreni.net\/trgovina\/product\/prezrti-cas\/\",\"url\":\"https:\/\/www.iskreni.net\/trgovina\/product\/prezrti-cas\/\",\"name\":\"Prezrti \u010das - trgovina Iskreni\",\"isPartOf\":{\"@id\":\"https:\/\/www.iskreni.net\/trgovina\/#website\"},\"primaryImageOfPage\":{\"@id\":\"https:\/\/www.iskreni.net\/trgovina\/product\/prezrti-cas\/#primaryimage\"},\"image\":{\"@id\":\"https:\/\/www.iskreni.net\/trgovina\/product\/prezrti-cas\/#primaryimage\"},\"thumbnailUrl\":\"https:\/\/www.iskreni.net\/trgovina\/wp-content\/uploads\/2025\/10\/Slike-za-v-spletno-trgovino-2025-10-24T103202.781.jpg\",\"datePublished\":\"2025-10-24T08:32:19+00:00\",\"dateModified\":\"2026-03-04T12:22:00+00:00\",\"description\":\"To je knjiga o lepoti in dragocenosti \u010dlove\u0161ke bli\u017eine, o pogumu ostajanja, ko ne moremo ve\u010d pomagati druga\u010de kot z navzo\u010dnostjo. Namenjena je vsem, ki spremljajo neozdravljivo bolne in \u017ealujo\u010de \u2013 svojcem, pastoralnim sodelavcem, zdravstvenemu osebju in prostovoljcem. Je sopotnica tistim, ki spremljajo bolne in \u017ealujo\u010de, in vabilo dru\u017ebi, naj prezrti \u010das \u2013 \u010das ranljivosti, krhkosti in tihe svetosti \u2013 ponovno prepozna kot dragocen dar \u017eivljenja.\",\"breadcrumb\":{\"@id\":\"https:\/\/www.iskreni.net\/trgovina\/product\/prezrti-cas\/#breadcrumb\"},\"inLanguage\":\"sl-SI\",\"potentialAction\":[{\"@type\":\"ReadAction\",\"target\":[\"https:\/\/www.iskreni.net\/trgovina\/product\/prezrti-cas\/\"]}]},{\"@type\":\"ImageObject\",\"inLanguage\":\"sl-SI\",\"@id\":\"https:\/\/www.iskreni.net\/trgovina\/product\/prezrti-cas\/#primaryimage\",\"url\":\"https:\/\/www.iskreni.net\/trgovina\/wp-content\/uploads\/2025\/10\/Slike-za-v-spletno-trgovino-2025-10-24T103202.781.jpg\",\"contentUrl\":\"https:\/\/www.iskreni.net\/trgovina\/wp-content\/uploads\/2025\/10\/Slike-za-v-spletno-trgovino-2025-10-24T103202.781.jpg\",\"width\":600,\"height\":600},{\"@type\":\"BreadcrumbList\",\"@id\":\"https:\/\/www.iskreni.net\/trgovina\/product\/prezrti-cas\/#breadcrumb\",\"itemListElement\":[{\"@type\":\"ListItem\",\"position\":1,\"name\":\"Home\",\"item\":\"https:\/\/www.iskreni.net\/trgovina\/\"},{\"@type\":\"ListItem\",\"position\":2,\"name\":\"Trgovina\",\"item\":\"https:\/\/www.iskreni.net\/trgovina\/trgovina\/\"},{\"@type\":\"ListItem\",\"position\":3,\"name\":\"Prezrti \u010das\"}]},{\"@type\":\"WebSite\",\"@id\":\"https:\/\/www.iskreni.net\/trgovina\/#website\",\"url\":\"https:\/\/www.iskreni.net\/trgovina\/\",\"name\":\"Zavod Iskreni\",\"description\":\"trgovina\",\"potentialAction\":[{\"@type\":\"SearchAction\",\"target\":{\"@type\":\"EntryPoint\",\"urlTemplate\":\"https:\/\/www.iskreni.net\/trgovina\/?s={search_term_string}\"},\"query-input\":{\"@type\":\"PropertyValueSpecification\",\"valueRequired\":true,\"valueName\":\"search_term_string\"}}],\"inLanguage\":\"sl-SI\"}]}<\/script>\n<!-- \/ Yoast SEO plugin. -->","yoast_head_json":{"title":"Prezrti \u010das - trgovina Iskreni","description":"To je knjiga o lepoti in dragocenosti \u010dlove\u0161ke bli\u017eine, o pogumu ostajanja, ko ne moremo ve\u010d pomagati druga\u010de kot z navzo\u010dnostjo. Namenjena je vsem, ki spremljajo neozdravljivo bolne in \u017ealujo\u010de \u2013 svojcem, pastoralnim sodelavcem, zdravstvenemu osebju in prostovoljcem. Je sopotnica tistim, ki spremljajo bolne in \u017ealujo\u010de, in vabilo dru\u017ebi, naj prezrti \u010das \u2013 \u010das ranljivosti, krhkosti in tihe svetosti \u2013 ponovno prepozna kot dragocen dar \u017eivljenja.","robots":{"index":"index","follow":"follow","max-snippet":"max-snippet:-1","max-image-preview":"max-image-preview:large","max-video-preview":"max-video-preview:-1"},"canonical":"https:\/\/www.iskreni.net\/trgovina\/product\/prezrti-cas\/","og_locale":"sl_SI","og_type":"article","og_title":"Prezrti \u010das","og_description":"To je knjiga o lepoti in dragocenosti \u010dlove\u0161ke bli\u017eine, o pogumu ostajanja, ko ne moremo ve\u010d pomagati druga\u010de kot z navzo\u010dnostjo. Namenjena je vsem, ki spremljajo neozdravljivo bolne in \u017ealujo\u010de \u2013 svojcem, pastoralnim sodelavcem, zdravstvenemu osebju in prostovoljcem. Je sopotnica tistim, ki spremljajo bolne in \u017ealujo\u010de, in vabilo dru\u017ebi, naj prezrti \u010das \u2013 \u010das ranljivosti, krhkosti in tihe svetosti \u2013 ponovno prepozna kot dragocen dar \u017eivljenja.","og_url":"https:\/\/www.iskreni.net\/trgovina\/product\/prezrti-cas\/","og_site_name":"Zavod Iskreni","article_modified_time":"2026-03-04T12:22:00+00:00","og_image":[{"width":600,"height":600,"url":"https:\/\/www.iskreni.net\/trgovina\/wp-content\/uploads\/2025\/10\/Slike-za-v-spletno-trgovino-2025-10-24T103202.781.jpg","type":"image\/jpeg"}],"twitter_card":"summary_large_image","twitter_misc":{"Est. reading time":"2 minuti"},"schema":{"@context":"https:\/\/schema.org","@graph":[{"@type":"WebPage","@id":"https:\/\/www.iskreni.net\/trgovina\/product\/prezrti-cas\/","url":"https:\/\/www.iskreni.net\/trgovina\/product\/prezrti-cas\/","name":"Prezrti \u010das - trgovina Iskreni","isPartOf":{"@id":"https:\/\/www.iskreni.net\/trgovina\/#website"},"primaryImageOfPage":{"@id":"https:\/\/www.iskreni.net\/trgovina\/product\/prezrti-cas\/#primaryimage"},"image":{"@id":"https:\/\/www.iskreni.net\/trgovina\/product\/prezrti-cas\/#primaryimage"},"thumbnailUrl":"https:\/\/www.iskreni.net\/trgovina\/wp-content\/uploads\/2025\/10\/Slike-za-v-spletno-trgovino-2025-10-24T103202.781.jpg","datePublished":"2025-10-24T08:32:19+00:00","dateModified":"2026-03-04T12:22:00+00:00","description":"To je knjiga o lepoti in dragocenosti \u010dlove\u0161ke bli\u017eine, o pogumu ostajanja, ko ne moremo ve\u010d pomagati druga\u010de kot z navzo\u010dnostjo. Namenjena je vsem, ki spremljajo neozdravljivo bolne in \u017ealujo\u010de \u2013 svojcem, pastoralnim sodelavcem, zdravstvenemu osebju in prostovoljcem. Je sopotnica tistim, ki spremljajo bolne in \u017ealujo\u010de, in vabilo dru\u017ebi, naj prezrti \u010das \u2013 \u010das ranljivosti, krhkosti in tihe svetosti \u2013 ponovno prepozna kot dragocen dar \u017eivljenja.","breadcrumb":{"@id":"https:\/\/www.iskreni.net\/trgovina\/product\/prezrti-cas\/#breadcrumb"},"inLanguage":"sl-SI","potentialAction":[{"@type":"ReadAction","target":["https:\/\/www.iskreni.net\/trgovina\/product\/prezrti-cas\/"]}]},{"@type":"ImageObject","inLanguage":"sl-SI","@id":"https:\/\/www.iskreni.net\/trgovina\/product\/prezrti-cas\/#primaryimage","url":"https:\/\/www.iskreni.net\/trgovina\/wp-content\/uploads\/2025\/10\/Slike-za-v-spletno-trgovino-2025-10-24T103202.781.jpg","contentUrl":"https:\/\/www.iskreni.net\/trgovina\/wp-content\/uploads\/2025\/10\/Slike-za-v-spletno-trgovino-2025-10-24T103202.781.jpg","width":600,"height":600},{"@type":"BreadcrumbList","@id":"https:\/\/www.iskreni.net\/trgovina\/product\/prezrti-cas\/#breadcrumb","itemListElement":[{"@type":"ListItem","position":1,"name":"Home","item":"https:\/\/www.iskreni.net\/trgovina\/"},{"@type":"ListItem","position":2,"name":"Trgovina","item":"https:\/\/www.iskreni.net\/trgovina\/trgovina\/"},{"@type":"ListItem","position":3,"name":"Prezrti \u010das"}]},{"@type":"WebSite","@id":"https:\/\/www.iskreni.net\/trgovina\/#website","url":"https:\/\/www.iskreni.net\/trgovina\/","name":"Zavod Iskreni","description":"trgovina","potentialAction":[{"@type":"SearchAction","target":{"@type":"EntryPoint","urlTemplate":"https:\/\/www.iskreni.net\/trgovina\/?s={search_term_string}"},"query-input":{"@type":"PropertyValueSpecification","valueRequired":true,"valueName":"search_term_string"}}],"inLanguage":"sl-SI"}]}},"_links":{"self":[{"href":"https:\/\/www.iskreni.net\/trgovina\/wp-json\/wp\/v2\/product\/89633","targetHints":{"allow":["GET"]}}],"collection":[{"href":"https:\/\/www.iskreni.net\/trgovina\/wp-json\/wp\/v2\/product"}],"about":[{"href":"https:\/\/www.iskreni.net\/trgovina\/wp-json\/wp\/v2\/types\/product"}],"replies":[{"embeddable":true,"href":"https:\/\/www.iskreni.net\/trgovina\/wp-json\/wp\/v2\/comments?post=89633"}],"version-history":[{"count":5,"href":"https:\/\/www.iskreni.net\/trgovina\/wp-json\/wp\/v2\/product\/89633\/revisions"}],"predecessor-version":[{"id":89637,"href":"https:\/\/www.iskreni.net\/trgovina\/wp-json\/wp\/v2\/product\/89633\/revisions\/89637"}],"wp:featuredmedia":[{"embeddable":true,"href":"https:\/\/www.iskreni.net\/trgovina\/wp-json\/wp\/v2\/media\/89635"}],"wp:attachment":[{"href":"https:\/\/www.iskreni.net\/trgovina\/wp-json\/wp\/v2\/media?parent=89633"}],"wp:term":[{"taxonomy":"product_brand","embeddable":true,"href":"https:\/\/www.iskreni.net\/trgovina\/wp-json\/wp\/v2\/product_brand?post=89633"},{"taxonomy":"product_cat","embeddable":true,"href":"https:\/\/www.iskreni.net\/trgovina\/wp-json\/wp\/v2\/product_cat?post=89633"},{"taxonomy":"product_tag","embeddable":true,"href":"https:\/\/www.iskreni.net\/trgovina\/wp-json\/wp\/v2\/product_tag?post=89633"},{"taxonomy":"avtor","embeddable":true,"href":"https:\/\/www.iskreni.net\/trgovina\/wp-json\/wp\/v2\/avtor?post=89633"},{"taxonomy":"zalozba","embeddable":true,"href":"https:\/\/www.iskreni.net\/trgovina\/wp-json\/wp\/v2\/zalozba?post=89633"},{"taxonomy":"vezava","embeddable":true,"href":"https:\/\/www.iskreni.net\/trgovina\/wp-json\/wp\/v2\/vezava?post=89633"}],"curies":[{"name":"wp","href":"https:\/\/api.w.org\/{rel}","templated":true}]}}