{"id":89033,"date":"2025-09-12T11:24:47","date_gmt":"2025-09-12T09:24:47","guid":{"rendered":"https:\/\/www.iskreni.net\/trgovina\/?post_type=product&#038;p=89033"},"modified":"2025-11-27T14:27:16","modified_gmt":"2025-11-27T13:27:16","slug":"na-sever-ali-pa-te-pozrem","status":"publish","type":"product","link":"https:\/\/www.iskreni.net\/trgovina\/product\/na-sever-ali-pa-te-pozrem\/","title":{"rendered":"Na sever! Ali pa te po\u017erem!"},"content":{"rendered":"<h4>O knjigi:<\/h4>\n<p>Janner, Tink in Lili Igiby so bili prepri\u010dani, da so navadni otroci z navadnim \u017eivljenjem in navadno preteklostjo. Ampak zdaj vedo, da so v resnici izgubljeni anirski dragulji, dedi\u010di legendarnega kraljestva onkraj morja, zato jim nenadoma vsakdo stre\u017ee po \u017eivljenju.<\/p>\n<p>Da bi Igibyjevi pre\u017eiveli, morajo pobegniti na varno v Ledene prerije, kjer jim ku\u0161\u010darski Strupniki s Hudirja ne morejo slediti. Ampak najprej se morajo izogniti po\u0161astim iz hoste Glipovega loga, uiti tatinskim Nabre\u017enikom z Vzhodnega okljuka in pobegniti iz srhljive Tovarne vilic.<\/p>\n<p>\u0160e bolj nevarna pa sta ljubosumje in zagrenjenost, ki grozita, da jih bosta razdvojila; Janner in njegova brat in sestra morajo kruto spoznati, da je ljubezen doma\u010dih pomembnej\u0161a od vsega drugega.<\/p>\n<p>Klju\u010dne to\u010dke:<\/p>\n<ul>\n<li>odra\u0161\u010danje, dru\u017einske vrednote in povezanost<\/li>\n<li>mo\u010dni ve\u010dplastni liki<\/li>\n<li>notranje preizku\u0161nje in boj proti temnim silam<\/li>\n<li>globoka simbolika in univerzalna sporo\u010dila<\/li>\n<li>napeto vzdu\u0161je in vznemirljiv zaplet<\/li>\n<\/ul>\n<h4>O avtorju:<\/h4>\n<p><strong>Andrew Peterson<\/strong>, avtor Sage o rodbini Wingfeather, je cenjen ameri\u0161ki pisatelj, glasbenik in tekstopisec, ki je s svojo ustvarjalnostjo zaslovel tako v svetu literature kot glasbe. Poleg tega, da je avtor uspe\u0161ne fantazijske serije Wingfeather, Peterson \u017ee ve\u010d kot dve desetletji navdu\u0161uje ob\u010dinstvo s svojo glasbo, v kateri zdru\u017euje \u010dustveno globino in umetni\u0161ko dovr\u0161enost.<\/p>\n<p>Serija Saga o rodbini Wingfeather je rezultat njegove ljubezni do zgodb in globoke \u017eelje po navdihujo\u010dih, \u010darobnih pripovedih, ki nagovarjajo tako mlade kot odrasle. Njegov prefinjeni slog in pozornost do \u010dustvenih ter moralnih vpra\u0161anj prina\u0161ata edinstveno globino, zaradi katere je ta serija postala priljubljena po vsem svetu.<\/p>\n<p>&nbsp;<\/p>\n<p><strong>Drugi del priljubljene Wingfeather sage<\/strong> predstavlja izjemno fantazijsko pustolov\u0161\u010dino, ki bo navdu\u0161ila mlade bralce od desetega leta starosti naprej. Andrew Peterson je ustvaril \u010darobni svet, ki bo pritegnil vse ljubitelje Zgodb iz Narnije, Hobita ali Gospodarja prstanov. Ta mladinski fantazijski roman odli\u010dno kombinira epske pustolov\u0161\u010dine z globokimi dru\u017einskimi vrednotami in zgodbami o odra\u0161\u010danju. Star\u0161i pogosto i\u0161\u010dejo prav tak\u0161no kakovostno fantazijsko literaturo za svoje najstnike, saj serija ponuja vznemirljive dogodiv\u0161\u010dine hkrati s pomembnimi \u017eivljenjskimi naukami. Wingfeather saga je postala ena najbolj cenjenih sodobnih mladinskih fantazijskih serij na svetu in odli\u010den izbor za dru\u017einsko branje ali \u0161olske knji\u017enice. Bralci, ki so se zaljubili v prvi del, bodo v nadaljevanju na\u0161li \u0161e globlje razvite karakterje in \u0161e bolj zapletene dogodiv\u0161\u010dine v \u010darobnem svetu dru\u017eine Igiby.<\/p>\n","protected":false},"excerpt":{"rendered":"<p><strong>Leto izdaje:<\/strong> 2024<br \/>\n<strong>\u0160tevilo strani: <\/strong>422<br \/>\n<strong>Format:<\/strong> 150 x 230 mm<\/p>\n<p><a href=\"https:\/\/www.iskreni.net\/trgovina\/wp-content\/uploads\/2025\/10\/na-sever-vzorcne-strani.pdf\" target=\"_blank\" rel=\"noopener\">Predogled knjige<\/a><\/p>\n<h4><\/h4>\n<p>&nbsp;<\/p>\n<p>&nbsp;<\/p>\n<p>&nbsp;<\/p>\n","protected":false},"featured_media":89035,"comment_status":"open","ping_status":"closed","template":"","meta":[],"product_brand":[],"product_cat":[2350,63],"product_tag":[3211],"avtor":[2568],"zalozba":[2311],"vezava":[2307],"class_list":{"0":"post-89033","1":"product","2":"type-product","3":"status-publish","4":"has-post-thumbnail","6":"product_cat-za-mlade","7":"product_cat-knjige","8":"product_tag-darilo","9":"avtor-andrew-peterson","10":"zalozba-druzina","11":"vezava-mehka","13":"first","14":"instock","15":"taxable","16":"shipping-taxable","17":"purchasable","18":"product-type-simple"},"yoast_head":"<!-- This site is optimized with the Yoast SEO plugin v26.3 - https:\/\/yoast.com\/wordpress\/plugins\/seo\/ -->\n<title>Na sever! Ali pa te po\u017erem!<\/title>\n<meta name=\"description\" content=\"Bogata in domiselna fantazijska pustolov\u0161\u010dina.\" \/>\n<meta name=\"robots\" content=\"index, follow, max-snippet:-1, max-image-preview:large, max-video-preview:-1\" \/>\n<link rel=\"canonical\" href=\"https:\/\/www.iskreni.net\/trgovina\/product\/na-sever-ali-pa-te-pozrem\/\" \/>\n<meta property=\"og:locale\" content=\"sl_SI\" \/>\n<meta property=\"og:type\" content=\"article\" \/>\n<meta property=\"og:title\" content=\"Na sever! Ali pa te po\u017erem!\" \/>\n<meta property=\"og:description\" content=\"Bogata in domiselna fantazijska pustolov\u0161\u010dina.\" \/>\n<meta property=\"og:url\" content=\"https:\/\/www.iskreni.net\/trgovina\/product\/na-sever-ali-pa-te-pozrem\/\" \/>\n<meta property=\"og:site_name\" content=\"Zavod Iskreni\" \/>\n<meta property=\"article:modified_time\" content=\"2025-11-27T13:27:16+00:00\" \/>\n<meta property=\"og:image\" content=\"https:\/\/www.iskreni.net\/trgovina\/wp-content\/uploads\/2025\/09\/Slike-za-v-spletno-trgovino-2025-09-12T112011.880.jpg\" \/>\n\t<meta property=\"og:image:width\" content=\"600\" \/>\n\t<meta property=\"og:image:height\" content=\"600\" \/>\n\t<meta property=\"og:image:type\" content=\"image\/jpeg\" \/>\n<meta name=\"twitter:card\" content=\"summary_large_image\" \/>\n<meta name=\"twitter:label1\" content=\"Est. reading time\" \/>\n\t<meta name=\"twitter:data1\" content=\"3 minute\" \/>\n<script type=\"application\/ld+json\" class=\"yoast-schema-graph\">{\"@context\":\"https:\/\/schema.org\",\"@graph\":[{\"@type\":\"WebPage\",\"@id\":\"https:\/\/www.iskreni.net\/trgovina\/product\/na-sever-ali-pa-te-pozrem\/\",\"url\":\"https:\/\/www.iskreni.net\/trgovina\/product\/na-sever-ali-pa-te-pozrem\/\",\"name\":\"Na sever! Ali pa te po\u017erem!\",\"isPartOf\":{\"@id\":\"https:\/\/www.iskreni.net\/trgovina\/#website\"},\"primaryImageOfPage\":{\"@id\":\"https:\/\/www.iskreni.net\/trgovina\/product\/na-sever-ali-pa-te-pozrem\/#primaryimage\"},\"image\":{\"@id\":\"https:\/\/www.iskreni.net\/trgovina\/product\/na-sever-ali-pa-te-pozrem\/#primaryimage\"},\"thumbnailUrl\":\"https:\/\/www.iskreni.net\/trgovina\/wp-content\/uploads\/2025\/09\/Slike-za-v-spletno-trgovino-2025-09-12T112011.880.jpg\",\"datePublished\":\"2025-09-12T09:24:47+00:00\",\"dateModified\":\"2025-11-27T13:27:16+00:00\",\"description\":\"Bogata in domiselna fantazijska pustolov\u0161\u010dina.\",\"breadcrumb\":{\"@id\":\"https:\/\/www.iskreni.net\/trgovina\/product\/na-sever-ali-pa-te-pozrem\/#breadcrumb\"},\"inLanguage\":\"sl-SI\",\"potentialAction\":[{\"@type\":\"ReadAction\",\"target\":[\"https:\/\/www.iskreni.net\/trgovina\/product\/na-sever-ali-pa-te-pozrem\/\"]}]},{\"@type\":\"ImageObject\",\"inLanguage\":\"sl-SI\",\"@id\":\"https:\/\/www.iskreni.net\/trgovina\/product\/na-sever-ali-pa-te-pozrem\/#primaryimage\",\"url\":\"https:\/\/www.iskreni.net\/trgovina\/wp-content\/uploads\/2025\/09\/Slike-za-v-spletno-trgovino-2025-09-12T112011.880.jpg\",\"contentUrl\":\"https:\/\/www.iskreni.net\/trgovina\/wp-content\/uploads\/2025\/09\/Slike-za-v-spletno-trgovino-2025-09-12T112011.880.jpg\",\"width\":600,\"height\":600},{\"@type\":\"BreadcrumbList\",\"@id\":\"https:\/\/www.iskreni.net\/trgovina\/product\/na-sever-ali-pa-te-pozrem\/#breadcrumb\",\"itemListElement\":[{\"@type\":\"ListItem\",\"position\":1,\"name\":\"Home\",\"item\":\"https:\/\/www.iskreni.net\/trgovina\/\"},{\"@type\":\"ListItem\",\"position\":2,\"name\":\"Trgovina\",\"item\":\"https:\/\/www.iskreni.net\/trgovina\/trgovina\/\"},{\"@type\":\"ListItem\",\"position\":3,\"name\":\"Na sever! Ali pa te po\u017erem!\"}]},{\"@type\":\"WebSite\",\"@id\":\"https:\/\/www.iskreni.net\/trgovina\/#website\",\"url\":\"https:\/\/www.iskreni.net\/trgovina\/\",\"name\":\"Zavod Iskreni\",\"description\":\"trgovina\",\"potentialAction\":[{\"@type\":\"SearchAction\",\"target\":{\"@type\":\"EntryPoint\",\"urlTemplate\":\"https:\/\/www.iskreni.net\/trgovina\/?s={search_term_string}\"},\"query-input\":{\"@type\":\"PropertyValueSpecification\",\"valueRequired\":true,\"valueName\":\"search_term_string\"}}],\"inLanguage\":\"sl-SI\"}]}<\/script>\n<!-- \/ Yoast SEO plugin. -->","yoast_head_json":{"title":"Na sever! Ali pa te po\u017erem!","description":"Bogata in domiselna fantazijska pustolov\u0161\u010dina.","robots":{"index":"index","follow":"follow","max-snippet":"max-snippet:-1","max-image-preview":"max-image-preview:large","max-video-preview":"max-video-preview:-1"},"canonical":"https:\/\/www.iskreni.net\/trgovina\/product\/na-sever-ali-pa-te-pozrem\/","og_locale":"sl_SI","og_type":"article","og_title":"Na sever! Ali pa te po\u017erem!","og_description":"Bogata in domiselna fantazijska pustolov\u0161\u010dina.","og_url":"https:\/\/www.iskreni.net\/trgovina\/product\/na-sever-ali-pa-te-pozrem\/","og_site_name":"Zavod Iskreni","article_modified_time":"2025-11-27T13:27:16+00:00","og_image":[{"width":600,"height":600,"url":"https:\/\/www.iskreni.net\/trgovina\/wp-content\/uploads\/2025\/09\/Slike-za-v-spletno-trgovino-2025-09-12T112011.880.jpg","type":"image\/jpeg"}],"twitter_card":"summary_large_image","twitter_misc":{"Est. reading time":"3 minute"},"schema":{"@context":"https:\/\/schema.org","@graph":[{"@type":"WebPage","@id":"https:\/\/www.iskreni.net\/trgovina\/product\/na-sever-ali-pa-te-pozrem\/","url":"https:\/\/www.iskreni.net\/trgovina\/product\/na-sever-ali-pa-te-pozrem\/","name":"Na sever! Ali pa te po\u017erem!","isPartOf":{"@id":"https:\/\/www.iskreni.net\/trgovina\/#website"},"primaryImageOfPage":{"@id":"https:\/\/www.iskreni.net\/trgovina\/product\/na-sever-ali-pa-te-pozrem\/#primaryimage"},"image":{"@id":"https:\/\/www.iskreni.net\/trgovina\/product\/na-sever-ali-pa-te-pozrem\/#primaryimage"},"thumbnailUrl":"https:\/\/www.iskreni.net\/trgovina\/wp-content\/uploads\/2025\/09\/Slike-za-v-spletno-trgovino-2025-09-12T112011.880.jpg","datePublished":"2025-09-12T09:24:47+00:00","dateModified":"2025-11-27T13:27:16+00:00","description":"Bogata in domiselna fantazijska pustolov\u0161\u010dina.","breadcrumb":{"@id":"https:\/\/www.iskreni.net\/trgovina\/product\/na-sever-ali-pa-te-pozrem\/#breadcrumb"},"inLanguage":"sl-SI","potentialAction":[{"@type":"ReadAction","target":["https:\/\/www.iskreni.net\/trgovina\/product\/na-sever-ali-pa-te-pozrem\/"]}]},{"@type":"ImageObject","inLanguage":"sl-SI","@id":"https:\/\/www.iskreni.net\/trgovina\/product\/na-sever-ali-pa-te-pozrem\/#primaryimage","url":"https:\/\/www.iskreni.net\/trgovina\/wp-content\/uploads\/2025\/09\/Slike-za-v-spletno-trgovino-2025-09-12T112011.880.jpg","contentUrl":"https:\/\/www.iskreni.net\/trgovina\/wp-content\/uploads\/2025\/09\/Slike-za-v-spletno-trgovino-2025-09-12T112011.880.jpg","width":600,"height":600},{"@type":"BreadcrumbList","@id":"https:\/\/www.iskreni.net\/trgovina\/product\/na-sever-ali-pa-te-pozrem\/#breadcrumb","itemListElement":[{"@type":"ListItem","position":1,"name":"Home","item":"https:\/\/www.iskreni.net\/trgovina\/"},{"@type":"ListItem","position":2,"name":"Trgovina","item":"https:\/\/www.iskreni.net\/trgovina\/trgovina\/"},{"@type":"ListItem","position":3,"name":"Na sever! Ali pa te po\u017erem!"}]},{"@type":"WebSite","@id":"https:\/\/www.iskreni.net\/trgovina\/#website","url":"https:\/\/www.iskreni.net\/trgovina\/","name":"Zavod Iskreni","description":"trgovina","potentialAction":[{"@type":"SearchAction","target":{"@type":"EntryPoint","urlTemplate":"https:\/\/www.iskreni.net\/trgovina\/?s={search_term_string}"},"query-input":{"@type":"PropertyValueSpecification","valueRequired":true,"valueName":"search_term_string"}}],"inLanguage":"sl-SI"}]}},"_links":{"self":[{"href":"https:\/\/www.iskreni.net\/trgovina\/wp-json\/wp\/v2\/product\/89033","targetHints":{"allow":["GET"]}}],"collection":[{"href":"https:\/\/www.iskreni.net\/trgovina\/wp-json\/wp\/v2\/product"}],"about":[{"href":"https:\/\/www.iskreni.net\/trgovina\/wp-json\/wp\/v2\/types\/product"}],"replies":[{"embeddable":true,"href":"https:\/\/www.iskreni.net\/trgovina\/wp-json\/wp\/v2\/comments?post=89033"}],"version-history":[{"count":3,"href":"https:\/\/www.iskreni.net\/trgovina\/wp-json\/wp\/v2\/product\/89033\/revisions"}],"predecessor-version":[{"id":89646,"href":"https:\/\/www.iskreni.net\/trgovina\/wp-json\/wp\/v2\/product\/89033\/revisions\/89646"}],"wp:featuredmedia":[{"embeddable":true,"href":"https:\/\/www.iskreni.net\/trgovina\/wp-json\/wp\/v2\/media\/89035"}],"wp:attachment":[{"href":"https:\/\/www.iskreni.net\/trgovina\/wp-json\/wp\/v2\/media?parent=89033"}],"wp:term":[{"taxonomy":"product_brand","embeddable":true,"href":"https:\/\/www.iskreni.net\/trgovina\/wp-json\/wp\/v2\/product_brand?post=89033"},{"taxonomy":"product_cat","embeddable":true,"href":"https:\/\/www.iskreni.net\/trgovina\/wp-json\/wp\/v2\/product_cat?post=89033"},{"taxonomy":"product_tag","embeddable":true,"href":"https:\/\/www.iskreni.net\/trgovina\/wp-json\/wp\/v2\/product_tag?post=89033"},{"taxonomy":"avtor","embeddable":true,"href":"https:\/\/www.iskreni.net\/trgovina\/wp-json\/wp\/v2\/avtor?post=89033"},{"taxonomy":"zalozba","embeddable":true,"href":"https:\/\/www.iskreni.net\/trgovina\/wp-json\/wp\/v2\/zalozba?post=89033"},{"taxonomy":"vezava","embeddable":true,"href":"https:\/\/www.iskreni.net\/trgovina\/wp-json\/wp\/v2\/vezava?post=89033"}],"curies":[{"name":"wp","href":"https:\/\/api.w.org\/{rel}","templated":true}]}}