{"id":8893,"date":"2020-05-26T14:44:57","date_gmt":"2020-05-26T12:44:57","guid":{"rendered":"https:\/\/www.iskreni.net\/trgovina\/?post_type=product&#038;p=8893"},"modified":"2023-07-21T13:59:06","modified_gmt":"2023-07-21T11:59:06","slug":"fantje-naj-bodo-fantje","status":"publish","type":"product","link":"https:\/\/www.iskreni.net\/trgovina\/product\/fantje-naj-bodo-fantje\/","title":{"rendered":"Fantje naj bodo fantje"},"content":{"rendered":"<h4><b>O knjigi:<\/b><\/h4>\n<div class=\"tab_container\">\n<div id=\"description\" class=\"description tab_content\">V tej knjigi se boste nau\u010dili, kako vzgojiti zdrave in sre\u010dne fante &#8211; fante, ki bodo po\u0161teni, pogumni, skromni, poni\u017eni (v smislu prostovoljnega zadr\u017eevanja svoje mo\u010di) in prijazni. To je knjiga s prakti\u010dnimi nasveti, ki temeljijo na izku\u0161njah v zdravstvu, na ustreznih znanstvenih podatkih in na neki zdravi pameti, ki so jo vse premnogi uspeli nekje izgubiti, ko so brali &#8220;politi\u010dno korektne&#8221; knjige za star\u0161e, kakr\u0161nih je vse polno. Biti o\u010de ali mati se pogosto zdi zastra\u0161ujo\u010da naloga. Vendar vsak izmed star\u0161ev ima tisto, kar potrebuje, da bi vzgojil zdrave sinove. Ima ob\u010dutek, srce in tudi odgovornost, da spremeni \u017eivljenje svojega sina na bolje. Ta knjiga je korak na tej poti in pokazala vam bo, kako.<\/div>\n<\/div>\n<div class=\"tab-bottom\"><\/div>\n<h4><b>O avtorici:<\/b><\/h4>\n<p>Dr. Meg Meeker \u017ee dvajset let dela kot pediatrinja in zdravnica za mladostnike ter kot svetovalka za najstnike in star\u0161e. Je \u010dlanica Ameri\u0161ke akademije za pediatrijo in Nacionalne posvetovalne komisije pri Medicinskem in\u0161titutu.<\/p>\n<p>Je priljubljena predavateljica o najstni\u0161kih temah in pogosta gostja v radijskih in televizijskih oddajah, ki jih je mogo\u010de sprejemati po vseh Zdru\u017eenih dr\u017eavah. \u017divi in dela v Traverse Cityju v Michiganu, kjer ima zdravstveno ordinacijo skupaj s svojim mo\u017eem Walterjem Meekerjem. Imata \u0161tiri otroke.<\/p>\n","protected":false},"excerpt":{"rendered":"<p><strong>Avtor:<\/strong> Meg Meeker<br \/>\n<strong>Prevajalec:<\/strong> Leon Jagodic<br \/>\n<strong>Zalo\u017eba:<\/strong> Ognji\u0161\u010de<br \/>\n<strong>Leto izdaje:<\/strong> 2013<br \/>\n<strong>\u0160tevilo strani:<\/strong> 272<\/p>\n","protected":false},"featured_media":8895,"comment_status":"open","ping_status":"closed","template":"","meta":[],"product_brand":[],"product_cat":[2322,2324,2323,63],"product_tag":[],"avtor":[],"zalozba":[],"vezava":[],"class_list":{"0":"post-8893","1":"product","2":"type-product","3":"status-publish","4":"has-post-thumbnail","6":"product_cat-druzina-in-odnosi","7":"product_cat-duhovnost-in-osebna-rast","8":"product_cat-vzgoja","9":"product_cat-knjige","11":"first","12":"instock","13":"taxable","14":"shipping-taxable","15":"purchasable","16":"product-type-simple"},"yoast_head":"<!-- This site is optimized with the Yoast SEO plugin v26.3 - https:\/\/yoast.com\/wordpress\/plugins\/seo\/ -->\n<title>Meg Meeker: Fantje naj bodo fantje - Zavod Iskreni<\/title>\n<meta name=\"description\" content=\"V tej knjigi se boste nau\u010dili, kako vzgojiti zdrave in sre\u010dne fante - fante, ki bodo po\u0161teni, pogumni, skromni, poni\u017eni in prijazni.\" \/>\n<meta name=\"robots\" content=\"index, follow, max-snippet:-1, max-image-preview:large, max-video-preview:-1\" \/>\n<link rel=\"canonical\" href=\"https:\/\/www.iskreni.net\/trgovina\/product\/fantje-naj-bodo-fantje\/\" \/>\n<meta property=\"og:locale\" content=\"sl_SI\" \/>\n<meta property=\"og:type\" content=\"article\" \/>\n<meta property=\"og:title\" content=\"Meg Meeker: Fantje naj bodo fantje - Zavod Iskreni\" \/>\n<meta property=\"og:description\" content=\"V tej knjigi se boste nau\u010dili, kako vzgojiti zdrave in sre\u010dne fante - fante, ki bodo po\u0161teni, pogumni, skromni, poni\u017eni in prijazni.\" \/>\n<meta property=\"og:url\" content=\"https:\/\/www.iskreni.net\/trgovina\/product\/fantje-naj-bodo-fantje\/\" \/>\n<meta property=\"og:site_name\" content=\"Zavod Iskreni\" \/>\n<meta property=\"article:modified_time\" content=\"2023-07-21T11:59:06+00:00\" \/>\n<meta property=\"og:image\" content=\"https:\/\/www.iskreni.net\/trgovina\/wp-content\/uploads\/2020\/05\/fantje.jpg\" \/>\n\t<meta property=\"og:image:width\" content=\"608\" \/>\n\t<meta property=\"og:image:height\" content=\"608\" \/>\n\t<meta property=\"og:image:type\" content=\"image\/jpeg\" \/>\n<meta name=\"twitter:card\" content=\"summary_large_image\" \/>\n<meta name=\"twitter:label1\" content=\"Est. reading time\" \/>\n\t<meta name=\"twitter:data1\" content=\"1 minuta\" \/>\n<script type=\"application\/ld+json\" class=\"yoast-schema-graph\">{\"@context\":\"https:\/\/schema.org\",\"@graph\":[{\"@type\":\"WebPage\",\"@id\":\"https:\/\/www.iskreni.net\/trgovina\/product\/fantje-naj-bodo-fantje\/\",\"url\":\"https:\/\/www.iskreni.net\/trgovina\/product\/fantje-naj-bodo-fantje\/\",\"name\":\"Meg Meeker: Fantje naj bodo fantje - Zavod Iskreni\",\"isPartOf\":{\"@id\":\"https:\/\/www.iskreni.net\/trgovina\/#website\"},\"primaryImageOfPage\":{\"@id\":\"https:\/\/www.iskreni.net\/trgovina\/product\/fantje-naj-bodo-fantje\/#primaryimage\"},\"image\":{\"@id\":\"https:\/\/www.iskreni.net\/trgovina\/product\/fantje-naj-bodo-fantje\/#primaryimage\"},\"thumbnailUrl\":\"https:\/\/www.iskreni.net\/trgovina\/wp-content\/uploads\/2020\/05\/fantje.jpg\",\"datePublished\":\"2020-05-26T12:44:57+00:00\",\"dateModified\":\"2023-07-21T11:59:06+00:00\",\"description\":\"V tej knjigi se boste nau\u010dili, kako vzgojiti zdrave in sre\u010dne fante - fante, ki bodo po\u0161teni, pogumni, skromni, poni\u017eni in prijazni.\",\"breadcrumb\":{\"@id\":\"https:\/\/www.iskreni.net\/trgovina\/product\/fantje-naj-bodo-fantje\/#breadcrumb\"},\"inLanguage\":\"sl-SI\",\"potentialAction\":[{\"@type\":\"ReadAction\",\"target\":[\"https:\/\/www.iskreni.net\/trgovina\/product\/fantje-naj-bodo-fantje\/\"]}]},{\"@type\":\"ImageObject\",\"inLanguage\":\"sl-SI\",\"@id\":\"https:\/\/www.iskreni.net\/trgovina\/product\/fantje-naj-bodo-fantje\/#primaryimage\",\"url\":\"https:\/\/www.iskreni.net\/trgovina\/wp-content\/uploads\/2020\/05\/fantje.jpg\",\"contentUrl\":\"https:\/\/www.iskreni.net\/trgovina\/wp-content\/uploads\/2020\/05\/fantje.jpg\",\"width\":608,\"height\":608},{\"@type\":\"BreadcrumbList\",\"@id\":\"https:\/\/www.iskreni.net\/trgovina\/product\/fantje-naj-bodo-fantje\/#breadcrumb\",\"itemListElement\":[{\"@type\":\"ListItem\",\"position\":1,\"name\":\"Home\",\"item\":\"https:\/\/www.iskreni.net\/trgovina\/\"},{\"@type\":\"ListItem\",\"position\":2,\"name\":\"Trgovina\",\"item\":\"https:\/\/www.iskreni.net\/trgovina\/trgovina\/\"},{\"@type\":\"ListItem\",\"position\":3,\"name\":\"Fantje naj bodo fantje\"}]},{\"@type\":\"WebSite\",\"@id\":\"https:\/\/www.iskreni.net\/trgovina\/#website\",\"url\":\"https:\/\/www.iskreni.net\/trgovina\/\",\"name\":\"Zavod Iskreni\",\"description\":\"trgovina\",\"potentialAction\":[{\"@type\":\"SearchAction\",\"target\":{\"@type\":\"EntryPoint\",\"urlTemplate\":\"https:\/\/www.iskreni.net\/trgovina\/?s={search_term_string}\"},\"query-input\":{\"@type\":\"PropertyValueSpecification\",\"valueRequired\":true,\"valueName\":\"search_term_string\"}}],\"inLanguage\":\"sl-SI\"}]}<\/script>\n<!-- \/ Yoast SEO plugin. -->","yoast_head_json":{"title":"Meg Meeker: Fantje naj bodo fantje - Zavod Iskreni","description":"V tej knjigi se boste nau\u010dili, kako vzgojiti zdrave in sre\u010dne fante - fante, ki bodo po\u0161teni, pogumni, skromni, poni\u017eni in prijazni.","robots":{"index":"index","follow":"follow","max-snippet":"max-snippet:-1","max-image-preview":"max-image-preview:large","max-video-preview":"max-video-preview:-1"},"canonical":"https:\/\/www.iskreni.net\/trgovina\/product\/fantje-naj-bodo-fantje\/","og_locale":"sl_SI","og_type":"article","og_title":"Meg Meeker: Fantje naj bodo fantje - Zavod Iskreni","og_description":"V tej knjigi se boste nau\u010dili, kako vzgojiti zdrave in sre\u010dne fante - fante, ki bodo po\u0161teni, pogumni, skromni, poni\u017eni in prijazni.","og_url":"https:\/\/www.iskreni.net\/trgovina\/product\/fantje-naj-bodo-fantje\/","og_site_name":"Zavod Iskreni","article_modified_time":"2023-07-21T11:59:06+00:00","og_image":[{"width":608,"height":608,"url":"https:\/\/www.iskreni.net\/trgovina\/wp-content\/uploads\/2020\/05\/fantje.jpg","type":"image\/jpeg"}],"twitter_card":"summary_large_image","twitter_misc":{"Est. reading time":"1 minuta"},"schema":{"@context":"https:\/\/schema.org","@graph":[{"@type":"WebPage","@id":"https:\/\/www.iskreni.net\/trgovina\/product\/fantje-naj-bodo-fantje\/","url":"https:\/\/www.iskreni.net\/trgovina\/product\/fantje-naj-bodo-fantje\/","name":"Meg Meeker: Fantje naj bodo fantje - Zavod Iskreni","isPartOf":{"@id":"https:\/\/www.iskreni.net\/trgovina\/#website"},"primaryImageOfPage":{"@id":"https:\/\/www.iskreni.net\/trgovina\/product\/fantje-naj-bodo-fantje\/#primaryimage"},"image":{"@id":"https:\/\/www.iskreni.net\/trgovina\/product\/fantje-naj-bodo-fantje\/#primaryimage"},"thumbnailUrl":"https:\/\/www.iskreni.net\/trgovina\/wp-content\/uploads\/2020\/05\/fantje.jpg","datePublished":"2020-05-26T12:44:57+00:00","dateModified":"2023-07-21T11:59:06+00:00","description":"V tej knjigi se boste nau\u010dili, kako vzgojiti zdrave in sre\u010dne fante - fante, ki bodo po\u0161teni, pogumni, skromni, poni\u017eni in prijazni.","breadcrumb":{"@id":"https:\/\/www.iskreni.net\/trgovina\/product\/fantje-naj-bodo-fantje\/#breadcrumb"},"inLanguage":"sl-SI","potentialAction":[{"@type":"ReadAction","target":["https:\/\/www.iskreni.net\/trgovina\/product\/fantje-naj-bodo-fantje\/"]}]},{"@type":"ImageObject","inLanguage":"sl-SI","@id":"https:\/\/www.iskreni.net\/trgovina\/product\/fantje-naj-bodo-fantje\/#primaryimage","url":"https:\/\/www.iskreni.net\/trgovina\/wp-content\/uploads\/2020\/05\/fantje.jpg","contentUrl":"https:\/\/www.iskreni.net\/trgovina\/wp-content\/uploads\/2020\/05\/fantje.jpg","width":608,"height":608},{"@type":"BreadcrumbList","@id":"https:\/\/www.iskreni.net\/trgovina\/product\/fantje-naj-bodo-fantje\/#breadcrumb","itemListElement":[{"@type":"ListItem","position":1,"name":"Home","item":"https:\/\/www.iskreni.net\/trgovina\/"},{"@type":"ListItem","position":2,"name":"Trgovina","item":"https:\/\/www.iskreni.net\/trgovina\/trgovina\/"},{"@type":"ListItem","position":3,"name":"Fantje naj bodo fantje"}]},{"@type":"WebSite","@id":"https:\/\/www.iskreni.net\/trgovina\/#website","url":"https:\/\/www.iskreni.net\/trgovina\/","name":"Zavod Iskreni","description":"trgovina","potentialAction":[{"@type":"SearchAction","target":{"@type":"EntryPoint","urlTemplate":"https:\/\/www.iskreni.net\/trgovina\/?s={search_term_string}"},"query-input":{"@type":"PropertyValueSpecification","valueRequired":true,"valueName":"search_term_string"}}],"inLanguage":"sl-SI"}]}},"_links":{"self":[{"href":"https:\/\/www.iskreni.net\/trgovina\/wp-json\/wp\/v2\/product\/8893","targetHints":{"allow":["GET"]}}],"collection":[{"href":"https:\/\/www.iskreni.net\/trgovina\/wp-json\/wp\/v2\/product"}],"about":[{"href":"https:\/\/www.iskreni.net\/trgovina\/wp-json\/wp\/v2\/types\/product"}],"replies":[{"embeddable":true,"href":"https:\/\/www.iskreni.net\/trgovina\/wp-json\/wp\/v2\/comments?post=8893"}],"version-history":[{"count":1,"href":"https:\/\/www.iskreni.net\/trgovina\/wp-json\/wp\/v2\/product\/8893\/revisions"}],"predecessor-version":[{"id":68414,"href":"https:\/\/www.iskreni.net\/trgovina\/wp-json\/wp\/v2\/product\/8893\/revisions\/68414"}],"wp:featuredmedia":[{"embeddable":true,"href":"https:\/\/www.iskreni.net\/trgovina\/wp-json\/wp\/v2\/media\/8895"}],"wp:attachment":[{"href":"https:\/\/www.iskreni.net\/trgovina\/wp-json\/wp\/v2\/media?parent=8893"}],"wp:term":[{"taxonomy":"product_brand","embeddable":true,"href":"https:\/\/www.iskreni.net\/trgovina\/wp-json\/wp\/v2\/product_brand?post=8893"},{"taxonomy":"product_cat","embeddable":true,"href":"https:\/\/www.iskreni.net\/trgovina\/wp-json\/wp\/v2\/product_cat?post=8893"},{"taxonomy":"product_tag","embeddable":true,"href":"https:\/\/www.iskreni.net\/trgovina\/wp-json\/wp\/v2\/product_tag?post=8893"},{"taxonomy":"avtor","embeddable":true,"href":"https:\/\/www.iskreni.net\/trgovina\/wp-json\/wp\/v2\/avtor?post=8893"},{"taxonomy":"zalozba","embeddable":true,"href":"https:\/\/www.iskreni.net\/trgovina\/wp-json\/wp\/v2\/zalozba?post=8893"},{"taxonomy":"vezava","embeddable":true,"href":"https:\/\/www.iskreni.net\/trgovina\/wp-json\/wp\/v2\/vezava?post=8893"}],"curies":[{"name":"wp","href":"https:\/\/api.w.org\/{rel}","templated":true}]}}