{"id":88795,"date":"2025-09-04T08:55:44","date_gmt":"2025-09-04T06:55:44","guid":{"rendered":"https:\/\/www.iskreni.net\/trgovina\/?post_type=product&#038;p=88795"},"modified":"2026-03-26T14:48:37","modified_gmt":"2026-03-26T13:48:37","slug":"svet-drugacen-od-sanj","status":"publish","type":"product","link":"https:\/\/www.iskreni.net\/trgovina\/product\/svet-drugacen-od-sanj\/","title":{"rendered":"Svet, druga\u010den od sanj"},"content":{"rendered":"<h4>O izdelku:<\/h4>\n<p>Eva, ki obiskuje zadnji letnik gimnazije \u017delimlje, sanja, da se bo poro\u010dila s svojo srednje\u0161olsko ljubeznijo in se zaposlila kot veterinarka v kliniki njegove mame. Toda te sanje se ji podrejo na najbolj vesel dan za mlade vesele kristjane: na festivalu Sti\u010dna mladih. Ugotovi, da jo \u010daka svet, druga\u010den od sanj. Kak\u0161no pot bo ubrala sedaj? Ali sploh obstaja pravilen na\u010din iskanja \u017eivljenjske poti?<\/p>\n<p>&nbsp;<\/p>\n<h4>Odlomek iz knjige:<\/h4>\n<p><em>Izza zidov samostana so \u017ee bu\u010dali bobni in elektri\u010dne kitare. Po ulicah okrog njega pa so se sprehajali <\/em><em>mladi z de\u017eniki, nekateri z rutkami, nekateri z lesenimi kri\u017ei okrog vratu. En fant je na hrbtu nosil kitaro. Dve skupinici deklet sta druga drugi kri\u010de stekli v objem \u2026<br \/>\n<\/em><em>Globoko sem vdihnila. Tu sem doma.<br \/>\n<\/em><em>Zakadila sem se proti glavnemu dvori\u0161\u010du, kolikor sem mogla. Znance, ki sem jih vmes sre\u010dala, sem le hitro pozdravila in odhitela naprej.<br \/>\n<\/em><em>Takoj za vstopom na samostansko dvori\u0161\u010de, desno, pred velikimi lesenimi vrati, sem obstala in se razgledala. Tu sva bila dogovorjena. A Erazmove svetle grive o\u010ditno \u0161e ni bilo v Sti\u010dni.<\/em><\/p>\n<p>&nbsp;<\/p>\n<h4>O avtorici:<\/h4>\n<p><img decoding=\"async\" class=\" wp-image-41994 alignleft\" src=\"https:\/\/www.iskreni.net\/trgovina\/wp-content\/uploads\/2025\/09\/Lucija-krog.jpg\" alt=\"\" width=\"120\" height=\"120\" \/><strong>Lucija \u010cak\u0161<\/strong> (1988) je samozaposlena novinarka, pisateljica in recenzentka.<br \/>\nPovedano po doma\u010de torej pi\u0161e knji\u017ene in filmske recenzije, \u010dlanke in kratke zgodbe za razli\u010dne tiskane in spletne medije.<br \/>\nO\u010ditno pa pi\u0161e tudi knjige. Je avtorica priljubljene zbirke skavtskih romanov Svizci (<em>Potem pa Svizci zavijejo &#8230;<\/em> in<em> Potem pa Svizci nasankajo &#8230;<\/em>) ter \u0161marnic <em>Tukaj sem, Jezus<\/em> o p. Ivanu \u017du\u017eku. Svet, druga\u010den od sanj je njen tretji roman.<br \/>\nSnov zanj je \u010drpala tudi iz svojih animatorskih izku\u0161enj v \u017eupniji, pri festivalu Sti\u010dna mladih,<br \/>\nv tednih duhovnosti Eden in \u0161e drugje \u2013 pridobljene izku\u0161nje in ve\u0161\u010dine pa ji niso pri\u0161le prav le pri pisanju te zgodbe, temve\u010d tudi na splo\u0161no, pri odraslem \u017eivljenju.<\/p>\n<p>&nbsp;<\/p>\n<h4>Odzivi bralcev:<\/h4>\n<p><em>\u017de preko celega dneva jokam ob prebiranju knjige, po\u010dutim se, kot bi se kar malo ozdravila moja najstni\u0161ka jaz. Ta knjiga je tako zelo potrebno branje v tem svetu. Najstnice, ki z Bogom, s skavti, Sti\u010dno, animatorji stopajo \u010dez zapleteno najstni\u0161ko odra\u0161\u010danje &#8230; Sploh ni besed, da bi povedala, kako zelo sem u\u017eivala ob branju, kako zelo blizu se po\u010dutim Evi in njenim ob\u010dutjem, do\u017eivljanju &#8230; res \u017ee nekaj \u010dasa nisem tako zelo za\u010dutila knjige, vsebine, zgodbe &#8230;<\/em><br \/>\n(Tea)<\/p>\n<p><em>Meni osebno je dragocenih milijon enih drobcev, ki so tako spretno vpleteni v zgodbo, v tem, da sem se ve\u010dkrat na glas zahihitala, da sem na enem mestu celo zajokala, v spominih, uvidih, premikih in procesih, ki jih je spro\u017eila v meni. \u0160e odzvanja in \u0161e bo &#8230;<\/em><br \/>\n(Marinka)<\/p>\n<p><em>Ful mi je zanimivo kot star\u0161u. Knjiga te res vr\u017ee v glavo najstnice. Kar je za star\u0161a, ki smo radi pokroviteljski\/vse vem\/vem kaj je najbolje za moje otroke, res blazno dobra izku\u0161nja. Poleg tega, da te zgodba povle\u010de, je taka case study kaj bi ti naredil, rekel, kaj je in kaj ni. Edin Adrijanovo nare\u010dje je naporno.\ud83d\ude02<\/em><br \/>\n(Klara)<\/p>\n<p><em>OMG, lihkar sem prebrala do konca! In me je tale konec \u010dist zadel! Obo\u017eujem dolo\u010dene reference (\u0161tudentska ma\u0161a!!!), pa tist del z oratorijem. Ful dobra knjiga! Res se hitro in teko\u010de bere in tok dobra zgodba! Pa res, res mi je v\u0161e\u010d vse, kar Eva razmi\u0161lja o veri in o Bogu &#8211; tko ful je konkretno in iz izku\u0161enj in kar zadane in da za mislit; \u017ee zarad tega bom \u0161la sigurno prebrat \u0161e enkrat:) Res ti je ratal tko dobro povzet \u017eivljenje katoli\u0161ke najstnice in si vklju\u010dila VSE, kar spada v to. Pa\u010d, res, tok super knjiga!!!<br \/>\n<\/em>(Mateja)<\/p>\n<p><em>Dinami\u010dna, nepredvidljiva, zavita v skrivnost, aktualna. Me je jezila, veselila, pomirila, pobo\u017eala, spomnila na marsikaj \u2026 <\/em><br \/>\n(Jana)<\/p>\n<p><em>Zgodba se mi zdi zares zanimiva in nasploh mi je v\u0161e\u010d, kako je v njo vpletenih toliko stvari iz<\/em><br \/>\n<em>\u017eivljenja povpre\u010dnega \u017eelimelj\u010dana.<\/em><br \/>\n(Manca)<\/p>\n<p><em>Zelo dobra in zanimiva, nekaj, kar ne prebere\u0161 samo enkrat.<\/em><br \/>\n(Lina)<\/p>\n","protected":false},"excerpt":{"rendered":"<p><strong>\u0160tevilo strani:<\/strong> 308<br \/>\n<strong>Leto izdaje:<\/strong> 2025<br \/>\n<strong>Format:<\/strong> 145 x 200 mm<br \/>\n<strong>Vezava:<\/strong> bro\u0161irana<\/p>\n<p><a href=\"https:\/\/www.iskreni.net\/trgovina\/wp-content\/uploads\/2025\/09\/svet-drugacen-od-sanj-avg-25-9-pages.pdf\"><span style=\"font-size: 14pt;\"><strong>Prelistaj knjigo<\/strong><\/span><\/a><\/p>\n","protected":false},"featured_media":88797,"comment_status":"open","ping_status":"closed","template":"","meta":[],"product_brand":[],"product_cat":[1667,1430,63],"product_tag":[1318,3144,3227,1429],"avtor":[2332],"zalozba":[2305],"vezava":[2635],"class_list":{"0":"post-88795","1":"product","2":"type-product","3":"status-publish","4":"has-post-thumbnail","6":"product_cat-poletna-akcija","7":"product_cat-iz-nase-zalozbe","8":"product_cat-knjige","9":"product_tag-birma","10":"product_tag-krscanski-roman","11":"product_tag-miklavz-2025","12":"product_tag-zavod-iskreni","13":"avtor-lucija-caks","14":"zalozba-zavod-iskreni","15":"vezava-mehka-z-zavihki","17":"first","18":"instock","19":"taxable","20":"shipping-taxable","21":"purchasable","22":"product-type-simple"},"yoast_head":"<!-- This site is optimized with the Yoast SEO plugin v26.3 - https:\/\/yoast.com\/wordpress\/plugins\/seo\/ -->\n<title>Svet, druga\u010den od sanj - Zavod Iskreni<\/title>\n<meta name=\"description\" content=\"Eva sanja, da se bo poro\u010dila s svojo srednje\u0161olsko ljubeznijo in se zaposlila kot veterinarka v kliniki njegove mame. Toda te sanje se ji nenadoma podrejo.\" \/>\n<meta name=\"robots\" content=\"index, follow, max-snippet:-1, max-image-preview:large, max-video-preview:-1\" \/>\n<link rel=\"canonical\" href=\"https:\/\/www.iskreni.net\/trgovina\/product\/svet-drugacen-od-sanj\/\" \/>\n<meta property=\"og:locale\" content=\"sl_SI\" \/>\n<meta property=\"og:type\" content=\"article\" \/>\n<meta property=\"og:title\" content=\"Svet, druga\u010den od sanj - Zavod Iskreni\" \/>\n<meta property=\"og:description\" content=\"Eva sanja, da se bo poro\u010dila s svojo srednje\u0161olsko ljubeznijo in se zaposlila kot veterinarka v kliniki njegove mame. Toda te sanje se ji nenadoma podrejo.\" \/>\n<meta property=\"og:url\" content=\"https:\/\/www.iskreni.net\/trgovina\/product\/svet-drugacen-od-sanj\/\" \/>\n<meta property=\"og:site_name\" content=\"Zavod Iskreni\" \/>\n<meta property=\"article:modified_time\" content=\"2026-03-26T13:48:37+00:00\" \/>\n<meta property=\"og:image\" content=\"https:\/\/www.iskreni.net\/trgovina\/wp-content\/uploads\/2025\/09\/svet-drugacen-od-sanj-nas-3d-kvadrat-1024x1024.png\" \/>\n\t<meta property=\"og:image:width\" content=\"1024\" \/>\n\t<meta property=\"og:image:height\" content=\"1024\" \/>\n\t<meta property=\"og:image:type\" content=\"image\/png\" \/>\n<meta name=\"twitter:card\" content=\"summary_large_image\" \/>\n<meta name=\"twitter:label1\" content=\"Est. reading time\" \/>\n\t<meta name=\"twitter:data1\" content=\"4 minute\" \/>\n<script type=\"application\/ld+json\" class=\"yoast-schema-graph\">{\"@context\":\"https:\/\/schema.org\",\"@graph\":[{\"@type\":\"WebPage\",\"@id\":\"https:\/\/www.iskreni.net\/trgovina\/product\/svet-drugacen-od-sanj\/\",\"url\":\"https:\/\/www.iskreni.net\/trgovina\/product\/svet-drugacen-od-sanj\/\",\"name\":\"Svet, druga\u010den od sanj - Zavod Iskreni\",\"isPartOf\":{\"@id\":\"https:\/\/www.iskreni.net\/trgovina\/#website\"},\"primaryImageOfPage\":{\"@id\":\"https:\/\/www.iskreni.net\/trgovina\/product\/svet-drugacen-od-sanj\/#primaryimage\"},\"image\":{\"@id\":\"https:\/\/www.iskreni.net\/trgovina\/product\/svet-drugacen-od-sanj\/#primaryimage\"},\"thumbnailUrl\":\"https:\/\/www.iskreni.net\/trgovina\/wp-content\/uploads\/2025\/09\/svet-drugacen-od-sanj-nas-3d-kvadrat.png\",\"datePublished\":\"2025-09-04T06:55:44+00:00\",\"dateModified\":\"2026-03-26T13:48:37+00:00\",\"description\":\"Eva sanja, da se bo poro\u010dila s svojo srednje\u0161olsko ljubeznijo in se zaposlila kot veterinarka v kliniki njegove mame. Toda te sanje se ji nenadoma podrejo.\",\"breadcrumb\":{\"@id\":\"https:\/\/www.iskreni.net\/trgovina\/product\/svet-drugacen-od-sanj\/#breadcrumb\"},\"inLanguage\":\"sl-SI\",\"potentialAction\":[{\"@type\":\"ReadAction\",\"target\":[\"https:\/\/www.iskreni.net\/trgovina\/product\/svet-drugacen-od-sanj\/\"]}]},{\"@type\":\"ImageObject\",\"inLanguage\":\"sl-SI\",\"@id\":\"https:\/\/www.iskreni.net\/trgovina\/product\/svet-drugacen-od-sanj\/#primaryimage\",\"url\":\"https:\/\/www.iskreni.net\/trgovina\/wp-content\/uploads\/2025\/09\/svet-drugacen-od-sanj-nas-3d-kvadrat.png\",\"contentUrl\":\"https:\/\/www.iskreni.net\/trgovina\/wp-content\/uploads\/2025\/09\/svet-drugacen-od-sanj-nas-3d-kvadrat.png\",\"width\":2738,\"height\":2738,\"caption\":\"Svet druga\u010den od sanj\"},{\"@type\":\"BreadcrumbList\",\"@id\":\"https:\/\/www.iskreni.net\/trgovina\/product\/svet-drugacen-od-sanj\/#breadcrumb\",\"itemListElement\":[{\"@type\":\"ListItem\",\"position\":1,\"name\":\"Home\",\"item\":\"https:\/\/www.iskreni.net\/trgovina\/\"},{\"@type\":\"ListItem\",\"position\":2,\"name\":\"Trgovina\",\"item\":\"https:\/\/www.iskreni.net\/trgovina\/trgovina\/\"},{\"@type\":\"ListItem\",\"position\":3,\"name\":\"Svet, druga\u010den od sanj\"}]},{\"@type\":\"WebSite\",\"@id\":\"https:\/\/www.iskreni.net\/trgovina\/#website\",\"url\":\"https:\/\/www.iskreni.net\/trgovina\/\",\"name\":\"Zavod Iskreni\",\"description\":\"trgovina\",\"potentialAction\":[{\"@type\":\"SearchAction\",\"target\":{\"@type\":\"EntryPoint\",\"urlTemplate\":\"https:\/\/www.iskreni.net\/trgovina\/?s={search_term_string}\"},\"query-input\":{\"@type\":\"PropertyValueSpecification\",\"valueRequired\":true,\"valueName\":\"search_term_string\"}}],\"inLanguage\":\"sl-SI\"}]}<\/script>\n<!-- \/ Yoast SEO plugin. -->","yoast_head_json":{"title":"Svet, druga\u010den od sanj - Zavod Iskreni","description":"Eva sanja, da se bo poro\u010dila s svojo srednje\u0161olsko ljubeznijo in se zaposlila kot veterinarka v kliniki njegove mame. Toda te sanje se ji nenadoma podrejo.","robots":{"index":"index","follow":"follow","max-snippet":"max-snippet:-1","max-image-preview":"max-image-preview:large","max-video-preview":"max-video-preview:-1"},"canonical":"https:\/\/www.iskreni.net\/trgovina\/product\/svet-drugacen-od-sanj\/","og_locale":"sl_SI","og_type":"article","og_title":"Svet, druga\u010den od sanj - Zavod Iskreni","og_description":"Eva sanja, da se bo poro\u010dila s svojo srednje\u0161olsko ljubeznijo in se zaposlila kot veterinarka v kliniki njegove mame. Toda te sanje se ji nenadoma podrejo.","og_url":"https:\/\/www.iskreni.net\/trgovina\/product\/svet-drugacen-od-sanj\/","og_site_name":"Zavod Iskreni","article_modified_time":"2026-03-26T13:48:37+00:00","og_image":[{"width":1024,"height":1024,"url":"https:\/\/www.iskreni.net\/trgovina\/wp-content\/uploads\/2025\/09\/svet-drugacen-od-sanj-nas-3d-kvadrat-1024x1024.png","type":"image\/png"}],"twitter_card":"summary_large_image","twitter_misc":{"Est. reading time":"4 minute"},"schema":{"@context":"https:\/\/schema.org","@graph":[{"@type":"WebPage","@id":"https:\/\/www.iskreni.net\/trgovina\/product\/svet-drugacen-od-sanj\/","url":"https:\/\/www.iskreni.net\/trgovina\/product\/svet-drugacen-od-sanj\/","name":"Svet, druga\u010den od sanj - Zavod Iskreni","isPartOf":{"@id":"https:\/\/www.iskreni.net\/trgovina\/#website"},"primaryImageOfPage":{"@id":"https:\/\/www.iskreni.net\/trgovina\/product\/svet-drugacen-od-sanj\/#primaryimage"},"image":{"@id":"https:\/\/www.iskreni.net\/trgovina\/product\/svet-drugacen-od-sanj\/#primaryimage"},"thumbnailUrl":"https:\/\/www.iskreni.net\/trgovina\/wp-content\/uploads\/2025\/09\/svet-drugacen-od-sanj-nas-3d-kvadrat.png","datePublished":"2025-09-04T06:55:44+00:00","dateModified":"2026-03-26T13:48:37+00:00","description":"Eva sanja, da se bo poro\u010dila s svojo srednje\u0161olsko ljubeznijo in se zaposlila kot veterinarka v kliniki njegove mame. Toda te sanje se ji nenadoma podrejo.","breadcrumb":{"@id":"https:\/\/www.iskreni.net\/trgovina\/product\/svet-drugacen-od-sanj\/#breadcrumb"},"inLanguage":"sl-SI","potentialAction":[{"@type":"ReadAction","target":["https:\/\/www.iskreni.net\/trgovina\/product\/svet-drugacen-od-sanj\/"]}]},{"@type":"ImageObject","inLanguage":"sl-SI","@id":"https:\/\/www.iskreni.net\/trgovina\/product\/svet-drugacen-od-sanj\/#primaryimage","url":"https:\/\/www.iskreni.net\/trgovina\/wp-content\/uploads\/2025\/09\/svet-drugacen-od-sanj-nas-3d-kvadrat.png","contentUrl":"https:\/\/www.iskreni.net\/trgovina\/wp-content\/uploads\/2025\/09\/svet-drugacen-od-sanj-nas-3d-kvadrat.png","width":2738,"height":2738,"caption":"Svet druga\u010den od sanj"},{"@type":"BreadcrumbList","@id":"https:\/\/www.iskreni.net\/trgovina\/product\/svet-drugacen-od-sanj\/#breadcrumb","itemListElement":[{"@type":"ListItem","position":1,"name":"Home","item":"https:\/\/www.iskreni.net\/trgovina\/"},{"@type":"ListItem","position":2,"name":"Trgovina","item":"https:\/\/www.iskreni.net\/trgovina\/trgovina\/"},{"@type":"ListItem","position":3,"name":"Svet, druga\u010den od sanj"}]},{"@type":"WebSite","@id":"https:\/\/www.iskreni.net\/trgovina\/#website","url":"https:\/\/www.iskreni.net\/trgovina\/","name":"Zavod Iskreni","description":"trgovina","potentialAction":[{"@type":"SearchAction","target":{"@type":"EntryPoint","urlTemplate":"https:\/\/www.iskreni.net\/trgovina\/?s={search_term_string}"},"query-input":{"@type":"PropertyValueSpecification","valueRequired":true,"valueName":"search_term_string"}}],"inLanguage":"sl-SI"}]}},"_links":{"self":[{"href":"https:\/\/www.iskreni.net\/trgovina\/wp-json\/wp\/v2\/product\/88795","targetHints":{"allow":["GET"]}}],"collection":[{"href":"https:\/\/www.iskreni.net\/trgovina\/wp-json\/wp\/v2\/product"}],"about":[{"href":"https:\/\/www.iskreni.net\/trgovina\/wp-json\/wp\/v2\/types\/product"}],"replies":[{"embeddable":true,"href":"https:\/\/www.iskreni.net\/trgovina\/wp-json\/wp\/v2\/comments?post=88795"}],"version-history":[{"count":10,"href":"https:\/\/www.iskreni.net\/trgovina\/wp-json\/wp\/v2\/product\/88795\/revisions"}],"predecessor-version":[{"id":88820,"href":"https:\/\/www.iskreni.net\/trgovina\/wp-json\/wp\/v2\/product\/88795\/revisions\/88820"}],"wp:featuredmedia":[{"embeddable":true,"href":"https:\/\/www.iskreni.net\/trgovina\/wp-json\/wp\/v2\/media\/88797"}],"wp:attachment":[{"href":"https:\/\/www.iskreni.net\/trgovina\/wp-json\/wp\/v2\/media?parent=88795"}],"wp:term":[{"taxonomy":"product_brand","embeddable":true,"href":"https:\/\/www.iskreni.net\/trgovina\/wp-json\/wp\/v2\/product_brand?post=88795"},{"taxonomy":"product_cat","embeddable":true,"href":"https:\/\/www.iskreni.net\/trgovina\/wp-json\/wp\/v2\/product_cat?post=88795"},{"taxonomy":"product_tag","embeddable":true,"href":"https:\/\/www.iskreni.net\/trgovina\/wp-json\/wp\/v2\/product_tag?post=88795"},{"taxonomy":"avtor","embeddable":true,"href":"https:\/\/www.iskreni.net\/trgovina\/wp-json\/wp\/v2\/avtor?post=88795"},{"taxonomy":"zalozba","embeddable":true,"href":"https:\/\/www.iskreni.net\/trgovina\/wp-json\/wp\/v2\/zalozba?post=88795"},{"taxonomy":"vezava","embeddable":true,"href":"https:\/\/www.iskreni.net\/trgovina\/wp-json\/wp\/v2\/vezava?post=88795"}],"curies":[{"name":"wp","href":"https:\/\/api.w.org\/{rel}","templated":true}]}}