{"id":88693,"date":"2025-08-25T09:37:18","date_gmt":"2025-08-25T07:37:18","guid":{"rendered":"https:\/\/www.iskreni.net\/trgovina\/?post_type=product&#038;p=88693"},"modified":"2025-11-27T14:31:28","modified_gmt":"2025-11-27T13:31:28","slug":"soncna-pesem-ali-hvalnica-stvarstva","status":"publish","type":"product","link":"https:\/\/www.iskreni.net\/trgovina\/product\/soncna-pesem-ali-hvalnica-stvarstva\/","title":{"rendered":"Son\u010dna pesem ali hvalnica stvarstva"},"content":{"rendered":"<h4>O knjigi:<\/h4>\n<p>Pred seboj imamo sad Fran\u010di\u0161kovega pesni\u0161kega ustvarjanja, ki je pre\u017eivel osem stoletij in ga beremo in prepevamo \u0161e danes. In ravno to dejstvo, da se je besedilo ohranilo in \u017eivi vseh teh osem stoletij, nagovarja tudi nas, da se lotimo njegovega branja v sedanjem \u010dasu. In morda tudi pisanja ter dodamo kak\u0161no svojo hvalnico, kot je npr. v knjigi svojo navdihujo\u010do zapisal dr. Miran \u0160peli\u010d:\u00a0<em>\u00bbHvaljen moj Gospod, v dvojini, ki si jo dal slovenskemu jeziku; tako zapletena in te\u017eka je, a toliko lepih re\u010di lahko z njo izrazimo. Celo z Bogom sva tako midva.\u00ab<\/em><\/p>\n<p>Fran\u010di\u0161kova poezija je pristen izraz njegove vernosti in ni namenjena sebi, pa\u010d pa nosi s seboj dvojno poslanstvo: oznanilo evangelija in slavljenje Boga. \u010ce pozabimo to dvoje, lahko ob pesmi sicer u\u017eivamo, ne moremo pa je zares razumeti. Kdor ho\u010de iz nje narediti nekak\u0161en ekolo\u0161ki manifest, jo oskubi njenega bistva.<br \/>\nFran\u010di\u0161kova pesem ima trdne teolo\u0161ke temelje. Zaman bi iskali v njej kak\u0161ne panteisti\u010dne navdihe in \u017ee iz naslova je marsikaj jasno:\u00a0<em>Hvalnica stvarstva<\/em>\u00a0je naslov pesmi, ne \u00bbHvalnica stvarstvu\u00ab ali kaj podobnega. Najprej hierarhija. Bo\u017eja stvar. Na vrhu je Vsemogo\u010dni in Najvi\u0161ji, pa tudi dobri Bog.<\/p>\n","protected":false},"excerpt":{"rendered":"<p><strong>Leto izdaje:<\/strong> 2025<br \/>\n<strong>\u0160tevilo strani: <\/strong>52<br \/>\n<strong>Format:<\/strong> 225 mm x 300 mm<\/p>\n<h4><em>Sad Fran\u010di\u0161kovega pesni\u0161kega ustvarjanja, ki je pre\u017eivel osem stoletij in ga beremo in prepevamo \u0161e danes.<\/em><\/h4>\n<p><a href=\"https:\/\/www.iskreni.net\/trgovina\/wp-content\/uploads\/2025\/10\/Francisek-2025-Soncna-pesem-Prelistaj-knjigo.pdf\" target=\"_blank\" rel=\"noopener\">Predogled knjige<\/a><\/p>\n<p>&nbsp;<\/p>\n<p>&nbsp;<\/p>\n<p>&nbsp;<\/p>\n","protected":false},"featured_media":88695,"comment_status":"open","ping_status":"closed","template":"","meta":[],"product_brand":[],"product_cat":[2325,63],"product_tag":[3192,3016,3193],"avtor":[2564],"zalozba":[2337],"vezava":[2306],"class_list":{"0":"post-88693","1":"product","2":"type-product","3":"status-publish","4":"has-post-thumbnail","6":"product_cat-leposlovje","7":"product_cat-knjige","8":"product_tag-hvalnica","9":"product_tag-poezija","10":"product_tag-sv-francisek-asiski","11":"avtor-sv-francisek-asiski","12":"zalozba-celjska-mohorjeva-druzba","13":"vezava-trda","15":"first","16":"instock","17":"taxable","18":"shipping-taxable","19":"purchasable","20":"product-type-simple"},"yoast_head":"<!-- This site is optimized with the Yoast SEO plugin v26.3 - https:\/\/yoast.com\/wordpress\/plugins\/seo\/ -->\n<title>Son\u010dna pesem ali hvalnica stvarstva<\/title>\n<meta name=\"description\" content=\"Pred seboj imamo sad Fran\u010di\u0161kovega pesni\u0161kega ustvarjanja, ki je pre\u017eivel osem stoletij in ga beremo in prepevamo \u0161e danes. In ravno to dejstvo, da se je besedilo ohranilo in \u017eivi vseh teh osem stoletij, nagovarja tudi nas, da se lotimo njegovega branja v sedanjem \u010dasu. In morda tudi pisanja ter dodamo kak\u0161no svojo hvalnico, kot je npr. v knjigi svojo navdihujo\u010do zapisal dr. Miran \u0160peli\u010d:\u00a0\u00bbHvaljen moj Gospod, v dvojini, ki si jo dal slovenskemu jeziku; tako zapletena in te\u017eka je, a toliko lepih re\u010di lahko z njo izrazimo. Celo z Bogom sva tako midva.\u00ab\" \/>\n<meta name=\"robots\" content=\"index, follow, max-snippet:-1, max-image-preview:large, max-video-preview:-1\" \/>\n<link rel=\"canonical\" href=\"https:\/\/www.iskreni.net\/trgovina\/product\/soncna-pesem-ali-hvalnica-stvarstva\/\" \/>\n<meta property=\"og:locale\" content=\"sl_SI\" \/>\n<meta property=\"og:type\" content=\"article\" \/>\n<meta property=\"og:title\" content=\"Postanimo prijatelji Svetega Duha\" \/>\n<meta property=\"og:description\" content=\"Pred seboj imamo sad Fran\u010di\u0161kovega pesni\u0161kega ustvarjanja, ki je pre\u017eivel osem stoletij in ga beremo in prepevamo \u0161e danes. In ravno to dejstvo, da se je besedilo ohranilo in \u017eivi vseh teh osem stoletij, nagovarja tudi nas, da se lotimo njegovega branja v sedanjem \u010dasu. In morda tudi pisanja ter dodamo kak\u0161no svojo hvalnico, kot je npr. v knjigi svojo navdihujo\u010do zapisal dr. Miran \u0160peli\u010d:\u00a0\u00bbHvaljen moj Gospod, v dvojini, ki si jo dal slovenskemu jeziku; tako zapletena in te\u017eka je, a toliko lepih re\u010di lahko z njo izrazimo. Celo z Bogom sva tako midva.\u00ab\" \/>\n<meta property=\"og:url\" content=\"https:\/\/www.iskreni.net\/trgovina\/product\/soncna-pesem-ali-hvalnica-stvarstva\/\" \/>\n<meta property=\"og:site_name\" content=\"Zavod Iskreni\" \/>\n<meta property=\"article:modified_time\" content=\"2025-11-27T13:31:28+00:00\" \/>\n<meta property=\"og:image\" content=\"https:\/\/www.iskreni.net\/trgovina\/wp-content\/uploads\/2025\/08\/soncnapesem.jpg\" \/>\n\t<meta property=\"og:image:width\" content=\"922\" \/>\n\t<meta property=\"og:image:height\" content=\"797\" \/>\n\t<meta property=\"og:image:type\" content=\"image\/jpeg\" \/>\n<meta name=\"twitter:card\" content=\"summary_large_image\" \/>\n<meta name=\"twitter:label1\" content=\"Est. reading time\" \/>\n\t<meta name=\"twitter:data1\" content=\"2 minuti\" \/>\n<script type=\"application\/ld+json\" class=\"yoast-schema-graph\">{\"@context\":\"https:\/\/schema.org\",\"@graph\":[{\"@type\":\"WebPage\",\"@id\":\"https:\/\/www.iskreni.net\/trgovina\/product\/soncna-pesem-ali-hvalnica-stvarstva\/\",\"url\":\"https:\/\/www.iskreni.net\/trgovina\/product\/soncna-pesem-ali-hvalnica-stvarstva\/\",\"name\":\"Son\u010dna pesem ali hvalnica stvarstva\",\"isPartOf\":{\"@id\":\"https:\/\/www.iskreni.net\/trgovina\/#website\"},\"primaryImageOfPage\":{\"@id\":\"https:\/\/www.iskreni.net\/trgovina\/product\/soncna-pesem-ali-hvalnica-stvarstva\/#primaryimage\"},\"image\":{\"@id\":\"https:\/\/www.iskreni.net\/trgovina\/product\/soncna-pesem-ali-hvalnica-stvarstva\/#primaryimage\"},\"thumbnailUrl\":\"https:\/\/www.iskreni.net\/trgovina\/wp-content\/uploads\/2025\/08\/soncnapesem.jpg\",\"datePublished\":\"2025-08-25T07:37:18+00:00\",\"dateModified\":\"2025-11-27T13:31:28+00:00\",\"description\":\"Pred seboj imamo sad Fran\u010di\u0161kovega pesni\u0161kega ustvarjanja, ki je pre\u017eivel osem stoletij in ga beremo in prepevamo \u0161e danes. In ravno to dejstvo, da se je besedilo ohranilo in \u017eivi vseh teh osem stoletij, nagovarja tudi nas, da se lotimo njegovega branja v sedanjem \u010dasu. In morda tudi pisanja ter dodamo kak\u0161no svojo hvalnico, kot je npr. v knjigi svojo navdihujo\u010do zapisal dr. Miran \u0160peli\u010d:\u00a0\u00bbHvaljen moj Gospod, v dvojini, ki si jo dal slovenskemu jeziku; tako zapletena in te\u017eka je, a toliko lepih re\u010di lahko z njo izrazimo. Celo z Bogom sva tako midva.\u00ab\",\"breadcrumb\":{\"@id\":\"https:\/\/www.iskreni.net\/trgovina\/product\/soncna-pesem-ali-hvalnica-stvarstva\/#breadcrumb\"},\"inLanguage\":\"sl-SI\",\"potentialAction\":[{\"@type\":\"ReadAction\",\"target\":[\"https:\/\/www.iskreni.net\/trgovina\/product\/soncna-pesem-ali-hvalnica-stvarstva\/\"]}]},{\"@type\":\"ImageObject\",\"inLanguage\":\"sl-SI\",\"@id\":\"https:\/\/www.iskreni.net\/trgovina\/product\/soncna-pesem-ali-hvalnica-stvarstva\/#primaryimage\",\"url\":\"https:\/\/www.iskreni.net\/trgovina\/wp-content\/uploads\/2025\/08\/soncnapesem.jpg\",\"contentUrl\":\"https:\/\/www.iskreni.net\/trgovina\/wp-content\/uploads\/2025\/08\/soncnapesem.jpg\",\"width\":922,\"height\":797},{\"@type\":\"BreadcrumbList\",\"@id\":\"https:\/\/www.iskreni.net\/trgovina\/product\/soncna-pesem-ali-hvalnica-stvarstva\/#breadcrumb\",\"itemListElement\":[{\"@type\":\"ListItem\",\"position\":1,\"name\":\"Home\",\"item\":\"https:\/\/www.iskreni.net\/trgovina\/\"},{\"@type\":\"ListItem\",\"position\":2,\"name\":\"Trgovina\",\"item\":\"https:\/\/www.iskreni.net\/trgovina\/trgovina\/\"},{\"@type\":\"ListItem\",\"position\":3,\"name\":\"Son\u010dna pesem ali hvalnica stvarstva\"}]},{\"@type\":\"WebSite\",\"@id\":\"https:\/\/www.iskreni.net\/trgovina\/#website\",\"url\":\"https:\/\/www.iskreni.net\/trgovina\/\",\"name\":\"Zavod Iskreni\",\"description\":\"trgovina\",\"potentialAction\":[{\"@type\":\"SearchAction\",\"target\":{\"@type\":\"EntryPoint\",\"urlTemplate\":\"https:\/\/www.iskreni.net\/trgovina\/?s={search_term_string}\"},\"query-input\":{\"@type\":\"PropertyValueSpecification\",\"valueRequired\":true,\"valueName\":\"search_term_string\"}}],\"inLanguage\":\"sl-SI\"}]}<\/script>\n<!-- \/ Yoast SEO plugin. -->","yoast_head_json":{"title":"Son\u010dna pesem ali hvalnica stvarstva","description":"Pred seboj imamo sad Fran\u010di\u0161kovega pesni\u0161kega ustvarjanja, ki je pre\u017eivel osem stoletij in ga beremo in prepevamo \u0161e danes. In ravno to dejstvo, da se je besedilo ohranilo in \u017eivi vseh teh osem stoletij, nagovarja tudi nas, da se lotimo njegovega branja v sedanjem \u010dasu. In morda tudi pisanja ter dodamo kak\u0161no svojo hvalnico, kot je npr. v knjigi svojo navdihujo\u010do zapisal dr. Miran \u0160peli\u010d:\u00a0\u00bbHvaljen moj Gospod, v dvojini, ki si jo dal slovenskemu jeziku; tako zapletena in te\u017eka je, a toliko lepih re\u010di lahko z njo izrazimo. Celo z Bogom sva tako midva.\u00ab","robots":{"index":"index","follow":"follow","max-snippet":"max-snippet:-1","max-image-preview":"max-image-preview:large","max-video-preview":"max-video-preview:-1"},"canonical":"https:\/\/www.iskreni.net\/trgovina\/product\/soncna-pesem-ali-hvalnica-stvarstva\/","og_locale":"sl_SI","og_type":"article","og_title":"Postanimo prijatelji Svetega Duha","og_description":"Pred seboj imamo sad Fran\u010di\u0161kovega pesni\u0161kega ustvarjanja, ki je pre\u017eivel osem stoletij in ga beremo in prepevamo \u0161e danes. In ravno to dejstvo, da se je besedilo ohranilo in \u017eivi vseh teh osem stoletij, nagovarja tudi nas, da se lotimo njegovega branja v sedanjem \u010dasu. In morda tudi pisanja ter dodamo kak\u0161no svojo hvalnico, kot je npr. v knjigi svojo navdihujo\u010do zapisal dr. Miran \u0160peli\u010d:\u00a0\u00bbHvaljen moj Gospod, v dvojini, ki si jo dal slovenskemu jeziku; tako zapletena in te\u017eka je, a toliko lepih re\u010di lahko z njo izrazimo. Celo z Bogom sva tako midva.\u00ab","og_url":"https:\/\/www.iskreni.net\/trgovina\/product\/soncna-pesem-ali-hvalnica-stvarstva\/","og_site_name":"Zavod Iskreni","article_modified_time":"2025-11-27T13:31:28+00:00","og_image":[{"width":922,"height":797,"url":"https:\/\/www.iskreni.net\/trgovina\/wp-content\/uploads\/2025\/08\/soncnapesem.jpg","type":"image\/jpeg"}],"twitter_card":"summary_large_image","twitter_misc":{"Est. reading time":"2 minuti"},"schema":{"@context":"https:\/\/schema.org","@graph":[{"@type":"WebPage","@id":"https:\/\/www.iskreni.net\/trgovina\/product\/soncna-pesem-ali-hvalnica-stvarstva\/","url":"https:\/\/www.iskreni.net\/trgovina\/product\/soncna-pesem-ali-hvalnica-stvarstva\/","name":"Son\u010dna pesem ali hvalnica stvarstva","isPartOf":{"@id":"https:\/\/www.iskreni.net\/trgovina\/#website"},"primaryImageOfPage":{"@id":"https:\/\/www.iskreni.net\/trgovina\/product\/soncna-pesem-ali-hvalnica-stvarstva\/#primaryimage"},"image":{"@id":"https:\/\/www.iskreni.net\/trgovina\/product\/soncna-pesem-ali-hvalnica-stvarstva\/#primaryimage"},"thumbnailUrl":"https:\/\/www.iskreni.net\/trgovina\/wp-content\/uploads\/2025\/08\/soncnapesem.jpg","datePublished":"2025-08-25T07:37:18+00:00","dateModified":"2025-11-27T13:31:28+00:00","description":"Pred seboj imamo sad Fran\u010di\u0161kovega pesni\u0161kega ustvarjanja, ki je pre\u017eivel osem stoletij in ga beremo in prepevamo \u0161e danes. In ravno to dejstvo, da se je besedilo ohranilo in \u017eivi vseh teh osem stoletij, nagovarja tudi nas, da se lotimo njegovega branja v sedanjem \u010dasu. In morda tudi pisanja ter dodamo kak\u0161no svojo hvalnico, kot je npr. v knjigi svojo navdihujo\u010do zapisal dr. Miran \u0160peli\u010d:\u00a0\u00bbHvaljen moj Gospod, v dvojini, ki si jo dal slovenskemu jeziku; tako zapletena in te\u017eka je, a toliko lepih re\u010di lahko z njo izrazimo. Celo z Bogom sva tako midva.\u00ab","breadcrumb":{"@id":"https:\/\/www.iskreni.net\/trgovina\/product\/soncna-pesem-ali-hvalnica-stvarstva\/#breadcrumb"},"inLanguage":"sl-SI","potentialAction":[{"@type":"ReadAction","target":["https:\/\/www.iskreni.net\/trgovina\/product\/soncna-pesem-ali-hvalnica-stvarstva\/"]}]},{"@type":"ImageObject","inLanguage":"sl-SI","@id":"https:\/\/www.iskreni.net\/trgovina\/product\/soncna-pesem-ali-hvalnica-stvarstva\/#primaryimage","url":"https:\/\/www.iskreni.net\/trgovina\/wp-content\/uploads\/2025\/08\/soncnapesem.jpg","contentUrl":"https:\/\/www.iskreni.net\/trgovina\/wp-content\/uploads\/2025\/08\/soncnapesem.jpg","width":922,"height":797},{"@type":"BreadcrumbList","@id":"https:\/\/www.iskreni.net\/trgovina\/product\/soncna-pesem-ali-hvalnica-stvarstva\/#breadcrumb","itemListElement":[{"@type":"ListItem","position":1,"name":"Home","item":"https:\/\/www.iskreni.net\/trgovina\/"},{"@type":"ListItem","position":2,"name":"Trgovina","item":"https:\/\/www.iskreni.net\/trgovina\/trgovina\/"},{"@type":"ListItem","position":3,"name":"Son\u010dna pesem ali hvalnica stvarstva"}]},{"@type":"WebSite","@id":"https:\/\/www.iskreni.net\/trgovina\/#website","url":"https:\/\/www.iskreni.net\/trgovina\/","name":"Zavod Iskreni","description":"trgovina","potentialAction":[{"@type":"SearchAction","target":{"@type":"EntryPoint","urlTemplate":"https:\/\/www.iskreni.net\/trgovina\/?s={search_term_string}"},"query-input":{"@type":"PropertyValueSpecification","valueRequired":true,"valueName":"search_term_string"}}],"inLanguage":"sl-SI"}]}},"_links":{"self":[{"href":"https:\/\/www.iskreni.net\/trgovina\/wp-json\/wp\/v2\/product\/88693","targetHints":{"allow":["GET"]}}],"collection":[{"href":"https:\/\/www.iskreni.net\/trgovina\/wp-json\/wp\/v2\/product"}],"about":[{"href":"https:\/\/www.iskreni.net\/trgovina\/wp-json\/wp\/v2\/types\/product"}],"replies":[{"embeddable":true,"href":"https:\/\/www.iskreni.net\/trgovina\/wp-json\/wp\/v2\/comments?post=88693"}],"version-history":[{"count":3,"href":"https:\/\/www.iskreni.net\/trgovina\/wp-json\/wp\/v2\/product\/88693\/revisions"}],"predecessor-version":[{"id":89658,"href":"https:\/\/www.iskreni.net\/trgovina\/wp-json\/wp\/v2\/product\/88693\/revisions\/89658"}],"wp:featuredmedia":[{"embeddable":true,"href":"https:\/\/www.iskreni.net\/trgovina\/wp-json\/wp\/v2\/media\/88695"}],"wp:attachment":[{"href":"https:\/\/www.iskreni.net\/trgovina\/wp-json\/wp\/v2\/media?parent=88693"}],"wp:term":[{"taxonomy":"product_brand","embeddable":true,"href":"https:\/\/www.iskreni.net\/trgovina\/wp-json\/wp\/v2\/product_brand?post=88693"},{"taxonomy":"product_cat","embeddable":true,"href":"https:\/\/www.iskreni.net\/trgovina\/wp-json\/wp\/v2\/product_cat?post=88693"},{"taxonomy":"product_tag","embeddable":true,"href":"https:\/\/www.iskreni.net\/trgovina\/wp-json\/wp\/v2\/product_tag?post=88693"},{"taxonomy":"avtor","embeddable":true,"href":"https:\/\/www.iskreni.net\/trgovina\/wp-json\/wp\/v2\/avtor?post=88693"},{"taxonomy":"zalozba","embeddable":true,"href":"https:\/\/www.iskreni.net\/trgovina\/wp-json\/wp\/v2\/zalozba?post=88693"},{"taxonomy":"vezava","embeddable":true,"href":"https:\/\/www.iskreni.net\/trgovina\/wp-json\/wp\/v2\/vezava?post=88693"}],"curies":[{"name":"wp","href":"https:\/\/api.w.org\/{rel}","templated":true}]}}