{"id":88422,"date":"2025-07-31T09:41:24","date_gmt":"2025-07-31T07:41:24","guid":{"rendered":"https:\/\/www.iskreni.net\/trgovina\/?post_type=product&#038;p=88422"},"modified":"2026-02-20T10:44:49","modified_gmt":"2026-02-20T09:44:49","slug":"nepricakovana","status":"publish","type":"product","link":"https:\/\/www.iskreni.net\/trgovina\/product\/nepricakovana\/","title":{"rendered":"Nepri\u010dakovana"},"content":{"rendered":"<h4><a href=\"https:\/\/www.iskreni.net\/trgovina\/wp-content\/uploads\/2025\/07\/Bonetti_Nepricakovana_PREDSTAVITVENE-STRANI.pdf\">Prelistaj knjigo<\/a><\/h4>\n<h4>O knjigi:<\/h4>\n<p>Za svet sem se rodila druga\u010dna. Prenatalna diagnoza bi lahko odlo\u010dila, ali naj \u017eivim ali ne. Kljub svoji gluhosti pa svoje \u017eivljenje neskon\u010dno ljubim. Ni \u017eivljenja, ki bi bilo nevredno \u017eivljenja, obstaja pa \u010dlove\u0161ka slabost, ki tega ne more sprejeti. \u0160e posebej, ko to \u017eivljenje pride na svet na nepri\u010dakovan na\u010din.<\/p>\n<p><em>Nepri\u010dakovana<\/em>\u00a0je \u017eivi dokaz, da je vsako \u017eivljenje vredno, potovanje, da odkrijem svojo zgodovino: od svoje globoke gluhosti, ki je kot meteorit udarila v \u017eivljenje mojih star\u0161ev, do svoje zavezanosti obrambi nastajajo\u010dega \u017eivljenja, v upanju, da bom izzvala hinav\u0161\u010dino sveta.<\/p>\n<p>\u00bbNikoli se ne pustite zastra\u0161evati svetu, ki si na vse na\u010dine prizadeva uti\u0161ati resnico. Oznanjajte mu, da ni \u017eivljenja, ki ga ne bi bilo vredno \u017eiveti. Obstaja le \u010dlove\u0161ka nemo\u010d, ki ga ni sposobna sprejeti. In vi ste \u017eivi dokaz za to. To ni konec, ampak za\u010detek nove dobe, v kateri se bomo skupaj borili, dokler kultura \u017eivljenja znova ne obsije na\u0161e civilizacije in dokler ne bo vsak otrok sprejet in ljubljen \u017ee v maternici.\u00ab<\/p>\n<h4>O avtorju:<\/h4>\n<p>Anna Bonetti, rojena leta 1997, je od rojstva popolnoma gluha. Po \u0161tudiju psihologije na Univerzi LUMSA v Rimu je delala kot pedago\u0161ka asistentka na \u0161oli za avdiofonetiko v Brescii. Trenutno je diplomantka mednarodnih in diplomatskih znanosti na Univerzi v Genovi.<\/p>\n","protected":false},"excerpt":{"rendered":"<p><strong>Leto izdaje:<\/strong> 2025<br \/>\n<strong>\u0160tevilo strani:<\/strong> 208<br \/>\n<strong>Format:<\/strong> 135 x 210 mm<\/p>\n<h4><em><strong>Zakaj bi me lahko ne bilo in \u010demu se borim za pravico do \u017eivljenja.<\/strong><\/em><\/h4>\n<p>&nbsp;<\/p>\n<p>&nbsp;<\/p>\n<p>&nbsp;<\/p>\n","protected":false},"featured_media":88425,"comment_status":"open","ping_status":"closed","template":"","meta":[],"product_brand":[],"product_cat":[2325,63],"product_tag":[3189,3188],"avtor":[3187],"zalozba":[2336],"vezava":[2635],"class_list":{"0":"post-88422","1":"product","2":"type-product","3":"status-publish","4":"has-post-thumbnail","6":"product_cat-leposlovje","7":"product_cat-knjige","8":"product_tag-gluhost","9":"product_tag-pravica-do-zivljenja","10":"avtor-anna-bonetti","11":"zalozba-salve","12":"vezava-mehka-z-zavihki","14":"first","15":"instock","16":"taxable","17":"shipping-taxable","18":"purchasable","19":"product-type-simple"},"yoast_head":"<!-- This site is optimized with the Yoast SEO plugin v26.3 - https:\/\/yoast.com\/wordpress\/plugins\/seo\/ -->\n<title>Nepri\u010dakovana<\/title>\n<meta name=\"description\" content=\"Nepri\u010dakovana je \u017eivi dokaz, da je vsako \u017eivljenje vredno, potovanje, da odkrijem svojo zgodovino: od svoje globoke gluhosti, ki je kot meteorit udarila v \u017eivljenje mojih star\u0161ev, do svoje zavezanosti obrambi nastajajo\u010dega \u017eivljenja, v upanju, da bom izzvala hinav\u0161\u010dino sveta.\" \/>\n<meta name=\"robots\" content=\"index, follow, max-snippet:-1, max-image-preview:large, max-video-preview:-1\" \/>\n<link rel=\"canonical\" href=\"https:\/\/www.iskreni.net\/trgovina\/product\/nepricakovana\/\" \/>\n<meta property=\"og:locale\" content=\"sl_SI\" \/>\n<meta property=\"og:type\" content=\"article\" \/>\n<meta property=\"og:title\" content=\"Postanimo prijatelji Svetega Duha\" \/>\n<meta property=\"og:description\" content=\"Nepri\u010dakovana je \u017eivi dokaz, da je vsako \u017eivljenje vredno, potovanje, da odkrijem svojo zgodovino: od svoje globoke gluhosti, ki je kot meteorit udarila v \u017eivljenje mojih star\u0161ev, do svoje zavezanosti obrambi nastajajo\u010dega \u017eivljenja, v upanju, da bom izzvala hinav\u0161\u010dino sveta.\" \/>\n<meta property=\"og:url\" content=\"https:\/\/www.iskreni.net\/trgovina\/product\/nepricakovana\/\" \/>\n<meta property=\"og:site_name\" content=\"Zavod Iskreni\" \/>\n<meta property=\"article:modified_time\" content=\"2026-02-20T09:44:49+00:00\" \/>\n<meta property=\"og:image\" content=\"https:\/\/www.iskreni.net\/trgovina\/wp-content\/uploads\/2025\/07\/Nepricakovana.png\" \/>\n\t<meta property=\"og:image:width\" content=\"1024\" \/>\n\t<meta property=\"og:image:height\" content=\"1024\" \/>\n\t<meta property=\"og:image:type\" content=\"image\/png\" \/>\n<meta name=\"twitter:card\" content=\"summary_large_image\" \/>\n<meta name=\"twitter:label1\" content=\"Est. reading time\" \/>\n\t<meta name=\"twitter:data1\" content=\"2 minuti\" \/>\n<script type=\"application\/ld+json\" class=\"yoast-schema-graph\">{\"@context\":\"https:\/\/schema.org\",\"@graph\":[{\"@type\":\"WebPage\",\"@id\":\"https:\/\/www.iskreni.net\/trgovina\/product\/nepricakovana\/\",\"url\":\"https:\/\/www.iskreni.net\/trgovina\/product\/nepricakovana\/\",\"name\":\"Nepri\u010dakovana\",\"isPartOf\":{\"@id\":\"https:\/\/www.iskreni.net\/trgovina\/#website\"},\"primaryImageOfPage\":{\"@id\":\"https:\/\/www.iskreni.net\/trgovina\/product\/nepricakovana\/#primaryimage\"},\"image\":{\"@id\":\"https:\/\/www.iskreni.net\/trgovina\/product\/nepricakovana\/#primaryimage\"},\"thumbnailUrl\":\"https:\/\/www.iskreni.net\/trgovina\/wp-content\/uploads\/2025\/07\/Nepricakovana.png\",\"datePublished\":\"2025-07-31T07:41:24+00:00\",\"dateModified\":\"2026-02-20T09:44:49+00:00\",\"description\":\"Nepri\u010dakovana je \u017eivi dokaz, da je vsako \u017eivljenje vredno, potovanje, da odkrijem svojo zgodovino: od svoje globoke gluhosti, ki je kot meteorit udarila v \u017eivljenje mojih star\u0161ev, do svoje zavezanosti obrambi nastajajo\u010dega \u017eivljenja, v upanju, da bom izzvala hinav\u0161\u010dino sveta.\",\"breadcrumb\":{\"@id\":\"https:\/\/www.iskreni.net\/trgovina\/product\/nepricakovana\/#breadcrumb\"},\"inLanguage\":\"sl-SI\",\"potentialAction\":[{\"@type\":\"ReadAction\",\"target\":[\"https:\/\/www.iskreni.net\/trgovina\/product\/nepricakovana\/\"]}]},{\"@type\":\"ImageObject\",\"inLanguage\":\"sl-SI\",\"@id\":\"https:\/\/www.iskreni.net\/trgovina\/product\/nepricakovana\/#primaryimage\",\"url\":\"https:\/\/www.iskreni.net\/trgovina\/wp-content\/uploads\/2025\/07\/Nepricakovana.png\",\"contentUrl\":\"https:\/\/www.iskreni.net\/trgovina\/wp-content\/uploads\/2025\/07\/Nepricakovana.png\",\"width\":1024,\"height\":1024},{\"@type\":\"BreadcrumbList\",\"@id\":\"https:\/\/www.iskreni.net\/trgovina\/product\/nepricakovana\/#breadcrumb\",\"itemListElement\":[{\"@type\":\"ListItem\",\"position\":1,\"name\":\"Home\",\"item\":\"https:\/\/www.iskreni.net\/trgovina\/\"},{\"@type\":\"ListItem\",\"position\":2,\"name\":\"Trgovina\",\"item\":\"https:\/\/www.iskreni.net\/trgovina\/trgovina\/\"},{\"@type\":\"ListItem\",\"position\":3,\"name\":\"Nepri\u010dakovana\"}]},{\"@type\":\"WebSite\",\"@id\":\"https:\/\/www.iskreni.net\/trgovina\/#website\",\"url\":\"https:\/\/www.iskreni.net\/trgovina\/\",\"name\":\"Zavod Iskreni\",\"description\":\"trgovina\",\"potentialAction\":[{\"@type\":\"SearchAction\",\"target\":{\"@type\":\"EntryPoint\",\"urlTemplate\":\"https:\/\/www.iskreni.net\/trgovina\/?s={search_term_string}\"},\"query-input\":{\"@type\":\"PropertyValueSpecification\",\"valueRequired\":true,\"valueName\":\"search_term_string\"}}],\"inLanguage\":\"sl-SI\"}]}<\/script>\n<!-- \/ Yoast SEO plugin. -->","yoast_head_json":{"title":"Nepri\u010dakovana","description":"Nepri\u010dakovana je \u017eivi dokaz, da je vsako \u017eivljenje vredno, potovanje, da odkrijem svojo zgodovino: od svoje globoke gluhosti, ki je kot meteorit udarila v \u017eivljenje mojih star\u0161ev, do svoje zavezanosti obrambi nastajajo\u010dega \u017eivljenja, v upanju, da bom izzvala hinav\u0161\u010dino sveta.","robots":{"index":"index","follow":"follow","max-snippet":"max-snippet:-1","max-image-preview":"max-image-preview:large","max-video-preview":"max-video-preview:-1"},"canonical":"https:\/\/www.iskreni.net\/trgovina\/product\/nepricakovana\/","og_locale":"sl_SI","og_type":"article","og_title":"Postanimo prijatelji Svetega Duha","og_description":"Nepri\u010dakovana je \u017eivi dokaz, da je vsako \u017eivljenje vredno, potovanje, da odkrijem svojo zgodovino: od svoje globoke gluhosti, ki je kot meteorit udarila v \u017eivljenje mojih star\u0161ev, do svoje zavezanosti obrambi nastajajo\u010dega \u017eivljenja, v upanju, da bom izzvala hinav\u0161\u010dino sveta.","og_url":"https:\/\/www.iskreni.net\/trgovina\/product\/nepricakovana\/","og_site_name":"Zavod Iskreni","article_modified_time":"2026-02-20T09:44:49+00:00","og_image":[{"width":1024,"height":1024,"url":"https:\/\/www.iskreni.net\/trgovina\/wp-content\/uploads\/2025\/07\/Nepricakovana.png","type":"image\/png"}],"twitter_card":"summary_large_image","twitter_misc":{"Est. reading time":"2 minuti"},"schema":{"@context":"https:\/\/schema.org","@graph":[{"@type":"WebPage","@id":"https:\/\/www.iskreni.net\/trgovina\/product\/nepricakovana\/","url":"https:\/\/www.iskreni.net\/trgovina\/product\/nepricakovana\/","name":"Nepri\u010dakovana","isPartOf":{"@id":"https:\/\/www.iskreni.net\/trgovina\/#website"},"primaryImageOfPage":{"@id":"https:\/\/www.iskreni.net\/trgovina\/product\/nepricakovana\/#primaryimage"},"image":{"@id":"https:\/\/www.iskreni.net\/trgovina\/product\/nepricakovana\/#primaryimage"},"thumbnailUrl":"https:\/\/www.iskreni.net\/trgovina\/wp-content\/uploads\/2025\/07\/Nepricakovana.png","datePublished":"2025-07-31T07:41:24+00:00","dateModified":"2026-02-20T09:44:49+00:00","description":"Nepri\u010dakovana je \u017eivi dokaz, da je vsako \u017eivljenje vredno, potovanje, da odkrijem svojo zgodovino: od svoje globoke gluhosti, ki je kot meteorit udarila v \u017eivljenje mojih star\u0161ev, do svoje zavezanosti obrambi nastajajo\u010dega \u017eivljenja, v upanju, da bom izzvala hinav\u0161\u010dino sveta.","breadcrumb":{"@id":"https:\/\/www.iskreni.net\/trgovina\/product\/nepricakovana\/#breadcrumb"},"inLanguage":"sl-SI","potentialAction":[{"@type":"ReadAction","target":["https:\/\/www.iskreni.net\/trgovina\/product\/nepricakovana\/"]}]},{"@type":"ImageObject","inLanguage":"sl-SI","@id":"https:\/\/www.iskreni.net\/trgovina\/product\/nepricakovana\/#primaryimage","url":"https:\/\/www.iskreni.net\/trgovina\/wp-content\/uploads\/2025\/07\/Nepricakovana.png","contentUrl":"https:\/\/www.iskreni.net\/trgovina\/wp-content\/uploads\/2025\/07\/Nepricakovana.png","width":1024,"height":1024},{"@type":"BreadcrumbList","@id":"https:\/\/www.iskreni.net\/trgovina\/product\/nepricakovana\/#breadcrumb","itemListElement":[{"@type":"ListItem","position":1,"name":"Home","item":"https:\/\/www.iskreni.net\/trgovina\/"},{"@type":"ListItem","position":2,"name":"Trgovina","item":"https:\/\/www.iskreni.net\/trgovina\/trgovina\/"},{"@type":"ListItem","position":3,"name":"Nepri\u010dakovana"}]},{"@type":"WebSite","@id":"https:\/\/www.iskreni.net\/trgovina\/#website","url":"https:\/\/www.iskreni.net\/trgovina\/","name":"Zavod Iskreni","description":"trgovina","potentialAction":[{"@type":"SearchAction","target":{"@type":"EntryPoint","urlTemplate":"https:\/\/www.iskreni.net\/trgovina\/?s={search_term_string}"},"query-input":{"@type":"PropertyValueSpecification","valueRequired":true,"valueName":"search_term_string"}}],"inLanguage":"sl-SI"}]}},"_links":{"self":[{"href":"https:\/\/www.iskreni.net\/trgovina\/wp-json\/wp\/v2\/product\/88422","targetHints":{"allow":["GET"]}}],"collection":[{"href":"https:\/\/www.iskreni.net\/trgovina\/wp-json\/wp\/v2\/product"}],"about":[{"href":"https:\/\/www.iskreni.net\/trgovina\/wp-json\/wp\/v2\/types\/product"}],"replies":[{"embeddable":true,"href":"https:\/\/www.iskreni.net\/trgovina\/wp-json\/wp\/v2\/comments?post=88422"}],"version-history":[{"count":3,"href":"https:\/\/www.iskreni.net\/trgovina\/wp-json\/wp\/v2\/product\/88422\/revisions"}],"predecessor-version":[{"id":89659,"href":"https:\/\/www.iskreni.net\/trgovina\/wp-json\/wp\/v2\/product\/88422\/revisions\/89659"}],"wp:featuredmedia":[{"embeddable":true,"href":"https:\/\/www.iskreni.net\/trgovina\/wp-json\/wp\/v2\/media\/88425"}],"wp:attachment":[{"href":"https:\/\/www.iskreni.net\/trgovina\/wp-json\/wp\/v2\/media?parent=88422"}],"wp:term":[{"taxonomy":"product_brand","embeddable":true,"href":"https:\/\/www.iskreni.net\/trgovina\/wp-json\/wp\/v2\/product_brand?post=88422"},{"taxonomy":"product_cat","embeddable":true,"href":"https:\/\/www.iskreni.net\/trgovina\/wp-json\/wp\/v2\/product_cat?post=88422"},{"taxonomy":"product_tag","embeddable":true,"href":"https:\/\/www.iskreni.net\/trgovina\/wp-json\/wp\/v2\/product_tag?post=88422"},{"taxonomy":"avtor","embeddable":true,"href":"https:\/\/www.iskreni.net\/trgovina\/wp-json\/wp\/v2\/avtor?post=88422"},{"taxonomy":"zalozba","embeddable":true,"href":"https:\/\/www.iskreni.net\/trgovina\/wp-json\/wp\/v2\/zalozba?post=88422"},{"taxonomy":"vezava","embeddable":true,"href":"https:\/\/www.iskreni.net\/trgovina\/wp-json\/wp\/v2\/vezava?post=88422"}],"curies":[{"name":"wp","href":"https:\/\/api.w.org\/{rel}","templated":true}]}}