{"id":88408,"date":"2025-07-30T22:52:12","date_gmt":"2025-07-30T20:52:12","guid":{"rendered":"https:\/\/www.iskreni.net\/trgovina\/?post_type=product&#038;p=88408"},"modified":"2025-11-27T14:33:24","modified_gmt":"2025-11-27T13:33:24","slug":"odmev-v-temi","status":"publish","type":"product","link":"https:\/\/www.iskreni.net\/trgovina\/product\/odmev-v-temi\/","title":{"rendered":"Odmev v temi"},"content":{"rendered":"<h4>O knjigi:<\/h4>\n<p>Zgodba se dogaja v Jeruzalemu in Rimu v prvih letih po Kristusovi smrti in vstajenju, napet razvoj zgodovinskih dogodkov pa je le kulisa za pretresljivo zgodbo o neuresni\u010deni ljubezni med lepim Markom, rimskim aristokratom, in Had\u00e1so, judovsko su\u017enjo, ki pripada novi in preganjani verski skupnosti kristjanov.<\/p>\n<p>Uspe\u0161ni trgovec Mark Lucijan Valerijan je obogatel z dobavo peska in su\u017enjev za rimske igre. Nato pa ga je Hadasa, su\u017enja v hi\u0161i njegove dru\u017eine, o\u010darala s svojo tiho lepoto in neomajno vero v Kristusa. Ko je Markova sestra Julija Hadaso poslala v smrt na igrah, se je njegovo \u017eivljenje sesulo. Zdaj je Mark na poti v Jeruzalem, da bi izvedel ve\u010d o Hadasinem Bogu, ne da bi vedel, da ga v Rimu \u010daka \u010dude\u017e. \u0160epetajo\u010di glas preteklosti ga popelje na potovanje, ki bi ga lahko osvobodilo teme njegove du\u0161e &#8230;<\/p>\n<h4>O avtorju:<\/h4>\n<p>Ameri\u0161ka avtorica Francine Rivers (1947) je ena najuspe\u0161nej\u0161ih sodobnih kr\u0161\u010danskih pisateljic in njena dela se ve\u010dkrat znajdejo na lestvici najbolj prodajanih knjig New York Timesa. Zaslovela je s svojimi zgodovinskimi ljubezenskimi romani, pa tudi sodobnimi romani s kr\u0161\u010danskimi motivi. Leta 2015 je prejela nagrado za \u017eivljenjsko delo ACFW (American Christian Fiction Writers).<\/p>\n<h4><a href=\"https:\/\/www.iskreni.net\/trgovina\/wp-content\/uploads\/2025\/07\/odmev-v-temi-vzorcne-strani.pdf\">Prelistaj knjigo<\/a><\/h4>\n","protected":false},"excerpt":{"rendered":"<p><strong>Leto izdaje:<\/strong> 2025<br \/>\n<strong>\u0160tevilo strani:<\/strong> 536<br \/>\n<strong>Format:<\/strong> 150 x 230 mm<\/p>\n<p>Te\u017eko pri\u010dakovano nadaljevanje romana Glas v vetru.<\/p>\n<p>&nbsp;<\/p>\n<p>&nbsp;<\/p>\n<p>&nbsp;<\/p>\n","protected":false},"featured_media":88414,"comment_status":"open","ping_status":"closed","template":"","meta":[],"product_brand":[],"product_cat":[2325,63],"product_tag":[3186,3185,2831],"avtor":[],"zalozba":[2311],"vezava":[2307,2306],"class_list":{"0":"post-88408","1":"product","2":"type-product","3":"status-publish","4":"has-post-thumbnail","6":"product_cat-leposlovje","7":"product_cat-knjige","8":"product_tag-kristjani","9":"product_tag-ljubezen","10":"product_tag-smrt","11":"zalozba-druzina","12":"vezava-mehka","13":"vezava-trda","15":"first","16":"onbackorder","17":"taxable","18":"shipping-taxable","19":"purchasable","20":"product-type-simple"},"yoast_head":"<!-- This site is optimized with the Yoast SEO plugin v26.3 - https:\/\/yoast.com\/wordpress\/plugins\/seo\/ -->\n<title>Odmev v temi<\/title>\n<meta name=\"description\" content=\"Zgodba se dogaja v Jeruzalemu in Rimu v prvih letih po Kristusovi smrti in vstajenju,. Pretresljiva zgodba o neuresni\u010deni ljubezni med lepim Markom, rimskim aristokratom, in Had\u00e1so, judovsko su\u017enjo, ki pripada novi in preganjani verski skupnosti kristjanov.\" \/>\n<meta name=\"robots\" content=\"index, follow, max-snippet:-1, max-image-preview:large, max-video-preview:-1\" \/>\n<link rel=\"canonical\" href=\"https:\/\/www.iskreni.net\/trgovina\/product\/odmev-v-temi\/\" \/>\n<meta property=\"og:locale\" content=\"sl_SI\" \/>\n<meta property=\"og:type\" content=\"article\" \/>\n<meta property=\"og:title\" content=\"Postanimo prijatelji Svetega Duha\" \/>\n<meta property=\"og:description\" content=\"Zgodba se dogaja v Jeruzalemu in Rimu v prvih letih po Kristusovi smrti in vstajenju,. Pretresljiva zgodba o neuresni\u010deni ljubezni med lepim Markom, rimskim aristokratom, in Had\u00e1so, judovsko su\u017enjo, ki pripada novi in preganjani verski skupnosti kristjanov.\" \/>\n<meta property=\"og:url\" content=\"https:\/\/www.iskreni.net\/trgovina\/product\/odmev-v-temi\/\" \/>\n<meta property=\"og:site_name\" content=\"Zavod Iskreni\" \/>\n<meta property=\"article:modified_time\" content=\"2025-11-27T13:33:24+00:00\" \/>\n<meta property=\"og:image\" content=\"https:\/\/www.iskreni.net\/trgovina\/wp-content\/uploads\/2025\/07\/Odmev-v-temi.png\" \/>\n\t<meta property=\"og:image:width\" content=\"980\" \/>\n\t<meta property=\"og:image:height\" content=\"980\" \/>\n\t<meta property=\"og:image:type\" content=\"image\/png\" \/>\n<meta name=\"twitter:card\" content=\"summary_large_image\" \/>\n<meta name=\"twitter:label1\" content=\"Est. reading time\" \/>\n\t<meta name=\"twitter:data1\" content=\"2 minuti\" \/>\n<script type=\"application\/ld+json\" class=\"yoast-schema-graph\">{\"@context\":\"https:\/\/schema.org\",\"@graph\":[{\"@type\":\"WebPage\",\"@id\":\"https:\/\/www.iskreni.net\/trgovina\/product\/odmev-v-temi\/\",\"url\":\"https:\/\/www.iskreni.net\/trgovina\/product\/odmev-v-temi\/\",\"name\":\"Odmev v temi\",\"isPartOf\":{\"@id\":\"https:\/\/www.iskreni.net\/trgovina\/#website\"},\"primaryImageOfPage\":{\"@id\":\"https:\/\/www.iskreni.net\/trgovina\/product\/odmev-v-temi\/#primaryimage\"},\"image\":{\"@id\":\"https:\/\/www.iskreni.net\/trgovina\/product\/odmev-v-temi\/#primaryimage\"},\"thumbnailUrl\":\"https:\/\/www.iskreni.net\/trgovina\/wp-content\/uploads\/2025\/07\/Odmev-v-temi.png\",\"datePublished\":\"2025-07-30T20:52:12+00:00\",\"dateModified\":\"2025-11-27T13:33:24+00:00\",\"description\":\"Zgodba se dogaja v Jeruzalemu in Rimu v prvih letih po Kristusovi smrti in vstajenju,. Pretresljiva zgodba o neuresni\u010deni ljubezni med lepim Markom, rimskim aristokratom, in Had\u00e1so, judovsko su\u017enjo, ki pripada novi in preganjani verski skupnosti kristjanov.\",\"breadcrumb\":{\"@id\":\"https:\/\/www.iskreni.net\/trgovina\/product\/odmev-v-temi\/#breadcrumb\"},\"inLanguage\":\"sl-SI\",\"potentialAction\":[{\"@type\":\"ReadAction\",\"target\":[\"https:\/\/www.iskreni.net\/trgovina\/product\/odmev-v-temi\/\"]}]},{\"@type\":\"ImageObject\",\"inLanguage\":\"sl-SI\",\"@id\":\"https:\/\/www.iskreni.net\/trgovina\/product\/odmev-v-temi\/#primaryimage\",\"url\":\"https:\/\/www.iskreni.net\/trgovina\/wp-content\/uploads\/2025\/07\/Odmev-v-temi.png\",\"contentUrl\":\"https:\/\/www.iskreni.net\/trgovina\/wp-content\/uploads\/2025\/07\/Odmev-v-temi.png\",\"width\":980,\"height\":980},{\"@type\":\"BreadcrumbList\",\"@id\":\"https:\/\/www.iskreni.net\/trgovina\/product\/odmev-v-temi\/#breadcrumb\",\"itemListElement\":[{\"@type\":\"ListItem\",\"position\":1,\"name\":\"Home\",\"item\":\"https:\/\/www.iskreni.net\/trgovina\/\"},{\"@type\":\"ListItem\",\"position\":2,\"name\":\"Trgovina\",\"item\":\"https:\/\/www.iskreni.net\/trgovina\/trgovina\/\"},{\"@type\":\"ListItem\",\"position\":3,\"name\":\"Odmev v temi\"}]},{\"@type\":\"WebSite\",\"@id\":\"https:\/\/www.iskreni.net\/trgovina\/#website\",\"url\":\"https:\/\/www.iskreni.net\/trgovina\/\",\"name\":\"Zavod Iskreni\",\"description\":\"trgovina\",\"potentialAction\":[{\"@type\":\"SearchAction\",\"target\":{\"@type\":\"EntryPoint\",\"urlTemplate\":\"https:\/\/www.iskreni.net\/trgovina\/?s={search_term_string}\"},\"query-input\":{\"@type\":\"PropertyValueSpecification\",\"valueRequired\":true,\"valueName\":\"search_term_string\"}}],\"inLanguage\":\"sl-SI\"}]}<\/script>\n<!-- \/ Yoast SEO plugin. -->","yoast_head_json":{"title":"Odmev v temi","description":"Zgodba se dogaja v Jeruzalemu in Rimu v prvih letih po Kristusovi smrti in vstajenju,. Pretresljiva zgodba o neuresni\u010deni ljubezni med lepim Markom, rimskim aristokratom, in Had\u00e1so, judovsko su\u017enjo, ki pripada novi in preganjani verski skupnosti kristjanov.","robots":{"index":"index","follow":"follow","max-snippet":"max-snippet:-1","max-image-preview":"max-image-preview:large","max-video-preview":"max-video-preview:-1"},"canonical":"https:\/\/www.iskreni.net\/trgovina\/product\/odmev-v-temi\/","og_locale":"sl_SI","og_type":"article","og_title":"Postanimo prijatelji Svetega Duha","og_description":"Zgodba se dogaja v Jeruzalemu in Rimu v prvih letih po Kristusovi smrti in vstajenju,. Pretresljiva zgodba o neuresni\u010deni ljubezni med lepim Markom, rimskim aristokratom, in Had\u00e1so, judovsko su\u017enjo, ki pripada novi in preganjani verski skupnosti kristjanov.","og_url":"https:\/\/www.iskreni.net\/trgovina\/product\/odmev-v-temi\/","og_site_name":"Zavod Iskreni","article_modified_time":"2025-11-27T13:33:24+00:00","og_image":[{"width":980,"height":980,"url":"https:\/\/www.iskreni.net\/trgovina\/wp-content\/uploads\/2025\/07\/Odmev-v-temi.png","type":"image\/png"}],"twitter_card":"summary_large_image","twitter_misc":{"Est. reading time":"2 minuti"},"schema":{"@context":"https:\/\/schema.org","@graph":[{"@type":"WebPage","@id":"https:\/\/www.iskreni.net\/trgovina\/product\/odmev-v-temi\/","url":"https:\/\/www.iskreni.net\/trgovina\/product\/odmev-v-temi\/","name":"Odmev v temi","isPartOf":{"@id":"https:\/\/www.iskreni.net\/trgovina\/#website"},"primaryImageOfPage":{"@id":"https:\/\/www.iskreni.net\/trgovina\/product\/odmev-v-temi\/#primaryimage"},"image":{"@id":"https:\/\/www.iskreni.net\/trgovina\/product\/odmev-v-temi\/#primaryimage"},"thumbnailUrl":"https:\/\/www.iskreni.net\/trgovina\/wp-content\/uploads\/2025\/07\/Odmev-v-temi.png","datePublished":"2025-07-30T20:52:12+00:00","dateModified":"2025-11-27T13:33:24+00:00","description":"Zgodba se dogaja v Jeruzalemu in Rimu v prvih letih po Kristusovi smrti in vstajenju,. Pretresljiva zgodba o neuresni\u010deni ljubezni med lepim Markom, rimskim aristokratom, in Had\u00e1so, judovsko su\u017enjo, ki pripada novi in preganjani verski skupnosti kristjanov.","breadcrumb":{"@id":"https:\/\/www.iskreni.net\/trgovina\/product\/odmev-v-temi\/#breadcrumb"},"inLanguage":"sl-SI","potentialAction":[{"@type":"ReadAction","target":["https:\/\/www.iskreni.net\/trgovina\/product\/odmev-v-temi\/"]}]},{"@type":"ImageObject","inLanguage":"sl-SI","@id":"https:\/\/www.iskreni.net\/trgovina\/product\/odmev-v-temi\/#primaryimage","url":"https:\/\/www.iskreni.net\/trgovina\/wp-content\/uploads\/2025\/07\/Odmev-v-temi.png","contentUrl":"https:\/\/www.iskreni.net\/trgovina\/wp-content\/uploads\/2025\/07\/Odmev-v-temi.png","width":980,"height":980},{"@type":"BreadcrumbList","@id":"https:\/\/www.iskreni.net\/trgovina\/product\/odmev-v-temi\/#breadcrumb","itemListElement":[{"@type":"ListItem","position":1,"name":"Home","item":"https:\/\/www.iskreni.net\/trgovina\/"},{"@type":"ListItem","position":2,"name":"Trgovina","item":"https:\/\/www.iskreni.net\/trgovina\/trgovina\/"},{"@type":"ListItem","position":3,"name":"Odmev v temi"}]},{"@type":"WebSite","@id":"https:\/\/www.iskreni.net\/trgovina\/#website","url":"https:\/\/www.iskreni.net\/trgovina\/","name":"Zavod Iskreni","description":"trgovina","potentialAction":[{"@type":"SearchAction","target":{"@type":"EntryPoint","urlTemplate":"https:\/\/www.iskreni.net\/trgovina\/?s={search_term_string}"},"query-input":{"@type":"PropertyValueSpecification","valueRequired":true,"valueName":"search_term_string"}}],"inLanguage":"sl-SI"}]}},"_links":{"self":[{"href":"https:\/\/www.iskreni.net\/trgovina\/wp-json\/wp\/v2\/product\/88408","targetHints":{"allow":["GET"]}}],"collection":[{"href":"https:\/\/www.iskreni.net\/trgovina\/wp-json\/wp\/v2\/product"}],"about":[{"href":"https:\/\/www.iskreni.net\/trgovina\/wp-json\/wp\/v2\/types\/product"}],"replies":[{"embeddable":true,"href":"https:\/\/www.iskreni.net\/trgovina\/wp-json\/wp\/v2\/comments?post=88408"}],"version-history":[{"count":5,"href":"https:\/\/www.iskreni.net\/trgovina\/wp-json\/wp\/v2\/product\/88408\/revisions"}],"predecessor-version":[{"id":88421,"href":"https:\/\/www.iskreni.net\/trgovina\/wp-json\/wp\/v2\/product\/88408\/revisions\/88421"}],"wp:featuredmedia":[{"embeddable":true,"href":"https:\/\/www.iskreni.net\/trgovina\/wp-json\/wp\/v2\/media\/88414"}],"wp:attachment":[{"href":"https:\/\/www.iskreni.net\/trgovina\/wp-json\/wp\/v2\/media?parent=88408"}],"wp:term":[{"taxonomy":"product_brand","embeddable":true,"href":"https:\/\/www.iskreni.net\/trgovina\/wp-json\/wp\/v2\/product_brand?post=88408"},{"taxonomy":"product_cat","embeddable":true,"href":"https:\/\/www.iskreni.net\/trgovina\/wp-json\/wp\/v2\/product_cat?post=88408"},{"taxonomy":"product_tag","embeddable":true,"href":"https:\/\/www.iskreni.net\/trgovina\/wp-json\/wp\/v2\/product_tag?post=88408"},{"taxonomy":"avtor","embeddable":true,"href":"https:\/\/www.iskreni.net\/trgovina\/wp-json\/wp\/v2\/avtor?post=88408"},{"taxonomy":"zalozba","embeddable":true,"href":"https:\/\/www.iskreni.net\/trgovina\/wp-json\/wp\/v2\/zalozba?post=88408"},{"taxonomy":"vezava","embeddable":true,"href":"https:\/\/www.iskreni.net\/trgovina\/wp-json\/wp\/v2\/vezava?post=88408"}],"curies":[{"name":"wp","href":"https:\/\/api.w.org\/{rel}","templated":true}]}}