{"id":88399,"date":"2025-07-30T22:27:41","date_gmt":"2025-07-30T20:27:41","guid":{"rendered":"https:\/\/www.iskreni.net\/trgovina\/?post_type=product&#038;p=88399"},"modified":"2026-02-20T10:49:28","modified_gmt":"2026-02-20T09:49:28","slug":"ustvarjene-smo-za-nebesa","status":"publish","type":"product","link":"https:\/\/www.iskreni.net\/trgovina\/product\/ustvarjene-smo-za-nebesa\/","title":{"rendered":"Ustvarjene smo za nebesa"},"content":{"rendered":"<h4>O knjigi:<\/h4>\n<p>\u00bbSi sre\u010dna \u017eena in mati \u0161tirih deklic. Obkro\u017eena z dragimi ljudmi u\u017eiva\u0161 v pitju kave, sprehodih in igri s svojimi otroki \u2026 V\u010dasih te kaj vr\u017ee iz tira ali se spore\u010de\u0161 z ljubljeno osebo, a ob koncu dneva sre\u010dna le\u017ee\u0161 v svojo posteljo. In naslednje jutro izve\u0161, da ima\u0161 raka. Kaj bo\u0161 storila? Te bo prevzela \u017ealost zaradi lastne nesre\u010de? Panika, kaj bo z otroki, \u010de te prezgodaj izgubijo? Tesnoba in strah pred smrtjo? Jeza na ves svet? Jeza na Boga?\u00ab<\/p>\n<p>Tei se je zgodilo prav to. Po diagnozi smrtonosne bolezni je za\u010dela pisati to knjigo. V njej se obra\u010da k svojim majhnim h\u010derkam in jim govori vse tisto, \u010desar jim morda v \u017eivljenju ne bo uspela povedati. Bralcem pa poka\u017ee, kako v trpljenju najti smisel.<\/p>\n<p>Knjiga\u00a0<em>Ustvarjene smo za nebesa\u00a0<\/em>je ganljivo pri\u010devanje vere, ljubezni in neizmerne materinske skrbi \u2013 oporoka, v kateri h\u010deram zapu\u0161\u010da tisto najdragocenej\u0161e: globoko zavest, da smo vsi ustvarjeni za nebesa.<\/p>\n<h4>O avtorici:<\/h4>\n<p>Tea Perovi\u0107 (1984\u20132025) je bila hrva\u0161ka pisateljica, profesorica nem\u0161kega jezika in fonetike ter mati \u0161tirih h\u010dera. Rodila se je v Supetru, odra\u0161\u010dala pa v Bolu na Bra\u010du. Kljub temu da njena dru\u017eina ni redno prakticirala vere, se je \u017ee kot deklica vklju\u010dila v \u017eupnijsko skupnost, kjer je pela v zboru in brala. Po kon\u010dani gimnaziji je v Zagrebu \u0161tudirala germanistiko in fonetiko, kjer je spoznala svojega mo\u017ea Hrvoja, s katerim se je poro\u010dila leta 2008. Ustanovila je tudi lastno podjetje za izobra\u017eevanje in prevajanje.<\/p>\n<p>Leta 2022 so ji diagnosticirali rak dojke, kar je mo\u010dno vplivalo na njeno \u017eivljenje. Kljub hudi diagnozi je ostala duhovno mo\u010dna in svojo vero izra\u017eala skozi pisanje. Tea je pogosto javno govorila o svoji veri in izku\u0161njah, nastopala na duhovnih obnovah, v oddajah in podcastih, kjer je poudarjala, da je njena bolezen postala prilo\u017enost za sre\u010danje z Bogom.<\/p>\n<p>Umrla je 14. marca 2025 v starosti 42 let. Njen \u017eivljenjski zgled in delo ostajata navdih za mnoge, saj je kljub te\u017eki bolezni \u017eivela z upanjem, veseljem in globokim zaupanjem v Boga.<\/p>\n","protected":false},"excerpt":{"rendered":"<p><strong>Leto izdaje:<\/strong> 2025<br \/>\n<strong>\u0160tevilo strani:<\/strong> 220<br \/>\n<strong>Format:<\/strong> 135 x 210 mm<\/p>\n<p>&nbsp;<\/p>\n<p>&nbsp;<\/p>\n<p>&nbsp;<\/p>\n","protected":false},"featured_media":88401,"comment_status":"open","ping_status":"closed","template":"","meta":[],"product_brand":[],"product_cat":[2324,63],"product_tag":[3139,3181],"avtor":[3180],"zalozba":[2336],"vezava":[2635],"class_list":{"0":"post-88399","1":"product","2":"type-product","3":"status-publish","4":"has-post-thumbnail","6":"product_cat-duhovnost-in-osebna-rast","7":"product_cat-knjige","8":"product_tag-nebesa","9":"product_tag-oporoka","10":"avtor-tea-petrovic","11":"zalozba-salve","12":"vezava-mehka-z-zavihki","14":"first","15":"instock","16":"taxable","17":"shipping-taxable","18":"purchasable","19":"product-type-simple"},"yoast_head":"<!-- This site is optimized with the Yoast SEO plugin v26.3 - https:\/\/yoast.com\/wordpress\/plugins\/seo\/ -->\n<title>Ustvarjene smo za nebesa<\/title>\n<meta name=\"description\" content=\"Knjiga je ganljivo pri\u010devanje vere, ljubezni in neizmerne materinske skrbi \u2013 oporoka, v kateri avtorica h\u010deram zapu\u0161\u010da tisto najdragocenej\u0161e: globoko zavest, da smo vsi ustvarjeni za nebesa.\" \/>\n<meta name=\"robots\" content=\"index, follow, max-snippet:-1, max-image-preview:large, max-video-preview:-1\" \/>\n<link rel=\"canonical\" href=\"https:\/\/www.iskreni.net\/trgovina\/product\/ustvarjene-smo-za-nebesa\/\" \/>\n<meta property=\"og:locale\" content=\"sl_SI\" \/>\n<meta property=\"og:type\" content=\"article\" \/>\n<meta property=\"og:title\" content=\"Postanimo prijatelji Svetega Duha\" \/>\n<meta property=\"og:description\" content=\"Knjiga je ganljivo pri\u010devanje vere, ljubezni in neizmerne materinske skrbi \u2013 oporoka, v kateri avtorica h\u010deram zapu\u0161\u010da tisto najdragocenej\u0161e: globoko zavest, da smo vsi ustvarjeni za nebesa.\" \/>\n<meta property=\"og:url\" content=\"https:\/\/www.iskreni.net\/trgovina\/product\/ustvarjene-smo-za-nebesa\/\" \/>\n<meta property=\"og:site_name\" content=\"Zavod Iskreni\" \/>\n<meta property=\"article:modified_time\" content=\"2026-02-20T09:49:28+00:00\" \/>\n<meta property=\"og:image\" content=\"https:\/\/www.iskreni.net\/trgovina\/wp-content\/uploads\/2025\/07\/Ustvarjene-smo-za-nebesa.png\" \/>\n\t<meta property=\"og:image:width\" content=\"2093\" \/>\n\t<meta property=\"og:image:height\" content=\"2093\" \/>\n\t<meta property=\"og:image:type\" content=\"image\/png\" \/>\n<meta name=\"twitter:card\" content=\"summary_large_image\" \/>\n<meta name=\"twitter:label1\" content=\"Est. reading time\" \/>\n\t<meta name=\"twitter:data1\" content=\"3 minute\" \/>\n<script type=\"application\/ld+json\" class=\"yoast-schema-graph\">{\"@context\":\"https:\/\/schema.org\",\"@graph\":[{\"@type\":\"WebPage\",\"@id\":\"https:\/\/www.iskreni.net\/trgovina\/product\/ustvarjene-smo-za-nebesa\/\",\"url\":\"https:\/\/www.iskreni.net\/trgovina\/product\/ustvarjene-smo-za-nebesa\/\",\"name\":\"Ustvarjene smo za nebesa\",\"isPartOf\":{\"@id\":\"https:\/\/www.iskreni.net\/trgovina\/#website\"},\"primaryImageOfPage\":{\"@id\":\"https:\/\/www.iskreni.net\/trgovina\/product\/ustvarjene-smo-za-nebesa\/#primaryimage\"},\"image\":{\"@id\":\"https:\/\/www.iskreni.net\/trgovina\/product\/ustvarjene-smo-za-nebesa\/#primaryimage\"},\"thumbnailUrl\":\"https:\/\/www.iskreni.net\/trgovina\/wp-content\/uploads\/2025\/07\/Ustvarjene-smo-za-nebesa.png\",\"datePublished\":\"2025-07-30T20:27:41+00:00\",\"dateModified\":\"2026-02-20T09:49:28+00:00\",\"description\":\"Knjiga je ganljivo pri\u010devanje vere, ljubezni in neizmerne materinske skrbi \u2013 oporoka, v kateri avtorica h\u010deram zapu\u0161\u010da tisto najdragocenej\u0161e: globoko zavest, da smo vsi ustvarjeni za nebesa.\",\"breadcrumb\":{\"@id\":\"https:\/\/www.iskreni.net\/trgovina\/product\/ustvarjene-smo-za-nebesa\/#breadcrumb\"},\"inLanguage\":\"sl-SI\",\"potentialAction\":[{\"@type\":\"ReadAction\",\"target\":[\"https:\/\/www.iskreni.net\/trgovina\/product\/ustvarjene-smo-za-nebesa\/\"]}]},{\"@type\":\"ImageObject\",\"inLanguage\":\"sl-SI\",\"@id\":\"https:\/\/www.iskreni.net\/trgovina\/product\/ustvarjene-smo-za-nebesa\/#primaryimage\",\"url\":\"https:\/\/www.iskreni.net\/trgovina\/wp-content\/uploads\/2025\/07\/Ustvarjene-smo-za-nebesa.png\",\"contentUrl\":\"https:\/\/www.iskreni.net\/trgovina\/wp-content\/uploads\/2025\/07\/Ustvarjene-smo-za-nebesa.png\",\"width\":2093,\"height\":2093},{\"@type\":\"BreadcrumbList\",\"@id\":\"https:\/\/www.iskreni.net\/trgovina\/product\/ustvarjene-smo-za-nebesa\/#breadcrumb\",\"itemListElement\":[{\"@type\":\"ListItem\",\"position\":1,\"name\":\"Home\",\"item\":\"https:\/\/www.iskreni.net\/trgovina\/\"},{\"@type\":\"ListItem\",\"position\":2,\"name\":\"Trgovina\",\"item\":\"https:\/\/www.iskreni.net\/trgovina\/trgovina\/\"},{\"@type\":\"ListItem\",\"position\":3,\"name\":\"Ustvarjene smo za nebesa\"}]},{\"@type\":\"WebSite\",\"@id\":\"https:\/\/www.iskreni.net\/trgovina\/#website\",\"url\":\"https:\/\/www.iskreni.net\/trgovina\/\",\"name\":\"Zavod Iskreni\",\"description\":\"trgovina\",\"potentialAction\":[{\"@type\":\"SearchAction\",\"target\":{\"@type\":\"EntryPoint\",\"urlTemplate\":\"https:\/\/www.iskreni.net\/trgovina\/?s={search_term_string}\"},\"query-input\":{\"@type\":\"PropertyValueSpecification\",\"valueRequired\":true,\"valueName\":\"search_term_string\"}}],\"inLanguage\":\"sl-SI\"}]}<\/script>\n<!-- \/ Yoast SEO plugin. -->","yoast_head_json":{"title":"Ustvarjene smo za nebesa","description":"Knjiga je ganljivo pri\u010devanje vere, ljubezni in neizmerne materinske skrbi \u2013 oporoka, v kateri avtorica h\u010deram zapu\u0161\u010da tisto najdragocenej\u0161e: globoko zavest, da smo vsi ustvarjeni za nebesa.","robots":{"index":"index","follow":"follow","max-snippet":"max-snippet:-1","max-image-preview":"max-image-preview:large","max-video-preview":"max-video-preview:-1"},"canonical":"https:\/\/www.iskreni.net\/trgovina\/product\/ustvarjene-smo-za-nebesa\/","og_locale":"sl_SI","og_type":"article","og_title":"Postanimo prijatelji Svetega Duha","og_description":"Knjiga je ganljivo pri\u010devanje vere, ljubezni in neizmerne materinske skrbi \u2013 oporoka, v kateri avtorica h\u010deram zapu\u0161\u010da tisto najdragocenej\u0161e: globoko zavest, da smo vsi ustvarjeni za nebesa.","og_url":"https:\/\/www.iskreni.net\/trgovina\/product\/ustvarjene-smo-za-nebesa\/","og_site_name":"Zavod Iskreni","article_modified_time":"2026-02-20T09:49:28+00:00","og_image":[{"width":2093,"height":2093,"url":"https:\/\/www.iskreni.net\/trgovina\/wp-content\/uploads\/2025\/07\/Ustvarjene-smo-za-nebesa.png","type":"image\/png"}],"twitter_card":"summary_large_image","twitter_misc":{"Est. reading time":"3 minute"},"schema":{"@context":"https:\/\/schema.org","@graph":[{"@type":"WebPage","@id":"https:\/\/www.iskreni.net\/trgovina\/product\/ustvarjene-smo-za-nebesa\/","url":"https:\/\/www.iskreni.net\/trgovina\/product\/ustvarjene-smo-za-nebesa\/","name":"Ustvarjene smo za nebesa","isPartOf":{"@id":"https:\/\/www.iskreni.net\/trgovina\/#website"},"primaryImageOfPage":{"@id":"https:\/\/www.iskreni.net\/trgovina\/product\/ustvarjene-smo-za-nebesa\/#primaryimage"},"image":{"@id":"https:\/\/www.iskreni.net\/trgovina\/product\/ustvarjene-smo-za-nebesa\/#primaryimage"},"thumbnailUrl":"https:\/\/www.iskreni.net\/trgovina\/wp-content\/uploads\/2025\/07\/Ustvarjene-smo-za-nebesa.png","datePublished":"2025-07-30T20:27:41+00:00","dateModified":"2026-02-20T09:49:28+00:00","description":"Knjiga je ganljivo pri\u010devanje vere, ljubezni in neizmerne materinske skrbi \u2013 oporoka, v kateri avtorica h\u010deram zapu\u0161\u010da tisto najdragocenej\u0161e: globoko zavest, da smo vsi ustvarjeni za nebesa.","breadcrumb":{"@id":"https:\/\/www.iskreni.net\/trgovina\/product\/ustvarjene-smo-za-nebesa\/#breadcrumb"},"inLanguage":"sl-SI","potentialAction":[{"@type":"ReadAction","target":["https:\/\/www.iskreni.net\/trgovina\/product\/ustvarjene-smo-za-nebesa\/"]}]},{"@type":"ImageObject","inLanguage":"sl-SI","@id":"https:\/\/www.iskreni.net\/trgovina\/product\/ustvarjene-smo-za-nebesa\/#primaryimage","url":"https:\/\/www.iskreni.net\/trgovina\/wp-content\/uploads\/2025\/07\/Ustvarjene-smo-za-nebesa.png","contentUrl":"https:\/\/www.iskreni.net\/trgovina\/wp-content\/uploads\/2025\/07\/Ustvarjene-smo-za-nebesa.png","width":2093,"height":2093},{"@type":"BreadcrumbList","@id":"https:\/\/www.iskreni.net\/trgovina\/product\/ustvarjene-smo-za-nebesa\/#breadcrumb","itemListElement":[{"@type":"ListItem","position":1,"name":"Home","item":"https:\/\/www.iskreni.net\/trgovina\/"},{"@type":"ListItem","position":2,"name":"Trgovina","item":"https:\/\/www.iskreni.net\/trgovina\/trgovina\/"},{"@type":"ListItem","position":3,"name":"Ustvarjene smo za nebesa"}]},{"@type":"WebSite","@id":"https:\/\/www.iskreni.net\/trgovina\/#website","url":"https:\/\/www.iskreni.net\/trgovina\/","name":"Zavod Iskreni","description":"trgovina","potentialAction":[{"@type":"SearchAction","target":{"@type":"EntryPoint","urlTemplate":"https:\/\/www.iskreni.net\/trgovina\/?s={search_term_string}"},"query-input":{"@type":"PropertyValueSpecification","valueRequired":true,"valueName":"search_term_string"}}],"inLanguage":"sl-SI"}]}},"_links":{"self":[{"href":"https:\/\/www.iskreni.net\/trgovina\/wp-json\/wp\/v2\/product\/88399","targetHints":{"allow":["GET"]}}],"collection":[{"href":"https:\/\/www.iskreni.net\/trgovina\/wp-json\/wp\/v2\/product"}],"about":[{"href":"https:\/\/www.iskreni.net\/trgovina\/wp-json\/wp\/v2\/types\/product"}],"replies":[{"embeddable":true,"href":"https:\/\/www.iskreni.net\/trgovina\/wp-json\/wp\/v2\/comments?post=88399"}],"version-history":[{"count":2,"href":"https:\/\/www.iskreni.net\/trgovina\/wp-json\/wp\/v2\/product\/88399\/revisions"}],"predecessor-version":[{"id":88402,"href":"https:\/\/www.iskreni.net\/trgovina\/wp-json\/wp\/v2\/product\/88399\/revisions\/88402"}],"wp:featuredmedia":[{"embeddable":true,"href":"https:\/\/www.iskreni.net\/trgovina\/wp-json\/wp\/v2\/media\/88401"}],"wp:attachment":[{"href":"https:\/\/www.iskreni.net\/trgovina\/wp-json\/wp\/v2\/media?parent=88399"}],"wp:term":[{"taxonomy":"product_brand","embeddable":true,"href":"https:\/\/www.iskreni.net\/trgovina\/wp-json\/wp\/v2\/product_brand?post=88399"},{"taxonomy":"product_cat","embeddable":true,"href":"https:\/\/www.iskreni.net\/trgovina\/wp-json\/wp\/v2\/product_cat?post=88399"},{"taxonomy":"product_tag","embeddable":true,"href":"https:\/\/www.iskreni.net\/trgovina\/wp-json\/wp\/v2\/product_tag?post=88399"},{"taxonomy":"avtor","embeddable":true,"href":"https:\/\/www.iskreni.net\/trgovina\/wp-json\/wp\/v2\/avtor?post=88399"},{"taxonomy":"zalozba","embeddable":true,"href":"https:\/\/www.iskreni.net\/trgovina\/wp-json\/wp\/v2\/zalozba?post=88399"},{"taxonomy":"vezava","embeddable":true,"href":"https:\/\/www.iskreni.net\/trgovina\/wp-json\/wp\/v2\/vezava?post=88399"}],"curies":[{"name":"wp","href":"https:\/\/api.w.org\/{rel}","templated":true}]}}