{"id":88260,"date":"2025-07-21T10:43:17","date_gmt":"2025-07-21T08:43:17","guid":{"rendered":"https:\/\/www.iskreni.net\/trgovina\/?post_type=product&#038;p=88260"},"modified":"2025-11-27T14:35:14","modified_gmt":"2025-11-27T13:35:14","slug":"duhodnevnik-vodnik-za-krscansko-meditacijo","status":"publish","type":"product","link":"https:\/\/www.iskreni.net\/trgovina\/product\/duhodnevnik-vodnik-za-krscansko-meditacijo\/","title":{"rendered":"Duhodnevnik: vodnik za kr\u0161\u010dansko meditacijo"},"content":{"rendered":"<h4>O knjigi:<\/h4>\n<p><em>Po osebnih zapiskih Marijana Arharja, bogoslovca, priredila Helena Reberc<\/em><\/p>\n<p><strong>Duhodnevnik<\/strong> je pripomo\u010dek, ki ti \u017eeli pomagati na poti kr\u0161\u010danske meditacije.<\/p>\n<p>Glavno vlogo ima Sveti Duh. \u010cas, ki mu ga vsak dan namenja\u0161, je \u010das, v katerem se u\u010di\u0161 prislu\u0161kovati njegovim navdihom in mu daje\u0161 dovoljenje, da te notranje spodbuja in ti pomaga, da se presega\u0161 v dobrem na vseh podro\u010djih. Lahko ga uporablja\u0161 sam, v paru ali v skupini ljudi, s katerimi si boste na poti v medsebojno oporo.<\/p>\n<p data-pm-slice=\"1 1 []\"><strong>Duhodnevnik<\/strong>\u00a0je hkrati\u00a0<strong>knjiga in zvezek<\/strong>. Gre za duhovni dnevnik s spodbudami, razmi\u0161ljanji in prostorom za zapisovanje. Dnevnik vas bo spremljal skozi 49 dni \u2013 7 tednov v so\u017eitju s Svetim Duhom.<\/p>\n<p>\u010ceprav je\u00a0Duhodnevnik\u00a0\u0161e posebej primeren za obdobje od velike no\u010di do binko\u0161ti, je njegova uporabnost brez\u010dasna \u2013 vsak trenutek v letu je prilo\u017enost za poglobitev.<\/p>\n<h4>O avtorju:<\/h4>\n<p>Duhodnevnik je sestavila Helena Reberc na podlagi najdenih mese\u010dnih zapiskov duhovnega dnevnika Marijana Arharja, duhovnika in eksorcista (1930-2017), ki ga je pisal v \u010dasu priprave na duhovni\u0161tvo od svojega 26. do 30. leta.<\/p>\n","protected":false},"excerpt":{"rendered":"<p><strong>Leto izdaje:<\/strong> 2025<br \/>\n<strong>\u0160tevilo strani:<\/strong> 224<br \/>\n<strong>Format:<\/strong> 135 x 202 mm<\/p>\n<p><strong>7 tednov na poti s Svetim Duhom<\/strong><\/p>\n<p>&nbsp;<\/p>\n<p>&nbsp;<\/p>\n<p>&nbsp;<\/p>\n","protected":false},"featured_media":88262,"comment_status":"open","ping_status":"closed","template":"","meta":[],"product_brand":[],"product_cat":[2324,2327,63],"product_tag":[3179,2393],"avtor":[2723,3178],"zalozba":[2335],"vezava":[2635],"class_list":{"0":"post-88260","1":"product","2":"type-product","3":"status-publish","4":"has-post-thumbnail","6":"product_cat-duhovnost-in-osebna-rast","7":"product_cat-prirocniki-in-vodniki","8":"product_cat-knjige","9":"product_tag-duhovni-dnevnik","10":"product_tag-duhovnost","11":"avtor-helena-reberc","12":"avtor-marijan-arhar","13":"zalozba-zalozba-emanuel","14":"vezava-mehka-z-zavihki","16":"first","17":"onbackorder","18":"taxable","19":"shipping-taxable","20":"purchasable","21":"product-type-simple"},"yoast_head":"<!-- This site is optimized with the Yoast SEO plugin v26.3 - https:\/\/yoast.com\/wordpress\/plugins\/seo\/ -->\n<title>Duhodnevnik: vodnik za kr\u0161\u010dansko meditacijo<\/title>\n<meta name=\"description\" content=\"Duhodnevnik je hkrati knjiga in zvezek. Gre za duhovni dnevnik s spodbudami, razmi\u0161ljanji in prostorom za zapisovanje.\" \/>\n<meta name=\"robots\" content=\"index, follow, max-snippet:-1, max-image-preview:large, max-video-preview:-1\" \/>\n<link rel=\"canonical\" href=\"https:\/\/www.iskreni.net\/trgovina\/product\/duhodnevnik-vodnik-za-krscansko-meditacijo\/\" \/>\n<meta property=\"og:locale\" content=\"sl_SI\" \/>\n<meta property=\"og:type\" content=\"article\" \/>\n<meta property=\"og:title\" content=\"Postanimo prijatelji Svetega Duha\" \/>\n<meta property=\"og:description\" content=\"Duhodnevnik je hkrati knjiga in zvezek. Gre za duhovni dnevnik s spodbudami, razmi\u0161ljanji in prostorom za zapisovanje.\" \/>\n<meta property=\"og:url\" content=\"https:\/\/www.iskreni.net\/trgovina\/product\/duhodnevnik-vodnik-za-krscansko-meditacijo\/\" \/>\n<meta property=\"og:site_name\" content=\"Zavod Iskreni\" \/>\n<meta property=\"article:modified_time\" content=\"2025-11-27T13:35:14+00:00\" \/>\n<meta property=\"og:image\" content=\"https:\/\/www.iskreni.net\/trgovina\/wp-content\/uploads\/2025\/07\/Duhodnevnik.png\" \/>\n\t<meta property=\"og:image:width\" content=\"885\" \/>\n\t<meta property=\"og:image:height\" content=\"885\" \/>\n\t<meta property=\"og:image:type\" content=\"image\/png\" \/>\n<meta name=\"twitter:card\" content=\"summary_large_image\" \/>\n<meta name=\"twitter:label1\" content=\"Est. reading time\" \/>\n\t<meta name=\"twitter:data1\" content=\"2 minuti\" \/>\n<script type=\"application\/ld+json\" class=\"yoast-schema-graph\">{\"@context\":\"https:\/\/schema.org\",\"@graph\":[{\"@type\":\"WebPage\",\"@id\":\"https:\/\/www.iskreni.net\/trgovina\/product\/duhodnevnik-vodnik-za-krscansko-meditacijo\/\",\"url\":\"https:\/\/www.iskreni.net\/trgovina\/product\/duhodnevnik-vodnik-za-krscansko-meditacijo\/\",\"name\":\"Duhodnevnik: vodnik za kr\u0161\u010dansko meditacijo\",\"isPartOf\":{\"@id\":\"https:\/\/www.iskreni.net\/trgovina\/#website\"},\"primaryImageOfPage\":{\"@id\":\"https:\/\/www.iskreni.net\/trgovina\/product\/duhodnevnik-vodnik-za-krscansko-meditacijo\/#primaryimage\"},\"image\":{\"@id\":\"https:\/\/www.iskreni.net\/trgovina\/product\/duhodnevnik-vodnik-za-krscansko-meditacijo\/#primaryimage\"},\"thumbnailUrl\":\"https:\/\/www.iskreni.net\/trgovina\/wp-content\/uploads\/2025\/07\/Duhodnevnik.png\",\"datePublished\":\"2025-07-21T08:43:17+00:00\",\"dateModified\":\"2025-11-27T13:35:14+00:00\",\"description\":\"Duhodnevnik je hkrati knjiga in zvezek. Gre za duhovni dnevnik s spodbudami, razmi\u0161ljanji in prostorom za zapisovanje.\",\"breadcrumb\":{\"@id\":\"https:\/\/www.iskreni.net\/trgovina\/product\/duhodnevnik-vodnik-za-krscansko-meditacijo\/#breadcrumb\"},\"inLanguage\":\"sl-SI\",\"potentialAction\":[{\"@type\":\"ReadAction\",\"target\":[\"https:\/\/www.iskreni.net\/trgovina\/product\/duhodnevnik-vodnik-za-krscansko-meditacijo\/\"]}]},{\"@type\":\"ImageObject\",\"inLanguage\":\"sl-SI\",\"@id\":\"https:\/\/www.iskreni.net\/trgovina\/product\/duhodnevnik-vodnik-za-krscansko-meditacijo\/#primaryimage\",\"url\":\"https:\/\/www.iskreni.net\/trgovina\/wp-content\/uploads\/2025\/07\/Duhodnevnik.png\",\"contentUrl\":\"https:\/\/www.iskreni.net\/trgovina\/wp-content\/uploads\/2025\/07\/Duhodnevnik.png\",\"width\":885,\"height\":885},{\"@type\":\"BreadcrumbList\",\"@id\":\"https:\/\/www.iskreni.net\/trgovina\/product\/duhodnevnik-vodnik-za-krscansko-meditacijo\/#breadcrumb\",\"itemListElement\":[{\"@type\":\"ListItem\",\"position\":1,\"name\":\"Home\",\"item\":\"https:\/\/www.iskreni.net\/trgovina\/\"},{\"@type\":\"ListItem\",\"position\":2,\"name\":\"Trgovina\",\"item\":\"https:\/\/www.iskreni.net\/trgovina\/trgovina\/\"},{\"@type\":\"ListItem\",\"position\":3,\"name\":\"Duhodnevnik: vodnik za kr\u0161\u010dansko meditacijo\"}]},{\"@type\":\"WebSite\",\"@id\":\"https:\/\/www.iskreni.net\/trgovina\/#website\",\"url\":\"https:\/\/www.iskreni.net\/trgovina\/\",\"name\":\"Zavod Iskreni\",\"description\":\"trgovina\",\"potentialAction\":[{\"@type\":\"SearchAction\",\"target\":{\"@type\":\"EntryPoint\",\"urlTemplate\":\"https:\/\/www.iskreni.net\/trgovina\/?s={search_term_string}\"},\"query-input\":{\"@type\":\"PropertyValueSpecification\",\"valueRequired\":true,\"valueName\":\"search_term_string\"}}],\"inLanguage\":\"sl-SI\"}]}<\/script>\n<!-- \/ Yoast SEO plugin. -->","yoast_head_json":{"title":"Duhodnevnik: vodnik za kr\u0161\u010dansko meditacijo","description":"Duhodnevnik je hkrati knjiga in zvezek. Gre za duhovni dnevnik s spodbudami, razmi\u0161ljanji in prostorom za zapisovanje.","robots":{"index":"index","follow":"follow","max-snippet":"max-snippet:-1","max-image-preview":"max-image-preview:large","max-video-preview":"max-video-preview:-1"},"canonical":"https:\/\/www.iskreni.net\/trgovina\/product\/duhodnevnik-vodnik-za-krscansko-meditacijo\/","og_locale":"sl_SI","og_type":"article","og_title":"Postanimo prijatelji Svetega Duha","og_description":"Duhodnevnik je hkrati knjiga in zvezek. Gre za duhovni dnevnik s spodbudami, razmi\u0161ljanji in prostorom za zapisovanje.","og_url":"https:\/\/www.iskreni.net\/trgovina\/product\/duhodnevnik-vodnik-za-krscansko-meditacijo\/","og_site_name":"Zavod Iskreni","article_modified_time":"2025-11-27T13:35:14+00:00","og_image":[{"width":885,"height":885,"url":"https:\/\/www.iskreni.net\/trgovina\/wp-content\/uploads\/2025\/07\/Duhodnevnik.png","type":"image\/png"}],"twitter_card":"summary_large_image","twitter_misc":{"Est. reading time":"2 minuti"},"schema":{"@context":"https:\/\/schema.org","@graph":[{"@type":"WebPage","@id":"https:\/\/www.iskreni.net\/trgovina\/product\/duhodnevnik-vodnik-za-krscansko-meditacijo\/","url":"https:\/\/www.iskreni.net\/trgovina\/product\/duhodnevnik-vodnik-za-krscansko-meditacijo\/","name":"Duhodnevnik: vodnik za kr\u0161\u010dansko meditacijo","isPartOf":{"@id":"https:\/\/www.iskreni.net\/trgovina\/#website"},"primaryImageOfPage":{"@id":"https:\/\/www.iskreni.net\/trgovina\/product\/duhodnevnik-vodnik-za-krscansko-meditacijo\/#primaryimage"},"image":{"@id":"https:\/\/www.iskreni.net\/trgovina\/product\/duhodnevnik-vodnik-za-krscansko-meditacijo\/#primaryimage"},"thumbnailUrl":"https:\/\/www.iskreni.net\/trgovina\/wp-content\/uploads\/2025\/07\/Duhodnevnik.png","datePublished":"2025-07-21T08:43:17+00:00","dateModified":"2025-11-27T13:35:14+00:00","description":"Duhodnevnik je hkrati knjiga in zvezek. Gre za duhovni dnevnik s spodbudami, razmi\u0161ljanji in prostorom za zapisovanje.","breadcrumb":{"@id":"https:\/\/www.iskreni.net\/trgovina\/product\/duhodnevnik-vodnik-za-krscansko-meditacijo\/#breadcrumb"},"inLanguage":"sl-SI","potentialAction":[{"@type":"ReadAction","target":["https:\/\/www.iskreni.net\/trgovina\/product\/duhodnevnik-vodnik-za-krscansko-meditacijo\/"]}]},{"@type":"ImageObject","inLanguage":"sl-SI","@id":"https:\/\/www.iskreni.net\/trgovina\/product\/duhodnevnik-vodnik-za-krscansko-meditacijo\/#primaryimage","url":"https:\/\/www.iskreni.net\/trgovina\/wp-content\/uploads\/2025\/07\/Duhodnevnik.png","contentUrl":"https:\/\/www.iskreni.net\/trgovina\/wp-content\/uploads\/2025\/07\/Duhodnevnik.png","width":885,"height":885},{"@type":"BreadcrumbList","@id":"https:\/\/www.iskreni.net\/trgovina\/product\/duhodnevnik-vodnik-za-krscansko-meditacijo\/#breadcrumb","itemListElement":[{"@type":"ListItem","position":1,"name":"Home","item":"https:\/\/www.iskreni.net\/trgovina\/"},{"@type":"ListItem","position":2,"name":"Trgovina","item":"https:\/\/www.iskreni.net\/trgovina\/trgovina\/"},{"@type":"ListItem","position":3,"name":"Duhodnevnik: vodnik za kr\u0161\u010dansko meditacijo"}]},{"@type":"WebSite","@id":"https:\/\/www.iskreni.net\/trgovina\/#website","url":"https:\/\/www.iskreni.net\/trgovina\/","name":"Zavod Iskreni","description":"trgovina","potentialAction":[{"@type":"SearchAction","target":{"@type":"EntryPoint","urlTemplate":"https:\/\/www.iskreni.net\/trgovina\/?s={search_term_string}"},"query-input":{"@type":"PropertyValueSpecification","valueRequired":true,"valueName":"search_term_string"}}],"inLanguage":"sl-SI"}]}},"_links":{"self":[{"href":"https:\/\/www.iskreni.net\/trgovina\/wp-json\/wp\/v2\/product\/88260","targetHints":{"allow":["GET"]}}],"collection":[{"href":"https:\/\/www.iskreni.net\/trgovina\/wp-json\/wp\/v2\/product"}],"about":[{"href":"https:\/\/www.iskreni.net\/trgovina\/wp-json\/wp\/v2\/types\/product"}],"replies":[{"embeddable":true,"href":"https:\/\/www.iskreni.net\/trgovina\/wp-json\/wp\/v2\/comments?post=88260"}],"version-history":[{"count":4,"href":"https:\/\/www.iskreni.net\/trgovina\/wp-json\/wp\/v2\/product\/88260\/revisions"}],"predecessor-version":[{"id":88268,"href":"https:\/\/www.iskreni.net\/trgovina\/wp-json\/wp\/v2\/product\/88260\/revisions\/88268"}],"wp:featuredmedia":[{"embeddable":true,"href":"https:\/\/www.iskreni.net\/trgovina\/wp-json\/wp\/v2\/media\/88262"}],"wp:attachment":[{"href":"https:\/\/www.iskreni.net\/trgovina\/wp-json\/wp\/v2\/media?parent=88260"}],"wp:term":[{"taxonomy":"product_brand","embeddable":true,"href":"https:\/\/www.iskreni.net\/trgovina\/wp-json\/wp\/v2\/product_brand?post=88260"},{"taxonomy":"product_cat","embeddable":true,"href":"https:\/\/www.iskreni.net\/trgovina\/wp-json\/wp\/v2\/product_cat?post=88260"},{"taxonomy":"product_tag","embeddable":true,"href":"https:\/\/www.iskreni.net\/trgovina\/wp-json\/wp\/v2\/product_tag?post=88260"},{"taxonomy":"avtor","embeddable":true,"href":"https:\/\/www.iskreni.net\/trgovina\/wp-json\/wp\/v2\/avtor?post=88260"},{"taxonomy":"zalozba","embeddable":true,"href":"https:\/\/www.iskreni.net\/trgovina\/wp-json\/wp\/v2\/zalozba?post=88260"},{"taxonomy":"vezava","embeddable":true,"href":"https:\/\/www.iskreni.net\/trgovina\/wp-json\/wp\/v2\/vezava?post=88260"}],"curies":[{"name":"wp","href":"https:\/\/api.w.org\/{rel}","templated":true}]}}