{"id":88063,"date":"2025-07-09T14:44:07","date_gmt":"2025-07-09T12:44:07","guid":{"rendered":"https:\/\/www.iskreni.net\/trgovina\/?post_type=product&#038;p=88063"},"modified":"2025-11-27T14:39:03","modified_gmt":"2025-11-27T13:39:03","slug":"odvisni-od-drame","status":"publish","type":"product","link":"https:\/\/www.iskreni.net\/trgovina\/product\/odvisni-od-drame\/","title":{"rendered":"Odvisni od drame"},"content":{"rendered":"<h3>O knjigi<\/h3>\n<p><em>Poznate koga, za kogar se zdi, da\u00a0<strong>u\u017eiva v kaosu<\/strong>, in ki krize vidi tudi tam, kjer jih ni, iz muhe dela slona in \u010digar prisotnost je \u010dutiti, kot da ste ujet(i) v kolesje\u00a0<strong>drame<\/strong>?<\/em><\/p>\n<p>Morda ga ozna\u010dujete za\u00a0<strong>\u00bbkraljico drame\u00ab<\/strong>.<\/p>\n<p>Morda vam je ta oseba blizu.<\/p>\n<p>Morda ste ta oseba vi sami.<\/p>\n<hr \/>\n<p><strong>Za osebe, ki so zasvojene z dramo<\/strong>, postane\u00a0<strong>intenzivnost drame na\u010din spoprijemanja<\/strong>. Njihovo \u017eivljenje je nenehen krog<strong>\u00a0krize, kaosa<\/strong>\u00a0in\u00a0<strong>kroni\u010dnega stresa<\/strong>. Morda se nikoli ne bodo mogle\u00a0<strong>sprostiti<\/strong>, ne da bi se spro\u017eil notranji alarm, ki v njih v trenutku povzro\u010di kaos.\u00a0<strong>Drama je vznemirjenje, razburjenje, pretiravanje, izbruh, nemir<\/strong>\u00a0\u2013 in zdravilo, da se po\u010dutijo \u017eive.<\/p>\n<hr \/>\n<p><strong>Dr. Lyons<\/strong>\u00a0v knjigi podrobno raz\u010dleni to<strong>\u00a0odvisnost<\/strong>\u00a0in ponudi zbirko\u00a0<strong>preprostih vaj za okrevanje in zdravljenje<\/strong>.<\/p>\n<p>S so\u010dutjem in humorjem predstavi prakti\u010dne strategije, ki nam pomagajo razumeti in se\u00a0<strong>osvoboditi kolesja drame<\/strong>.<\/p>\n<hr \/>\n<h4><em>\u00bbPreve\u010d ljudi be\u017ei pred sabo in sku\u0161a s skakanjem iz ene krize v drugo ter ustvarjanjem kaosa uiti globoki bole\u010dini, ki iz\u010drpava njihovo \u017eivljenjsko energijo, vire in \u010das. Dr. Scott Lyons korak za korakom ponuja postopek za razre\u0161itev te odvisnosti in ozdravitev osnovne bole\u010dine.\u00ab<\/em><\/h4>\n<p><strong>&#8211; dr. Peter A. Levine<\/strong>, avtor knjig\u00a0<em>Kako prebuditi tigra<\/em>\u00a0in\u00a0<em>Skupaj premagujmo travme in stres<\/em><\/p>\n<p><em>\u00bbNova knjiga dr. Scotta Lyonsa Odvisni od drame so\u010dutno razkriva zakoreninjene vzorce, zaradi katerih so na\u0161i odnosi obti\u010dali v ciklih stresa in kaosa. Pomagala vam bo ustvariti globlje in bolj pristne odnose.\u00ab<\/em><\/p>\n<p><strong>&#8211; Nicole LePera<\/strong>, holisti\u010dna psihologinja, avtorica uspe\u0161nic\u00a0<em>Kako se lotiti dela na sebi<\/em>\u00a0in\u00a0<em>Kako prebuditi svoj pristni jaz<\/em><\/p>\n<p><em>\u00bbKnjigo Odvisni od drame priporo\u010dam vsakomur, ki se spopada s to odvisnostjo ali \u017eeli izbolj\u0161ati odnose ter najti mir in ravnovesje v svojem \u017eivljenju. Spoznanja in navodila dr. Lyonsa lahko spremenijo \u017eivljenje.\u00ab<\/em><\/p>\n<p><strong>&#8211; dr. Diane Poole Heller<\/strong>, avtorica knjige\u00a0<em>Mo\u010d navezanosti<\/em><\/p>\n<p><em>\u00bbOdvisni od drame je neverjeten vir orodij za preobrazbo. \u010ce i\u0161\u010dete ve\u010d miru in intimnosti v odnosih, \u017eelite postati odpornej\u0161i in prekiniti vzorce bole\u010dine, je to knjiga, ki vam bo pomagala se osvoboditi.\u00ab<\/em><\/p>\n<p><strong>&#8211; Sheleana Aiyana<\/strong>,\u00a0<em>Rising Woman<\/em>, avtorica knjige\u00a0<em>Becoming the One<\/em><\/p>\n<hr \/>\n<h3><strong>O avtorju<\/strong><\/h3>\n<p><strong>DR. SCOTT LYONS<\/strong>\u00a0je\u00a0<strong>holisti\u010dni psiholog, pedagog in strokovnjak za travme<\/strong>. Kot doktor osteopatije in specialist za<strong>\u00a0<\/strong>medicino duha in telesa pomaga ljudem, da se\u00a0<strong>osvobodijo bole\u010dih prepri\u010danj in travm<\/strong>.<\/p>\n<p>Je\u00a0<strong>inovator somatske terapije<\/strong>\u00a0in ustvarjalec platforme The Embody Lab ter metode\u00a0<strong>Somatic Stress Release\u2122<\/strong>, ki jo pou\u010dujejo v ve\u010d kot 20 dr\u017eavah. V zadnjih 20 letih je izobra\u017eeval ve\u010d kot pol milijona ljudi po vsem svetu.<\/p>\n<p>&nbsp;<\/p>\n","protected":false},"excerpt":{"rendered":"<p><strong>\u0160tevilo strani: <\/strong>294<br \/>\n<strong>Format strani:<\/strong> 140 x 220 mm<br \/>\n<strong>Leto izdaje:<\/strong> 2025<\/p>\n<h2>Zdravljenje odvisnosti od krize in kaosa pri sebi in drugih.<\/h2>\n","protected":false},"featured_media":88065,"comment_status":"open","ping_status":"closed","template":"","meta":[],"product_brand":[],"product_cat":[2324,63],"product_tag":[3159,3156,3157,3158,3160],"avtor":[3155],"zalozba":[2780],"vezava":[2307],"class_list":{"0":"post-88063","1":"product","2":"type-product","3":"status-publish","4":"has-post-thumbnail","6":"product_cat-duhovnost-in-osebna-rast","7":"product_cat-knjige","8":"product_tag-notranji-mir","9":"product_tag-osebna-rast","10":"product_tag-stres","11":"product_tag-tesnoba","12":"product_tag-zavestno-zivljenje","13":"avtor-dr-scott-lyons","14":"zalozba-primus","15":"vezava-mehka","17":"first","18":"onbackorder","19":"taxable","20":"shipping-taxable","21":"purchasable","22":"product-type-simple"},"yoast_head":"<!-- This site is optimized with the Yoast SEO plugin v26.3 - https:\/\/yoast.com\/wordpress\/plugins\/seo\/ -->\n<title>Odvisni od drame<\/title>\n<meta name=\"description\" content=\"V tej prelomni knjigi holisti\u010dni psiholog in strokovnjak za povezavo med umom in telesom dr. Scott Lyons, poka\u017ee, da je drama odvisnost in da tisti, ki trpijo zaradi nje, do\u017eivljajo veliko globlje psiholo\u0161ke, telesne in socialne bole\u010dine.\" \/>\n<meta name=\"robots\" content=\"index, follow, max-snippet:-1, max-image-preview:large, max-video-preview:-1\" \/>\n<link rel=\"canonical\" href=\"https:\/\/www.iskreni.net\/trgovina\/product\/odvisni-od-drame\/\" \/>\n<meta property=\"og:locale\" content=\"sl_SI\" \/>\n<meta property=\"og:type\" content=\"article\" \/>\n<meta property=\"og:title\" content=\"Odvisni od drame\" \/>\n<meta property=\"og:description\" content=\"V tej prelomni knjigi holisti\u010dni psiholog in strokovnjak za povezavo med umom in telesom dr. Scott Lyons, poka\u017ee, da je drama odvisnost in da tisti, ki trpijo zaradi nje, do\u017eivljajo veliko globlje psiholo\u0161ke, telesne in socialne bole\u010dine.\" \/>\n<meta property=\"og:url\" content=\"https:\/\/www.iskreni.net\/trgovina\/product\/odvisni-od-drame\/\" \/>\n<meta property=\"og:site_name\" content=\"Zavod Iskreni\" \/>\n<meta property=\"article:modified_time\" content=\"2025-11-27T13:39:03+00:00\" \/>\n<meta property=\"og:image\" content=\"https:\/\/www.iskreni.net\/trgovina\/wp-content\/uploads\/2025\/07\/Odvisni-od-drame.png\" \/>\n\t<meta property=\"og:image:width\" content=\"556\" \/>\n\t<meta property=\"og:image:height\" content=\"556\" \/>\n\t<meta property=\"og:image:type\" content=\"image\/png\" \/>\n<meta name=\"twitter:card\" content=\"summary_large_image\" \/>\n<meta name=\"twitter:label1\" content=\"Est. reading time\" \/>\n\t<meta name=\"twitter:data1\" content=\"3 minute\" \/>\n<script type=\"application\/ld+json\" class=\"yoast-schema-graph\">{\"@context\":\"https:\/\/schema.org\",\"@graph\":[{\"@type\":\"WebPage\",\"@id\":\"https:\/\/www.iskreni.net\/trgovina\/product\/odvisni-od-drame\/\",\"url\":\"https:\/\/www.iskreni.net\/trgovina\/product\/odvisni-od-drame\/\",\"name\":\"Odvisni od drame\",\"isPartOf\":{\"@id\":\"https:\/\/www.iskreni.net\/trgovina\/#website\"},\"primaryImageOfPage\":{\"@id\":\"https:\/\/www.iskreni.net\/trgovina\/product\/odvisni-od-drame\/#primaryimage\"},\"image\":{\"@id\":\"https:\/\/www.iskreni.net\/trgovina\/product\/odvisni-od-drame\/#primaryimage\"},\"thumbnailUrl\":\"https:\/\/www.iskreni.net\/trgovina\/wp-content\/uploads\/2025\/07\/Odvisni-od-drame.png\",\"datePublished\":\"2025-07-09T12:44:07+00:00\",\"dateModified\":\"2025-11-27T13:39:03+00:00\",\"description\":\"V tej prelomni knjigi holisti\u010dni psiholog in strokovnjak za povezavo med umom in telesom dr. Scott Lyons, poka\u017ee, da je drama odvisnost in da tisti, ki trpijo zaradi nje, do\u017eivljajo veliko globlje psiholo\u0161ke, telesne in socialne bole\u010dine.\",\"breadcrumb\":{\"@id\":\"https:\/\/www.iskreni.net\/trgovina\/product\/odvisni-od-drame\/#breadcrumb\"},\"inLanguage\":\"sl-SI\",\"potentialAction\":[{\"@type\":\"ReadAction\",\"target\":[\"https:\/\/www.iskreni.net\/trgovina\/product\/odvisni-od-drame\/\"]}]},{\"@type\":\"ImageObject\",\"inLanguage\":\"sl-SI\",\"@id\":\"https:\/\/www.iskreni.net\/trgovina\/product\/odvisni-od-drame\/#primaryimage\",\"url\":\"https:\/\/www.iskreni.net\/trgovina\/wp-content\/uploads\/2025\/07\/Odvisni-od-drame.png\",\"contentUrl\":\"https:\/\/www.iskreni.net\/trgovina\/wp-content\/uploads\/2025\/07\/Odvisni-od-drame.png\",\"width\":556,\"height\":556},{\"@type\":\"BreadcrumbList\",\"@id\":\"https:\/\/www.iskreni.net\/trgovina\/product\/odvisni-od-drame\/#breadcrumb\",\"itemListElement\":[{\"@type\":\"ListItem\",\"position\":1,\"name\":\"Home\",\"item\":\"https:\/\/www.iskreni.net\/trgovina\/\"},{\"@type\":\"ListItem\",\"position\":2,\"name\":\"Trgovina\",\"item\":\"https:\/\/www.iskreni.net\/trgovina\/trgovina\/\"},{\"@type\":\"ListItem\",\"position\":3,\"name\":\"Odvisni od drame\"}]},{\"@type\":\"WebSite\",\"@id\":\"https:\/\/www.iskreni.net\/trgovina\/#website\",\"url\":\"https:\/\/www.iskreni.net\/trgovina\/\",\"name\":\"Zavod Iskreni\",\"description\":\"trgovina\",\"potentialAction\":[{\"@type\":\"SearchAction\",\"target\":{\"@type\":\"EntryPoint\",\"urlTemplate\":\"https:\/\/www.iskreni.net\/trgovina\/?s={search_term_string}\"},\"query-input\":{\"@type\":\"PropertyValueSpecification\",\"valueRequired\":true,\"valueName\":\"search_term_string\"}}],\"inLanguage\":\"sl-SI\"}]}<\/script>\n<!-- \/ Yoast SEO plugin. -->","yoast_head_json":{"title":"Odvisni od drame","description":"V tej prelomni knjigi holisti\u010dni psiholog in strokovnjak za povezavo med umom in telesom dr. Scott Lyons, poka\u017ee, da je drama odvisnost in da tisti, ki trpijo zaradi nje, do\u017eivljajo veliko globlje psiholo\u0161ke, telesne in socialne bole\u010dine.","robots":{"index":"index","follow":"follow","max-snippet":"max-snippet:-1","max-image-preview":"max-image-preview:large","max-video-preview":"max-video-preview:-1"},"canonical":"https:\/\/www.iskreni.net\/trgovina\/product\/odvisni-od-drame\/","og_locale":"sl_SI","og_type":"article","og_title":"Odvisni od drame","og_description":"V tej prelomni knjigi holisti\u010dni psiholog in strokovnjak za povezavo med umom in telesom dr. Scott Lyons, poka\u017ee, da je drama odvisnost in da tisti, ki trpijo zaradi nje, do\u017eivljajo veliko globlje psiholo\u0161ke, telesne in socialne bole\u010dine.","og_url":"https:\/\/www.iskreni.net\/trgovina\/product\/odvisni-od-drame\/","og_site_name":"Zavod Iskreni","article_modified_time":"2025-11-27T13:39:03+00:00","og_image":[{"width":556,"height":556,"url":"https:\/\/www.iskreni.net\/trgovina\/wp-content\/uploads\/2025\/07\/Odvisni-od-drame.png","type":"image\/png"}],"twitter_card":"summary_large_image","twitter_misc":{"Est. reading time":"3 minute"},"schema":{"@context":"https:\/\/schema.org","@graph":[{"@type":"WebPage","@id":"https:\/\/www.iskreni.net\/trgovina\/product\/odvisni-od-drame\/","url":"https:\/\/www.iskreni.net\/trgovina\/product\/odvisni-od-drame\/","name":"Odvisni od drame","isPartOf":{"@id":"https:\/\/www.iskreni.net\/trgovina\/#website"},"primaryImageOfPage":{"@id":"https:\/\/www.iskreni.net\/trgovina\/product\/odvisni-od-drame\/#primaryimage"},"image":{"@id":"https:\/\/www.iskreni.net\/trgovina\/product\/odvisni-od-drame\/#primaryimage"},"thumbnailUrl":"https:\/\/www.iskreni.net\/trgovina\/wp-content\/uploads\/2025\/07\/Odvisni-od-drame.png","datePublished":"2025-07-09T12:44:07+00:00","dateModified":"2025-11-27T13:39:03+00:00","description":"V tej prelomni knjigi holisti\u010dni psiholog in strokovnjak za povezavo med umom in telesom dr. Scott Lyons, poka\u017ee, da je drama odvisnost in da tisti, ki trpijo zaradi nje, do\u017eivljajo veliko globlje psiholo\u0161ke, telesne in socialne bole\u010dine.","breadcrumb":{"@id":"https:\/\/www.iskreni.net\/trgovina\/product\/odvisni-od-drame\/#breadcrumb"},"inLanguage":"sl-SI","potentialAction":[{"@type":"ReadAction","target":["https:\/\/www.iskreni.net\/trgovina\/product\/odvisni-od-drame\/"]}]},{"@type":"ImageObject","inLanguage":"sl-SI","@id":"https:\/\/www.iskreni.net\/trgovina\/product\/odvisni-od-drame\/#primaryimage","url":"https:\/\/www.iskreni.net\/trgovina\/wp-content\/uploads\/2025\/07\/Odvisni-od-drame.png","contentUrl":"https:\/\/www.iskreni.net\/trgovina\/wp-content\/uploads\/2025\/07\/Odvisni-od-drame.png","width":556,"height":556},{"@type":"BreadcrumbList","@id":"https:\/\/www.iskreni.net\/trgovina\/product\/odvisni-od-drame\/#breadcrumb","itemListElement":[{"@type":"ListItem","position":1,"name":"Home","item":"https:\/\/www.iskreni.net\/trgovina\/"},{"@type":"ListItem","position":2,"name":"Trgovina","item":"https:\/\/www.iskreni.net\/trgovina\/trgovina\/"},{"@type":"ListItem","position":3,"name":"Odvisni od drame"}]},{"@type":"WebSite","@id":"https:\/\/www.iskreni.net\/trgovina\/#website","url":"https:\/\/www.iskreni.net\/trgovina\/","name":"Zavod Iskreni","description":"trgovina","potentialAction":[{"@type":"SearchAction","target":{"@type":"EntryPoint","urlTemplate":"https:\/\/www.iskreni.net\/trgovina\/?s={search_term_string}"},"query-input":{"@type":"PropertyValueSpecification","valueRequired":true,"valueName":"search_term_string"}}],"inLanguage":"sl-SI"}]}},"_links":{"self":[{"href":"https:\/\/www.iskreni.net\/trgovina\/wp-json\/wp\/v2\/product\/88063","targetHints":{"allow":["GET"]}}],"collection":[{"href":"https:\/\/www.iskreni.net\/trgovina\/wp-json\/wp\/v2\/product"}],"about":[{"href":"https:\/\/www.iskreni.net\/trgovina\/wp-json\/wp\/v2\/types\/product"}],"replies":[{"embeddable":true,"href":"https:\/\/www.iskreni.net\/trgovina\/wp-json\/wp\/v2\/comments?post=88063"}],"version-history":[{"count":4,"href":"https:\/\/www.iskreni.net\/trgovina\/wp-json\/wp\/v2\/product\/88063\/revisions"}],"predecessor-version":[{"id":88069,"href":"https:\/\/www.iskreni.net\/trgovina\/wp-json\/wp\/v2\/product\/88063\/revisions\/88069"}],"wp:featuredmedia":[{"embeddable":true,"href":"https:\/\/www.iskreni.net\/trgovina\/wp-json\/wp\/v2\/media\/88065"}],"wp:attachment":[{"href":"https:\/\/www.iskreni.net\/trgovina\/wp-json\/wp\/v2\/media?parent=88063"}],"wp:term":[{"taxonomy":"product_brand","embeddable":true,"href":"https:\/\/www.iskreni.net\/trgovina\/wp-json\/wp\/v2\/product_brand?post=88063"},{"taxonomy":"product_cat","embeddable":true,"href":"https:\/\/www.iskreni.net\/trgovina\/wp-json\/wp\/v2\/product_cat?post=88063"},{"taxonomy":"product_tag","embeddable":true,"href":"https:\/\/www.iskreni.net\/trgovina\/wp-json\/wp\/v2\/product_tag?post=88063"},{"taxonomy":"avtor","embeddable":true,"href":"https:\/\/www.iskreni.net\/trgovina\/wp-json\/wp\/v2\/avtor?post=88063"},{"taxonomy":"zalozba","embeddable":true,"href":"https:\/\/www.iskreni.net\/trgovina\/wp-json\/wp\/v2\/zalozba?post=88063"},{"taxonomy":"vezava","embeddable":true,"href":"https:\/\/www.iskreni.net\/trgovina\/wp-json\/wp\/v2\/vezava?post=88063"}],"curies":[{"name":"wp","href":"https:\/\/api.w.org\/{rel}","templated":true}]}}