{"id":87840,"date":"2025-06-27T12:58:07","date_gmt":"2025-06-27T10:58:07","guid":{"rendered":"https:\/\/www.iskreni.net\/trgovina\/?post_type=product&#038;p=87840"},"modified":"2026-02-20T10:43:52","modified_gmt":"2026-02-20T09:43:52","slug":"lojze-grozde-junak-na-kristusovi-poti","status":"publish","type":"product","link":"https:\/\/www.iskreni.net\/trgovina\/product\/lojze-grozde-junak-na-kristusovi-poti\/","title":{"rendered":"Lojze Grozde, junak na Kristusovi poti"},"content":{"rendered":"<h3>O knjigi<\/h3>\n<p>Slovensko-argentinski ilustrator Juan E. Juvan\u010di\u010d se je poglobil v \u017eivljenje in delo slovenskega mladeni\u010da Lojzeta Grozdeta iz pripravil privla\u010den, razgiban in verodostojen strip o mladem slovenskem dijaku, ki mu je Cerkev priznala mu\u010deni\u0161tvo zaradi njegove vere.<\/p>\n<p>Ilustracije bralca in gledalca kar posrkajo vase in ga popeljejo na mnogokrat te\u017eke \u017eivljenjske postaje mladega Dolenjca, ki je uspel priti v Ljubljano in kot zgleden dijak ob srkanju znanja krepil svojo vero in kulturno zavest. \u010ceprav je do\u017eivel palmo mu\u010deni\u0161tva, nam skozi stripovske ilustracije ka\u017ee te\u017ejo pot, ki jo je sam prehodil in nas s svojim zgledom vabi k zavzetosti, dobroti in dejavnosti v dru\u017ebi, v kateri \u017eivimo.<\/p>\n<p>\u00bbV zgodovini je bila va\u0161a kr\u0161\u010danska skupnost izpostavljena te\u017ekim preizku\u0161njam, nedavno tudi grozotam obeh svetovnih vojn. Kako naj bi pozabili na nasilno komunisti\u010dno revolucijo? Trpljenju, ki ga je povzro\u010dila tuja okupacija, se je pridru\u017eila \u0161e dr\u017eavljanska vojna, v kateri je brat dvignil roko nad brata. Bo\u017eji slu\u017eabnik Lojze Grozde je samo ena izmed ne\u0161tetih nedol\u017enih \u017ertev, ki visoko dviguje palmo svojega mu\u010deni\u0161tva kot neizbrisen spomin in opomin. \u0160kofe, duhovnike, redovnike in laike so med vojno in po njej zapirali, jih mu\u010dili, izseljevali in tudi nasilno morili. Vsi ti zdaj prosijo Boga za spravo, mir in slogo med vsemi \u010dlani naroda.\u00ab<\/p>\n<p><em>Pape\u017e Janez Pavel II. o Alojziju Grozdetu ob svojem prvem obisku v Sloveniji maja 1996.<\/em><\/p>\n<p>&nbsp;<\/p>\n","protected":false},"excerpt":{"rendered":"<p><strong>\u0160tevilo strani: <\/strong>32<br \/>\n<strong>Format strani:<\/strong> 190 x 270 mm<br \/>\n<strong>Leto izdaje:<\/strong> 2025<\/p>\n<h5><a href=\"https:\/\/www.iskreni.net\/trgovina\/wp-content\/uploads\/2025\/06\/Lojze-Grozde-junak-na-Kristusovi-poti-PREDSTAVITVENE-STRANI.pdf\"><strong>Prelistaj knjigo<\/strong><\/a><\/h5>\n","protected":false},"featured_media":87841,"comment_status":"open","ping_status":"closed","template":"","meta":[],"product_brand":[],"product_cat":[2350,63],"product_tag":[2916,2666,1765,2070],"avtor":[],"zalozba":[2336],"vezava":[],"class_list":{"0":"post-87840","1":"product","2":"type-product","3":"status-publish","4":"has-post-thumbnail","6":"product_cat-za-mlade","7":"product_cat-knjige","8":"product_tag-mucenistvo","9":"product_tag-strip","10":"product_tag-vera","11":"product_tag-zgodovina","12":"zalozba-salve","14":"first","15":"instock","16":"taxable","17":"shipping-taxable","18":"purchasable","19":"product-type-simple"},"yoast_head":"<!-- This site is optimized with the Yoast SEO plugin v26.3 - https:\/\/yoast.com\/wordpress\/plugins\/seo\/ -->\n<title>Lojze Grozde, junak na Kristusovi pot<\/title>\n<meta name=\"description\" content=\"Slovensko-argentinski ilustrator Juan E. Juvan\u010di\u010d se je poglobil v \u017eivljenje in delo slovenskega mladeni\u010da Lojzeta Grozdeta iz pripravil privla\u010den, razgiban in verodostojen strip o mladem slovenskem dijaku.\" \/>\n<meta name=\"robots\" content=\"index, follow, max-snippet:-1, max-image-preview:large, max-video-preview:-1\" \/>\n<link rel=\"canonical\" href=\"https:\/\/www.iskreni.net\/trgovina\/product\/lojze-grozde-junak-na-kristusovi-poti\/\" \/>\n<meta property=\"og:locale\" content=\"sl_SI\" \/>\n<meta property=\"og:type\" content=\"article\" \/>\n<meta property=\"og:title\" content=\"Lojze Grozde, junak na Kristusovi pot\" \/>\n<meta property=\"og:description\" content=\"Slovensko-argentinski ilustrator Juan E. Juvan\u010di\u010d se je poglobil v \u017eivljenje in delo slovenskega mladeni\u010da Lojzeta Grozdeta iz pripravil privla\u010den, razgiban in verodostojen strip o mladem slovenskem dijaku.\" \/>\n<meta property=\"og:url\" content=\"https:\/\/www.iskreni.net\/trgovina\/product\/lojze-grozde-junak-na-kristusovi-poti\/\" \/>\n<meta property=\"og:site_name\" content=\"Zavod Iskreni\" \/>\n<meta property=\"article:modified_time\" content=\"2026-02-20T09:43:52+00:00\" \/>\n<meta property=\"og:image\" content=\"https:\/\/www.iskreni.net\/trgovina\/wp-content\/uploads\/2025\/06\/lojze-1024x1024.png\" \/>\n\t<meta property=\"og:image:width\" content=\"1024\" \/>\n\t<meta property=\"og:image:height\" content=\"1024\" \/>\n\t<meta property=\"og:image:type\" content=\"image\/png\" \/>\n<meta name=\"twitter:card\" content=\"summary_large_image\" \/>\n<meta name=\"twitter:label1\" content=\"Est. reading time\" \/>\n\t<meta name=\"twitter:data1\" content=\"2 minuti\" \/>\n<script type=\"application\/ld+json\" class=\"yoast-schema-graph\">{\"@context\":\"https:\/\/schema.org\",\"@graph\":[{\"@type\":\"WebPage\",\"@id\":\"https:\/\/www.iskreni.net\/trgovina\/product\/lojze-grozde-junak-na-kristusovi-poti\/\",\"url\":\"https:\/\/www.iskreni.net\/trgovina\/product\/lojze-grozde-junak-na-kristusovi-poti\/\",\"name\":\"Lojze Grozde, junak na Kristusovi pot\",\"isPartOf\":{\"@id\":\"https:\/\/www.iskreni.net\/trgovina\/#website\"},\"primaryImageOfPage\":{\"@id\":\"https:\/\/www.iskreni.net\/trgovina\/product\/lojze-grozde-junak-na-kristusovi-poti\/#primaryimage\"},\"image\":{\"@id\":\"https:\/\/www.iskreni.net\/trgovina\/product\/lojze-grozde-junak-na-kristusovi-poti\/#primaryimage\"},\"thumbnailUrl\":\"https:\/\/www.iskreni.net\/trgovina\/wp-content\/uploads\/2025\/06\/lojze.png\",\"datePublished\":\"2025-06-27T10:58:07+00:00\",\"dateModified\":\"2026-02-20T09:43:52+00:00\",\"description\":\"Slovensko-argentinski ilustrator Juan E. Juvan\u010di\u010d se je poglobil v \u017eivljenje in delo slovenskega mladeni\u010da Lojzeta Grozdeta iz pripravil privla\u010den, razgiban in verodostojen strip o mladem slovenskem dijaku.\",\"breadcrumb\":{\"@id\":\"https:\/\/www.iskreni.net\/trgovina\/product\/lojze-grozde-junak-na-kristusovi-poti\/#breadcrumb\"},\"inLanguage\":\"sl-SI\",\"potentialAction\":[{\"@type\":\"ReadAction\",\"target\":[\"https:\/\/www.iskreni.net\/trgovina\/product\/lojze-grozde-junak-na-kristusovi-poti\/\"]}]},{\"@type\":\"ImageObject\",\"inLanguage\":\"sl-SI\",\"@id\":\"https:\/\/www.iskreni.net\/trgovina\/product\/lojze-grozde-junak-na-kristusovi-poti\/#primaryimage\",\"url\":\"https:\/\/www.iskreni.net\/trgovina\/wp-content\/uploads\/2025\/06\/lojze.png\",\"contentUrl\":\"https:\/\/www.iskreni.net\/trgovina\/wp-content\/uploads\/2025\/06\/lojze.png\",\"width\":2166,\"height\":2166,\"caption\":\"Lojze Grozde\"},{\"@type\":\"BreadcrumbList\",\"@id\":\"https:\/\/www.iskreni.net\/trgovina\/product\/lojze-grozde-junak-na-kristusovi-poti\/#breadcrumb\",\"itemListElement\":[{\"@type\":\"ListItem\",\"position\":1,\"name\":\"Home\",\"item\":\"https:\/\/www.iskreni.net\/trgovina\/\"},{\"@type\":\"ListItem\",\"position\":2,\"name\":\"Trgovina\",\"item\":\"https:\/\/www.iskreni.net\/trgovina\/trgovina\/\"},{\"@type\":\"ListItem\",\"position\":3,\"name\":\"Lojze Grozde, junak na Kristusovi poti\"}]},{\"@type\":\"WebSite\",\"@id\":\"https:\/\/www.iskreni.net\/trgovina\/#website\",\"url\":\"https:\/\/www.iskreni.net\/trgovina\/\",\"name\":\"Zavod Iskreni\",\"description\":\"trgovina\",\"potentialAction\":[{\"@type\":\"SearchAction\",\"target\":{\"@type\":\"EntryPoint\",\"urlTemplate\":\"https:\/\/www.iskreni.net\/trgovina\/?s={search_term_string}\"},\"query-input\":{\"@type\":\"PropertyValueSpecification\",\"valueRequired\":true,\"valueName\":\"search_term_string\"}}],\"inLanguage\":\"sl-SI\"}]}<\/script>\n<!-- \/ Yoast SEO plugin. -->","yoast_head_json":{"title":"Lojze Grozde, junak na Kristusovi pot","description":"Slovensko-argentinski ilustrator Juan E. Juvan\u010di\u010d se je poglobil v \u017eivljenje in delo slovenskega mladeni\u010da Lojzeta Grozdeta iz pripravil privla\u010den, razgiban in verodostojen strip o mladem slovenskem dijaku.","robots":{"index":"index","follow":"follow","max-snippet":"max-snippet:-1","max-image-preview":"max-image-preview:large","max-video-preview":"max-video-preview:-1"},"canonical":"https:\/\/www.iskreni.net\/trgovina\/product\/lojze-grozde-junak-na-kristusovi-poti\/","og_locale":"sl_SI","og_type":"article","og_title":"Lojze Grozde, junak na Kristusovi pot","og_description":"Slovensko-argentinski ilustrator Juan E. Juvan\u010di\u010d se je poglobil v \u017eivljenje in delo slovenskega mladeni\u010da Lojzeta Grozdeta iz pripravil privla\u010den, razgiban in verodostojen strip o mladem slovenskem dijaku.","og_url":"https:\/\/www.iskreni.net\/trgovina\/product\/lojze-grozde-junak-na-kristusovi-poti\/","og_site_name":"Zavod Iskreni","article_modified_time":"2026-02-20T09:43:52+00:00","og_image":[{"width":1024,"height":1024,"url":"https:\/\/www.iskreni.net\/trgovina\/wp-content\/uploads\/2025\/06\/lojze-1024x1024.png","type":"image\/png"}],"twitter_card":"summary_large_image","twitter_misc":{"Est. reading time":"2 minuti"},"schema":{"@context":"https:\/\/schema.org","@graph":[{"@type":"WebPage","@id":"https:\/\/www.iskreni.net\/trgovina\/product\/lojze-grozde-junak-na-kristusovi-poti\/","url":"https:\/\/www.iskreni.net\/trgovina\/product\/lojze-grozde-junak-na-kristusovi-poti\/","name":"Lojze Grozde, junak na Kristusovi pot","isPartOf":{"@id":"https:\/\/www.iskreni.net\/trgovina\/#website"},"primaryImageOfPage":{"@id":"https:\/\/www.iskreni.net\/trgovina\/product\/lojze-grozde-junak-na-kristusovi-poti\/#primaryimage"},"image":{"@id":"https:\/\/www.iskreni.net\/trgovina\/product\/lojze-grozde-junak-na-kristusovi-poti\/#primaryimage"},"thumbnailUrl":"https:\/\/www.iskreni.net\/trgovina\/wp-content\/uploads\/2025\/06\/lojze.png","datePublished":"2025-06-27T10:58:07+00:00","dateModified":"2026-02-20T09:43:52+00:00","description":"Slovensko-argentinski ilustrator Juan E. Juvan\u010di\u010d se je poglobil v \u017eivljenje in delo slovenskega mladeni\u010da Lojzeta Grozdeta iz pripravil privla\u010den, razgiban in verodostojen strip o mladem slovenskem dijaku.","breadcrumb":{"@id":"https:\/\/www.iskreni.net\/trgovina\/product\/lojze-grozde-junak-na-kristusovi-poti\/#breadcrumb"},"inLanguage":"sl-SI","potentialAction":[{"@type":"ReadAction","target":["https:\/\/www.iskreni.net\/trgovina\/product\/lojze-grozde-junak-na-kristusovi-poti\/"]}]},{"@type":"ImageObject","inLanguage":"sl-SI","@id":"https:\/\/www.iskreni.net\/trgovina\/product\/lojze-grozde-junak-na-kristusovi-poti\/#primaryimage","url":"https:\/\/www.iskreni.net\/trgovina\/wp-content\/uploads\/2025\/06\/lojze.png","contentUrl":"https:\/\/www.iskreni.net\/trgovina\/wp-content\/uploads\/2025\/06\/lojze.png","width":2166,"height":2166,"caption":"Lojze Grozde"},{"@type":"BreadcrumbList","@id":"https:\/\/www.iskreni.net\/trgovina\/product\/lojze-grozde-junak-na-kristusovi-poti\/#breadcrumb","itemListElement":[{"@type":"ListItem","position":1,"name":"Home","item":"https:\/\/www.iskreni.net\/trgovina\/"},{"@type":"ListItem","position":2,"name":"Trgovina","item":"https:\/\/www.iskreni.net\/trgovina\/trgovina\/"},{"@type":"ListItem","position":3,"name":"Lojze Grozde, junak na Kristusovi poti"}]},{"@type":"WebSite","@id":"https:\/\/www.iskreni.net\/trgovina\/#website","url":"https:\/\/www.iskreni.net\/trgovina\/","name":"Zavod Iskreni","description":"trgovina","potentialAction":[{"@type":"SearchAction","target":{"@type":"EntryPoint","urlTemplate":"https:\/\/www.iskreni.net\/trgovina\/?s={search_term_string}"},"query-input":{"@type":"PropertyValueSpecification","valueRequired":true,"valueName":"search_term_string"}}],"inLanguage":"sl-SI"}]}},"_links":{"self":[{"href":"https:\/\/www.iskreni.net\/trgovina\/wp-json\/wp\/v2\/product\/87840","targetHints":{"allow":["GET"]}}],"collection":[{"href":"https:\/\/www.iskreni.net\/trgovina\/wp-json\/wp\/v2\/product"}],"about":[{"href":"https:\/\/www.iskreni.net\/trgovina\/wp-json\/wp\/v2\/types\/product"}],"replies":[{"embeddable":true,"href":"https:\/\/www.iskreni.net\/trgovina\/wp-json\/wp\/v2\/comments?post=87840"}],"version-history":[{"count":6,"href":"https:\/\/www.iskreni.net\/trgovina\/wp-json\/wp\/v2\/product\/87840\/revisions"}],"predecessor-version":[{"id":87849,"href":"https:\/\/www.iskreni.net\/trgovina\/wp-json\/wp\/v2\/product\/87840\/revisions\/87849"}],"wp:featuredmedia":[{"embeddable":true,"href":"https:\/\/www.iskreni.net\/trgovina\/wp-json\/wp\/v2\/media\/87841"}],"wp:attachment":[{"href":"https:\/\/www.iskreni.net\/trgovina\/wp-json\/wp\/v2\/media?parent=87840"}],"wp:term":[{"taxonomy":"product_brand","embeddable":true,"href":"https:\/\/www.iskreni.net\/trgovina\/wp-json\/wp\/v2\/product_brand?post=87840"},{"taxonomy":"product_cat","embeddable":true,"href":"https:\/\/www.iskreni.net\/trgovina\/wp-json\/wp\/v2\/product_cat?post=87840"},{"taxonomy":"product_tag","embeddable":true,"href":"https:\/\/www.iskreni.net\/trgovina\/wp-json\/wp\/v2\/product_tag?post=87840"},{"taxonomy":"avtor","embeddable":true,"href":"https:\/\/www.iskreni.net\/trgovina\/wp-json\/wp\/v2\/avtor?post=87840"},{"taxonomy":"zalozba","embeddable":true,"href":"https:\/\/www.iskreni.net\/trgovina\/wp-json\/wp\/v2\/zalozba?post=87840"},{"taxonomy":"vezava","embeddable":true,"href":"https:\/\/www.iskreni.net\/trgovina\/wp-json\/wp\/v2\/vezava?post=87840"}],"curies":[{"name":"wp","href":"https:\/\/api.w.org\/{rel}","templated":true}]}}