{"id":87426,"date":"2025-06-12T10:27:43","date_gmt":"2025-06-12T08:27:43","guid":{"rendered":"https:\/\/www.iskreni.net\/trgovina\/?post_type=product&#038;p=87426"},"modified":"2025-11-27T14:46:17","modified_gmt":"2025-11-27T13:46:17","slug":"vladarji-gora","status":"publish","type":"product","link":"https:\/\/www.iskreni.net\/trgovina\/product\/vladarji-gora\/","title":{"rendered":"Vladarji gora"},"content":{"rendered":"<h3>O knjigi<\/h3>\n<p>\u010clovek \u010dloveku volk? Pravijo, da sobivanje stke vezi naklonjenosti, stke jih in jih okrepi, ampak \u2026 Je tako tudi takrat, ko se \u010dlovek znajde na robu skrajnosti? Kaj bi se zgodilo, \u010de bi virus pokon\u010dal vse ljudi? Ali pa skoraj vse?<br \/>\nDeset te\u017eavnih mladostnikov, ki slu\u017eijo kazen v vzgojnem zavodu, se je prisiljenih zorganizirati, da bi pre\u017eiveli. Smrtonosni virus se je raz\u0161iril po vsem svetu. Ostali so sami, hrane skorajda nimajo.<\/p>\n<p><em><strong>\u00bbDistopi\u010dni roman z intenzivno zgodbo, zapleti, izpiljenimi dialogi in izjemno dodelanimi protagonisti,\u00ab<\/strong>\u00a0<\/em>je zapisala komisija Nagrade Edeb\u00e9, ki mu je podelila nagrado za<strong>\u00a0najbolj\u0161o mladinsko literaturo 2024.\u00a0<\/strong><\/p>\n<p>&nbsp;<\/p>\n","protected":false},"excerpt":{"rendered":"<p><strong>Avtor prevoda: <\/strong>Edita Fidler<strong><br \/>\n\u0160tevilo strani:<\/strong> 124<br \/>\n<strong>Format strani:<\/strong> 130 x 205 mm<br \/>\n<strong>Leto izdaje:<\/strong> 2024<\/p>\n<h5><a href=\"https:\/\/www.iskreni.net\/trgovina\/wp-content\/uploads\/2025\/06\/Vladarji-gora_PREDSTAVITVENE-STRANI-1-1.pdf\">Prelistaj knjigo<\/a><\/h5>\n","protected":false},"featured_media":87427,"comment_status":"open","ping_status":"closed","template":"","meta":[],"product_brand":[],"product_cat":[2325,2350,63],"product_tag":[3090,3113,3114,734],"avtor":[3112],"zalozba":[2336],"vezava":[2635],"class_list":{"0":"post-87426","1":"product","2":"type-product","3":"status-publish","4":"has-post-thumbnail","6":"product_cat-leposlovje","7":"product_cat-za-mlade","8":"product_cat-knjige","9":"product_tag-leposlovje","10":"product_tag-najstniki","11":"product_tag-prezivetje","12":"product_tag-roman","13":"avtor-daniel-hernandez-chambers","14":"zalozba-salve","15":"vezava-mehka-z-zavihki","17":"first","18":"onbackorder","19":"taxable","20":"shipping-taxable","21":"purchasable","22":"product-type-simple"},"yoast_head":"<!-- This site is optimized with the Yoast SEO plugin v26.3 - https:\/\/yoast.com\/wordpress\/plugins\/seo\/ -->\n<title>Vladarji gora<\/title>\n<meta name=\"description\" content=\"Pravijo, da sobivanje stke vezi naklonjenosti, stke jih in jih okrepi, ampak \u2026 Je tako tudi takrat, ko se \u010dlovek znajde na robu skrajnosti?\" \/>\n<meta name=\"robots\" content=\"index, follow, max-snippet:-1, max-image-preview:large, max-video-preview:-1\" \/>\n<link rel=\"canonical\" href=\"https:\/\/www.iskreni.net\/trgovina\/product\/vladarji-gora\/\" \/>\n<meta property=\"og:locale\" content=\"sl_SI\" \/>\n<meta property=\"og:type\" content=\"article\" \/>\n<meta property=\"og:title\" content=\"Vladarji gora\" \/>\n<meta property=\"og:description\" content=\"Pravijo, da sobivanje stke vezi naklonjenosti, stke jih in jih okrepi, ampak \u2026 Je tako tudi takrat, ko se \u010dlovek znajde na robu skrajnosti?\" \/>\n<meta property=\"og:url\" content=\"https:\/\/www.iskreni.net\/trgovina\/product\/vladarji-gora\/\" \/>\n<meta property=\"og:site_name\" content=\"Zavod Iskreni\" \/>\n<meta property=\"article:modified_time\" content=\"2025-11-27T13:46:17+00:00\" \/>\n<meta property=\"og:image\" content=\"https:\/\/www.iskreni.net\/trgovina\/wp-content\/uploads\/2025\/06\/Vladarji-gora_NASLOVNICA_KOR01.jpg\" \/>\n\t<meta property=\"og:image:width\" content=\"2018\" \/>\n\t<meta property=\"og:image:height\" content=\"2018\" \/>\n\t<meta property=\"og:image:type\" content=\"image\/jpeg\" \/>\n<meta name=\"twitter:card\" content=\"summary_large_image\" \/>\n<meta name=\"twitter:label1\" content=\"Est. reading time\" \/>\n\t<meta name=\"twitter:data1\" content=\"1 minuta\" \/>\n<script type=\"application\/ld+json\" class=\"yoast-schema-graph\">{\"@context\":\"https:\/\/schema.org\",\"@graph\":[{\"@type\":\"WebPage\",\"@id\":\"https:\/\/www.iskreni.net\/trgovina\/product\/vladarji-gora\/\",\"url\":\"https:\/\/www.iskreni.net\/trgovina\/product\/vladarji-gora\/\",\"name\":\"Vladarji gora\",\"isPartOf\":{\"@id\":\"https:\/\/www.iskreni.net\/trgovina\/#website\"},\"primaryImageOfPage\":{\"@id\":\"https:\/\/www.iskreni.net\/trgovina\/product\/vladarji-gora\/#primaryimage\"},\"image\":{\"@id\":\"https:\/\/www.iskreni.net\/trgovina\/product\/vladarji-gora\/#primaryimage\"},\"thumbnailUrl\":\"https:\/\/www.iskreni.net\/trgovina\/wp-content\/uploads\/2025\/06\/Vladarji-gora_NASLOVNICA_KOR01.jpg\",\"datePublished\":\"2025-06-12T08:27:43+00:00\",\"dateModified\":\"2025-11-27T13:46:17+00:00\",\"description\":\"Pravijo, da sobivanje stke vezi naklonjenosti, stke jih in jih okrepi, ampak \u2026 Je tako tudi takrat, ko se \u010dlovek znajde na robu skrajnosti?\",\"breadcrumb\":{\"@id\":\"https:\/\/www.iskreni.net\/trgovina\/product\/vladarji-gora\/#breadcrumb\"},\"inLanguage\":\"sl-SI\",\"potentialAction\":[{\"@type\":\"ReadAction\",\"target\":[\"https:\/\/www.iskreni.net\/trgovina\/product\/vladarji-gora\/\"]}]},{\"@type\":\"ImageObject\",\"inLanguage\":\"sl-SI\",\"@id\":\"https:\/\/www.iskreni.net\/trgovina\/product\/vladarji-gora\/#primaryimage\",\"url\":\"https:\/\/www.iskreni.net\/trgovina\/wp-content\/uploads\/2025\/06\/Vladarji-gora_NASLOVNICA_KOR01.jpg\",\"contentUrl\":\"https:\/\/www.iskreni.net\/trgovina\/wp-content\/uploads\/2025\/06\/Vladarji-gora_NASLOVNICA_KOR01.jpg\",\"width\":2018,\"height\":2018,\"caption\":\"Vladarji gora\"},{\"@type\":\"BreadcrumbList\",\"@id\":\"https:\/\/www.iskreni.net\/trgovina\/product\/vladarji-gora\/#breadcrumb\",\"itemListElement\":[{\"@type\":\"ListItem\",\"position\":1,\"name\":\"Home\",\"item\":\"https:\/\/www.iskreni.net\/trgovina\/\"},{\"@type\":\"ListItem\",\"position\":2,\"name\":\"Trgovina\",\"item\":\"https:\/\/www.iskreni.net\/trgovina\/trgovina\/\"},{\"@type\":\"ListItem\",\"position\":3,\"name\":\"Vladarji gora\"}]},{\"@type\":\"WebSite\",\"@id\":\"https:\/\/www.iskreni.net\/trgovina\/#website\",\"url\":\"https:\/\/www.iskreni.net\/trgovina\/\",\"name\":\"Zavod Iskreni\",\"description\":\"trgovina\",\"potentialAction\":[{\"@type\":\"SearchAction\",\"target\":{\"@type\":\"EntryPoint\",\"urlTemplate\":\"https:\/\/www.iskreni.net\/trgovina\/?s={search_term_string}\"},\"query-input\":{\"@type\":\"PropertyValueSpecification\",\"valueRequired\":true,\"valueName\":\"search_term_string\"}}],\"inLanguage\":\"sl-SI\"}]}<\/script>\n<!-- \/ Yoast SEO plugin. -->","yoast_head_json":{"title":"Vladarji gora","description":"Pravijo, da sobivanje stke vezi naklonjenosti, stke jih in jih okrepi, ampak \u2026 Je tako tudi takrat, ko se \u010dlovek znajde na robu skrajnosti?","robots":{"index":"index","follow":"follow","max-snippet":"max-snippet:-1","max-image-preview":"max-image-preview:large","max-video-preview":"max-video-preview:-1"},"canonical":"https:\/\/www.iskreni.net\/trgovina\/product\/vladarji-gora\/","og_locale":"sl_SI","og_type":"article","og_title":"Vladarji gora","og_description":"Pravijo, da sobivanje stke vezi naklonjenosti, stke jih in jih okrepi, ampak \u2026 Je tako tudi takrat, ko se \u010dlovek znajde na robu skrajnosti?","og_url":"https:\/\/www.iskreni.net\/trgovina\/product\/vladarji-gora\/","og_site_name":"Zavod Iskreni","article_modified_time":"2025-11-27T13:46:17+00:00","og_image":[{"width":2018,"height":2018,"url":"https:\/\/www.iskreni.net\/trgovina\/wp-content\/uploads\/2025\/06\/Vladarji-gora_NASLOVNICA_KOR01.jpg","type":"image\/jpeg"}],"twitter_card":"summary_large_image","twitter_misc":{"Est. reading time":"1 minuta"},"schema":{"@context":"https:\/\/schema.org","@graph":[{"@type":"WebPage","@id":"https:\/\/www.iskreni.net\/trgovina\/product\/vladarji-gora\/","url":"https:\/\/www.iskreni.net\/trgovina\/product\/vladarji-gora\/","name":"Vladarji gora","isPartOf":{"@id":"https:\/\/www.iskreni.net\/trgovina\/#website"},"primaryImageOfPage":{"@id":"https:\/\/www.iskreni.net\/trgovina\/product\/vladarji-gora\/#primaryimage"},"image":{"@id":"https:\/\/www.iskreni.net\/trgovina\/product\/vladarji-gora\/#primaryimage"},"thumbnailUrl":"https:\/\/www.iskreni.net\/trgovina\/wp-content\/uploads\/2025\/06\/Vladarji-gora_NASLOVNICA_KOR01.jpg","datePublished":"2025-06-12T08:27:43+00:00","dateModified":"2025-11-27T13:46:17+00:00","description":"Pravijo, da sobivanje stke vezi naklonjenosti, stke jih in jih okrepi, ampak \u2026 Je tako tudi takrat, ko se \u010dlovek znajde na robu skrajnosti?","breadcrumb":{"@id":"https:\/\/www.iskreni.net\/trgovina\/product\/vladarji-gora\/#breadcrumb"},"inLanguage":"sl-SI","potentialAction":[{"@type":"ReadAction","target":["https:\/\/www.iskreni.net\/trgovina\/product\/vladarji-gora\/"]}]},{"@type":"ImageObject","inLanguage":"sl-SI","@id":"https:\/\/www.iskreni.net\/trgovina\/product\/vladarji-gora\/#primaryimage","url":"https:\/\/www.iskreni.net\/trgovina\/wp-content\/uploads\/2025\/06\/Vladarji-gora_NASLOVNICA_KOR01.jpg","contentUrl":"https:\/\/www.iskreni.net\/trgovina\/wp-content\/uploads\/2025\/06\/Vladarji-gora_NASLOVNICA_KOR01.jpg","width":2018,"height":2018,"caption":"Vladarji gora"},{"@type":"BreadcrumbList","@id":"https:\/\/www.iskreni.net\/trgovina\/product\/vladarji-gora\/#breadcrumb","itemListElement":[{"@type":"ListItem","position":1,"name":"Home","item":"https:\/\/www.iskreni.net\/trgovina\/"},{"@type":"ListItem","position":2,"name":"Trgovina","item":"https:\/\/www.iskreni.net\/trgovina\/trgovina\/"},{"@type":"ListItem","position":3,"name":"Vladarji gora"}]},{"@type":"WebSite","@id":"https:\/\/www.iskreni.net\/trgovina\/#website","url":"https:\/\/www.iskreni.net\/trgovina\/","name":"Zavod Iskreni","description":"trgovina","potentialAction":[{"@type":"SearchAction","target":{"@type":"EntryPoint","urlTemplate":"https:\/\/www.iskreni.net\/trgovina\/?s={search_term_string}"},"query-input":{"@type":"PropertyValueSpecification","valueRequired":true,"valueName":"search_term_string"}}],"inLanguage":"sl-SI"}]}},"_links":{"self":[{"href":"https:\/\/www.iskreni.net\/trgovina\/wp-json\/wp\/v2\/product\/87426","targetHints":{"allow":["GET"]}}],"collection":[{"href":"https:\/\/www.iskreni.net\/trgovina\/wp-json\/wp\/v2\/product"}],"about":[{"href":"https:\/\/www.iskreni.net\/trgovina\/wp-json\/wp\/v2\/types\/product"}],"replies":[{"embeddable":true,"href":"https:\/\/www.iskreni.net\/trgovina\/wp-json\/wp\/v2\/comments?post=87426"}],"version-history":[{"count":2,"href":"https:\/\/www.iskreni.net\/trgovina\/wp-json\/wp\/v2\/product\/87426\/revisions"}],"predecessor-version":[{"id":87434,"href":"https:\/\/www.iskreni.net\/trgovina\/wp-json\/wp\/v2\/product\/87426\/revisions\/87434"}],"wp:featuredmedia":[{"embeddable":true,"href":"https:\/\/www.iskreni.net\/trgovina\/wp-json\/wp\/v2\/media\/87427"}],"wp:attachment":[{"href":"https:\/\/www.iskreni.net\/trgovina\/wp-json\/wp\/v2\/media?parent=87426"}],"wp:term":[{"taxonomy":"product_brand","embeddable":true,"href":"https:\/\/www.iskreni.net\/trgovina\/wp-json\/wp\/v2\/product_brand?post=87426"},{"taxonomy":"product_cat","embeddable":true,"href":"https:\/\/www.iskreni.net\/trgovina\/wp-json\/wp\/v2\/product_cat?post=87426"},{"taxonomy":"product_tag","embeddable":true,"href":"https:\/\/www.iskreni.net\/trgovina\/wp-json\/wp\/v2\/product_tag?post=87426"},{"taxonomy":"avtor","embeddable":true,"href":"https:\/\/www.iskreni.net\/trgovina\/wp-json\/wp\/v2\/avtor?post=87426"},{"taxonomy":"zalozba","embeddable":true,"href":"https:\/\/www.iskreni.net\/trgovina\/wp-json\/wp\/v2\/zalozba?post=87426"},{"taxonomy":"vezava","embeddable":true,"href":"https:\/\/www.iskreni.net\/trgovina\/wp-json\/wp\/v2\/vezava?post=87426"}],"curies":[{"name":"wp","href":"https:\/\/api.w.org\/{rel}","templated":true}]}}