{"id":87417,"date":"2025-06-12T10:04:59","date_gmt":"2025-06-12T08:04:59","guid":{"rendered":"https:\/\/www.iskreni.net\/trgovina\/?post_type=product&#038;p=87417"},"modified":"2025-11-27T14:46:43","modified_gmt":"2025-11-27T13:46:43","slug":"na-spletni-priznici-2","status":"publish","type":"product","link":"https:\/\/www.iskreni.net\/trgovina\/product\/na-spletni-priznici-2\/","title":{"rendered":"Na spletni pri\u017enici 2"},"content":{"rendered":"<h3>O knjigi<\/h3>\n<p align=\"left\">Z vlogi (videodnevniki) Martin Golob od jeseni 2018 na iskren in slikovit na\u010din ka\u017ee, kako potekata duhovnikov vsakdanjik in praznik. Prina\u0161ajo razmisleke o verskih vpra\u0161anjih, anekdote in spomine na posebna sre\u010danja, so pri\u010devanje hvale\u017enosti za dar \u017eivljenja in pro\u0161nja za molitveno podporo. V tej knjigi je objavljenih 100 izbranih in prirejenih Martinovih nagovorov v vlogih, pa jih povezuje duhovna rde\u010da nit: \u00bbSkoraj sedem let, razli\u010dne \u017eupnije, razli\u010dni ljudje, razli\u010dne izku\u0161nje, ma\u0161e, zakramenti, blagoslovi, knjigi, pogovorni ve\u010deri, mediji &#8230; Gospod pa je isti!\u00ab (<strong>Martin Golob<\/strong>)<\/p>\n<p align=\"left\"><strong>Martin Golob<\/strong>\u00a0je katoli\u0161ki duhovnik, ki tudi prek spleta preprosto in prisr\u010dno nagovarja \u0161tevilne sledilce ter prina\u0161a veselo oznanilo v \u017eivahen medijski svet. Njegovo pri\u010devanje z naslovom\u00a0<em>Na spletni pri\u017enici<\/em>, ki ga je pripravil skupaj z Lojzetom Gr\u010dmanom, novinarjem\u00a0<em>portala Aleteia<\/em>, je bliskovito postalo ena najve\u010djih slovenskih knji\u017enih uspe\u0161nic in se na \u0161tevilnih predstavitvah dotaknilo ve\u010d tiso\u010d ljudi. Njegova druga knjiga\u00a0<em>365 dni z Bo\u017ejo besedo<\/em>\u00a0prina\u0161a za vsak dan v letu kratek odlomek iz evangelijev po Martinovem izboru in njegove spodbude k branju\u00a0<em>Svetega pisma<\/em>. V novi knjigi pa najdete uredni\u0161ki izbor 100 Martinovih vlogov, torej videodnevnikov, ki jih redno objavlja na portalu Aleteia od jeseni 2018.<\/p>\n<p align=\"left\">\u00bbRad bi vam polo\u017eil na srce: namesto da preklinjamo, raje blagoslavljajmo. \u0160irimo lepe besede in zglede, predvsem pa molimo ne le za tiste, ki jih imamo radi, ampak tudi za one, ki nam gredo na \u017eivce ali pa mi njim.\u00ab<\/p>\n<h3>Mnenje o knjigi<\/h3>\n<p align=\"left\">Ko prebiram spletne objave (vloge) Martina Goloba, nekdaj mojega \u0161tudenta, zdaj pa sobrata v duhovni\u0161tvu in prijatelja, mi prihaja na misel razmi\u0161ljanje \u0161kofa R. Stecherja, ki je pred nekaj desetletji deloval v Innsbrucku in je bil navdu\u0161en planinec. Iz do\u017eivetij v gorah je dobival navdih za svoje pridige. Ob\u010dudoval je zasne\u017eene tirolske gore, izpod katerih te\u010dejo ne\u0161teti potoki in polnijo vodna zajetja. Razvejana vodovodna napeljava potem dovaja sve\u017eo vodo v domove ljudi. \u0160kof ob tem razvija domiselno primerjavo z delovanjem Cerkve. Njena naloga je podobna vodovodu: du\u0161am ljudi \u017ee dva tiso\u010d let dovaja sve\u017eo vodo milosti in resnice. V primerjavi z obilico drugih duhovnih ponudb ima najbolj\u0161o \u00bbvodo\u00ab, neiz\u010drpne duhovne zaklade, prava \u00bbzajetja\u00ab studencev \u017eive vode \u2013 to je Bo\u017eja beseda, to so njeni zakramenti. Njena \u0161ibka to\u010dka pa je \u00bbnapeljava\u00ab, saj tega bogastva ne zna najbolje pripeljati do \u010dloveka in pote\u0161iti njegovo duhovno \u017eejo. \u2013 Martin pogumno utira nove poti oznanjevanja. S svojimi vlogi in drugimi kratkimi objavami nagovarja verne, manj verne in druga\u010de verne. Postre\u017ee s po\u017eirkom ali kozarcem sve\u017ee vode. Prostodu\u0161no, nevsiljivo, neposredno, pa tudi s kak\u0161no domislico in humorjem. Dr\u017ei se na\u010dela, ki ga poznajo govorniki: \u00bbVe\u010d velja zrno popra kakor \u0161kaf repe.\u00ab<\/p>\n<p><em>dr. Bogdan Dolenc, duhovnik in upokojeni profesor na Teolo\u0161ki fakulteti<\/em><\/p>\n","protected":false},"excerpt":{"rendered":"<p><strong>\u0160tevilo strani: <\/strong>212<br \/>\n<strong>Format strani:<\/strong> 140 x 210 mm<br \/>\n<strong>Leto izdaje:<\/strong> 2025<\/p>\n<h5><a href=\"https:\/\/www.iskreni.net\/trgovina\/wp-content\/uploads\/2025\/06\/na-spletni-priznici2-vzorcne-strani.pdf\">Prelistaj knjigo<\/a><\/h5>\n","protected":false},"featured_media":87424,"comment_status":"open","ping_status":"closed","template":"","meta":[],"product_brand":[],"product_cat":[2325,63],"product_tag":[3102,3101,3107,3106,3105,3109,3104,3100,3110,3108,3103,3111],"avtor":[2747],"zalozba":[2311],"vezava":[2635],"class_list":{"0":"post-87417","1":"product","2":"type-product","3":"status-publish","4":"has-post-thumbnail","6":"product_cat-leposlovje","7":"product_cat-knjige","8":"product_tag-cerkev-in-tehnologija","9":"product_tag-digitalna-evangelizacija","10":"product_tag-digitalni-misijon","11":"product_tag-druzbeni-mediji-in-vera","12":"product_tag-e-evangelizacija","13":"product_tag-hibridna-cerkev","14":"product_tag-moderna-pastorala","15":"product_tag-na-spletni-priznici-2","16":"product_tag-online-pridige","17":"product_tag-pastorala-21-stoletja","18":"product_tag-spletno-pastoralno-delo","19":"product_tag-virtualna-skupnost-vernikov","20":"avtor-martin-golob","21":"zalozba-druzina","22":"vezava-mehka-z-zavihki","24":"first","25":"instock","26":"taxable","27":"shipping-taxable","28":"purchasable","29":"product-type-simple"},"yoast_head":"<!-- This site is optimized with the Yoast SEO plugin v26.3 - https:\/\/yoast.com\/wordpress\/plugins\/seo\/ -->\n<title>Na spletni pri\u017enici 2<\/title>\n<meta name=\"description\" content=\"Z vlogi (videodnevniki) Martin Golob od jeseni 2018 na iskren in slikovit na\u010din ka\u017ee, kako potekata duhovnikov vsakdanjik in praznik.\" \/>\n<meta name=\"robots\" content=\"index, follow, max-snippet:-1, max-image-preview:large, max-video-preview:-1\" \/>\n<link rel=\"canonical\" href=\"https:\/\/www.iskreni.net\/trgovina\/product\/na-spletni-priznici-2\/\" \/>\n<meta property=\"og:locale\" content=\"sl_SI\" \/>\n<meta property=\"og:type\" content=\"article\" \/>\n<meta property=\"og:title\" content=\"Na spletni pri\u017enici 2\" \/>\n<meta property=\"og:description\" content=\"Z vlogi (videodnevniki) Martin Golob od jeseni 2018 na iskren in slikovit na\u010din ka\u017ee, kako potekata duhovnikov vsakdanjik in praznik.\" \/>\n<meta property=\"og:url\" content=\"https:\/\/www.iskreni.net\/trgovina\/product\/na-spletni-priznici-2\/\" \/>\n<meta property=\"og:site_name\" content=\"Zavod Iskreni\" \/>\n<meta property=\"article:modified_time\" content=\"2025-11-27T13:46:43+00:00\" \/>\n<meta property=\"og:image\" content=\"https:\/\/www.iskreni.net\/trgovina\/wp-content\/uploads\/2025\/06\/na-spletni-priznici-2.jpg\" \/>\n\t<meta property=\"og:image:width\" content=\"2000\" \/>\n\t<meta property=\"og:image:height\" content=\"2000\" \/>\n\t<meta property=\"og:image:type\" content=\"image\/jpeg\" \/>\n<meta name=\"twitter:card\" content=\"summary_large_image\" \/>\n<meta name=\"twitter:label1\" content=\"Est. reading time\" \/>\n\t<meta name=\"twitter:data1\" content=\"3 minute\" \/>\n<script type=\"application\/ld+json\" class=\"yoast-schema-graph\">{\"@context\":\"https:\/\/schema.org\",\"@graph\":[{\"@type\":\"WebPage\",\"@id\":\"https:\/\/www.iskreni.net\/trgovina\/product\/na-spletni-priznici-2\/\",\"url\":\"https:\/\/www.iskreni.net\/trgovina\/product\/na-spletni-priznici-2\/\",\"name\":\"Na spletni pri\u017enici 2\",\"isPartOf\":{\"@id\":\"https:\/\/www.iskreni.net\/trgovina\/#website\"},\"primaryImageOfPage\":{\"@id\":\"https:\/\/www.iskreni.net\/trgovina\/product\/na-spletni-priznici-2\/#primaryimage\"},\"image\":{\"@id\":\"https:\/\/www.iskreni.net\/trgovina\/product\/na-spletni-priznici-2\/#primaryimage\"},\"thumbnailUrl\":\"https:\/\/www.iskreni.net\/trgovina\/wp-content\/uploads\/2025\/06\/na-spletni-priznici-2.jpg\",\"datePublished\":\"2025-06-12T08:04:59+00:00\",\"dateModified\":\"2025-11-27T13:46:43+00:00\",\"description\":\"Z vlogi (videodnevniki) Martin Golob od jeseni 2018 na iskren in slikovit na\u010din ka\u017ee, kako potekata duhovnikov vsakdanjik in praznik.\",\"breadcrumb\":{\"@id\":\"https:\/\/www.iskreni.net\/trgovina\/product\/na-spletni-priznici-2\/#breadcrumb\"},\"inLanguage\":\"sl-SI\",\"potentialAction\":[{\"@type\":\"ReadAction\",\"target\":[\"https:\/\/www.iskreni.net\/trgovina\/product\/na-spletni-priznici-2\/\"]}]},{\"@type\":\"ImageObject\",\"inLanguage\":\"sl-SI\",\"@id\":\"https:\/\/www.iskreni.net\/trgovina\/product\/na-spletni-priznici-2\/#primaryimage\",\"url\":\"https:\/\/www.iskreni.net\/trgovina\/wp-content\/uploads\/2025\/06\/na-spletni-priznici-2.jpg\",\"contentUrl\":\"https:\/\/www.iskreni.net\/trgovina\/wp-content\/uploads\/2025\/06\/na-spletni-priznici-2.jpg\",\"width\":2000,\"height\":2000,\"caption\":\"Na spletni pri\u017enici2\"},{\"@type\":\"BreadcrumbList\",\"@id\":\"https:\/\/www.iskreni.net\/trgovina\/product\/na-spletni-priznici-2\/#breadcrumb\",\"itemListElement\":[{\"@type\":\"ListItem\",\"position\":1,\"name\":\"Home\",\"item\":\"https:\/\/www.iskreni.net\/trgovina\/\"},{\"@type\":\"ListItem\",\"position\":2,\"name\":\"Trgovina\",\"item\":\"https:\/\/www.iskreni.net\/trgovina\/trgovina\/\"},{\"@type\":\"ListItem\",\"position\":3,\"name\":\"Na spletni pri\u017enici 2\"}]},{\"@type\":\"WebSite\",\"@id\":\"https:\/\/www.iskreni.net\/trgovina\/#website\",\"url\":\"https:\/\/www.iskreni.net\/trgovina\/\",\"name\":\"Zavod Iskreni\",\"description\":\"trgovina\",\"potentialAction\":[{\"@type\":\"SearchAction\",\"target\":{\"@type\":\"EntryPoint\",\"urlTemplate\":\"https:\/\/www.iskreni.net\/trgovina\/?s={search_term_string}\"},\"query-input\":{\"@type\":\"PropertyValueSpecification\",\"valueRequired\":true,\"valueName\":\"search_term_string\"}}],\"inLanguage\":\"sl-SI\"}]}<\/script>\n<!-- \/ Yoast SEO plugin. -->","yoast_head_json":{"title":"Na spletni pri\u017enici 2","description":"Z vlogi (videodnevniki) Martin Golob od jeseni 2018 na iskren in slikovit na\u010din ka\u017ee, kako potekata duhovnikov vsakdanjik in praznik.","robots":{"index":"index","follow":"follow","max-snippet":"max-snippet:-1","max-image-preview":"max-image-preview:large","max-video-preview":"max-video-preview:-1"},"canonical":"https:\/\/www.iskreni.net\/trgovina\/product\/na-spletni-priznici-2\/","og_locale":"sl_SI","og_type":"article","og_title":"Na spletni pri\u017enici 2","og_description":"Z vlogi (videodnevniki) Martin Golob od jeseni 2018 na iskren in slikovit na\u010din ka\u017ee, kako potekata duhovnikov vsakdanjik in praznik.","og_url":"https:\/\/www.iskreni.net\/trgovina\/product\/na-spletni-priznici-2\/","og_site_name":"Zavod Iskreni","article_modified_time":"2025-11-27T13:46:43+00:00","og_image":[{"width":2000,"height":2000,"url":"https:\/\/www.iskreni.net\/trgovina\/wp-content\/uploads\/2025\/06\/na-spletni-priznici-2.jpg","type":"image\/jpeg"}],"twitter_card":"summary_large_image","twitter_misc":{"Est. reading time":"3 minute"},"schema":{"@context":"https:\/\/schema.org","@graph":[{"@type":"WebPage","@id":"https:\/\/www.iskreni.net\/trgovina\/product\/na-spletni-priznici-2\/","url":"https:\/\/www.iskreni.net\/trgovina\/product\/na-spletni-priznici-2\/","name":"Na spletni pri\u017enici 2","isPartOf":{"@id":"https:\/\/www.iskreni.net\/trgovina\/#website"},"primaryImageOfPage":{"@id":"https:\/\/www.iskreni.net\/trgovina\/product\/na-spletni-priznici-2\/#primaryimage"},"image":{"@id":"https:\/\/www.iskreni.net\/trgovina\/product\/na-spletni-priznici-2\/#primaryimage"},"thumbnailUrl":"https:\/\/www.iskreni.net\/trgovina\/wp-content\/uploads\/2025\/06\/na-spletni-priznici-2.jpg","datePublished":"2025-06-12T08:04:59+00:00","dateModified":"2025-11-27T13:46:43+00:00","description":"Z vlogi (videodnevniki) Martin Golob od jeseni 2018 na iskren in slikovit na\u010din ka\u017ee, kako potekata duhovnikov vsakdanjik in praznik.","breadcrumb":{"@id":"https:\/\/www.iskreni.net\/trgovina\/product\/na-spletni-priznici-2\/#breadcrumb"},"inLanguage":"sl-SI","potentialAction":[{"@type":"ReadAction","target":["https:\/\/www.iskreni.net\/trgovina\/product\/na-spletni-priznici-2\/"]}]},{"@type":"ImageObject","inLanguage":"sl-SI","@id":"https:\/\/www.iskreni.net\/trgovina\/product\/na-spletni-priznici-2\/#primaryimage","url":"https:\/\/www.iskreni.net\/trgovina\/wp-content\/uploads\/2025\/06\/na-spletni-priznici-2.jpg","contentUrl":"https:\/\/www.iskreni.net\/trgovina\/wp-content\/uploads\/2025\/06\/na-spletni-priznici-2.jpg","width":2000,"height":2000,"caption":"Na spletni pri\u017enici2"},{"@type":"BreadcrumbList","@id":"https:\/\/www.iskreni.net\/trgovina\/product\/na-spletni-priznici-2\/#breadcrumb","itemListElement":[{"@type":"ListItem","position":1,"name":"Home","item":"https:\/\/www.iskreni.net\/trgovina\/"},{"@type":"ListItem","position":2,"name":"Trgovina","item":"https:\/\/www.iskreni.net\/trgovina\/trgovina\/"},{"@type":"ListItem","position":3,"name":"Na spletni pri\u017enici 2"}]},{"@type":"WebSite","@id":"https:\/\/www.iskreni.net\/trgovina\/#website","url":"https:\/\/www.iskreni.net\/trgovina\/","name":"Zavod Iskreni","description":"trgovina","potentialAction":[{"@type":"SearchAction","target":{"@type":"EntryPoint","urlTemplate":"https:\/\/www.iskreni.net\/trgovina\/?s={search_term_string}"},"query-input":{"@type":"PropertyValueSpecification","valueRequired":true,"valueName":"search_term_string"}}],"inLanguage":"sl-SI"}]}},"_links":{"self":[{"href":"https:\/\/www.iskreni.net\/trgovina\/wp-json\/wp\/v2\/product\/87417","targetHints":{"allow":["GET"]}}],"collection":[{"href":"https:\/\/www.iskreni.net\/trgovina\/wp-json\/wp\/v2\/product"}],"about":[{"href":"https:\/\/www.iskreni.net\/trgovina\/wp-json\/wp\/v2\/types\/product"}],"replies":[{"embeddable":true,"href":"https:\/\/www.iskreni.net\/trgovina\/wp-json\/wp\/v2\/comments?post=87417"}],"version-history":[{"count":5,"href":"https:\/\/www.iskreni.net\/trgovina\/wp-json\/wp\/v2\/product\/87417\/revisions"}],"predecessor-version":[{"id":87425,"href":"https:\/\/www.iskreni.net\/trgovina\/wp-json\/wp\/v2\/product\/87417\/revisions\/87425"}],"wp:featuredmedia":[{"embeddable":true,"href":"https:\/\/www.iskreni.net\/trgovina\/wp-json\/wp\/v2\/media\/87424"}],"wp:attachment":[{"href":"https:\/\/www.iskreni.net\/trgovina\/wp-json\/wp\/v2\/media?parent=87417"}],"wp:term":[{"taxonomy":"product_brand","embeddable":true,"href":"https:\/\/www.iskreni.net\/trgovina\/wp-json\/wp\/v2\/product_brand?post=87417"},{"taxonomy":"product_cat","embeddable":true,"href":"https:\/\/www.iskreni.net\/trgovina\/wp-json\/wp\/v2\/product_cat?post=87417"},{"taxonomy":"product_tag","embeddable":true,"href":"https:\/\/www.iskreni.net\/trgovina\/wp-json\/wp\/v2\/product_tag?post=87417"},{"taxonomy":"avtor","embeddable":true,"href":"https:\/\/www.iskreni.net\/trgovina\/wp-json\/wp\/v2\/avtor?post=87417"},{"taxonomy":"zalozba","embeddable":true,"href":"https:\/\/www.iskreni.net\/trgovina\/wp-json\/wp\/v2\/zalozba?post=87417"},{"taxonomy":"vezava","embeddable":true,"href":"https:\/\/www.iskreni.net\/trgovina\/wp-json\/wp\/v2\/vezava?post=87417"}],"curies":[{"name":"wp","href":"https:\/\/api.w.org\/{rel}","templated":true}]}}