{"id":87391,"date":"2025-06-11T09:12:45","date_gmt":"2025-06-11T07:12:45","guid":{"rendered":"https:\/\/www.iskreni.net\/trgovina\/?post_type=product&#038;p=87391"},"modified":"2025-11-27T14:47:36","modified_gmt":"2025-11-27T13:47:36","slug":"papez-leon-xiv","status":"publish","type":"product","link":"https:\/\/www.iskreni.net\/trgovina\/product\/papez-leon-xiv\/","title":{"rendered":"Pape\u017e Leon XIV."},"content":{"rendered":"<h3>O knjigi<\/h3>\n<p>Izvolitev ameri\u0161kega kardinala\u00a0<strong>Roberta Francisa Prevosta<\/strong>\u00a0za pape\u017ea so mnogi ozna\u010dili za \u00bbpresene\u010denje\u00ab. A kardinali volivci \u2013 in Sveti Duh, ki jim je \u0161epetal na srca \u2013 dobro poznajo razloge, zakaj je ta mo\u017e pravi, da krmari Petrovo barko v \u010dasu sodobnih izzivov za Cerkev in vse \u010dlove\u0161tvo.<\/p>\n<p>Jesus Colina, novinarski strokovnjak in dober poznavalec Cerkve, v tej knjigi ne predstavlja le pape\u017eevega \u017eivljenjepisa, temve\u010d se osredoto\u010da na njegove izku\u0161nje, vrednote, in duhovna iskanja, ki so ga oblikovali za pastirsko slu\u017ebo. O sedanjem pape\u017eu pravi, da je \u00bbmo\u017e beseda, ne pa mo\u017e mnogih besed.\u00ab Zato je preu\u010dil njegove pridige, govore in intervjuje iz prej\u0161njih let, ter povzel deset osrednjih tem, ki jih rad ponavlja. Ob tem predstavlja tudi statisti\u010dne podatke o Cerkvi na svetovni ravni ter s tem povezane izzive, ki se jim poglavar Cerkve ne bo mogel izogniti. Bo Leonu XIV. uspelo te izzive premagati in bo Cerkev v svetu ponovno zasijala kakor lu\u010d v temi?<\/p>\n<h3>O avtorju<\/h3>\n<p><strong>Jes\u00fas Colina<\/strong>\u00a0je novinar in zalo\u017enik, po rodu \u0160panec, a \u017ee dolgo \u017eivi v Rimu. Je soustanovitelj in urednik portala\u00a0<em>Aleteia.org<\/em>\u00a0ter direktor agencije\u00a0<em>Imedia.news<\/em>. Pape\u017e Benedikt XVI. ga je imenoval za svetovalca\u00a0<em>Pape\u0161kega sveta za dru\u017ebene komunikacije<\/em>\u00a0(2008\u20132016). Pred tem je bil direktor katoli\u0161ke videoagencije\u00a0<em>H2o News<\/em>, ki sodeluje z raznimi katoli\u0161kimi televizijami po svetu. Ustanovil je tudi agencijo\u00a0<em>Zenit.org<\/em>\u00a0in bil uredni\u0161ki direktor Digitalnega omre\u017eja Katoli\u0161ke Cerkve v Latinski Ameriki. Diplomiral je iz filozofije na Pape\u0161ki univerzi Gregoriana in iz komunikologije na Univerzi Complutense v Madridu. Z \u017eeno imata tri otroke.<\/p>\n<p><strong>Ne zamudite prilo\u017enosti<\/strong>\u00a0biti med prvimi, ki bodo prebrali najnovej\u0161a pape\u017eeva razmi\u0161ljanja in nauke!<\/p>\n<blockquote><p>Morda so se kardinali pred jubilejnim letom odre\u0161enja 2033 med drugim spra\u0161evali tudi, ali bo takrat Katoli\u0161ka Cerkev \u0161e imela dovolj verodostojnosti in mo\u010di, da Jezusa Kristusa predstavi kot Odre\u0161enika slehernega \u010dloveka? Bo Cerkev \u2013 in \u0161e posebej njen vrhovni pastir \u2013 sposobna predstaviti evangelij kot pot k resnici in sre\u010di, po katerih hrepeni vsako \u010dlove\u0161ko srce?<\/p>\n<p>&nbsp;<\/p><\/blockquote>\n","protected":false},"excerpt":{"rendered":"<p><strong>Leto izdaje:<\/strong> 2025<\/p>\n<p>&nbsp;<\/p>\n","protected":false},"featured_media":87394,"comment_status":"open","ping_status":"closed","template":"","meta":[],"product_brand":[],"product_cat":[2325,63],"product_tag":[3098,3095,3097,3096,3099],"avtor":[3094],"zalozba":[2311],"vezava":[],"class_list":{"0":"post-87391","1":"product","2":"type-product","3":"status-publish","4":"has-post-thumbnail","6":"product_cat-leposlovje","7":"product_cat-knjige","8":"product_tag-duhovna-literatura","9":"product_tag-katoliski-nauk","10":"product_tag-papeski-nauki","11":"product_tag-sodobna-cerkev","12":"product_tag-verska-knjiga","13":"avtor-jesus-colina","14":"zalozba-druzina","16":"first","17":"instock","18":"taxable","19":"shipping-taxable","20":"purchasable","21":"product-type-simple"},"yoast_head":"<!-- This site is optimized with the Yoast SEO plugin v26.3 - https:\/\/yoast.com\/wordpress\/plugins\/seo\/ -->\n<title>Pape\u017e Leon XIV.<\/title>\n<meta name=\"description\" content=\"Izvolitev ameri\u0161kega kardinala Roberta Francisa Prevosta za pape\u017ea so mnogi ozna\u010dili za \u00bbpresene\u010denje\u00ab. Pape\u017e Leon XIV., pastir z blagoslavljajo\u010dim nasmehom.\" \/>\n<meta name=\"robots\" content=\"index, follow, max-snippet:-1, max-image-preview:large, max-video-preview:-1\" \/>\n<link rel=\"canonical\" href=\"https:\/\/www.iskreni.net\/trgovina\/product\/papez-leon-xiv\/\" \/>\n<meta property=\"og:locale\" content=\"sl_SI\" \/>\n<meta property=\"og:type\" content=\"article\" \/>\n<meta property=\"og:title\" content=\"Pape\u017e Leon XIV.\" \/>\n<meta property=\"og:description\" content=\"Izvolitev ameri\u0161kega kardinala Roberta Francisa Prevosta za pape\u017ea so mnogi ozna\u010dili za \u00bbpresene\u010denje\u00ab. Pape\u017e Leon XIV., pastir z blagoslavljajo\u010dim nasmehom.\" \/>\n<meta property=\"og:url\" content=\"https:\/\/www.iskreni.net\/trgovina\/product\/papez-leon-xiv\/\" \/>\n<meta property=\"og:site_name\" content=\"Zavod Iskreni\" \/>\n<meta property=\"article:modified_time\" content=\"2025-11-27T13:47:36+00:00\" \/>\n<meta property=\"og:image\" content=\"https:\/\/www.iskreni.net\/trgovina\/wp-content\/uploads\/2025\/06\/leon-xiv.png\" \/>\n\t<meta property=\"og:image:width\" content=\"615\" \/>\n\t<meta property=\"og:image:height\" content=\"615\" \/>\n\t<meta property=\"og:image:type\" content=\"image\/png\" \/>\n<meta name=\"twitter:card\" content=\"summary_large_image\" \/>\n<meta name=\"twitter:label1\" content=\"Est. reading time\" \/>\n\t<meta name=\"twitter:data1\" content=\"2 minuti\" \/>\n<script type=\"application\/ld+json\" class=\"yoast-schema-graph\">{\"@context\":\"https:\/\/schema.org\",\"@graph\":[{\"@type\":\"WebPage\",\"@id\":\"https:\/\/www.iskreni.net\/trgovina\/product\/papez-leon-xiv\/\",\"url\":\"https:\/\/www.iskreni.net\/trgovina\/product\/papez-leon-xiv\/\",\"name\":\"Pape\u017e Leon XIV.\",\"isPartOf\":{\"@id\":\"https:\/\/www.iskreni.net\/trgovina\/#website\"},\"primaryImageOfPage\":{\"@id\":\"https:\/\/www.iskreni.net\/trgovina\/product\/papez-leon-xiv\/#primaryimage\"},\"image\":{\"@id\":\"https:\/\/www.iskreni.net\/trgovina\/product\/papez-leon-xiv\/#primaryimage\"},\"thumbnailUrl\":\"https:\/\/www.iskreni.net\/trgovina\/wp-content\/uploads\/2025\/06\/leon-xiv.png\",\"datePublished\":\"2025-06-11T07:12:45+00:00\",\"dateModified\":\"2025-11-27T13:47:36+00:00\",\"description\":\"Izvolitev ameri\u0161kega kardinala Roberta Francisa Prevosta za pape\u017ea so mnogi ozna\u010dili za \u00bbpresene\u010denje\u00ab. Pape\u017e Leon XIV., pastir z blagoslavljajo\u010dim nasmehom.\",\"breadcrumb\":{\"@id\":\"https:\/\/www.iskreni.net\/trgovina\/product\/papez-leon-xiv\/#breadcrumb\"},\"inLanguage\":\"sl-SI\",\"potentialAction\":[{\"@type\":\"ReadAction\",\"target\":[\"https:\/\/www.iskreni.net\/trgovina\/product\/papez-leon-xiv\/\"]}]},{\"@type\":\"ImageObject\",\"inLanguage\":\"sl-SI\",\"@id\":\"https:\/\/www.iskreni.net\/trgovina\/product\/papez-leon-xiv\/#primaryimage\",\"url\":\"https:\/\/www.iskreni.net\/trgovina\/wp-content\/uploads\/2025\/06\/leon-xiv.png\",\"contentUrl\":\"https:\/\/www.iskreni.net\/trgovina\/wp-content\/uploads\/2025\/06\/leon-xiv.png\",\"width\":615,\"height\":615,\"caption\":\"Pape\u017e Leon XIV.\"},{\"@type\":\"BreadcrumbList\",\"@id\":\"https:\/\/www.iskreni.net\/trgovina\/product\/papez-leon-xiv\/#breadcrumb\",\"itemListElement\":[{\"@type\":\"ListItem\",\"position\":1,\"name\":\"Home\",\"item\":\"https:\/\/www.iskreni.net\/trgovina\/\"},{\"@type\":\"ListItem\",\"position\":2,\"name\":\"Trgovina\",\"item\":\"https:\/\/www.iskreni.net\/trgovina\/trgovina\/\"},{\"@type\":\"ListItem\",\"position\":3,\"name\":\"Pape\u017e Leon XIV.\"}]},{\"@type\":\"WebSite\",\"@id\":\"https:\/\/www.iskreni.net\/trgovina\/#website\",\"url\":\"https:\/\/www.iskreni.net\/trgovina\/\",\"name\":\"Zavod Iskreni\",\"description\":\"trgovina\",\"potentialAction\":[{\"@type\":\"SearchAction\",\"target\":{\"@type\":\"EntryPoint\",\"urlTemplate\":\"https:\/\/www.iskreni.net\/trgovina\/?s={search_term_string}\"},\"query-input\":{\"@type\":\"PropertyValueSpecification\",\"valueRequired\":true,\"valueName\":\"search_term_string\"}}],\"inLanguage\":\"sl-SI\"}]}<\/script>\n<!-- \/ Yoast SEO plugin. -->","yoast_head_json":{"title":"Pape\u017e Leon XIV.","description":"Izvolitev ameri\u0161kega kardinala Roberta Francisa Prevosta za pape\u017ea so mnogi ozna\u010dili za \u00bbpresene\u010denje\u00ab. Pape\u017e Leon XIV., pastir z blagoslavljajo\u010dim nasmehom.","robots":{"index":"index","follow":"follow","max-snippet":"max-snippet:-1","max-image-preview":"max-image-preview:large","max-video-preview":"max-video-preview:-1"},"canonical":"https:\/\/www.iskreni.net\/trgovina\/product\/papez-leon-xiv\/","og_locale":"sl_SI","og_type":"article","og_title":"Pape\u017e Leon XIV.","og_description":"Izvolitev ameri\u0161kega kardinala Roberta Francisa Prevosta za pape\u017ea so mnogi ozna\u010dili za \u00bbpresene\u010denje\u00ab. Pape\u017e Leon XIV., pastir z blagoslavljajo\u010dim nasmehom.","og_url":"https:\/\/www.iskreni.net\/trgovina\/product\/papez-leon-xiv\/","og_site_name":"Zavod Iskreni","article_modified_time":"2025-11-27T13:47:36+00:00","og_image":[{"width":615,"height":615,"url":"https:\/\/www.iskreni.net\/trgovina\/wp-content\/uploads\/2025\/06\/leon-xiv.png","type":"image\/png"}],"twitter_card":"summary_large_image","twitter_misc":{"Est. reading time":"2 minuti"},"schema":{"@context":"https:\/\/schema.org","@graph":[{"@type":"WebPage","@id":"https:\/\/www.iskreni.net\/trgovina\/product\/papez-leon-xiv\/","url":"https:\/\/www.iskreni.net\/trgovina\/product\/papez-leon-xiv\/","name":"Pape\u017e Leon XIV.","isPartOf":{"@id":"https:\/\/www.iskreni.net\/trgovina\/#website"},"primaryImageOfPage":{"@id":"https:\/\/www.iskreni.net\/trgovina\/product\/papez-leon-xiv\/#primaryimage"},"image":{"@id":"https:\/\/www.iskreni.net\/trgovina\/product\/papez-leon-xiv\/#primaryimage"},"thumbnailUrl":"https:\/\/www.iskreni.net\/trgovina\/wp-content\/uploads\/2025\/06\/leon-xiv.png","datePublished":"2025-06-11T07:12:45+00:00","dateModified":"2025-11-27T13:47:36+00:00","description":"Izvolitev ameri\u0161kega kardinala Roberta Francisa Prevosta za pape\u017ea so mnogi ozna\u010dili za \u00bbpresene\u010denje\u00ab. Pape\u017e Leon XIV., pastir z blagoslavljajo\u010dim nasmehom.","breadcrumb":{"@id":"https:\/\/www.iskreni.net\/trgovina\/product\/papez-leon-xiv\/#breadcrumb"},"inLanguage":"sl-SI","potentialAction":[{"@type":"ReadAction","target":["https:\/\/www.iskreni.net\/trgovina\/product\/papez-leon-xiv\/"]}]},{"@type":"ImageObject","inLanguage":"sl-SI","@id":"https:\/\/www.iskreni.net\/trgovina\/product\/papez-leon-xiv\/#primaryimage","url":"https:\/\/www.iskreni.net\/trgovina\/wp-content\/uploads\/2025\/06\/leon-xiv.png","contentUrl":"https:\/\/www.iskreni.net\/trgovina\/wp-content\/uploads\/2025\/06\/leon-xiv.png","width":615,"height":615,"caption":"Pape\u017e Leon XIV."},{"@type":"BreadcrumbList","@id":"https:\/\/www.iskreni.net\/trgovina\/product\/papez-leon-xiv\/#breadcrumb","itemListElement":[{"@type":"ListItem","position":1,"name":"Home","item":"https:\/\/www.iskreni.net\/trgovina\/"},{"@type":"ListItem","position":2,"name":"Trgovina","item":"https:\/\/www.iskreni.net\/trgovina\/trgovina\/"},{"@type":"ListItem","position":3,"name":"Pape\u017e Leon XIV."}]},{"@type":"WebSite","@id":"https:\/\/www.iskreni.net\/trgovina\/#website","url":"https:\/\/www.iskreni.net\/trgovina\/","name":"Zavod Iskreni","description":"trgovina","potentialAction":[{"@type":"SearchAction","target":{"@type":"EntryPoint","urlTemplate":"https:\/\/www.iskreni.net\/trgovina\/?s={search_term_string}"},"query-input":{"@type":"PropertyValueSpecification","valueRequired":true,"valueName":"search_term_string"}}],"inLanguage":"sl-SI"}]}},"_links":{"self":[{"href":"https:\/\/www.iskreni.net\/trgovina\/wp-json\/wp\/v2\/product\/87391","targetHints":{"allow":["GET"]}}],"collection":[{"href":"https:\/\/www.iskreni.net\/trgovina\/wp-json\/wp\/v2\/product"}],"about":[{"href":"https:\/\/www.iskreni.net\/trgovina\/wp-json\/wp\/v2\/types\/product"}],"replies":[{"embeddable":true,"href":"https:\/\/www.iskreni.net\/trgovina\/wp-json\/wp\/v2\/comments?post=87391"}],"version-history":[{"count":4,"href":"https:\/\/www.iskreni.net\/trgovina\/wp-json\/wp\/v2\/product\/87391\/revisions"}],"predecessor-version":[{"id":87397,"href":"https:\/\/www.iskreni.net\/trgovina\/wp-json\/wp\/v2\/product\/87391\/revisions\/87397"}],"wp:featuredmedia":[{"embeddable":true,"href":"https:\/\/www.iskreni.net\/trgovina\/wp-json\/wp\/v2\/media\/87394"}],"wp:attachment":[{"href":"https:\/\/www.iskreni.net\/trgovina\/wp-json\/wp\/v2\/media?parent=87391"}],"wp:term":[{"taxonomy":"product_brand","embeddable":true,"href":"https:\/\/www.iskreni.net\/trgovina\/wp-json\/wp\/v2\/product_brand?post=87391"},{"taxonomy":"product_cat","embeddable":true,"href":"https:\/\/www.iskreni.net\/trgovina\/wp-json\/wp\/v2\/product_cat?post=87391"},{"taxonomy":"product_tag","embeddable":true,"href":"https:\/\/www.iskreni.net\/trgovina\/wp-json\/wp\/v2\/product_tag?post=87391"},{"taxonomy":"avtor","embeddable":true,"href":"https:\/\/www.iskreni.net\/trgovina\/wp-json\/wp\/v2\/avtor?post=87391"},{"taxonomy":"zalozba","embeddable":true,"href":"https:\/\/www.iskreni.net\/trgovina\/wp-json\/wp\/v2\/zalozba?post=87391"},{"taxonomy":"vezava","embeddable":true,"href":"https:\/\/www.iskreni.net\/trgovina\/wp-json\/wp\/v2\/vezava?post=87391"}],"curies":[{"name":"wp","href":"https:\/\/api.w.org\/{rel}","templated":true}]}}