{"id":87353,"date":"2025-06-09T13:55:20","date_gmt":"2025-06-09T11:55:20","guid":{"rendered":"https:\/\/www.iskreni.net\/trgovina\/?post_type=product&#038;p=87353"},"modified":"2025-06-09T14:06:23","modified_gmt":"2025-06-09T12:06:23","slug":"darilni-bon-drzni-pustolovec","status":"publish","type":"product","link":"https:\/\/www.iskreni.net\/trgovina\/product\/darilni-bon-drzni-pustolovec\/","title":{"rendered":"Darilni bon &#8211; Drzni pustolovec"},"content":{"rendered":"<h2>Podarite edinstveno do\u017eivetje!<\/h2>\n<p>Darilni bon za delavnico <a href=\"https:\/\/www.iskreni.net\/programi\/drzni-pustolovec\/\"><strong>Drzni pustolovec<\/strong><\/a> je darilo, ki bo o\u010deta in sina povezalo, utrdilo njun odnos in jima dalo lepo popotnico za naprej. Delavnica je namenjena de\u010dkom, starim med 9 in 12 let, ter njihovim o\u010detom.<\/p>\n<p>V dana\u0161njem hitrem \u017eivljenjskem tempu se o\u010detje in sinovi zlahka oddaljijo. <b><i>Drzni pustolovec<\/i>\u00a0<\/b>pa nudi prilo\u017enost, da o\u010detje aktivno sodelujejo s svojimi sinovi v podpornem, prakti\u010dnem okolju. <b>Aktivnosti so skrbno zasnovane, da spodbujajo timsko delo, re\u0161evanje problemov in medsebojno spo\u0161tovanje ter pomagajo pri ustvarjanju globlje povezave.<\/b><\/p>\n<p><a href=\"https:\/\/www.iskreni.net\/programi\/drzni-pustolovec\/\"><strong>VE\u010c INFORMACIJ O DELAVNICI &gt;&gt;<\/strong><\/a><\/p>\n<h2>Kaj pravijo o\u010detje, ki so se s svojimi sinovi \u017ee udele\u017eili delavnice?<\/h2>\n<p>Leon: &#8220;<em>Na delavnico Drzni pustolovec sva s sinom pri\u0161la predvsem zato, da skupaj sama pre\u017eiviva nekaj ur brez mote\u010dih dejavnikov, kot so elektronske naprave in vse delo, ki me \u0161e \u010daka doma. Poskusila sva nekaj novih iger, izmed katerih \u0161e posebej izstopa sekiromet. Posebej dragocen je bil zame tudi \u010das, ki smo ga o\u010detje pre\u017eiveli v izmenjavi izku\u0161enj in izzivov na podro\u010dju o\u010detovstva.&#8221;<\/em><\/p>\n<p>Andrej: <em>&#8220;Super je bilo. S sinom nama je bil \u0161e posebej v\u0161e\u010d sekiromet in pa peka hrenovk. Jaz bi izpostavil \u0161e nagovor za o\u010dete in izmenjavo izku\u0161enj. Vesel sem, da sva pri\u0161la, ker mi je delavnica dala uvid, da ni toliko pomembno, kaj po\u010dnemo, temve\u010d koliko se temu posvetimo.&#8221;<\/em><\/p>\n<p>&nbsp;<\/p>\n","protected":false},"excerpt":{"rendered":"<p>Darilo, ki ostane!<\/p>\n","protected":false},"featured_media":87354,"comment_status":"open","ping_status":"closed","template":"","meta":[],"product_brand":[],"product_cat":[1628,1184,668],"product_tag":[2303],"avtor":[],"zalozba":[],"vezava":[],"class_list":{"0":"post-87353","1":"product","2":"type-product","3":"status-publish","4":"has-post-thumbnail","6":"product_cat-darilni-bon","7":"product_cat-programi","8":"product_cat-darilni-program","9":"product_tag-obhajilo","11":"first","12":"instock","13":"taxable","14":"shipping-taxable","15":"purchasable","16":"product-type-simple"},"yoast_head":"<!-- This site is optimized with the Yoast SEO plugin v26.3 - https:\/\/yoast.com\/wordpress\/plugins\/seo\/ -->\n<title>Darilni bon - Drzni pustolovec - Zavod Iskreni<\/title>\n<meta name=\"description\" content=\"Podarite edinstveno do\u017eivetje: darilni bon za delavnico Drzni pustolovec!\" \/>\n<meta name=\"robots\" content=\"index, follow, max-snippet:-1, max-image-preview:large, max-video-preview:-1\" \/>\n<link rel=\"canonical\" href=\"https:\/\/www.iskreni.net\/trgovina\/product\/darilni-bon-drzni-pustolovec\/\" \/>\n<meta property=\"og:locale\" content=\"sl_SI\" \/>\n<meta property=\"og:type\" content=\"article\" \/>\n<meta property=\"og:title\" content=\"Darilni bon - Drzni pustolovec - Zavod Iskreni\" \/>\n<meta property=\"og:description\" content=\"Podarite edinstveno do\u017eivetje: darilni bon za delavnico Drzni pustolovec!\" \/>\n<meta property=\"og:url\" content=\"https:\/\/www.iskreni.net\/trgovina\/product\/darilni-bon-drzni-pustolovec\/\" \/>\n<meta property=\"og:site_name\" content=\"Zavod Iskreni\" \/>\n<meta property=\"article:modified_time\" content=\"2025-06-09T12:06:23+00:00\" \/>\n<meta property=\"og:image\" content=\"https:\/\/www.iskreni.net\/trgovina\/wp-content\/uploads\/2025\/06\/Darilni-bon-drzni-pustolovec_jvadrat-1024x1024.png\" \/>\n\t<meta property=\"og:image:width\" content=\"1024\" \/>\n\t<meta property=\"og:image:height\" content=\"1024\" \/>\n\t<meta property=\"og:image:type\" content=\"image\/png\" \/>\n<meta name=\"twitter:card\" content=\"summary_large_image\" \/>\n<meta name=\"twitter:label1\" content=\"Est. reading time\" \/>\n\t<meta name=\"twitter:data1\" content=\"2 minuti\" \/>\n<script type=\"application\/ld+json\" class=\"yoast-schema-graph\">{\"@context\":\"https:\/\/schema.org\",\"@graph\":[{\"@type\":\"WebPage\",\"@id\":\"https:\/\/www.iskreni.net\/trgovina\/product\/darilni-bon-drzni-pustolovec\/\",\"url\":\"https:\/\/www.iskreni.net\/trgovina\/product\/darilni-bon-drzni-pustolovec\/\",\"name\":\"Darilni bon - Drzni pustolovec - Zavod Iskreni\",\"isPartOf\":{\"@id\":\"https:\/\/www.iskreni.net\/trgovina\/#website\"},\"primaryImageOfPage\":{\"@id\":\"https:\/\/www.iskreni.net\/trgovina\/product\/darilni-bon-drzni-pustolovec\/#primaryimage\"},\"image\":{\"@id\":\"https:\/\/www.iskreni.net\/trgovina\/product\/darilni-bon-drzni-pustolovec\/#primaryimage\"},\"thumbnailUrl\":\"https:\/\/www.iskreni.net\/trgovina\/wp-content\/uploads\/2025\/06\/Darilni-bon-drzni-pustolovec_jvadrat.png\",\"datePublished\":\"2025-06-09T11:55:20+00:00\",\"dateModified\":\"2025-06-09T12:06:23+00:00\",\"description\":\"Podarite edinstveno do\u017eivetje: darilni bon za delavnico Drzni pustolovec!\",\"breadcrumb\":{\"@id\":\"https:\/\/www.iskreni.net\/trgovina\/product\/darilni-bon-drzni-pustolovec\/#breadcrumb\"},\"inLanguage\":\"sl-SI\",\"potentialAction\":[{\"@type\":\"ReadAction\",\"target\":[\"https:\/\/www.iskreni.net\/trgovina\/product\/darilni-bon-drzni-pustolovec\/\"]}]},{\"@type\":\"ImageObject\",\"inLanguage\":\"sl-SI\",\"@id\":\"https:\/\/www.iskreni.net\/trgovina\/product\/darilni-bon-drzni-pustolovec\/#primaryimage\",\"url\":\"https:\/\/www.iskreni.net\/trgovina\/wp-content\/uploads\/2025\/06\/Darilni-bon-drzni-pustolovec_jvadrat.png\",\"contentUrl\":\"https:\/\/www.iskreni.net\/trgovina\/wp-content\/uploads\/2025\/06\/Darilni-bon-drzni-pustolovec_jvadrat.png\",\"width\":1240,\"height\":1240},{\"@type\":\"BreadcrumbList\",\"@id\":\"https:\/\/www.iskreni.net\/trgovina\/product\/darilni-bon-drzni-pustolovec\/#breadcrumb\",\"itemListElement\":[{\"@type\":\"ListItem\",\"position\":1,\"name\":\"Home\",\"item\":\"https:\/\/www.iskreni.net\/trgovina\/\"},{\"@type\":\"ListItem\",\"position\":2,\"name\":\"Trgovina\",\"item\":\"https:\/\/www.iskreni.net\/trgovina\/trgovina\/\"},{\"@type\":\"ListItem\",\"position\":3,\"name\":\"Darilni bon &#8211; Drzni pustolovec\"}]},{\"@type\":\"WebSite\",\"@id\":\"https:\/\/www.iskreni.net\/trgovina\/#website\",\"url\":\"https:\/\/www.iskreni.net\/trgovina\/\",\"name\":\"Zavod Iskreni\",\"description\":\"trgovina\",\"potentialAction\":[{\"@type\":\"SearchAction\",\"target\":{\"@type\":\"EntryPoint\",\"urlTemplate\":\"https:\/\/www.iskreni.net\/trgovina\/?s={search_term_string}\"},\"query-input\":{\"@type\":\"PropertyValueSpecification\",\"valueRequired\":true,\"valueName\":\"search_term_string\"}}],\"inLanguage\":\"sl-SI\"}]}<\/script>\n<!-- \/ Yoast SEO plugin. -->","yoast_head_json":{"title":"Darilni bon - Drzni pustolovec - Zavod Iskreni","description":"Podarite edinstveno do\u017eivetje: darilni bon za delavnico Drzni pustolovec!","robots":{"index":"index","follow":"follow","max-snippet":"max-snippet:-1","max-image-preview":"max-image-preview:large","max-video-preview":"max-video-preview:-1"},"canonical":"https:\/\/www.iskreni.net\/trgovina\/product\/darilni-bon-drzni-pustolovec\/","og_locale":"sl_SI","og_type":"article","og_title":"Darilni bon - Drzni pustolovec - Zavod Iskreni","og_description":"Podarite edinstveno do\u017eivetje: darilni bon za delavnico Drzni pustolovec!","og_url":"https:\/\/www.iskreni.net\/trgovina\/product\/darilni-bon-drzni-pustolovec\/","og_site_name":"Zavod Iskreni","article_modified_time":"2025-06-09T12:06:23+00:00","og_image":[{"width":1024,"height":1024,"url":"https:\/\/www.iskreni.net\/trgovina\/wp-content\/uploads\/2025\/06\/Darilni-bon-drzni-pustolovec_jvadrat-1024x1024.png","type":"image\/png"}],"twitter_card":"summary_large_image","twitter_misc":{"Est. reading time":"2 minuti"},"schema":{"@context":"https:\/\/schema.org","@graph":[{"@type":"WebPage","@id":"https:\/\/www.iskreni.net\/trgovina\/product\/darilni-bon-drzni-pustolovec\/","url":"https:\/\/www.iskreni.net\/trgovina\/product\/darilni-bon-drzni-pustolovec\/","name":"Darilni bon - Drzni pustolovec - Zavod Iskreni","isPartOf":{"@id":"https:\/\/www.iskreni.net\/trgovina\/#website"},"primaryImageOfPage":{"@id":"https:\/\/www.iskreni.net\/trgovina\/product\/darilni-bon-drzni-pustolovec\/#primaryimage"},"image":{"@id":"https:\/\/www.iskreni.net\/trgovina\/product\/darilni-bon-drzni-pustolovec\/#primaryimage"},"thumbnailUrl":"https:\/\/www.iskreni.net\/trgovina\/wp-content\/uploads\/2025\/06\/Darilni-bon-drzni-pustolovec_jvadrat.png","datePublished":"2025-06-09T11:55:20+00:00","dateModified":"2025-06-09T12:06:23+00:00","description":"Podarite edinstveno do\u017eivetje: darilni bon za delavnico Drzni pustolovec!","breadcrumb":{"@id":"https:\/\/www.iskreni.net\/trgovina\/product\/darilni-bon-drzni-pustolovec\/#breadcrumb"},"inLanguage":"sl-SI","potentialAction":[{"@type":"ReadAction","target":["https:\/\/www.iskreni.net\/trgovina\/product\/darilni-bon-drzni-pustolovec\/"]}]},{"@type":"ImageObject","inLanguage":"sl-SI","@id":"https:\/\/www.iskreni.net\/trgovina\/product\/darilni-bon-drzni-pustolovec\/#primaryimage","url":"https:\/\/www.iskreni.net\/trgovina\/wp-content\/uploads\/2025\/06\/Darilni-bon-drzni-pustolovec_jvadrat.png","contentUrl":"https:\/\/www.iskreni.net\/trgovina\/wp-content\/uploads\/2025\/06\/Darilni-bon-drzni-pustolovec_jvadrat.png","width":1240,"height":1240},{"@type":"BreadcrumbList","@id":"https:\/\/www.iskreni.net\/trgovina\/product\/darilni-bon-drzni-pustolovec\/#breadcrumb","itemListElement":[{"@type":"ListItem","position":1,"name":"Home","item":"https:\/\/www.iskreni.net\/trgovina\/"},{"@type":"ListItem","position":2,"name":"Trgovina","item":"https:\/\/www.iskreni.net\/trgovina\/trgovina\/"},{"@type":"ListItem","position":3,"name":"Darilni bon &#8211; Drzni pustolovec"}]},{"@type":"WebSite","@id":"https:\/\/www.iskreni.net\/trgovina\/#website","url":"https:\/\/www.iskreni.net\/trgovina\/","name":"Zavod Iskreni","description":"trgovina","potentialAction":[{"@type":"SearchAction","target":{"@type":"EntryPoint","urlTemplate":"https:\/\/www.iskreni.net\/trgovina\/?s={search_term_string}"},"query-input":{"@type":"PropertyValueSpecification","valueRequired":true,"valueName":"search_term_string"}}],"inLanguage":"sl-SI"}]}},"_links":{"self":[{"href":"https:\/\/www.iskreni.net\/trgovina\/wp-json\/wp\/v2\/product\/87353","targetHints":{"allow":["GET"]}}],"collection":[{"href":"https:\/\/www.iskreni.net\/trgovina\/wp-json\/wp\/v2\/product"}],"about":[{"href":"https:\/\/www.iskreni.net\/trgovina\/wp-json\/wp\/v2\/types\/product"}],"replies":[{"embeddable":true,"href":"https:\/\/www.iskreni.net\/trgovina\/wp-json\/wp\/v2\/comments?post=87353"}],"version-history":[{"count":2,"href":"https:\/\/www.iskreni.net\/trgovina\/wp-json\/wp\/v2\/product\/87353\/revisions"}],"predecessor-version":[{"id":87357,"href":"https:\/\/www.iskreni.net\/trgovina\/wp-json\/wp\/v2\/product\/87353\/revisions\/87357"}],"wp:featuredmedia":[{"embeddable":true,"href":"https:\/\/www.iskreni.net\/trgovina\/wp-json\/wp\/v2\/media\/87354"}],"wp:attachment":[{"href":"https:\/\/www.iskreni.net\/trgovina\/wp-json\/wp\/v2\/media?parent=87353"}],"wp:term":[{"taxonomy":"product_brand","embeddable":true,"href":"https:\/\/www.iskreni.net\/trgovina\/wp-json\/wp\/v2\/product_brand?post=87353"},{"taxonomy":"product_cat","embeddable":true,"href":"https:\/\/www.iskreni.net\/trgovina\/wp-json\/wp\/v2\/product_cat?post=87353"},{"taxonomy":"product_tag","embeddable":true,"href":"https:\/\/www.iskreni.net\/trgovina\/wp-json\/wp\/v2\/product_tag?post=87353"},{"taxonomy":"avtor","embeddable":true,"href":"https:\/\/www.iskreni.net\/trgovina\/wp-json\/wp\/v2\/avtor?post=87353"},{"taxonomy":"zalozba","embeddable":true,"href":"https:\/\/www.iskreni.net\/trgovina\/wp-json\/wp\/v2\/zalozba?post=87353"},{"taxonomy":"vezava","embeddable":true,"href":"https:\/\/www.iskreni.net\/trgovina\/wp-json\/wp\/v2\/vezava?post=87353"}],"curies":[{"name":"wp","href":"https:\/\/api.w.org\/{rel}","templated":true}]}}