{"id":87239,"date":"2025-06-02T11:55:07","date_gmt":"2025-06-02T09:55:07","guid":{"rendered":"https:\/\/www.iskreni.net\/trgovina\/?post_type=product&#038;p=87239"},"modified":"2025-09-17T13:06:25","modified_gmt":"2025-09-17T11:06:25","slug":"ravnateljeva-hci","status":"publish","type":"product","link":"https:\/\/www.iskreni.net\/trgovina\/product\/ravnateljeva-hci\/","title":{"rendered":"Ravnateljeva h\u010di"},"content":{"rendered":"<h3>O knjigi<\/h3>\n<p>Novembra 2014 je Slovenijo pretresel spolni \u0161kandal na eni izmed mariborskih srednjih \u0161ol, ko naj bi dijaki v enem izmed \u0161olskih kabinetov med seksom ujeli in posneli ravnatelja in profesorico. Posnetek seksa je nekdo objavil na spletu in potem se je za\u010delo. Mediji so iz tega posnetka naredili zgodbo. Zgodbo, ki je bila skoraj \u0161tirinajst dni glavna tematika marsikatere oddaje in \u010dasopisa. V to zgodbo se je vsak dan vklju\u010devalo ve\u010d ljudi in vsi so se po\u010dutili poklicane, da o zadevi izrazijo svoje mnenje. In po \u0161tirinajstih dneh je ta zgodba dobila tragi\u010den epilog. Ravnatelj je storil samomor.<\/p>\n<h3>Iz knjige<\/h3>\n<p>Ko sem ozdravljena vse bole\u010dine zadnji\u010d stopila skozi vrata zdravstvenega doma, sem sama sebi obljubila, da moja zgodba ne bo pozabljena. Da bo moj o\u010de skozi moje besede \u017eivel dalje in da bo moj glas tisti, ki bo v prihodnje prepre\u010deval podobne tragedije.<\/p>\n<p>\u017divljenje je pot od rojstva do smrti. Je pot, po kateri stopamo. So izku\u0161nje, ki nas u\u010dijo, in preizku\u0161nje, ki nas utrjujejo. So dogodki, ki nas izoblikujejo. Vsak izmed nas stopa po svoji poti in niti ena pot ni enaka drugi. Vsem pa nam je skupno, da je na\u0161a pot nepredvidljiva in da nih\u010de izmed nas ne ve to\u010dno, kaj ga na tej poti \u010daka.<\/p>\n<p>O\u010detova afera je bila zame dobra lekcija. Nau\u010dila me je ogromno \u2013 o odnosih, ljudeh, zaupanju in pravem prijateljstvu. Dala mi je izku\u0161njo, za katero ne morem re\u010di, da sem hvale\u017ena, vseeno pa \u010dutim, da lahko iz nje naredim marsikaj dobrega. Na \u017ealost pa me je pripeljala tudi do spoznanja, da zloba ljudi nima meja.<\/p>\n<blockquote><p>Besede bolijo. In uni\u010dujejo bolj kot udarci. Udarcem lahko ube\u017ei\u0161, besedam ne. Besede te spremljajo. Sli\u0161i\u0161 jih, \u010deprav se trudi\u0161, da jih ne. In dotaknejo se te, \u010deprav tvoj ponos tega ne prizna.<\/p><\/blockquote>\n<p>\u017delim si, da kot dru\u017eba pridemo do to\u010dke, ko samomor in du\u0161evno zdravje ne bosta ve\u010d tabu temi. Da bo vsak posameznik \u017ee kot otrok nau\u010den, da je tak\u0161en, kakr\u0161en je, najbolj\u0161a verzija sebe, da predstavlja nekaj unikatnega in da ga je okolica dol\u017ena sprejeti, kakr\u0161enkoli \u017ee je. \u017delim si, da vzgoja otrok postane tak\u0161na, da bodo otroci druga\u010dnost sprejemali kot nekaj normalnega. Da bomo psihi\u010dno nasilje obsodili \u0161e bolj in otroke nau\u010dili, da je nedopustljivo izvajati kakr\u0161nokoli obliko nasilja, tudi \u010de kdo kdaj ni po tvojem okusu. Otroci so ogledalo odraslih in spremembe na bolje se bodo za\u010dele dogajati samo, ko in \u010de se bo najprej na bolje spremenil vsak izmed nas.<\/p>\n<p>To knjigo sem v prvi vrsti napisala kot spomin nate in z veliko \u017eeljo, da ta knjiga re\u0161i kak\u0161no \u017eivljenje. Ali pa vsaj prepre\u010di, da bo nekdo neko\u010d spet obsojen, kot si bil ti. Kajti tega si ne zaslu\u017ei nih\u010de, sploh pa ne \u010dlovek, ki ima tako dobro srce, kot si ga imel ti. In \u010de mi bo s to knjigo uspelo narediti vsaj nekaj dobrega, bom imela ob\u010dutek, da se je tvoj samomor vseeno zgodil z nekim namenom. In da si z njim nekaj dosegel. Tako mi je vse skupaj la\u017eje sprejeti. Pa \u010deprav smo vsi skupaj za to pla\u010dali visoko ceno.<\/p>\n<p>(Str. 138)<\/p>\n<p><strong><span class=\"fontstyle2\">Moje ime je Ana in sem ravnateljeva h\u010di.<\/span><\/strong><\/p>\n<p><span class=\"text-orange\">\u00bbJokala sem ob branju in verjetno bi, tudi \u010de Anine zgodbe ne bi poznala tako podrobno. Jokala predvsem zato, ker je svet \u0161e vedno poln sovra\u017enih komentarjev in ker vem, da nikoli ne bo bistveno druga\u010de. Prav vsak bi moral prebrati to knjigo. Morda bo zaradi te zgodbe zlonamernih zapisov na dru\u017ebenih omre\u017ejih manj. Beseda je namre\u010d kot kamen, kamor pade, pusti sled. Vem, da je Ana zapisala svoje ob\u010dutke zato, da bi pomagala drugim v podobnih stiskah. Jaz pa si \u017eelim, da bi to njeno bole\u010dino za\u010dutili novinarji. Ja, to naj bo priro\u010dnik zanje. Nosijo veliko ve\u010djo odgovornost kot (najve\u010dkrat anonimni) zlobne\u017ei, ki si drznejo pisati in soditi o zasebnosti drugih.\u00ab<\/span>\u00a0&#8211; Nata\u0161a Pirc Musar<\/p>\n<h3>O avtorici<\/h3>\n<p>Moje \u017eivljenje je pisano kot mavrica. Marsikaj me veseli in veliko trenutkov v \u017eivljenju bi lahko opisala kot tak\u0161ne, za katere lahko re\u010dem, da \u017eivim.<\/p>\n<p>Sem Ana in NISEM SAMO RAVNATELJEVA H\u010cI. Sem diplomirana fizioterapevtka, ki se je za \u0161tudij fizioterapije odlo\u010dila z \u017eeljo, da neko\u010d pomaga osebam s posebnimi potrebami. Sem velika ljubiteljica \u017eivali in ponosna lastnica posvojene muce Naomi. Sem dekle \u010dudovitemu fantu, sem h\u010dera, sestra, vnukinja, prijateljica \u2026 in \u0161e bi lahko bi na\u0161tevala. Obkro\u017ea me veliko \u010dudovitih ljudi, ki predstavljajo moj navdih in so moje zavetje v te\u017ekih dneh. Sem tudi velika ljubiteljica narave, obo\u017eujem morje in Kranjsko Goro. Od vseh vlog, ki jih v \u017eivljenju imam, pa mi je najljub\u0161a tista, v kateri sem TETA.<\/p>\n<p>Moji najbli\u017eji so tako kot jaz prestali ogromno in neko\u010d \u017ee na lastni ko\u017ei ob\u010dutili, kako zelo lahko boli zloba ljudi. Zato je moja dol\u017enost, da jih v teh trenutkih, ko ponovno odpiram na\u0161e stare rane, v popolnosti za\u0161\u010ditim.<\/p>\n<p>Pred vami torej stojim predvsem kot Ravnateljeva h\u010di. Dekle, ki so ji zlobne besede ubile o\u010deta in za trenutek odvzele VSE, v kar je verjela. Dekle, ki se je po\u010dutilo krivo, da je njen o\u010de storil samomor, in dekle, ki je v nekem trenutku ostalo samo in ni ne vedelo in ne znalo, kako naprej. Pred vami pa stojim tudi kot dekle, KI SE JE POBRALO. Ki si je dovolilo sprejeti pomo\u010d in ni dovolilo, da bi se Novembra 2014 ustavilo tudi njeno \u017eivljenje.<\/p>\n<p>Pred vami torej stojim kot Ravnateljeva h\u010di. Knjigo sem napisala v \u017eelji, da moje besede pomagajo ljudem, ki se znajdejo v stiski, in predvsem prepre\u010dijo, da bi se \u0161e kdaj kje pojavila kak\u0161na \u201cRavnateljeva h\u010di\u201d. Naj bo moja knjiga v spomin mojemu o\u010detu in predvsem opomin, da imajo tudi besede mo\u010d. In to \u0161e kako veliko mo\u010d.<\/p>\n","protected":false},"excerpt":{"rendered":"<p><strong>\u0160tevilo strani:<\/strong> 124<br \/>\n<strong>Format strani:<\/strong> 140 x 210 mm<br \/>\n<strong>Leto izdaje:<\/strong> 2024<\/p>\n","protected":false},"featured_media":87241,"comment_status":"open","ping_status":"closed","template":"","meta":[],"product_brand":[],"product_cat":[2322,2325,63],"product_tag":[2915,3090,3092,3091],"avtor":[3087],"zalozba":[3089],"vezava":[2635],"class_list":{"0":"post-87239","1":"product","2":"type-product","3":"status-publish","4":"has-post-thumbnail","6":"product_cat-druzina-in-odnosi","7":"product_cat-leposlovje","8":"product_cat-knjige","9":"product_tag-avtobiografija","10":"product_tag-leposlovje","11":"product_tag-samomor","12":"product_tag-spomin","13":"avtor-ana-kamenik","14":"zalozba-zalozba-5ka","15":"vezava-mehka-z-zavihki","17":"first","18":"instock","19":"taxable","20":"shipping-taxable","21":"purchasable","22":"product-type-simple"},"yoast_head":"<!-- This site is optimized with the Yoast SEO plugin v26.3 - https:\/\/yoast.com\/wordpress\/plugins\/seo\/ -->\n<title>Ravnateljeva h\u010di<\/title>\n<meta name=\"description\" content=\"To knjigo sem v prvi vrsti napisala kot spomin nate in z veliko \u017eeljo, da ta knjiga re\u0161i kak\u0161no \u017eivljenje. Ali pa vsaj prepre\u010di, da bo nekdo neko\u010d spet obsojen, kot si bil ti.\" \/>\n<meta name=\"robots\" content=\"index, follow, max-snippet:-1, max-image-preview:large, max-video-preview:-1\" \/>\n<link rel=\"canonical\" href=\"https:\/\/www.iskreni.net\/trgovina\/product\/ravnateljeva-hci\/\" \/>\n<meta property=\"og:locale\" content=\"sl_SI\" \/>\n<meta property=\"og:type\" content=\"article\" \/>\n<meta property=\"og:title\" content=\"Ravnateljeva h\u010di\" \/>\n<meta property=\"og:description\" content=\"To knjigo sem v prvi vrsti napisala kot spomin nate in z veliko \u017eeljo, da ta knjiga re\u0161i kak\u0161no \u017eivljenje. Ali pa vsaj prepre\u010di, da bo nekdo neko\u010d spet obsojen, kot si bil ti.\" \/>\n<meta property=\"og:url\" content=\"https:\/\/www.iskreni.net\/trgovina\/product\/ravnateljeva-hci\/\" \/>\n<meta property=\"og:site_name\" content=\"Zavod Iskreni\" \/>\n<meta property=\"article:modified_time\" content=\"2025-09-17T11:06:25+00:00\" \/>\n<meta property=\"og:image\" content=\"https:\/\/www.iskreni.net\/trgovina\/wp-content\/uploads\/2025\/06\/ravnateljeva-hci.jpg\" \/>\n\t<meta property=\"og:image:width\" content=\"720\" \/>\n\t<meta property=\"og:image:height\" content=\"720\" \/>\n\t<meta property=\"og:image:type\" content=\"image\/jpeg\" \/>\n<meta name=\"twitter:card\" content=\"summary_large_image\" \/>\n<meta name=\"twitter:label1\" content=\"Est. reading time\" \/>\n\t<meta name=\"twitter:data1\" content=\"6 minut\" \/>\n<script type=\"application\/ld+json\" class=\"yoast-schema-graph\">{\"@context\":\"https:\/\/schema.org\",\"@graph\":[{\"@type\":\"WebPage\",\"@id\":\"https:\/\/www.iskreni.net\/trgovina\/product\/ravnateljeva-hci\/\",\"url\":\"https:\/\/www.iskreni.net\/trgovina\/product\/ravnateljeva-hci\/\",\"name\":\"Ravnateljeva h\u010di\",\"isPartOf\":{\"@id\":\"https:\/\/www.iskreni.net\/trgovina\/#website\"},\"primaryImageOfPage\":{\"@id\":\"https:\/\/www.iskreni.net\/trgovina\/product\/ravnateljeva-hci\/#primaryimage\"},\"image\":{\"@id\":\"https:\/\/www.iskreni.net\/trgovina\/product\/ravnateljeva-hci\/#primaryimage\"},\"thumbnailUrl\":\"https:\/\/www.iskreni.net\/trgovina\/wp-content\/uploads\/2025\/06\/ravnateljeva-hci.jpg\",\"datePublished\":\"2025-06-02T09:55:07+00:00\",\"dateModified\":\"2025-09-17T11:06:25+00:00\",\"description\":\"To knjigo sem v prvi vrsti napisala kot spomin nate in z veliko \u017eeljo, da ta knjiga re\u0161i kak\u0161no \u017eivljenje. Ali pa vsaj prepre\u010di, da bo nekdo neko\u010d spet obsojen, kot si bil ti.\",\"breadcrumb\":{\"@id\":\"https:\/\/www.iskreni.net\/trgovina\/product\/ravnateljeva-hci\/#breadcrumb\"},\"inLanguage\":\"sl-SI\",\"potentialAction\":[{\"@type\":\"ReadAction\",\"target\":[\"https:\/\/www.iskreni.net\/trgovina\/product\/ravnateljeva-hci\/\"]}]},{\"@type\":\"ImageObject\",\"inLanguage\":\"sl-SI\",\"@id\":\"https:\/\/www.iskreni.net\/trgovina\/product\/ravnateljeva-hci\/#primaryimage\",\"url\":\"https:\/\/www.iskreni.net\/trgovina\/wp-content\/uploads\/2025\/06\/ravnateljeva-hci.jpg\",\"contentUrl\":\"https:\/\/www.iskreni.net\/trgovina\/wp-content\/uploads\/2025\/06\/ravnateljeva-hci.jpg\",\"width\":720,\"height\":720,\"caption\":\"Ravnateljeva h\u010di\"},{\"@type\":\"BreadcrumbList\",\"@id\":\"https:\/\/www.iskreni.net\/trgovina\/product\/ravnateljeva-hci\/#breadcrumb\",\"itemListElement\":[{\"@type\":\"ListItem\",\"position\":1,\"name\":\"Home\",\"item\":\"https:\/\/www.iskreni.net\/trgovina\/\"},{\"@type\":\"ListItem\",\"position\":2,\"name\":\"Trgovina\",\"item\":\"https:\/\/www.iskreni.net\/trgovina\/trgovina\/\"},{\"@type\":\"ListItem\",\"position\":3,\"name\":\"Ravnateljeva h\u010di\"}]},{\"@type\":\"WebSite\",\"@id\":\"https:\/\/www.iskreni.net\/trgovina\/#website\",\"url\":\"https:\/\/www.iskreni.net\/trgovina\/\",\"name\":\"Zavod Iskreni\",\"description\":\"trgovina\",\"potentialAction\":[{\"@type\":\"SearchAction\",\"target\":{\"@type\":\"EntryPoint\",\"urlTemplate\":\"https:\/\/www.iskreni.net\/trgovina\/?s={search_term_string}\"},\"query-input\":{\"@type\":\"PropertyValueSpecification\",\"valueRequired\":true,\"valueName\":\"search_term_string\"}}],\"inLanguage\":\"sl-SI\"}]}<\/script>\n<!-- \/ Yoast SEO plugin. -->","yoast_head_json":{"title":"Ravnateljeva h\u010di","description":"To knjigo sem v prvi vrsti napisala kot spomin nate in z veliko \u017eeljo, da ta knjiga re\u0161i kak\u0161no \u017eivljenje. Ali pa vsaj prepre\u010di, da bo nekdo neko\u010d spet obsojen, kot si bil ti.","robots":{"index":"index","follow":"follow","max-snippet":"max-snippet:-1","max-image-preview":"max-image-preview:large","max-video-preview":"max-video-preview:-1"},"canonical":"https:\/\/www.iskreni.net\/trgovina\/product\/ravnateljeva-hci\/","og_locale":"sl_SI","og_type":"article","og_title":"Ravnateljeva h\u010di","og_description":"To knjigo sem v prvi vrsti napisala kot spomin nate in z veliko \u017eeljo, da ta knjiga re\u0161i kak\u0161no \u017eivljenje. Ali pa vsaj prepre\u010di, da bo nekdo neko\u010d spet obsojen, kot si bil ti.","og_url":"https:\/\/www.iskreni.net\/trgovina\/product\/ravnateljeva-hci\/","og_site_name":"Zavod Iskreni","article_modified_time":"2025-09-17T11:06:25+00:00","og_image":[{"width":720,"height":720,"url":"https:\/\/www.iskreni.net\/trgovina\/wp-content\/uploads\/2025\/06\/ravnateljeva-hci.jpg","type":"image\/jpeg"}],"twitter_card":"summary_large_image","twitter_misc":{"Est. reading time":"6 minut"},"schema":{"@context":"https:\/\/schema.org","@graph":[{"@type":"WebPage","@id":"https:\/\/www.iskreni.net\/trgovina\/product\/ravnateljeva-hci\/","url":"https:\/\/www.iskreni.net\/trgovina\/product\/ravnateljeva-hci\/","name":"Ravnateljeva h\u010di","isPartOf":{"@id":"https:\/\/www.iskreni.net\/trgovina\/#website"},"primaryImageOfPage":{"@id":"https:\/\/www.iskreni.net\/trgovina\/product\/ravnateljeva-hci\/#primaryimage"},"image":{"@id":"https:\/\/www.iskreni.net\/trgovina\/product\/ravnateljeva-hci\/#primaryimage"},"thumbnailUrl":"https:\/\/www.iskreni.net\/trgovina\/wp-content\/uploads\/2025\/06\/ravnateljeva-hci.jpg","datePublished":"2025-06-02T09:55:07+00:00","dateModified":"2025-09-17T11:06:25+00:00","description":"To knjigo sem v prvi vrsti napisala kot spomin nate in z veliko \u017eeljo, da ta knjiga re\u0161i kak\u0161no \u017eivljenje. Ali pa vsaj prepre\u010di, da bo nekdo neko\u010d spet obsojen, kot si bil ti.","breadcrumb":{"@id":"https:\/\/www.iskreni.net\/trgovina\/product\/ravnateljeva-hci\/#breadcrumb"},"inLanguage":"sl-SI","potentialAction":[{"@type":"ReadAction","target":["https:\/\/www.iskreni.net\/trgovina\/product\/ravnateljeva-hci\/"]}]},{"@type":"ImageObject","inLanguage":"sl-SI","@id":"https:\/\/www.iskreni.net\/trgovina\/product\/ravnateljeva-hci\/#primaryimage","url":"https:\/\/www.iskreni.net\/trgovina\/wp-content\/uploads\/2025\/06\/ravnateljeva-hci.jpg","contentUrl":"https:\/\/www.iskreni.net\/trgovina\/wp-content\/uploads\/2025\/06\/ravnateljeva-hci.jpg","width":720,"height":720,"caption":"Ravnateljeva h\u010di"},{"@type":"BreadcrumbList","@id":"https:\/\/www.iskreni.net\/trgovina\/product\/ravnateljeva-hci\/#breadcrumb","itemListElement":[{"@type":"ListItem","position":1,"name":"Home","item":"https:\/\/www.iskreni.net\/trgovina\/"},{"@type":"ListItem","position":2,"name":"Trgovina","item":"https:\/\/www.iskreni.net\/trgovina\/trgovina\/"},{"@type":"ListItem","position":3,"name":"Ravnateljeva h\u010di"}]},{"@type":"WebSite","@id":"https:\/\/www.iskreni.net\/trgovina\/#website","url":"https:\/\/www.iskreni.net\/trgovina\/","name":"Zavod Iskreni","description":"trgovina","potentialAction":[{"@type":"SearchAction","target":{"@type":"EntryPoint","urlTemplate":"https:\/\/www.iskreni.net\/trgovina\/?s={search_term_string}"},"query-input":{"@type":"PropertyValueSpecification","valueRequired":true,"valueName":"search_term_string"}}],"inLanguage":"sl-SI"}]}},"_links":{"self":[{"href":"https:\/\/www.iskreni.net\/trgovina\/wp-json\/wp\/v2\/product\/87239","targetHints":{"allow":["GET"]}}],"collection":[{"href":"https:\/\/www.iskreni.net\/trgovina\/wp-json\/wp\/v2\/product"}],"about":[{"href":"https:\/\/www.iskreni.net\/trgovina\/wp-json\/wp\/v2\/types\/product"}],"replies":[{"embeddable":true,"href":"https:\/\/www.iskreni.net\/trgovina\/wp-json\/wp\/v2\/comments?post=87239"}],"version-history":[{"count":2,"href":"https:\/\/www.iskreni.net\/trgovina\/wp-json\/wp\/v2\/product\/87239\/revisions"}],"predecessor-version":[{"id":87244,"href":"https:\/\/www.iskreni.net\/trgovina\/wp-json\/wp\/v2\/product\/87239\/revisions\/87244"}],"wp:featuredmedia":[{"embeddable":true,"href":"https:\/\/www.iskreni.net\/trgovina\/wp-json\/wp\/v2\/media\/87241"}],"wp:attachment":[{"href":"https:\/\/www.iskreni.net\/trgovina\/wp-json\/wp\/v2\/media?parent=87239"}],"wp:term":[{"taxonomy":"product_brand","embeddable":true,"href":"https:\/\/www.iskreni.net\/trgovina\/wp-json\/wp\/v2\/product_brand?post=87239"},{"taxonomy":"product_cat","embeddable":true,"href":"https:\/\/www.iskreni.net\/trgovina\/wp-json\/wp\/v2\/product_cat?post=87239"},{"taxonomy":"product_tag","embeddable":true,"href":"https:\/\/www.iskreni.net\/trgovina\/wp-json\/wp\/v2\/product_tag?post=87239"},{"taxonomy":"avtor","embeddable":true,"href":"https:\/\/www.iskreni.net\/trgovina\/wp-json\/wp\/v2\/avtor?post=87239"},{"taxonomy":"zalozba","embeddable":true,"href":"https:\/\/www.iskreni.net\/trgovina\/wp-json\/wp\/v2\/zalozba?post=87239"},{"taxonomy":"vezava","embeddable":true,"href":"https:\/\/www.iskreni.net\/trgovina\/wp-json\/wp\/v2\/vezava?post=87239"}],"curies":[{"name":"wp","href":"https:\/\/api.w.org\/{rel}","templated":true}]}}