{"id":87221,"date":"2025-06-02T10:30:37","date_gmt":"2025-06-02T08:30:37","guid":{"rendered":"https:\/\/www.iskreni.net\/trgovina\/?post_type=product&#038;p=87221"},"modified":"2026-04-24T11:16:04","modified_gmt":"2026-04-24T09:16:04","slug":"zarota-judezev","status":"publish","type":"product","link":"https:\/\/www.iskreni.net\/trgovina\/product\/zarota-judezev\/","title":{"rendered":"Zarota jude\u017eev"},"content":{"rendered":"<h3>Avtor o knjigi Zarota jude\u017eev:<\/h3>\n<p>V za\u010detku leta 2021 je minilo \u017ee deset let od <strong>finan\u010dnega zloma Nad\u0161kofije Maribor<\/strong>, ki so ga izvedli jude\u017ei, toda med primarnimi \u017ertvami zarote \u0161e vedno ni bilo pripravljenosti za sodelovanje v pripravi avtenti\u010dnega prikaza dejanskega gospodarjenja Nad\u0161kofije Maribor na osnovi arhivske dokumentacije. Ker je bila zaradi tega <strong>javnost \u0161e vedno zavedena<\/strong>, proticerkvena propaganda v nekaterih medijih pa se je celo stopnjevala, sem sam za\u010del urejati dokumentacijo in pripravljati kon\u010dno besedilo za knjigo. Vodila me je \u017eelja, da se po krivici omade\u017eevana Nad\u0161kofija Maribor, ki sem ji bil desetletja predan, ustrezno rehabilitira. <strong>Javnost mora spoznati resnico<\/strong>, ki so jo jude\u017ei poteptali. Javnost mora vedeti, kdo je v resnici povzro\u010dil finan\u010dni zlom Zvonov holdingov in tako o\u0161kodoval Nad\u0161kofijo Maribor in 35.427 malih delni\u010darjev. Javnost mora vedeti, da so jude\u017ei izvedli manipulacijo \u2018tiso\u010dletja\u2019. Manipulacijo te vrste, ki spominja na delovanje demonskih sil, je v duhu evangelija treba razkrinkati.<\/p>\n<p class=\"gb-text gb-text-ccfcb879\">Knjiga Zarota jude\u017eev <strong>razkriva dogodke in okoli\u0161\u010dine vzpona in na\u010drtnega uni\u010denja gospodarskega sistema Nad\u0161kofje Maribor<\/strong>, s posebnim poudarkom na holdingih Zvon ena in Zvon dva. Vsebinska osnova knjige je <strong>obse\u017ena dokumentacija<\/strong>, osebne <strong>izku\u0161nje pisca<\/strong>, prispevek <strong>nad\u0161kofa dr. Franca Krambergerja<\/strong>, spoznanja <strong>vatikanskega izvedenca msgr. Milana Sim\u010di\u0107a<\/strong> in strokovne <strong>ugotovitve priznanih ekonomistov in pravnikov<\/strong> o globalni ekonomski in fnan\u010dni krizi v letih 2008\u20132012.<br \/>\nKrizno stanje je omogo\u010dilo zaroto jude\u017eev, da so s sistemsko korupcijo, medijskim zavajanjem javnosti in demoniziranjem gospodarjenja pred nastopom krize izvedli rop stoletja. <strong>Zavedena javnost je la\u017e sprejela<\/strong> za resnico in se odzvala s krivi\u010dnimi obsodbami gre\u0161nih kozlov.<br \/>\nV civilni in cerkveni sferi so odpovedale dobronamernost, solidarnost in preudarnost. Jude\u017ei so krizo in to stanje duha zlorabili in izsilili ste\u010daj Zvonov. S tem so mo\u010dno <strong>o\u0161kodovali Nad\u0161kofjo Maribor<\/strong> in 35.427 malih delni\u010darjev ter povzro\u010dili nezaupanje do Cerkve.<br \/>\nZato knjiga izpolnjuje moralni dolg do krivi\u010dno omade\u017eevane Nad\u0161kofje Maribor in do razo\u010daranih, izdajalsko ogoljufanih delni\u010darjev. V razmislek daje pobudo za popravo krivic, in sicer s sklenitvijo gospodarskega sporazuma med Svetim sede\u017eem in Republiko Slovenijo. Z analizo, kako se \u010dlovek odziva na preizku\u0161nje, pa knjiga razkriva osnove osebnega in sistemskega zla.<\/p>\n<h3>O avtorju<\/h3>\n<p><strong>Mirko Kra\u0161ovec <\/strong> je bil rojen 18. 7. 1947 v Sodni vasi pri Pod\u010detrtku. Osnovno \u0161olo je obiskoval v Pod\u010detrtku, nato pa 2. dr\u017eavno gimnazijo v Mariboru. \u0160tudiral je teologijo na Teolo\u0161ki fakulteti v Ljubljani in Mariboru. Leta 1972 je bil posve\u010den v duhovnika. Od avgusta 1972 do marca 1985 je opravljal pastoralno delo v Pod\u010detrtku, Olimju in Bu\u010dah, najprej kot duhovni pomo\u010dnik in \u017eupnijski upravitelj, pozneje \u017eupnik v Pod\u010detrtku. To je bil \u010das intenzivnega pastoralnega dela z verniki ter obnove in gradnje cerkvenih objektov.<br \/>\nOd marca 1985 do 15. 11. 2010 je bil \u0161kofjski ekonom v Mariboru, od marca 1985 do avgusta 1994 pa \u0161e ekonom bogoslovnega semeni\u0161\u010da. Julija 1999 je bil imenovan za stolnega kanonika. Ta naziv mu je bil leta 2012 odvzet z dekretom Kongregacije za kler. Po razre\u0161itvi s funkcije ekonoma (15. 11. 2010) je opravljal pastoralno delo kot \u017eupnijski upravitelj v \u017eupnijah Sv. Jurij v Slovenskih goricah, Brezno ob Dravi in Rem\u0161nik. Od 26. 2. 2013 do 9. 6. 2017 je bil v \u2018izgnanstvu\u2019 v samostanu \u0160entpavel na avstrijskem Koro\u0161kem; tam je imel dobre razmere, da sem lahko uredil dokumentacijo za knjigo Zarota jude\u017eev.<br \/>\nOd leta 2012 do 2020 sta v Celju in Ljubljani zaradi krivih obto\u017eb potekala civilna sodna procesa v zvezi s projektom Betnava in delnicami Mladinske knjige. V tem okviru je od 9. 6. 2017 do 14. 9. 2017 v zaporu Rogoza prestajal \u2018vikend\u2019 zaporno kazen. V letih 2018 in 2019 sta se obe sojenji kon\u010dali z oprostilnima sodbama; leta 2019 in 2020 sta postali pravnomo\u010dni. Tako je bil opro\u0161\u010den vseh obto\u017eb. Leta 2019 je bil ponovno vklju\u010den v pastoralno delo. Od 24. 10. 2019 do 1. 8. 2021 je v \u017eupniji Sv. Andra\u017e v Slovenskih goricah najprej deloval kot duhovni pomo\u010dnik, od 1. 8. 2021 naprej pa kot \u017eupnijski upravitelj. \u017divi v Drbetincih v ob\u010dini Sveti Andra\u017e v Slovenskih goricah.<\/p>\n<h3>Drugi o knjigi Zarota jude\u017eev:<\/h3>\n<p class=\"gb-text citat-text\"><em><br \/>\nSojenje avtorju knjige Zarota jude\u017eev, Mirku Kra\u0161ovcu, in Nad\u0161kofiji Maribor ima vse elemente medijskega sojenja: javna obto\u017eba brez dokazov, manipuliranje z mno\u017eico, nepravi\u010dno sojenje in medijski lin\u010d. Jude\u017ei v tej zaroti so namre\u010d preusmerjali pozornost in ljudski gnev od resni\u010dnih finan\u010dnih postopkov v bankah k institucijam Cerkve in nekaterim posameznikom v njej, ki so sledili ekonomski teoriji in splo\u0161ni ban\u010dni praksi.<br \/>\n<\/em><strong>prof. dr. Ludvik Toplak<\/strong><\/p>\n<p class=\"gb-text citat-text\"><em>Knjiga razkriva metode in organizacijo lobijev iz ozadja sistemske korupcije pri ropu slovenskega premo\u017eenja v rokah Nad\u0161kofije Maribor ter malih vlagateljev Zvonov ena in dva. Iste metode so uporabili tudi pri \u00bbsanaciji\u00ab bank. Finan\u010dni \u00bbmorski psi\u00ab, kot so jih imenovali mediji, so najprej izsilili uradno cenitev vrednosti premo\u017eenja Zvonov in bank na negativno ni\u010dlo, nato pa njegovo razprodajo tujemu kapitalu.<br \/>\n<\/em><strong>zasl. prof. dr. Peter Glavi\u010d<\/strong><\/p>\n","protected":false},"excerpt":{"rendered":"<h4><span style=\"color: #ff0000;\">Razkritje ozadja sistemske korupcije in najve\u010dje gospodarske zarote v zgodovini Slovenije<\/span><\/h4>\n<p><strong>\u0160tevilo strani: <\/strong>1471<br \/>\n<strong>Format strani:<\/strong> 180 x 265 mm<br \/>\n<strong>Leto izdaje:<\/strong> 2025<\/p>\n","protected":false},"featured_media":87237,"comment_status":"open","ping_status":"closed","template":"","meta":[],"product_brand":[],"product_cat":[2326,63],"product_tag":[3083,3086,3082,2392],"avtor":[3081],"zalozba":[3042],"vezava":[2817],"class_list":{"0":"post-87221","1":"product","2":"type-product","3":"status-publish","4":"has-post-thumbnail","6":"product_cat-druzbena-vprasanja-in-humanistika","7":"product_cat-knjige","8":"product_tag-financni-zlom","9":"product_tag-katoliska-cerkev","10":"product_tag-nadskofija-maribor","11":"product_tag-politika","12":"avtor-mirko-krasovec","13":"zalozba-samozalozba","14":"vezava-trda-z-ovitkom","16":"first","17":"instock","18":"taxable","19":"shipping-taxable","20":"purchasable","21":"product-type-simple"},"yoast_head":"<!-- This site is optimized with the Yoast SEO plugin v26.3 - https:\/\/yoast.com\/wordpress\/plugins\/seo\/ -->\n<title>Zarota jude\u017eev<\/title>\n<meta name=\"description\" content=\"Dogodki in okoli\u0161\u010dine vzpona in na\u010drtnega uni\u010denja gospodarskega sistema Nad\u0161kofje Maribor, s posebnim poudarkom na holdingih Zvon ena in Zvon dva.\" \/>\n<meta name=\"robots\" content=\"index, follow, max-snippet:-1, max-image-preview:large, max-video-preview:-1\" \/>\n<link rel=\"canonical\" href=\"https:\/\/www.iskreni.net\/trgovina\/product\/zarota-judezev\/\" \/>\n<meta property=\"og:locale\" content=\"sl_SI\" \/>\n<meta property=\"og:type\" content=\"article\" \/>\n<meta property=\"og:title\" content=\"Zarota jude\u017eev\" \/>\n<meta property=\"og:description\" content=\"Dogodki in okoli\u0161\u010dine vzpona in na\u010drtnega uni\u010denja gospodarskega sistema Nad\u0161kofje Maribor, s posebnim poudarkom na holdingih Zvon ena in Zvon dva.\" \/>\n<meta property=\"og:url\" content=\"https:\/\/www.iskreni.net\/trgovina\/product\/zarota-judezev\/\" \/>\n<meta property=\"og:site_name\" content=\"Zavod Iskreni\" \/>\n<meta property=\"article:modified_time\" content=\"2026-04-24T09:16:04+00:00\" \/>\n<meta property=\"og:image\" content=\"https:\/\/www.iskreni.net\/trgovina\/wp-content\/uploads\/2025\/06\/Zarota-judezev-2-scaled.jpg\" \/>\n\t<meta property=\"og:image:width\" content=\"2560\" \/>\n\t<meta property=\"og:image:height\" content=\"2560\" \/>\n\t<meta property=\"og:image:type\" content=\"image\/jpeg\" \/>\n<meta name=\"twitter:card\" content=\"summary_large_image\" \/>\n<meta name=\"twitter:label1\" content=\"Est. reading time\" \/>\n\t<meta name=\"twitter:data1\" content=\"5 minut\" \/>\n<script type=\"application\/ld+json\" class=\"yoast-schema-graph\">{\"@context\":\"https:\/\/schema.org\",\"@graph\":[{\"@type\":\"WebPage\",\"@id\":\"https:\/\/www.iskreni.net\/trgovina\/product\/zarota-judezev\/\",\"url\":\"https:\/\/www.iskreni.net\/trgovina\/product\/zarota-judezev\/\",\"name\":\"Zarota jude\u017eev\",\"isPartOf\":{\"@id\":\"https:\/\/www.iskreni.net\/trgovina\/#website\"},\"primaryImageOfPage\":{\"@id\":\"https:\/\/www.iskreni.net\/trgovina\/product\/zarota-judezev\/#primaryimage\"},\"image\":{\"@id\":\"https:\/\/www.iskreni.net\/trgovina\/product\/zarota-judezev\/#primaryimage\"},\"thumbnailUrl\":\"https:\/\/www.iskreni.net\/trgovina\/wp-content\/uploads\/2025\/06\/Zarota-judezev-2-scaled.jpg\",\"datePublished\":\"2025-06-02T08:30:37+00:00\",\"dateModified\":\"2026-04-24T09:16:04+00:00\",\"description\":\"Dogodki in okoli\u0161\u010dine vzpona in na\u010drtnega uni\u010denja gospodarskega sistema Nad\u0161kofje Maribor, s posebnim poudarkom na holdingih Zvon ena in Zvon dva.\",\"breadcrumb\":{\"@id\":\"https:\/\/www.iskreni.net\/trgovina\/product\/zarota-judezev\/#breadcrumb\"},\"inLanguage\":\"sl-SI\",\"potentialAction\":[{\"@type\":\"ReadAction\",\"target\":[\"https:\/\/www.iskreni.net\/trgovina\/product\/zarota-judezev\/\"]}]},{\"@type\":\"ImageObject\",\"inLanguage\":\"sl-SI\",\"@id\":\"https:\/\/www.iskreni.net\/trgovina\/product\/zarota-judezev\/#primaryimage\",\"url\":\"https:\/\/www.iskreni.net\/trgovina\/wp-content\/uploads\/2025\/06\/Zarota-judezev-2-scaled.jpg\",\"contentUrl\":\"https:\/\/www.iskreni.net\/trgovina\/wp-content\/uploads\/2025\/06\/Zarota-judezev-2-scaled.jpg\",\"width\":2560,\"height\":2560,\"caption\":\"Zarota Jude\u017eev\"},{\"@type\":\"BreadcrumbList\",\"@id\":\"https:\/\/www.iskreni.net\/trgovina\/product\/zarota-judezev\/#breadcrumb\",\"itemListElement\":[{\"@type\":\"ListItem\",\"position\":1,\"name\":\"Home\",\"item\":\"https:\/\/www.iskreni.net\/trgovina\/\"},{\"@type\":\"ListItem\",\"position\":2,\"name\":\"Trgovina\",\"item\":\"https:\/\/www.iskreni.net\/trgovina\/trgovina\/\"},{\"@type\":\"ListItem\",\"position\":3,\"name\":\"Zarota jude\u017eev\"}]},{\"@type\":\"WebSite\",\"@id\":\"https:\/\/www.iskreni.net\/trgovina\/#website\",\"url\":\"https:\/\/www.iskreni.net\/trgovina\/\",\"name\":\"Zavod Iskreni\",\"description\":\"trgovina\",\"potentialAction\":[{\"@type\":\"SearchAction\",\"target\":{\"@type\":\"EntryPoint\",\"urlTemplate\":\"https:\/\/www.iskreni.net\/trgovina\/?s={search_term_string}\"},\"query-input\":{\"@type\":\"PropertyValueSpecification\",\"valueRequired\":true,\"valueName\":\"search_term_string\"}}],\"inLanguage\":\"sl-SI\"}]}<\/script>\n<!-- \/ Yoast SEO plugin. -->","yoast_head_json":{"title":"Zarota jude\u017eev","description":"Dogodki in okoli\u0161\u010dine vzpona in na\u010drtnega uni\u010denja gospodarskega sistema Nad\u0161kofje Maribor, s posebnim poudarkom na holdingih Zvon ena in Zvon dva.","robots":{"index":"index","follow":"follow","max-snippet":"max-snippet:-1","max-image-preview":"max-image-preview:large","max-video-preview":"max-video-preview:-1"},"canonical":"https:\/\/www.iskreni.net\/trgovina\/product\/zarota-judezev\/","og_locale":"sl_SI","og_type":"article","og_title":"Zarota jude\u017eev","og_description":"Dogodki in okoli\u0161\u010dine vzpona in na\u010drtnega uni\u010denja gospodarskega sistema Nad\u0161kofje Maribor, s posebnim poudarkom na holdingih Zvon ena in Zvon dva.","og_url":"https:\/\/www.iskreni.net\/trgovina\/product\/zarota-judezev\/","og_site_name":"Zavod Iskreni","article_modified_time":"2026-04-24T09:16:04+00:00","og_image":[{"width":2560,"height":2560,"url":"https:\/\/www.iskreni.net\/trgovina\/wp-content\/uploads\/2025\/06\/Zarota-judezev-2-scaled.jpg","type":"image\/jpeg"}],"twitter_card":"summary_large_image","twitter_misc":{"Est. reading time":"5 minut"},"schema":{"@context":"https:\/\/schema.org","@graph":[{"@type":"WebPage","@id":"https:\/\/www.iskreni.net\/trgovina\/product\/zarota-judezev\/","url":"https:\/\/www.iskreni.net\/trgovina\/product\/zarota-judezev\/","name":"Zarota jude\u017eev","isPartOf":{"@id":"https:\/\/www.iskreni.net\/trgovina\/#website"},"primaryImageOfPage":{"@id":"https:\/\/www.iskreni.net\/trgovina\/product\/zarota-judezev\/#primaryimage"},"image":{"@id":"https:\/\/www.iskreni.net\/trgovina\/product\/zarota-judezev\/#primaryimage"},"thumbnailUrl":"https:\/\/www.iskreni.net\/trgovina\/wp-content\/uploads\/2025\/06\/Zarota-judezev-2-scaled.jpg","datePublished":"2025-06-02T08:30:37+00:00","dateModified":"2026-04-24T09:16:04+00:00","description":"Dogodki in okoli\u0161\u010dine vzpona in na\u010drtnega uni\u010denja gospodarskega sistema Nad\u0161kofje Maribor, s posebnim poudarkom na holdingih Zvon ena in Zvon dva.","breadcrumb":{"@id":"https:\/\/www.iskreni.net\/trgovina\/product\/zarota-judezev\/#breadcrumb"},"inLanguage":"sl-SI","potentialAction":[{"@type":"ReadAction","target":["https:\/\/www.iskreni.net\/trgovina\/product\/zarota-judezev\/"]}]},{"@type":"ImageObject","inLanguage":"sl-SI","@id":"https:\/\/www.iskreni.net\/trgovina\/product\/zarota-judezev\/#primaryimage","url":"https:\/\/www.iskreni.net\/trgovina\/wp-content\/uploads\/2025\/06\/Zarota-judezev-2-scaled.jpg","contentUrl":"https:\/\/www.iskreni.net\/trgovina\/wp-content\/uploads\/2025\/06\/Zarota-judezev-2-scaled.jpg","width":2560,"height":2560,"caption":"Zarota Jude\u017eev"},{"@type":"BreadcrumbList","@id":"https:\/\/www.iskreni.net\/trgovina\/product\/zarota-judezev\/#breadcrumb","itemListElement":[{"@type":"ListItem","position":1,"name":"Home","item":"https:\/\/www.iskreni.net\/trgovina\/"},{"@type":"ListItem","position":2,"name":"Trgovina","item":"https:\/\/www.iskreni.net\/trgovina\/trgovina\/"},{"@type":"ListItem","position":3,"name":"Zarota jude\u017eev"}]},{"@type":"WebSite","@id":"https:\/\/www.iskreni.net\/trgovina\/#website","url":"https:\/\/www.iskreni.net\/trgovina\/","name":"Zavod Iskreni","description":"trgovina","potentialAction":[{"@type":"SearchAction","target":{"@type":"EntryPoint","urlTemplate":"https:\/\/www.iskreni.net\/trgovina\/?s={search_term_string}"},"query-input":{"@type":"PropertyValueSpecification","valueRequired":true,"valueName":"search_term_string"}}],"inLanguage":"sl-SI"}]}},"_links":{"self":[{"href":"https:\/\/www.iskreni.net\/trgovina\/wp-json\/wp\/v2\/product\/87221","targetHints":{"allow":["GET"]}}],"collection":[{"href":"https:\/\/www.iskreni.net\/trgovina\/wp-json\/wp\/v2\/product"}],"about":[{"href":"https:\/\/www.iskreni.net\/trgovina\/wp-json\/wp\/v2\/types\/product"}],"replies":[{"embeddable":true,"href":"https:\/\/www.iskreni.net\/trgovina\/wp-json\/wp\/v2\/comments?post=87221"}],"version-history":[{"count":14,"href":"https:\/\/www.iskreni.net\/trgovina\/wp-json\/wp\/v2\/product\/87221\/revisions"}],"predecessor-version":[{"id":87235,"href":"https:\/\/www.iskreni.net\/trgovina\/wp-json\/wp\/v2\/product\/87221\/revisions\/87235"}],"wp:featuredmedia":[{"embeddable":true,"href":"https:\/\/www.iskreni.net\/trgovina\/wp-json\/wp\/v2\/media\/87237"}],"wp:attachment":[{"href":"https:\/\/www.iskreni.net\/trgovina\/wp-json\/wp\/v2\/media?parent=87221"}],"wp:term":[{"taxonomy":"product_brand","embeddable":true,"href":"https:\/\/www.iskreni.net\/trgovina\/wp-json\/wp\/v2\/product_brand?post=87221"},{"taxonomy":"product_cat","embeddable":true,"href":"https:\/\/www.iskreni.net\/trgovina\/wp-json\/wp\/v2\/product_cat?post=87221"},{"taxonomy":"product_tag","embeddable":true,"href":"https:\/\/www.iskreni.net\/trgovina\/wp-json\/wp\/v2\/product_tag?post=87221"},{"taxonomy":"avtor","embeddable":true,"href":"https:\/\/www.iskreni.net\/trgovina\/wp-json\/wp\/v2\/avtor?post=87221"},{"taxonomy":"zalozba","embeddable":true,"href":"https:\/\/www.iskreni.net\/trgovina\/wp-json\/wp\/v2\/zalozba?post=87221"},{"taxonomy":"vezava","embeddable":true,"href":"https:\/\/www.iskreni.net\/trgovina\/wp-json\/wp\/v2\/vezava?post=87221"}],"curies":[{"name":"wp","href":"https:\/\/api.w.org\/{rel}","templated":true}]}}