{"id":87185,"date":"2025-05-30T15:18:29","date_gmt":"2025-05-30T13:18:29","guid":{"rendered":"https:\/\/www.iskreni.net\/trgovina\/?post_type=product&#038;p=87185"},"modified":"2025-08-25T14:05:23","modified_gmt":"2025-08-25T12:05:23","slug":"sploh-veste-kdo-sem-jaz","status":"publish","type":"product","link":"https:\/\/www.iskreni.net\/trgovina\/product\/sploh-veste-kdo-sem-jaz\/","title":{"rendered":"Sploh veste, kdo sem jaz?"},"content":{"rendered":"<h3>O knjigi<\/h3>\n<p>Vodilna strokovnjakinja za narcizem v tej knjigi se\u017ee <strong>onkraj odnosov z narcisti\u010dnimi partnerji<\/strong> in <strong>se podrobno loti tudi drugih narcisti\u010dnih ali kako druga\u010de te\u017eavnih in toksi\u010dnih odnosov:<\/strong> s pri\u017eenjenimi sorodniki, sorojenci, star\u0161i, otroki, sodelavci, \u0161efi pa tudi naklju\u010dnimi neznanci, ki nam lahko zagrenijo \u017eivljenje s svojo brezobzirnostjo in prepri\u010danjem, da se mora vse vrteti okoli njih.<\/p>\n<blockquote>\n<h2><span class=\"lead\">Nujen priro\u010dnik za vse, ki se spra\u0161ujete, kaj storiti s te\u017eavnimi ljudmi v svoji bli\u017eini. Vzemite svoje \u017eivljenje spet v svoje roke!<\/span><\/h2>\n<\/blockquote>\n<p><strong>\u00bbSploh veste, kdo sem jaz?\u00ab<\/strong> je postala \u017ee <strong>mantra sodobnega sveta<\/strong> in tem ljudem preprosto ne morete ube\u017eati: sre\u010dujete jih doma, v slu\u017ebi, v sose\u0161\u010dini, na dru\u017eabnih prireditvah, dru\u017ebenih omre\u017ejih ali pa na va\u0161e \u017eivljenje vplivajo s svojimi politi\u010dnimi odlo\u010ditvami. \u010ce \u017eelite v dru\u017ebi, ki postaja vse bolj upravi\u010dena in brezobzirna, pre\u017eiveti in uspevati, je torej nujno, da <strong>poznate strategije pre\u017eivetja,<\/strong> ki jih ponuja ta knjiga.<\/p>\n<p><strong>V knjigi boste:<\/strong><\/p>\n<ul>\n<li>spoznali <strong>konkretne strategije<\/strong>, kako pre\u017eiveti ob toksi\u010dnih ljudeh v va\u0161i okolici<\/li>\n<li>izvedeli, <strong>kako postaviti meje<\/strong> in poskrbeti zase<\/li>\n<li>izvedeli, zakaj je <strong>upanje lahko nevarno<\/strong> in kako se <strong>izogniti pasti vedno novih prilo\u017enosti<\/strong><\/li>\n<li>spoznali, kako <strong>prilagoditi svoja pri\u010dakovanja<\/strong> in <strong>prenehati re\u0161evati ljudi,<\/strong> ki no\u010dejo biti re\u0161eni<\/li>\n<li>dobili jasne napotke, <strong>kako pre\u017eiveti v vedno bolj toksi\u010dni dru\u017ebi.<\/strong><\/li>\n<\/ul>\n<p>Knjiga ponuja tudi povzetke vsega, kar je do sedaj znano <strong>o izvoru narcizma<\/strong> in <strong>drugih te\u017eavnih vedenjskih vzorcev,<\/strong> pa tudi, kako smo se kot dru\u017eba zna\u0161li v situaciji, da je narcisti\u010dno in brezobzirno vedenje postalo skorajda normalno in kdaj celo pogoj za uspeh.<\/p>\n<h3>Odlomek iz knjige<\/h3>\n<p><em>\u201cTudi \u010de ste tako blagoslovljeni, da so vsi ljudje v va\u0161em \u017eivljenju dobrosr\u010dni, da v va\u0161i dru\u017eini, na delovnem mestu in med prijatelji ni narcisa, vas ti \u0161e vedno obkro\u017eajo. Narcizem ni omejen samo na javne osebnosti tega sveta in sega izza dru\u017ebenih medijev in neprestanega zvon\u010dkljanja in piskanja na\u0161ih elektronskih naprav, se\u017ee celo dlje od tistih, ki izjavljajo \u201cSploh veste, kdo sem jaz?\u201d, ki so tako zelo zna\u010dilni za sodobno dobo. Do sedaj \u0161e nisem sre\u010dala osebe, ki bi bila povsem imuna na narcizem (razen tistih, ki so sami narcisti\u010dni).\u201d<\/em><\/p>\n<p><img decoding=\"async\" class=\" wp-image-41994 alignleft\" src=\"https:\/\/www.iskreni.net\/trgovina\/wp-content\/uploads\/2025\/05\/Izdelek-brez-naslova.png\" alt=\"\" width=\"120\" height=\"120\" \/><\/p>\n<h3>O avtorju<\/h3>\n<p><strong>Dr. Ramani S. Durvasula<\/strong> (Dr. Ramani) je licencirana klini\u010dna psihologinja z zasebno prakso v Santa Monici in Sherman Oaksu v Kaliforniji ter profesorica psihologije na Kalifornijski dr\u017eavni univerzi v Los Angelesu, kjer je leta 2012 prejela naziv \u2018izjemna profesorica\u2019. Kot gostujo\u010da profesorica sodeluje tudi z Univerzo Johannesburg. Je avtorica priro\u010dnika, kako pre\u017eiveti v sodobnih odnosih \u2013<em>\u00a0Naj ostanem ali grem, Kako pre\u017eiveti odnos z narcisom<\/em>. Napisala je tudi knjigo\u00a0<em>Si, kar je\u0161: Spremenite svoj odnos do hrane in spremenili boste svoje \u017eivljenje<\/em>, kot tudi \u0161tevilne strokovne \u010dlanke, poglavja v knjigah in prispevke na konferencah.<\/p>\n<p>Dr. Ramani je diplomirala iz psihologije na Univerzi v Connecticutu in magistrirala in doktorirala iz klini\u010dne psihologije na UCLA. Klini\u010dno usposabljanje je opravila na UCLA Neuropsychiatric Institute (Semel Institute). Gostovala je v \u0161tevilnih serijah na kanalih Oxygen, Bravo, Lifetime Movie Network, National Geographic, History Channel, Discovery Science in Investigation Discovery, ter v dokumentarnih filmih o zdravju. Je strokovna komentatorka na skoraj vseh ve\u010djih televizijskih omre\u017ejih, pa tudi na radiu, v tiskanih in spletnih medijih. Bila je govornica na SxSW in TEDx ter je redna strokovna sodelavka pri MedCircle in TONE Networks. Vklju\u010dena je tudi v nacionalne programe na podro\u010dju psihologije in je bila predsednica odbora za socialno-ekonomski status pri Ameri\u0161kem psiholo\u0161kem zdru\u017eenju (APA) ter odbora za psihologijo in AIDS. Bila je tudi podpredsednica odbora za \u017eenske in psihologijo, trenutno pa je predsednica svetovalnega odbora za usposabljanje STAY v programu \u0161tipendij za manj\u0161ine pri Ameri\u0161kem psiholo\u0161kem zdru\u017eenju. Prav tako je pomo\u010dnica urednika revije Behavioral Medicine.<\/p>\n<p>Dr. Ramani govori o tem, da je normalizacija narcizma spremenila podro\u010dja ljubezni, odnosov, dru\u017eine, kariere, izobra\u017eevanja in dru\u017ebe. V svojih delih ponuja dragocene vpoglede, kako pre\u017eiveti v okolju narcizma, upravi\u010denosti, medosebne toksi\u010dnosti in brezobzirnosti. Zaradi svojega ju\u017enoazijskega porekla in kot h\u010di priseljencev v na\u0161 prostor prina\u0161a poglobljeno razumevanje vpra\u0161anj, povezanih s priseljevanjem, asimilacijo, kulturnimi napetostmi ter vplivom kulturnih pri\u010dakovanj na du\u0161evno zdravje in du\u0161evne bolezni. S svojim edinstvenim strokovnim pristopom in avtenti\u010dnostjo deluje kot profesorica, klini\u010dna psihologinja, raziskovalka, avtorica, medijska komentatorka in mati dveh h\u010dera. \u017divi v Los Angelesu v Kaliforniji.<\/p>\n<h3>Drugi o knjigi<\/h3>\n<p><em>\u201cTo ni samo knjiga o narcisti\u010dnih odnosih, temve\u010d odli\u010dno ogledalo sodobne dru\u017ebe, ki narcizem in toksi\u010dnost celo spodbuja in nagrajuje.\u201d<\/em> &#8211; dr. <strong>Leonida Zalokar,<\/strong> soc. ped., mag. psih., psihoterapevtka<\/p>\n<p><em>\u201cNarcisti\u010dne osebnosti so lahko izjemno zahtevni sogovorniki in sopotniki \u2013 bodisi kot prijatelji, sodelavci, nadrejeni ali dru\u017einski \u010dlani. Med prvimi lastnostmi, ki jih obi\u010dajno opazimo, so pretirana samov\u0161e\u010dnost, egocentri\u010dnost in izrazita potreba po pozornosti. A za tem vedenjem se pogosto skrivajo globlji vzorci, ki lahko ob dolgotrajnej\u0161i izpostavljenosti mo\u010dno vplivajo na na\u0161o notranjo stabilnost. Dr. Ramani v knjigi \u00bbSploh veste, kdo sem jaz?\u00ab na izjemno dostopen, a hkrati strokoven na\u010din razlaga dinamike odnosov z narcisti\u010dnimi osebami \u2013 predvsem pa, kako ti odnosi lahko postopoma na\u010dnejo na\u0161o samopodobo, ob\u010dutek lastne vrednosti in \u010dustveno ravnovesje. Ta knjiga ni le strokovno gradivo \u2013 je tudi dragocen vir podpore. Lahko jo razumemo kot preventivno orodje za prepoznavanje \u0161kodljivih vzorcev ali kot podpornega sopotnika na poti okrevanja, \u010de smo se \u017ee zna\u0161li v odnosu, ki nas je ranil in iz\u010drpal.\u201d<\/em> &#8211; <strong>Sne\u017eana Kragelj,<\/strong> univ. dipl. pedagoginja, integrativna psihoterapevtka<\/p>\n<p><em>\u201cDr. Ramani vas bo nau\u010dila, kako ozdraveti po kakr\u0161nemkoli toksi\u010dnem odnosu.\u201d<\/em> &#8211; <strong>Mel Robbins<\/strong><\/p>\n<p><em>\u201cDr. Ramani Durvasula je dale\u010d najbolj\u0161a psihologinja, kar sem jih kadarkoli sre\u010dala. V svoji 30-letni karieri nagrajene producentke sem sodelovala z ve\u010d tiso\u010d psihologi, psihiatri in strokovnjaki za samopomo\u010d, a vsi zbledijo v primerjavi z mo\u010dnimi, edinstvenimi in informativnimi nasveti dr. Ramani. Njeno so\u010dutno, a neposredno svetovanje je vedno izjemno natan\u010dno, njeno mojstrsko razumevanje \u010dlove\u0161ke narave pa edinstvena izku\u0161nja. Ko sodelujete z dr. Ramani, je to, kot bi imeli ob sebi svojo najpametnej\u0161o, klini\u010dno usposobljeno in najbolje opremljeno prijateljico.\u201d<\/em> &#8211; <strong>Ellen Rakieten,<\/strong> producentka oddaj The Oprah Winfrey Show in Red Table Talk<\/p>\n<p><em>\u201cDr. Ramani Durvasula ponuja globok vpogled v razumevanje miselnosti pravih narcisov ter zemljevid poti, kako prese\u010di toksi\u010dne odnose. Hvale\u017ena sem, da je dr. Durvasula ustvarila knjigo, ki opolnomo\u010di vse, ki se soo\u010dajo s tovrstno zlorabo. \u010cas je, da osvetlimo temo prisilne kontrole in narcizma na jasen in pretresljiv na\u010din \u2013 kar je dr. Durvasula izvrstno uspelo!\u201d<\/em> &#8211; <strong>Debra Newell,<\/strong> Dirty John (podkast LA Times &amp; serija na Bravo)<\/p>\n","protected":false},"excerpt":{"rendered":"<p><strong>\u0160tevilo strani:<\/strong> 432<br \/>\n<strong>Format: <\/strong>160 x 230 mm<br \/>\n<strong>Leto izdaje:<\/strong> 2025<\/p>\n<p>&nbsp;<\/p>\n","protected":false},"featured_media":87187,"comment_status":"open","ping_status":"closed","template":"","meta":[],"product_brand":[],"product_cat":[2326,2327,63],"product_tag":[3078,1633,3018,3048],"avtor":[3077],"zalozba":[2792],"vezava":[2828],"class_list":{"0":"post-87185","1":"product","2":"type-product","3":"status-publish","4":"has-post-thumbnail","6":"product_cat-druzbena-vprasanja-in-humanistika","7":"product_cat-prirocniki-in-vodniki","8":"product_cat-knjige","9":"product_tag-narcisizem","10":"product_tag-prirocnik","11":"product_tag-psihologija","12":"product_tag-travma","13":"avtor-ramani-s-durvasula","14":"zalozba-chiara","15":"vezava-brosura","17":"first","18":"onbackorder","19":"taxable","20":"shipping-taxable","21":"purchasable","22":"product-type-simple"},"yoast_head":"<!-- This site is optimized with the Yoast SEO plugin v26.3 - https:\/\/yoast.com\/wordpress\/plugins\/seo\/ -->\n<title>Ramani S. Durvasula: Sploh veste, kdo sem jaz - trgovina Iskreni<\/title>\n<meta name=\"description\" content=\"Sploh veste, kdo sem jaz? je obvezno branje za vse, ki se spra\u0161ujete, kaj storiti s narcisti\u010dnimi in toksi\u010dnimi ljudmi v svoji okolici.\" \/>\n<meta name=\"robots\" content=\"index, follow, max-snippet:-1, max-image-preview:large, max-video-preview:-1\" \/>\n<link rel=\"canonical\" href=\"https:\/\/www.iskreni.net\/trgovina\/product\/sploh-veste-kdo-sem-jaz\/\" \/>\n<meta property=\"og:locale\" content=\"sl_SI\" \/>\n<meta property=\"og:type\" content=\"article\" \/>\n<meta property=\"og:title\" content=\"Ramani S. Durvasula: Sploh veste, kdo sem jaz - trgovina Iskreni\" \/>\n<meta property=\"og:description\" content=\"Sploh veste, kdo sem jaz? je obvezno branje za vse, ki se spra\u0161ujete, kaj storiti s narcisti\u010dnimi in toksi\u010dnimi ljudmi v svoji okolici.\" \/>\n<meta property=\"og:url\" content=\"https:\/\/www.iskreni.net\/trgovina\/product\/sploh-veste-kdo-sem-jaz\/\" \/>\n<meta property=\"og:site_name\" content=\"Zavod Iskreni\" \/>\n<meta property=\"article:modified_time\" content=\"2025-08-25T12:05:23+00:00\" \/>\n<meta property=\"og:image\" content=\"https:\/\/www.iskreni.net\/trgovina\/wp-content\/uploads\/2025\/05\/sploh-veste-kdo-sem-jaz.webp\" \/>\n\t<meta property=\"og:image:width\" content=\"420\" \/>\n\t<meta property=\"og:image:height\" content=\"420\" \/>\n\t<meta property=\"og:image:type\" content=\"image\/webp\" \/>\n<meta name=\"twitter:card\" content=\"summary_large_image\" \/>\n<meta name=\"twitter:label1\" content=\"Est. reading time\" \/>\n\t<meta name=\"twitter:data1\" content=\"6 minut\" \/>\n<script type=\"application\/ld+json\" class=\"yoast-schema-graph\">{\"@context\":\"https:\/\/schema.org\",\"@graph\":[{\"@type\":\"WebPage\",\"@id\":\"https:\/\/www.iskreni.net\/trgovina\/product\/sploh-veste-kdo-sem-jaz\/\",\"url\":\"https:\/\/www.iskreni.net\/trgovina\/product\/sploh-veste-kdo-sem-jaz\/\",\"name\":\"Ramani S. Durvasula: Sploh veste, kdo sem jaz - trgovina Iskreni\",\"isPartOf\":{\"@id\":\"https:\/\/www.iskreni.net\/trgovina\/#website\"},\"primaryImageOfPage\":{\"@id\":\"https:\/\/www.iskreni.net\/trgovina\/product\/sploh-veste-kdo-sem-jaz\/#primaryimage\"},\"image\":{\"@id\":\"https:\/\/www.iskreni.net\/trgovina\/product\/sploh-veste-kdo-sem-jaz\/#primaryimage\"},\"thumbnailUrl\":\"https:\/\/www.iskreni.net\/trgovina\/wp-content\/uploads\/2025\/05\/sploh-veste-kdo-sem-jaz.webp\",\"datePublished\":\"2025-05-30T13:18:29+00:00\",\"dateModified\":\"2025-08-25T12:05:23+00:00\",\"description\":\"Sploh veste, kdo sem jaz? je obvezno branje za vse, ki se spra\u0161ujete, kaj storiti s narcisti\u010dnimi in toksi\u010dnimi ljudmi v svoji okolici.\",\"breadcrumb\":{\"@id\":\"https:\/\/www.iskreni.net\/trgovina\/product\/sploh-veste-kdo-sem-jaz\/#breadcrumb\"},\"inLanguage\":\"sl-SI\",\"potentialAction\":[{\"@type\":\"ReadAction\",\"target\":[\"https:\/\/www.iskreni.net\/trgovina\/product\/sploh-veste-kdo-sem-jaz\/\"]}]},{\"@type\":\"ImageObject\",\"inLanguage\":\"sl-SI\",\"@id\":\"https:\/\/www.iskreni.net\/trgovina\/product\/sploh-veste-kdo-sem-jaz\/#primaryimage\",\"url\":\"https:\/\/www.iskreni.net\/trgovina\/wp-content\/uploads\/2025\/05\/sploh-veste-kdo-sem-jaz.webp\",\"contentUrl\":\"https:\/\/www.iskreni.net\/trgovina\/wp-content\/uploads\/2025\/05\/sploh-veste-kdo-sem-jaz.webp\",\"width\":420,\"height\":420},{\"@type\":\"BreadcrumbList\",\"@id\":\"https:\/\/www.iskreni.net\/trgovina\/product\/sploh-veste-kdo-sem-jaz\/#breadcrumb\",\"itemListElement\":[{\"@type\":\"ListItem\",\"position\":1,\"name\":\"Home\",\"item\":\"https:\/\/www.iskreni.net\/trgovina\/\"},{\"@type\":\"ListItem\",\"position\":2,\"name\":\"Trgovina\",\"item\":\"https:\/\/www.iskreni.net\/trgovina\/trgovina\/\"},{\"@type\":\"ListItem\",\"position\":3,\"name\":\"Sploh veste, kdo sem jaz?\"}]},{\"@type\":\"WebSite\",\"@id\":\"https:\/\/www.iskreni.net\/trgovina\/#website\",\"url\":\"https:\/\/www.iskreni.net\/trgovina\/\",\"name\":\"Zavod Iskreni\",\"description\":\"trgovina\",\"potentialAction\":[{\"@type\":\"SearchAction\",\"target\":{\"@type\":\"EntryPoint\",\"urlTemplate\":\"https:\/\/www.iskreni.net\/trgovina\/?s={search_term_string}\"},\"query-input\":{\"@type\":\"PropertyValueSpecification\",\"valueRequired\":true,\"valueName\":\"search_term_string\"}}],\"inLanguage\":\"sl-SI\"}]}<\/script>\n<!-- \/ Yoast SEO plugin. -->","yoast_head_json":{"title":"Ramani S. Durvasula: Sploh veste, kdo sem jaz - trgovina Iskreni","description":"Sploh veste, kdo sem jaz? je obvezno branje za vse, ki se spra\u0161ujete, kaj storiti s narcisti\u010dnimi in toksi\u010dnimi ljudmi v svoji okolici.","robots":{"index":"index","follow":"follow","max-snippet":"max-snippet:-1","max-image-preview":"max-image-preview:large","max-video-preview":"max-video-preview:-1"},"canonical":"https:\/\/www.iskreni.net\/trgovina\/product\/sploh-veste-kdo-sem-jaz\/","og_locale":"sl_SI","og_type":"article","og_title":"Ramani S. Durvasula: Sploh veste, kdo sem jaz - trgovina Iskreni","og_description":"Sploh veste, kdo sem jaz? je obvezno branje za vse, ki se spra\u0161ujete, kaj storiti s narcisti\u010dnimi in toksi\u010dnimi ljudmi v svoji okolici.","og_url":"https:\/\/www.iskreni.net\/trgovina\/product\/sploh-veste-kdo-sem-jaz\/","og_site_name":"Zavod Iskreni","article_modified_time":"2025-08-25T12:05:23+00:00","og_image":[{"width":420,"height":420,"url":"https:\/\/www.iskreni.net\/trgovina\/wp-content\/uploads\/2025\/05\/sploh-veste-kdo-sem-jaz.webp","type":"image\/webp"}],"twitter_card":"summary_large_image","twitter_misc":{"Est. reading time":"6 minut"},"schema":{"@context":"https:\/\/schema.org","@graph":[{"@type":"WebPage","@id":"https:\/\/www.iskreni.net\/trgovina\/product\/sploh-veste-kdo-sem-jaz\/","url":"https:\/\/www.iskreni.net\/trgovina\/product\/sploh-veste-kdo-sem-jaz\/","name":"Ramani S. Durvasula: Sploh veste, kdo sem jaz - trgovina Iskreni","isPartOf":{"@id":"https:\/\/www.iskreni.net\/trgovina\/#website"},"primaryImageOfPage":{"@id":"https:\/\/www.iskreni.net\/trgovina\/product\/sploh-veste-kdo-sem-jaz\/#primaryimage"},"image":{"@id":"https:\/\/www.iskreni.net\/trgovina\/product\/sploh-veste-kdo-sem-jaz\/#primaryimage"},"thumbnailUrl":"https:\/\/www.iskreni.net\/trgovina\/wp-content\/uploads\/2025\/05\/sploh-veste-kdo-sem-jaz.webp","datePublished":"2025-05-30T13:18:29+00:00","dateModified":"2025-08-25T12:05:23+00:00","description":"Sploh veste, kdo sem jaz? je obvezno branje za vse, ki se spra\u0161ujete, kaj storiti s narcisti\u010dnimi in toksi\u010dnimi ljudmi v svoji okolici.","breadcrumb":{"@id":"https:\/\/www.iskreni.net\/trgovina\/product\/sploh-veste-kdo-sem-jaz\/#breadcrumb"},"inLanguage":"sl-SI","potentialAction":[{"@type":"ReadAction","target":["https:\/\/www.iskreni.net\/trgovina\/product\/sploh-veste-kdo-sem-jaz\/"]}]},{"@type":"ImageObject","inLanguage":"sl-SI","@id":"https:\/\/www.iskreni.net\/trgovina\/product\/sploh-veste-kdo-sem-jaz\/#primaryimage","url":"https:\/\/www.iskreni.net\/trgovina\/wp-content\/uploads\/2025\/05\/sploh-veste-kdo-sem-jaz.webp","contentUrl":"https:\/\/www.iskreni.net\/trgovina\/wp-content\/uploads\/2025\/05\/sploh-veste-kdo-sem-jaz.webp","width":420,"height":420},{"@type":"BreadcrumbList","@id":"https:\/\/www.iskreni.net\/trgovina\/product\/sploh-veste-kdo-sem-jaz\/#breadcrumb","itemListElement":[{"@type":"ListItem","position":1,"name":"Home","item":"https:\/\/www.iskreni.net\/trgovina\/"},{"@type":"ListItem","position":2,"name":"Trgovina","item":"https:\/\/www.iskreni.net\/trgovina\/trgovina\/"},{"@type":"ListItem","position":3,"name":"Sploh veste, kdo sem jaz?"}]},{"@type":"WebSite","@id":"https:\/\/www.iskreni.net\/trgovina\/#website","url":"https:\/\/www.iskreni.net\/trgovina\/","name":"Zavod Iskreni","description":"trgovina","potentialAction":[{"@type":"SearchAction","target":{"@type":"EntryPoint","urlTemplate":"https:\/\/www.iskreni.net\/trgovina\/?s={search_term_string}"},"query-input":{"@type":"PropertyValueSpecification","valueRequired":true,"valueName":"search_term_string"}}],"inLanguage":"sl-SI"}]}},"_links":{"self":[{"href":"https:\/\/www.iskreni.net\/trgovina\/wp-json\/wp\/v2\/product\/87185","targetHints":{"allow":["GET"]}}],"collection":[{"href":"https:\/\/www.iskreni.net\/trgovina\/wp-json\/wp\/v2\/product"}],"about":[{"href":"https:\/\/www.iskreni.net\/trgovina\/wp-json\/wp\/v2\/types\/product"}],"replies":[{"embeddable":true,"href":"https:\/\/www.iskreni.net\/trgovina\/wp-json\/wp\/v2\/comments?post=87185"}],"version-history":[{"count":6,"href":"https:\/\/www.iskreni.net\/trgovina\/wp-json\/wp\/v2\/product\/87185\/revisions"}],"predecessor-version":[{"id":87193,"href":"https:\/\/www.iskreni.net\/trgovina\/wp-json\/wp\/v2\/product\/87185\/revisions\/87193"}],"wp:featuredmedia":[{"embeddable":true,"href":"https:\/\/www.iskreni.net\/trgovina\/wp-json\/wp\/v2\/media\/87187"}],"wp:attachment":[{"href":"https:\/\/www.iskreni.net\/trgovina\/wp-json\/wp\/v2\/media?parent=87185"}],"wp:term":[{"taxonomy":"product_brand","embeddable":true,"href":"https:\/\/www.iskreni.net\/trgovina\/wp-json\/wp\/v2\/product_brand?post=87185"},{"taxonomy":"product_cat","embeddable":true,"href":"https:\/\/www.iskreni.net\/trgovina\/wp-json\/wp\/v2\/product_cat?post=87185"},{"taxonomy":"product_tag","embeddable":true,"href":"https:\/\/www.iskreni.net\/trgovina\/wp-json\/wp\/v2\/product_tag?post=87185"},{"taxonomy":"avtor","embeddable":true,"href":"https:\/\/www.iskreni.net\/trgovina\/wp-json\/wp\/v2\/avtor?post=87185"},{"taxonomy":"zalozba","embeddable":true,"href":"https:\/\/www.iskreni.net\/trgovina\/wp-json\/wp\/v2\/zalozba?post=87185"},{"taxonomy":"vezava","embeddable":true,"href":"https:\/\/www.iskreni.net\/trgovina\/wp-json\/wp\/v2\/vezava?post=87185"}],"curies":[{"name":"wp","href":"https:\/\/api.w.org\/{rel}","templated":true}]}}