{"id":87175,"date":"2025-05-30T12:00:23","date_gmt":"2025-05-30T10:00:23","guid":{"rendered":"https:\/\/www.iskreni.net\/trgovina\/?post_type=product&#038;p=87175"},"modified":"2025-09-17T13:07:40","modified_gmt":"2025-09-17T11:07:40","slug":"iztrgane-korenine","status":"publish","type":"product","link":"https:\/\/www.iskreni.net\/trgovina\/product\/iztrgane-korenine\/","title":{"rendered":"Iztrgane korenine"},"content":{"rendered":"<h3>O knjigi<\/h3>\n<p>Le narod, ki neguje svoje korenine, pre\u017eivi<\/p>\n<p><em>Po smrti svoje \u017eene Josipine Turnograjske Lovro Toman najde uteho v politiki: z \u017earom se zavzema za pravice Slovencev, zlasti za mili slovenski jezik, in postaja vse pomembnej\u0161a figura na politi\u010dnem parketu. A pod na videz mogo\u010dno podobo mo\u017ea se skriva krhka du\u0161a, ki ne zmore preboleti \u0161tevilnih izgub ljubljenih. Le korenine, ki ga ve\u017eejo na slovensko zemljo, ga lahko privedejo do pomembnega spoznanja &#8230;<\/em><\/p>\n<p>Politi\u010dno dogajanje v avstro-ogrskem cesarstvu v drugi polovici 19. stoletja je pred Slovence postavilo vrsto izzivov, s katerimi so se bili primorani soo\u010diti. V prvi vrsti si je bilo treba izboriti svoje mesto v monarhiji in pravice, ki naj bi jim kot narodu pripadale. Klju\u010dno vlogo pri tem je odigral dr. Lovro Toman, ki ga v pri\u010dujo\u010dem zgodovinskem romanu spoznamo kot ve\u010dplastno osebnost: po eni strani kot gore\u010dega zagovornika slovenskega naroda in jezika, \u010dloveka, ki je bil tesno prepleten z najpomembnej\u0161imi osebnostmi tistega \u010dasa: Fidelisom Terpincem, Luko Svetcem, Janezom Beiweisom in drugimi; po drugi strani pa kot ranljivega mo\u017ea, ki mu \u017eivljenje ni prizaneslo. Po smrti svoje \u017eene Josipine Turnograjske dolgo ni na\u0161el ljubezni, \u0161ele milo srce Luize Altmann se je zmoglo dotakniti njegovega &#8230;<br \/>\nZgodba bralca vodi po razburkanih valovih slovenske zgodovine in obljublja razburljivo potovanje po koreninah na\u0161ega naroda, vzporedno pa tudi po koreninah rodbine Urban\u010di\u010d, ki je svetu dala mnogo slove\u010dih h\u010dera in sinov in bila tesno prepletena z drugimi pomembnimi dru\u017einami na Kranjskem v \u010dasu, ko je bilo to ozemlje pri\u010da neverjetnemu gospodarskemu preporodu. Kot bi odprli Pandorino skrinjico, pa pred nami ponovno o\u017eivijo tudi ljubezenske zgodbe: nekatere \u017ealostno udu\u0161ene \u017ee v samem cvetu ljubezni, druge trdne, trajajo\u010de, a preizku\u0161ane, tiste najlep\u0161e pa dolgo \u017eelene in nepri\u010dakovane, ne\u017ene in \u010diste kot rosa. Zgodba, ki se bere kot listanje rodbinskega albuma, v katerem vsaka fotografija ponuja del\u010dek (\u017ee davno izgubljene) zgodovine, pa postavlja pred bralca tudi ogledalo: smo zrasli kot narod in znamo ceniti svoje korenine ali pozabljamo na prispevek na\u0161ih prednikov in smo od njih znali prevzeti le \u017ee pregovorno narodno razklanost?<\/p>\n<h3>Iz knjige<\/h3>\n<p>\u00bbNa\u0161 narod ima iste \u017eelje kot vsak drug narod, in to je telesno in du\u0161no blagostanje. Slednje pa izvira iz pou\u010devanja, katerega edino sredstvo je narodni jezik. To je vsa umetnost in tega nam ne more nih\u010de odre\u010di. Narodna zavest in narodni jezik nam morata biti na prvem mestu, \u0161ele potem tovarne in denar. Zato bi morali vzpodbujati svoje ljudi in zahtevati, da se v urade in \u0161ole vpelje slovenski jezik, tudi za doma\u010do rabo. Spo\u0161tujmo svoj jezik, v katerem nas je prvikrat sladko in milo nagovorila materina ljubezen, in katerega obstoj in veljavnost nam zagotavlja dr\u017eavna in zvesta cesarjeva beseda! Kdor zani\u010duje svoj jezik, ni prijatelj svoje vere, je nehvale\u017ene\u017e svoje matere, je pozabljeni sin domovine, je odpadnik svojega naroda in sovra\u017enik dr\u017eave ter sebi\u010dne\u017e, saj svoj lastni dobi\u010dek stavi vi\u0161e od naroda samega.\u00ab<br \/>\n(Str. 74)<\/p>\n<p>\u00bb\u010ce bi si narod usodo lahko izbral sam, potem ne bi tako trpel in se v njem ne bi nabralo toliko jeze in \u017ealosti hkrati. Narod mora znati \u017eiveti za ideale, na katerih gradi svojo prihodnost. Verjeti mora v te ideale, saj je to tista hrana, ki ohranja notranjo kondicijo posameznika in posredno celega naroda. Verjeti v poslanstvo, ki ga ima vsak posameznik, in ga pri tem vzpodbujati, ne pa omejevati zavoljo lastne sebi\u010dnosti, ki jo mnogi tako radi zaklenejo v svojo sobo in postane lastna samo njim. Ali ne bi bilo la\u017eje, \u010de bi se dvignili iz teh okov in presegli vezi, v katere se prostovoljno vklenjamo in jih ob tem ponujamo \u0161e svojim najbli\u017ejim? Ali ne bi bilo bolje, \u010de bi dovolili, da \u017eivi ljubezen, namesto da denar in kapital sejeta sovra\u0161tvo?\u00ab<br \/>\n(Str. 138)<\/p>\n<p>&nbsp;<\/p>\n","protected":false},"excerpt":{"rendered":"<p><strong>\u0160tevilo strani:<\/strong> 232<br \/>\n<strong>Format strani:<\/strong> 135 x 210 mm<br \/>\n<strong>Leto izdaje:<\/strong> 2025<\/p>\n<h5><a href=\"https:\/\/www.iskreni.net\/trgovina\/wp-content\/uploads\/2025\/05\/Delavec-Touhami-Mira-2025-Iztrgane-korenine-PL.pdf\">Prelistaj knjigo<\/a><\/h5>\n","protected":false},"featured_media":87177,"comment_status":"open","ping_status":"closed","template":"","meta":[],"product_brand":[],"product_cat":[2325,63],"product_tag":[3075,3076,2392,2070],"avtor":[],"zalozba":[2337],"vezava":[2306],"class_list":{"0":"post-87175","1":"product","2":"type-product","3":"status-publish","4":"has-post-thumbnail","6":"product_cat-leposlovje","7":"product_cat-knjige","8":"product_tag-narod","9":"product_tag-narodna-zavest","10":"product_tag-politika","11":"product_tag-zgodovina","12":"zalozba-celjska-mohorjeva-druzba","13":"vezava-trda","15":"first","16":"instock","17":"taxable","18":"shipping-taxable","19":"purchasable","20":"product-type-simple"},"yoast_head":"<!-- This site is optimized with the Yoast SEO plugin v26.3 - https:\/\/yoast.com\/wordpress\/plugins\/seo\/ -->\n<title>Iztrgane korenine<\/title>\n<meta name=\"description\" content=\"\u00bbNa\u0161 narod ima iste \u017eelje kot vsak drug narod, in to je telesno in du\u0161no blagostanje. Slednje pa izvira iz pou\u010devanja, katerega edino sredstvo je narodni jezik.\" \/>\n<meta name=\"robots\" content=\"index, follow, max-snippet:-1, max-image-preview:large, max-video-preview:-1\" \/>\n<link rel=\"canonical\" href=\"https:\/\/www.iskreni.net\/trgovina\/product\/iztrgane-korenine\/\" \/>\n<meta property=\"og:locale\" content=\"sl_SI\" \/>\n<meta property=\"og:type\" content=\"article\" \/>\n<meta property=\"og:title\" content=\"Iztrgane korenine\" \/>\n<meta property=\"og:description\" content=\"\u00bbNa\u0161 narod ima iste \u017eelje kot vsak drug narod, in to je telesno in du\u0161no blagostanje. Slednje pa izvira iz pou\u010devanja, katerega edino sredstvo je narodni jezik.\" \/>\n<meta property=\"og:url\" content=\"https:\/\/www.iskreni.net\/trgovina\/product\/iztrgane-korenine\/\" \/>\n<meta property=\"og:site_name\" content=\"Zavod Iskreni\" \/>\n<meta property=\"article:modified_time\" content=\"2025-09-17T11:07:40+00:00\" \/>\n<meta property=\"og:image\" content=\"https:\/\/www.iskreni.net\/trgovina\/wp-content\/uploads\/2025\/05\/iztrg2.png\" \/>\n\t<meta property=\"og:image:width\" content=\"730\" \/>\n\t<meta property=\"og:image:height\" content=\"730\" \/>\n\t<meta property=\"og:image:type\" content=\"image\/png\" \/>\n<meta name=\"twitter:card\" content=\"summary_large_image\" \/>\n<meta name=\"twitter:label1\" content=\"Est. reading time\" \/>\n\t<meta name=\"twitter:data1\" content=\"4 minute\" \/>\n<script type=\"application\/ld+json\" class=\"yoast-schema-graph\">{\"@context\":\"https:\/\/schema.org\",\"@graph\":[{\"@type\":\"WebPage\",\"@id\":\"https:\/\/www.iskreni.net\/trgovina\/product\/iztrgane-korenine\/\",\"url\":\"https:\/\/www.iskreni.net\/trgovina\/product\/iztrgane-korenine\/\",\"name\":\"Iztrgane korenine\",\"isPartOf\":{\"@id\":\"https:\/\/www.iskreni.net\/trgovina\/#website\"},\"primaryImageOfPage\":{\"@id\":\"https:\/\/www.iskreni.net\/trgovina\/product\/iztrgane-korenine\/#primaryimage\"},\"image\":{\"@id\":\"https:\/\/www.iskreni.net\/trgovina\/product\/iztrgane-korenine\/#primaryimage\"},\"thumbnailUrl\":\"https:\/\/www.iskreni.net\/trgovina\/wp-content\/uploads\/2025\/05\/iztrg2.png\",\"datePublished\":\"2025-05-30T10:00:23+00:00\",\"dateModified\":\"2025-09-17T11:07:40+00:00\",\"description\":\"\u00bbNa\u0161 narod ima iste \u017eelje kot vsak drug narod, in to je telesno in du\u0161no blagostanje. Slednje pa izvira iz pou\u010devanja, katerega edino sredstvo je narodni jezik.\",\"breadcrumb\":{\"@id\":\"https:\/\/www.iskreni.net\/trgovina\/product\/iztrgane-korenine\/#breadcrumb\"},\"inLanguage\":\"sl-SI\",\"potentialAction\":[{\"@type\":\"ReadAction\",\"target\":[\"https:\/\/www.iskreni.net\/trgovina\/product\/iztrgane-korenine\/\"]}]},{\"@type\":\"ImageObject\",\"inLanguage\":\"sl-SI\",\"@id\":\"https:\/\/www.iskreni.net\/trgovina\/product\/iztrgane-korenine\/#primaryimage\",\"url\":\"https:\/\/www.iskreni.net\/trgovina\/wp-content\/uploads\/2025\/05\/iztrg2.png\",\"contentUrl\":\"https:\/\/www.iskreni.net\/trgovina\/wp-content\/uploads\/2025\/05\/iztrg2.png\",\"width\":730,\"height\":730,\"caption\":\"Iztrgane korenine\"},{\"@type\":\"BreadcrumbList\",\"@id\":\"https:\/\/www.iskreni.net\/trgovina\/product\/iztrgane-korenine\/#breadcrumb\",\"itemListElement\":[{\"@type\":\"ListItem\",\"position\":1,\"name\":\"Home\",\"item\":\"https:\/\/www.iskreni.net\/trgovina\/\"},{\"@type\":\"ListItem\",\"position\":2,\"name\":\"Trgovina\",\"item\":\"https:\/\/www.iskreni.net\/trgovina\/trgovina\/\"},{\"@type\":\"ListItem\",\"position\":3,\"name\":\"Iztrgane korenine\"}]},{\"@type\":\"WebSite\",\"@id\":\"https:\/\/www.iskreni.net\/trgovina\/#website\",\"url\":\"https:\/\/www.iskreni.net\/trgovina\/\",\"name\":\"Zavod Iskreni\",\"description\":\"trgovina\",\"potentialAction\":[{\"@type\":\"SearchAction\",\"target\":{\"@type\":\"EntryPoint\",\"urlTemplate\":\"https:\/\/www.iskreni.net\/trgovina\/?s={search_term_string}\"},\"query-input\":{\"@type\":\"PropertyValueSpecification\",\"valueRequired\":true,\"valueName\":\"search_term_string\"}}],\"inLanguage\":\"sl-SI\"}]}<\/script>\n<!-- \/ Yoast SEO plugin. -->","yoast_head_json":{"title":"Iztrgane korenine","description":"\u00bbNa\u0161 narod ima iste \u017eelje kot vsak drug narod, in to je telesno in du\u0161no blagostanje. Slednje pa izvira iz pou\u010devanja, katerega edino sredstvo je narodni jezik.","robots":{"index":"index","follow":"follow","max-snippet":"max-snippet:-1","max-image-preview":"max-image-preview:large","max-video-preview":"max-video-preview:-1"},"canonical":"https:\/\/www.iskreni.net\/trgovina\/product\/iztrgane-korenine\/","og_locale":"sl_SI","og_type":"article","og_title":"Iztrgane korenine","og_description":"\u00bbNa\u0161 narod ima iste \u017eelje kot vsak drug narod, in to je telesno in du\u0161no blagostanje. Slednje pa izvira iz pou\u010devanja, katerega edino sredstvo je narodni jezik.","og_url":"https:\/\/www.iskreni.net\/trgovina\/product\/iztrgane-korenine\/","og_site_name":"Zavod Iskreni","article_modified_time":"2025-09-17T11:07:40+00:00","og_image":[{"width":730,"height":730,"url":"https:\/\/www.iskreni.net\/trgovina\/wp-content\/uploads\/2025\/05\/iztrg2.png","type":"image\/png"}],"twitter_card":"summary_large_image","twitter_misc":{"Est. reading time":"4 minute"},"schema":{"@context":"https:\/\/schema.org","@graph":[{"@type":"WebPage","@id":"https:\/\/www.iskreni.net\/trgovina\/product\/iztrgane-korenine\/","url":"https:\/\/www.iskreni.net\/trgovina\/product\/iztrgane-korenine\/","name":"Iztrgane korenine","isPartOf":{"@id":"https:\/\/www.iskreni.net\/trgovina\/#website"},"primaryImageOfPage":{"@id":"https:\/\/www.iskreni.net\/trgovina\/product\/iztrgane-korenine\/#primaryimage"},"image":{"@id":"https:\/\/www.iskreni.net\/trgovina\/product\/iztrgane-korenine\/#primaryimage"},"thumbnailUrl":"https:\/\/www.iskreni.net\/trgovina\/wp-content\/uploads\/2025\/05\/iztrg2.png","datePublished":"2025-05-30T10:00:23+00:00","dateModified":"2025-09-17T11:07:40+00:00","description":"\u00bbNa\u0161 narod ima iste \u017eelje kot vsak drug narod, in to je telesno in du\u0161no blagostanje. Slednje pa izvira iz pou\u010devanja, katerega edino sredstvo je narodni jezik.","breadcrumb":{"@id":"https:\/\/www.iskreni.net\/trgovina\/product\/iztrgane-korenine\/#breadcrumb"},"inLanguage":"sl-SI","potentialAction":[{"@type":"ReadAction","target":["https:\/\/www.iskreni.net\/trgovina\/product\/iztrgane-korenine\/"]}]},{"@type":"ImageObject","inLanguage":"sl-SI","@id":"https:\/\/www.iskreni.net\/trgovina\/product\/iztrgane-korenine\/#primaryimage","url":"https:\/\/www.iskreni.net\/trgovina\/wp-content\/uploads\/2025\/05\/iztrg2.png","contentUrl":"https:\/\/www.iskreni.net\/trgovina\/wp-content\/uploads\/2025\/05\/iztrg2.png","width":730,"height":730,"caption":"Iztrgane korenine"},{"@type":"BreadcrumbList","@id":"https:\/\/www.iskreni.net\/trgovina\/product\/iztrgane-korenine\/#breadcrumb","itemListElement":[{"@type":"ListItem","position":1,"name":"Home","item":"https:\/\/www.iskreni.net\/trgovina\/"},{"@type":"ListItem","position":2,"name":"Trgovina","item":"https:\/\/www.iskreni.net\/trgovina\/trgovina\/"},{"@type":"ListItem","position":3,"name":"Iztrgane korenine"}]},{"@type":"WebSite","@id":"https:\/\/www.iskreni.net\/trgovina\/#website","url":"https:\/\/www.iskreni.net\/trgovina\/","name":"Zavod Iskreni","description":"trgovina","potentialAction":[{"@type":"SearchAction","target":{"@type":"EntryPoint","urlTemplate":"https:\/\/www.iskreni.net\/trgovina\/?s={search_term_string}"},"query-input":{"@type":"PropertyValueSpecification","valueRequired":true,"valueName":"search_term_string"}}],"inLanguage":"sl-SI"}]}},"_links":{"self":[{"href":"https:\/\/www.iskreni.net\/trgovina\/wp-json\/wp\/v2\/product\/87175","targetHints":{"allow":["GET"]}}],"collection":[{"href":"https:\/\/www.iskreni.net\/trgovina\/wp-json\/wp\/v2\/product"}],"about":[{"href":"https:\/\/www.iskreni.net\/trgovina\/wp-json\/wp\/v2\/types\/product"}],"replies":[{"embeddable":true,"href":"https:\/\/www.iskreni.net\/trgovina\/wp-json\/wp\/v2\/comments?post=87175"}],"version-history":[{"count":3,"href":"https:\/\/www.iskreni.net\/trgovina\/wp-json\/wp\/v2\/product\/87175\/revisions"}],"predecessor-version":[{"id":87181,"href":"https:\/\/www.iskreni.net\/trgovina\/wp-json\/wp\/v2\/product\/87175\/revisions\/87181"}],"wp:featuredmedia":[{"embeddable":true,"href":"https:\/\/www.iskreni.net\/trgovina\/wp-json\/wp\/v2\/media\/87177"}],"wp:attachment":[{"href":"https:\/\/www.iskreni.net\/trgovina\/wp-json\/wp\/v2\/media?parent=87175"}],"wp:term":[{"taxonomy":"product_brand","embeddable":true,"href":"https:\/\/www.iskreni.net\/trgovina\/wp-json\/wp\/v2\/product_brand?post=87175"},{"taxonomy":"product_cat","embeddable":true,"href":"https:\/\/www.iskreni.net\/trgovina\/wp-json\/wp\/v2\/product_cat?post=87175"},{"taxonomy":"product_tag","embeddable":true,"href":"https:\/\/www.iskreni.net\/trgovina\/wp-json\/wp\/v2\/product_tag?post=87175"},{"taxonomy":"avtor","embeddable":true,"href":"https:\/\/www.iskreni.net\/trgovina\/wp-json\/wp\/v2\/avtor?post=87175"},{"taxonomy":"zalozba","embeddable":true,"href":"https:\/\/www.iskreni.net\/trgovina\/wp-json\/wp\/v2\/zalozba?post=87175"},{"taxonomy":"vezava","embeddable":true,"href":"https:\/\/www.iskreni.net\/trgovina\/wp-json\/wp\/v2\/vezava?post=87175"}],"curies":[{"name":"wp","href":"https:\/\/api.w.org\/{rel}","templated":true}]}}