{"id":87154,"date":"2025-05-30T10:39:43","date_gmt":"2025-05-30T08:39:43","guid":{"rendered":"https:\/\/www.iskreni.net\/trgovina\/?post_type=product&#038;p=87154"},"modified":"2025-09-17T13:10:44","modified_gmt":"2025-09-17T11:10:44","slug":"ne-znam-ti-povedati","status":"publish","type":"product","link":"https:\/\/www.iskreni.net\/trgovina\/product\/ne-znam-ti-povedati\/","title":{"rendered":"Ne znam ti povedati"},"content":{"rendered":"<h4>O knjigi:<\/h4>\n<p>Nerazre\u0161ene stiske, neizgovorjene besede, neiz\u017eivete zaljubljenosti in izzivi v prijateljskih odnosih se lahko nakopi\u010dijo v mladem srcu in ne dovolijo, da poleti. Srednje\u0161olka Ne\u017ea se spoprijema z izgubo matere, zaljubi v \u00bbprepovedanega\u00ab fanta in postane \u017ertev medvrstni\u0161kega nasilja. \u0160olski vsakdan pa prekine nesre\u010da, ki njej, njeni dru\u017eini in prijateljem podari mo\u017enost, da iskreno spregovorijo in se v prihodnost zazrejo z druga\u010dnimi o\u010dmi. Je lahko kaj iskrenej\u0161ega kot to, kar mama kot popotnico v \u017eivljenje pove svoji h\u010derki?<br \/>\n<strong><br \/>\n<\/strong><strong>Knjiga &#8220;Ne znam ti povedati&#8221;<\/strong>\u00a0je povabilo k pogumu \u2013 pogumu, da se dotaknemo svojih najglobljih \u010dustev, da priznamo svojo ranljivost in da najdemo besede za tisto, kar nosimo v ti\u0161ini svojega srca.<br \/>\nTo ni le knjiga o neizre\u010denih ob\u010dutkih \u2013 je vodnik za vse, ki i\u0161\u010demo mo\u010d, da spregovorimo o tem, kar nam najve\u010d pomeni.<\/p>\n<p><strong>Prvenec Tanje Selan\u00a0<em>Ne znam ti povedati\u00a0<\/em>je bil leta 2023 nominiran za nagrado Svetlobnica.<\/strong><\/p>\n<h4><strong> Odlomek iz knjige:<\/strong><\/h4>\n<p>\u010ce bi bilo moje \u017eivljenje brez te\u017eav, bi imelo smisel? Ker je mnogo te\u017eav, smisla nima? Kaj pa, \u010de kmalu te\u017eav ne bo ve\u010d? Bo nesmiselno postalo smiselno? Isto \u017eivljenje bi se lahko tako prevrednotilo? Pijana glava nikoli ne pride do spodobnih zaklju\u010dkov. Edini zaklju\u010dek tega dneva je bil, da sem raje sama kot pa v tej dru\u017ebi. Vra\u010dam se na svojo stran in na bus proti domu. Beli glas si oddahne.<\/p>\n<p><strong>Preberite \u0161e intervju z avtorico na\u00a0<\/strong><a href=\"https:\/\/si.aleteia.org\/2024\/01\/07\/napisati-knjigo-ob-sluzbi-in-treh-majhnih-otrocih-tanji-je-uspelo\" target=\"_blank\" rel=\"noopener\"><strong>portalu Aleteia.<\/strong><\/a><\/p>\n","protected":false},"excerpt":{"rendered":"<p><strong>Spremna beseda: <\/strong>dr. Andreja Poljanec<strong><br \/>\n\u0160tevilo strani:<\/strong> 144<br \/>\n<strong>Format: <\/strong>140\u00a0 x 210 mm<br \/>\n<strong>Leto izdaje:<\/strong> 2025<\/p>\n<p>&nbsp;<\/p>\n<p><strong>\u00a0<\/strong><\/p>\n","protected":false},"featured_media":87156,"comment_status":"open","ping_status":"closed","template":"","meta":[],"product_brand":[],"product_cat":[2327,63],"product_tag":[2986,3065,3068,3064,3063,2868,3067,3062,3066],"avtor":[3061],"zalozba":[2311],"vezava":[],"class_list":{"0":"post-87154","1":"product","2":"type-product","3":"status-publish","4":"has-post-thumbnail","6":"product_cat-prirocniki-in-vodniki","7":"product_cat-knjige","8":"product_tag-custva","9":"product_tag-emocionalna-literatura","10":"product_tag-iskrenost-medvrstnisko-nasilje","11":"product_tag-komunikacija-v-odnosih","12":"product_tag-neizreceni-obcutki","13":"product_tag-odrascanje","14":"product_tag-ranljivost","15":"product_tag-stiske","16":"product_tag-tezave-komunikacije","17":"avtor-tanja-selan","18":"zalozba-druzina","20":"first","21":"instock","22":"taxable","23":"shipping-taxable","24":"purchasable","25":"product-type-simple"},"yoast_head":"<!-- This site is optimized with the Yoast SEO plugin v26.3 - https:\/\/yoast.com\/wordpress\/plugins\/seo\/ -->\n<title>Ne znam ti povedati - Zavod Iskreni<\/title>\n<meta name=\"description\" content=\"Knjiga je povabilo k pogumu \u2013 pogumu, da se dotaknemo svojih globokih \u010dustev, da priznamo svojo ranljivost in da najdemo besede za tisto, kar nosimo v srcu.\" \/>\n<meta name=\"robots\" content=\"index, follow, max-snippet:-1, max-image-preview:large, max-video-preview:-1\" \/>\n<link rel=\"canonical\" href=\"https:\/\/www.iskreni.net\/trgovina\/product\/ne-znam-ti-povedati\/\" \/>\n<meta property=\"og:locale\" content=\"sl_SI\" \/>\n<meta property=\"og:type\" content=\"article\" \/>\n<meta property=\"og:title\" content=\"Ne znam ti povedati - Zavod Iskreni\" \/>\n<meta property=\"og:description\" content=\"Knjiga je povabilo k pogumu \u2013 pogumu, da se dotaknemo svojih globokih \u010dustev, da priznamo svojo ranljivost in da najdemo besede za tisto, kar nosimo v srcu.\" \/>\n<meta property=\"og:url\" content=\"https:\/\/www.iskreni.net\/trgovina\/product\/ne-znam-ti-povedati\/\" \/>\n<meta property=\"og:site_name\" content=\"Zavod Iskreni\" \/>\n<meta property=\"article:modified_time\" content=\"2025-09-17T11:10:44+00:00\" \/>\n<meta property=\"og:image\" content=\"https:\/\/www.iskreni.net\/trgovina\/wp-content\/uploads\/2025\/05\/ne-znam-ti-povedati-naslovnica.jpg\" \/>\n\t<meta property=\"og:image:width\" content=\"1241\" \/>\n\t<meta property=\"og:image:height\" content=\"1241\" \/>\n\t<meta property=\"og:image:type\" content=\"image\/jpeg\" \/>\n<meta name=\"twitter:card\" content=\"summary_large_image\" \/>\n<meta name=\"twitter:label1\" content=\"Est. reading time\" \/>\n\t<meta name=\"twitter:data1\" content=\"2 minuti\" \/>\n<script type=\"application\/ld+json\" class=\"yoast-schema-graph\">{\"@context\":\"https:\/\/schema.org\",\"@graph\":[{\"@type\":\"WebPage\",\"@id\":\"https:\/\/www.iskreni.net\/trgovina\/product\/ne-znam-ti-povedati\/\",\"url\":\"https:\/\/www.iskreni.net\/trgovina\/product\/ne-znam-ti-povedati\/\",\"name\":\"Ne znam ti povedati - Zavod Iskreni\",\"isPartOf\":{\"@id\":\"https:\/\/www.iskreni.net\/trgovina\/#website\"},\"primaryImageOfPage\":{\"@id\":\"https:\/\/www.iskreni.net\/trgovina\/product\/ne-znam-ti-povedati\/#primaryimage\"},\"image\":{\"@id\":\"https:\/\/www.iskreni.net\/trgovina\/product\/ne-znam-ti-povedati\/#primaryimage\"},\"thumbnailUrl\":\"https:\/\/www.iskreni.net\/trgovina\/wp-content\/uploads\/2025\/05\/ne-znam-ti-povedati-naslovnica.jpg\",\"datePublished\":\"2025-05-30T08:39:43+00:00\",\"dateModified\":\"2025-09-17T11:10:44+00:00\",\"description\":\"Knjiga je povabilo k pogumu \u2013 pogumu, da se dotaknemo svojih globokih \u010dustev, da priznamo svojo ranljivost in da najdemo besede za tisto, kar nosimo v srcu.\",\"breadcrumb\":{\"@id\":\"https:\/\/www.iskreni.net\/trgovina\/product\/ne-znam-ti-povedati\/#breadcrumb\"},\"inLanguage\":\"sl-SI\",\"potentialAction\":[{\"@type\":\"ReadAction\",\"target\":[\"https:\/\/www.iskreni.net\/trgovina\/product\/ne-znam-ti-povedati\/\"]}]},{\"@type\":\"ImageObject\",\"inLanguage\":\"sl-SI\",\"@id\":\"https:\/\/www.iskreni.net\/trgovina\/product\/ne-znam-ti-povedati\/#primaryimage\",\"url\":\"https:\/\/www.iskreni.net\/trgovina\/wp-content\/uploads\/2025\/05\/ne-znam-ti-povedati-naslovnica.jpg\",\"contentUrl\":\"https:\/\/www.iskreni.net\/trgovina\/wp-content\/uploads\/2025\/05\/ne-znam-ti-povedati-naslovnica.jpg\",\"width\":1241,\"height\":1241,\"caption\":\"Ne znam ti povedati\"},{\"@type\":\"BreadcrumbList\",\"@id\":\"https:\/\/www.iskreni.net\/trgovina\/product\/ne-znam-ti-povedati\/#breadcrumb\",\"itemListElement\":[{\"@type\":\"ListItem\",\"position\":1,\"name\":\"Home\",\"item\":\"https:\/\/www.iskreni.net\/trgovina\/\"},{\"@type\":\"ListItem\",\"position\":2,\"name\":\"Trgovina\",\"item\":\"https:\/\/www.iskreni.net\/trgovina\/trgovina\/\"},{\"@type\":\"ListItem\",\"position\":3,\"name\":\"Ne znam ti povedati\"}]},{\"@type\":\"WebSite\",\"@id\":\"https:\/\/www.iskreni.net\/trgovina\/#website\",\"url\":\"https:\/\/www.iskreni.net\/trgovina\/\",\"name\":\"Zavod Iskreni\",\"description\":\"trgovina\",\"potentialAction\":[{\"@type\":\"SearchAction\",\"target\":{\"@type\":\"EntryPoint\",\"urlTemplate\":\"https:\/\/www.iskreni.net\/trgovina\/?s={search_term_string}\"},\"query-input\":{\"@type\":\"PropertyValueSpecification\",\"valueRequired\":true,\"valueName\":\"search_term_string\"}}],\"inLanguage\":\"sl-SI\"}]}<\/script>\n<!-- \/ Yoast SEO plugin. -->","yoast_head_json":{"title":"Ne znam ti povedati - Zavod Iskreni","description":"Knjiga je povabilo k pogumu \u2013 pogumu, da se dotaknemo svojih globokih \u010dustev, da priznamo svojo ranljivost in da najdemo besede za tisto, kar nosimo v srcu.","robots":{"index":"index","follow":"follow","max-snippet":"max-snippet:-1","max-image-preview":"max-image-preview:large","max-video-preview":"max-video-preview:-1"},"canonical":"https:\/\/www.iskreni.net\/trgovina\/product\/ne-znam-ti-povedati\/","og_locale":"sl_SI","og_type":"article","og_title":"Ne znam ti povedati - Zavod Iskreni","og_description":"Knjiga je povabilo k pogumu \u2013 pogumu, da se dotaknemo svojih globokih \u010dustev, da priznamo svojo ranljivost in da najdemo besede za tisto, kar nosimo v srcu.","og_url":"https:\/\/www.iskreni.net\/trgovina\/product\/ne-znam-ti-povedati\/","og_site_name":"Zavod Iskreni","article_modified_time":"2025-09-17T11:10:44+00:00","og_image":[{"width":1241,"height":1241,"url":"https:\/\/www.iskreni.net\/trgovina\/wp-content\/uploads\/2025\/05\/ne-znam-ti-povedati-naslovnica.jpg","type":"image\/jpeg"}],"twitter_card":"summary_large_image","twitter_misc":{"Est. reading time":"2 minuti"},"schema":{"@context":"https:\/\/schema.org","@graph":[{"@type":"WebPage","@id":"https:\/\/www.iskreni.net\/trgovina\/product\/ne-znam-ti-povedati\/","url":"https:\/\/www.iskreni.net\/trgovina\/product\/ne-znam-ti-povedati\/","name":"Ne znam ti povedati - Zavod Iskreni","isPartOf":{"@id":"https:\/\/www.iskreni.net\/trgovina\/#website"},"primaryImageOfPage":{"@id":"https:\/\/www.iskreni.net\/trgovina\/product\/ne-znam-ti-povedati\/#primaryimage"},"image":{"@id":"https:\/\/www.iskreni.net\/trgovina\/product\/ne-znam-ti-povedati\/#primaryimage"},"thumbnailUrl":"https:\/\/www.iskreni.net\/trgovina\/wp-content\/uploads\/2025\/05\/ne-znam-ti-povedati-naslovnica.jpg","datePublished":"2025-05-30T08:39:43+00:00","dateModified":"2025-09-17T11:10:44+00:00","description":"Knjiga je povabilo k pogumu \u2013 pogumu, da se dotaknemo svojih globokih \u010dustev, da priznamo svojo ranljivost in da najdemo besede za tisto, kar nosimo v srcu.","breadcrumb":{"@id":"https:\/\/www.iskreni.net\/trgovina\/product\/ne-znam-ti-povedati\/#breadcrumb"},"inLanguage":"sl-SI","potentialAction":[{"@type":"ReadAction","target":["https:\/\/www.iskreni.net\/trgovina\/product\/ne-znam-ti-povedati\/"]}]},{"@type":"ImageObject","inLanguage":"sl-SI","@id":"https:\/\/www.iskreni.net\/trgovina\/product\/ne-znam-ti-povedati\/#primaryimage","url":"https:\/\/www.iskreni.net\/trgovina\/wp-content\/uploads\/2025\/05\/ne-znam-ti-povedati-naslovnica.jpg","contentUrl":"https:\/\/www.iskreni.net\/trgovina\/wp-content\/uploads\/2025\/05\/ne-znam-ti-povedati-naslovnica.jpg","width":1241,"height":1241,"caption":"Ne znam ti povedati"},{"@type":"BreadcrumbList","@id":"https:\/\/www.iskreni.net\/trgovina\/product\/ne-znam-ti-povedati\/#breadcrumb","itemListElement":[{"@type":"ListItem","position":1,"name":"Home","item":"https:\/\/www.iskreni.net\/trgovina\/"},{"@type":"ListItem","position":2,"name":"Trgovina","item":"https:\/\/www.iskreni.net\/trgovina\/trgovina\/"},{"@type":"ListItem","position":3,"name":"Ne znam ti povedati"}]},{"@type":"WebSite","@id":"https:\/\/www.iskreni.net\/trgovina\/#website","url":"https:\/\/www.iskreni.net\/trgovina\/","name":"Zavod Iskreni","description":"trgovina","potentialAction":[{"@type":"SearchAction","target":{"@type":"EntryPoint","urlTemplate":"https:\/\/www.iskreni.net\/trgovina\/?s={search_term_string}"},"query-input":{"@type":"PropertyValueSpecification","valueRequired":true,"valueName":"search_term_string"}}],"inLanguage":"sl-SI"}]}},"_links":{"self":[{"href":"https:\/\/www.iskreni.net\/trgovina\/wp-json\/wp\/v2\/product\/87154","targetHints":{"allow":["GET"]}}],"collection":[{"href":"https:\/\/www.iskreni.net\/trgovina\/wp-json\/wp\/v2\/product"}],"about":[{"href":"https:\/\/www.iskreni.net\/trgovina\/wp-json\/wp\/v2\/types\/product"}],"replies":[{"embeddable":true,"href":"https:\/\/www.iskreni.net\/trgovina\/wp-json\/wp\/v2\/comments?post=87154"}],"version-history":[{"count":2,"href":"https:\/\/www.iskreni.net\/trgovina\/wp-json\/wp\/v2\/product\/87154\/revisions"}],"predecessor-version":[{"id":87158,"href":"https:\/\/www.iskreni.net\/trgovina\/wp-json\/wp\/v2\/product\/87154\/revisions\/87158"}],"wp:featuredmedia":[{"embeddable":true,"href":"https:\/\/www.iskreni.net\/trgovina\/wp-json\/wp\/v2\/media\/87156"}],"wp:attachment":[{"href":"https:\/\/www.iskreni.net\/trgovina\/wp-json\/wp\/v2\/media?parent=87154"}],"wp:term":[{"taxonomy":"product_brand","embeddable":true,"href":"https:\/\/www.iskreni.net\/trgovina\/wp-json\/wp\/v2\/product_brand?post=87154"},{"taxonomy":"product_cat","embeddable":true,"href":"https:\/\/www.iskreni.net\/trgovina\/wp-json\/wp\/v2\/product_cat?post=87154"},{"taxonomy":"product_tag","embeddable":true,"href":"https:\/\/www.iskreni.net\/trgovina\/wp-json\/wp\/v2\/product_tag?post=87154"},{"taxonomy":"avtor","embeddable":true,"href":"https:\/\/www.iskreni.net\/trgovina\/wp-json\/wp\/v2\/avtor?post=87154"},{"taxonomy":"zalozba","embeddable":true,"href":"https:\/\/www.iskreni.net\/trgovina\/wp-json\/wp\/v2\/zalozba?post=87154"},{"taxonomy":"vezava","embeddable":true,"href":"https:\/\/www.iskreni.net\/trgovina\/wp-json\/wp\/v2\/vezava?post=87154"}],"curies":[{"name":"wp","href":"https:\/\/api.w.org\/{rel}","templated":true}]}}