{"id":87123,"date":"2025-05-29T09:40:51","date_gmt":"2025-05-29T07:40:51","guid":{"rendered":"https:\/\/www.iskreni.net\/trgovina\/?post_type=product&#038;p=87123"},"modified":"2026-02-20T12:30:21","modified_gmt":"2026-02-20T11:30:21","slug":"rojstvo-brez-nasilja","status":"publish","type":"product","link":"https:\/\/www.iskreni.net\/trgovina\/product\/rojstvo-brez-nasilja\/","title":{"rendered":"Rojstvo brez nasilja"},"content":{"rendered":"<h4>O knjigi:<\/h4>\n<p><em>Rojstvo brez nasilja <\/em>\u2013 knjiga, ki spremeni pogled na rojstvo otroka.<strong>\u00a0Otrok ob rojstvu ni le telo \u2013 je \u010dute\u010de, zavestno bitje<\/strong>. Ta knjiga je povabilo za vas, dragi bodo\u010di star\u0161i, ki v sebi nosite \u017eeljo, da se va\u0161 otrok rodi v miru, ti\u0161ini, ljubezni in spo\u0161tovanju. Verjamem, da si prihajajo\u010di otroci \u017eelijo in zaslu\u017eijo tak\u0161no rojstvo. \u010cas je, da se zamisli in predlogi avtorja za\u010dnejo uveljavljati v vsakdanji praksi slovenskih porodni\u0161nic.<\/p>\n<p><strong>Navdih za knjigo je pri\u0161el iz preprostega opazovanja \u2013 in globoke \u010dlove\u0161kosti. Kot zdravnik je bil pri\u010da tiso\u010derim porodom. A nekaj v njem je vsakokrat zastalo, ko je zagledal novorojen\u010dka \u2013 izpostavljenega hrupu, svetlobi, strahu.<\/strong><\/p>\n<p>Z meditacijo in globokim razumevanjem \u017eivljenja je razvil svojo vizijo. Prvi vdih otroka ni le telesni pojav \u2013 je prehod v novo \u017eivljenje, prehod med svetovi. In ta trenutek \u2013 ta prvi dih \u2013 si zaslu\u017ei, da se zgodi mirno, spo\u0161tljivo, brez nasilja.<\/p>\n<p><strong>Ta knjiga je povabilo za vas, dragi bodo\u010di star\u0161i, ki v sebi nosite \u017eeljo, da se va\u0161 otrok rodi v miru, ti\u0161ini, ljubezni in spo\u0161tovanju.<\/strong>\u00a0Verjamem, da si prihajajo\u010di otroci \u017eelijo in zaslu\u017eijo tak\u0161no rojstvo. \u010cas je, da se zamisli in predlogi avtorja za\u010dnejo uveljavljati v vsakdanji praksi slovenskih porodni\u0161nic.<\/p>\n<p>Ta knjiga ni le za bodo\u010de mamice in o\u010dete. Je knjiga za vse nas. Prav vsak izmed nas nosi v sebi izku\u0161njo rojstva. \u010ceprav se ga ne spomnimo, je zapisano globoko v na\u0161i podzavesti, preve\u010d neprijetno je. A \u0161e vedno \u017eivi v nas \u2013 \u010daka, da ga ne\u017eno pogledamo in sprejmemo.<\/p>\n<p>Za vsakogar, ki se \u017eeli spomniti in morda prvi\u010d za\u010dutiti svoje lastno rojstvo. Za vse, ki verjamemo, da \u017eivljenje zaslu\u017ei spo\u0161tljiv in ne\u017een za\u010detek \u2013 ne v \u0161oku.\u00a0Knjiga vas ne bo nau\u010dila le, kako roditi. Nau\u010dila vas bo, kako videti, sli\u0161ati in spo\u0161tovati novo \u017eivljenje \u2013 in morda tudi znova najti stik s svojim.\u00a0<strong>Knjiga je bila prvi\u010d izdana leta 1974 in prevedena v \u0161tevilne svetovne jezike ter prodana v ve\u010d milijonskih nakladah. V slovenskem jeziku je prvi\u010d iz\u0161la leta 1984 in bila kmalu razprodana.\u00a0<\/strong>Knjiga, ki je danes pred vami, je na novo prevedena iz avtorjeve zadnje, posodobljene razli\u010dice iz\u00a0leta 2017, s spo\u0161tovanjem do njegove izvirne misli \u2013 in z ob\u010dutkom za dana\u0161nji \u010das.\u00a0<strong>\u010ceprav je bil avtor dolgo \u010dasa prezrt, so danes mnogi strokovnjaki mnenja, da je bil Frederick Leboyer eden najve\u010djih pionirjev v zgodovini porodni\u0161tva.<br \/>\n<\/strong><\/p>\n<p><em>\u00bbMogo\u010de bomo kon\u010dno sli\u0161ali, kar \u017ee tako dolgo, in vedno zaman, obupano vpijejo otroci.\u00ab<\/em><\/p>\n<p><strong>&#8211; Frederic Leboyer<\/strong><\/p>\n<p><strong>\u00a0<\/strong><\/p>\n","protected":false},"excerpt":{"rendered":"<p><strong>\u0160tevilo strani:<\/strong> 180<br \/>\n<strong>Format: <\/strong>128 x x 185 mm<br \/>\n<strong>Leto izdaje:<\/strong> 2025<\/p>\n<p>&nbsp;<\/p>\n<p><strong>\u00a0<\/strong><\/p>\n","protected":false},"featured_media":87124,"comment_status":"open","ping_status":"closed","template":"","meta":[],"product_brand":[],"product_cat":[2327,63],"product_tag":[1384,3052,3053],"avtor":[3051],"zalozba":[2780],"vezava":[2307],"class_list":{"0":"post-87123","1":"product","2":"type-product","3":"status-publish","4":"has-post-thumbnail","6":"product_cat-prirocniki-in-vodniki","7":"product_cat-knjige","8":"product_tag-porod","9":"product_tag-rojstvo","10":"product_tag-spostovanje","11":"avtor-frederick-leboyer","12":"zalozba-primus","13":"vezava-mehka","15":"first","16":"instock","17":"taxable","18":"shipping-taxable","19":"purchasable","20":"product-type-simple"},"yoast_head":"<!-- This site is optimized with the Yoast SEO plugin v26.3 - https:\/\/yoast.com\/wordpress\/plugins\/seo\/ -->\n<title>Rojstvo brez nasilja - Zavod Iskreni<\/title>\n<meta name=\"description\" content=\"Otrok ob rojstvu ni le telo \u2013 je \u010dute\u010de, zavestno bitje. Ta knjiga je povabilo za vas, dragi bodo\u010di star\u0161i, ki v sebi nosite \u017eeljo, da se va\u0161 otrok rodi v miru, ti\u0161ini, ljubezni in spo\u0161tovanju.\" \/>\n<meta name=\"robots\" content=\"index, follow, max-snippet:-1, max-image-preview:large, max-video-preview:-1\" \/>\n<link rel=\"canonical\" href=\"https:\/\/www.iskreni.net\/trgovina\/product\/rojstvo-brez-nasilja\/\" \/>\n<meta property=\"og:locale\" content=\"sl_SI\" \/>\n<meta property=\"og:type\" content=\"article\" \/>\n<meta property=\"og:title\" content=\"Rojstvo brez nasilja - Zavod Iskreni\" \/>\n<meta property=\"og:description\" content=\"Otrok ob rojstvu ni le telo \u2013 je \u010dute\u010de, zavestno bitje. Ta knjiga je povabilo za vas, dragi bodo\u010di star\u0161i, ki v sebi nosite \u017eeljo, da se va\u0161 otrok rodi v miru, ti\u0161ini, ljubezni in spo\u0161tovanju.\" \/>\n<meta property=\"og:url\" content=\"https:\/\/www.iskreni.net\/trgovina\/product\/rojstvo-brez-nasilja\/\" \/>\n<meta property=\"og:site_name\" content=\"Zavod Iskreni\" \/>\n<meta property=\"article:modified_time\" content=\"2026-02-20T11:30:21+00:00\" \/>\n<meta property=\"og:image\" content=\"https:\/\/www.iskreni.net\/trgovina\/wp-content\/uploads\/2025\/05\/rojstvo-brez-nasilja.png\" \/>\n\t<meta property=\"og:image:width\" content=\"727\" \/>\n\t<meta property=\"og:image:height\" content=\"727\" \/>\n\t<meta property=\"og:image:type\" content=\"image\/png\" \/>\n<meta name=\"twitter:card\" content=\"summary_large_image\" \/>\n<meta name=\"twitter:label1\" content=\"Est. reading time\" \/>\n\t<meta name=\"twitter:data1\" content=\"3 minute\" \/>\n<script type=\"application\/ld+json\" class=\"yoast-schema-graph\">{\"@context\":\"https:\/\/schema.org\",\"@graph\":[{\"@type\":\"WebPage\",\"@id\":\"https:\/\/www.iskreni.net\/trgovina\/product\/rojstvo-brez-nasilja\/\",\"url\":\"https:\/\/www.iskreni.net\/trgovina\/product\/rojstvo-brez-nasilja\/\",\"name\":\"Rojstvo brez nasilja - Zavod Iskreni\",\"isPartOf\":{\"@id\":\"https:\/\/www.iskreni.net\/trgovina\/#website\"},\"primaryImageOfPage\":{\"@id\":\"https:\/\/www.iskreni.net\/trgovina\/product\/rojstvo-brez-nasilja\/#primaryimage\"},\"image\":{\"@id\":\"https:\/\/www.iskreni.net\/trgovina\/product\/rojstvo-brez-nasilja\/#primaryimage\"},\"thumbnailUrl\":\"https:\/\/www.iskreni.net\/trgovina\/wp-content\/uploads\/2025\/05\/rojstvo-brez-nasilja.png\",\"datePublished\":\"2025-05-29T07:40:51+00:00\",\"dateModified\":\"2026-02-20T11:30:21+00:00\",\"description\":\"Otrok ob rojstvu ni le telo \u2013 je \u010dute\u010de, zavestno bitje. Ta knjiga je povabilo za vas, dragi bodo\u010di star\u0161i, ki v sebi nosite \u017eeljo, da se va\u0161 otrok rodi v miru, ti\u0161ini, ljubezni in spo\u0161tovanju.\",\"breadcrumb\":{\"@id\":\"https:\/\/www.iskreni.net\/trgovina\/product\/rojstvo-brez-nasilja\/#breadcrumb\"},\"inLanguage\":\"sl-SI\",\"potentialAction\":[{\"@type\":\"ReadAction\",\"target\":[\"https:\/\/www.iskreni.net\/trgovina\/product\/rojstvo-brez-nasilja\/\"]}]},{\"@type\":\"ImageObject\",\"inLanguage\":\"sl-SI\",\"@id\":\"https:\/\/www.iskreni.net\/trgovina\/product\/rojstvo-brez-nasilja\/#primaryimage\",\"url\":\"https:\/\/www.iskreni.net\/trgovina\/wp-content\/uploads\/2025\/05\/rojstvo-brez-nasilja.png\",\"contentUrl\":\"https:\/\/www.iskreni.net\/trgovina\/wp-content\/uploads\/2025\/05\/rojstvo-brez-nasilja.png\",\"width\":727,\"height\":727,\"caption\":\"Rojstvo brez nasilja\"},{\"@type\":\"BreadcrumbList\",\"@id\":\"https:\/\/www.iskreni.net\/trgovina\/product\/rojstvo-brez-nasilja\/#breadcrumb\",\"itemListElement\":[{\"@type\":\"ListItem\",\"position\":1,\"name\":\"Home\",\"item\":\"https:\/\/www.iskreni.net\/trgovina\/\"},{\"@type\":\"ListItem\",\"position\":2,\"name\":\"Trgovina\",\"item\":\"https:\/\/www.iskreni.net\/trgovina\/trgovina\/\"},{\"@type\":\"ListItem\",\"position\":3,\"name\":\"Rojstvo brez nasilja\"}]},{\"@type\":\"WebSite\",\"@id\":\"https:\/\/www.iskreni.net\/trgovina\/#website\",\"url\":\"https:\/\/www.iskreni.net\/trgovina\/\",\"name\":\"Zavod Iskreni\",\"description\":\"trgovina\",\"potentialAction\":[{\"@type\":\"SearchAction\",\"target\":{\"@type\":\"EntryPoint\",\"urlTemplate\":\"https:\/\/www.iskreni.net\/trgovina\/?s={search_term_string}\"},\"query-input\":{\"@type\":\"PropertyValueSpecification\",\"valueRequired\":true,\"valueName\":\"search_term_string\"}}],\"inLanguage\":\"sl-SI\"}]}<\/script>\n<!-- \/ Yoast SEO plugin. -->","yoast_head_json":{"title":"Rojstvo brez nasilja - Zavod Iskreni","description":"Otrok ob rojstvu ni le telo \u2013 je \u010dute\u010de, zavestno bitje. Ta knjiga je povabilo za vas, dragi bodo\u010di star\u0161i, ki v sebi nosite \u017eeljo, da se va\u0161 otrok rodi v miru, ti\u0161ini, ljubezni in spo\u0161tovanju.","robots":{"index":"index","follow":"follow","max-snippet":"max-snippet:-1","max-image-preview":"max-image-preview:large","max-video-preview":"max-video-preview:-1"},"canonical":"https:\/\/www.iskreni.net\/trgovina\/product\/rojstvo-brez-nasilja\/","og_locale":"sl_SI","og_type":"article","og_title":"Rojstvo brez nasilja - Zavod Iskreni","og_description":"Otrok ob rojstvu ni le telo \u2013 je \u010dute\u010de, zavestno bitje. Ta knjiga je povabilo za vas, dragi bodo\u010di star\u0161i, ki v sebi nosite \u017eeljo, da se va\u0161 otrok rodi v miru, ti\u0161ini, ljubezni in spo\u0161tovanju.","og_url":"https:\/\/www.iskreni.net\/trgovina\/product\/rojstvo-brez-nasilja\/","og_site_name":"Zavod Iskreni","article_modified_time":"2026-02-20T11:30:21+00:00","og_image":[{"width":727,"height":727,"url":"https:\/\/www.iskreni.net\/trgovina\/wp-content\/uploads\/2025\/05\/rojstvo-brez-nasilja.png","type":"image\/png"}],"twitter_card":"summary_large_image","twitter_misc":{"Est. reading time":"3 minute"},"schema":{"@context":"https:\/\/schema.org","@graph":[{"@type":"WebPage","@id":"https:\/\/www.iskreni.net\/trgovina\/product\/rojstvo-brez-nasilja\/","url":"https:\/\/www.iskreni.net\/trgovina\/product\/rojstvo-brez-nasilja\/","name":"Rojstvo brez nasilja - Zavod Iskreni","isPartOf":{"@id":"https:\/\/www.iskreni.net\/trgovina\/#website"},"primaryImageOfPage":{"@id":"https:\/\/www.iskreni.net\/trgovina\/product\/rojstvo-brez-nasilja\/#primaryimage"},"image":{"@id":"https:\/\/www.iskreni.net\/trgovina\/product\/rojstvo-brez-nasilja\/#primaryimage"},"thumbnailUrl":"https:\/\/www.iskreni.net\/trgovina\/wp-content\/uploads\/2025\/05\/rojstvo-brez-nasilja.png","datePublished":"2025-05-29T07:40:51+00:00","dateModified":"2026-02-20T11:30:21+00:00","description":"Otrok ob rojstvu ni le telo \u2013 je \u010dute\u010de, zavestno bitje. Ta knjiga je povabilo za vas, dragi bodo\u010di star\u0161i, ki v sebi nosite \u017eeljo, da se va\u0161 otrok rodi v miru, ti\u0161ini, ljubezni in spo\u0161tovanju.","breadcrumb":{"@id":"https:\/\/www.iskreni.net\/trgovina\/product\/rojstvo-brez-nasilja\/#breadcrumb"},"inLanguage":"sl-SI","potentialAction":[{"@type":"ReadAction","target":["https:\/\/www.iskreni.net\/trgovina\/product\/rojstvo-brez-nasilja\/"]}]},{"@type":"ImageObject","inLanguage":"sl-SI","@id":"https:\/\/www.iskreni.net\/trgovina\/product\/rojstvo-brez-nasilja\/#primaryimage","url":"https:\/\/www.iskreni.net\/trgovina\/wp-content\/uploads\/2025\/05\/rojstvo-brez-nasilja.png","contentUrl":"https:\/\/www.iskreni.net\/trgovina\/wp-content\/uploads\/2025\/05\/rojstvo-brez-nasilja.png","width":727,"height":727,"caption":"Rojstvo brez nasilja"},{"@type":"BreadcrumbList","@id":"https:\/\/www.iskreni.net\/trgovina\/product\/rojstvo-brez-nasilja\/#breadcrumb","itemListElement":[{"@type":"ListItem","position":1,"name":"Home","item":"https:\/\/www.iskreni.net\/trgovina\/"},{"@type":"ListItem","position":2,"name":"Trgovina","item":"https:\/\/www.iskreni.net\/trgovina\/trgovina\/"},{"@type":"ListItem","position":3,"name":"Rojstvo brez nasilja"}]},{"@type":"WebSite","@id":"https:\/\/www.iskreni.net\/trgovina\/#website","url":"https:\/\/www.iskreni.net\/trgovina\/","name":"Zavod Iskreni","description":"trgovina","potentialAction":[{"@type":"SearchAction","target":{"@type":"EntryPoint","urlTemplate":"https:\/\/www.iskreni.net\/trgovina\/?s={search_term_string}"},"query-input":{"@type":"PropertyValueSpecification","valueRequired":true,"valueName":"search_term_string"}}],"inLanguage":"sl-SI"}]}},"_links":{"self":[{"href":"https:\/\/www.iskreni.net\/trgovina\/wp-json\/wp\/v2\/product\/87123","targetHints":{"allow":["GET"]}}],"collection":[{"href":"https:\/\/www.iskreni.net\/trgovina\/wp-json\/wp\/v2\/product"}],"about":[{"href":"https:\/\/www.iskreni.net\/trgovina\/wp-json\/wp\/v2\/types\/product"}],"replies":[{"embeddable":true,"href":"https:\/\/www.iskreni.net\/trgovina\/wp-json\/wp\/v2\/comments?post=87123"}],"version-history":[{"count":2,"href":"https:\/\/www.iskreni.net\/trgovina\/wp-json\/wp\/v2\/product\/87123\/revisions"}],"predecessor-version":[{"id":87128,"href":"https:\/\/www.iskreni.net\/trgovina\/wp-json\/wp\/v2\/product\/87123\/revisions\/87128"}],"wp:featuredmedia":[{"embeddable":true,"href":"https:\/\/www.iskreni.net\/trgovina\/wp-json\/wp\/v2\/media\/87124"}],"wp:attachment":[{"href":"https:\/\/www.iskreni.net\/trgovina\/wp-json\/wp\/v2\/media?parent=87123"}],"wp:term":[{"taxonomy":"product_brand","embeddable":true,"href":"https:\/\/www.iskreni.net\/trgovina\/wp-json\/wp\/v2\/product_brand?post=87123"},{"taxonomy":"product_cat","embeddable":true,"href":"https:\/\/www.iskreni.net\/trgovina\/wp-json\/wp\/v2\/product_cat?post=87123"},{"taxonomy":"product_tag","embeddable":true,"href":"https:\/\/www.iskreni.net\/trgovina\/wp-json\/wp\/v2\/product_tag?post=87123"},{"taxonomy":"avtor","embeddable":true,"href":"https:\/\/www.iskreni.net\/trgovina\/wp-json\/wp\/v2\/avtor?post=87123"},{"taxonomy":"zalozba","embeddable":true,"href":"https:\/\/www.iskreni.net\/trgovina\/wp-json\/wp\/v2\/zalozba?post=87123"},{"taxonomy":"vezava","embeddable":true,"href":"https:\/\/www.iskreni.net\/trgovina\/wp-json\/wp\/v2\/vezava?post=87123"}],"curies":[{"name":"wp","href":"https:\/\/api.w.org\/{rel}","templated":true}]}}