{"id":86602,"date":"2025-04-25T10:10:51","date_gmt":"2025-04-25T08:10:51","guid":{"rendered":"https:\/\/www.iskreni.net\/trgovina\/?post_type=product&#038;p=86602"},"modified":"2026-03-07T19:24:58","modified_gmt":"2026-03-07T18:24:58","slug":"karel-acutis","status":"publish","type":"product","link":"https:\/\/www.iskreni.net\/trgovina\/product\/karel-acutis\/","title":{"rendered":"Karel Acutis"},"content":{"rendered":"<h3 class=\"ie-h2 tw-pb-5 tw-font-bold\">O knjigi<\/h3>\n<p>\u00bbVsi ljudje se rodijo kot originali, mnogi pa umrejo kot fotokopije.\u00ab Manga o Karlu Acutisu, mladem svetniku 21. stoletja. Ne\u017eni in zagret italijanski najstnik, ki je ljubil nogomet, \u017eivali in ra\u010dunalnike, se je dotaknil vsakogar, ki ga je sre\u010dal, vsak dan \u010dastil Boga v sveti evharistiji in razvil spletno stran za evangeliziranje sveta. S svojo gore\u010do vero tudi danes nagovarja na tiso\u010de mladih.<\/p>\n<p>Spoznajte \u017eivljenje Karla Akutisa v mangi! Odkrijte tega mladega svetnika, ki je svojo vero odkril \u017ee v otro\u0161tvu in s pomo\u010djo svete evharistije \u017eivel po Jezusovem vzoru. Mladeni\u010d 21. stoletja, nadarjen za ra\u010dunalni\u0161tvo, je svoje talente postavil v slu\u017ebo vere, da bi po vsem svetu spoznali Jezusa in evharisti\u010dne \u010dude\u017ee.<\/p>\n<p><strong>\u00a0<\/strong><\/p>\n","protected":false},"excerpt":{"rendered":"<p><strong>Ilustrator: <\/strong>Albert Carreres<strong><br \/>\n\u0160tevilo strani: <\/strong>200<br \/>\n<strong>Format:<\/strong> 210 x 145 mm<br \/>\n<strong>Leto izdaje:<\/strong> 2025<\/p>\n","protected":false},"featured_media":86605,"comment_status":"open","ping_status":"closed","template":"","meta":[],"product_brand":[],"product_cat":[2350,63],"product_tag":[3029,3030],"avtor":[3031],"zalozba":[2336],"vezava":[2306],"class_list":{"0":"post-86602","1":"product","2":"type-product","3":"status-publish","4":"has-post-thumbnail","6":"product_cat-za-mlade","7":"product_cat-knjige","8":"product_tag-karel-acutis","9":"product_tag-manga","10":"avtor-nick-meylaender","11":"zalozba-salve","12":"vezava-trda","14":"first","15":"onbackorder","16":"taxable","17":"shipping-taxable","18":"purchasable","19":"product-type-simple"},"yoast_head":"<!-- This site is optimized with the Yoast SEO plugin v26.3 - https:\/\/yoast.com\/wordpress\/plugins\/seo\/ -->\n<title>Karel Acutis - trgovina Zavod Iskreni<\/title>\n<meta name=\"description\" content=\"Spoznajte \u017eivljenje Karla Akutisa v mangi! Svetnik, ki je svojo vero odkril \u017ee v otro\u0161tvu in s pomo\u010djo svete evharistije \u017eivel po Jezusovem vzoru.\" \/>\n<meta name=\"robots\" content=\"index, follow, max-snippet:-1, max-image-preview:large, max-video-preview:-1\" \/>\n<link rel=\"canonical\" href=\"https:\/\/www.iskreni.net\/trgovina\/product\/karel-acutis\/\" \/>\n<meta property=\"og:locale\" content=\"sl_SI\" \/>\n<meta property=\"og:type\" content=\"article\" \/>\n<meta property=\"og:title\" content=\"Postanimo prijatelji Svetega Duha\" \/>\n<meta property=\"og:description\" content=\"Spoznajte \u017eivljenje Karla Akutisa v mangi! Svetnik, ki je svojo vero odkril \u017ee v otro\u0161tvu in s pomo\u010djo svete evharistije \u017eivel po Jezusovem vzoru.\" \/>\n<meta property=\"og:url\" content=\"https:\/\/www.iskreni.net\/trgovina\/product\/karel-acutis\/\" \/>\n<meta property=\"og:site_name\" content=\"Zavod Iskreni\" \/>\n<meta property=\"article:modified_time\" content=\"2026-03-07T18:24:58+00:00\" \/>\n<meta property=\"og:image\" content=\"https:\/\/www.iskreni.net\/trgovina\/wp-content\/uploads\/2025\/04\/KAREL-ACUTIS_NASLOVNICA.jpg\" \/>\n\t<meta property=\"og:image:width\" content=\"902\" \/>\n\t<meta property=\"og:image:height\" content=\"1280\" \/>\n\t<meta property=\"og:image:type\" content=\"image\/jpeg\" \/>\n<meta name=\"twitter:card\" content=\"summary_large_image\" \/>\n<meta name=\"twitter:label1\" content=\"Est. reading time\" \/>\n\t<meta name=\"twitter:data1\" content=\"1 minuta\" \/>\n<script type=\"application\/ld+json\" class=\"yoast-schema-graph\">{\"@context\":\"https:\/\/schema.org\",\"@graph\":[{\"@type\":\"WebPage\",\"@id\":\"https:\/\/www.iskreni.net\/trgovina\/product\/karel-acutis\/\",\"url\":\"https:\/\/www.iskreni.net\/trgovina\/product\/karel-acutis\/\",\"name\":\"Karel Acutis - trgovina Zavod Iskreni\",\"isPartOf\":{\"@id\":\"https:\/\/www.iskreni.net\/trgovina\/#website\"},\"primaryImageOfPage\":{\"@id\":\"https:\/\/www.iskreni.net\/trgovina\/product\/karel-acutis\/#primaryimage\"},\"image\":{\"@id\":\"https:\/\/www.iskreni.net\/trgovina\/product\/karel-acutis\/#primaryimage\"},\"thumbnailUrl\":\"https:\/\/www.iskreni.net\/trgovina\/wp-content\/uploads\/2025\/04\/KAREL-ACUTIS_NASLOVNICA.jpg\",\"datePublished\":\"2025-04-25T08:10:51+00:00\",\"dateModified\":\"2026-03-07T18:24:58+00:00\",\"description\":\"Spoznajte \u017eivljenje Karla Akutisa v mangi! Svetnik, ki je svojo vero odkril \u017ee v otro\u0161tvu in s pomo\u010djo svete evharistije \u017eivel po Jezusovem vzoru.\",\"breadcrumb\":{\"@id\":\"https:\/\/www.iskreni.net\/trgovina\/product\/karel-acutis\/#breadcrumb\"},\"inLanguage\":\"sl-SI\",\"potentialAction\":[{\"@type\":\"ReadAction\",\"target\":[\"https:\/\/www.iskreni.net\/trgovina\/product\/karel-acutis\/\"]}]},{\"@type\":\"ImageObject\",\"inLanguage\":\"sl-SI\",\"@id\":\"https:\/\/www.iskreni.net\/trgovina\/product\/karel-acutis\/#primaryimage\",\"url\":\"https:\/\/www.iskreni.net\/trgovina\/wp-content\/uploads\/2025\/04\/KAREL-ACUTIS_NASLOVNICA.jpg\",\"contentUrl\":\"https:\/\/www.iskreni.net\/trgovina\/wp-content\/uploads\/2025\/04\/KAREL-ACUTIS_NASLOVNICA.jpg\",\"width\":902,\"height\":1280,\"caption\":\"Karel Acutis\"},{\"@type\":\"BreadcrumbList\",\"@id\":\"https:\/\/www.iskreni.net\/trgovina\/product\/karel-acutis\/#breadcrumb\",\"itemListElement\":[{\"@type\":\"ListItem\",\"position\":1,\"name\":\"Home\",\"item\":\"https:\/\/www.iskreni.net\/trgovina\/\"},{\"@type\":\"ListItem\",\"position\":2,\"name\":\"Trgovina\",\"item\":\"https:\/\/www.iskreni.net\/trgovina\/trgovina\/\"},{\"@type\":\"ListItem\",\"position\":3,\"name\":\"Karel Acutis\"}]},{\"@type\":\"WebSite\",\"@id\":\"https:\/\/www.iskreni.net\/trgovina\/#website\",\"url\":\"https:\/\/www.iskreni.net\/trgovina\/\",\"name\":\"Zavod Iskreni\",\"description\":\"trgovina\",\"potentialAction\":[{\"@type\":\"SearchAction\",\"target\":{\"@type\":\"EntryPoint\",\"urlTemplate\":\"https:\/\/www.iskreni.net\/trgovina\/?s={search_term_string}\"},\"query-input\":{\"@type\":\"PropertyValueSpecification\",\"valueRequired\":true,\"valueName\":\"search_term_string\"}}],\"inLanguage\":\"sl-SI\"}]}<\/script>\n<!-- \/ Yoast SEO plugin. -->","yoast_head_json":{"title":"Karel Acutis - trgovina Zavod Iskreni","description":"Spoznajte \u017eivljenje Karla Akutisa v mangi! Svetnik, ki je svojo vero odkril \u017ee v otro\u0161tvu in s pomo\u010djo svete evharistije \u017eivel po Jezusovem vzoru.","robots":{"index":"index","follow":"follow","max-snippet":"max-snippet:-1","max-image-preview":"max-image-preview:large","max-video-preview":"max-video-preview:-1"},"canonical":"https:\/\/www.iskreni.net\/trgovina\/product\/karel-acutis\/","og_locale":"sl_SI","og_type":"article","og_title":"Postanimo prijatelji Svetega Duha","og_description":"Spoznajte \u017eivljenje Karla Akutisa v mangi! Svetnik, ki je svojo vero odkril \u017ee v otro\u0161tvu in s pomo\u010djo svete evharistije \u017eivel po Jezusovem vzoru.","og_url":"https:\/\/www.iskreni.net\/trgovina\/product\/karel-acutis\/","og_site_name":"Zavod Iskreni","article_modified_time":"2026-03-07T18:24:58+00:00","og_image":[{"width":902,"height":1280,"url":"https:\/\/www.iskreni.net\/trgovina\/wp-content\/uploads\/2025\/04\/KAREL-ACUTIS_NASLOVNICA.jpg","type":"image\/jpeg"}],"twitter_card":"summary_large_image","twitter_misc":{"Est. reading time":"1 minuta"},"schema":{"@context":"https:\/\/schema.org","@graph":[{"@type":"WebPage","@id":"https:\/\/www.iskreni.net\/trgovina\/product\/karel-acutis\/","url":"https:\/\/www.iskreni.net\/trgovina\/product\/karel-acutis\/","name":"Karel Acutis - trgovina Zavod Iskreni","isPartOf":{"@id":"https:\/\/www.iskreni.net\/trgovina\/#website"},"primaryImageOfPage":{"@id":"https:\/\/www.iskreni.net\/trgovina\/product\/karel-acutis\/#primaryimage"},"image":{"@id":"https:\/\/www.iskreni.net\/trgovina\/product\/karel-acutis\/#primaryimage"},"thumbnailUrl":"https:\/\/www.iskreni.net\/trgovina\/wp-content\/uploads\/2025\/04\/KAREL-ACUTIS_NASLOVNICA.jpg","datePublished":"2025-04-25T08:10:51+00:00","dateModified":"2026-03-07T18:24:58+00:00","description":"Spoznajte \u017eivljenje Karla Akutisa v mangi! Svetnik, ki je svojo vero odkril \u017ee v otro\u0161tvu in s pomo\u010djo svete evharistije \u017eivel po Jezusovem vzoru.","breadcrumb":{"@id":"https:\/\/www.iskreni.net\/trgovina\/product\/karel-acutis\/#breadcrumb"},"inLanguage":"sl-SI","potentialAction":[{"@type":"ReadAction","target":["https:\/\/www.iskreni.net\/trgovina\/product\/karel-acutis\/"]}]},{"@type":"ImageObject","inLanguage":"sl-SI","@id":"https:\/\/www.iskreni.net\/trgovina\/product\/karel-acutis\/#primaryimage","url":"https:\/\/www.iskreni.net\/trgovina\/wp-content\/uploads\/2025\/04\/KAREL-ACUTIS_NASLOVNICA.jpg","contentUrl":"https:\/\/www.iskreni.net\/trgovina\/wp-content\/uploads\/2025\/04\/KAREL-ACUTIS_NASLOVNICA.jpg","width":902,"height":1280,"caption":"Karel Acutis"},{"@type":"BreadcrumbList","@id":"https:\/\/www.iskreni.net\/trgovina\/product\/karel-acutis\/#breadcrumb","itemListElement":[{"@type":"ListItem","position":1,"name":"Home","item":"https:\/\/www.iskreni.net\/trgovina\/"},{"@type":"ListItem","position":2,"name":"Trgovina","item":"https:\/\/www.iskreni.net\/trgovina\/trgovina\/"},{"@type":"ListItem","position":3,"name":"Karel Acutis"}]},{"@type":"WebSite","@id":"https:\/\/www.iskreni.net\/trgovina\/#website","url":"https:\/\/www.iskreni.net\/trgovina\/","name":"Zavod Iskreni","description":"trgovina","potentialAction":[{"@type":"SearchAction","target":{"@type":"EntryPoint","urlTemplate":"https:\/\/www.iskreni.net\/trgovina\/?s={search_term_string}"},"query-input":{"@type":"PropertyValueSpecification","valueRequired":true,"valueName":"search_term_string"}}],"inLanguage":"sl-SI"}]}},"_links":{"self":[{"href":"https:\/\/www.iskreni.net\/trgovina\/wp-json\/wp\/v2\/product\/86602","targetHints":{"allow":["GET"]}}],"collection":[{"href":"https:\/\/www.iskreni.net\/trgovina\/wp-json\/wp\/v2\/product"}],"about":[{"href":"https:\/\/www.iskreni.net\/trgovina\/wp-json\/wp\/v2\/types\/product"}],"replies":[{"embeddable":true,"href":"https:\/\/www.iskreni.net\/trgovina\/wp-json\/wp\/v2\/comments?post=86602"}],"version-history":[{"count":3,"href":"https:\/\/www.iskreni.net\/trgovina\/wp-json\/wp\/v2\/product\/86602\/revisions"}],"predecessor-version":[{"id":86606,"href":"https:\/\/www.iskreni.net\/trgovina\/wp-json\/wp\/v2\/product\/86602\/revisions\/86606"}],"wp:featuredmedia":[{"embeddable":true,"href":"https:\/\/www.iskreni.net\/trgovina\/wp-json\/wp\/v2\/media\/86605"}],"wp:attachment":[{"href":"https:\/\/www.iskreni.net\/trgovina\/wp-json\/wp\/v2\/media?parent=86602"}],"wp:term":[{"taxonomy":"product_brand","embeddable":true,"href":"https:\/\/www.iskreni.net\/trgovina\/wp-json\/wp\/v2\/product_brand?post=86602"},{"taxonomy":"product_cat","embeddable":true,"href":"https:\/\/www.iskreni.net\/trgovina\/wp-json\/wp\/v2\/product_cat?post=86602"},{"taxonomy":"product_tag","embeddable":true,"href":"https:\/\/www.iskreni.net\/trgovina\/wp-json\/wp\/v2\/product_tag?post=86602"},{"taxonomy":"avtor","embeddable":true,"href":"https:\/\/www.iskreni.net\/trgovina\/wp-json\/wp\/v2\/avtor?post=86602"},{"taxonomy":"zalozba","embeddable":true,"href":"https:\/\/www.iskreni.net\/trgovina\/wp-json\/wp\/v2\/zalozba?post=86602"},{"taxonomy":"vezava","embeddable":true,"href":"https:\/\/www.iskreni.net\/trgovina\/wp-json\/wp\/v2\/vezava?post=86602"}],"curies":[{"name":"wp","href":"https:\/\/api.w.org\/{rel}","templated":true}]}}