{"id":86588,"date":"2025-04-25T09:39:49","date_gmt":"2025-04-25T07:39:49","guid":{"rendered":"https:\/\/www.iskreni.net\/trgovina\/?post_type=product&#038;p=86588"},"modified":"2025-09-17T13:19:34","modified_gmt":"2025-09-17T11:19:34","slug":"jakob-aljaz-bojevnik-za-slovenske-gore-in-slovenstvo","status":"publish","type":"product","link":"https:\/\/www.iskreni.net\/trgovina\/product\/jakob-aljaz-bojevnik-za-slovenske-gore-in-slovenstvo\/","title":{"rendered":"Jakob Alja\u017e &#8211; Bojevnik za slovenske gore in slovenstvo"},"content":{"rendered":"<h3 class=\"ie-h2 tw-pb-5 tw-font-bold\">O knjigi<\/h3>\n<p>Na\u0161 triglavski kralj Matja\u017e: \u017eupnik z Dovjega \u2013 Alja\u017e<\/p>\n<p>\u017dupnik v Dovjem Jakob Alja\u017e je 15. aprila 1895 s pogodbo z ob\u010dinama Dovje in Mojstrana za en goldinar odkupil 16 m2 zemlji\u0161\u010da vrh Triglava. V izrazito ponem\u010devalnem okolju je vse svoje mo\u010di usmeril v slovenstvo in tako na\u0161 najvi\u0161ji vrh ter slovenske gore s skrbjo za infrastrukturo uspel ohraniti slovenske. Poleti 2024 je \u017dupnija Smlednik v sodelovanju z \u017eupnikom Davidom Jensterlom in ilustratorjem Juanom Juvan\u010di\u010dem pripravila dokumentarni risani film o svojem rojaku Za vse nas, Slovence, gre, po njem pa zdaj tudi strip ob 150-letnici rojstva Jakoba Alja\u017ea in 130-letnici odkupa vrha Triglava predstavlja \u017eivljenjske poti tega v\u00e9likega slovenskega domoljuba.<\/p>\n<p>Jakob Alja\u017e se je 6. julija 1845 rodil v Zavrhu pod \u0160marno goro kot \u0161esti izmed desetih otrok. Bil bil duhovnik in razumnik, ki je energijo, znanje in lasten denar vlagal v napredek tako na duhovnem kot na drugih podro\u010djih: v planinstvu, glasbi, zlasti petju, pa tudi v gospodarski in prosvetni razvoj pode\u017eelja. Kjer koli je deloval, se je zavzemal za slo\u017enost med Slovenci. Spodbujal jih je, naj i\u0161\u010dejo tipi\u010dne odlike, ki jih delajo Slovence, in skupne to\u010dke, ki jih povezujejo.<br \/>\nZa ceno osmih hlebov kruha je tako Triglav po njegovi zaslugi ostal slovenski, na njegovo pobudo pa so bili postavljeni tudi Stani\u010devo zaveti\u0161\u010de pod vrhom Triglava, Alja\u017eeva ko\u010da v Vratih, kapelica Lur\u0161ke Matere Bo\u017eje na Kredarici, Triglavski dom na Kredarici in seveda Alja\u017eev stolp na vrhu Triglava, ki ga je tudi sam financiral.<br \/>\nJakob Alja\u017e pa je bil tudi skladatelj. Med drugim je uglasbil pesmi\u00a0<em>Oj, Triglav, moj dom<\/em>\u00a0in\u00a0<em>Sveta no\u010d<\/em>, zelo rad pa je imel tudi pesmi Simona Gregor\u010di\u010da. Nekateri mu pripisujejo tudi zasluge za uspeh Mohorjeve dru\u017ebe, za katero je pripravil Slovensko pesmarico (1896 in 1900), ki je iz\u0161la v nakladi 80.000 izvodov in je bila pomembna zaradi \u0161irjenja slovenske umetne pesmi med ljudstvom. Jakob Alja\u017e je umrl 4. maja 1927 in je pokopan na dov\u0161kem pokopali\u0161\u010du.<\/p>\n<p><strong>\u00a0<\/strong><\/p>\n","protected":false},"excerpt":{"rendered":"<div><strong>Ilustrator: <\/strong>Juan E. Juvan\u010di\u010d<strong><br \/>\n\u0160tevilo strani: <\/strong>40<br \/>\n<strong>Format:<\/strong> 210 x 297 mm<br \/>\n<strong>Leto izdaje:<\/strong> 2025<\/p>\n<h3><a href=\"https:\/\/www.iskreni.net\/trgovina\/wp-content\/uploads\/2025\/04\/Juvancic-Juan-2025-JAKOB-ALJAZ_prelistaj-knjigo.pdf\">Prelistaj knjigo<\/a><\/h3>\n<\/div>\n","protected":false},"featured_media":86595,"comment_status":"open","ping_status":"closed","template":"","meta":[],"product_brand":[],"product_cat":[2350,63,135],"product_tag":[793,2666,3028],"avtor":[3027],"zalozba":[2337],"vezava":[2306],"class_list":{"0":"post-86588","1":"product","2":"type-product","3":"status-publish","4":"has-post-thumbnail","6":"product_cat-za-mlade","7":"product_cat-knjige","8":"product_cat-za-otroke","9":"product_tag-biografija","10":"product_tag-strip","11":"product_tag-triglav","12":"avtor-david-jensterle","13":"zalozba-celjska-mohorjeva-druzba","14":"vezava-trda","16":"first","17":"onbackorder","18":"taxable","19":"shipping-taxable","20":"purchasable","21":"product-type-simple"},"yoast_head":"<!-- This site is optimized with the Yoast SEO plugin v26.3 - https:\/\/yoast.com\/wordpress\/plugins\/seo\/ -->\n<title>Jakob Alja\u017e - Bojevnik za slovenske gore in slovenstvo - trgovina Zavod Iskreni<\/title>\n<meta name=\"description\" content=\"\u017dupnik v Dovjem Jakob Alja\u017e je 15. aprila 1895 s pogodbo z ob\u010dinama Dovje in Mojstrana za en goldinar odkupil 16 m2 zemlji\u0161\u010da vrh Triglava.\" \/>\n<meta name=\"robots\" content=\"index, follow, max-snippet:-1, max-image-preview:large, max-video-preview:-1\" \/>\n<link rel=\"canonical\" href=\"https:\/\/www.iskreni.net\/trgovina\/product\/jakob-aljaz-bojevnik-za-slovenske-gore-in-slovenstvo\/\" \/>\n<meta property=\"og:locale\" content=\"sl_SI\" \/>\n<meta property=\"og:type\" content=\"article\" \/>\n<meta property=\"og:title\" content=\"Postanimo prijatelji Svetega Duha\" \/>\n<meta property=\"og:description\" content=\"\u017dupnik v Dovjem Jakob Alja\u017e je 15. aprila 1895 s pogodbo z ob\u010dinama Dovje in Mojstrana za en goldinar odkupil 16 m2 zemlji\u0161\u010da vrh Triglava.\" \/>\n<meta property=\"og:url\" content=\"https:\/\/www.iskreni.net\/trgovina\/product\/jakob-aljaz-bojevnik-za-slovenske-gore-in-slovenstvo\/\" \/>\n<meta property=\"og:site_name\" content=\"Zavod Iskreni\" \/>\n<meta property=\"article:modified_time\" content=\"2025-09-17T11:19:34+00:00\" \/>\n<meta property=\"og:image\" content=\"https:\/\/www.iskreni.net\/trgovina\/wp-content\/uploads\/2025\/04\/Aljaz1-1024x1024.png\" \/>\n\t<meta property=\"og:image:width\" content=\"1024\" \/>\n\t<meta property=\"og:image:height\" content=\"1024\" \/>\n\t<meta property=\"og:image:type\" content=\"image\/png\" \/>\n<meta name=\"twitter:card\" content=\"summary_large_image\" \/>\n<meta name=\"twitter:label1\" content=\"Est. reading time\" \/>\n\t<meta name=\"twitter:data1\" content=\"2 minuti\" \/>\n<script type=\"application\/ld+json\" class=\"yoast-schema-graph\">{\"@context\":\"https:\/\/schema.org\",\"@graph\":[{\"@type\":\"WebPage\",\"@id\":\"https:\/\/www.iskreni.net\/trgovina\/product\/jakob-aljaz-bojevnik-za-slovenske-gore-in-slovenstvo\/\",\"url\":\"https:\/\/www.iskreni.net\/trgovina\/product\/jakob-aljaz-bojevnik-za-slovenske-gore-in-slovenstvo\/\",\"name\":\"Jakob Alja\u017e - Bojevnik za slovenske gore in slovenstvo - trgovina Zavod Iskreni\",\"isPartOf\":{\"@id\":\"https:\/\/www.iskreni.net\/trgovina\/#website\"},\"primaryImageOfPage\":{\"@id\":\"https:\/\/www.iskreni.net\/trgovina\/product\/jakob-aljaz-bojevnik-za-slovenske-gore-in-slovenstvo\/#primaryimage\"},\"image\":{\"@id\":\"https:\/\/www.iskreni.net\/trgovina\/product\/jakob-aljaz-bojevnik-za-slovenske-gore-in-slovenstvo\/#primaryimage\"},\"thumbnailUrl\":\"https:\/\/www.iskreni.net\/trgovina\/wp-content\/uploads\/2025\/04\/Aljaz1.png\",\"datePublished\":\"2025-04-25T07:39:49+00:00\",\"dateModified\":\"2025-09-17T11:19:34+00:00\",\"description\":\"\u017dupnik v Dovjem Jakob Alja\u017e je 15. aprila 1895 s pogodbo z ob\u010dinama Dovje in Mojstrana za en goldinar odkupil 16 m2 zemlji\u0161\u010da vrh Triglava.\",\"breadcrumb\":{\"@id\":\"https:\/\/www.iskreni.net\/trgovina\/product\/jakob-aljaz-bojevnik-za-slovenske-gore-in-slovenstvo\/#breadcrumb\"},\"inLanguage\":\"sl-SI\",\"potentialAction\":[{\"@type\":\"ReadAction\",\"target\":[\"https:\/\/www.iskreni.net\/trgovina\/product\/jakob-aljaz-bojevnik-za-slovenske-gore-in-slovenstvo\/\"]}]},{\"@type\":\"ImageObject\",\"inLanguage\":\"sl-SI\",\"@id\":\"https:\/\/www.iskreni.net\/trgovina\/product\/jakob-aljaz-bojevnik-za-slovenske-gore-in-slovenstvo\/#primaryimage\",\"url\":\"https:\/\/www.iskreni.net\/trgovina\/wp-content\/uploads\/2025\/04\/Aljaz1.png\",\"contentUrl\":\"https:\/\/www.iskreni.net\/trgovina\/wp-content\/uploads\/2025\/04\/Aljaz1.png\",\"width\":2560,\"height\":2560,\"caption\":\"Jakob Alja\u017e - bojevnik za slovenske gore in slovenstvo\"},{\"@type\":\"BreadcrumbList\",\"@id\":\"https:\/\/www.iskreni.net\/trgovina\/product\/jakob-aljaz-bojevnik-za-slovenske-gore-in-slovenstvo\/#breadcrumb\",\"itemListElement\":[{\"@type\":\"ListItem\",\"position\":1,\"name\":\"Home\",\"item\":\"https:\/\/www.iskreni.net\/trgovina\/\"},{\"@type\":\"ListItem\",\"position\":2,\"name\":\"Trgovina\",\"item\":\"https:\/\/www.iskreni.net\/trgovina\/trgovina\/\"},{\"@type\":\"ListItem\",\"position\":3,\"name\":\"Jakob Alja\u017e &#8211; Bojevnik za slovenske gore in slovenstvo\"}]},{\"@type\":\"WebSite\",\"@id\":\"https:\/\/www.iskreni.net\/trgovina\/#website\",\"url\":\"https:\/\/www.iskreni.net\/trgovina\/\",\"name\":\"Zavod Iskreni\",\"description\":\"trgovina\",\"potentialAction\":[{\"@type\":\"SearchAction\",\"target\":{\"@type\":\"EntryPoint\",\"urlTemplate\":\"https:\/\/www.iskreni.net\/trgovina\/?s={search_term_string}\"},\"query-input\":{\"@type\":\"PropertyValueSpecification\",\"valueRequired\":true,\"valueName\":\"search_term_string\"}}],\"inLanguage\":\"sl-SI\"}]}<\/script>\n<!-- \/ Yoast SEO plugin. -->","yoast_head_json":{"title":"Jakob Alja\u017e - Bojevnik za slovenske gore in slovenstvo - trgovina Zavod Iskreni","description":"\u017dupnik v Dovjem Jakob Alja\u017e je 15. aprila 1895 s pogodbo z ob\u010dinama Dovje in Mojstrana za en goldinar odkupil 16 m2 zemlji\u0161\u010da vrh Triglava.","robots":{"index":"index","follow":"follow","max-snippet":"max-snippet:-1","max-image-preview":"max-image-preview:large","max-video-preview":"max-video-preview:-1"},"canonical":"https:\/\/www.iskreni.net\/trgovina\/product\/jakob-aljaz-bojevnik-za-slovenske-gore-in-slovenstvo\/","og_locale":"sl_SI","og_type":"article","og_title":"Postanimo prijatelji Svetega Duha","og_description":"\u017dupnik v Dovjem Jakob Alja\u017e je 15. aprila 1895 s pogodbo z ob\u010dinama Dovje in Mojstrana za en goldinar odkupil 16 m2 zemlji\u0161\u010da vrh Triglava.","og_url":"https:\/\/www.iskreni.net\/trgovina\/product\/jakob-aljaz-bojevnik-za-slovenske-gore-in-slovenstvo\/","og_site_name":"Zavod Iskreni","article_modified_time":"2025-09-17T11:19:34+00:00","og_image":[{"width":1024,"height":1024,"url":"https:\/\/www.iskreni.net\/trgovina\/wp-content\/uploads\/2025\/04\/Aljaz1-1024x1024.png","type":"image\/png"}],"twitter_card":"summary_large_image","twitter_misc":{"Est. reading time":"2 minuti"},"schema":{"@context":"https:\/\/schema.org","@graph":[{"@type":"WebPage","@id":"https:\/\/www.iskreni.net\/trgovina\/product\/jakob-aljaz-bojevnik-za-slovenske-gore-in-slovenstvo\/","url":"https:\/\/www.iskreni.net\/trgovina\/product\/jakob-aljaz-bojevnik-za-slovenske-gore-in-slovenstvo\/","name":"Jakob Alja\u017e - Bojevnik za slovenske gore in slovenstvo - trgovina Zavod Iskreni","isPartOf":{"@id":"https:\/\/www.iskreni.net\/trgovina\/#website"},"primaryImageOfPage":{"@id":"https:\/\/www.iskreni.net\/trgovina\/product\/jakob-aljaz-bojevnik-za-slovenske-gore-in-slovenstvo\/#primaryimage"},"image":{"@id":"https:\/\/www.iskreni.net\/trgovina\/product\/jakob-aljaz-bojevnik-za-slovenske-gore-in-slovenstvo\/#primaryimage"},"thumbnailUrl":"https:\/\/www.iskreni.net\/trgovina\/wp-content\/uploads\/2025\/04\/Aljaz1.png","datePublished":"2025-04-25T07:39:49+00:00","dateModified":"2025-09-17T11:19:34+00:00","description":"\u017dupnik v Dovjem Jakob Alja\u017e je 15. aprila 1895 s pogodbo z ob\u010dinama Dovje in Mojstrana za en goldinar odkupil 16 m2 zemlji\u0161\u010da vrh Triglava.","breadcrumb":{"@id":"https:\/\/www.iskreni.net\/trgovina\/product\/jakob-aljaz-bojevnik-za-slovenske-gore-in-slovenstvo\/#breadcrumb"},"inLanguage":"sl-SI","potentialAction":[{"@type":"ReadAction","target":["https:\/\/www.iskreni.net\/trgovina\/product\/jakob-aljaz-bojevnik-za-slovenske-gore-in-slovenstvo\/"]}]},{"@type":"ImageObject","inLanguage":"sl-SI","@id":"https:\/\/www.iskreni.net\/trgovina\/product\/jakob-aljaz-bojevnik-za-slovenske-gore-in-slovenstvo\/#primaryimage","url":"https:\/\/www.iskreni.net\/trgovina\/wp-content\/uploads\/2025\/04\/Aljaz1.png","contentUrl":"https:\/\/www.iskreni.net\/trgovina\/wp-content\/uploads\/2025\/04\/Aljaz1.png","width":2560,"height":2560,"caption":"Jakob Alja\u017e - bojevnik za slovenske gore in slovenstvo"},{"@type":"BreadcrumbList","@id":"https:\/\/www.iskreni.net\/trgovina\/product\/jakob-aljaz-bojevnik-za-slovenske-gore-in-slovenstvo\/#breadcrumb","itemListElement":[{"@type":"ListItem","position":1,"name":"Home","item":"https:\/\/www.iskreni.net\/trgovina\/"},{"@type":"ListItem","position":2,"name":"Trgovina","item":"https:\/\/www.iskreni.net\/trgovina\/trgovina\/"},{"@type":"ListItem","position":3,"name":"Jakob Alja\u017e &#8211; Bojevnik za slovenske gore in slovenstvo"}]},{"@type":"WebSite","@id":"https:\/\/www.iskreni.net\/trgovina\/#website","url":"https:\/\/www.iskreni.net\/trgovina\/","name":"Zavod Iskreni","description":"trgovina","potentialAction":[{"@type":"SearchAction","target":{"@type":"EntryPoint","urlTemplate":"https:\/\/www.iskreni.net\/trgovina\/?s={search_term_string}"},"query-input":{"@type":"PropertyValueSpecification","valueRequired":true,"valueName":"search_term_string"}}],"inLanguage":"sl-SI"}]}},"_links":{"self":[{"href":"https:\/\/www.iskreni.net\/trgovina\/wp-json\/wp\/v2\/product\/86588","targetHints":{"allow":["GET"]}}],"collection":[{"href":"https:\/\/www.iskreni.net\/trgovina\/wp-json\/wp\/v2\/product"}],"about":[{"href":"https:\/\/www.iskreni.net\/trgovina\/wp-json\/wp\/v2\/types\/product"}],"replies":[{"embeddable":true,"href":"https:\/\/www.iskreni.net\/trgovina\/wp-json\/wp\/v2\/comments?post=86588"}],"version-history":[{"count":2,"href":"https:\/\/www.iskreni.net\/trgovina\/wp-json\/wp\/v2\/product\/86588\/revisions"}],"predecessor-version":[{"id":86601,"href":"https:\/\/www.iskreni.net\/trgovina\/wp-json\/wp\/v2\/product\/86588\/revisions\/86601"}],"wp:featuredmedia":[{"embeddable":true,"href":"https:\/\/www.iskreni.net\/trgovina\/wp-json\/wp\/v2\/media\/86595"}],"wp:attachment":[{"href":"https:\/\/www.iskreni.net\/trgovina\/wp-json\/wp\/v2\/media?parent=86588"}],"wp:term":[{"taxonomy":"product_brand","embeddable":true,"href":"https:\/\/www.iskreni.net\/trgovina\/wp-json\/wp\/v2\/product_brand?post=86588"},{"taxonomy":"product_cat","embeddable":true,"href":"https:\/\/www.iskreni.net\/trgovina\/wp-json\/wp\/v2\/product_cat?post=86588"},{"taxonomy":"product_tag","embeddable":true,"href":"https:\/\/www.iskreni.net\/trgovina\/wp-json\/wp\/v2\/product_tag?post=86588"},{"taxonomy":"avtor","embeddable":true,"href":"https:\/\/www.iskreni.net\/trgovina\/wp-json\/wp\/v2\/avtor?post=86588"},{"taxonomy":"zalozba","embeddable":true,"href":"https:\/\/www.iskreni.net\/trgovina\/wp-json\/wp\/v2\/zalozba?post=86588"},{"taxonomy":"vezava","embeddable":true,"href":"https:\/\/www.iskreni.net\/trgovina\/wp-json\/wp\/v2\/vezava?post=86588"}],"curies":[{"name":"wp","href":"https:\/\/api.w.org\/{rel}","templated":true}]}}