{"id":86544,"date":"2025-05-13T01:00:32","date_gmt":"2025-05-12T23:00:32","guid":{"rendered":"https:\/\/www.iskreni.net\/trgovina\/?post_type=product&#038;p=86544"},"modified":"2025-05-29T13:51:26","modified_gmt":"2025-05-29T11:51:26","slug":"mi-ki-se-bojujemo-z-bogom","status":"publish","type":"product","link":"https:\/\/www.iskreni.net\/trgovina\/product\/mi-ki-se-bojujemo-z-bogom\/","title":{"rendered":"Mi, ki se bojujemo z Bogom"},"content":{"rendered":"<h3>O knjigi<\/h3>\n<p><strong>Nova knjiga Jordana Petersona.<\/strong>\u00a0S pomo\u010djo psihologije religije, mitologije in filozofije raz\u010dlenjuje svetopisemske pripovedi o uporu, \u017ertvovanju, trpljenju in zmagoslavju \u2013 pripovedi, ki nas \u017ee tiso\u010dletja duhovno in kulturno oblikujejo, utrjujejo, navdihujejo in povezujejo.<\/p>\n<p>Adam, Eva in izvirni greh \u010dlove\u0161tva, pogubna tekmovalnost med Kajnom in Abelom, ki vodi v umor, apokalipti\u010dni potop v Noetovem \u010dasu, dramati\u010dni propad Babilonskega stolpa, Abrahamova pustolov\u0161\u010dina ter epska pripoved o Mojzesu in Izraelcih \u00ad\u2013 kak\u0161en pomen imajo te zgodbe za dana\u0161nji \u010das? Kak\u0161na sila jih je ustvarila in ohranila skozi tiso\u010dletja? Kako so nas usmerjale in povezovale v skupno vizijo sveta in kako nas \u0161e vedno lahko vodijo v na\u0161em ve\u010dnem iskanju smisla in cilja?<\/p>\n<p>Pridru\u017eite se Eliju, ki v \u0161epetu svoje vesti prepozna Bo\u017eji glas, Jonu, ki se v trebuhu kita soo\u010di s peklom, ker ni bil pripravljen poslu\u0161ati in delovati \u2013 skupaj z dr. Jordanom Petersonom se podajte na potovanje po najve\u010djih zgodbah, ki so bile kdaj povedane. Drznite si bojevati se z Bogom.<\/p>\n<h3>O avtorju<\/h3>\n<p><strong>Dr. Jordan B. Peterson\u00a0<\/strong>(1962) je kanadski klini\u010dni psiholog in avtor mednarodne uspe\u0161nice\u00a0<em>12 pravil za \u017eivljenje<\/em>, ki so jo doslej po svetu prodali v ve\u010d kot 10 milijonih izvodov.<\/p>\n<p>Po desetletjih prakse klini\u010dnega psihologa in profesure na Harvardu ter Univerzi v Torontu se je profiliral kot eden najvplivnej\u0161ih intelektualcev. Medijski prostor ga je opazil leta 2016, ko je javno kritiziral t. i. politi\u010dno korektnost in se zavzel za za\u0161\u010dito svobode govora. Javno je namre\u010d nasprotoval pravno predpisani rabi nevtralnih zaimkov na Univerzi v Torontu.<\/p>\n<p>Zaradi razmi\u0161ljanja, ki so pogosto v nasprotju z \u00bbmainstreamom\u00ab, mu je uspelo ustvariti izjemno \u0161irok krog sledilcev, ki ga redno spremljajo na dru\u017ebenih omre\u017ejih. Pravijo mu vodili glas liberalno-konservativne \u00bbtihe ve\u010dine\u00ab.<\/p>\n<h3>Odlomek<\/h3>\n<blockquote><p>\u010ce se nam svet razkriva v obliki zgodbe \u2013 kaj je ta zgodba? Kako naj pravilno karakteriziramo svoje cilje, svoje najgloblje sku\u0161njave, svoja najbolj ob\u010dudovanja vredna prizadevanja za vzpenjanje? Kaj je pomembno in kaj je mogo\u010de in treba prezreti? \u010cemu bi morali posvetiti svojo dragoceno pozornost? V katere namene naj usmerimo svoje delovanje? Kak\u0161no neprijetno resnico nam sku\u0161a ve\u010dno razkriti na\u0161a vest? Katera je ustrezna hierarhija vrednot, po kateri se svet razkriva na najbolj produktiven, velikodu\u0161en in trajen na\u010din? Druga\u010de povedano, kaj je zgodba, resni\u010dna zgodba na\u0161ega \u017eivljenja \u2013 kaj je in kaj bi morala biti?<\/p><\/blockquote>\n","protected":false},"excerpt":{"rendered":"<p><strong>Leto izdaje:<\/strong> 2025<br \/>\n<strong>\u0160tevilo strani:<\/strong> 328<br \/>\n<strong>Mere:<\/strong> 140 x 210 mm<\/p>\n","protected":false},"featured_media":86574,"comment_status":"open","ping_status":"closed","template":"","meta":[],"product_brand":[],"product_cat":[2326,2324,63],"product_tag":[390,2896,2070],"avtor":[2334],"zalozba":[2311],"vezava":[2817],"class_list":{"0":"post-86544","1":"product","2":"type-product","3":"status-publish","4":"has-post-thumbnail","6":"product_cat-druzbena-vprasanja-in-humanistika","7":"product_cat-duhovnost-in-osebna-rast","8":"product_cat-knjige","9":"product_tag-sveto-pismo","10":"product_tag-zgodbe","11":"product_tag-zgodovina","12":"avtor-jordan-peterson","13":"zalozba-druzina","14":"vezava-trda-z-ovitkom","16":"first","17":"instock","18":"taxable","19":"shipping-taxable","20":"purchasable","21":"product-type-simple"},"yoast_head":"<!-- This site is optimized with the Yoast SEO plugin v26.3 - https:\/\/yoast.com\/wordpress\/plugins\/seo\/ -->\n<title>Mi, ki se bojujemo z Bogom<\/title>\n<meta name=\"description\" content=\"S pomo\u010djo psihologije religije, mitologije in filozofije raz\u010dlenjuje svetopisemske pripovedi o uporu, \u017ertvovanju, trpljenju in zmagoslavju.\" \/>\n<meta name=\"robots\" content=\"index, follow, max-snippet:-1, max-image-preview:large, max-video-preview:-1\" \/>\n<link rel=\"canonical\" href=\"https:\/\/www.iskreni.net\/trgovina\/product\/mi-ki-se-bojujemo-z-bogom\/\" \/>\n<meta property=\"og:locale\" content=\"sl_SI\" \/>\n<meta property=\"og:type\" content=\"article\" \/>\n<meta property=\"og:title\" content=\"Mi, ki se bojujemo z Bogom\" \/>\n<meta property=\"og:description\" content=\"S pomo\u010djo psihologije religije, mitologije in filozofije raz\u010dlenjuje svetopisemske pripovedi o uporu, \u017ertvovanju, trpljenju in zmagoslavju.\" \/>\n<meta property=\"og:url\" content=\"https:\/\/www.iskreni.net\/trgovina\/product\/mi-ki-se-bojujemo-z-bogom\/\" \/>\n<meta property=\"og:site_name\" content=\"Zavod Iskreni\" \/>\n<meta property=\"article:modified_time\" content=\"2025-05-29T11:51:26+00:00\" \/>\n<meta property=\"og:image\" content=\"https:\/\/www.iskreni.net\/trgovina\/wp-content\/uploads\/2025\/04\/mi-ki-se-bojujemo-z-bogom-1.png\" \/>\n\t<meta property=\"og:image:width\" content=\"2192\" \/>\n\t<meta property=\"og:image:height\" content=\"2192\" \/>\n\t<meta property=\"og:image:type\" content=\"image\/png\" \/>\n<meta name=\"twitter:card\" content=\"summary_large_image\" \/>\n<meta name=\"twitter:label1\" content=\"Est. reading time\" \/>\n\t<meta name=\"twitter:data1\" content=\"2 minuti\" \/>\n<script type=\"application\/ld+json\" class=\"yoast-schema-graph\">{\"@context\":\"https:\/\/schema.org\",\"@graph\":[{\"@type\":\"WebPage\",\"@id\":\"https:\/\/www.iskreni.net\/trgovina\/product\/mi-ki-se-bojujemo-z-bogom\/\",\"url\":\"https:\/\/www.iskreni.net\/trgovina\/product\/mi-ki-se-bojujemo-z-bogom\/\",\"name\":\"Mi, ki se bojujemo z Bogom\",\"isPartOf\":{\"@id\":\"https:\/\/www.iskreni.net\/trgovina\/#website\"},\"primaryImageOfPage\":{\"@id\":\"https:\/\/www.iskreni.net\/trgovina\/product\/mi-ki-se-bojujemo-z-bogom\/#primaryimage\"},\"image\":{\"@id\":\"https:\/\/www.iskreni.net\/trgovina\/product\/mi-ki-se-bojujemo-z-bogom\/#primaryimage\"},\"thumbnailUrl\":\"https:\/\/www.iskreni.net\/trgovina\/wp-content\/uploads\/2025\/04\/mi-ki-se-bojujemo-z-bogom-1.png\",\"datePublished\":\"2025-05-12T23:00:32+00:00\",\"dateModified\":\"2025-05-29T11:51:26+00:00\",\"description\":\"S pomo\u010djo psihologije religije, mitologije in filozofije raz\u010dlenjuje svetopisemske pripovedi o uporu, \u017ertvovanju, trpljenju in zmagoslavju.\",\"breadcrumb\":{\"@id\":\"https:\/\/www.iskreni.net\/trgovina\/product\/mi-ki-se-bojujemo-z-bogom\/#breadcrumb\"},\"inLanguage\":\"sl-SI\",\"potentialAction\":[{\"@type\":\"ReadAction\",\"target\":[\"https:\/\/www.iskreni.net\/trgovina\/product\/mi-ki-se-bojujemo-z-bogom\/\"]}]},{\"@type\":\"ImageObject\",\"inLanguage\":\"sl-SI\",\"@id\":\"https:\/\/www.iskreni.net\/trgovina\/product\/mi-ki-se-bojujemo-z-bogom\/#primaryimage\",\"url\":\"https:\/\/www.iskreni.net\/trgovina\/wp-content\/uploads\/2025\/04\/mi-ki-se-bojujemo-z-bogom-1.png\",\"contentUrl\":\"https:\/\/www.iskreni.net\/trgovina\/wp-content\/uploads\/2025\/04\/mi-ki-se-bojujemo-z-bogom-1.png\",\"width\":2192,\"height\":2192,\"caption\":\"Mi, ki se bojujemo z Bogom\"},{\"@type\":\"BreadcrumbList\",\"@id\":\"https:\/\/www.iskreni.net\/trgovina\/product\/mi-ki-se-bojujemo-z-bogom\/#breadcrumb\",\"itemListElement\":[{\"@type\":\"ListItem\",\"position\":1,\"name\":\"Home\",\"item\":\"https:\/\/www.iskreni.net\/trgovina\/\"},{\"@type\":\"ListItem\",\"position\":2,\"name\":\"Trgovina\",\"item\":\"https:\/\/www.iskreni.net\/trgovina\/trgovina\/\"},{\"@type\":\"ListItem\",\"position\":3,\"name\":\"Mi, ki se bojujemo z Bogom\"}]},{\"@type\":\"WebSite\",\"@id\":\"https:\/\/www.iskreni.net\/trgovina\/#website\",\"url\":\"https:\/\/www.iskreni.net\/trgovina\/\",\"name\":\"Zavod Iskreni\",\"description\":\"trgovina\",\"potentialAction\":[{\"@type\":\"SearchAction\",\"target\":{\"@type\":\"EntryPoint\",\"urlTemplate\":\"https:\/\/www.iskreni.net\/trgovina\/?s={search_term_string}\"},\"query-input\":{\"@type\":\"PropertyValueSpecification\",\"valueRequired\":true,\"valueName\":\"search_term_string\"}}],\"inLanguage\":\"sl-SI\"}]}<\/script>\n<!-- \/ Yoast SEO plugin. -->","yoast_head_json":{"title":"Mi, ki se bojujemo z Bogom","description":"S pomo\u010djo psihologije religije, mitologije in filozofije raz\u010dlenjuje svetopisemske pripovedi o uporu, \u017ertvovanju, trpljenju in zmagoslavju.","robots":{"index":"index","follow":"follow","max-snippet":"max-snippet:-1","max-image-preview":"max-image-preview:large","max-video-preview":"max-video-preview:-1"},"canonical":"https:\/\/www.iskreni.net\/trgovina\/product\/mi-ki-se-bojujemo-z-bogom\/","og_locale":"sl_SI","og_type":"article","og_title":"Mi, ki se bojujemo z Bogom","og_description":"S pomo\u010djo psihologije religije, mitologije in filozofije raz\u010dlenjuje svetopisemske pripovedi o uporu, \u017ertvovanju, trpljenju in zmagoslavju.","og_url":"https:\/\/www.iskreni.net\/trgovina\/product\/mi-ki-se-bojujemo-z-bogom\/","og_site_name":"Zavod Iskreni","article_modified_time":"2025-05-29T11:51:26+00:00","og_image":[{"width":2192,"height":2192,"url":"https:\/\/www.iskreni.net\/trgovina\/wp-content\/uploads\/2025\/04\/mi-ki-se-bojujemo-z-bogom-1.png","type":"image\/png"}],"twitter_card":"summary_large_image","twitter_misc":{"Est. reading time":"2 minuti"},"schema":{"@context":"https:\/\/schema.org","@graph":[{"@type":"WebPage","@id":"https:\/\/www.iskreni.net\/trgovina\/product\/mi-ki-se-bojujemo-z-bogom\/","url":"https:\/\/www.iskreni.net\/trgovina\/product\/mi-ki-se-bojujemo-z-bogom\/","name":"Mi, ki se bojujemo z Bogom","isPartOf":{"@id":"https:\/\/www.iskreni.net\/trgovina\/#website"},"primaryImageOfPage":{"@id":"https:\/\/www.iskreni.net\/trgovina\/product\/mi-ki-se-bojujemo-z-bogom\/#primaryimage"},"image":{"@id":"https:\/\/www.iskreni.net\/trgovina\/product\/mi-ki-se-bojujemo-z-bogom\/#primaryimage"},"thumbnailUrl":"https:\/\/www.iskreni.net\/trgovina\/wp-content\/uploads\/2025\/04\/mi-ki-se-bojujemo-z-bogom-1.png","datePublished":"2025-05-12T23:00:32+00:00","dateModified":"2025-05-29T11:51:26+00:00","description":"S pomo\u010djo psihologije religije, mitologije in filozofije raz\u010dlenjuje svetopisemske pripovedi o uporu, \u017ertvovanju, trpljenju in zmagoslavju.","breadcrumb":{"@id":"https:\/\/www.iskreni.net\/trgovina\/product\/mi-ki-se-bojujemo-z-bogom\/#breadcrumb"},"inLanguage":"sl-SI","potentialAction":[{"@type":"ReadAction","target":["https:\/\/www.iskreni.net\/trgovina\/product\/mi-ki-se-bojujemo-z-bogom\/"]}]},{"@type":"ImageObject","inLanguage":"sl-SI","@id":"https:\/\/www.iskreni.net\/trgovina\/product\/mi-ki-se-bojujemo-z-bogom\/#primaryimage","url":"https:\/\/www.iskreni.net\/trgovina\/wp-content\/uploads\/2025\/04\/mi-ki-se-bojujemo-z-bogom-1.png","contentUrl":"https:\/\/www.iskreni.net\/trgovina\/wp-content\/uploads\/2025\/04\/mi-ki-se-bojujemo-z-bogom-1.png","width":2192,"height":2192,"caption":"Mi, ki se bojujemo z Bogom"},{"@type":"BreadcrumbList","@id":"https:\/\/www.iskreni.net\/trgovina\/product\/mi-ki-se-bojujemo-z-bogom\/#breadcrumb","itemListElement":[{"@type":"ListItem","position":1,"name":"Home","item":"https:\/\/www.iskreni.net\/trgovina\/"},{"@type":"ListItem","position":2,"name":"Trgovina","item":"https:\/\/www.iskreni.net\/trgovina\/trgovina\/"},{"@type":"ListItem","position":3,"name":"Mi, ki se bojujemo z Bogom"}]},{"@type":"WebSite","@id":"https:\/\/www.iskreni.net\/trgovina\/#website","url":"https:\/\/www.iskreni.net\/trgovina\/","name":"Zavod Iskreni","description":"trgovina","potentialAction":[{"@type":"SearchAction","target":{"@type":"EntryPoint","urlTemplate":"https:\/\/www.iskreni.net\/trgovina\/?s={search_term_string}"},"query-input":{"@type":"PropertyValueSpecification","valueRequired":true,"valueName":"search_term_string"}}],"inLanguage":"sl-SI"}]}},"_links":{"self":[{"href":"https:\/\/www.iskreni.net\/trgovina\/wp-json\/wp\/v2\/product\/86544","targetHints":{"allow":["GET"]}}],"collection":[{"href":"https:\/\/www.iskreni.net\/trgovina\/wp-json\/wp\/v2\/product"}],"about":[{"href":"https:\/\/www.iskreni.net\/trgovina\/wp-json\/wp\/v2\/types\/product"}],"replies":[{"embeddable":true,"href":"https:\/\/www.iskreni.net\/trgovina\/wp-json\/wp\/v2\/comments?post=86544"}],"version-history":[{"count":4,"href":"https:\/\/www.iskreni.net\/trgovina\/wp-json\/wp\/v2\/product\/86544\/revisions"}],"predecessor-version":[{"id":86608,"href":"https:\/\/www.iskreni.net\/trgovina\/wp-json\/wp\/v2\/product\/86544\/revisions\/86608"}],"wp:featuredmedia":[{"embeddable":true,"href":"https:\/\/www.iskreni.net\/trgovina\/wp-json\/wp\/v2\/media\/86574"}],"wp:attachment":[{"href":"https:\/\/www.iskreni.net\/trgovina\/wp-json\/wp\/v2\/media?parent=86544"}],"wp:term":[{"taxonomy":"product_brand","embeddable":true,"href":"https:\/\/www.iskreni.net\/trgovina\/wp-json\/wp\/v2\/product_brand?post=86544"},{"taxonomy":"product_cat","embeddable":true,"href":"https:\/\/www.iskreni.net\/trgovina\/wp-json\/wp\/v2\/product_cat?post=86544"},{"taxonomy":"product_tag","embeddable":true,"href":"https:\/\/www.iskreni.net\/trgovina\/wp-json\/wp\/v2\/product_tag?post=86544"},{"taxonomy":"avtor","embeddable":true,"href":"https:\/\/www.iskreni.net\/trgovina\/wp-json\/wp\/v2\/avtor?post=86544"},{"taxonomy":"zalozba","embeddable":true,"href":"https:\/\/www.iskreni.net\/trgovina\/wp-json\/wp\/v2\/zalozba?post=86544"},{"taxonomy":"vezava","embeddable":true,"href":"https:\/\/www.iskreni.net\/trgovina\/wp-json\/wp\/v2\/vezava?post=86544"}],"curies":[{"name":"wp","href":"https:\/\/api.w.org\/{rel}","templated":true}]}}