{"id":86505,"date":"2025-04-22T09:16:50","date_gmt":"2025-04-22T07:16:50","guid":{"rendered":"https:\/\/www.iskreni.net\/trgovina\/?post_type=product&#038;p=86505"},"modified":"2025-04-25T12:09:06","modified_gmt":"2025-04-25T10:09:06","slug":"peter-opeka-ostani-z-nami","status":"publish","type":"product","link":"https:\/\/www.iskreni.net\/trgovina\/product\/peter-opeka-ostani-z-nami\/","title":{"rendered":"Peter Opeka, ostani z nami"},"content":{"rendered":"<h3 class=\"ie-h2 tw-pb-5 tw-font-bold\">O knjigi<\/h3>\n<div class=\"custom_attributs\">\n<div class=\"add_on_container\">\n<div class=\"vezava\">\n<p>Novinarka in pisateljica Anja Kova\u010di\u010d je na Madagaskarju obiskala svetovno znanega misijonarja Petra Opeko in napisala navdihujo\u010do pripoved o \u010dloveku z ogromnim srcem in neomajno vero v dobro, ki na tem afri\u0161kem otoku \u017ee ve\u010d kot 50 let uresni\u010duje svoje poslanstvo in pomaga najranljivej\u0161im \u2013 la\u010dnim, revnim in brezdomnim, ki so izgubili \u010dlove\u0161ko dostojanstvo.<\/p>\n<p><em>Peter Opeka, ostani z nami<\/em>\u00a0je zbirka ganljivih in pretresljivih zgodb ljudi, ki jim je slovensko-argentinski misijonar pomagal in jim za vedno spremenil \u017eivljenje. Skozi pripovedi njegovih sodelavcev, naklju\u010dnih posameznikov iz Mesta dobrih prijateljev, sorodnikov iz Slovenije in tudi njegove lastne besede se pred bralcem odkriva podoba Petra Opeke: dobrotnika izjemne veli\u010dine, sr\u010dnosti, mo\u010di, osredoto\u010denosti in predanosti. Spremljamo njegovo \u017eivljenjsko pot od Argentine prek Slovenije in Francije vse do Madagaskarja, odkrivamo dogodke in vrednote, ki so ga oblikovali, ter dojemamo globino njegovega poslanstva in voditeljstva. Ob tem za\u010dutimo njegovo karizmo in dobimo vpogled v miselnost, ki je potrebna, da \u010dlovek svoje \u017eivljenje posveti skrbi za druge.<br \/>\nKnjiga se osredoto\u010da na Petrovo humanitarno delo na Madagaskarju, hkrati pa bralcu ponuja intimen vpogled v vsakdan velikega misijonarja \u2013 v njegove misli, \u017eelje, ideje in prepri\u010danja. Razkrije nam, da je Peter v mladosti z navdu\u0161enjem igral nogomet in bil celo na poti k profesionalni karieri, nato pa z vetrom v laseh prepotoval velik del sveta. Spoznamo njegovo dru\u017eino in vrednote, ki so ga mo\u010dno zaznamovale, ga oblikovale in mu tlakovale \u017eivljenjsko poslanstvo slu\u017eenja drugim.<\/p>\n<p><em>\u00a0\u00bbPri\u010devanje o velikem mo\u017eu, ki nam je lahko v zgled in ponos. Peter Opeka ni samo misijonar na Madagaskarju, ampak je misijonar celega sveta.\u00ab (Martin Golob, duhovnik in pisatelj)<\/em><\/p>\n<p><em>\u00bbGloboko ganjenemu se mi je med branjem vse bolj potrjevalo, da lahko \u010dlovek izkoristi svoje \u017eivljenje in ga napolni z vsebino, ki plemeniti, \u017elahtni in te dela \u010dloveka.\u00ab (Tomo Kri\u017enar, humanitarec in svetovni popotnik.<\/em><\/p>\n<h3 class=\"ie-h2 tw-pb-5 tw-font-bold\">O avtorju<\/h3>\n<p class=\"ie-h2 tw-pb-5 tw-font-bold\">Anja Kova\u010di\u010d (1987) je novinarka, popotnica in pisateljica. Med \u0161tudijem novinarstva na Fakulteti za dru\u017ebene vede je odprla vrata v svet medijev \u2013 prve korake je naredila v lokalnih uredni\u0161tvih, nadaljevala na POP TV in Planet TV, po uspe\u0161no zaklju\u010denem magisteriju (2016) pa se je podala v odnose z javnostmi. Raznolike izku\u0161nje so jo oblikovale v pronicljivo spra\u0161evalko z izjemnim ob\u010dutkom za \u010dloveka. S prodornim pogledom odkriva zgodbe tam, kjer se prepletajo resnica, ljubezen, iskrenost, bole\u010dina in osvoboditev. Navdihujo\u010de pripovedi ljudi, ki jih je sre\u010dala na poti po Avstraliji in Oceaniji, je prvi\u010d delila v knji\u017enem prvencu <em>Ujeta v svobodi<\/em>, s katerim je bralce opogumljala k odkrivanju lastnih poti.<\/p>\n<h3 class=\"ie-h2 tw-pb-5 tw-font-bold\">Odlomek<\/h3>\n<blockquote><p>Ko si reven, te nih\u010de ne mara, nih\u010de ti ne pomaga, vsem si v napoto in vsi te dojemajo kot breme.<\/p><\/blockquote>\n<\/div>\n<\/div>\n<\/div>\n","protected":false},"excerpt":{"rendered":"<p><strong>\u0160tevilo strani:<\/strong> 220<br \/>\n<strong>Leto izdaje:<\/strong> 2025<\/p>\n<p><a href=\"https:\/\/www.iskreni.net\/trgovina\/wp-content\/uploads\/2025\/04\/prelistaj.pdf\"><strong>Prelistaj knjigo<\/strong><\/a><\/p>\n","protected":false},"featured_media":86506,"comment_status":"open","ping_status":"closed","template":"","meta":[],"product_brand":[],"product_cat":[2325,63],"product_tag":[793,3004],"avtor":[3023],"zalozba":[2355],"vezava":[2306],"class_list":{"0":"post-86505","1":"product","2":"type-product","3":"status-publish","4":"has-post-thumbnail","6":"product_cat-leposlovje","7":"product_cat-knjige","8":"product_tag-biografija","9":"product_tag-osebnosti","10":"avtor-anja-kovacic","11":"zalozba-beletrina","12":"vezava-trda","14":"first","15":"onbackorder","16":"taxable","17":"shipping-taxable","18":"purchasable","19":"product-type-simple"},"yoast_head":"<!-- This site is optimized with the Yoast SEO plugin v26.3 - https:\/\/yoast.com\/wordpress\/plugins\/seo\/ -->\n<title>Peter Opeka, ostani z nami - trgovina Zavod Iskreni<\/title>\n<meta name=\"description\" content=\"Pravljica s smeti\u0161\u010da, ki jo na Madagaskarju pi\u0161e slovensko-argentinski misijonar. Navdihujo\u010da pripoved o \u010dloveku z ogromnim srcem in neomajno vero v dobro.\" \/>\n<meta name=\"robots\" content=\"index, follow, max-snippet:-1, max-image-preview:large, max-video-preview:-1\" \/>\n<link rel=\"canonical\" href=\"https:\/\/www.iskreni.net\/trgovina\/product\/peter-opeka-ostani-z-nami\/\" \/>\n<meta property=\"og:locale\" content=\"sl_SI\" \/>\n<meta property=\"og:type\" content=\"article\" \/>\n<meta property=\"og:title\" content=\"Postanimo prijatelji Svetega Duha\" \/>\n<meta property=\"og:description\" content=\"Pravljica s smeti\u0161\u010da, ki jo na Madagaskarju pi\u0161e slovensko-argentinski misijonar. Navdihujo\u010da pripoved o \u010dloveku z ogromnim srcem in neomajno vero v dobro.\" \/>\n<meta property=\"og:url\" content=\"https:\/\/www.iskreni.net\/trgovina\/product\/peter-opeka-ostani-z-nami\/\" \/>\n<meta property=\"og:site_name\" content=\"Zavod Iskreni\" \/>\n<meta property=\"article:modified_time\" content=\"2025-04-25T10:09:06+00:00\" \/>\n<meta property=\"og:image\" content=\"https:\/\/www.iskreni.net\/trgovina\/wp-content\/uploads\/2025\/04\/opeka.png\" \/>\n\t<meta property=\"og:image:width\" content=\"1334\" \/>\n\t<meta property=\"og:image:height\" content=\"1334\" \/>\n\t<meta property=\"og:image:type\" content=\"image\/png\" \/>\n<meta name=\"twitter:card\" content=\"summary_large_image\" \/>\n<meta name=\"twitter:label1\" content=\"Est. reading time\" \/>\n\t<meta name=\"twitter:data1\" content=\"3 minute\" \/>\n<script type=\"application\/ld+json\" class=\"yoast-schema-graph\">{\"@context\":\"https:\/\/schema.org\",\"@graph\":[{\"@type\":\"WebPage\",\"@id\":\"https:\/\/www.iskreni.net\/trgovina\/product\/peter-opeka-ostani-z-nami\/\",\"url\":\"https:\/\/www.iskreni.net\/trgovina\/product\/peter-opeka-ostani-z-nami\/\",\"name\":\"Peter Opeka, ostani z nami - trgovina Zavod Iskreni\",\"isPartOf\":{\"@id\":\"https:\/\/www.iskreni.net\/trgovina\/#website\"},\"primaryImageOfPage\":{\"@id\":\"https:\/\/www.iskreni.net\/trgovina\/product\/peter-opeka-ostani-z-nami\/#primaryimage\"},\"image\":{\"@id\":\"https:\/\/www.iskreni.net\/trgovina\/product\/peter-opeka-ostani-z-nami\/#primaryimage\"},\"thumbnailUrl\":\"https:\/\/www.iskreni.net\/trgovina\/wp-content\/uploads\/2025\/04\/opeka.png\",\"datePublished\":\"2025-04-22T07:16:50+00:00\",\"dateModified\":\"2025-04-25T10:09:06+00:00\",\"description\":\"Pravljica s smeti\u0161\u010da, ki jo na Madagaskarju pi\u0161e slovensko-argentinski misijonar. Navdihujo\u010da pripoved o \u010dloveku z ogromnim srcem in neomajno vero v dobro.\",\"breadcrumb\":{\"@id\":\"https:\/\/www.iskreni.net\/trgovina\/product\/peter-opeka-ostani-z-nami\/#breadcrumb\"},\"inLanguage\":\"sl-SI\",\"potentialAction\":[{\"@type\":\"ReadAction\",\"target\":[\"https:\/\/www.iskreni.net\/trgovina\/product\/peter-opeka-ostani-z-nami\/\"]}]},{\"@type\":\"ImageObject\",\"inLanguage\":\"sl-SI\",\"@id\":\"https:\/\/www.iskreni.net\/trgovina\/product\/peter-opeka-ostani-z-nami\/#primaryimage\",\"url\":\"https:\/\/www.iskreni.net\/trgovina\/wp-content\/uploads\/2025\/04\/opeka.png\",\"contentUrl\":\"https:\/\/www.iskreni.net\/trgovina\/wp-content\/uploads\/2025\/04\/opeka.png\",\"width\":1334,\"height\":1334,\"caption\":\"Peter Opeka, ostani z nami\"},{\"@type\":\"BreadcrumbList\",\"@id\":\"https:\/\/www.iskreni.net\/trgovina\/product\/peter-opeka-ostani-z-nami\/#breadcrumb\",\"itemListElement\":[{\"@type\":\"ListItem\",\"position\":1,\"name\":\"Home\",\"item\":\"https:\/\/www.iskreni.net\/trgovina\/\"},{\"@type\":\"ListItem\",\"position\":2,\"name\":\"Trgovina\",\"item\":\"https:\/\/www.iskreni.net\/trgovina\/trgovina\/\"},{\"@type\":\"ListItem\",\"position\":3,\"name\":\"Peter Opeka, ostani z nami\"}]},{\"@type\":\"WebSite\",\"@id\":\"https:\/\/www.iskreni.net\/trgovina\/#website\",\"url\":\"https:\/\/www.iskreni.net\/trgovina\/\",\"name\":\"Zavod Iskreni\",\"description\":\"trgovina\",\"potentialAction\":[{\"@type\":\"SearchAction\",\"target\":{\"@type\":\"EntryPoint\",\"urlTemplate\":\"https:\/\/www.iskreni.net\/trgovina\/?s={search_term_string}\"},\"query-input\":{\"@type\":\"PropertyValueSpecification\",\"valueRequired\":true,\"valueName\":\"search_term_string\"}}],\"inLanguage\":\"sl-SI\"}]}<\/script>\n<!-- \/ Yoast SEO plugin. -->","yoast_head_json":{"title":"Peter Opeka, ostani z nami - trgovina Zavod Iskreni","description":"Pravljica s smeti\u0161\u010da, ki jo na Madagaskarju pi\u0161e slovensko-argentinski misijonar. Navdihujo\u010da pripoved o \u010dloveku z ogromnim srcem in neomajno vero v dobro.","robots":{"index":"index","follow":"follow","max-snippet":"max-snippet:-1","max-image-preview":"max-image-preview:large","max-video-preview":"max-video-preview:-1"},"canonical":"https:\/\/www.iskreni.net\/trgovina\/product\/peter-opeka-ostani-z-nami\/","og_locale":"sl_SI","og_type":"article","og_title":"Postanimo prijatelji Svetega Duha","og_description":"Pravljica s smeti\u0161\u010da, ki jo na Madagaskarju pi\u0161e slovensko-argentinski misijonar. Navdihujo\u010da pripoved o \u010dloveku z ogromnim srcem in neomajno vero v dobro.","og_url":"https:\/\/www.iskreni.net\/trgovina\/product\/peter-opeka-ostani-z-nami\/","og_site_name":"Zavod Iskreni","article_modified_time":"2025-04-25T10:09:06+00:00","og_image":[{"width":1334,"height":1334,"url":"https:\/\/www.iskreni.net\/trgovina\/wp-content\/uploads\/2025\/04\/opeka.png","type":"image\/png"}],"twitter_card":"summary_large_image","twitter_misc":{"Est. reading time":"3 minute"},"schema":{"@context":"https:\/\/schema.org","@graph":[{"@type":"WebPage","@id":"https:\/\/www.iskreni.net\/trgovina\/product\/peter-opeka-ostani-z-nami\/","url":"https:\/\/www.iskreni.net\/trgovina\/product\/peter-opeka-ostani-z-nami\/","name":"Peter Opeka, ostani z nami - trgovina Zavod Iskreni","isPartOf":{"@id":"https:\/\/www.iskreni.net\/trgovina\/#website"},"primaryImageOfPage":{"@id":"https:\/\/www.iskreni.net\/trgovina\/product\/peter-opeka-ostani-z-nami\/#primaryimage"},"image":{"@id":"https:\/\/www.iskreni.net\/trgovina\/product\/peter-opeka-ostani-z-nami\/#primaryimage"},"thumbnailUrl":"https:\/\/www.iskreni.net\/trgovina\/wp-content\/uploads\/2025\/04\/opeka.png","datePublished":"2025-04-22T07:16:50+00:00","dateModified":"2025-04-25T10:09:06+00:00","description":"Pravljica s smeti\u0161\u010da, ki jo na Madagaskarju pi\u0161e slovensko-argentinski misijonar. Navdihujo\u010da pripoved o \u010dloveku z ogromnim srcem in neomajno vero v dobro.","breadcrumb":{"@id":"https:\/\/www.iskreni.net\/trgovina\/product\/peter-opeka-ostani-z-nami\/#breadcrumb"},"inLanguage":"sl-SI","potentialAction":[{"@type":"ReadAction","target":["https:\/\/www.iskreni.net\/trgovina\/product\/peter-opeka-ostani-z-nami\/"]}]},{"@type":"ImageObject","inLanguage":"sl-SI","@id":"https:\/\/www.iskreni.net\/trgovina\/product\/peter-opeka-ostani-z-nami\/#primaryimage","url":"https:\/\/www.iskreni.net\/trgovina\/wp-content\/uploads\/2025\/04\/opeka.png","contentUrl":"https:\/\/www.iskreni.net\/trgovina\/wp-content\/uploads\/2025\/04\/opeka.png","width":1334,"height":1334,"caption":"Peter Opeka, ostani z nami"},{"@type":"BreadcrumbList","@id":"https:\/\/www.iskreni.net\/trgovina\/product\/peter-opeka-ostani-z-nami\/#breadcrumb","itemListElement":[{"@type":"ListItem","position":1,"name":"Home","item":"https:\/\/www.iskreni.net\/trgovina\/"},{"@type":"ListItem","position":2,"name":"Trgovina","item":"https:\/\/www.iskreni.net\/trgovina\/trgovina\/"},{"@type":"ListItem","position":3,"name":"Peter Opeka, ostani z nami"}]},{"@type":"WebSite","@id":"https:\/\/www.iskreni.net\/trgovina\/#website","url":"https:\/\/www.iskreni.net\/trgovina\/","name":"Zavod Iskreni","description":"trgovina","potentialAction":[{"@type":"SearchAction","target":{"@type":"EntryPoint","urlTemplate":"https:\/\/www.iskreni.net\/trgovina\/?s={search_term_string}"},"query-input":{"@type":"PropertyValueSpecification","valueRequired":true,"valueName":"search_term_string"}}],"inLanguage":"sl-SI"}]}},"_links":{"self":[{"href":"https:\/\/www.iskreni.net\/trgovina\/wp-json\/wp\/v2\/product\/86505","targetHints":{"allow":["GET"]}}],"collection":[{"href":"https:\/\/www.iskreni.net\/trgovina\/wp-json\/wp\/v2\/product"}],"about":[{"href":"https:\/\/www.iskreni.net\/trgovina\/wp-json\/wp\/v2\/types\/product"}],"replies":[{"embeddable":true,"href":"https:\/\/www.iskreni.net\/trgovina\/wp-json\/wp\/v2\/comments?post=86505"}],"version-history":[{"count":3,"href":"https:\/\/www.iskreni.net\/trgovina\/wp-json\/wp\/v2\/product\/86505\/revisions"}],"predecessor-version":[{"id":86511,"href":"https:\/\/www.iskreni.net\/trgovina\/wp-json\/wp\/v2\/product\/86505\/revisions\/86511"}],"wp:featuredmedia":[{"embeddable":true,"href":"https:\/\/www.iskreni.net\/trgovina\/wp-json\/wp\/v2\/media\/86506"}],"wp:attachment":[{"href":"https:\/\/www.iskreni.net\/trgovina\/wp-json\/wp\/v2\/media?parent=86505"}],"wp:term":[{"taxonomy":"product_brand","embeddable":true,"href":"https:\/\/www.iskreni.net\/trgovina\/wp-json\/wp\/v2\/product_brand?post=86505"},{"taxonomy":"product_cat","embeddable":true,"href":"https:\/\/www.iskreni.net\/trgovina\/wp-json\/wp\/v2\/product_cat?post=86505"},{"taxonomy":"product_tag","embeddable":true,"href":"https:\/\/www.iskreni.net\/trgovina\/wp-json\/wp\/v2\/product_tag?post=86505"},{"taxonomy":"avtor","embeddable":true,"href":"https:\/\/www.iskreni.net\/trgovina\/wp-json\/wp\/v2\/avtor?post=86505"},{"taxonomy":"zalozba","embeddable":true,"href":"https:\/\/www.iskreni.net\/trgovina\/wp-json\/wp\/v2\/zalozba?post=86505"},{"taxonomy":"vezava","embeddable":true,"href":"https:\/\/www.iskreni.net\/trgovina\/wp-json\/wp\/v2\/vezava?post=86505"}],"curies":[{"name":"wp","href":"https:\/\/api.w.org\/{rel}","templated":true}]}}