{"id":86415,"date":"2025-04-16T09:17:16","date_gmt":"2025-04-16T07:17:16","guid":{"rendered":"https:\/\/www.iskreni.net\/trgovina\/?post_type=product&#038;p=86415"},"modified":"2025-09-17T13:25:56","modified_gmt":"2025-09-17T11:25:56","slug":"kuharica-sestre-vendeline","status":"publish","type":"product","link":"https:\/\/www.iskreni.net\/trgovina\/product\/kuharica-sestre-vendeline\/","title":{"rendered":"Kuharica sestre Vendeline"},"content":{"rendered":"<h3 class=\"ie-h2 tw-pb-5 tw-font-bold\">O knjigi<\/h3>\n<div class=\"page-title-wrapper product\">\n<p><strong>Prenovljena izdaja Kuharice sestre Vendeline je tukaj!<\/strong>\u00a0Knjigo u\u010diteljice slovenskega kuharstva smo prenovili in dopolnili. Veliko receptov smo dodali k ribjim in brezmesnim jedem, spremenili pa smo tudi mnoge druge jedilnike.\u00a0Ne glede na spremembe so vsi recepti v duhu in slogu sestre Vendeline, tako da ostaja knjiga pristna in slovenska, kakr\u0161no je Vendelina zasnovala.<\/p>\n<p>Bog nam je dodelil ko\u0161\u010dek zemlje, na katerem raste vse, kar Slovenci potrebujemo. Zelenjava, sadje in meso so \u017eivila, ki na\u0161im genom najbolj ustrezajo. V Kuharici sestre Vendeline so zbrani recepti, kakr\u0161ne imamo pri nas radi, tisti pristni, ki jih je slovenski okus izoblikoval na osnovi vsega, kar na\u0161a zemlja daje. Okus Slovencev se je stoletja oblikoval ob doma\u010dem ognji\u0161\u010du.<\/p>\n<p>Jedilnik je vedno sestavljen iz juhe, hladne predjedi, glavne jedi in sladice. Ko prodirajo k nam jedi z vsega sveta, se moramo zavedati, da je doma\u010da hrana, skuhana po odli\u010dnih receptih sestre Vendeline, za nas najbolj\u0161a in najbolj zdrava.<\/p>\n<p><strong>Dopolnjena izdaja ostaja zvesta Vendelininemu izro\u010dilu.\u00a0<\/strong>Prenovila in uredila jo je Edvina Novak, ki je s sestro Vendelino sodelovala od samih za\u010detkov njenega knji\u017enega ustvarjanja.<\/p>\n<p><em>\u201cKuharstvo je umetnost, s katero se ukvarjamo vsi. Na\u0161i in\u0161trumenti so kuhalnice in kozice, umetni\u0161ka snov pa \u017eivila, s katerimi vsak dan ustvarjamo za \u0161tedilnikom.\u201c je v eni izmed svojih knjig zapisala na\u0161a rojakinja Marija Ilc \u2013 slovenska redovnica znana kot sestra Vendelina.<\/em><\/p>\n<h3>O avtorju:<\/h3>\n<p>Sestra Vendelina se je kot Marija Ilc rodila v Ribnici na Dolenjskem, kjer je obiskovala ljudsko in me\u0161\u010dansko \u0161olo. \u0160olanje je nato nadaljevala na u\u010diteljsko gospodinjski \u0161oli dr. Janeza Evangelista Kreka, zatem pa je dve leti prakticirala na kmetijsko gospodinjski \u0161oli v Mariboru, kjer je \u017ee vodila ve\u010derne te\u010daje za stre\u017ebo.<\/p>\n<p>Sestra Vendelina je najprej \u0161tiri leta pou\u010devala kuhanje na u\u010diteljsko gospodinjski \u0161oli v Ljubljani, nato pa je kot ravnateljica deset let vodila kmetijsko gospodinjsko \u0161olo v \u0160t. Rupertu pri Velikovcu na Koro\u0161kem. Zatem je 12 let pre\u017eivela v Repnjah, kjer je \u017ee za\u010dela z vodenjem kuharskih te\u010dajev za dekleta in \u017eupnijske kuharice. To delo je nadaljevala vse do nedavnega, ko je \u017eivela na Brezjah. V samostanu je organizirala popoldanske kuharske ure, ki so jih obiskovale te\u010dajnice iz vse Slovenije.<\/p>\n<p>Sestra Vendelina se je tudi sama nenehno izpopolnjevala. Vedno je spremljala delo kuharic v raznih podru\u017enicah in si zapisovala dobre recepte. Bogato znanje, ki ga je pridobila, je prena\u0161ala na svoje te\u010dajnice, prepri\u010dana, da primerna prehrana in dobro gospodinjstvo prispevata k miru in zadovoljstvu v dru\u017eini.<\/p>\n<\/div>\n<div class=\"custom_attributs\">\n<div class=\"add_on_container\">\n<div class=\"vezava\">\n<p>&nbsp;<\/p>\n<\/div>\n<\/div>\n<\/div>\n","protected":false},"excerpt":{"rendered":"<p><strong>\u0160tevilo strani: <\/strong>528<br \/>\n<strong>Format:<\/strong> 24o x 165 mm<br \/>\n<strong>Leto izdaje:<\/strong> 2025<\/p>\n","protected":false},"featured_media":86419,"comment_status":"open","ping_status":"closed","template":"","meta":[],"product_brand":[],"product_cat":[2327,63],"product_tag":[3012,3013,1663],"avtor":[3010,3011],"zalozba":[2347],"vezava":[2306],"class_list":{"0":"post-86415","1":"product","2":"type-product","3":"status-publish","4":"has-post-thumbnail","6":"product_cat-prirocniki-in-vodniki","7":"product_cat-knjige","8":"product_tag-kuharska-knjiga","9":"product_tag-prenovljena-izdaja","10":"product_tag-recepti","11":"avtor-marija-ilc","12":"avtor-sestra-vendelina","13":"zalozba-ognjisce","14":"vezava-trda","16":"first","17":"onbackorder","18":"taxable","19":"shipping-taxable","20":"purchasable","21":"product-type-simple"},"yoast_head":"<!-- This site is optimized with the Yoast SEO plugin v26.3 - https:\/\/yoast.com\/wordpress\/plugins\/seo\/ -->\n<title>Kuharica sestre Vendeline - trgovina Zavod Iskreni<\/title>\n<meta name=\"description\" content=\"Prenovljena izdaja Kuharice sestre Vendeline je tukaj! Knjigo u\u010diteljice slovenskega kuharstva smo prenovili in dopolnili.\" \/>\n<meta name=\"robots\" content=\"index, follow, max-snippet:-1, max-image-preview:large, max-video-preview:-1\" \/>\n<link rel=\"canonical\" href=\"https:\/\/www.iskreni.net\/trgovina\/product\/kuharica-sestre-vendeline\/\" \/>\n<meta property=\"og:locale\" content=\"sl_SI\" \/>\n<meta property=\"og:type\" content=\"article\" \/>\n<meta property=\"og:title\" content=\"Postanimo prijatelji Svetega Duha\" \/>\n<meta property=\"og:description\" content=\"Prenovljena izdaja Kuharice sestre Vendeline je tukaj! Knjigo u\u010diteljice slovenskega kuharstva smo prenovili in dopolnili.\" \/>\n<meta property=\"og:url\" content=\"https:\/\/www.iskreni.net\/trgovina\/product\/kuharica-sestre-vendeline\/\" \/>\n<meta property=\"og:site_name\" content=\"Zavod Iskreni\" \/>\n<meta property=\"article:modified_time\" content=\"2025-09-17T11:25:56+00:00\" \/>\n<meta property=\"og:image\" content=\"https:\/\/www.iskreni.net\/trgovina\/wp-content\/uploads\/2025\/04\/kuharica1.png\" \/>\n\t<meta property=\"og:image:width\" content=\"983\" \/>\n\t<meta property=\"og:image:height\" content=\"983\" \/>\n\t<meta property=\"og:image:type\" content=\"image\/png\" \/>\n<meta name=\"twitter:card\" content=\"summary_large_image\" \/>\n<meta name=\"twitter:label1\" content=\"Est. reading time\" \/>\n\t<meta name=\"twitter:data1\" content=\"3 minute\" \/>\n<script type=\"application\/ld+json\" class=\"yoast-schema-graph\">{\"@context\":\"https:\/\/schema.org\",\"@graph\":[{\"@type\":\"WebPage\",\"@id\":\"https:\/\/www.iskreni.net\/trgovina\/product\/kuharica-sestre-vendeline\/\",\"url\":\"https:\/\/www.iskreni.net\/trgovina\/product\/kuharica-sestre-vendeline\/\",\"name\":\"Kuharica sestre Vendeline - trgovina Zavod Iskreni\",\"isPartOf\":{\"@id\":\"https:\/\/www.iskreni.net\/trgovina\/#website\"},\"primaryImageOfPage\":{\"@id\":\"https:\/\/www.iskreni.net\/trgovina\/product\/kuharica-sestre-vendeline\/#primaryimage\"},\"image\":{\"@id\":\"https:\/\/www.iskreni.net\/trgovina\/product\/kuharica-sestre-vendeline\/#primaryimage\"},\"thumbnailUrl\":\"https:\/\/www.iskreni.net\/trgovina\/wp-content\/uploads\/2025\/04\/kuharica1.png\",\"datePublished\":\"2025-04-16T07:17:16+00:00\",\"dateModified\":\"2025-09-17T11:25:56+00:00\",\"description\":\"Prenovljena izdaja Kuharice sestre Vendeline je tukaj! Knjigo u\u010diteljice slovenskega kuharstva smo prenovili in dopolnili.\",\"breadcrumb\":{\"@id\":\"https:\/\/www.iskreni.net\/trgovina\/product\/kuharica-sestre-vendeline\/#breadcrumb\"},\"inLanguage\":\"sl-SI\",\"potentialAction\":[{\"@type\":\"ReadAction\",\"target\":[\"https:\/\/www.iskreni.net\/trgovina\/product\/kuharica-sestre-vendeline\/\"]}]},{\"@type\":\"ImageObject\",\"inLanguage\":\"sl-SI\",\"@id\":\"https:\/\/www.iskreni.net\/trgovina\/product\/kuharica-sestre-vendeline\/#primaryimage\",\"url\":\"https:\/\/www.iskreni.net\/trgovina\/wp-content\/uploads\/2025\/04\/kuharica1.png\",\"contentUrl\":\"https:\/\/www.iskreni.net\/trgovina\/wp-content\/uploads\/2025\/04\/kuharica1.png\",\"width\":983,\"height\":983,\"caption\":\"Kuharica sestre Vendeline\"},{\"@type\":\"BreadcrumbList\",\"@id\":\"https:\/\/www.iskreni.net\/trgovina\/product\/kuharica-sestre-vendeline\/#breadcrumb\",\"itemListElement\":[{\"@type\":\"ListItem\",\"position\":1,\"name\":\"Home\",\"item\":\"https:\/\/www.iskreni.net\/trgovina\/\"},{\"@type\":\"ListItem\",\"position\":2,\"name\":\"Trgovina\",\"item\":\"https:\/\/www.iskreni.net\/trgovina\/trgovina\/\"},{\"@type\":\"ListItem\",\"position\":3,\"name\":\"Kuharica sestre Vendeline\"}]},{\"@type\":\"WebSite\",\"@id\":\"https:\/\/www.iskreni.net\/trgovina\/#website\",\"url\":\"https:\/\/www.iskreni.net\/trgovina\/\",\"name\":\"Zavod Iskreni\",\"description\":\"trgovina\",\"potentialAction\":[{\"@type\":\"SearchAction\",\"target\":{\"@type\":\"EntryPoint\",\"urlTemplate\":\"https:\/\/www.iskreni.net\/trgovina\/?s={search_term_string}\"},\"query-input\":{\"@type\":\"PropertyValueSpecification\",\"valueRequired\":true,\"valueName\":\"search_term_string\"}}],\"inLanguage\":\"sl-SI\"}]}<\/script>\n<!-- \/ Yoast SEO plugin. -->","yoast_head_json":{"title":"Kuharica sestre Vendeline - trgovina Zavod Iskreni","description":"Prenovljena izdaja Kuharice sestre Vendeline je tukaj! Knjigo u\u010diteljice slovenskega kuharstva smo prenovili in dopolnili.","robots":{"index":"index","follow":"follow","max-snippet":"max-snippet:-1","max-image-preview":"max-image-preview:large","max-video-preview":"max-video-preview:-1"},"canonical":"https:\/\/www.iskreni.net\/trgovina\/product\/kuharica-sestre-vendeline\/","og_locale":"sl_SI","og_type":"article","og_title":"Postanimo prijatelji Svetega Duha","og_description":"Prenovljena izdaja Kuharice sestre Vendeline je tukaj! Knjigo u\u010diteljice slovenskega kuharstva smo prenovili in dopolnili.","og_url":"https:\/\/www.iskreni.net\/trgovina\/product\/kuharica-sestre-vendeline\/","og_site_name":"Zavod Iskreni","article_modified_time":"2025-09-17T11:25:56+00:00","og_image":[{"width":983,"height":983,"url":"https:\/\/www.iskreni.net\/trgovina\/wp-content\/uploads\/2025\/04\/kuharica1.png","type":"image\/png"}],"twitter_card":"summary_large_image","twitter_misc":{"Est. reading time":"3 minute"},"schema":{"@context":"https:\/\/schema.org","@graph":[{"@type":"WebPage","@id":"https:\/\/www.iskreni.net\/trgovina\/product\/kuharica-sestre-vendeline\/","url":"https:\/\/www.iskreni.net\/trgovina\/product\/kuharica-sestre-vendeline\/","name":"Kuharica sestre Vendeline - trgovina Zavod Iskreni","isPartOf":{"@id":"https:\/\/www.iskreni.net\/trgovina\/#website"},"primaryImageOfPage":{"@id":"https:\/\/www.iskreni.net\/trgovina\/product\/kuharica-sestre-vendeline\/#primaryimage"},"image":{"@id":"https:\/\/www.iskreni.net\/trgovina\/product\/kuharica-sestre-vendeline\/#primaryimage"},"thumbnailUrl":"https:\/\/www.iskreni.net\/trgovina\/wp-content\/uploads\/2025\/04\/kuharica1.png","datePublished":"2025-04-16T07:17:16+00:00","dateModified":"2025-09-17T11:25:56+00:00","description":"Prenovljena izdaja Kuharice sestre Vendeline je tukaj! Knjigo u\u010diteljice slovenskega kuharstva smo prenovili in dopolnili.","breadcrumb":{"@id":"https:\/\/www.iskreni.net\/trgovina\/product\/kuharica-sestre-vendeline\/#breadcrumb"},"inLanguage":"sl-SI","potentialAction":[{"@type":"ReadAction","target":["https:\/\/www.iskreni.net\/trgovina\/product\/kuharica-sestre-vendeline\/"]}]},{"@type":"ImageObject","inLanguage":"sl-SI","@id":"https:\/\/www.iskreni.net\/trgovina\/product\/kuharica-sestre-vendeline\/#primaryimage","url":"https:\/\/www.iskreni.net\/trgovina\/wp-content\/uploads\/2025\/04\/kuharica1.png","contentUrl":"https:\/\/www.iskreni.net\/trgovina\/wp-content\/uploads\/2025\/04\/kuharica1.png","width":983,"height":983,"caption":"Kuharica sestre Vendeline"},{"@type":"BreadcrumbList","@id":"https:\/\/www.iskreni.net\/trgovina\/product\/kuharica-sestre-vendeline\/#breadcrumb","itemListElement":[{"@type":"ListItem","position":1,"name":"Home","item":"https:\/\/www.iskreni.net\/trgovina\/"},{"@type":"ListItem","position":2,"name":"Trgovina","item":"https:\/\/www.iskreni.net\/trgovina\/trgovina\/"},{"@type":"ListItem","position":3,"name":"Kuharica sestre Vendeline"}]},{"@type":"WebSite","@id":"https:\/\/www.iskreni.net\/trgovina\/#website","url":"https:\/\/www.iskreni.net\/trgovina\/","name":"Zavod Iskreni","description":"trgovina","potentialAction":[{"@type":"SearchAction","target":{"@type":"EntryPoint","urlTemplate":"https:\/\/www.iskreni.net\/trgovina\/?s={search_term_string}"},"query-input":{"@type":"PropertyValueSpecification","valueRequired":true,"valueName":"search_term_string"}}],"inLanguage":"sl-SI"}]}},"_links":{"self":[{"href":"https:\/\/www.iskreni.net\/trgovina\/wp-json\/wp\/v2\/product\/86415","targetHints":{"allow":["GET"]}}],"collection":[{"href":"https:\/\/www.iskreni.net\/trgovina\/wp-json\/wp\/v2\/product"}],"about":[{"href":"https:\/\/www.iskreni.net\/trgovina\/wp-json\/wp\/v2\/types\/product"}],"replies":[{"embeddable":true,"href":"https:\/\/www.iskreni.net\/trgovina\/wp-json\/wp\/v2\/comments?post=86415"}],"version-history":[{"count":2,"href":"https:\/\/www.iskreni.net\/trgovina\/wp-json\/wp\/v2\/product\/86415\/revisions"}],"predecessor-version":[{"id":86426,"href":"https:\/\/www.iskreni.net\/trgovina\/wp-json\/wp\/v2\/product\/86415\/revisions\/86426"}],"wp:featuredmedia":[{"embeddable":true,"href":"https:\/\/www.iskreni.net\/trgovina\/wp-json\/wp\/v2\/media\/86419"}],"wp:attachment":[{"href":"https:\/\/www.iskreni.net\/trgovina\/wp-json\/wp\/v2\/media?parent=86415"}],"wp:term":[{"taxonomy":"product_brand","embeddable":true,"href":"https:\/\/www.iskreni.net\/trgovina\/wp-json\/wp\/v2\/product_brand?post=86415"},{"taxonomy":"product_cat","embeddable":true,"href":"https:\/\/www.iskreni.net\/trgovina\/wp-json\/wp\/v2\/product_cat?post=86415"},{"taxonomy":"product_tag","embeddable":true,"href":"https:\/\/www.iskreni.net\/trgovina\/wp-json\/wp\/v2\/product_tag?post=86415"},{"taxonomy":"avtor","embeddable":true,"href":"https:\/\/www.iskreni.net\/trgovina\/wp-json\/wp\/v2\/avtor?post=86415"},{"taxonomy":"zalozba","embeddable":true,"href":"https:\/\/www.iskreni.net\/trgovina\/wp-json\/wp\/v2\/zalozba?post=86415"},{"taxonomy":"vezava","embeddable":true,"href":"https:\/\/www.iskreni.net\/trgovina\/wp-json\/wp\/v2\/vezava?post=86415"}],"curies":[{"name":"wp","href":"https:\/\/api.w.org\/{rel}","templated":true}]}}