{"id":86342,"date":"2025-04-11T10:49:45","date_gmt":"2025-04-11T08:49:45","guid":{"rendered":"https:\/\/www.iskreni.net\/trgovina\/?post_type=product&#038;p=86342"},"modified":"2025-04-25T12:15:29","modified_gmt":"2025-04-25T10:15:29","slug":"velikonocne-pisanice","status":"publish","type":"product","link":"https:\/\/www.iskreni.net\/trgovina\/product\/velikonocne-pisanice\/","title":{"rendered":"Velikono\u010dne pisanice"},"content":{"rendered":"<h3 class=\"ie-h2 tw-pb-5 tw-font-bold\">O knjigi<\/h3>\n<p><strong>Velikono\u010dna pravljica nas spomni na pomen medsebojne pomo\u010di\u00a0<\/strong>in poka\u017ee, da lahko nesoglasja zgladimo tudi na miren na\u010din.<\/p>\n<p>Ljubke ilustracije Da\u0161e Sim\u010di\u010d z izvirnim slogom pravljico obogatijo. Knji\u017eica ponuja \u0161tevilne mo\u017enosti za zanimiv pogovor z otroki o velikono\u010dnih praznikih, vrednotah in \u0161egah.<\/p>\n","protected":false},"excerpt":{"rendered":"<p><strong>\u0160tevilo strani:<\/strong> 32<br \/>\n<strong>Format:<\/strong> 300 \u00d7 215 mm<br \/>\n<strong>Leto izdaje:<\/strong> 2025<\/p>\n","protected":false},"featured_media":86344,"comment_status":"open","ping_status":"closed","template":"","meta":[],"product_brand":[],"product_cat":[63,135],"product_tag":[3007,2872,1411,2884],"avtor":[3006],"zalozba":[2360],"vezava":[2306],"class_list":{"0":"post-86342","1":"product","2":"type-product","3":"status-publish","4":"has-post-thumbnail","6":"product_cat-knjige","7":"product_cat-za-otroke","8":"product_tag-pisanice","9":"product_tag-slikanica","10":"product_tag-velika-noc","11":"product_tag-zivali","12":"avtor-brigita-vehar-in-dasa-simcic","13":"zalozba-morfem","14":"vezava-trda","16":"first","17":"onbackorder","18":"taxable","19":"shipping-taxable","20":"purchasable","21":"product-type-simple"},"yoast_head":"<!-- This site is optimized with the Yoast SEO plugin v26.3 - https:\/\/yoast.com\/wordpress\/plugins\/seo\/ -->\n<title>Velikono\u010dne pisanice - trgovina Zavod Iskreni<\/title>\n<meta name=\"description\" content=\"Velikono\u010dna pravljica nas spomni na pomen medsebojne pomo\u010di in poka\u017ee, da lahko spore zgladimo tudi na miren na\u010din. Mo\u017enosti pogovora o \u0161egah in obi\u010dajih.\" \/>\n<meta name=\"robots\" content=\"index, follow, max-snippet:-1, max-image-preview:large, max-video-preview:-1\" \/>\n<link rel=\"canonical\" href=\"https:\/\/www.iskreni.net\/trgovina\/product\/velikonocne-pisanice\/\" \/>\n<meta property=\"og:locale\" content=\"sl_SI\" \/>\n<meta property=\"og:type\" content=\"article\" \/>\n<meta property=\"og:title\" content=\"Postanimo prijatelji Svetega Duha\" \/>\n<meta property=\"og:description\" content=\"Velikono\u010dna pravljica nas spomni na pomen medsebojne pomo\u010di in poka\u017ee, da lahko spore zgladimo tudi na miren na\u010din. Mo\u017enosti pogovora o \u0161egah in obi\u010dajih.\" \/>\n<meta property=\"og:url\" content=\"https:\/\/www.iskreni.net\/trgovina\/product\/velikonocne-pisanice\/\" \/>\n<meta property=\"og:site_name\" content=\"Zavod Iskreni\" \/>\n<meta property=\"article:modified_time\" content=\"2025-04-25T10:15:29+00:00\" \/>\n<meta property=\"og:image\" content=\"https:\/\/www.iskreni.net\/trgovina\/wp-content\/uploads\/2025\/04\/velik_3.jpg\" \/>\n\t<meta property=\"og:image:width\" content=\"543\" \/>\n\t<meta property=\"og:image:height\" content=\"794\" \/>\n\t<meta property=\"og:image:type\" content=\"image\/jpeg\" \/>\n<meta name=\"twitter:card\" content=\"summary_large_image\" \/>\n<meta name=\"twitter:label1\" content=\"Est. reading time\" \/>\n\t<meta name=\"twitter:data1\" content=\"1 minuta\" \/>\n<script type=\"application\/ld+json\" class=\"yoast-schema-graph\">{\"@context\":\"https:\/\/schema.org\",\"@graph\":[{\"@type\":\"WebPage\",\"@id\":\"https:\/\/www.iskreni.net\/trgovina\/product\/velikonocne-pisanice\/\",\"url\":\"https:\/\/www.iskreni.net\/trgovina\/product\/velikonocne-pisanice\/\",\"name\":\"Velikono\u010dne pisanice - trgovina Zavod Iskreni\",\"isPartOf\":{\"@id\":\"https:\/\/www.iskreni.net\/trgovina\/#website\"},\"primaryImageOfPage\":{\"@id\":\"https:\/\/www.iskreni.net\/trgovina\/product\/velikonocne-pisanice\/#primaryimage\"},\"image\":{\"@id\":\"https:\/\/www.iskreni.net\/trgovina\/product\/velikonocne-pisanice\/#primaryimage\"},\"thumbnailUrl\":\"https:\/\/www.iskreni.net\/trgovina\/wp-content\/uploads\/2025\/04\/velik_3.jpg\",\"datePublished\":\"2025-04-11T08:49:45+00:00\",\"dateModified\":\"2025-04-25T10:15:29+00:00\",\"description\":\"Velikono\u010dna pravljica nas spomni na pomen medsebojne pomo\u010di in poka\u017ee, da lahko spore zgladimo tudi na miren na\u010din. Mo\u017enosti pogovora o \u0161egah in obi\u010dajih.\",\"breadcrumb\":{\"@id\":\"https:\/\/www.iskreni.net\/trgovina\/product\/velikonocne-pisanice\/#breadcrumb\"},\"inLanguage\":\"sl-SI\",\"potentialAction\":[{\"@type\":\"ReadAction\",\"target\":[\"https:\/\/www.iskreni.net\/trgovina\/product\/velikonocne-pisanice\/\"]}]},{\"@type\":\"ImageObject\",\"inLanguage\":\"sl-SI\",\"@id\":\"https:\/\/www.iskreni.net\/trgovina\/product\/velikonocne-pisanice\/#primaryimage\",\"url\":\"https:\/\/www.iskreni.net\/trgovina\/wp-content\/uploads\/2025\/04\/velik_3.jpg\",\"contentUrl\":\"https:\/\/www.iskreni.net\/trgovina\/wp-content\/uploads\/2025\/04\/velik_3.jpg\",\"width\":543,\"height\":794,\"caption\":\"Velikono\u010dne pisanice\"},{\"@type\":\"BreadcrumbList\",\"@id\":\"https:\/\/www.iskreni.net\/trgovina\/product\/velikonocne-pisanice\/#breadcrumb\",\"itemListElement\":[{\"@type\":\"ListItem\",\"position\":1,\"name\":\"Home\",\"item\":\"https:\/\/www.iskreni.net\/trgovina\/\"},{\"@type\":\"ListItem\",\"position\":2,\"name\":\"Trgovina\",\"item\":\"https:\/\/www.iskreni.net\/trgovina\/trgovina\/\"},{\"@type\":\"ListItem\",\"position\":3,\"name\":\"Velikono\u010dne pisanice\"}]},{\"@type\":\"WebSite\",\"@id\":\"https:\/\/www.iskreni.net\/trgovina\/#website\",\"url\":\"https:\/\/www.iskreni.net\/trgovina\/\",\"name\":\"Zavod Iskreni\",\"description\":\"trgovina\",\"potentialAction\":[{\"@type\":\"SearchAction\",\"target\":{\"@type\":\"EntryPoint\",\"urlTemplate\":\"https:\/\/www.iskreni.net\/trgovina\/?s={search_term_string}\"},\"query-input\":{\"@type\":\"PropertyValueSpecification\",\"valueRequired\":true,\"valueName\":\"search_term_string\"}}],\"inLanguage\":\"sl-SI\"}]}<\/script>\n<!-- \/ Yoast SEO plugin. -->","yoast_head_json":{"title":"Velikono\u010dne pisanice - trgovina Zavod Iskreni","description":"Velikono\u010dna pravljica nas spomni na pomen medsebojne pomo\u010di in poka\u017ee, da lahko spore zgladimo tudi na miren na\u010din. Mo\u017enosti pogovora o \u0161egah in obi\u010dajih.","robots":{"index":"index","follow":"follow","max-snippet":"max-snippet:-1","max-image-preview":"max-image-preview:large","max-video-preview":"max-video-preview:-1"},"canonical":"https:\/\/www.iskreni.net\/trgovina\/product\/velikonocne-pisanice\/","og_locale":"sl_SI","og_type":"article","og_title":"Postanimo prijatelji Svetega Duha","og_description":"Velikono\u010dna pravljica nas spomni na pomen medsebojne pomo\u010di in poka\u017ee, da lahko spore zgladimo tudi na miren na\u010din. Mo\u017enosti pogovora o \u0161egah in obi\u010dajih.","og_url":"https:\/\/www.iskreni.net\/trgovina\/product\/velikonocne-pisanice\/","og_site_name":"Zavod Iskreni","article_modified_time":"2025-04-25T10:15:29+00:00","og_image":[{"width":543,"height":794,"url":"https:\/\/www.iskreni.net\/trgovina\/wp-content\/uploads\/2025\/04\/velik_3.jpg","type":"image\/jpeg"}],"twitter_card":"summary_large_image","twitter_misc":{"Est. reading time":"1 minuta"},"schema":{"@context":"https:\/\/schema.org","@graph":[{"@type":"WebPage","@id":"https:\/\/www.iskreni.net\/trgovina\/product\/velikonocne-pisanice\/","url":"https:\/\/www.iskreni.net\/trgovina\/product\/velikonocne-pisanice\/","name":"Velikono\u010dne pisanice - trgovina Zavod Iskreni","isPartOf":{"@id":"https:\/\/www.iskreni.net\/trgovina\/#website"},"primaryImageOfPage":{"@id":"https:\/\/www.iskreni.net\/trgovina\/product\/velikonocne-pisanice\/#primaryimage"},"image":{"@id":"https:\/\/www.iskreni.net\/trgovina\/product\/velikonocne-pisanice\/#primaryimage"},"thumbnailUrl":"https:\/\/www.iskreni.net\/trgovina\/wp-content\/uploads\/2025\/04\/velik_3.jpg","datePublished":"2025-04-11T08:49:45+00:00","dateModified":"2025-04-25T10:15:29+00:00","description":"Velikono\u010dna pravljica nas spomni na pomen medsebojne pomo\u010di in poka\u017ee, da lahko spore zgladimo tudi na miren na\u010din. Mo\u017enosti pogovora o \u0161egah in obi\u010dajih.","breadcrumb":{"@id":"https:\/\/www.iskreni.net\/trgovina\/product\/velikonocne-pisanice\/#breadcrumb"},"inLanguage":"sl-SI","potentialAction":[{"@type":"ReadAction","target":["https:\/\/www.iskreni.net\/trgovina\/product\/velikonocne-pisanice\/"]}]},{"@type":"ImageObject","inLanguage":"sl-SI","@id":"https:\/\/www.iskreni.net\/trgovina\/product\/velikonocne-pisanice\/#primaryimage","url":"https:\/\/www.iskreni.net\/trgovina\/wp-content\/uploads\/2025\/04\/velik_3.jpg","contentUrl":"https:\/\/www.iskreni.net\/trgovina\/wp-content\/uploads\/2025\/04\/velik_3.jpg","width":543,"height":794,"caption":"Velikono\u010dne pisanice"},{"@type":"BreadcrumbList","@id":"https:\/\/www.iskreni.net\/trgovina\/product\/velikonocne-pisanice\/#breadcrumb","itemListElement":[{"@type":"ListItem","position":1,"name":"Home","item":"https:\/\/www.iskreni.net\/trgovina\/"},{"@type":"ListItem","position":2,"name":"Trgovina","item":"https:\/\/www.iskreni.net\/trgovina\/trgovina\/"},{"@type":"ListItem","position":3,"name":"Velikono\u010dne pisanice"}]},{"@type":"WebSite","@id":"https:\/\/www.iskreni.net\/trgovina\/#website","url":"https:\/\/www.iskreni.net\/trgovina\/","name":"Zavod Iskreni","description":"trgovina","potentialAction":[{"@type":"SearchAction","target":{"@type":"EntryPoint","urlTemplate":"https:\/\/www.iskreni.net\/trgovina\/?s={search_term_string}"},"query-input":{"@type":"PropertyValueSpecification","valueRequired":true,"valueName":"search_term_string"}}],"inLanguage":"sl-SI"}]}},"_links":{"self":[{"href":"https:\/\/www.iskreni.net\/trgovina\/wp-json\/wp\/v2\/product\/86342","targetHints":{"allow":["GET"]}}],"collection":[{"href":"https:\/\/www.iskreni.net\/trgovina\/wp-json\/wp\/v2\/product"}],"about":[{"href":"https:\/\/www.iskreni.net\/trgovina\/wp-json\/wp\/v2\/types\/product"}],"replies":[{"embeddable":true,"href":"https:\/\/www.iskreni.net\/trgovina\/wp-json\/wp\/v2\/comments?post=86342"}],"version-history":[{"count":2,"href":"https:\/\/www.iskreni.net\/trgovina\/wp-json\/wp\/v2\/product\/86342\/revisions"}],"predecessor-version":[{"id":86345,"href":"https:\/\/www.iskreni.net\/trgovina\/wp-json\/wp\/v2\/product\/86342\/revisions\/86345"}],"wp:featuredmedia":[{"embeddable":true,"href":"https:\/\/www.iskreni.net\/trgovina\/wp-json\/wp\/v2\/media\/86344"}],"wp:attachment":[{"href":"https:\/\/www.iskreni.net\/trgovina\/wp-json\/wp\/v2\/media?parent=86342"}],"wp:term":[{"taxonomy":"product_brand","embeddable":true,"href":"https:\/\/www.iskreni.net\/trgovina\/wp-json\/wp\/v2\/product_brand?post=86342"},{"taxonomy":"product_cat","embeddable":true,"href":"https:\/\/www.iskreni.net\/trgovina\/wp-json\/wp\/v2\/product_cat?post=86342"},{"taxonomy":"product_tag","embeddable":true,"href":"https:\/\/www.iskreni.net\/trgovina\/wp-json\/wp\/v2\/product_tag?post=86342"},{"taxonomy":"avtor","embeddable":true,"href":"https:\/\/www.iskreni.net\/trgovina\/wp-json\/wp\/v2\/avtor?post=86342"},{"taxonomy":"zalozba","embeddable":true,"href":"https:\/\/www.iskreni.net\/trgovina\/wp-json\/wp\/v2\/zalozba?post=86342"},{"taxonomy":"vezava","embeddable":true,"href":"https:\/\/www.iskreni.net\/trgovina\/wp-json\/wp\/v2\/vezava?post=86342"}],"curies":[{"name":"wp","href":"https:\/\/api.w.org\/{rel}","templated":true}]}}