{"id":86303,"date":"2025-04-09T14:17:44","date_gmt":"2025-04-09T12:17:44","guid":{"rendered":"https:\/\/www.iskreni.net\/trgovina\/?post_type=product&#038;p=86303"},"modified":"2026-01-29T09:14:25","modified_gmt":"2026-01-29T08:14:25","slug":"modra-zenska","status":"publish","type":"product","link":"https:\/\/www.iskreni.net\/trgovina\/product\/modra-zenska\/","title":{"rendered":"Modra \u017eenska"},"content":{"rendered":"\t\t<div data-elementor-type=\"product-post\" data-elementor-id=\"86303\" class=\"elementor elementor-86303\" data-elementor-post-type=\"product\">\n\t\t\t\t\t\t<section class=\"elementor-section elementor-top-section elementor-element elementor-element-caf2cd8 elementor-section-boxed elementor-section-height-default elementor-section-height-default\" data-id=\"caf2cd8\" data-element_type=\"section\">\n\t\t\t\t\t\t<div class=\"elementor-container elementor-column-gap-default\">\n\t\t\t\t\t<div class=\"elementor-column elementor-col-100 elementor-top-column elementor-element elementor-element-587794b\" data-id=\"587794b\" data-element_type=\"column\">\n\t\t\t<div class=\"elementor-widget-wrap elementor-element-populated\">\n\t\t\t\t\t\t<div class=\"elementor-element elementor-element-ff65841 elementor-button-align-stretch elementor-widget elementor-widget-form\" data-id=\"ff65841\" data-element_type=\"widget\" data-settings=\"{&quot;step_next_label&quot;:&quot;Next&quot;,&quot;step_previous_label&quot;:&quot;Previous&quot;,&quot;button_width&quot;:&quot;100&quot;,&quot;step_type&quot;:&quot;number_text&quot;,&quot;step_icon_shape&quot;:&quot;circle&quot;}\" data-widget_type=\"form.default\">\n\t\t\t\t<div class=\"elementor-widget-container\">\n\t\t\t\t\t\t\t<form class=\"elementor-form\" method=\"post\" name=\"New Form\" aria-label=\"New Form\">\n\t\t\t<input type=\"hidden\" name=\"post_id\" value=\"86303\"\/>\n\t\t\t<input type=\"hidden\" name=\"form_id\" value=\"ff65841\"\/>\n\t\t\t<input type=\"hidden\" name=\"referer_title\" value=\"Zavod Iskreni\" \/>\n\n\t\t\t\n\t\t\t<div class=\"elementor-form-fields-wrapper elementor-labels-above\">\n\t\t\t\t\t\t\t\t<div class=\"elementor-field-type-text elementor-field-group elementor-column elementor-field-group-name elementor-col-100\">\n\t\t\t\t\t\t\t\t\t\t\t\t<label for=\"form-field-name\" class=\"elementor-field-label\">\n\t\t\t\t\t\t\t\tName\t\t\t\t\t\t\t<\/label>\n\t\t\t\t\t\t\t\t\t\t\t\t\t\t<input size=\"1\" type=\"text\" name=\"form_fields[name]\" id=\"form-field-name\" class=\"elementor-field elementor-size-sm  elementor-field-textual\" placeholder=\"Name\">\n\t\t\t\t\t\t\t\t\t\t\t<\/div>\n\t\t\t\t\t\t\t\t<div class=\"elementor-field-type-email elementor-field-group elementor-column elementor-field-group-email elementor-col-100 elementor-field-required\">\n\t\t\t\t\t\t\t\t\t\t\t\t<label for=\"form-field-email\" class=\"elementor-field-label\">\n\t\t\t\t\t\t\t\tEmail\t\t\t\t\t\t\t<\/label>\n\t\t\t\t\t\t\t\t\t\t\t\t\t\t<input size=\"1\" type=\"email\" name=\"form_fields[email]\" id=\"form-field-email\" class=\"elementor-field elementor-size-sm  elementor-field-textual\" placeholder=\"Email\" required=\"required\">\n\t\t\t\t\t\t\t\t\t\t\t<\/div>\n\t\t\t\t\t\t\t\t<div class=\"elementor-field-type-textarea elementor-field-group elementor-column elementor-field-group-message elementor-col-100\">\n\t\t\t\t\t\t\t\t\t\t\t\t<label for=\"form-field-message\" class=\"elementor-field-label\">\n\t\t\t\t\t\t\t\tMessage\t\t\t\t\t\t\t<\/label>\n\t\t\t\t\t\t<textarea class=\"elementor-field-textual elementor-field  elementor-size-sm\" name=\"form_fields[message]\" id=\"form-field-message\" rows=\"4\" placeholder=\"Message\"><\/textarea>\t\t\t\t<\/div>\n\t\t\t\t\t\t\t\t<div class=\"elementor-field-group elementor-column elementor-field-type-submit elementor-col-100 e-form__buttons\">\n\t\t\t\t\t<button class=\"elementor-button elementor-size-sm\" type=\"submit\">\n\t\t\t\t\t\t<span class=\"elementor-button-content-wrapper\">\n\t\t\t\t\t\t\t\t\t\t\t\t\t\t\t\t\t\t\t\t\t\t<span class=\"elementor-button-text\">Send<\/span>\n\t\t\t\t\t\t\t\t\t\t\t\t\t<\/span>\n\t\t\t\t\t<\/button>\n\t\t\t\t<\/div>\n\t\t\t<\/div>\n\t\t<\/form>\n\t\t\t\t\t\t<\/div>\n\t\t\t\t<\/div>\n\t\t\t\t\t<\/div>\n\t\t<\/div>\n\t\t\t\t\t<\/div>\n\t\t<\/section>\n\t\t\t\t<\/div>\n\t\t","protected":false},"excerpt":{"rendered":"<p style=\"text-align: left;\">Delavnica je namenjena <strong>\u017eenskam, ki so v perimenopavzi* ali menopavzi<\/strong>. *od 35. leta dalje<\/p>\n<p style=\"text-align: left;\">Ker \u017eenske v to obdobje vstopimo pri razli\u010dni starosti, ni starostne omejitve, ampak je odlo\u010ditev o primernosti delavnice prepu\u0161\u010dena lastni presoji.<\/p>\n<p><em>\u010ce se vam zgodi, da se <strong>delavnice zaradi nepredvidljivih razlogov (npr. bolezni) ne boste mogli udele\u017eiti<\/strong>, vas vabimo, da poi\u0161\u010dete zamenjavo in na dogodek povabite katero od svojih prijateljic ter tako udele\u017ebo omogo\u010dite nekomu, ki za tak\u0161no delavnico morda sploh \u0161e ni sli\u0161al. \u010ce zamenjave res ne uspete najti, pa lahko va\u0161o prijavo (ob dopla\u010dilu 15 \u20ac) prenesemo na naslednji prost termin, ki vam ustreza. \u010ce odsotnosti ne sporo\u010dite in prijave z dopla\u010dilom ne prenesete na naslednji prosti termin, ki vam ustreza, vam prijavnina \u017eal zapade.\u00a0<\/em><\/p>\n","protected":false},"featured_media":90007,"comment_status":"open","ping_status":"closed","template":"","meta":[],"product_brand":[],"product_cat":[1184],"product_tag":[],"avtor":[],"zalozba":[],"vezava":[],"class_list":{"0":"post-86303","1":"product","2":"type-product","3":"status-publish","4":"has-post-thumbnail","6":"product_cat-programi","7":"wcpa_has_options","9":"first","10":"instock","11":"sold-individually","12":"taxable","13":"shipping-taxable","14":"purchasable","15":"product-type-variable","16":"has-default-attributes"},"yoast_head":"<!-- This site is optimized with the Yoast SEO plugin v26.3 - https:\/\/yoast.com\/wordpress\/plugins\/seo\/ -->\n<title>Modra \u017eenska - Zavod Iskreni<\/title>\n<meta name=\"robots\" content=\"index, follow, max-snippet:-1, max-image-preview:large, max-video-preview:-1\" \/>\n<link rel=\"canonical\" href=\"https:\/\/www.iskreni.net\/trgovina\/product\/modra-zenska\/\" \/>\n<meta property=\"og:locale\" content=\"sl_SI\" \/>\n<meta property=\"og:type\" content=\"article\" \/>\n<meta property=\"og:title\" content=\"Modra \u017eenska - Zavod Iskreni\" \/>\n<meta property=\"og:description\" content=\"Delavnica je namenjena \u017eenskam, ki so v perimenopavzi* ali menopavzi. *od 35. leta dalje Ker \u017eenske v to obdobje vstopimo pri razli\u010dni starosti, ni starostne omejitve, ampak je odlo\u010ditev o primernosti delavnice prepu\u0161\u010dena lastni presoji. \u010ce se vam zgodi, da se delavnice zaradi nepredvidljivih razlogov (npr. bolezni) ne boste mogli udele\u017eiti, vas vabimo, da poi\u0161\u010dete zamenjavo in na dogodek povabite katero od svojih prijateljic ter tako udele\u017ebo omogo\u010dite nekomu, ki za tak\u0161no delavnico morda sploh \u0161e ni sli\u0161al. \u010ce zamenjave res ne uspete najti, pa lahko va\u0161o prijavo (ob dopla\u010dilu 15 \u20ac) prenesemo na naslednji prost termin, ki vam ustreza. \u010ce odsotnosti ne sporo\u010dite in prijave z dopla\u010dilom ne prenesete na naslednji prosti termin, ki vam ustreza, vam prijavnina \u017eal zapade.\u00a0\" \/>\n<meta property=\"og:url\" content=\"https:\/\/www.iskreni.net\/trgovina\/product\/modra-zenska\/\" \/>\n<meta property=\"og:site_name\" content=\"Zavod Iskreni\" \/>\n<meta property=\"article:modified_time\" content=\"2026-01-29T08:14:25+00:00\" \/>\n<meta property=\"og:image\" content=\"https:\/\/www.iskreni.net\/trgovina\/wp-content\/uploads\/2025\/04\/Programi-na-portalu-5.png\" \/>\n\t<meta property=\"og:image:width\" content=\"940\" \/>\n\t<meta property=\"og:image:height\" content=\"788\" \/>\n\t<meta property=\"og:image:type\" content=\"image\/png\" \/>\n<meta name=\"twitter:card\" content=\"summary_large_image\" \/>\n<meta name=\"twitter:label1\" content=\"Est. reading time\" \/>\n\t<meta name=\"twitter:data1\" content=\"1 minuta\" \/>\n<script type=\"application\/ld+json\" class=\"yoast-schema-graph\">{\"@context\":\"https:\/\/schema.org\",\"@graph\":[{\"@type\":\"WebPage\",\"@id\":\"https:\/\/www.iskreni.net\/trgovina\/product\/modra-zenska\/\",\"url\":\"https:\/\/www.iskreni.net\/trgovina\/product\/modra-zenska\/\",\"name\":\"Modra \u017eenska - Zavod Iskreni\",\"isPartOf\":{\"@id\":\"https:\/\/www.iskreni.net\/trgovina\/#website\"},\"primaryImageOfPage\":{\"@id\":\"https:\/\/www.iskreni.net\/trgovina\/product\/modra-zenska\/#primaryimage\"},\"image\":{\"@id\":\"https:\/\/www.iskreni.net\/trgovina\/product\/modra-zenska\/#primaryimage\"},\"thumbnailUrl\":\"https:\/\/www.iskreni.net\/trgovina\/wp-content\/uploads\/2025\/04\/Programi-na-portalu-5.png\",\"datePublished\":\"2025-04-09T12:17:44+00:00\",\"dateModified\":\"2026-01-29T08:14:25+00:00\",\"breadcrumb\":{\"@id\":\"https:\/\/www.iskreni.net\/trgovina\/product\/modra-zenska\/#breadcrumb\"},\"inLanguage\":\"sl-SI\",\"potentialAction\":[{\"@type\":\"ReadAction\",\"target\":[\"https:\/\/www.iskreni.net\/trgovina\/product\/modra-zenska\/\"]}]},{\"@type\":\"ImageObject\",\"inLanguage\":\"sl-SI\",\"@id\":\"https:\/\/www.iskreni.net\/trgovina\/product\/modra-zenska\/#primaryimage\",\"url\":\"https:\/\/www.iskreni.net\/trgovina\/wp-content\/uploads\/2025\/04\/Programi-na-portalu-5.png\",\"contentUrl\":\"https:\/\/www.iskreni.net\/trgovina\/wp-content\/uploads\/2025\/04\/Programi-na-portalu-5.png\",\"width\":940,\"height\":788},{\"@type\":\"BreadcrumbList\",\"@id\":\"https:\/\/www.iskreni.net\/trgovina\/product\/modra-zenska\/#breadcrumb\",\"itemListElement\":[{\"@type\":\"ListItem\",\"position\":1,\"name\":\"Home\",\"item\":\"https:\/\/www.iskreni.net\/trgovina\/\"},{\"@type\":\"ListItem\",\"position\":2,\"name\":\"Trgovina\",\"item\":\"https:\/\/www.iskreni.net\/trgovina\/trgovina\/\"},{\"@type\":\"ListItem\",\"position\":3,\"name\":\"Modra \u017eenska\"}]},{\"@type\":\"WebSite\",\"@id\":\"https:\/\/www.iskreni.net\/trgovina\/#website\",\"url\":\"https:\/\/www.iskreni.net\/trgovina\/\",\"name\":\"Zavod Iskreni\",\"description\":\"trgovina\",\"potentialAction\":[{\"@type\":\"SearchAction\",\"target\":{\"@type\":\"EntryPoint\",\"urlTemplate\":\"https:\/\/www.iskreni.net\/trgovina\/?s={search_term_string}\"},\"query-input\":{\"@type\":\"PropertyValueSpecification\",\"valueRequired\":true,\"valueName\":\"search_term_string\"}}],\"inLanguage\":\"sl-SI\"}]}<\/script>\n<!-- \/ Yoast SEO plugin. -->","yoast_head_json":{"title":"Modra \u017eenska - Zavod Iskreni","robots":{"index":"index","follow":"follow","max-snippet":"max-snippet:-1","max-image-preview":"max-image-preview:large","max-video-preview":"max-video-preview:-1"},"canonical":"https:\/\/www.iskreni.net\/trgovina\/product\/modra-zenska\/","og_locale":"sl_SI","og_type":"article","og_title":"Modra \u017eenska - Zavod Iskreni","og_description":"Delavnica je namenjena \u017eenskam, ki so v perimenopavzi* ali menopavzi. *od 35. leta dalje Ker \u017eenske v to obdobje vstopimo pri razli\u010dni starosti, ni starostne omejitve, ampak je odlo\u010ditev o primernosti delavnice prepu\u0161\u010dena lastni presoji. \u010ce se vam zgodi, da se delavnice zaradi nepredvidljivih razlogov (npr. bolezni) ne boste mogli udele\u017eiti, vas vabimo, da poi\u0161\u010dete zamenjavo in na dogodek povabite katero od svojih prijateljic ter tako udele\u017ebo omogo\u010dite nekomu, ki za tak\u0161no delavnico morda sploh \u0161e ni sli\u0161al. \u010ce zamenjave res ne uspete najti, pa lahko va\u0161o prijavo (ob dopla\u010dilu 15 \u20ac) prenesemo na naslednji prost termin, ki vam ustreza. \u010ce odsotnosti ne sporo\u010dite in prijave z dopla\u010dilom ne prenesete na naslednji prosti termin, ki vam ustreza, vam prijavnina \u017eal zapade.\u00a0","og_url":"https:\/\/www.iskreni.net\/trgovina\/product\/modra-zenska\/","og_site_name":"Zavod Iskreni","article_modified_time":"2026-01-29T08:14:25+00:00","og_image":[{"width":940,"height":788,"url":"https:\/\/www.iskreni.net\/trgovina\/wp-content\/uploads\/2025\/04\/Programi-na-portalu-5.png","type":"image\/png"}],"twitter_card":"summary_large_image","twitter_misc":{"Est. reading time":"1 minuta"},"schema":{"@context":"https:\/\/schema.org","@graph":[{"@type":"WebPage","@id":"https:\/\/www.iskreni.net\/trgovina\/product\/modra-zenska\/","url":"https:\/\/www.iskreni.net\/trgovina\/product\/modra-zenska\/","name":"Modra \u017eenska - Zavod Iskreni","isPartOf":{"@id":"https:\/\/www.iskreni.net\/trgovina\/#website"},"primaryImageOfPage":{"@id":"https:\/\/www.iskreni.net\/trgovina\/product\/modra-zenska\/#primaryimage"},"image":{"@id":"https:\/\/www.iskreni.net\/trgovina\/product\/modra-zenska\/#primaryimage"},"thumbnailUrl":"https:\/\/www.iskreni.net\/trgovina\/wp-content\/uploads\/2025\/04\/Programi-na-portalu-5.png","datePublished":"2025-04-09T12:17:44+00:00","dateModified":"2026-01-29T08:14:25+00:00","breadcrumb":{"@id":"https:\/\/www.iskreni.net\/trgovina\/product\/modra-zenska\/#breadcrumb"},"inLanguage":"sl-SI","potentialAction":[{"@type":"ReadAction","target":["https:\/\/www.iskreni.net\/trgovina\/product\/modra-zenska\/"]}]},{"@type":"ImageObject","inLanguage":"sl-SI","@id":"https:\/\/www.iskreni.net\/trgovina\/product\/modra-zenska\/#primaryimage","url":"https:\/\/www.iskreni.net\/trgovina\/wp-content\/uploads\/2025\/04\/Programi-na-portalu-5.png","contentUrl":"https:\/\/www.iskreni.net\/trgovina\/wp-content\/uploads\/2025\/04\/Programi-na-portalu-5.png","width":940,"height":788},{"@type":"BreadcrumbList","@id":"https:\/\/www.iskreni.net\/trgovina\/product\/modra-zenska\/#breadcrumb","itemListElement":[{"@type":"ListItem","position":1,"name":"Home","item":"https:\/\/www.iskreni.net\/trgovina\/"},{"@type":"ListItem","position":2,"name":"Trgovina","item":"https:\/\/www.iskreni.net\/trgovina\/trgovina\/"},{"@type":"ListItem","position":3,"name":"Modra \u017eenska"}]},{"@type":"WebSite","@id":"https:\/\/www.iskreni.net\/trgovina\/#website","url":"https:\/\/www.iskreni.net\/trgovina\/","name":"Zavod Iskreni","description":"trgovina","potentialAction":[{"@type":"SearchAction","target":{"@type":"EntryPoint","urlTemplate":"https:\/\/www.iskreni.net\/trgovina\/?s={search_term_string}"},"query-input":{"@type":"PropertyValueSpecification","valueRequired":true,"valueName":"search_term_string"}}],"inLanguage":"sl-SI"}]}},"_links":{"self":[{"href":"https:\/\/www.iskreni.net\/trgovina\/wp-json\/wp\/v2\/product\/86303","targetHints":{"allow":["GET"]}}],"collection":[{"href":"https:\/\/www.iskreni.net\/trgovina\/wp-json\/wp\/v2\/product"}],"about":[{"href":"https:\/\/www.iskreni.net\/trgovina\/wp-json\/wp\/v2\/types\/product"}],"replies":[{"embeddable":true,"href":"https:\/\/www.iskreni.net\/trgovina\/wp-json\/wp\/v2\/comments?post=86303"}],"version-history":[{"count":7,"href":"https:\/\/www.iskreni.net\/trgovina\/wp-json\/wp\/v2\/product\/86303\/revisions"}],"predecessor-version":[{"id":90008,"href":"https:\/\/www.iskreni.net\/trgovina\/wp-json\/wp\/v2\/product\/86303\/revisions\/90008"}],"wp:featuredmedia":[{"embeddable":true,"href":"https:\/\/www.iskreni.net\/trgovina\/wp-json\/wp\/v2\/media\/90007"}],"wp:attachment":[{"href":"https:\/\/www.iskreni.net\/trgovina\/wp-json\/wp\/v2\/media?parent=86303"}],"wp:term":[{"taxonomy":"product_brand","embeddable":true,"href":"https:\/\/www.iskreni.net\/trgovina\/wp-json\/wp\/v2\/product_brand?post=86303"},{"taxonomy":"product_cat","embeddable":true,"href":"https:\/\/www.iskreni.net\/trgovina\/wp-json\/wp\/v2\/product_cat?post=86303"},{"taxonomy":"product_tag","embeddable":true,"href":"https:\/\/www.iskreni.net\/trgovina\/wp-json\/wp\/v2\/product_tag?post=86303"},{"taxonomy":"avtor","embeddable":true,"href":"https:\/\/www.iskreni.net\/trgovina\/wp-json\/wp\/v2\/avtor?post=86303"},{"taxonomy":"zalozba","embeddable":true,"href":"https:\/\/www.iskreni.net\/trgovina\/wp-json\/wp\/v2\/zalozba?post=86303"},{"taxonomy":"vezava","embeddable":true,"href":"https:\/\/www.iskreni.net\/trgovina\/wp-json\/wp\/v2\/vezava?post=86303"}],"curies":[{"name":"wp","href":"https:\/\/api.w.org\/{rel}","templated":true}]}}