{"id":86289,"date":"2025-04-09T10:58:48","date_gmt":"2025-04-09T08:58:48","guid":{"rendered":"https:\/\/www.iskreni.net\/trgovina\/?post_type=product&#038;p=86289"},"modified":"2025-04-25T12:13:28","modified_gmt":"2025-04-25T10:13:28","slug":"pastircki-z-velike-planine","status":"publish","type":"product","link":"https:\/\/www.iskreni.net\/trgovina\/product\/pastircki-z-velike-planine\/","title":{"rendered":"Pastir\u010dki z Velike planine"},"content":{"rendered":"<h3 class=\"ie-h2 tw-pb-5 tw-font-bold\">O knjigi<\/h3>\n<p>Ro\u017ele, Ton\u010dek in Lenart so \u017ee vrsto let pasli \u017eivino na Veliki planini, kjer so jim \u010dez cesto ponagajali planinski duhovi, \u010darovnice, \u0161kratje in divji mo\u017eje. Bo pastir\u010dkom uspelo ukrotiti nagajivce?<\/p>\n<p>Zgodba bralca popelje v preteklost pastirjevanja na Veliki planini. Seznani ga s pestrim ljudskim izro\u010dilom in neprecenljivo pastirsko dedi\u0161\u010dino ter tako obogati njegovo do\u017eivetje v neokrnjeni naravi na\u0161e najve\u010dje visokogorske pa\u0161ne planine.<\/p>\n","protected":false},"excerpt":{"rendered":"<p><strong>\u0160tevilo strani:<\/strong> 28<br \/>\n<strong>Format:<\/strong> 235 \u00d7 285 mm<br \/>\n<strong>Leto izdaje:<\/strong> 2025<\/p>\n","protected":false},"featured_media":86290,"comment_status":"open","ping_status":"closed","template":"","meta":[],"product_brand":[],"product_cat":[63,135],"product_tag":[2997,2953,2872],"avtor":[],"zalozba":[2780],"vezava":[2306],"class_list":{"0":"post-86289","1":"product","2":"type-product","3":"status-publish","4":"has-post-thumbnail","6":"product_cat-knjige","7":"product_cat-za-otroke","8":"product_tag-mitologija","9":"product_tag-narava","10":"product_tag-slikanica","11":"zalozba-primus","12":"vezava-trda","14":"first","15":"onbackorder","16":"taxable","17":"shipping-taxable","18":"purchasable","19":"product-type-simple"},"yoast_head":"<!-- This site is optimized with the Yoast SEO plugin v26.3 - https:\/\/yoast.com\/wordpress\/plugins\/seo\/ -->\n<title>Pastir\u010dki z Velike planine - trgovina Zavod Iskreni<\/title>\n<meta name=\"description\" content=\"Zgodba bralca popelje v preteklost pastirjevanja na Veliki planini. Seznani ga s pestrim ljudskim izro\u010dilom in neprecenljivo pastirsko dedi\u0161\u010dino.\" \/>\n<meta name=\"robots\" content=\"index, follow, max-snippet:-1, max-image-preview:large, max-video-preview:-1\" \/>\n<link rel=\"canonical\" href=\"https:\/\/www.iskreni.net\/trgovina\/product\/pastircki-z-velike-planine\/\" \/>\n<meta property=\"og:locale\" content=\"sl_SI\" \/>\n<meta property=\"og:type\" content=\"article\" \/>\n<meta property=\"og:title\" content=\"Postanimo prijatelji Svetega Duha\" \/>\n<meta property=\"og:description\" content=\"Zgodba bralca popelje v preteklost pastirjevanja na Veliki planini. Seznani ga s pestrim ljudskim izro\u010dilom in neprecenljivo pastirsko dedi\u0161\u010dino.\" \/>\n<meta property=\"og:url\" content=\"https:\/\/www.iskreni.net\/trgovina\/product\/pastircki-z-velike-planine\/\" \/>\n<meta property=\"og:site_name\" content=\"Zavod Iskreni\" \/>\n<meta property=\"article:modified_time\" content=\"2025-04-25T10:13:28+00:00\" \/>\n<meta property=\"og:image\" content=\"https:\/\/www.iskreni.net\/trgovina\/wp-content\/uploads\/2025\/04\/pastircki_z_velike_planine.jpg\" \/>\n\t<meta property=\"og:image:width\" content=\"433\" \/>\n\t<meta property=\"og:image:height\" content=\"433\" \/>\n\t<meta property=\"og:image:type\" content=\"image\/jpeg\" \/>\n<meta name=\"twitter:card\" content=\"summary_large_image\" \/>\n<meta name=\"twitter:label1\" content=\"Est. reading time\" \/>\n\t<meta name=\"twitter:data1\" content=\"1 minuta\" \/>\n<script type=\"application\/ld+json\" class=\"yoast-schema-graph\">{\"@context\":\"https:\/\/schema.org\",\"@graph\":[{\"@type\":\"WebPage\",\"@id\":\"https:\/\/www.iskreni.net\/trgovina\/product\/pastircki-z-velike-planine\/\",\"url\":\"https:\/\/www.iskreni.net\/trgovina\/product\/pastircki-z-velike-planine\/\",\"name\":\"Pastir\u010dki z Velike planine - trgovina Zavod Iskreni\",\"isPartOf\":{\"@id\":\"https:\/\/www.iskreni.net\/trgovina\/#website\"},\"primaryImageOfPage\":{\"@id\":\"https:\/\/www.iskreni.net\/trgovina\/product\/pastircki-z-velike-planine\/#primaryimage\"},\"image\":{\"@id\":\"https:\/\/www.iskreni.net\/trgovina\/product\/pastircki-z-velike-planine\/#primaryimage\"},\"thumbnailUrl\":\"https:\/\/www.iskreni.net\/trgovina\/wp-content\/uploads\/2025\/04\/pastircki_z_velike_planine.jpg\",\"datePublished\":\"2025-04-09T08:58:48+00:00\",\"dateModified\":\"2025-04-25T10:13:28+00:00\",\"description\":\"Zgodba bralca popelje v preteklost pastirjevanja na Veliki planini. Seznani ga s pestrim ljudskim izro\u010dilom in neprecenljivo pastirsko dedi\u0161\u010dino.\",\"breadcrumb\":{\"@id\":\"https:\/\/www.iskreni.net\/trgovina\/product\/pastircki-z-velike-planine\/#breadcrumb\"},\"inLanguage\":\"sl-SI\",\"potentialAction\":[{\"@type\":\"ReadAction\",\"target\":[\"https:\/\/www.iskreni.net\/trgovina\/product\/pastircki-z-velike-planine\/\"]}]},{\"@type\":\"ImageObject\",\"inLanguage\":\"sl-SI\",\"@id\":\"https:\/\/www.iskreni.net\/trgovina\/product\/pastircki-z-velike-planine\/#primaryimage\",\"url\":\"https:\/\/www.iskreni.net\/trgovina\/wp-content\/uploads\/2025\/04\/pastircki_z_velike_planine.jpg\",\"contentUrl\":\"https:\/\/www.iskreni.net\/trgovina\/wp-content\/uploads\/2025\/04\/pastircki_z_velike_planine.jpg\",\"width\":433,\"height\":433,\"caption\":\"Pastir\u010dki z Velike planine\"},{\"@type\":\"BreadcrumbList\",\"@id\":\"https:\/\/www.iskreni.net\/trgovina\/product\/pastircki-z-velike-planine\/#breadcrumb\",\"itemListElement\":[{\"@type\":\"ListItem\",\"position\":1,\"name\":\"Home\",\"item\":\"https:\/\/www.iskreni.net\/trgovina\/\"},{\"@type\":\"ListItem\",\"position\":2,\"name\":\"Trgovina\",\"item\":\"https:\/\/www.iskreni.net\/trgovina\/trgovina\/\"},{\"@type\":\"ListItem\",\"position\":3,\"name\":\"Pastir\u010dki z Velike planine\"}]},{\"@type\":\"WebSite\",\"@id\":\"https:\/\/www.iskreni.net\/trgovina\/#website\",\"url\":\"https:\/\/www.iskreni.net\/trgovina\/\",\"name\":\"Zavod Iskreni\",\"description\":\"trgovina\",\"potentialAction\":[{\"@type\":\"SearchAction\",\"target\":{\"@type\":\"EntryPoint\",\"urlTemplate\":\"https:\/\/www.iskreni.net\/trgovina\/?s={search_term_string}\"},\"query-input\":{\"@type\":\"PropertyValueSpecification\",\"valueRequired\":true,\"valueName\":\"search_term_string\"}}],\"inLanguage\":\"sl-SI\"}]}<\/script>\n<!-- \/ Yoast SEO plugin. -->","yoast_head_json":{"title":"Pastir\u010dki z Velike planine - trgovina Zavod Iskreni","description":"Zgodba bralca popelje v preteklost pastirjevanja na Veliki planini. Seznani ga s pestrim ljudskim izro\u010dilom in neprecenljivo pastirsko dedi\u0161\u010dino.","robots":{"index":"index","follow":"follow","max-snippet":"max-snippet:-1","max-image-preview":"max-image-preview:large","max-video-preview":"max-video-preview:-1"},"canonical":"https:\/\/www.iskreni.net\/trgovina\/product\/pastircki-z-velike-planine\/","og_locale":"sl_SI","og_type":"article","og_title":"Postanimo prijatelji Svetega Duha","og_description":"Zgodba bralca popelje v preteklost pastirjevanja na Veliki planini. Seznani ga s pestrim ljudskim izro\u010dilom in neprecenljivo pastirsko dedi\u0161\u010dino.","og_url":"https:\/\/www.iskreni.net\/trgovina\/product\/pastircki-z-velike-planine\/","og_site_name":"Zavod Iskreni","article_modified_time":"2025-04-25T10:13:28+00:00","og_image":[{"width":433,"height":433,"url":"https:\/\/www.iskreni.net\/trgovina\/wp-content\/uploads\/2025\/04\/pastircki_z_velike_planine.jpg","type":"image\/jpeg"}],"twitter_card":"summary_large_image","twitter_misc":{"Est. reading time":"1 minuta"},"schema":{"@context":"https:\/\/schema.org","@graph":[{"@type":"WebPage","@id":"https:\/\/www.iskreni.net\/trgovina\/product\/pastircki-z-velike-planine\/","url":"https:\/\/www.iskreni.net\/trgovina\/product\/pastircki-z-velike-planine\/","name":"Pastir\u010dki z Velike planine - trgovina Zavod Iskreni","isPartOf":{"@id":"https:\/\/www.iskreni.net\/trgovina\/#website"},"primaryImageOfPage":{"@id":"https:\/\/www.iskreni.net\/trgovina\/product\/pastircki-z-velike-planine\/#primaryimage"},"image":{"@id":"https:\/\/www.iskreni.net\/trgovina\/product\/pastircki-z-velike-planine\/#primaryimage"},"thumbnailUrl":"https:\/\/www.iskreni.net\/trgovina\/wp-content\/uploads\/2025\/04\/pastircki_z_velike_planine.jpg","datePublished":"2025-04-09T08:58:48+00:00","dateModified":"2025-04-25T10:13:28+00:00","description":"Zgodba bralca popelje v preteklost pastirjevanja na Veliki planini. Seznani ga s pestrim ljudskim izro\u010dilom in neprecenljivo pastirsko dedi\u0161\u010dino.","breadcrumb":{"@id":"https:\/\/www.iskreni.net\/trgovina\/product\/pastircki-z-velike-planine\/#breadcrumb"},"inLanguage":"sl-SI","potentialAction":[{"@type":"ReadAction","target":["https:\/\/www.iskreni.net\/trgovina\/product\/pastircki-z-velike-planine\/"]}]},{"@type":"ImageObject","inLanguage":"sl-SI","@id":"https:\/\/www.iskreni.net\/trgovina\/product\/pastircki-z-velike-planine\/#primaryimage","url":"https:\/\/www.iskreni.net\/trgovina\/wp-content\/uploads\/2025\/04\/pastircki_z_velike_planine.jpg","contentUrl":"https:\/\/www.iskreni.net\/trgovina\/wp-content\/uploads\/2025\/04\/pastircki_z_velike_planine.jpg","width":433,"height":433,"caption":"Pastir\u010dki z Velike planine"},{"@type":"BreadcrumbList","@id":"https:\/\/www.iskreni.net\/trgovina\/product\/pastircki-z-velike-planine\/#breadcrumb","itemListElement":[{"@type":"ListItem","position":1,"name":"Home","item":"https:\/\/www.iskreni.net\/trgovina\/"},{"@type":"ListItem","position":2,"name":"Trgovina","item":"https:\/\/www.iskreni.net\/trgovina\/trgovina\/"},{"@type":"ListItem","position":3,"name":"Pastir\u010dki z Velike planine"}]},{"@type":"WebSite","@id":"https:\/\/www.iskreni.net\/trgovina\/#website","url":"https:\/\/www.iskreni.net\/trgovina\/","name":"Zavod Iskreni","description":"trgovina","potentialAction":[{"@type":"SearchAction","target":{"@type":"EntryPoint","urlTemplate":"https:\/\/www.iskreni.net\/trgovina\/?s={search_term_string}"},"query-input":{"@type":"PropertyValueSpecification","valueRequired":true,"valueName":"search_term_string"}}],"inLanguage":"sl-SI"}]}},"_links":{"self":[{"href":"https:\/\/www.iskreni.net\/trgovina\/wp-json\/wp\/v2\/product\/86289","targetHints":{"allow":["GET"]}}],"collection":[{"href":"https:\/\/www.iskreni.net\/trgovina\/wp-json\/wp\/v2\/product"}],"about":[{"href":"https:\/\/www.iskreni.net\/trgovina\/wp-json\/wp\/v2\/types\/product"}],"replies":[{"embeddable":true,"href":"https:\/\/www.iskreni.net\/trgovina\/wp-json\/wp\/v2\/comments?post=86289"}],"version-history":[{"count":1,"href":"https:\/\/www.iskreni.net\/trgovina\/wp-json\/wp\/v2\/product\/86289\/revisions"}],"predecessor-version":[{"id":86291,"href":"https:\/\/www.iskreni.net\/trgovina\/wp-json\/wp\/v2\/product\/86289\/revisions\/86291"}],"wp:featuredmedia":[{"embeddable":true,"href":"https:\/\/www.iskreni.net\/trgovina\/wp-json\/wp\/v2\/media\/86290"}],"wp:attachment":[{"href":"https:\/\/www.iskreni.net\/trgovina\/wp-json\/wp\/v2\/media?parent=86289"}],"wp:term":[{"taxonomy":"product_brand","embeddable":true,"href":"https:\/\/www.iskreni.net\/trgovina\/wp-json\/wp\/v2\/product_brand?post=86289"},{"taxonomy":"product_cat","embeddable":true,"href":"https:\/\/www.iskreni.net\/trgovina\/wp-json\/wp\/v2\/product_cat?post=86289"},{"taxonomy":"product_tag","embeddable":true,"href":"https:\/\/www.iskreni.net\/trgovina\/wp-json\/wp\/v2\/product_tag?post=86289"},{"taxonomy":"avtor","embeddable":true,"href":"https:\/\/www.iskreni.net\/trgovina\/wp-json\/wp\/v2\/avtor?post=86289"},{"taxonomy":"zalozba","embeddable":true,"href":"https:\/\/www.iskreni.net\/trgovina\/wp-json\/wp\/v2\/zalozba?post=86289"},{"taxonomy":"vezava","embeddable":true,"href":"https:\/\/www.iskreni.net\/trgovina\/wp-json\/wp\/v2\/vezava?post=86289"}],"curies":[{"name":"wp","href":"https:\/\/api.w.org\/{rel}","templated":true}]}}