{"id":86285,"date":"2025-04-09T10:49:14","date_gmt":"2025-04-09T08:49:14","guid":{"rendered":"https:\/\/www.iskreni.net\/trgovina\/?post_type=product&#038;p=86285"},"modified":"2025-07-11T09:48:03","modified_gmt":"2025-07-11T07:48:03","slug":"nadarjena-suzi","status":"publish","type":"product","link":"https:\/\/www.iskreni.net\/trgovina\/product\/nadarjena-suzi\/","title":{"rendered":"Nadarjena Suzi"},"content":{"rendered":"<h3 class=\"ie-h2 tw-pb-5 tw-font-bold\">O knjigi<\/h3>\n<p>Suzi zanima, ali je v \u010dem posebna. Ker tega ne ve, se odlo\u010di, da bo obiskala svoje prijatelje, da bi videla, v \u010dem so posebni oni.<\/p>\n<p><strong>Namen knjige je spodbuditi otroke k samospoznavanju in sprejemanju svoje edinstvenosti.<\/strong>\u00a0Zgodba opominja, da vsak posameznik nosi v sebi nekaj posebnega, tudi \u010de to ni o\u010ditno na prvi pogled. Knjiga poudarja pomen vztrajnosti in pozitivnega odnosa do sebe ter spodbuja mlade bralce, da cenijo svoje talente in jih odkrijejo, ne glede na to, ali se ti ka\u017eejo v tradicionalnih spretnostih ali v bolj subtilnih lasnostih, kot so prijaznost, vztrajnost ali sposobnost pohvale.<\/p>\n","protected":false},"excerpt":{"rendered":"<p><strong>\u0160tevilo strani:<\/strong> 32<br \/>\n<strong>Format:<\/strong> 240 x 330mm<br \/>\n<strong>Leto izdaje:<\/strong> 2025<\/p>\n","protected":false},"featured_media":86286,"comment_status":"open","ping_status":"closed","template":"","meta":[],"product_brand":[],"product_cat":[63,135],"product_tag":[2948,2872,2996],"avtor":[2995],"zalozba":[2787],"vezava":[2306],"class_list":{"0":"post-86285","1":"product","2":"type-product","3":"status-publish","4":"has-post-thumbnail","6":"product_cat-knjige","7":"product_cat-za-otroke","8":"product_tag-odnosi","9":"product_tag-slikanica","10":"product_tag-talenti","11":"avtor-joni-bosch","12":"zalozba-epistola","13":"vezava-trda","15":"first","16":"onbackorder","17":"taxable","18":"shipping-taxable","19":"purchasable","20":"product-type-simple"},"yoast_head":"<!-- This site is optimized with the Yoast SEO plugin v26.3 - https:\/\/yoast.com\/wordpress\/plugins\/seo\/ -->\n<title>Nadarjena Suzi - trgovina Zavod Iskreni<\/title>\n<meta name=\"description\" content=\"Suzi zanima, ali je v \u010dem posebna. Ker tega ne ve, se odlo\u010di, da bo obiskala svoje prijatelje, da bi videla, v \u010dem so posebni oni.\" \/>\n<meta name=\"robots\" content=\"index, follow, max-snippet:-1, max-image-preview:large, max-video-preview:-1\" \/>\n<link rel=\"canonical\" href=\"https:\/\/www.iskreni.net\/trgovina\/product\/nadarjena-suzi\/\" \/>\n<meta property=\"og:locale\" content=\"sl_SI\" \/>\n<meta property=\"og:type\" content=\"article\" \/>\n<meta property=\"og:title\" content=\"Postanimo prijatelji Svetega Duha\" \/>\n<meta property=\"og:description\" content=\"Suzi zanima, ali je v \u010dem posebna. Ker tega ne ve, se odlo\u010di, da bo obiskala svoje prijatelje, da bi videla, v \u010dem so posebni oni.\" \/>\n<meta property=\"og:url\" content=\"https:\/\/www.iskreni.net\/trgovina\/product\/nadarjena-suzi\/\" \/>\n<meta property=\"og:site_name\" content=\"Zavod Iskreni\" \/>\n<meta property=\"article:modified_time\" content=\"2025-07-11T07:48:03+00:00\" \/>\n<meta property=\"og:image\" content=\"https:\/\/www.iskreni.net\/trgovina\/wp-content\/uploads\/2025\/04\/nadarjena_suzi.jpg\" \/>\n\t<meta property=\"og:image:width\" content=\"495\" \/>\n\t<meta property=\"og:image:height\" content=\"495\" \/>\n\t<meta property=\"og:image:type\" content=\"image\/jpeg\" \/>\n<meta name=\"twitter:card\" content=\"summary_large_image\" \/>\n<meta name=\"twitter:label1\" content=\"Est. reading time\" \/>\n\t<meta name=\"twitter:data1\" content=\"1 minuta\" \/>\n<script type=\"application\/ld+json\" class=\"yoast-schema-graph\">{\"@context\":\"https:\/\/schema.org\",\"@graph\":[{\"@type\":\"WebPage\",\"@id\":\"https:\/\/www.iskreni.net\/trgovina\/product\/nadarjena-suzi\/\",\"url\":\"https:\/\/www.iskreni.net\/trgovina\/product\/nadarjena-suzi\/\",\"name\":\"Nadarjena Suzi - trgovina Zavod Iskreni\",\"isPartOf\":{\"@id\":\"https:\/\/www.iskreni.net\/trgovina\/#website\"},\"primaryImageOfPage\":{\"@id\":\"https:\/\/www.iskreni.net\/trgovina\/product\/nadarjena-suzi\/#primaryimage\"},\"image\":{\"@id\":\"https:\/\/www.iskreni.net\/trgovina\/product\/nadarjena-suzi\/#primaryimage\"},\"thumbnailUrl\":\"https:\/\/www.iskreni.net\/trgovina\/wp-content\/uploads\/2025\/04\/nadarjena_suzi.jpg\",\"datePublished\":\"2025-04-09T08:49:14+00:00\",\"dateModified\":\"2025-07-11T07:48:03+00:00\",\"description\":\"Suzi zanima, ali je v \u010dem posebna. Ker tega ne ve, se odlo\u010di, da bo obiskala svoje prijatelje, da bi videla, v \u010dem so posebni oni.\",\"breadcrumb\":{\"@id\":\"https:\/\/www.iskreni.net\/trgovina\/product\/nadarjena-suzi\/#breadcrumb\"},\"inLanguage\":\"sl-SI\",\"potentialAction\":[{\"@type\":\"ReadAction\",\"target\":[\"https:\/\/www.iskreni.net\/trgovina\/product\/nadarjena-suzi\/\"]}]},{\"@type\":\"ImageObject\",\"inLanguage\":\"sl-SI\",\"@id\":\"https:\/\/www.iskreni.net\/trgovina\/product\/nadarjena-suzi\/#primaryimage\",\"url\":\"https:\/\/www.iskreni.net\/trgovina\/wp-content\/uploads\/2025\/04\/nadarjena_suzi.jpg\",\"contentUrl\":\"https:\/\/www.iskreni.net\/trgovina\/wp-content\/uploads\/2025\/04\/nadarjena_suzi.jpg\",\"width\":495,\"height\":495,\"caption\":\"Nadarjena Suzi\"},{\"@type\":\"BreadcrumbList\",\"@id\":\"https:\/\/www.iskreni.net\/trgovina\/product\/nadarjena-suzi\/#breadcrumb\",\"itemListElement\":[{\"@type\":\"ListItem\",\"position\":1,\"name\":\"Home\",\"item\":\"https:\/\/www.iskreni.net\/trgovina\/\"},{\"@type\":\"ListItem\",\"position\":2,\"name\":\"Trgovina\",\"item\":\"https:\/\/www.iskreni.net\/trgovina\/trgovina\/\"},{\"@type\":\"ListItem\",\"position\":3,\"name\":\"Nadarjena Suzi\"}]},{\"@type\":\"WebSite\",\"@id\":\"https:\/\/www.iskreni.net\/trgovina\/#website\",\"url\":\"https:\/\/www.iskreni.net\/trgovina\/\",\"name\":\"Zavod Iskreni\",\"description\":\"trgovina\",\"potentialAction\":[{\"@type\":\"SearchAction\",\"target\":{\"@type\":\"EntryPoint\",\"urlTemplate\":\"https:\/\/www.iskreni.net\/trgovina\/?s={search_term_string}\"},\"query-input\":{\"@type\":\"PropertyValueSpecification\",\"valueRequired\":true,\"valueName\":\"search_term_string\"}}],\"inLanguage\":\"sl-SI\"}]}<\/script>\n<!-- \/ Yoast SEO plugin. -->","yoast_head_json":{"title":"Nadarjena Suzi - trgovina Zavod Iskreni","description":"Suzi zanima, ali je v \u010dem posebna. Ker tega ne ve, se odlo\u010di, da bo obiskala svoje prijatelje, da bi videla, v \u010dem so posebni oni.","robots":{"index":"index","follow":"follow","max-snippet":"max-snippet:-1","max-image-preview":"max-image-preview:large","max-video-preview":"max-video-preview:-1"},"canonical":"https:\/\/www.iskreni.net\/trgovina\/product\/nadarjena-suzi\/","og_locale":"sl_SI","og_type":"article","og_title":"Postanimo prijatelji Svetega Duha","og_description":"Suzi zanima, ali je v \u010dem posebna. Ker tega ne ve, se odlo\u010di, da bo obiskala svoje prijatelje, da bi videla, v \u010dem so posebni oni.","og_url":"https:\/\/www.iskreni.net\/trgovina\/product\/nadarjena-suzi\/","og_site_name":"Zavod Iskreni","article_modified_time":"2025-07-11T07:48:03+00:00","og_image":[{"width":495,"height":495,"url":"https:\/\/www.iskreni.net\/trgovina\/wp-content\/uploads\/2025\/04\/nadarjena_suzi.jpg","type":"image\/jpeg"}],"twitter_card":"summary_large_image","twitter_misc":{"Est. reading time":"1 minuta"},"schema":{"@context":"https:\/\/schema.org","@graph":[{"@type":"WebPage","@id":"https:\/\/www.iskreni.net\/trgovina\/product\/nadarjena-suzi\/","url":"https:\/\/www.iskreni.net\/trgovina\/product\/nadarjena-suzi\/","name":"Nadarjena Suzi - trgovina Zavod Iskreni","isPartOf":{"@id":"https:\/\/www.iskreni.net\/trgovina\/#website"},"primaryImageOfPage":{"@id":"https:\/\/www.iskreni.net\/trgovina\/product\/nadarjena-suzi\/#primaryimage"},"image":{"@id":"https:\/\/www.iskreni.net\/trgovina\/product\/nadarjena-suzi\/#primaryimage"},"thumbnailUrl":"https:\/\/www.iskreni.net\/trgovina\/wp-content\/uploads\/2025\/04\/nadarjena_suzi.jpg","datePublished":"2025-04-09T08:49:14+00:00","dateModified":"2025-07-11T07:48:03+00:00","description":"Suzi zanima, ali je v \u010dem posebna. Ker tega ne ve, se odlo\u010di, da bo obiskala svoje prijatelje, da bi videla, v \u010dem so posebni oni.","breadcrumb":{"@id":"https:\/\/www.iskreni.net\/trgovina\/product\/nadarjena-suzi\/#breadcrumb"},"inLanguage":"sl-SI","potentialAction":[{"@type":"ReadAction","target":["https:\/\/www.iskreni.net\/trgovina\/product\/nadarjena-suzi\/"]}]},{"@type":"ImageObject","inLanguage":"sl-SI","@id":"https:\/\/www.iskreni.net\/trgovina\/product\/nadarjena-suzi\/#primaryimage","url":"https:\/\/www.iskreni.net\/trgovina\/wp-content\/uploads\/2025\/04\/nadarjena_suzi.jpg","contentUrl":"https:\/\/www.iskreni.net\/trgovina\/wp-content\/uploads\/2025\/04\/nadarjena_suzi.jpg","width":495,"height":495,"caption":"Nadarjena Suzi"},{"@type":"BreadcrumbList","@id":"https:\/\/www.iskreni.net\/trgovina\/product\/nadarjena-suzi\/#breadcrumb","itemListElement":[{"@type":"ListItem","position":1,"name":"Home","item":"https:\/\/www.iskreni.net\/trgovina\/"},{"@type":"ListItem","position":2,"name":"Trgovina","item":"https:\/\/www.iskreni.net\/trgovina\/trgovina\/"},{"@type":"ListItem","position":3,"name":"Nadarjena Suzi"}]},{"@type":"WebSite","@id":"https:\/\/www.iskreni.net\/trgovina\/#website","url":"https:\/\/www.iskreni.net\/trgovina\/","name":"Zavod Iskreni","description":"trgovina","potentialAction":[{"@type":"SearchAction","target":{"@type":"EntryPoint","urlTemplate":"https:\/\/www.iskreni.net\/trgovina\/?s={search_term_string}"},"query-input":{"@type":"PropertyValueSpecification","valueRequired":true,"valueName":"search_term_string"}}],"inLanguage":"sl-SI"}]}},"_links":{"self":[{"href":"https:\/\/www.iskreni.net\/trgovina\/wp-json\/wp\/v2\/product\/86285","targetHints":{"allow":["GET"]}}],"collection":[{"href":"https:\/\/www.iskreni.net\/trgovina\/wp-json\/wp\/v2\/product"}],"about":[{"href":"https:\/\/www.iskreni.net\/trgovina\/wp-json\/wp\/v2\/types\/product"}],"replies":[{"embeddable":true,"href":"https:\/\/www.iskreni.net\/trgovina\/wp-json\/wp\/v2\/comments?post=86285"}],"version-history":[{"count":2,"href":"https:\/\/www.iskreni.net\/trgovina\/wp-json\/wp\/v2\/product\/86285\/revisions"}],"predecessor-version":[{"id":86288,"href":"https:\/\/www.iskreni.net\/trgovina\/wp-json\/wp\/v2\/product\/86285\/revisions\/86288"}],"wp:featuredmedia":[{"embeddable":true,"href":"https:\/\/www.iskreni.net\/trgovina\/wp-json\/wp\/v2\/media\/86286"}],"wp:attachment":[{"href":"https:\/\/www.iskreni.net\/trgovina\/wp-json\/wp\/v2\/media?parent=86285"}],"wp:term":[{"taxonomy":"product_brand","embeddable":true,"href":"https:\/\/www.iskreni.net\/trgovina\/wp-json\/wp\/v2\/product_brand?post=86285"},{"taxonomy":"product_cat","embeddable":true,"href":"https:\/\/www.iskreni.net\/trgovina\/wp-json\/wp\/v2\/product_cat?post=86285"},{"taxonomy":"product_tag","embeddable":true,"href":"https:\/\/www.iskreni.net\/trgovina\/wp-json\/wp\/v2\/product_tag?post=86285"},{"taxonomy":"avtor","embeddable":true,"href":"https:\/\/www.iskreni.net\/trgovina\/wp-json\/wp\/v2\/avtor?post=86285"},{"taxonomy":"zalozba","embeddable":true,"href":"https:\/\/www.iskreni.net\/trgovina\/wp-json\/wp\/v2\/zalozba?post=86285"},{"taxonomy":"vezava","embeddable":true,"href":"https:\/\/www.iskreni.net\/trgovina\/wp-json\/wp\/v2\/vezava?post=86285"}],"curies":[{"name":"wp","href":"https:\/\/api.w.org\/{rel}","templated":true}]}}