{"id":86160,"date":"2025-04-03T09:33:34","date_gmt":"2025-04-03T07:33:34","guid":{"rendered":"https:\/\/www.iskreni.net\/trgovina\/?post_type=product&#038;p=86160"},"modified":"2025-04-25T12:14:18","modified_gmt":"2025-04-25T10:14:18","slug":"krscanske-ideje-ki-so-pretresle-svet","status":"publish","type":"product","link":"https:\/\/www.iskreni.net\/trgovina\/product\/krscanske-ideje-ki-so-pretresle-svet\/","title":{"rendered":"Kr\u0161\u010danske ideje, ki so pretresle svet"},"content":{"rendered":"<h3 id=\"anchor-o-izdelku\" class=\"title\">O knjigi<\/h3>\n<div class=\"tab-description js-tab-singleProduct-description content-tab\">\n<p>Poudarja, da je kr\u0161\u010danstvo prispevalo k\u00a0<strong>enotnosti Evrope<\/strong>, vzpostavitvi lai\u010dnosti, razvoju \u010dlovekovih pravic, enakosti med spoloma, odpravi su\u017eenjstva, spodbujanju izobra\u017eevanja in omogo\u010danju znanstvenega napredka.<\/p>\n<p>Chemain trdi, da je kr\u0161\u010danstvo uvedlo koncept lo\u010ditve med cerkvijo in dr\u017eavo, kar je omogo\u010dilo razvoj lai\u010dne republike. Prav tako izpostavlja, da so vrednote, kot so svoboda, enakost in bratstvo, globoko zakoreninjene v kr\u0161\u010danstvu ter da je kr\u0161\u010danska miselnost, ki priznava \u010dlovekovo nagnjenost k grehu, delovala kot ovira proti totalitarnim te\u017enjam.<\/p>\n<p>Chemain priznava tudi napake in zlorabe v zgodovini kr\u0161\u010danstva, vendar trdi, da so temeljne kr\u0161\u010danske vrednote oblikovale zahodno civilizacijo in \u0161e naprej vplivajo na sodobno dru\u017ebo.<\/p>\n<h3><strong>O avtorju:<\/strong><\/h3>\n<p>Profesor Jean-Fran\u00e7ois Chemain je diplomiral v Parizu na <em>Institut d\u2019\u00e9tudes politiques\u00a0<\/em>(IEP), je doktor zgodovine in zgodovine<em>\u00a0<\/em>prava ter pou\u010duje na katoli\u0161kih visoko\u0161olskih ustanovah. Prav<em>\u00a0<\/em>tako je tudi avtor \u0161tevilnih del.<\/p>\n<\/div>\n","protected":false},"excerpt":{"rendered":"<p><strong>Prevod: <\/strong>Drago Karl Ocvirk<strong><br \/>\n\u0160tevilo strani:<\/strong> 258<br \/>\n<strong>Format:<\/strong> 140 x 210 mm<br \/>\n<strong>Leto izdaje:<\/strong> 2025<\/p>\n<h5><a href=\"https:\/\/www.iskreni.net\/trgovina\/wp-content\/uploads\/2025\/04\/krscanske-ideje-vzorcne-strani.pdf\">Prelistaj knjigo<\/a><\/h5>\n","protected":false},"featured_media":86161,"comment_status":"open","ping_status":"closed","template":"","meta":[],"product_brand":[],"product_cat":[2326,63],"product_tag":[1711,2070],"avtor":[2993],"zalozba":[],"vezava":[2306],"class_list":{"0":"post-86160","1":"product","2":"type-product","3":"status-publish","4":"has-post-thumbnail","6":"product_cat-druzbena-vprasanja-in-humanistika","7":"product_cat-knjige","8":"product_tag-krscanstvo","9":"product_tag-zgodovina","10":"avtor-jean-francois-chemain","11":"vezava-trda","13":"first","14":"instock","15":"taxable","16":"shipping-taxable","17":"purchasable","18":"product-type-simple"},"yoast_head":"<!-- This site is optimized with the Yoast SEO plugin v26.3 - https:\/\/yoast.com\/wordpress\/plugins\/seo\/ -->\n<title>Kr\u0161\u010danske ideje, ki so pretresle svet - trgovina Zavod Iskreni<\/title>\n<meta name=\"description\" content=\"Francoski zgodovinar Jean-Fran\u00e7ois Chemain v svoji knjigi raziskuje vpliv kr\u0161\u010danstva na oblikovanje zahodne civilizacije.\" \/>\n<meta name=\"robots\" content=\"index, follow, max-snippet:-1, max-image-preview:large, max-video-preview:-1\" \/>\n<link rel=\"canonical\" href=\"https:\/\/www.iskreni.net\/trgovina\/product\/krscanske-ideje-ki-so-pretresle-svet\/\" \/>\n<meta property=\"og:locale\" content=\"sl_SI\" \/>\n<meta property=\"og:type\" content=\"article\" \/>\n<meta property=\"og:title\" content=\"Postanimo prijatelji Svetega Duha\" \/>\n<meta property=\"og:description\" content=\"Francoski zgodovinar Jean-Fran\u00e7ois Chemain v svoji knjigi raziskuje vpliv kr\u0161\u010danstva na oblikovanje zahodne civilizacije.\" \/>\n<meta property=\"og:url\" content=\"https:\/\/www.iskreni.net\/trgovina\/product\/krscanske-ideje-ki-so-pretresle-svet\/\" \/>\n<meta property=\"og:site_name\" content=\"Zavod Iskreni\" \/>\n<meta property=\"article:modified_time\" content=\"2025-04-25T10:14:18+00:00\" \/>\n<meta property=\"og:image\" content=\"https:\/\/www.iskreni.net\/trgovina\/wp-content\/uploads\/2025\/04\/krscanske-ideje.png\" \/>\n\t<meta property=\"og:image:width\" content=\"913\" \/>\n\t<meta property=\"og:image:height\" content=\"913\" \/>\n\t<meta property=\"og:image:type\" content=\"image\/png\" \/>\n<meta name=\"twitter:card\" content=\"summary_large_image\" \/>\n<meta name=\"twitter:label1\" content=\"Est. reading time\" \/>\n\t<meta name=\"twitter:data1\" content=\"1 minuta\" \/>\n<script type=\"application\/ld+json\" class=\"yoast-schema-graph\">{\"@context\":\"https:\/\/schema.org\",\"@graph\":[{\"@type\":\"WebPage\",\"@id\":\"https:\/\/www.iskreni.net\/trgovina\/product\/krscanske-ideje-ki-so-pretresle-svet\/\",\"url\":\"https:\/\/www.iskreni.net\/trgovina\/product\/krscanske-ideje-ki-so-pretresle-svet\/\",\"name\":\"Kr\u0161\u010danske ideje, ki so pretresle svet - trgovina Zavod Iskreni\",\"isPartOf\":{\"@id\":\"https:\/\/www.iskreni.net\/trgovina\/#website\"},\"primaryImageOfPage\":{\"@id\":\"https:\/\/www.iskreni.net\/trgovina\/product\/krscanske-ideje-ki-so-pretresle-svet\/#primaryimage\"},\"image\":{\"@id\":\"https:\/\/www.iskreni.net\/trgovina\/product\/krscanske-ideje-ki-so-pretresle-svet\/#primaryimage\"},\"thumbnailUrl\":\"https:\/\/www.iskreni.net\/trgovina\/wp-content\/uploads\/2025\/04\/krscanske-ideje.png\",\"datePublished\":\"2025-04-03T07:33:34+00:00\",\"dateModified\":\"2025-04-25T10:14:18+00:00\",\"description\":\"Francoski zgodovinar Jean-Fran\u00e7ois Chemain v svoji knjigi raziskuje vpliv kr\u0161\u010danstva na oblikovanje zahodne civilizacije.\",\"breadcrumb\":{\"@id\":\"https:\/\/www.iskreni.net\/trgovina\/product\/krscanske-ideje-ki-so-pretresle-svet\/#breadcrumb\"},\"inLanguage\":\"sl-SI\",\"potentialAction\":[{\"@type\":\"ReadAction\",\"target\":[\"https:\/\/www.iskreni.net\/trgovina\/product\/krscanske-ideje-ki-so-pretresle-svet\/\"]}]},{\"@type\":\"ImageObject\",\"inLanguage\":\"sl-SI\",\"@id\":\"https:\/\/www.iskreni.net\/trgovina\/product\/krscanske-ideje-ki-so-pretresle-svet\/#primaryimage\",\"url\":\"https:\/\/www.iskreni.net\/trgovina\/wp-content\/uploads\/2025\/04\/krscanske-ideje.png\",\"contentUrl\":\"https:\/\/www.iskreni.net\/trgovina\/wp-content\/uploads\/2025\/04\/krscanske-ideje.png\",\"width\":913,\"height\":913,\"caption\":\"Kr\u0161\u010danske ideje, ki so pretresle svet\"},{\"@type\":\"BreadcrumbList\",\"@id\":\"https:\/\/www.iskreni.net\/trgovina\/product\/krscanske-ideje-ki-so-pretresle-svet\/#breadcrumb\",\"itemListElement\":[{\"@type\":\"ListItem\",\"position\":1,\"name\":\"Home\",\"item\":\"https:\/\/www.iskreni.net\/trgovina\/\"},{\"@type\":\"ListItem\",\"position\":2,\"name\":\"Trgovina\",\"item\":\"https:\/\/www.iskreni.net\/trgovina\/trgovina\/\"},{\"@type\":\"ListItem\",\"position\":3,\"name\":\"Kr\u0161\u010danske ideje, ki so pretresle svet\"}]},{\"@type\":\"WebSite\",\"@id\":\"https:\/\/www.iskreni.net\/trgovina\/#website\",\"url\":\"https:\/\/www.iskreni.net\/trgovina\/\",\"name\":\"Zavod Iskreni\",\"description\":\"trgovina\",\"potentialAction\":[{\"@type\":\"SearchAction\",\"target\":{\"@type\":\"EntryPoint\",\"urlTemplate\":\"https:\/\/www.iskreni.net\/trgovina\/?s={search_term_string}\"},\"query-input\":{\"@type\":\"PropertyValueSpecification\",\"valueRequired\":true,\"valueName\":\"search_term_string\"}}],\"inLanguage\":\"sl-SI\"}]}<\/script>\n<!-- \/ Yoast SEO plugin. -->","yoast_head_json":{"title":"Kr\u0161\u010danske ideje, ki so pretresle svet - trgovina Zavod Iskreni","description":"Francoski zgodovinar Jean-Fran\u00e7ois Chemain v svoji knjigi raziskuje vpliv kr\u0161\u010danstva na oblikovanje zahodne civilizacije.","robots":{"index":"index","follow":"follow","max-snippet":"max-snippet:-1","max-image-preview":"max-image-preview:large","max-video-preview":"max-video-preview:-1"},"canonical":"https:\/\/www.iskreni.net\/trgovina\/product\/krscanske-ideje-ki-so-pretresle-svet\/","og_locale":"sl_SI","og_type":"article","og_title":"Postanimo prijatelji Svetega Duha","og_description":"Francoski zgodovinar Jean-Fran\u00e7ois Chemain v svoji knjigi raziskuje vpliv kr\u0161\u010danstva na oblikovanje zahodne civilizacije.","og_url":"https:\/\/www.iskreni.net\/trgovina\/product\/krscanske-ideje-ki-so-pretresle-svet\/","og_site_name":"Zavod Iskreni","article_modified_time":"2025-04-25T10:14:18+00:00","og_image":[{"width":913,"height":913,"url":"https:\/\/www.iskreni.net\/trgovina\/wp-content\/uploads\/2025\/04\/krscanske-ideje.png","type":"image\/png"}],"twitter_card":"summary_large_image","twitter_misc":{"Est. reading time":"1 minuta"},"schema":{"@context":"https:\/\/schema.org","@graph":[{"@type":"WebPage","@id":"https:\/\/www.iskreni.net\/trgovina\/product\/krscanske-ideje-ki-so-pretresle-svet\/","url":"https:\/\/www.iskreni.net\/trgovina\/product\/krscanske-ideje-ki-so-pretresle-svet\/","name":"Kr\u0161\u010danske ideje, ki so pretresle svet - trgovina Zavod Iskreni","isPartOf":{"@id":"https:\/\/www.iskreni.net\/trgovina\/#website"},"primaryImageOfPage":{"@id":"https:\/\/www.iskreni.net\/trgovina\/product\/krscanske-ideje-ki-so-pretresle-svet\/#primaryimage"},"image":{"@id":"https:\/\/www.iskreni.net\/trgovina\/product\/krscanske-ideje-ki-so-pretresle-svet\/#primaryimage"},"thumbnailUrl":"https:\/\/www.iskreni.net\/trgovina\/wp-content\/uploads\/2025\/04\/krscanske-ideje.png","datePublished":"2025-04-03T07:33:34+00:00","dateModified":"2025-04-25T10:14:18+00:00","description":"Francoski zgodovinar Jean-Fran\u00e7ois Chemain v svoji knjigi raziskuje vpliv kr\u0161\u010danstva na oblikovanje zahodne civilizacije.","breadcrumb":{"@id":"https:\/\/www.iskreni.net\/trgovina\/product\/krscanske-ideje-ki-so-pretresle-svet\/#breadcrumb"},"inLanguage":"sl-SI","potentialAction":[{"@type":"ReadAction","target":["https:\/\/www.iskreni.net\/trgovina\/product\/krscanske-ideje-ki-so-pretresle-svet\/"]}]},{"@type":"ImageObject","inLanguage":"sl-SI","@id":"https:\/\/www.iskreni.net\/trgovina\/product\/krscanske-ideje-ki-so-pretresle-svet\/#primaryimage","url":"https:\/\/www.iskreni.net\/trgovina\/wp-content\/uploads\/2025\/04\/krscanske-ideje.png","contentUrl":"https:\/\/www.iskreni.net\/trgovina\/wp-content\/uploads\/2025\/04\/krscanske-ideje.png","width":913,"height":913,"caption":"Kr\u0161\u010danske ideje, ki so pretresle svet"},{"@type":"BreadcrumbList","@id":"https:\/\/www.iskreni.net\/trgovina\/product\/krscanske-ideje-ki-so-pretresle-svet\/#breadcrumb","itemListElement":[{"@type":"ListItem","position":1,"name":"Home","item":"https:\/\/www.iskreni.net\/trgovina\/"},{"@type":"ListItem","position":2,"name":"Trgovina","item":"https:\/\/www.iskreni.net\/trgovina\/trgovina\/"},{"@type":"ListItem","position":3,"name":"Kr\u0161\u010danske ideje, ki so pretresle svet"}]},{"@type":"WebSite","@id":"https:\/\/www.iskreni.net\/trgovina\/#website","url":"https:\/\/www.iskreni.net\/trgovina\/","name":"Zavod Iskreni","description":"trgovina","potentialAction":[{"@type":"SearchAction","target":{"@type":"EntryPoint","urlTemplate":"https:\/\/www.iskreni.net\/trgovina\/?s={search_term_string}"},"query-input":{"@type":"PropertyValueSpecification","valueRequired":true,"valueName":"search_term_string"}}],"inLanguage":"sl-SI"}]}},"_links":{"self":[{"href":"https:\/\/www.iskreni.net\/trgovina\/wp-json\/wp\/v2\/product\/86160","targetHints":{"allow":["GET"]}}],"collection":[{"href":"https:\/\/www.iskreni.net\/trgovina\/wp-json\/wp\/v2\/product"}],"about":[{"href":"https:\/\/www.iskreni.net\/trgovina\/wp-json\/wp\/v2\/types\/product"}],"replies":[{"embeddable":true,"href":"https:\/\/www.iskreni.net\/trgovina\/wp-json\/wp\/v2\/comments?post=86160"}],"version-history":[{"count":2,"href":"https:\/\/www.iskreni.net\/trgovina\/wp-json\/wp\/v2\/product\/86160\/revisions"}],"predecessor-version":[{"id":86164,"href":"https:\/\/www.iskreni.net\/trgovina\/wp-json\/wp\/v2\/product\/86160\/revisions\/86164"}],"wp:featuredmedia":[{"embeddable":true,"href":"https:\/\/www.iskreni.net\/trgovina\/wp-json\/wp\/v2\/media\/86161"}],"wp:attachment":[{"href":"https:\/\/www.iskreni.net\/trgovina\/wp-json\/wp\/v2\/media?parent=86160"}],"wp:term":[{"taxonomy":"product_brand","embeddable":true,"href":"https:\/\/www.iskreni.net\/trgovina\/wp-json\/wp\/v2\/product_brand?post=86160"},{"taxonomy":"product_cat","embeddable":true,"href":"https:\/\/www.iskreni.net\/trgovina\/wp-json\/wp\/v2\/product_cat?post=86160"},{"taxonomy":"product_tag","embeddable":true,"href":"https:\/\/www.iskreni.net\/trgovina\/wp-json\/wp\/v2\/product_tag?post=86160"},{"taxonomy":"avtor","embeddable":true,"href":"https:\/\/www.iskreni.net\/trgovina\/wp-json\/wp\/v2\/avtor?post=86160"},{"taxonomy":"zalozba","embeddable":true,"href":"https:\/\/www.iskreni.net\/trgovina\/wp-json\/wp\/v2\/zalozba?post=86160"},{"taxonomy":"vezava","embeddable":true,"href":"https:\/\/www.iskreni.net\/trgovina\/wp-json\/wp\/v2\/vezava?post=86160"}],"curies":[{"name":"wp","href":"https:\/\/api.w.org\/{rel}","templated":true}]}}