{"id":86150,"date":"2025-04-03T08:56:33","date_gmt":"2025-04-03T06:56:33","guid":{"rendered":"https:\/\/www.iskreni.net\/trgovina\/?post_type=product&#038;p=86150"},"modified":"2025-04-25T12:14:50","modified_gmt":"2025-04-25T10:14:50","slug":"medzugorje-resnicna-zgodba","status":"publish","type":"product","link":"https:\/\/www.iskreni.net\/trgovina\/product\/medzugorje-resnicna-zgodba\/","title":{"rendered":"Med\u017eugorje: resni\u010dna zgodba"},"content":{"rendered":"<h3 id=\"anchor-o-izdelku\" class=\"title\">O knjigi<\/h3>\n<div class=\"tab-description js-tab-singleProduct-description content-tab\">\n<p>Med\u017eugorje je knjiga italijanskega novinarja in pisatelja Saveria Gaete, ki razkriva doslej skrite podrobnosti o dogodkih, ki so zaznamovali zgodovino majhne vasice Med\u017eugorje v Bosni in Hercegovini, kjer se \u017ee od leta 1981 domnevno prikazuje Devica Marija. V tej obse\u017eni in temeljiti preiskavi se Gaeta posveti \u0161tevilnim virom, dokumentom in pri\u010devanjem, ki so jih oblasti in Cerkev dolgo \u010dasa motrile z distanco in skepti\u010dnostjo. V osr\u010dju knjige so poglobljeni intervjuji z vidci, pri\u010devanja doma\u010dinov ter strokovna mnenja teologov, psihologov in drugih raziskovalcev, ki osvetljujejo ozadje dogodkov in kompleksnost sporo\u010dil, ki naj bi jih Devica Marija posredovala prebivalcem.<\/p>\n<p>Skozi nepristranski in analiti\u010den pristop Gaeta razkrije, kako so se cerkvene in civilne oblasti odzvale na fenomen, ki privablja milijone romarjev z vsega sveta. Njegova raziskava postavlja pod vpra\u0161aj ustaljene predstave in odkriva zamol\u010dana dejstva ter manipulacije, ki so vplivale na tok dogodkov in percepcijo javnosti. Tako knjiga ne podaja le zgodbe o prikazovanjih in religiji, temve\u010d je globoko razmi\u0161ljanje o \u010dlove\u0161ki veri, dru\u017ebenih konfliktih ter boju med duhovnostjo in institucionalnimi mehanizmi. Namenjena je vsem, ki \u017eelijo razumeti skrite plasti tega svetovno znanega fenomena in si ustvariti lastno mnenje o eni najbolj intrigantnih skrivnostih sodobnega kr\u0161\u010danstva.<\/p>\n<h3><strong>O avtorju:<\/strong><\/h3>\n<p>Saverio Gaeta je italijanski novinar, pisatelj in strokovnjak za verske fenomene, ki se \u017ee desetletja ukvarja z raziskovanjem prikazovanj in kontroverznih verskih pojavov. Rodil se je leta 1958 v Neaplju, kasneje \u0161tudiral komunikologijo in se kmalu uveljavil kot novinar z mo\u010dno afiniteto do raziskovanja duhovnih in teolo\u0161kih vpra\u0161anj. Sodeloval je z uglednimi italijanskimi mediji, kot sta\u00a0<em>Avvenire<\/em>\u00a0in\u00a0<em>Famiglia Cristiana<\/em>, ter bil urednik pri reviji\u00a0<em>Jesus<\/em>. Poleg novinarskega dela je napisal ve\u010d kot dvajset knjig o verskih tematikah, med katerimi so \u0161tevilne posve\u010dene pojavom, kot so prikazovanja Device Marije v Fatimi, Lurdu in Med\u017eugorju. Njegova dela vklju\u010dujejo temeljite raziskave in analize verskih sporo\u010dil, ki jih je s svojo poglobljeno obravnavo pribli\u017eal \u0161ir\u0161i javnosti.<\/p>\n<p><strong>Ve\u010d o duhovnih pojavih v Med\u017eugorju<\/strong>\u00a0si preberite v\u00a0<a href=\"https:\/\/www.druzina.si\/knjiga\/cd-175-dikasterij-za-nauk-vere-pravila\" target=\"_blank\" rel=\"noopener\">Cerkvenem dokumentu \u0161t. 175<\/a>\u00a0z naslovom\u00a0<em>Pravila za postopke razlo\u010devanja domnevno nadnaravnih pojavov &amp; Kraljica miru \u2013 Navodilo o duhovni izku\u0161nji, povezani z Med\u017eugorjem<\/em>.<\/p>\n<h3>Odlomek:<\/h3>\n<div class=\"main__inner container\">\n<div class=\"main__page main__page--breadcrumbs\">\n<div class=\"page\">\n<div class=\"single-product\">\n<div id=\"product-22774-description\" class=\"single-product__content\">\n<section class=\"single-product__accordions\">\n<div class=\"product-content col-span-9\">\n<div class=\"tab-description js-tab-singleProduct-description content-tab\">\n<blockquote><p>Pri\u0161el je \u010das, da sklenemo dolgo in zapleteno vpra\u0161anje o duhovnih pojavih v Med\u017eugorju. V zvezi s tem vpra\u0161anjem so si sledila razli\u010dna mnenja \u0161kofov, teologov, komisij in analitikov. Zaklju\u010dki, izra\u017eeni v tem navodilu, so postavljeni v okvir tega, kar je dolo\u010deno v veljavnih\u00a0<em>Pravilih za razlo\u010devanje domnevno nadnaravnih pojavov<\/em>. Dikasterij za nauk vere, 19. maj 2024<\/p>\n<p>&nbsp;<\/p><\/blockquote>\n<\/div>\n<\/div>\n<\/section>\n<\/div>\n<\/div>\n<\/div>\n<\/div>\n<\/div>\n<p>&nbsp;<\/p>\n<\/div>\n","protected":false},"excerpt":{"rendered":"<p><strong>\u0160tevilo strani:<\/strong> 246<br \/>\n<strong>Format:<\/strong> 140 x 210 mm<br \/>\n<strong>Leto izdaje:<\/strong> 2025<\/p>\n<h5><\/h5>\n","protected":false},"featured_media":86151,"comment_status":"open","ping_status":"closed","template":"","meta":[],"product_brand":[],"product_cat":[2325,63],"product_tag":[2989,2991,2990,1765,2070],"avtor":[2988],"zalozba":[2311],"vezava":[],"class_list":{"0":"post-86150","1":"product","2":"type-product","3":"status-publish","4":"has-post-thumbnail","6":"product_cat-leposlovje","7":"product_cat-knjige","8":"product_tag-cerkev","9":"product_tag-medzugorje","10":"product_tag-prikazovanja","11":"product_tag-vera","12":"product_tag-zgodovina","13":"avtor-saverio-gaeta","14":"zalozba-druzina","16":"first","17":"instock","18":"taxable","19":"shipping-taxable","20":"purchasable","21":"product-type-simple"},"yoast_head":"<!-- This site is optimized with the Yoast SEO plugin v26.3 - https:\/\/yoast.com\/wordpress\/plugins\/seo\/ -->\n<title>Med\u017eugorje: resni\u010dna zgodba - trgovina Zavod Iskreni<\/title>\n<meta name=\"description\" content=\"Knjiga italijanskega novinarja in pisatelja Saveria Gaete, ki razkriva podrobnosti o dogodkih, ki so zaznamovali zgodovino majhne vasice v Bosni...\" \/>\n<meta name=\"robots\" content=\"index, follow, max-snippet:-1, max-image-preview:large, max-video-preview:-1\" \/>\n<link rel=\"canonical\" href=\"https:\/\/www.iskreni.net\/trgovina\/product\/medzugorje-resnicna-zgodba\/\" \/>\n<meta property=\"og:locale\" content=\"sl_SI\" \/>\n<meta property=\"og:type\" content=\"article\" \/>\n<meta property=\"og:title\" content=\"Postanimo prijatelji Svetega Duha\" \/>\n<meta property=\"og:description\" content=\"Knjiga italijanskega novinarja in pisatelja Saveria Gaete, ki razkriva podrobnosti o dogodkih, ki so zaznamovali zgodovino majhne vasice v Bosni...\" \/>\n<meta property=\"og:url\" content=\"https:\/\/www.iskreni.net\/trgovina\/product\/medzugorje-resnicna-zgodba\/\" \/>\n<meta property=\"og:site_name\" content=\"Zavod Iskreni\" \/>\n<meta property=\"article:modified_time\" content=\"2025-04-25T10:14:50+00:00\" \/>\n<meta property=\"og:image\" content=\"https:\/\/www.iskreni.net\/trgovina\/wp-content\/uploads\/2025\/04\/MEDZUGORJE-Resnicna-zgodba.png\" \/>\n\t<meta property=\"og:image:width\" content=\"911\" \/>\n\t<meta property=\"og:image:height\" content=\"911\" \/>\n\t<meta property=\"og:image:type\" content=\"image\/png\" \/>\n<meta name=\"twitter:card\" content=\"summary_large_image\" \/>\n<meta name=\"twitter:label1\" content=\"Est. reading time\" \/>\n\t<meta name=\"twitter:data1\" content=\"3 minute\" \/>\n<script type=\"application\/ld+json\" class=\"yoast-schema-graph\">{\"@context\":\"https:\/\/schema.org\",\"@graph\":[{\"@type\":\"WebPage\",\"@id\":\"https:\/\/www.iskreni.net\/trgovina\/product\/medzugorje-resnicna-zgodba\/\",\"url\":\"https:\/\/www.iskreni.net\/trgovina\/product\/medzugorje-resnicna-zgodba\/\",\"name\":\"Med\u017eugorje: resni\u010dna zgodba - trgovina Zavod Iskreni\",\"isPartOf\":{\"@id\":\"https:\/\/www.iskreni.net\/trgovina\/#website\"},\"primaryImageOfPage\":{\"@id\":\"https:\/\/www.iskreni.net\/trgovina\/product\/medzugorje-resnicna-zgodba\/#primaryimage\"},\"image\":{\"@id\":\"https:\/\/www.iskreni.net\/trgovina\/product\/medzugorje-resnicna-zgodba\/#primaryimage\"},\"thumbnailUrl\":\"https:\/\/www.iskreni.net\/trgovina\/wp-content\/uploads\/2025\/04\/MEDZUGORJE-Resnicna-zgodba.png\",\"datePublished\":\"2025-04-03T06:56:33+00:00\",\"dateModified\":\"2025-04-25T10:14:50+00:00\",\"description\":\"Knjiga italijanskega novinarja in pisatelja Saveria Gaete, ki razkriva podrobnosti o dogodkih, ki so zaznamovali zgodovino majhne vasice v Bosni...\",\"breadcrumb\":{\"@id\":\"https:\/\/www.iskreni.net\/trgovina\/product\/medzugorje-resnicna-zgodba\/#breadcrumb\"},\"inLanguage\":\"sl-SI\",\"potentialAction\":[{\"@type\":\"ReadAction\",\"target\":[\"https:\/\/www.iskreni.net\/trgovina\/product\/medzugorje-resnicna-zgodba\/\"]}]},{\"@type\":\"ImageObject\",\"inLanguage\":\"sl-SI\",\"@id\":\"https:\/\/www.iskreni.net\/trgovina\/product\/medzugorje-resnicna-zgodba\/#primaryimage\",\"url\":\"https:\/\/www.iskreni.net\/trgovina\/wp-content\/uploads\/2025\/04\/MEDZUGORJE-Resnicna-zgodba.png\",\"contentUrl\":\"https:\/\/www.iskreni.net\/trgovina\/wp-content\/uploads\/2025\/04\/MEDZUGORJE-Resnicna-zgodba.png\",\"width\":911,\"height\":911,\"caption\":\"Medjugorje - resni\u010dna zgodba\"},{\"@type\":\"BreadcrumbList\",\"@id\":\"https:\/\/www.iskreni.net\/trgovina\/product\/medzugorje-resnicna-zgodba\/#breadcrumb\",\"itemListElement\":[{\"@type\":\"ListItem\",\"position\":1,\"name\":\"Home\",\"item\":\"https:\/\/www.iskreni.net\/trgovina\/\"},{\"@type\":\"ListItem\",\"position\":2,\"name\":\"Trgovina\",\"item\":\"https:\/\/www.iskreni.net\/trgovina\/trgovina\/\"},{\"@type\":\"ListItem\",\"position\":3,\"name\":\"Med\u017eugorje: resni\u010dna zgodba\"}]},{\"@type\":\"WebSite\",\"@id\":\"https:\/\/www.iskreni.net\/trgovina\/#website\",\"url\":\"https:\/\/www.iskreni.net\/trgovina\/\",\"name\":\"Zavod Iskreni\",\"description\":\"trgovina\",\"potentialAction\":[{\"@type\":\"SearchAction\",\"target\":{\"@type\":\"EntryPoint\",\"urlTemplate\":\"https:\/\/www.iskreni.net\/trgovina\/?s={search_term_string}\"},\"query-input\":{\"@type\":\"PropertyValueSpecification\",\"valueRequired\":true,\"valueName\":\"search_term_string\"}}],\"inLanguage\":\"sl-SI\"}]}<\/script>\n<!-- \/ Yoast SEO plugin. -->","yoast_head_json":{"title":"Med\u017eugorje: resni\u010dna zgodba - trgovina Zavod Iskreni","description":"Knjiga italijanskega novinarja in pisatelja Saveria Gaete, ki razkriva podrobnosti o dogodkih, ki so zaznamovali zgodovino majhne vasice v Bosni...","robots":{"index":"index","follow":"follow","max-snippet":"max-snippet:-1","max-image-preview":"max-image-preview:large","max-video-preview":"max-video-preview:-1"},"canonical":"https:\/\/www.iskreni.net\/trgovina\/product\/medzugorje-resnicna-zgodba\/","og_locale":"sl_SI","og_type":"article","og_title":"Postanimo prijatelji Svetega Duha","og_description":"Knjiga italijanskega novinarja in pisatelja Saveria Gaete, ki razkriva podrobnosti o dogodkih, ki so zaznamovali zgodovino majhne vasice v Bosni...","og_url":"https:\/\/www.iskreni.net\/trgovina\/product\/medzugorje-resnicna-zgodba\/","og_site_name":"Zavod Iskreni","article_modified_time":"2025-04-25T10:14:50+00:00","og_image":[{"width":911,"height":911,"url":"https:\/\/www.iskreni.net\/trgovina\/wp-content\/uploads\/2025\/04\/MEDZUGORJE-Resnicna-zgodba.png","type":"image\/png"}],"twitter_card":"summary_large_image","twitter_misc":{"Est. reading time":"3 minute"},"schema":{"@context":"https:\/\/schema.org","@graph":[{"@type":"WebPage","@id":"https:\/\/www.iskreni.net\/trgovina\/product\/medzugorje-resnicna-zgodba\/","url":"https:\/\/www.iskreni.net\/trgovina\/product\/medzugorje-resnicna-zgodba\/","name":"Med\u017eugorje: resni\u010dna zgodba - trgovina Zavod Iskreni","isPartOf":{"@id":"https:\/\/www.iskreni.net\/trgovina\/#website"},"primaryImageOfPage":{"@id":"https:\/\/www.iskreni.net\/trgovina\/product\/medzugorje-resnicna-zgodba\/#primaryimage"},"image":{"@id":"https:\/\/www.iskreni.net\/trgovina\/product\/medzugorje-resnicna-zgodba\/#primaryimage"},"thumbnailUrl":"https:\/\/www.iskreni.net\/trgovina\/wp-content\/uploads\/2025\/04\/MEDZUGORJE-Resnicna-zgodba.png","datePublished":"2025-04-03T06:56:33+00:00","dateModified":"2025-04-25T10:14:50+00:00","description":"Knjiga italijanskega novinarja in pisatelja Saveria Gaete, ki razkriva podrobnosti o dogodkih, ki so zaznamovali zgodovino majhne vasice v Bosni...","breadcrumb":{"@id":"https:\/\/www.iskreni.net\/trgovina\/product\/medzugorje-resnicna-zgodba\/#breadcrumb"},"inLanguage":"sl-SI","potentialAction":[{"@type":"ReadAction","target":["https:\/\/www.iskreni.net\/trgovina\/product\/medzugorje-resnicna-zgodba\/"]}]},{"@type":"ImageObject","inLanguage":"sl-SI","@id":"https:\/\/www.iskreni.net\/trgovina\/product\/medzugorje-resnicna-zgodba\/#primaryimage","url":"https:\/\/www.iskreni.net\/trgovina\/wp-content\/uploads\/2025\/04\/MEDZUGORJE-Resnicna-zgodba.png","contentUrl":"https:\/\/www.iskreni.net\/trgovina\/wp-content\/uploads\/2025\/04\/MEDZUGORJE-Resnicna-zgodba.png","width":911,"height":911,"caption":"Medjugorje - resni\u010dna zgodba"},{"@type":"BreadcrumbList","@id":"https:\/\/www.iskreni.net\/trgovina\/product\/medzugorje-resnicna-zgodba\/#breadcrumb","itemListElement":[{"@type":"ListItem","position":1,"name":"Home","item":"https:\/\/www.iskreni.net\/trgovina\/"},{"@type":"ListItem","position":2,"name":"Trgovina","item":"https:\/\/www.iskreni.net\/trgovina\/trgovina\/"},{"@type":"ListItem","position":3,"name":"Med\u017eugorje: resni\u010dna zgodba"}]},{"@type":"WebSite","@id":"https:\/\/www.iskreni.net\/trgovina\/#website","url":"https:\/\/www.iskreni.net\/trgovina\/","name":"Zavod Iskreni","description":"trgovina","potentialAction":[{"@type":"SearchAction","target":{"@type":"EntryPoint","urlTemplate":"https:\/\/www.iskreni.net\/trgovina\/?s={search_term_string}"},"query-input":{"@type":"PropertyValueSpecification","valueRequired":true,"valueName":"search_term_string"}}],"inLanguage":"sl-SI"}]}},"_links":{"self":[{"href":"https:\/\/www.iskreni.net\/trgovina\/wp-json\/wp\/v2\/product\/86150","targetHints":{"allow":["GET"]}}],"collection":[{"href":"https:\/\/www.iskreni.net\/trgovina\/wp-json\/wp\/v2\/product"}],"about":[{"href":"https:\/\/www.iskreni.net\/trgovina\/wp-json\/wp\/v2\/types\/product"}],"replies":[{"embeddable":true,"href":"https:\/\/www.iskreni.net\/trgovina\/wp-json\/wp\/v2\/comments?post=86150"}],"version-history":[{"count":4,"href":"https:\/\/www.iskreni.net\/trgovina\/wp-json\/wp\/v2\/product\/86150\/revisions"}],"predecessor-version":[{"id":86543,"href":"https:\/\/www.iskreni.net\/trgovina\/wp-json\/wp\/v2\/product\/86150\/revisions\/86543"}],"wp:featuredmedia":[{"embeddable":true,"href":"https:\/\/www.iskreni.net\/trgovina\/wp-json\/wp\/v2\/media\/86151"}],"wp:attachment":[{"href":"https:\/\/www.iskreni.net\/trgovina\/wp-json\/wp\/v2\/media?parent=86150"}],"wp:term":[{"taxonomy":"product_brand","embeddable":true,"href":"https:\/\/www.iskreni.net\/trgovina\/wp-json\/wp\/v2\/product_brand?post=86150"},{"taxonomy":"product_cat","embeddable":true,"href":"https:\/\/www.iskreni.net\/trgovina\/wp-json\/wp\/v2\/product_cat?post=86150"},{"taxonomy":"product_tag","embeddable":true,"href":"https:\/\/www.iskreni.net\/trgovina\/wp-json\/wp\/v2\/product_tag?post=86150"},{"taxonomy":"avtor","embeddable":true,"href":"https:\/\/www.iskreni.net\/trgovina\/wp-json\/wp\/v2\/avtor?post=86150"},{"taxonomy":"zalozba","embeddable":true,"href":"https:\/\/www.iskreni.net\/trgovina\/wp-json\/wp\/v2\/zalozba?post=86150"},{"taxonomy":"vezava","embeddable":true,"href":"https:\/\/www.iskreni.net\/trgovina\/wp-json\/wp\/v2\/vezava?post=86150"}],"curies":[{"name":"wp","href":"https:\/\/api.w.org\/{rel}","templated":true}]}}