{"id":86049,"date":"2025-03-28T09:36:30","date_gmt":"2025-03-28T08:36:30","guid":{"rendered":"https:\/\/www.iskreni.net\/trgovina\/?post_type=product&#038;p=86049"},"modified":"2025-04-16T09:12:54","modified_gmt":"2025-04-16T07:12:54","slug":"s-polzevo-hitrostjo","status":"publish","type":"product","link":"https:\/\/www.iskreni.net\/trgovina\/product\/s-polzevo-hitrostjo\/","title":{"rendered":"S pol\u017eevo hitrostjo"},"content":{"rendered":"<h3 class=\"ie-h2 tw-pb-5 tw-font-bold\"><strong>O knjigi<\/strong><\/h3>\n<p data-end=\"910\" data-start=\"553\"><strong data-end=\"608\" data-start=\"553\">Knjiga\u00a0<em data-end=\"583\" data-start=\"562\">S pol\u017eevo hitrostjo<\/em>\u00a0avtorja Maurizia Botte<\/strong>\u00a0je navdihujo\u010d\u00a0<strong data-end=\"641\" data-start=\"623\">duhovni vodnik<\/strong>\u00a0za vse, ki si \u017eelite ustaviti tempo \u017eivljenja in znova odkriti\u00a0<strong data-end=\"729\" data-start=\"705\">sre\u010do v preprostosti<\/strong>. V svetu, kjer prevladuje hitenje, nas avtor s petimi poglobljenimi\u00a0<strong data-end=\"814\" data-start=\"798\">meditacijami<\/strong>\u00a0u\u010di, kako se nau\u010diti\u00a0<strong data-end=\"856\" data-start=\"836\">\u017eiveti po\u010dasneje<\/strong>, najti\u00a0<strong data-end=\"878\" data-start=\"864\">ravnovesje<\/strong>\u00a0ter prisluhniti sebi in naravi.<\/p>\n<p data-end=\"1181\" data-start=\"912\">Knjiga nas spodbuja, da se ustavimo, zadihamo in si dovolimo\u00a0<strong data-end=\"992\" data-start=\"973\">trenutke ti\u0161ine<\/strong>, ki so klju\u010dni za duhovno rast. Ob branju se boste vpra\u0161ali, kdaj ste se nazadnje ustavili, ob\u010dudovali lepoto umetnosti, za\u010dutili mo\u010d petja ali se preprosto prepustili\u00a0<strong data-end=\"1180\" data-start=\"1161\">radosti bivanja<\/strong>.<\/p>\n<p data-end=\"1318\" data-start=\"1183\">V svetu, ki nas potiska v stalno hitenje, nas\u00a0<strong data-end=\"1237\" data-start=\"1229\">pol\u017e<\/strong>\u00a0spominja, da je\u00a0<strong data-end=\"1268\" data-start=\"1254\">umirjenost<\/strong>\u00a0pot k sre\u010dnej\u0161emu in bolj izpolnjenemu \u017eivljenju.<\/p>\n<p>Ustavimo se za trenutek. Zdaj pa pomislimo, kako pogosto se znajdemo tako preobremenjeni z dol\u017enostmi in roki, s potrebo po tem, da smo vedno na voljo in na pravi poti, da pozabimo zadihati, posvetiti \u010das sebi. Kolikokrat torej ne poskrbimo, da bi na\u0161li pravo ravnovesje med hitrostjo in po\u010dasnostjo, si ne dovolimo trenutkov ti\u0161ine in dolgo\u010dasja, dveh dimenzij, ki se ju tako bojimo, a sta tako potrebni in neizogibni? Kdaj smo se nazadnje ustavili, da bi razmi\u0161ljali o svoji sre\u010di, da bi razmi\u0161ljali o \u010dudesih okoli in v nas, o lepoti umetnosti, starodavni mo\u010di petja, polnosti \u010distosti, ki pomeni osvoboditev od posesti v vsakem odnosu, tako v ljubezni kot v prijateljstvu? V trpe\u010dem svetu, v katerem se je \u010dlovek postavil nad vsa bitja, bi se morali s poni\u017enostjo u\u010diti od malega pol\u017ea, kako delovati v skladu z naravnim ritmom, ga ponovno odkriti, mu prisluhniti in ga spo\u0161tovati. Vabljeni na pot \u2013 s pol\u017eevo hitrostjo \u2026<\/p>\n<h3><strong>O avtorju:<\/strong><\/h3>\n<p>Maurizio Botta je za\u010del svojo pisateljsko pot z uspehom cikla petih katehez. Mladi duhovnik nas s sodobnim pogledom na svet z rahlo\u010dutnostjo in iskrenostjo vabi k meditaciji o vidikih vsakdanjega \u017eivljenja, ki so pogosto samoumevni, vendar temeljni za ponovno pridobitev prostora spokojnosti v blaznosti na\u0161ega \u010dasa.<\/p>\n<h3><strong>Odlomek:<\/strong><\/h3>\n<section class=\"single-product__accordions\">\n<div class=\"product-content col-span-9\">\n<div class=\"tab-description js-tab-singleProduct-description content-tab\">\n<blockquote><p>Modrost srca pomeni znati \u0161teti dneve, mi pa ho\u010demo z vso hitrostjo drveti naprej, kljub reku, ki pravi, da tisti, ki hiti, prej pride do groba. Pol\u017e se svojih poti loteva po\u010dasi, a nikoli leno. Prav tako naglica ne pomeni nujno, da se nam zares mudi. Tako kot je lenoba izkrivljenje po\u010dasnosti, sta naglica in vznemirjenost izkrivljenje hitrosti. Lahko re\u010demo, da hitenje in vznemirjenje hodita v\u0161tric z lenobo, medtem ko se umirjenost in potrpe\u017eljivost povsem skladata s hitrostjo.<\/p><\/blockquote>\n<\/div>\n<\/div>\n<\/section>\n<section class=\"single-product__tabs\">\n<div class=\"top-8\">\n<section class=\"product-list-similar product-list slider\">\n<div class=\"description\"><\/div>\n<\/section>\n<\/div>\n<\/section>\n","protected":false},"excerpt":{"rendered":"<div><strong>\u0160tevilo strani:<\/strong> 144<br \/>\n<strong>Format:<\/strong> 140 x 210 mm<br \/>\n<strong>Leto izdaje:<\/strong> 2025<\/p>\n<h5><a href=\"https:\/\/www.iskreni.net\/trgovina\/wp-content\/uploads\/2025\/03\/s-polzevo-hitrostjo-vzorcne-strani.pdf\">Prelistaj knjigo<\/a><\/h5>\n<\/div>\n","protected":false},"featured_media":86052,"comment_status":"open","ping_status":"closed","template":"","meta":[],"product_brand":[],"product_cat":[2324,63],"product_tag":[2986,1061,1633],"avtor":[2987],"zalozba":[2311],"vezava":[],"class_list":{"0":"post-86049","1":"product","2":"type-product","3":"status-publish","4":"has-post-thumbnail","6":"product_cat-duhovnost-in-osebna-rast","7":"product_cat-knjige","8":"product_tag-custva","9":"product_tag-duhovna-rast","10":"product_tag-prirocnik","11":"avtor-maurizio-botta","12":"zalozba-druzina","14":"first","15":"onbackorder","16":"taxable","17":"shipping-taxable","18":"purchasable","19":"product-type-simple"},"yoast_head":"<!-- This site is optimized with the Yoast SEO plugin v26.3 - https:\/\/yoast.com\/wordpress\/plugins\/seo\/ -->\n<title>S pol\u017eevo hitrostjo - trgovina Zavod Iskreni<\/title>\n<meta name=\"description\" content=\"Ljubezen ni odvisna od vedenja \u2013 otroka imamo radi takega, kot je! Slikanica, ki spodbuja brezpogojno sprejemanje vseh \u010dustev.\" \/>\n<meta name=\"robots\" content=\"index, follow, max-snippet:-1, max-image-preview:large, max-video-preview:-1\" \/>\n<link rel=\"canonical\" href=\"https:\/\/www.iskreni.net\/trgovina\/product\/s-polzevo-hitrostjo\/\" \/>\n<meta property=\"og:locale\" content=\"sl_SI\" \/>\n<meta property=\"og:type\" content=\"article\" \/>\n<meta property=\"og:title\" content=\"Postanimo prijatelji Svetega Duha\" \/>\n<meta property=\"og:description\" content=\"Ljubezen ni odvisna od vedenja \u2013 otroka imamo radi takega, kot je! Slikanica, ki spodbuja brezpogojno sprejemanje vseh \u010dustev.\" \/>\n<meta property=\"og:url\" content=\"https:\/\/www.iskreni.net\/trgovina\/product\/s-polzevo-hitrostjo\/\" \/>\n<meta property=\"og:site_name\" content=\"Zavod Iskreni\" \/>\n<meta property=\"article:modified_time\" content=\"2025-04-16T07:12:54+00:00\" \/>\n<meta property=\"og:image\" content=\"https:\/\/www.iskreni.net\/trgovina\/wp-content\/uploads\/2025\/03\/s-polzevo-hitrostjo.png\" \/>\n\t<meta property=\"og:image:width\" content=\"907\" \/>\n\t<meta property=\"og:image:height\" content=\"907\" \/>\n\t<meta property=\"og:image:type\" content=\"image\/png\" \/>\n<meta name=\"twitter:card\" content=\"summary_large_image\" \/>\n<meta name=\"twitter:label1\" content=\"Est. reading time\" \/>\n\t<meta name=\"twitter:data1\" content=\"2 minuti\" \/>\n<script type=\"application\/ld+json\" class=\"yoast-schema-graph\">{\"@context\":\"https:\/\/schema.org\",\"@graph\":[{\"@type\":\"WebPage\",\"@id\":\"https:\/\/www.iskreni.net\/trgovina\/product\/s-polzevo-hitrostjo\/\",\"url\":\"https:\/\/www.iskreni.net\/trgovina\/product\/s-polzevo-hitrostjo\/\",\"name\":\"S pol\u017eevo hitrostjo - trgovina Zavod Iskreni\",\"isPartOf\":{\"@id\":\"https:\/\/www.iskreni.net\/trgovina\/#website\"},\"primaryImageOfPage\":{\"@id\":\"https:\/\/www.iskreni.net\/trgovina\/product\/s-polzevo-hitrostjo\/#primaryimage\"},\"image\":{\"@id\":\"https:\/\/www.iskreni.net\/trgovina\/product\/s-polzevo-hitrostjo\/#primaryimage\"},\"thumbnailUrl\":\"https:\/\/www.iskreni.net\/trgovina\/wp-content\/uploads\/2025\/03\/s-polzevo-hitrostjo.png\",\"datePublished\":\"2025-03-28T08:36:30+00:00\",\"dateModified\":\"2025-04-16T07:12:54+00:00\",\"description\":\"Ljubezen ni odvisna od vedenja \u2013 otroka imamo radi takega, kot je! Slikanica, ki spodbuja brezpogojno sprejemanje vseh \u010dustev.\",\"breadcrumb\":{\"@id\":\"https:\/\/www.iskreni.net\/trgovina\/product\/s-polzevo-hitrostjo\/#breadcrumb\"},\"inLanguage\":\"sl-SI\",\"potentialAction\":[{\"@type\":\"ReadAction\",\"target\":[\"https:\/\/www.iskreni.net\/trgovina\/product\/s-polzevo-hitrostjo\/\"]}]},{\"@type\":\"ImageObject\",\"inLanguage\":\"sl-SI\",\"@id\":\"https:\/\/www.iskreni.net\/trgovina\/product\/s-polzevo-hitrostjo\/#primaryimage\",\"url\":\"https:\/\/www.iskreni.net\/trgovina\/wp-content\/uploads\/2025\/03\/s-polzevo-hitrostjo.png\",\"contentUrl\":\"https:\/\/www.iskreni.net\/trgovina\/wp-content\/uploads\/2025\/03\/s-polzevo-hitrostjo.png\",\"width\":907,\"height\":907,\"caption\":\"S pol\u017eevo hitrostjo\"},{\"@type\":\"BreadcrumbList\",\"@id\":\"https:\/\/www.iskreni.net\/trgovina\/product\/s-polzevo-hitrostjo\/#breadcrumb\",\"itemListElement\":[{\"@type\":\"ListItem\",\"position\":1,\"name\":\"Home\",\"item\":\"https:\/\/www.iskreni.net\/trgovina\/\"},{\"@type\":\"ListItem\",\"position\":2,\"name\":\"Trgovina\",\"item\":\"https:\/\/www.iskreni.net\/trgovina\/trgovina\/\"},{\"@type\":\"ListItem\",\"position\":3,\"name\":\"S pol\u017eevo hitrostjo\"}]},{\"@type\":\"WebSite\",\"@id\":\"https:\/\/www.iskreni.net\/trgovina\/#website\",\"url\":\"https:\/\/www.iskreni.net\/trgovina\/\",\"name\":\"Zavod Iskreni\",\"description\":\"trgovina\",\"potentialAction\":[{\"@type\":\"SearchAction\",\"target\":{\"@type\":\"EntryPoint\",\"urlTemplate\":\"https:\/\/www.iskreni.net\/trgovina\/?s={search_term_string}\"},\"query-input\":{\"@type\":\"PropertyValueSpecification\",\"valueRequired\":true,\"valueName\":\"search_term_string\"}}],\"inLanguage\":\"sl-SI\"}]}<\/script>\n<!-- \/ Yoast SEO plugin. -->","yoast_head_json":{"title":"S pol\u017eevo hitrostjo - trgovina Zavod Iskreni","description":"Ljubezen ni odvisna od vedenja \u2013 otroka imamo radi takega, kot je! Slikanica, ki spodbuja brezpogojno sprejemanje vseh \u010dustev.","robots":{"index":"index","follow":"follow","max-snippet":"max-snippet:-1","max-image-preview":"max-image-preview:large","max-video-preview":"max-video-preview:-1"},"canonical":"https:\/\/www.iskreni.net\/trgovina\/product\/s-polzevo-hitrostjo\/","og_locale":"sl_SI","og_type":"article","og_title":"Postanimo prijatelji Svetega Duha","og_description":"Ljubezen ni odvisna od vedenja \u2013 otroka imamo radi takega, kot je! Slikanica, ki spodbuja brezpogojno sprejemanje vseh \u010dustev.","og_url":"https:\/\/www.iskreni.net\/trgovina\/product\/s-polzevo-hitrostjo\/","og_site_name":"Zavod Iskreni","article_modified_time":"2025-04-16T07:12:54+00:00","og_image":[{"width":907,"height":907,"url":"https:\/\/www.iskreni.net\/trgovina\/wp-content\/uploads\/2025\/03\/s-polzevo-hitrostjo.png","type":"image\/png"}],"twitter_card":"summary_large_image","twitter_misc":{"Est. reading time":"2 minuti"},"schema":{"@context":"https:\/\/schema.org","@graph":[{"@type":"WebPage","@id":"https:\/\/www.iskreni.net\/trgovina\/product\/s-polzevo-hitrostjo\/","url":"https:\/\/www.iskreni.net\/trgovina\/product\/s-polzevo-hitrostjo\/","name":"S pol\u017eevo hitrostjo - trgovina Zavod Iskreni","isPartOf":{"@id":"https:\/\/www.iskreni.net\/trgovina\/#website"},"primaryImageOfPage":{"@id":"https:\/\/www.iskreni.net\/trgovina\/product\/s-polzevo-hitrostjo\/#primaryimage"},"image":{"@id":"https:\/\/www.iskreni.net\/trgovina\/product\/s-polzevo-hitrostjo\/#primaryimage"},"thumbnailUrl":"https:\/\/www.iskreni.net\/trgovina\/wp-content\/uploads\/2025\/03\/s-polzevo-hitrostjo.png","datePublished":"2025-03-28T08:36:30+00:00","dateModified":"2025-04-16T07:12:54+00:00","description":"Ljubezen ni odvisna od vedenja \u2013 otroka imamo radi takega, kot je! Slikanica, ki spodbuja brezpogojno sprejemanje vseh \u010dustev.","breadcrumb":{"@id":"https:\/\/www.iskreni.net\/trgovina\/product\/s-polzevo-hitrostjo\/#breadcrumb"},"inLanguage":"sl-SI","potentialAction":[{"@type":"ReadAction","target":["https:\/\/www.iskreni.net\/trgovina\/product\/s-polzevo-hitrostjo\/"]}]},{"@type":"ImageObject","inLanguage":"sl-SI","@id":"https:\/\/www.iskreni.net\/trgovina\/product\/s-polzevo-hitrostjo\/#primaryimage","url":"https:\/\/www.iskreni.net\/trgovina\/wp-content\/uploads\/2025\/03\/s-polzevo-hitrostjo.png","contentUrl":"https:\/\/www.iskreni.net\/trgovina\/wp-content\/uploads\/2025\/03\/s-polzevo-hitrostjo.png","width":907,"height":907,"caption":"S pol\u017eevo hitrostjo"},{"@type":"BreadcrumbList","@id":"https:\/\/www.iskreni.net\/trgovina\/product\/s-polzevo-hitrostjo\/#breadcrumb","itemListElement":[{"@type":"ListItem","position":1,"name":"Home","item":"https:\/\/www.iskreni.net\/trgovina\/"},{"@type":"ListItem","position":2,"name":"Trgovina","item":"https:\/\/www.iskreni.net\/trgovina\/trgovina\/"},{"@type":"ListItem","position":3,"name":"S pol\u017eevo hitrostjo"}]},{"@type":"WebSite","@id":"https:\/\/www.iskreni.net\/trgovina\/#website","url":"https:\/\/www.iskreni.net\/trgovina\/","name":"Zavod Iskreni","description":"trgovina","potentialAction":[{"@type":"SearchAction","target":{"@type":"EntryPoint","urlTemplate":"https:\/\/www.iskreni.net\/trgovina\/?s={search_term_string}"},"query-input":{"@type":"PropertyValueSpecification","valueRequired":true,"valueName":"search_term_string"}}],"inLanguage":"sl-SI"}]}},"_links":{"self":[{"href":"https:\/\/www.iskreni.net\/trgovina\/wp-json\/wp\/v2\/product\/86049","targetHints":{"allow":["GET"]}}],"collection":[{"href":"https:\/\/www.iskreni.net\/trgovina\/wp-json\/wp\/v2\/product"}],"about":[{"href":"https:\/\/www.iskreni.net\/trgovina\/wp-json\/wp\/v2\/types\/product"}],"replies":[{"embeddable":true,"href":"https:\/\/www.iskreni.net\/trgovina\/wp-json\/wp\/v2\/comments?post=86049"}],"version-history":[{"count":4,"href":"https:\/\/www.iskreni.net\/trgovina\/wp-json\/wp\/v2\/product\/86049\/revisions"}],"predecessor-version":[{"id":86056,"href":"https:\/\/www.iskreni.net\/trgovina\/wp-json\/wp\/v2\/product\/86049\/revisions\/86056"}],"wp:featuredmedia":[{"embeddable":true,"href":"https:\/\/www.iskreni.net\/trgovina\/wp-json\/wp\/v2\/media\/86052"}],"wp:attachment":[{"href":"https:\/\/www.iskreni.net\/trgovina\/wp-json\/wp\/v2\/media?parent=86049"}],"wp:term":[{"taxonomy":"product_brand","embeddable":true,"href":"https:\/\/www.iskreni.net\/trgovina\/wp-json\/wp\/v2\/product_brand?post=86049"},{"taxonomy":"product_cat","embeddable":true,"href":"https:\/\/www.iskreni.net\/trgovina\/wp-json\/wp\/v2\/product_cat?post=86049"},{"taxonomy":"product_tag","embeddable":true,"href":"https:\/\/www.iskreni.net\/trgovina\/wp-json\/wp\/v2\/product_tag?post=86049"},{"taxonomy":"avtor","embeddable":true,"href":"https:\/\/www.iskreni.net\/trgovina\/wp-json\/wp\/v2\/avtor?post=86049"},{"taxonomy":"zalozba","embeddable":true,"href":"https:\/\/www.iskreni.net\/trgovina\/wp-json\/wp\/v2\/zalozba?post=86049"},{"taxonomy":"vezava","embeddable":true,"href":"https:\/\/www.iskreni.net\/trgovina\/wp-json\/wp\/v2\/vezava?post=86049"}],"curies":[{"name":"wp","href":"https:\/\/api.w.org\/{rel}","templated":true}]}}