{"id":85823,"date":"2025-03-21T09:54:03","date_gmt":"2025-03-21T08:54:03","guid":{"rendered":"https:\/\/www.iskreni.net\/trgovina\/?post_type=product&#038;p=85823"},"modified":"2025-09-17T13:34:04","modified_gmt":"2025-09-17T11:34:04","slug":"cebelin-dnevnik","status":"publish","type":"product","link":"https:\/\/www.iskreni.net\/trgovina\/product\/cebelin-dnevnik\/","title":{"rendered":"\u010cebelin dnevnik"},"content":{"rendered":"<h3 class=\"ie-h2 tw-pb-5 tw-font-bold\">O knjigi<\/h3>\n<p>Kako \u017eivijo \u010debele? Kako pre\u017eivljajo dneve in kako poteka njihovo \u017eivljenje? Kaj po\u010dnejo v panju? Vse odgovore na ta vpra\u0161anja najdete prav tu. V rokah namre\u010d dr\u017eite pisano in \u017eivahno knjigo, ki je pravzaprav \u010debelin dnevnik. Ali ste vedeli, da \u010debele v svojem \u017eivljenju opravljajo vrsto razli\u010dnih del? In ali veste, kaj v resnici po\u010dnejo troti? \u010cas za vpra\u0161anja je mimo. Sedaj je \u010das, da za\u010dnete brati dnevnik marljive \u010debelice Matilde, u\u017eivali pa boste tudi tisti, ki raje samo gledate slike. Bzzz \u2026 \u010debele kli\u010dejo, za\u010dnimo!<\/p>\n","protected":false},"excerpt":{"rendered":"<p><strong>\u0160tevilo strani:<\/strong> 36<br \/>\n<strong>Format:<\/strong> 220 x 268 mm<br \/>\n<strong>Leto izdaje:<\/strong> 2025<\/p>\n<p>&nbsp;<\/p>\n","protected":false},"featured_media":85825,"comment_status":"open","ping_status":"closed","template":"","meta":[],"product_brand":[],"product_cat":[63,135],"product_tag":[2872,2884],"avtor":[],"zalozba":[2787,2780],"vezava":[2306],"class_list":{"0":"post-85823","1":"product","2":"type-product","3":"status-publish","4":"has-post-thumbnail","6":"product_cat-knjige","7":"product_cat-za-otroke","8":"product_tag-slikanica","9":"product_tag-zivali","10":"zalozba-epistola","11":"zalozba-primus","12":"vezava-trda","14":"first","15":"onbackorder","16":"taxable","17":"shipping-taxable","18":"purchasable","19":"product-type-simple"},"yoast_head":"<!-- This site is optimized with the Yoast SEO plugin v26.3 - https:\/\/yoast.com\/wordpress\/plugins\/seo\/ -->\n<title>\u010cebelin dnevnik - trgovina Zavod Iskreni<\/title>\n<meta name=\"description\" content=\"Odkrijte skrivnostni svet \u010debel s knjigo \u010cebelin dnevnik! Skozi barvite ilustracije in zanimivo pripoved spoznajte, kako \u010debele pre\u017eivljajo dneve ...\" \/>\n<meta name=\"robots\" content=\"index, follow, max-snippet:-1, max-image-preview:large, max-video-preview:-1\" \/>\n<link rel=\"canonical\" href=\"https:\/\/www.iskreni.net\/trgovina\/product\/cebelin-dnevnik\/\" \/>\n<meta property=\"og:locale\" content=\"sl_SI\" \/>\n<meta property=\"og:type\" content=\"article\" \/>\n<meta property=\"og:title\" content=\"Postanimo prijatelji Svetega Duha\" \/>\n<meta property=\"og:description\" content=\"Odkrijte skrivnostni svet \u010debel s knjigo \u010cebelin dnevnik! Skozi barvite ilustracije in zanimivo pripoved spoznajte, kako \u010debele pre\u017eivljajo dneve ...\" \/>\n<meta property=\"og:url\" content=\"https:\/\/www.iskreni.net\/trgovina\/product\/cebelin-dnevnik\/\" \/>\n<meta property=\"og:site_name\" content=\"Zavod Iskreni\" \/>\n<meta property=\"article:modified_time\" content=\"2025-09-17T11:34:04+00:00\" \/>\n<meta property=\"og:image\" content=\"https:\/\/www.iskreni.net\/trgovina\/wp-content\/uploads\/2025\/03\/Cebelin-dnevnik.png\" \/>\n\t<meta property=\"og:image:width\" content=\"1058\" \/>\n\t<meta property=\"og:image:height\" content=\"1058\" \/>\n\t<meta property=\"og:image:type\" content=\"image\/png\" \/>\n<meta name=\"twitter:card\" content=\"summary_large_image\" \/>\n<meta name=\"twitter:label1\" content=\"Est. reading time\" \/>\n\t<meta name=\"twitter:data1\" content=\"1 minuta\" \/>\n<script type=\"application\/ld+json\" class=\"yoast-schema-graph\">{\"@context\":\"https:\/\/schema.org\",\"@graph\":[{\"@type\":\"WebPage\",\"@id\":\"https:\/\/www.iskreni.net\/trgovina\/product\/cebelin-dnevnik\/\",\"url\":\"https:\/\/www.iskreni.net\/trgovina\/product\/cebelin-dnevnik\/\",\"name\":\"\u010cebelin dnevnik - trgovina Zavod Iskreni\",\"isPartOf\":{\"@id\":\"https:\/\/www.iskreni.net\/trgovina\/#website\"},\"primaryImageOfPage\":{\"@id\":\"https:\/\/www.iskreni.net\/trgovina\/product\/cebelin-dnevnik\/#primaryimage\"},\"image\":{\"@id\":\"https:\/\/www.iskreni.net\/trgovina\/product\/cebelin-dnevnik\/#primaryimage\"},\"thumbnailUrl\":\"https:\/\/www.iskreni.net\/trgovina\/wp-content\/uploads\/2025\/03\/Cebelin-dnevnik.png\",\"datePublished\":\"2025-03-21T08:54:03+00:00\",\"dateModified\":\"2025-09-17T11:34:04+00:00\",\"description\":\"Odkrijte skrivnostni svet \u010debel s knjigo \u010cebelin dnevnik! Skozi barvite ilustracije in zanimivo pripoved spoznajte, kako \u010debele pre\u017eivljajo dneve ...\",\"breadcrumb\":{\"@id\":\"https:\/\/www.iskreni.net\/trgovina\/product\/cebelin-dnevnik\/#breadcrumb\"},\"inLanguage\":\"sl-SI\",\"potentialAction\":[{\"@type\":\"ReadAction\",\"target\":[\"https:\/\/www.iskreni.net\/trgovina\/product\/cebelin-dnevnik\/\"]}]},{\"@type\":\"ImageObject\",\"inLanguage\":\"sl-SI\",\"@id\":\"https:\/\/www.iskreni.net\/trgovina\/product\/cebelin-dnevnik\/#primaryimage\",\"url\":\"https:\/\/www.iskreni.net\/trgovina\/wp-content\/uploads\/2025\/03\/Cebelin-dnevnik.png\",\"contentUrl\":\"https:\/\/www.iskreni.net\/trgovina\/wp-content\/uploads\/2025\/03\/Cebelin-dnevnik.png\",\"width\":1058,\"height\":1058,\"caption\":\"\u010cebelin dnevnik\"},{\"@type\":\"BreadcrumbList\",\"@id\":\"https:\/\/www.iskreni.net\/trgovina\/product\/cebelin-dnevnik\/#breadcrumb\",\"itemListElement\":[{\"@type\":\"ListItem\",\"position\":1,\"name\":\"Home\",\"item\":\"https:\/\/www.iskreni.net\/trgovina\/\"},{\"@type\":\"ListItem\",\"position\":2,\"name\":\"Trgovina\",\"item\":\"https:\/\/www.iskreni.net\/trgovina\/trgovina\/\"},{\"@type\":\"ListItem\",\"position\":3,\"name\":\"\u010cebelin dnevnik\"}]},{\"@type\":\"WebSite\",\"@id\":\"https:\/\/www.iskreni.net\/trgovina\/#website\",\"url\":\"https:\/\/www.iskreni.net\/trgovina\/\",\"name\":\"Zavod Iskreni\",\"description\":\"trgovina\",\"potentialAction\":[{\"@type\":\"SearchAction\",\"target\":{\"@type\":\"EntryPoint\",\"urlTemplate\":\"https:\/\/www.iskreni.net\/trgovina\/?s={search_term_string}\"},\"query-input\":{\"@type\":\"PropertyValueSpecification\",\"valueRequired\":true,\"valueName\":\"search_term_string\"}}],\"inLanguage\":\"sl-SI\"}]}<\/script>\n<!-- \/ Yoast SEO plugin. -->","yoast_head_json":{"title":"\u010cebelin dnevnik - trgovina Zavod Iskreni","description":"Odkrijte skrivnostni svet \u010debel s knjigo \u010cebelin dnevnik! Skozi barvite ilustracije in zanimivo pripoved spoznajte, kako \u010debele pre\u017eivljajo dneve ...","robots":{"index":"index","follow":"follow","max-snippet":"max-snippet:-1","max-image-preview":"max-image-preview:large","max-video-preview":"max-video-preview:-1"},"canonical":"https:\/\/www.iskreni.net\/trgovina\/product\/cebelin-dnevnik\/","og_locale":"sl_SI","og_type":"article","og_title":"Postanimo prijatelji Svetega Duha","og_description":"Odkrijte skrivnostni svet \u010debel s knjigo \u010cebelin dnevnik! Skozi barvite ilustracije in zanimivo pripoved spoznajte, kako \u010debele pre\u017eivljajo dneve ...","og_url":"https:\/\/www.iskreni.net\/trgovina\/product\/cebelin-dnevnik\/","og_site_name":"Zavod Iskreni","article_modified_time":"2025-09-17T11:34:04+00:00","og_image":[{"width":1058,"height":1058,"url":"https:\/\/www.iskreni.net\/trgovina\/wp-content\/uploads\/2025\/03\/Cebelin-dnevnik.png","type":"image\/png"}],"twitter_card":"summary_large_image","twitter_misc":{"Est. reading time":"1 minuta"},"schema":{"@context":"https:\/\/schema.org","@graph":[{"@type":"WebPage","@id":"https:\/\/www.iskreni.net\/trgovina\/product\/cebelin-dnevnik\/","url":"https:\/\/www.iskreni.net\/trgovina\/product\/cebelin-dnevnik\/","name":"\u010cebelin dnevnik - trgovina Zavod Iskreni","isPartOf":{"@id":"https:\/\/www.iskreni.net\/trgovina\/#website"},"primaryImageOfPage":{"@id":"https:\/\/www.iskreni.net\/trgovina\/product\/cebelin-dnevnik\/#primaryimage"},"image":{"@id":"https:\/\/www.iskreni.net\/trgovina\/product\/cebelin-dnevnik\/#primaryimage"},"thumbnailUrl":"https:\/\/www.iskreni.net\/trgovina\/wp-content\/uploads\/2025\/03\/Cebelin-dnevnik.png","datePublished":"2025-03-21T08:54:03+00:00","dateModified":"2025-09-17T11:34:04+00:00","description":"Odkrijte skrivnostni svet \u010debel s knjigo \u010cebelin dnevnik! Skozi barvite ilustracije in zanimivo pripoved spoznajte, kako \u010debele pre\u017eivljajo dneve ...","breadcrumb":{"@id":"https:\/\/www.iskreni.net\/trgovina\/product\/cebelin-dnevnik\/#breadcrumb"},"inLanguage":"sl-SI","potentialAction":[{"@type":"ReadAction","target":["https:\/\/www.iskreni.net\/trgovina\/product\/cebelin-dnevnik\/"]}]},{"@type":"ImageObject","inLanguage":"sl-SI","@id":"https:\/\/www.iskreni.net\/trgovina\/product\/cebelin-dnevnik\/#primaryimage","url":"https:\/\/www.iskreni.net\/trgovina\/wp-content\/uploads\/2025\/03\/Cebelin-dnevnik.png","contentUrl":"https:\/\/www.iskreni.net\/trgovina\/wp-content\/uploads\/2025\/03\/Cebelin-dnevnik.png","width":1058,"height":1058,"caption":"\u010cebelin dnevnik"},{"@type":"BreadcrumbList","@id":"https:\/\/www.iskreni.net\/trgovina\/product\/cebelin-dnevnik\/#breadcrumb","itemListElement":[{"@type":"ListItem","position":1,"name":"Home","item":"https:\/\/www.iskreni.net\/trgovina\/"},{"@type":"ListItem","position":2,"name":"Trgovina","item":"https:\/\/www.iskreni.net\/trgovina\/trgovina\/"},{"@type":"ListItem","position":3,"name":"\u010cebelin dnevnik"}]},{"@type":"WebSite","@id":"https:\/\/www.iskreni.net\/trgovina\/#website","url":"https:\/\/www.iskreni.net\/trgovina\/","name":"Zavod Iskreni","description":"trgovina","potentialAction":[{"@type":"SearchAction","target":{"@type":"EntryPoint","urlTemplate":"https:\/\/www.iskreni.net\/trgovina\/?s={search_term_string}"},"query-input":{"@type":"PropertyValueSpecification","valueRequired":true,"valueName":"search_term_string"}}],"inLanguage":"sl-SI"}]}},"_links":{"self":[{"href":"https:\/\/www.iskreni.net\/trgovina\/wp-json\/wp\/v2\/product\/85823","targetHints":{"allow":["GET"]}}],"collection":[{"href":"https:\/\/www.iskreni.net\/trgovina\/wp-json\/wp\/v2\/product"}],"about":[{"href":"https:\/\/www.iskreni.net\/trgovina\/wp-json\/wp\/v2\/types\/product"}],"replies":[{"embeddable":true,"href":"https:\/\/www.iskreni.net\/trgovina\/wp-json\/wp\/v2\/comments?post=85823"}],"version-history":[{"count":2,"href":"https:\/\/www.iskreni.net\/trgovina\/wp-json\/wp\/v2\/product\/85823\/revisions"}],"predecessor-version":[{"id":85826,"href":"https:\/\/www.iskreni.net\/trgovina\/wp-json\/wp\/v2\/product\/85823\/revisions\/85826"}],"wp:featuredmedia":[{"embeddable":true,"href":"https:\/\/www.iskreni.net\/trgovina\/wp-json\/wp\/v2\/media\/85825"}],"wp:attachment":[{"href":"https:\/\/www.iskreni.net\/trgovina\/wp-json\/wp\/v2\/media?parent=85823"}],"wp:term":[{"taxonomy":"product_brand","embeddable":true,"href":"https:\/\/www.iskreni.net\/trgovina\/wp-json\/wp\/v2\/product_brand?post=85823"},{"taxonomy":"product_cat","embeddable":true,"href":"https:\/\/www.iskreni.net\/trgovina\/wp-json\/wp\/v2\/product_cat?post=85823"},{"taxonomy":"product_tag","embeddable":true,"href":"https:\/\/www.iskreni.net\/trgovina\/wp-json\/wp\/v2\/product_tag?post=85823"},{"taxonomy":"avtor","embeddable":true,"href":"https:\/\/www.iskreni.net\/trgovina\/wp-json\/wp\/v2\/avtor?post=85823"},{"taxonomy":"zalozba","embeddable":true,"href":"https:\/\/www.iskreni.net\/trgovina\/wp-json\/wp\/v2\/zalozba?post=85823"},{"taxonomy":"vezava","embeddable":true,"href":"https:\/\/www.iskreni.net\/trgovina\/wp-json\/wp\/v2\/vezava?post=85823"}],"curies":[{"name":"wp","href":"https:\/\/api.w.org\/{rel}","templated":true}]}}