{"id":85436,"date":"2025-03-12T11:42:24","date_gmt":"2025-03-12T10:42:24","guid":{"rendered":"https:\/\/www.iskreni.net\/trgovina\/?post_type=product&#038;p=85436"},"modified":"2025-11-27T14:25:07","modified_gmt":"2025-11-27T13:25:07","slug":"smernik-za-smisel","status":"publish","type":"product","link":"https:\/\/www.iskreni.net\/trgovina\/product\/smernik-za-smisel\/","title":{"rendered":"Smernik za smisel"},"content":{"rendered":"<h3>Popotnice preizku\u0161anega logoterapevta<\/h3>\n<p>Skozi preizku\u0161nje do smeri \u017eivljenjskega poslanstva<\/p>\n<p><em>Zgodbe zdravijo. Najmo\u010dneje pa se nas dotaknejo tiste, ki so jih ljudje izkusili na svoji ko\u017ei. Matic Vidic je \u0161tudij teologije in filozofije izbral, ker se je \u017ee kot mladostnik soo\u010dil s te\u017ekimi \u017eivljenjskimi preizku\u0161njami. Pretresljivo osebno pri\u010devanje je eden najlep\u0161ih primerov, kako eksistencialna analiza oziroma logoterapija Viktorja Frankla spreminja \u017eivljenja v vsakdanjosti.<\/em><\/p>\n<p><strong>Matic Vidic<\/strong>\u00a0se je moral \u0161e kot otrok soo\u010diti z mamino smrtjo in o\u010detovim alkoholizmom. Tako se je za\u010del zgodaj spra\u0161evati, kaj je sploh smisel \u017eivljenja in kje se skriva Bog. Po nekaj te\u017ekih serpentinah v svetu podjetni\u0161tva in lokalne politike se je kot duhovni asistent zaposlil v Slovenski vojski. Ker je v mladosti resno razmi\u0161ljal, da bi postal duhovnik, kot mlad mo\u0161ki pa ni dvomil, da ga Bog kli\u010de v zakon z njegovo \u017eivljenjsko izbranko, se je povabilo, da postane stalni diakon novome\u0161ke \u0161kofije, zdelo kot zdru\u017eitev najbolj\u0161ega obeh svetov. Toda pot ni bila ne enostavna ne gladka. Nau\u010dila ga je, da se najbolj\u0161ega v \u017eivljenju ne da izsiliti. Enako kot se ni dalo izsiliti uresni\u010ditve njegove najve\u010dje \u017eelje, da bi z \u017eeno postala star\u0161a.<\/p>\n<p>Ko ga danes njegov \u0161tiriletni sin vpra\u0161a, kaj pravzaprav po\u010dne, mu odgovori: \u00bbRe\u0161ujem \u017eivljenja in ljudem pomagam, da niso \u017ealostni.\u00ab Svoje resni\u010dno \u017eivljenjsko poslanstvo je namre\u010d odkril s knjigo\u00a0<strong>Viktorja E. Frankla<\/strong>\u00a0<em>Kljub vsemu re\u010di \u017eivljenju da<\/em>. Vse njegovo znanje teologije in filozofije je v tej drobni knji\u017eici dobilo svoje mesto in svoj smisel. Logoterapija se mu je pokazala v vsem svojem sijaju in postala njegova vsakodnevna misel. Danes je na samostojni poti psihoterapevta in predavatelja. Svoje najte\u017eje preizku\u0161nje je v knjigi\u00a0<em>Smernik za smisel<\/em>\u00a0opisal bole\u010de iskreno. Kot pravi, se skozi prizmo logoterapije in osebne vere na to pot druga\u010de niti ne da. S svojimi zgodbami posku\u0161a ljudem pri\u017egati tisto lu\u010d, ki je osmislila tudi njegovo \u017eivljenje.<\/p>\n<p>Zbirka Smisel.<\/p>\n","protected":false},"excerpt":{"rendered":"<p><strong>Format:<\/strong> 135 x 210 mm<br \/>\n<strong>\u0160tevilo strani: <\/strong>148<br \/>\n<strong>Leto izdaje:<\/strong> 2025<\/p>\n<h5><a href=\"https:\/\/www.iskreni.net\/trgovina\/wp-content\/uploads\/2025\/03\/Vidic-Matic-Smernik-za-smisel-Prelistaj-knjigo.pdf\">Prelistaj knjigo<\/a><\/h5>\n","protected":false},"featured_media":85438,"comment_status":"open","ping_status":"closed","template":"","meta":[],"product_brand":[],"product_cat":[2325,63],"product_tag":[],"avtor":[2960],"zalozba":[2337],"vezava":[2307],"class_list":{"0":"post-85436","1":"product","2":"type-product","3":"status-publish","4":"has-post-thumbnail","6":"product_cat-leposlovje","7":"product_cat-knjige","8":"avtor-matic-vidic","9":"zalozba-celjska-mohorjeva-druzba","10":"vezava-mehka","12":"first","13":"instock","14":"taxable","15":"shipping-taxable","16":"purchasable","17":"product-type-simple"},"yoast_head":"<!-- This site is optimized with the Yoast SEO plugin v26.3 - https:\/\/yoast.com\/wordpress\/plugins\/seo\/ -->\n<title>Smernik za smisel - trgovina Zavod Iskreni<\/title>\n<meta name=\"description\" content=\"Dan, ki sem se ga tako bal, je napo\u010dil s telefonskim klicem sorodnikov. \u00bbZ o\u010detom je slabo.\u00ab Zaradi napredovane ciroze jeter je pristal v bolni\u0161nici.\" \/>\n<meta name=\"robots\" content=\"index, follow, max-snippet:-1, max-image-preview:large, max-video-preview:-1\" \/>\n<link rel=\"canonical\" href=\"https:\/\/www.iskreni.net\/trgovina\/product\/smernik-za-smisel\/\" \/>\n<meta property=\"og:locale\" content=\"sl_SI\" \/>\n<meta property=\"og:type\" content=\"article\" \/>\n<meta property=\"og:title\" content=\"Postanimo prijatelji Svetega Duha\" \/>\n<meta property=\"og:description\" content=\"Dan, ki sem se ga tako bal, je napo\u010dil s telefonskim klicem sorodnikov. \u00bbZ o\u010detom je slabo.\u00ab Zaradi napredovane ciroze jeter je pristal v bolni\u0161nici.\" \/>\n<meta property=\"og:url\" content=\"https:\/\/www.iskreni.net\/trgovina\/product\/smernik-za-smisel\/\" \/>\n<meta property=\"og:site_name\" content=\"Zavod Iskreni\" \/>\n<meta property=\"article:modified_time\" content=\"2025-11-27T13:25:07+00:00\" \/>\n<meta property=\"og:image\" content=\"https:\/\/www.iskreni.net\/trgovina\/wp-content\/uploads\/2025\/03\/Vidic-Matic-2025-Smernik-za-smisel-oprema_png.png\" \/>\n\t<meta property=\"og:image:width\" content=\"827\" \/>\n\t<meta property=\"og:image:height\" content=\"827\" \/>\n\t<meta property=\"og:image:type\" content=\"image\/png\" \/>\n<meta name=\"twitter:card\" content=\"summary_large_image\" \/>\n<meta name=\"twitter:label1\" content=\"Est. reading time\" \/>\n\t<meta name=\"twitter:data1\" content=\"2 minuti\" \/>\n<script type=\"application\/ld+json\" class=\"yoast-schema-graph\">{\"@context\":\"https:\/\/schema.org\",\"@graph\":[{\"@type\":\"WebPage\",\"@id\":\"https:\/\/www.iskreni.net\/trgovina\/product\/smernik-za-smisel\/\",\"url\":\"https:\/\/www.iskreni.net\/trgovina\/product\/smernik-za-smisel\/\",\"name\":\"Smernik za smisel - trgovina Zavod Iskreni\",\"isPartOf\":{\"@id\":\"https:\/\/www.iskreni.net\/trgovina\/#website\"},\"primaryImageOfPage\":{\"@id\":\"https:\/\/www.iskreni.net\/trgovina\/product\/smernik-za-smisel\/#primaryimage\"},\"image\":{\"@id\":\"https:\/\/www.iskreni.net\/trgovina\/product\/smernik-za-smisel\/#primaryimage\"},\"thumbnailUrl\":\"https:\/\/www.iskreni.net\/trgovina\/wp-content\/uploads\/2025\/03\/Vidic-Matic-2025-Smernik-za-smisel-oprema_png.png\",\"datePublished\":\"2025-03-12T10:42:24+00:00\",\"dateModified\":\"2025-11-27T13:25:07+00:00\",\"description\":\"Dan, ki sem se ga tako bal, je napo\u010dil s telefonskim klicem sorodnikov. \u00bbZ o\u010detom je slabo.\u00ab Zaradi napredovane ciroze jeter je pristal v bolni\u0161nici.\",\"breadcrumb\":{\"@id\":\"https:\/\/www.iskreni.net\/trgovina\/product\/smernik-za-smisel\/#breadcrumb\"},\"inLanguage\":\"sl-SI\",\"potentialAction\":[{\"@type\":\"ReadAction\",\"target\":[\"https:\/\/www.iskreni.net\/trgovina\/product\/smernik-za-smisel\/\"]}]},{\"@type\":\"ImageObject\",\"inLanguage\":\"sl-SI\",\"@id\":\"https:\/\/www.iskreni.net\/trgovina\/product\/smernik-za-smisel\/#primaryimage\",\"url\":\"https:\/\/www.iskreni.net\/trgovina\/wp-content\/uploads\/2025\/03\/Vidic-Matic-2025-Smernik-za-smisel-oprema_png.png\",\"contentUrl\":\"https:\/\/www.iskreni.net\/trgovina\/wp-content\/uploads\/2025\/03\/Vidic-Matic-2025-Smernik-za-smisel-oprema_png.png\",\"width\":827,\"height\":827,\"caption\":\"Smernik za smisel\"},{\"@type\":\"BreadcrumbList\",\"@id\":\"https:\/\/www.iskreni.net\/trgovina\/product\/smernik-za-smisel\/#breadcrumb\",\"itemListElement\":[{\"@type\":\"ListItem\",\"position\":1,\"name\":\"Home\",\"item\":\"https:\/\/www.iskreni.net\/trgovina\/\"},{\"@type\":\"ListItem\",\"position\":2,\"name\":\"Trgovina\",\"item\":\"https:\/\/www.iskreni.net\/trgovina\/trgovina\/\"},{\"@type\":\"ListItem\",\"position\":3,\"name\":\"Smernik za smisel\"}]},{\"@type\":\"WebSite\",\"@id\":\"https:\/\/www.iskreni.net\/trgovina\/#website\",\"url\":\"https:\/\/www.iskreni.net\/trgovina\/\",\"name\":\"Zavod Iskreni\",\"description\":\"trgovina\",\"potentialAction\":[{\"@type\":\"SearchAction\",\"target\":{\"@type\":\"EntryPoint\",\"urlTemplate\":\"https:\/\/www.iskreni.net\/trgovina\/?s={search_term_string}\"},\"query-input\":{\"@type\":\"PropertyValueSpecification\",\"valueRequired\":true,\"valueName\":\"search_term_string\"}}],\"inLanguage\":\"sl-SI\"}]}<\/script>\n<!-- \/ Yoast SEO plugin. -->","yoast_head_json":{"title":"Smernik za smisel - trgovina Zavod Iskreni","description":"Dan, ki sem se ga tako bal, je napo\u010dil s telefonskim klicem sorodnikov. \u00bbZ o\u010detom je slabo.\u00ab Zaradi napredovane ciroze jeter je pristal v bolni\u0161nici.","robots":{"index":"index","follow":"follow","max-snippet":"max-snippet:-1","max-image-preview":"max-image-preview:large","max-video-preview":"max-video-preview:-1"},"canonical":"https:\/\/www.iskreni.net\/trgovina\/product\/smernik-za-smisel\/","og_locale":"sl_SI","og_type":"article","og_title":"Postanimo prijatelji Svetega Duha","og_description":"Dan, ki sem se ga tako bal, je napo\u010dil s telefonskim klicem sorodnikov. \u00bbZ o\u010detom je slabo.\u00ab Zaradi napredovane ciroze jeter je pristal v bolni\u0161nici.","og_url":"https:\/\/www.iskreni.net\/trgovina\/product\/smernik-za-smisel\/","og_site_name":"Zavod Iskreni","article_modified_time":"2025-11-27T13:25:07+00:00","og_image":[{"width":827,"height":827,"url":"https:\/\/www.iskreni.net\/trgovina\/wp-content\/uploads\/2025\/03\/Vidic-Matic-2025-Smernik-za-smisel-oprema_png.png","type":"image\/png"}],"twitter_card":"summary_large_image","twitter_misc":{"Est. reading time":"2 minuti"},"schema":{"@context":"https:\/\/schema.org","@graph":[{"@type":"WebPage","@id":"https:\/\/www.iskreni.net\/trgovina\/product\/smernik-za-smisel\/","url":"https:\/\/www.iskreni.net\/trgovina\/product\/smernik-za-smisel\/","name":"Smernik za smisel - trgovina Zavod Iskreni","isPartOf":{"@id":"https:\/\/www.iskreni.net\/trgovina\/#website"},"primaryImageOfPage":{"@id":"https:\/\/www.iskreni.net\/trgovina\/product\/smernik-za-smisel\/#primaryimage"},"image":{"@id":"https:\/\/www.iskreni.net\/trgovina\/product\/smernik-za-smisel\/#primaryimage"},"thumbnailUrl":"https:\/\/www.iskreni.net\/trgovina\/wp-content\/uploads\/2025\/03\/Vidic-Matic-2025-Smernik-za-smisel-oprema_png.png","datePublished":"2025-03-12T10:42:24+00:00","dateModified":"2025-11-27T13:25:07+00:00","description":"Dan, ki sem se ga tako bal, je napo\u010dil s telefonskim klicem sorodnikov. \u00bbZ o\u010detom je slabo.\u00ab Zaradi napredovane ciroze jeter je pristal v bolni\u0161nici.","breadcrumb":{"@id":"https:\/\/www.iskreni.net\/trgovina\/product\/smernik-za-smisel\/#breadcrumb"},"inLanguage":"sl-SI","potentialAction":[{"@type":"ReadAction","target":["https:\/\/www.iskreni.net\/trgovina\/product\/smernik-za-smisel\/"]}]},{"@type":"ImageObject","inLanguage":"sl-SI","@id":"https:\/\/www.iskreni.net\/trgovina\/product\/smernik-za-smisel\/#primaryimage","url":"https:\/\/www.iskreni.net\/trgovina\/wp-content\/uploads\/2025\/03\/Vidic-Matic-2025-Smernik-za-smisel-oprema_png.png","contentUrl":"https:\/\/www.iskreni.net\/trgovina\/wp-content\/uploads\/2025\/03\/Vidic-Matic-2025-Smernik-za-smisel-oprema_png.png","width":827,"height":827,"caption":"Smernik za smisel"},{"@type":"BreadcrumbList","@id":"https:\/\/www.iskreni.net\/trgovina\/product\/smernik-za-smisel\/#breadcrumb","itemListElement":[{"@type":"ListItem","position":1,"name":"Home","item":"https:\/\/www.iskreni.net\/trgovina\/"},{"@type":"ListItem","position":2,"name":"Trgovina","item":"https:\/\/www.iskreni.net\/trgovina\/trgovina\/"},{"@type":"ListItem","position":3,"name":"Smernik za smisel"}]},{"@type":"WebSite","@id":"https:\/\/www.iskreni.net\/trgovina\/#website","url":"https:\/\/www.iskreni.net\/trgovina\/","name":"Zavod Iskreni","description":"trgovina","potentialAction":[{"@type":"SearchAction","target":{"@type":"EntryPoint","urlTemplate":"https:\/\/www.iskreni.net\/trgovina\/?s={search_term_string}"},"query-input":{"@type":"PropertyValueSpecification","valueRequired":true,"valueName":"search_term_string"}}],"inLanguage":"sl-SI"}]}},"_links":{"self":[{"href":"https:\/\/www.iskreni.net\/trgovina\/wp-json\/wp\/v2\/product\/85436","targetHints":{"allow":["GET"]}}],"collection":[{"href":"https:\/\/www.iskreni.net\/trgovina\/wp-json\/wp\/v2\/product"}],"about":[{"href":"https:\/\/www.iskreni.net\/trgovina\/wp-json\/wp\/v2\/types\/product"}],"replies":[{"embeddable":true,"href":"https:\/\/www.iskreni.net\/trgovina\/wp-json\/wp\/v2\/comments?post=85436"}],"version-history":[{"count":3,"href":"https:\/\/www.iskreni.net\/trgovina\/wp-json\/wp\/v2\/product\/85436\/revisions"}],"predecessor-version":[{"id":85481,"href":"https:\/\/www.iskreni.net\/trgovina\/wp-json\/wp\/v2\/product\/85436\/revisions\/85481"}],"wp:featuredmedia":[{"embeddable":true,"href":"https:\/\/www.iskreni.net\/trgovina\/wp-json\/wp\/v2\/media\/85438"}],"wp:attachment":[{"href":"https:\/\/www.iskreni.net\/trgovina\/wp-json\/wp\/v2\/media?parent=85436"}],"wp:term":[{"taxonomy":"product_brand","embeddable":true,"href":"https:\/\/www.iskreni.net\/trgovina\/wp-json\/wp\/v2\/product_brand?post=85436"},{"taxonomy":"product_cat","embeddable":true,"href":"https:\/\/www.iskreni.net\/trgovina\/wp-json\/wp\/v2\/product_cat?post=85436"},{"taxonomy":"product_tag","embeddable":true,"href":"https:\/\/www.iskreni.net\/trgovina\/wp-json\/wp\/v2\/product_tag?post=85436"},{"taxonomy":"avtor","embeddable":true,"href":"https:\/\/www.iskreni.net\/trgovina\/wp-json\/wp\/v2\/avtor?post=85436"},{"taxonomy":"zalozba","embeddable":true,"href":"https:\/\/www.iskreni.net\/trgovina\/wp-json\/wp\/v2\/zalozba?post=85436"},{"taxonomy":"vezava","embeddable":true,"href":"https:\/\/www.iskreni.net\/trgovina\/wp-json\/wp\/v2\/vezava?post=85436"}],"curies":[{"name":"wp","href":"https:\/\/api.w.org\/{rel}","templated":true}]}}