{"id":85427,"date":"2025-03-12T11:02:10","date_gmt":"2025-03-12T10:02:10","guid":{"rendered":"https:\/\/www.iskreni.net\/trgovina\/?post_type=product&#038;p=85427"},"modified":"2025-07-31T11:08:14","modified_gmt":"2025-07-31T09:08:14","slug":"ves-dan-vso-noc","status":"publish","type":"product","link":"https:\/\/www.iskreni.net\/trgovina\/product\/ves-dan-vso-noc\/","title":{"rendered":"Ves dan, vso no\u010d"},"content":{"rendered":"<p>Molitve, ki te bodo povezale z Bogom \u2013 \u0161tiriindvajset ur na dan, sedem dni na teden.<\/p>\n<p id=\"anchor-o-izdelku\" class=\"title\"><strong>O knjigi<\/strong><br \/>\n<span style=\"font-size: 16px;\">Kaj te veseli, kaj te obremenjuje \u2013 in kako lahko to pove\u0161 Bogu? V tej knji\u017eici so zbrane molitve za vsak trenutek in vsako razpolo\u017eenje.<\/span><\/p>\n<div class=\"tab-description js-tab-singleProduct-description content-tab\">\n<p><strong>O avtorju:<br \/>\n<\/strong>Stephan Sigg (1983) je \u0161vicarski teolog in pisatelj, ki se poklicno ukvarja z izobra\u017eevanjem katehetov in drugih u\u010diteljev verstev. Znan je po svojem \u017eivahnem, neobi\u010dajnem slogu, ki je blizu mladim bralcem.<\/p>\n<p><strong>Odlomek:<br \/>\n<\/strong>\u0160tiriindvajset ur na dan, sedem dni na teden ti Bog daje mo\u010d. Na voljo ti je, in sicer ves \u010das: zjutraj, ko vstane\u0161, v nabito polnem avtobusu, med nakupovanjem v trgovini ali kadar zve\u010der sedi\u0161 pred televizijo \u2013 v vsakem trenutku ga lahko pocuka\u0161 za rokav.<\/p>\n<p>Vsak hip ti je pripravljen prisluhniti, kar koli \u017ee po\u010dne\u0161 in kjer koli \u017ee si. Moje molitve ti bodo pomagale, da bo\u0161 vsak dan in vsako no\u010d do\u017eivel v vsem njihovem bogastvu. Poleg tega te bodo navdihnile, da bo\u0161 poiskal svoje besede za to, s \u010dimer se ukvarja\u0161 od jutra do ve\u010dera.<\/p>\n<p><em>Predgovor Stephana Sigga<\/em><\/p>\n<\/div>\n","protected":false},"excerpt":{"rendered":"<p><strong>Avtor prevoda:<\/strong> Klementina Logar<strong><br \/>\nFormat:<\/strong> 115 x 150 mm<br \/>\n<strong>\u0160tevilo strani:<\/strong> 96<br \/>\n<strong>Leto izdaje:<\/strong> 2024<\/p>\n<h5><a href=\"https:\/\/www.iskreni.net\/trgovina\/wp-content\/uploads\/2025\/03\/ves-dan-vso-noc-vzorcne-strani.pdf\">Prelistaj knjigo<\/a><\/h5>\n","protected":false},"featured_media":85428,"comment_status":"open","ping_status":"closed","template":"","meta":[],"product_brand":[],"product_cat":[2324,2350,63],"product_tag":[2393,1896],"avtor":[2959],"zalozba":[2311],"vezava":[2307],"class_list":{"0":"post-85427","1":"product","2":"type-product","3":"status-publish","4":"has-post-thumbnail","6":"product_cat-duhovnost-in-osebna-rast","7":"product_cat-za-mlade","8":"product_cat-knjige","9":"product_tag-duhovnost","10":"product_tag-molitev","11":"avtor-stephan-sigg","12":"zalozba-druzina","13":"vezava-mehka","15":"first","16":"onbackorder","17":"taxable","18":"shipping-taxable","19":"purchasable","20":"product-type-simple"},"yoast_head":"<!-- This site is optimized with the Yoast SEO plugin v26.3 - https:\/\/yoast.com\/wordpress\/plugins\/seo\/ -->\n<title>Ves dan, vso no\u010d - trgovina Zavod Iskreni<\/title>\n<meta name=\"description\" content=\"Molitve, ki te bodo povezale z Bogom \u2013 \u0161tiriindvajset ur na dan, sedem dni na teden.Kaj te veseli, kaj te obremenjuje \u2013 in kako lahko to pove\u0161 Bogu?\" \/>\n<meta name=\"robots\" content=\"index, follow, max-snippet:-1, max-image-preview:large, max-video-preview:-1\" \/>\n<link rel=\"canonical\" href=\"https:\/\/www.iskreni.net\/trgovina\/product\/ves-dan-vso-noc\/\" \/>\n<meta property=\"og:locale\" content=\"sl_SI\" \/>\n<meta property=\"og:type\" content=\"article\" \/>\n<meta property=\"og:title\" content=\"Ves dan, vso no\u010d\" \/>\n<meta property=\"og:description\" content=\"Molitve, ki te bodo povezale z Bogom \u2013 \u0161tiriindvajset ur na dan, sedem dni na teden.Kaj te veseli, kaj te obremenjuje \u2013 in kako lahko to pove\u0161 Bogu?\" \/>\n<meta property=\"og:url\" content=\"https:\/\/www.iskreni.net\/trgovina\/product\/ves-dan-vso-noc\/\" \/>\n<meta property=\"og:site_name\" content=\"Zavod Iskreni\" \/>\n<meta property=\"article:modified_time\" content=\"2025-07-31T09:08:14+00:00\" \/>\n<meta property=\"og:image\" content=\"https:\/\/www.iskreni.net\/trgovina\/wp-content\/uploads\/2025\/03\/ves-dan-vso-noc.png\" \/>\n\t<meta property=\"og:image:width\" content=\"940\" \/>\n\t<meta property=\"og:image:height\" content=\"940\" \/>\n\t<meta property=\"og:image:type\" content=\"image\/png\" \/>\n<meta name=\"twitter:card\" content=\"summary_large_image\" \/>\n<meta name=\"twitter:label1\" content=\"Est. reading time\" \/>\n\t<meta name=\"twitter:data1\" content=\"2 minuti\" \/>\n<script type=\"application\/ld+json\" class=\"yoast-schema-graph\">{\"@context\":\"https:\/\/schema.org\",\"@graph\":[{\"@type\":\"WebPage\",\"@id\":\"https:\/\/www.iskreni.net\/trgovina\/product\/ves-dan-vso-noc\/\",\"url\":\"https:\/\/www.iskreni.net\/trgovina\/product\/ves-dan-vso-noc\/\",\"name\":\"Ves dan, vso no\u010d - trgovina Zavod Iskreni\",\"isPartOf\":{\"@id\":\"https:\/\/www.iskreni.net\/trgovina\/#website\"},\"primaryImageOfPage\":{\"@id\":\"https:\/\/www.iskreni.net\/trgovina\/product\/ves-dan-vso-noc\/#primaryimage\"},\"image\":{\"@id\":\"https:\/\/www.iskreni.net\/trgovina\/product\/ves-dan-vso-noc\/#primaryimage\"},\"thumbnailUrl\":\"https:\/\/www.iskreni.net\/trgovina\/wp-content\/uploads\/2025\/03\/ves-dan-vso-noc.png\",\"datePublished\":\"2025-03-12T10:02:10+00:00\",\"dateModified\":\"2025-07-31T09:08:14+00:00\",\"description\":\"Molitve, ki te bodo povezale z Bogom \u2013 \u0161tiriindvajset ur na dan, sedem dni na teden.Kaj te veseli, kaj te obremenjuje \u2013 in kako lahko to pove\u0161 Bogu?\",\"breadcrumb\":{\"@id\":\"https:\/\/www.iskreni.net\/trgovina\/product\/ves-dan-vso-noc\/#breadcrumb\"},\"inLanguage\":\"sl-SI\",\"potentialAction\":[{\"@type\":\"ReadAction\",\"target\":[\"https:\/\/www.iskreni.net\/trgovina\/product\/ves-dan-vso-noc\/\"]}]},{\"@type\":\"ImageObject\",\"inLanguage\":\"sl-SI\",\"@id\":\"https:\/\/www.iskreni.net\/trgovina\/product\/ves-dan-vso-noc\/#primaryimage\",\"url\":\"https:\/\/www.iskreni.net\/trgovina\/wp-content\/uploads\/2025\/03\/ves-dan-vso-noc.png\",\"contentUrl\":\"https:\/\/www.iskreni.net\/trgovina\/wp-content\/uploads\/2025\/03\/ves-dan-vso-noc.png\",\"width\":940,\"height\":940,\"caption\":\"Ves dan, vso no\u010d\"},{\"@type\":\"BreadcrumbList\",\"@id\":\"https:\/\/www.iskreni.net\/trgovina\/product\/ves-dan-vso-noc\/#breadcrumb\",\"itemListElement\":[{\"@type\":\"ListItem\",\"position\":1,\"name\":\"Home\",\"item\":\"https:\/\/www.iskreni.net\/trgovina\/\"},{\"@type\":\"ListItem\",\"position\":2,\"name\":\"Trgovina\",\"item\":\"https:\/\/www.iskreni.net\/trgovina\/trgovina\/\"},{\"@type\":\"ListItem\",\"position\":3,\"name\":\"Ves dan, vso no\u010d\"}]},{\"@type\":\"WebSite\",\"@id\":\"https:\/\/www.iskreni.net\/trgovina\/#website\",\"url\":\"https:\/\/www.iskreni.net\/trgovina\/\",\"name\":\"Zavod Iskreni\",\"description\":\"trgovina\",\"potentialAction\":[{\"@type\":\"SearchAction\",\"target\":{\"@type\":\"EntryPoint\",\"urlTemplate\":\"https:\/\/www.iskreni.net\/trgovina\/?s={search_term_string}\"},\"query-input\":{\"@type\":\"PropertyValueSpecification\",\"valueRequired\":true,\"valueName\":\"search_term_string\"}}],\"inLanguage\":\"sl-SI\"}]}<\/script>\n<!-- \/ Yoast SEO plugin. -->","yoast_head_json":{"title":"Ves dan, vso no\u010d - trgovina Zavod Iskreni","description":"Molitve, ki te bodo povezale z Bogom \u2013 \u0161tiriindvajset ur na dan, sedem dni na teden.Kaj te veseli, kaj te obremenjuje \u2013 in kako lahko to pove\u0161 Bogu?","robots":{"index":"index","follow":"follow","max-snippet":"max-snippet:-1","max-image-preview":"max-image-preview:large","max-video-preview":"max-video-preview:-1"},"canonical":"https:\/\/www.iskreni.net\/trgovina\/product\/ves-dan-vso-noc\/","og_locale":"sl_SI","og_type":"article","og_title":"Ves dan, vso no\u010d","og_description":"Molitve, ki te bodo povezale z Bogom \u2013 \u0161tiriindvajset ur na dan, sedem dni na teden.Kaj te veseli, kaj te obremenjuje \u2013 in kako lahko to pove\u0161 Bogu?","og_url":"https:\/\/www.iskreni.net\/trgovina\/product\/ves-dan-vso-noc\/","og_site_name":"Zavod Iskreni","article_modified_time":"2025-07-31T09:08:14+00:00","og_image":[{"width":940,"height":940,"url":"https:\/\/www.iskreni.net\/trgovina\/wp-content\/uploads\/2025\/03\/ves-dan-vso-noc.png","type":"image\/png"}],"twitter_card":"summary_large_image","twitter_misc":{"Est. reading time":"2 minuti"},"schema":{"@context":"https:\/\/schema.org","@graph":[{"@type":"WebPage","@id":"https:\/\/www.iskreni.net\/trgovina\/product\/ves-dan-vso-noc\/","url":"https:\/\/www.iskreni.net\/trgovina\/product\/ves-dan-vso-noc\/","name":"Ves dan, vso no\u010d - trgovina Zavod Iskreni","isPartOf":{"@id":"https:\/\/www.iskreni.net\/trgovina\/#website"},"primaryImageOfPage":{"@id":"https:\/\/www.iskreni.net\/trgovina\/product\/ves-dan-vso-noc\/#primaryimage"},"image":{"@id":"https:\/\/www.iskreni.net\/trgovina\/product\/ves-dan-vso-noc\/#primaryimage"},"thumbnailUrl":"https:\/\/www.iskreni.net\/trgovina\/wp-content\/uploads\/2025\/03\/ves-dan-vso-noc.png","datePublished":"2025-03-12T10:02:10+00:00","dateModified":"2025-07-31T09:08:14+00:00","description":"Molitve, ki te bodo povezale z Bogom \u2013 \u0161tiriindvajset ur na dan, sedem dni na teden.Kaj te veseli, kaj te obremenjuje \u2013 in kako lahko to pove\u0161 Bogu?","breadcrumb":{"@id":"https:\/\/www.iskreni.net\/trgovina\/product\/ves-dan-vso-noc\/#breadcrumb"},"inLanguage":"sl-SI","potentialAction":[{"@type":"ReadAction","target":["https:\/\/www.iskreni.net\/trgovina\/product\/ves-dan-vso-noc\/"]}]},{"@type":"ImageObject","inLanguage":"sl-SI","@id":"https:\/\/www.iskreni.net\/trgovina\/product\/ves-dan-vso-noc\/#primaryimage","url":"https:\/\/www.iskreni.net\/trgovina\/wp-content\/uploads\/2025\/03\/ves-dan-vso-noc.png","contentUrl":"https:\/\/www.iskreni.net\/trgovina\/wp-content\/uploads\/2025\/03\/ves-dan-vso-noc.png","width":940,"height":940,"caption":"Ves dan, vso no\u010d"},{"@type":"BreadcrumbList","@id":"https:\/\/www.iskreni.net\/trgovina\/product\/ves-dan-vso-noc\/#breadcrumb","itemListElement":[{"@type":"ListItem","position":1,"name":"Home","item":"https:\/\/www.iskreni.net\/trgovina\/"},{"@type":"ListItem","position":2,"name":"Trgovina","item":"https:\/\/www.iskreni.net\/trgovina\/trgovina\/"},{"@type":"ListItem","position":3,"name":"Ves dan, vso no\u010d"}]},{"@type":"WebSite","@id":"https:\/\/www.iskreni.net\/trgovina\/#website","url":"https:\/\/www.iskreni.net\/trgovina\/","name":"Zavod Iskreni","description":"trgovina","potentialAction":[{"@type":"SearchAction","target":{"@type":"EntryPoint","urlTemplate":"https:\/\/www.iskreni.net\/trgovina\/?s={search_term_string}"},"query-input":{"@type":"PropertyValueSpecification","valueRequired":true,"valueName":"search_term_string"}}],"inLanguage":"sl-SI"}]}},"_links":{"self":[{"href":"https:\/\/www.iskreni.net\/trgovina\/wp-json\/wp\/v2\/product\/85427","targetHints":{"allow":["GET"]}}],"collection":[{"href":"https:\/\/www.iskreni.net\/trgovina\/wp-json\/wp\/v2\/product"}],"about":[{"href":"https:\/\/www.iskreni.net\/trgovina\/wp-json\/wp\/v2\/types\/product"}],"replies":[{"embeddable":true,"href":"https:\/\/www.iskreni.net\/trgovina\/wp-json\/wp\/v2\/comments?post=85427"}],"version-history":[{"count":8,"href":"https:\/\/www.iskreni.net\/trgovina\/wp-json\/wp\/v2\/product\/85427\/revisions"}],"predecessor-version":[{"id":85433,"href":"https:\/\/www.iskreni.net\/trgovina\/wp-json\/wp\/v2\/product\/85427\/revisions\/85433"}],"wp:featuredmedia":[{"embeddable":true,"href":"https:\/\/www.iskreni.net\/trgovina\/wp-json\/wp\/v2\/media\/85428"}],"wp:attachment":[{"href":"https:\/\/www.iskreni.net\/trgovina\/wp-json\/wp\/v2\/media?parent=85427"}],"wp:term":[{"taxonomy":"product_brand","embeddable":true,"href":"https:\/\/www.iskreni.net\/trgovina\/wp-json\/wp\/v2\/product_brand?post=85427"},{"taxonomy":"product_cat","embeddable":true,"href":"https:\/\/www.iskreni.net\/trgovina\/wp-json\/wp\/v2\/product_cat?post=85427"},{"taxonomy":"product_tag","embeddable":true,"href":"https:\/\/www.iskreni.net\/trgovina\/wp-json\/wp\/v2\/product_tag?post=85427"},{"taxonomy":"avtor","embeddable":true,"href":"https:\/\/www.iskreni.net\/trgovina\/wp-json\/wp\/v2\/avtor?post=85427"},{"taxonomy":"zalozba","embeddable":true,"href":"https:\/\/www.iskreni.net\/trgovina\/wp-json\/wp\/v2\/zalozba?post=85427"},{"taxonomy":"vezava","embeddable":true,"href":"https:\/\/www.iskreni.net\/trgovina\/wp-json\/wp\/v2\/vezava?post=85427"}],"curies":[{"name":"wp","href":"https:\/\/api.w.org\/{rel}","templated":true}]}}