{"id":84741,"date":"2025-02-20T09:01:48","date_gmt":"2025-02-20T08:01:48","guid":{"rendered":"https:\/\/www.iskreni.net\/trgovina\/?post_type=product&#038;p=84741"},"modified":"2026-02-20T12:26:14","modified_gmt":"2026-02-20T11:26:14","slug":"cudodelna-svetinja","status":"publish","type":"product","link":"https:\/\/www.iskreni.net\/trgovina\/product\/cudodelna-svetinja\/","title":{"rendered":"\u010cudodelna svetinja"},"content":{"rendered":"<p data-start=\"0\" data-end=\"570\"><em><strong data-start=\"42\" data-end=\"77\">\u010cudodelna svetinja: Obesek mo\u010di<\/strong><\/em>\u00a0je knjiga, ki razkriva izjemno mo\u010d enega najmogo\u010dnej\u0161ih zakramentalov v Katoli\u0161ki cerkvi.\u00a0<strong data-start=\"168\" data-end=\"189\">Christine Watkins<\/strong>\u00a0v svojem delu raziskuje, kako je svetinja, ki je nastala po razodetju\u00a0<strong data-start=\"260\" data-end=\"284\">sv. Katarine Labour\u00e9<\/strong>\u00a0leta 1830, postala simbol\u00a0<strong data-start=\"311\" data-end=\"366\">Bo\u017eje za\u0161\u010dite, ozdravljenj in duhovnih spreobrnjenj<\/strong>. Knjiga se poglobi v zgodovino svetinje in njen vpliv na ljudi skozi razli\u010dna obdobja, pri tem pa razkriva\u00a0<strong data-start=\"474\" data-end=\"508\">pri\u010devanja o resni\u010dnih \u010dude\u017eih<\/strong>, ki so se dogajali vernikom, duhovnikom in celo nevernikom.<\/p>\n<hr \/>\n<p data-start=\"572\" data-end=\"1254\">\u00bb<em>\u010cudodelna svetinja je zakramental, ki je spe\u010di velikan v Katoli\u0161ki cerkvi, in \u010daka, da ga ponovno odkrijemo. Kjer se v srcih zanetita vera in zaupanje, se \u010dude\u017ei \u0161irijo kot po\u017ear, nadnaravno pa postane nekaj povsem pri\u010dakovanega<\/em>,\u00ab pi\u0161e Christine Watkins, ki skozi resni\u010dne zgodbe razkriva, kako je svetinja\u00a0<strong data-start=\"884\" data-end=\"1024\">spremenila \u017eivljenja ljudi, ozdravila neozdravljive bolnike, re\u0161ila posameznike pred smrtjo in privedla celo najzvestej\u0161e ateiste k veri<\/strong>. Osupljivi dogodki, kot je spreobrnjenje\u00a0<strong data-start=\"1066\" data-end=\"1129\">Alphonsea Ratisbonna, protikatoli\u0161kega judovskega agnostika<\/strong>, ali pri\u010devanje nekdanjega satanisti\u010dnega \u010darovnika, dokazujejo, da je svetinja \u0161e danes izjemno mo\u010dan duhovni simbol.<\/p>\n<hr \/>\n<p data-start=\"1256\" data-end=\"1695\"><strong data-start=\"1256\" data-end=\"1277\">Christine Watkins<\/strong>\u00a0je priznana katoli\u0161ka avtorica in govornica, ki je napisala ve\u010d knjig o veri, spreobrnitvah in delovanju Bo\u017eje milosti. Njena dela temeljijo na poglobljenih raziskavah in pri\u010devanjih, s katerimi pomaga bralcem razumeti mo\u010d zakramentalov ter kako jih lahko uporabljajo v vsakdanjem \u017eivljenju.<strong>\u00a0<\/strong><em>\u010cudodelna svetinja: Obesek mo\u010di<\/em>\u00a0je knjiga, ki odpira vrata duhovni prenovi in prina\u0161a upanje v svet, ki duhovno strada.<\/p>\n","protected":false},"excerpt":{"rendered":"<div><b>Strani<\/b>: 430<\/div>\n<div><b>Format<\/b>: 165 x 235 mm<br \/>\n<b>Leto izdaje<\/b>: 2025<\/div>\n","protected":false},"featured_media":84745,"comment_status":"open","ping_status":"closed","template":"","meta":[],"product_brand":[],"product_cat":[2324,63],"product_tag":[2950,2949,1711],"avtor":[2719],"zalozba":[2780],"vezava":[2307],"class_list":{"0":"post-84741","1":"product","2":"type-product","3":"status-publish","4":"has-post-thumbnail","6":"product_cat-duhovnost-in-osebna-rast","7":"product_cat-knjige","8":"product_tag-cudezi","9":"product_tag-krscanska-duhovnost","10":"product_tag-krscanstvo","11":"avtor-christine-watkins","12":"zalozba-primus","13":"vezava-mehka","15":"first","16":"instock","17":"taxable","18":"shipping-taxable","19":"purchasable","20":"product-type-simple"},"yoast_head":"<!-- This site is optimized with the Yoast SEO plugin v26.3 - https:\/\/yoast.com\/wordpress\/plugins\/seo\/ -->\n<title>\u010cudodelna svetinja - Zavod Iskreni<\/title>\n<meta name=\"description\" content=\"\u010cudodelna svetinja: Obesek mo\u010di\u00a0je knjiga, ki razkriva izjemno mo\u010d enega najmogo\u010dnej\u0161ih zakramentalov v Katoli\u0161ki cerkvi.\u00a0\" \/>\n<meta name=\"robots\" content=\"index, follow, max-snippet:-1, max-image-preview:large, max-video-preview:-1\" \/>\n<link rel=\"canonical\" href=\"https:\/\/www.iskreni.net\/trgovina\/product\/cudodelna-svetinja\/\" \/>\n<meta property=\"og:locale\" content=\"sl_SI\" \/>\n<meta property=\"og:type\" content=\"article\" \/>\n<meta property=\"og:title\" content=\"\u010cudodelna svetinja - Zavod Iskreni\" \/>\n<meta property=\"og:description\" content=\"\u010cudodelna svetinja: Obesek mo\u010di\u00a0je knjiga, ki razkriva izjemno mo\u010d enega najmogo\u010dnej\u0161ih zakramentalov v Katoli\u0161ki cerkvi.\u00a0\" \/>\n<meta property=\"og:url\" content=\"https:\/\/www.iskreni.net\/trgovina\/product\/cudodelna-svetinja\/\" \/>\n<meta property=\"og:site_name\" content=\"Zavod Iskreni\" \/>\n<meta property=\"article:modified_time\" content=\"2026-02-20T11:26:14+00:00\" \/>\n<meta property=\"og:image\" content=\"https:\/\/www.iskreni.net\/trgovina\/wp-content\/uploads\/2025\/02\/Cudodelna-svetinja-1.png\" \/>\n\t<meta property=\"og:image:width\" content=\"507\" \/>\n\t<meta property=\"og:image:height\" content=\"507\" \/>\n\t<meta property=\"og:image:type\" content=\"image\/png\" \/>\n<meta name=\"twitter:card\" content=\"summary_large_image\" \/>\n<meta name=\"twitter:label1\" content=\"Est. reading time\" \/>\n\t<meta name=\"twitter:data1\" content=\"2 minuti\" \/>\n<script type=\"application\/ld+json\" class=\"yoast-schema-graph\">{\"@context\":\"https:\/\/schema.org\",\"@graph\":[{\"@type\":\"WebPage\",\"@id\":\"https:\/\/www.iskreni.net\/trgovina\/product\/cudodelna-svetinja\/\",\"url\":\"https:\/\/www.iskreni.net\/trgovina\/product\/cudodelna-svetinja\/\",\"name\":\"\u010cudodelna svetinja - Zavod Iskreni\",\"isPartOf\":{\"@id\":\"https:\/\/www.iskreni.net\/trgovina\/#website\"},\"primaryImageOfPage\":{\"@id\":\"https:\/\/www.iskreni.net\/trgovina\/product\/cudodelna-svetinja\/#primaryimage\"},\"image\":{\"@id\":\"https:\/\/www.iskreni.net\/trgovina\/product\/cudodelna-svetinja\/#primaryimage\"},\"thumbnailUrl\":\"https:\/\/www.iskreni.net\/trgovina\/wp-content\/uploads\/2025\/02\/Cudodelna-svetinja-1.png\",\"datePublished\":\"2025-02-20T08:01:48+00:00\",\"dateModified\":\"2026-02-20T11:26:14+00:00\",\"description\":\"\u010cudodelna svetinja: Obesek mo\u010di\u00a0je knjiga, ki razkriva izjemno mo\u010d enega najmogo\u010dnej\u0161ih zakramentalov v Katoli\u0161ki cerkvi.\u00a0\",\"breadcrumb\":{\"@id\":\"https:\/\/www.iskreni.net\/trgovina\/product\/cudodelna-svetinja\/#breadcrumb\"},\"inLanguage\":\"sl-SI\",\"potentialAction\":[{\"@type\":\"ReadAction\",\"target\":[\"https:\/\/www.iskreni.net\/trgovina\/product\/cudodelna-svetinja\/\"]}]},{\"@type\":\"ImageObject\",\"inLanguage\":\"sl-SI\",\"@id\":\"https:\/\/www.iskreni.net\/trgovina\/product\/cudodelna-svetinja\/#primaryimage\",\"url\":\"https:\/\/www.iskreni.net\/trgovina\/wp-content\/uploads\/2025\/02\/Cudodelna-svetinja-1.png\",\"contentUrl\":\"https:\/\/www.iskreni.net\/trgovina\/wp-content\/uploads\/2025\/02\/Cudodelna-svetinja-1.png\",\"width\":507,\"height\":507,\"caption\":\"\u010cudodelna svetinja\"},{\"@type\":\"BreadcrumbList\",\"@id\":\"https:\/\/www.iskreni.net\/trgovina\/product\/cudodelna-svetinja\/#breadcrumb\",\"itemListElement\":[{\"@type\":\"ListItem\",\"position\":1,\"name\":\"Home\",\"item\":\"https:\/\/www.iskreni.net\/trgovina\/\"},{\"@type\":\"ListItem\",\"position\":2,\"name\":\"Trgovina\",\"item\":\"https:\/\/www.iskreni.net\/trgovina\/trgovina\/\"},{\"@type\":\"ListItem\",\"position\":3,\"name\":\"\u010cudodelna svetinja\"}]},{\"@type\":\"WebSite\",\"@id\":\"https:\/\/www.iskreni.net\/trgovina\/#website\",\"url\":\"https:\/\/www.iskreni.net\/trgovina\/\",\"name\":\"Zavod Iskreni\",\"description\":\"trgovina\",\"potentialAction\":[{\"@type\":\"SearchAction\",\"target\":{\"@type\":\"EntryPoint\",\"urlTemplate\":\"https:\/\/www.iskreni.net\/trgovina\/?s={search_term_string}\"},\"query-input\":{\"@type\":\"PropertyValueSpecification\",\"valueRequired\":true,\"valueName\":\"search_term_string\"}}],\"inLanguage\":\"sl-SI\"}]}<\/script>\n<!-- \/ Yoast SEO plugin. -->","yoast_head_json":{"title":"\u010cudodelna svetinja - Zavod Iskreni","description":"\u010cudodelna svetinja: Obesek mo\u010di\u00a0je knjiga, ki razkriva izjemno mo\u010d enega najmogo\u010dnej\u0161ih zakramentalov v Katoli\u0161ki cerkvi.\u00a0","robots":{"index":"index","follow":"follow","max-snippet":"max-snippet:-1","max-image-preview":"max-image-preview:large","max-video-preview":"max-video-preview:-1"},"canonical":"https:\/\/www.iskreni.net\/trgovina\/product\/cudodelna-svetinja\/","og_locale":"sl_SI","og_type":"article","og_title":"\u010cudodelna svetinja - Zavod Iskreni","og_description":"\u010cudodelna svetinja: Obesek mo\u010di\u00a0je knjiga, ki razkriva izjemno mo\u010d enega najmogo\u010dnej\u0161ih zakramentalov v Katoli\u0161ki cerkvi.\u00a0","og_url":"https:\/\/www.iskreni.net\/trgovina\/product\/cudodelna-svetinja\/","og_site_name":"Zavod Iskreni","article_modified_time":"2026-02-20T11:26:14+00:00","og_image":[{"width":507,"height":507,"url":"https:\/\/www.iskreni.net\/trgovina\/wp-content\/uploads\/2025\/02\/Cudodelna-svetinja-1.png","type":"image\/png"}],"twitter_card":"summary_large_image","twitter_misc":{"Est. reading time":"2 minuti"},"schema":{"@context":"https:\/\/schema.org","@graph":[{"@type":"WebPage","@id":"https:\/\/www.iskreni.net\/trgovina\/product\/cudodelna-svetinja\/","url":"https:\/\/www.iskreni.net\/trgovina\/product\/cudodelna-svetinja\/","name":"\u010cudodelna svetinja - Zavod Iskreni","isPartOf":{"@id":"https:\/\/www.iskreni.net\/trgovina\/#website"},"primaryImageOfPage":{"@id":"https:\/\/www.iskreni.net\/trgovina\/product\/cudodelna-svetinja\/#primaryimage"},"image":{"@id":"https:\/\/www.iskreni.net\/trgovina\/product\/cudodelna-svetinja\/#primaryimage"},"thumbnailUrl":"https:\/\/www.iskreni.net\/trgovina\/wp-content\/uploads\/2025\/02\/Cudodelna-svetinja-1.png","datePublished":"2025-02-20T08:01:48+00:00","dateModified":"2026-02-20T11:26:14+00:00","description":"\u010cudodelna svetinja: Obesek mo\u010di\u00a0je knjiga, ki razkriva izjemno mo\u010d enega najmogo\u010dnej\u0161ih zakramentalov v Katoli\u0161ki cerkvi.\u00a0","breadcrumb":{"@id":"https:\/\/www.iskreni.net\/trgovina\/product\/cudodelna-svetinja\/#breadcrumb"},"inLanguage":"sl-SI","potentialAction":[{"@type":"ReadAction","target":["https:\/\/www.iskreni.net\/trgovina\/product\/cudodelna-svetinja\/"]}]},{"@type":"ImageObject","inLanguage":"sl-SI","@id":"https:\/\/www.iskreni.net\/trgovina\/product\/cudodelna-svetinja\/#primaryimage","url":"https:\/\/www.iskreni.net\/trgovina\/wp-content\/uploads\/2025\/02\/Cudodelna-svetinja-1.png","contentUrl":"https:\/\/www.iskreni.net\/trgovina\/wp-content\/uploads\/2025\/02\/Cudodelna-svetinja-1.png","width":507,"height":507,"caption":"\u010cudodelna svetinja"},{"@type":"BreadcrumbList","@id":"https:\/\/www.iskreni.net\/trgovina\/product\/cudodelna-svetinja\/#breadcrumb","itemListElement":[{"@type":"ListItem","position":1,"name":"Home","item":"https:\/\/www.iskreni.net\/trgovina\/"},{"@type":"ListItem","position":2,"name":"Trgovina","item":"https:\/\/www.iskreni.net\/trgovina\/trgovina\/"},{"@type":"ListItem","position":3,"name":"\u010cudodelna svetinja"}]},{"@type":"WebSite","@id":"https:\/\/www.iskreni.net\/trgovina\/#website","url":"https:\/\/www.iskreni.net\/trgovina\/","name":"Zavod Iskreni","description":"trgovina","potentialAction":[{"@type":"SearchAction","target":{"@type":"EntryPoint","urlTemplate":"https:\/\/www.iskreni.net\/trgovina\/?s={search_term_string}"},"query-input":{"@type":"PropertyValueSpecification","valueRequired":true,"valueName":"search_term_string"}}],"inLanguage":"sl-SI"}]}},"_links":{"self":[{"href":"https:\/\/www.iskreni.net\/trgovina\/wp-json\/wp\/v2\/product\/84741","targetHints":{"allow":["GET"]}}],"collection":[{"href":"https:\/\/www.iskreni.net\/trgovina\/wp-json\/wp\/v2\/product"}],"about":[{"href":"https:\/\/www.iskreni.net\/trgovina\/wp-json\/wp\/v2\/types\/product"}],"replies":[{"embeddable":true,"href":"https:\/\/www.iskreni.net\/trgovina\/wp-json\/wp\/v2\/comments?post=84741"}],"version-history":[{"count":2,"href":"https:\/\/www.iskreni.net\/trgovina\/wp-json\/wp\/v2\/product\/84741\/revisions"}],"predecessor-version":[{"id":84774,"href":"https:\/\/www.iskreni.net\/trgovina\/wp-json\/wp\/v2\/product\/84741\/revisions\/84774"}],"wp:featuredmedia":[{"embeddable":true,"href":"https:\/\/www.iskreni.net\/trgovina\/wp-json\/wp\/v2\/media\/84745"}],"wp:attachment":[{"href":"https:\/\/www.iskreni.net\/trgovina\/wp-json\/wp\/v2\/media?parent=84741"}],"wp:term":[{"taxonomy":"product_brand","embeddable":true,"href":"https:\/\/www.iskreni.net\/trgovina\/wp-json\/wp\/v2\/product_brand?post=84741"},{"taxonomy":"product_cat","embeddable":true,"href":"https:\/\/www.iskreni.net\/trgovina\/wp-json\/wp\/v2\/product_cat?post=84741"},{"taxonomy":"product_tag","embeddable":true,"href":"https:\/\/www.iskreni.net\/trgovina\/wp-json\/wp\/v2\/product_tag?post=84741"},{"taxonomy":"avtor","embeddable":true,"href":"https:\/\/www.iskreni.net\/trgovina\/wp-json\/wp\/v2\/avtor?post=84741"},{"taxonomy":"zalozba","embeddable":true,"href":"https:\/\/www.iskreni.net\/trgovina\/wp-json\/wp\/v2\/zalozba?post=84741"},{"taxonomy":"vezava","embeddable":true,"href":"https:\/\/www.iskreni.net\/trgovina\/wp-json\/wp\/v2\/vezava?post=84741"}],"curies":[{"name":"wp","href":"https:\/\/api.w.org\/{rel}","templated":true}]}}